{"id":341420,"date":"2019-11-25T10:36:55","date_gmt":"2019-11-25T10:36:55","guid":{"rendered":"https:\/\/srokacompany.com\/produit\/aufblasbares-paddel-ocean-walker-104\/"},"modified":"2025-10-31T19:14:40","modified_gmt":"2025-10-31T17:14:40","slug":"aufblasbares-paddel-ocean-walker-104","status":"publish","type":"product","link":"https:\/\/old.srokacompany.com\/de\/produkt\/aufblasbares-paddel-ocean-walker-104\/","title":{"rendered":"Aufblasbares Paddel Ocean Walker 10&#8217;4"},"content":{"rendered":"<hr>\n<div class=\"woocommerce-product-details__short-description\">\n<div class=\"page\" title=\"Seite 2\">\n<div class=\"layoutArea\">\n<div class=\"column\">\n<div class=\"page\" title=\"Seite 2\">\n<div class=\"layoutArea\">\n<h2 class=\"p1\"><b>SROKA Ocean Walker: Ihr aufblasbares Paddle zum Minipreis!<\/b><\/h2>\n<p class=\"p3\"><b>Sie tr\u00e4umen davon, die Freuden des Stand Up Paddling zu entdecken, ohne sich zu ruinieren?<\/b>  Der SROKA Ocean Walker ist dein perfekter Verb\u00fcndeter! Dieser <a href=\"https:\/\/srokacompany.com\/de\/eshop\/aufblasbare-paddel\/\"><span class=\"s1\">aufblasbarer Stand Up Paddle<\/span><\/a> vereint Leistung mit einem erschwinglichen Preis, um Ihnen ein unvergessliches Erlebnis auf dem Wasser zu bieten. <\/p>\n<p class=\"p4\">Mit den Ma\u00dfen 10&#8217;4 lang und 32&#8242; breit vereint es Gleitgef\u00fchl und Stabilit\u00e4t. Die abgerundete Nase und das eckige Heck verzeihen leicht alle Fehler bei der Balance. Um eine gute Qualit\u00e4t und eine zufriedenstellende Steifigkeit zu gew\u00e4hrleisten,  <span class=\"Apple-converted-space\">  <\/span>Wir verwenden 100% hochwertige PVC- und Dropstitch-Materialien. Diese Materialien sind in der Industrie f\u00fcr die leistungsf\u00e4higsten professionellen Festrumpfboote auf dem Markt anerkannt und werden Sie langfristig begleiten (<a href=\"https:\/\/srokacompany.com\/de\/blog\/unsere-prioritaet-die-qualitaet-und-langlebigkeit-unserer-produkte\/\"><span class=\"s2\">Sroka-Qualit\u00e4tscharta<\/span><\/a>). <\/p>\n<p class=\"p5\"><a href=\"https:\/\/srokacompany.com\/de\/blog\/wie-fange-ich-mit-stand-up-paddle-an-und-mache-fortschritte-dabei\/\">Alle unsere Tipps f\u00fcr einen guten Start auf SUP in diesem Artikel!<\/a><\/p>\n<h2 class=\"p6\">Warum sollten Sie sich f\u00fcr das g\u00fcnstige SROKA Ocean Walker Paddle entscheiden?<\/h2>\n<ul class=\"ul1\">\n<li class=\"li7\"><b>Unschlagbarer Preis:<\/b> Genie\u00dfen Sie ein leistungsstarkes Paddle, ohne Ihren Geldbeutel zu leeren.<\/li>\n<li class=\"li7\"><b>Beruhigende Stabilit\u00e4t :<\/b> Perfekt f\u00fcr Anf\u00e4nger und alle, die ein beruhigendes Board suchen.<\/li>\n<li class=\"li7\"><b>Intuitives Handling:<\/b> Navigieren Sie selbst in unruhigem Wasser mit Zuversicht.<\/li>\n<li class=\"li7\"><b>Nachhaltige Konstruktion:<\/b> Hergestellt aus hochwertigen Materialien f\u00fcr jahrelangen Spielspa\u00df.<\/li>\n<li class=\"li7\"><b>Bemerkenswerte Vielseitigkeit:<\/b> Geeignet f\u00fcr Spazierg\u00e4nge, Wanderungen und leichtes Surfen.<\/li>\n<li class=\"li8\"><span class=\"s4\"><b>2 Jahre Garantie<\/b> auf Ihr Surfbrett SUP<\/span><\/li>\n<li class=\"li3\"><b>Alles inklusive:<\/b> Pumpe, Paddel, Leash und Tragetasche f\u00fcr ein schl\u00fcsselfertiges Erlebnis.<\/li>\n<\/ul>\n<p class=\"p9\">Es ist ein leichtes Allround-Board, das sich an alle Wasserfl\u00e4chen anpasst: Ozean, See oder auch Fluss. Die elastischen Netze an der Vorderseite erm\u00f6glichen es Ihnen, Ihre Sachen in einem wasserdichten Beutel (nicht im Paket enthalten) zu transportieren oder bei Ihren Ausfl\u00fcgen M\u00fcll aufzusammeln. <\/p>\n<h2 class=\"p6\">Technische Daten unseres g\u00fcnstigen Paddels<span class=\"Apple-converted-space\"> <\/span><\/h2>\n<ul class=\"ul1\">\n<li class=\"li7\"><b>L\u00e4nge:<\/b> 320 cm (10&#8217;6&#8243;) &#8211; Perfekt f\u00fcr Stabilit\u00e4t und Man\u00f6vrierf\u00e4higkeit<\/li>\n<li class=\"li7\"><b>Breite:<\/b> 81 cm (32&#8243;) &#8211; Bietet einen bequemen Sitz und gute Gleiteigenschaften<\/li>\n<li class=\"li7\"><b>Dicke:<\/b> 15 cm (6&#8243;) &#8211; Optimale Steifigkeit f\u00fcr sicheres Surfen<\/li>\n<li class=\"li7\"><b>Volumen:<\/b> 300 L &#8211; Tr\u00e4gt bis zu 120 kg, ideal f\u00fcr Solo- oder Duo-Ausfl\u00fcge<\/li>\n<li class=\"li7\"><b>Gewicht:<\/b> 9.5 kg (21 lbs) &#8211; Leicht und kompakt f\u00fcr den einfachen Transport<\/li>\n<li class=\"li7\"><b>Konstruktion:<\/b> Doppelte verst\u00e4rkte PVC-Schicht &#8211; Garantierte St\u00e4rke und Haltbarkeit<\/li>\n<li class=\"li7\">Querruder<b>:<\/b> 2 abnehmbare Querruder US Fin &#8211; Stabilit\u00e4t und Richtung einstellbar<\/li>\n<li class=\"li3\"><b>Luftdruck:<\/b> 15 psi &#8211; Schnelles und einfaches Aufpumpen<\/li>\n<\/ul>\n<p class=\"p9\">Der aufblasbare Ocean Walker 10&#8217;4 Stand Up Paddle ist ideal, um <a href=\"https:\/\/srokacompany.com\/de\/blog\/unsere-tipps-zum-stand-up-paddling-lernen\/\"><span class=\"s2\">einfach das Stand Up Paddling zu erlernen<\/span><\/a> ! Er wird als Komplettpaket verkauft, das alles enth\u00e4lt, was Sie brauchen, um sofort mit dem Stand Up Paddling zu \u00fcben.<\/p>\n<h2 class=\"p6\">Zubeh\u00f6r, das im Lieferumfang des Ocean Walker Paddle enthalten ist<span class=\"Apple-converted-space\"> <\/span><\/h2>\n<ul class=\"ul1\">\n<li class=\"li7\"><b>Hochdruckpumpe:<\/b> Schnelles und m\u00fcheloses Aufpumpen<\/li>\n<li class=\"li7\"><b>3-teiliges Aluminiumpaddel:<\/b> Leicht und anpassbar f\u00fcr alle Gr\u00f6\u00dfen<\/li>\n<li class=\"li7\"><b>Kn\u00f6chel-Leash: Die<\/b> wichtigste Sicherheit, damit du dein Board nie verlierst<\/li>\n<li class=\"li3\"><b>Tragetasche:<\/b> Praktische Aufbewahrung und optimaler Schutz<\/li>\n<\/ul>\n<p class=\"p9\">F\u00fcr mehr Auswahl entdecken Sie unsere Sortimente. <a href=\"https:\/\/srokacompany.com\/de\/produkt\/aufblasbares-paddel-malibu-fusion\/\"><span class=\"s2\">Malibu<\/span><\/a> und <a href=\"https:\/\/srokacompany.com\/de\/produkt\/aufblasbares-paddel-easy\/\"><span class=\"s2\">Easy<\/span><\/a>.<\/p>\n<p class=\"p3\"><b>Der SROKA Ocean Walker ist das ideale aufblasbare Paddel f\u00fcr alle, die ein Wasserabenteuer zum Minipreis suchen.<\/b>  Egal, welches Niveau Sie haben, mit diesem Paddle k\u00f6nnen Sie die Freuden des Stand Up Paddling voll auskosten, ohne sich Sorgen um Ihr Budget machen zu m\u00fcssen.<\/p>\n<p class=\"p3\"><b>G\u00f6nnen Sie sich unvergessliche Momente auf dem Wasser mit dem SROKA Ocean Walker! Bestellen Sie noch heute und genie\u00dfen Sie ein Stand Up Paddle-Erlebnis zu einem unschlagbaren Preis! <\/b><\/p>\n<\/div>\n<\/div>\n<\/div>\n<\/div>\n<\/div>\n<\/div>\n","protected":false},"excerpt":{"rendered":"<p>Komplettpaket Ocean Walker. Bestes Preis-Leistungs-Verh\u00e4ltnis auf dem Markt! <\/p>\n","protected":false},"featured_media":341423,"template":"","meta":{"_acf_changed":false,"_uag_custom_page_level_css":""},"product_brand":[],"product_cat":[3620,3621],"product_tag":[3441,3442],"class_list":{"0":"post-341420","1":"product","2":"type-product","3":"status-publish","4":"has-post-thumbnail","6":"product_cat-aufblasbare-paddel","7":"product_cat-pack-aufblasbares-paddle","8":"product_tag-anfanger","9":"product_tag-schlau","10":"product_shipping_class-sup-einheit","12":"first","13":"instock","14":"sale","15":"taxable","16":"shipping-taxable","17":"purchasable","18":"product-type-variable"},"acf":[],"yoast_head":"<!-- This site is optimized with the Yoast SEO plugin v27.4 - https:\/\/yoast.com\/product\/yoast-seo-wordpress\/ -->\n<title>G\u00fcnstiges aufblasbares Paddel Ocean Walker - SROKA Company<\/title>\n<meta name=\"description\" content=\"Das aufblasbare Ocean Walker-Paddle ist ideal, um mit SUP zu beginnen und das Gleiten allein, mit der Familie oder mit Freunden zu genie\u00dfen. Entdecken Sie unser g\u00fcnstiges Paddle.\" \/>\n<meta name=\"robots\" content=\"index, follow, max-snippet:-1, max-image-preview:large, max-video-preview:-1\" \/>\n<link rel=\"canonical\" href=\"https:\/\/old.srokacompany.com\/de\/produkt\/aufblasbares-paddel-ocean-walker-104\/\" \/>\n<meta property=\"og:locale\" content=\"de_DE\" \/>\n<meta property=\"og:type\" content=\"article\" \/>\n<meta property=\"og:title\" content=\"G\u00fcnstiges aufblasbares Paddel Ocean Walker - SROKA Company\" \/>\n<meta property=\"og:description\" content=\"Das aufblasbare Ocean Walker-Paddle ist ideal, um mit SUP zu beginnen und das Gleiten allein, mit der Familie oder mit Freunden zu genie\u00dfen. Entdecken Sie unser g\u00fcnstiges Paddle.\" \/>\n<meta property=\"og:url\" content=\"https:\/\/old.srokacompany.com\/de\/produkt\/aufblasbares-paddel-ocean-walker-104\/\" \/>\n<meta property=\"og:site_name\" content=\"SROKA Company\" \/>\n<meta property=\"article:publisher\" content=\"https:\/\/www.facebook.com\/srokawatersports\/\" \/>\n<meta property=\"article:modified_time\" content=\"2025-10-31T17:14:40+00:00\" \/>\n<meta property=\"og:image\" content=\"https:\/\/srokacompany.com\/wp-content\/uploads\/2019\/11\/imageproduit-oceanwalker-1.png\" \/>\n\t<meta property=\"og:image:width\" content=\"780\" \/>\n\t<meta property=\"og:image:height\" content=\"1040\" \/>\n\t<meta property=\"og:image:type\" content=\"image\/png\" \/>\n<meta name=\"twitter:label1\" content=\"Gesch\u00e4tzte Lesezeit\" \/>\n\t<meta name=\"twitter:data1\" content=\"3\u00a0Minuten\" \/>\n<script type=\"application\/ld+json\" class=\"yoast-schema-graph\">{\"@context\":\"https:\\\/\\\/schema.org\",\"@graph\":[{\"@type\":\"WebPage\",\"@id\":\"https:\\\/\\\/old.srokacompany.com\\\/de\\\/produkt\\\/aufblasbares-paddel-ocean-walker-104\\\/\",\"url\":\"https:\\\/\\\/old.srokacompany.com\\\/de\\\/produkt\\\/aufblasbares-paddel-ocean-walker-104\\\/\",\"name\":\"G\u00fcnstiges aufblasbares Paddel Ocean Walker - SROKA Company\",\"isPartOf\":{\"@id\":\"https:\\\/\\\/srokacompany.com\\\/#website\"},\"primaryImageOfPage\":{\"@id\":\"https:\\\/\\\/old.srokacompany.com\\\/de\\\/produkt\\\/aufblasbares-paddel-ocean-walker-104\\\/#primaryimage\"},\"image\":{\"@id\":\"https:\\\/\\\/old.srokacompany.com\\\/de\\\/produkt\\\/aufblasbares-paddel-ocean-walker-104\\\/#primaryimage\"},\"thumbnailUrl\":\"https:\\\/\\\/old.srokacompany.com\\\/wp-content\\\/uploads\\\/2019\\\/11\\\/imageproduit-oceanwalker-1.png\",\"datePublished\":\"2019-11-25T10:36:55+00:00\",\"dateModified\":\"2025-10-31T17:14:40+00:00\",\"description\":\"Das aufblasbare Ocean Walker-Paddle ist ideal, um mit SUP zu beginnen und das Gleiten allein, mit der Familie oder mit Freunden zu genie\u00dfen. Entdecken Sie unser g\u00fcnstiges Paddle.\",\"breadcrumb\":{\"@id\":\"https:\\\/\\\/old.srokacompany.com\\\/de\\\/produkt\\\/aufblasbares-paddel-ocean-walker-104\\\/#breadcrumb\"},\"inLanguage\":\"de\",\"potentialAction\":[{\"@type\":\"ReadAction\",\"target\":[\"https:\\\/\\\/old.srokacompany.com\\\/de\\\/produkt\\\/aufblasbares-paddel-ocean-walker-104\\\/\"]}]},{\"@type\":\"ImageObject\",\"inLanguage\":\"de\",\"@id\":\"https:\\\/\\\/old.srokacompany.com\\\/de\\\/produkt\\\/aufblasbares-paddel-ocean-walker-104\\\/#primaryimage\",\"url\":\"https:\\\/\\\/old.srokacompany.com\\\/wp-content\\\/uploads\\\/2019\\\/11\\\/imageproduit-oceanwalker-1.png\",\"contentUrl\":\"https:\\\/\\\/old.srokacompany.com\\\/wp-content\\\/uploads\\\/2019\\\/11\\\/imageproduit-oceanwalker-1.png\",\"width\":780,\"height\":1040,\"caption\":\"aufblasbares paddle pack f\u00fcr anf\u00e4nger sroka\"},{\"@type\":\"BreadcrumbList\",\"@id\":\"https:\\\/\\\/old.srokacompany.com\\\/de\\\/produkt\\\/aufblasbares-paddel-ocean-walker-104\\\/#breadcrumb\",\"itemListElement\":[{\"@type\":\"ListItem\",\"position\":1,\"name\":\"Accueil\",\"item\":\"https:\\\/\\\/srokacompany.com\\\/de\\\/\"},{\"@type\":\"ListItem\",\"position\":2,\"name\":\"Laden\",\"item\":\"https:\\\/\\\/srokacompany.com\\\/laden\\\/\"},{\"@type\":\"ListItem\",\"position\":3,\"name\":\"Aufblasbares Paddel Ocean Walker 10&rsquo;4\"}]},{\"@type\":\"WebSite\",\"@id\":\"https:\\\/\\\/srokacompany.com\\\/#website\",\"url\":\"https:\\\/\\\/srokacompany.com\\\/\",\"name\":\"SROKA Company\",\"description\":\"SUP, Kite, Foil, Wing\",\"publisher\":{\"@id\":\"https:\\\/\\\/srokacompany.com\\\/#organization\"},\"potentialAction\":[{\"@type\":\"SearchAction\",\"target\":{\"@type\":\"EntryPoint\",\"urlTemplate\":\"https:\\\/\\\/srokacompany.com\\\/?s={search_term_string}\"},\"query-input\":{\"@type\":\"PropertyValueSpecification\",\"valueRequired\":true,\"valueName\":\"search_term_string\"}}],\"inLanguage\":\"de\"},{\"@type\":\"Organization\",\"@id\":\"https:\\\/\\\/srokacompany.com\\\/#organization\",\"name\":\"SROKACOMPANY\",\"alternateName\":\"SROKA\",\"url\":\"https:\\\/\\\/srokacompany.com\\\/\",\"logo\":{\"@type\":\"ImageObject\",\"inLanguage\":\"de\",\"@id\":\"https:\\\/\\\/srokacompany.com\\\/#\\\/schema\\\/logo\\\/image\\\/\",\"url\":\"https:\\\/\\\/srokacompany.com\\\/wp-content\\\/uploads\\\/2021\\\/01\\\/logo-sroka-black-transpa.png\",\"contentUrl\":\"https:\\\/\\\/srokacompany.com\\\/wp-content\\\/uploads\\\/2021\\\/01\\\/logo-sroka-black-transpa.png\",\"width\":1201,\"height\":342,\"caption\":\"SROKACOMPANY\"},\"image\":{\"@id\":\"https:\\\/\\\/srokacompany.com\\\/#\\\/schema\\\/logo\\\/image\\\/\"},\"sameAs\":[\"https:\\\/\\\/www.facebook.com\\\/srokawatersports\\\/\",\"https:\\\/\\\/www.instagram.com\\\/srokawatersports\\\/\",\"https:\\\/\\\/www.youtube.com\\\/channel\\\/UCVLHHeaPIm-J5bdEUgxqtZA\"]}]}<\/script>\n<!-- \/ Yoast SEO plugin. -->","yoast_head_json":{"title":"G\u00fcnstiges aufblasbares Paddel Ocean Walker - SROKA Company","description":"Das aufblasbare Ocean Walker-Paddle ist ideal, um mit SUP zu beginnen und das Gleiten allein, mit der Familie oder mit Freunden zu genie\u00dfen. Entdecken Sie unser g\u00fcnstiges Paddle.","robots":{"index":"index","follow":"follow","max-snippet":"max-snippet:-1","max-image-preview":"max-image-preview:large","max-video-preview":"max-video-preview:-1"},"canonical":"https:\/\/old.srokacompany.com\/de\/produkt\/aufblasbares-paddel-ocean-walker-104\/","og_locale":"de_DE","og_type":"article","og_title":"G\u00fcnstiges aufblasbares Paddel Ocean Walker - SROKA Company","og_description":"Das aufblasbare Ocean Walker-Paddle ist ideal, um mit SUP zu beginnen und das Gleiten allein, mit der Familie oder mit Freunden zu genie\u00dfen. Entdecken Sie unser g\u00fcnstiges Paddle.","og_url":"https:\/\/old.srokacompany.com\/de\/produkt\/aufblasbares-paddel-ocean-walker-104\/","og_site_name":"SROKA Company","article_publisher":"https:\/\/www.facebook.com\/srokawatersports\/","article_modified_time":"2025-10-31T17:14:40+00:00","og_image":[{"width":780,"height":1040,"url":"https:\/\/srokacompany.com\/wp-content\/uploads\/2019\/11\/imageproduit-oceanwalker-1.png","type":"image\/png"}],"twitter_misc":{"Gesch\u00e4tzte Lesezeit":"3\u00a0Minuten"},"schema":{"@context":"https:\/\/schema.org","@graph":[{"@type":"WebPage","@id":"https:\/\/old.srokacompany.com\/de\/produkt\/aufblasbares-paddel-ocean-walker-104\/","url":"https:\/\/old.srokacompany.com\/de\/produkt\/aufblasbares-paddel-ocean-walker-104\/","name":"G\u00fcnstiges aufblasbares Paddel Ocean Walker - SROKA Company","isPartOf":{"@id":"https:\/\/srokacompany.com\/#website"},"primaryImageOfPage":{"@id":"https:\/\/old.srokacompany.com\/de\/produkt\/aufblasbares-paddel-ocean-walker-104\/#primaryimage"},"image":{"@id":"https:\/\/old.srokacompany.com\/de\/produkt\/aufblasbares-paddel-ocean-walker-104\/#primaryimage"},"thumbnailUrl":"https:\/\/old.srokacompany.com\/wp-content\/uploads\/2019\/11\/imageproduit-oceanwalker-1.png","datePublished":"2019-11-25T10:36:55+00:00","dateModified":"2025-10-31T17:14:40+00:00","description":"Das aufblasbare Ocean Walker-Paddle ist ideal, um mit SUP zu beginnen und das Gleiten allein, mit der Familie oder mit Freunden zu genie\u00dfen. Entdecken Sie unser g\u00fcnstiges Paddle.","breadcrumb":{"@id":"https:\/\/old.srokacompany.com\/de\/produkt\/aufblasbares-paddel-ocean-walker-104\/#breadcrumb"},"inLanguage":"de","potentialAction":[{"@type":"ReadAction","target":["https:\/\/old.srokacompany.com\/de\/produkt\/aufblasbares-paddel-ocean-walker-104\/"]}]},{"@type":"ImageObject","inLanguage":"de","@id":"https:\/\/old.srokacompany.com\/de\/produkt\/aufblasbares-paddel-ocean-walker-104\/#primaryimage","url":"https:\/\/old.srokacompany.com\/wp-content\/uploads\/2019\/11\/imageproduit-oceanwalker-1.png","contentUrl":"https:\/\/old.srokacompany.com\/wp-content\/uploads\/2019\/11\/imageproduit-oceanwalker-1.png","width":780,"height":1040,"caption":"aufblasbares paddle pack f\u00fcr anf\u00e4nger sroka"},{"@type":"BreadcrumbList","@id":"https:\/\/old.srokacompany.com\/de\/produkt\/aufblasbares-paddel-ocean-walker-104\/#breadcrumb","itemListElement":[{"@type":"ListItem","position":1,"name":"Accueil","item":"https:\/\/srokacompany.com\/de\/"},{"@type":"ListItem","position":2,"name":"Laden","item":"https:\/\/srokacompany.com\/laden\/"},{"@type":"ListItem","position":3,"name":"Aufblasbares Paddel Ocean Walker 10&rsquo;4"}]},{"@type":"WebSite","@id":"https:\/\/srokacompany.com\/#website","url":"https:\/\/srokacompany.com\/","name":"SROKA Company","description":"SUP, Kite, Foil, Wing","publisher":{"@id":"https:\/\/srokacompany.com\/#organization"},"potentialAction":[{"@type":"SearchAction","target":{"@type":"EntryPoint","urlTemplate":"https:\/\/srokacompany.com\/?s={search_term_string}"},"query-input":{"@type":"PropertyValueSpecification","valueRequired":true,"valueName":"search_term_string"}}],"inLanguage":"de"},{"@type":"Organization","@id":"https:\/\/srokacompany.com\/#organization","name":"SROKACOMPANY","alternateName":"SROKA","url":"https:\/\/srokacompany.com\/","logo":{"@type":"ImageObject","inLanguage":"de","@id":"https:\/\/srokacompany.com\/#\/schema\/logo\/image\/","url":"https:\/\/srokacompany.com\/wp-content\/uploads\/2021\/01\/logo-sroka-black-transpa.png","contentUrl":"https:\/\/srokacompany.com\/wp-content\/uploads\/2021\/01\/logo-sroka-black-transpa.png","width":1201,"height":342,"caption":"SROKACOMPANY"},"image":{"@id":"https:\/\/srokacompany.com\/#\/schema\/logo\/image\/"},"sameAs":["https:\/\/www.facebook.com\/srokawatersports\/","https:\/\/www.instagram.com\/srokawatersports\/","https:\/\/www.youtube.com\/channel\/UCVLHHeaPIm-J5bdEUgxqtZA"]}]}},"uagb_featured_image_src":{"full":["https:\/\/old.srokacompany.com\/wp-content\/uploads\/2019\/11\/imageproduit-oceanwalker-1.png",780,1040,false],"thumbnail":["https:\/\/old.srokacompany.com\/wp-content\/uploads\/2019\/11\/imageproduit-oceanwalker-1-150x150.png",150,150,true],"medium":["https:\/\/old.srokacompany.com\/wp-content\/uploads\/2019\/11\/imageproduit-oceanwalker-1-225x300.png",225,300,true],"medium_large":["https:\/\/old.srokacompany.com\/wp-content\/uploads\/2019\/11\/imageproduit-oceanwalker-1-768x1024.png",768,1024,true],"large":["https:\/\/old.srokacompany.com\/wp-content\/uploads\/2019\/11\/imageproduit-oceanwalker-1-768x1024.png",768,1024,true],"1536x1536":["https:\/\/old.srokacompany.com\/wp-content\/uploads\/2019\/11\/imageproduit-oceanwalker-1.png",780,1040,false],"2048x2048":["https:\/\/old.srokacompany.com\/wp-content\/uploads\/2019\/11\/imageproduit-oceanwalker-1.png",780,1040,false],"woocommerce_thumbnail":["https:\/\/old.srokacompany.com\/wp-content\/uploads\/2019\/11\/imageproduit-oceanwalker-1-600x800.png",600,800,true],"woocommerce_single":["https:\/\/old.srokacompany.com\/wp-content\/uploads\/2019\/11\/imageproduit-oceanwalker-1-600x800.png",600,800,true],"woocommerce_gallery_thumbnail":["https:\/\/old.srokacompany.com\/wp-content\/uploads\/2019\/11\/imageproduit-oceanwalker-1-100x100.png",100,100,true],"dgwt-wcas-product-suggestion":["https:\/\/old.srokacompany.com\/wp-content\/uploads\/2019\/11\/imageproduit-oceanwalker-1.png",64,85,false]},"uagb_author_info":{"display_name":"","author_link":"https:\/\/old.srokacompany.com\/de\/blog\/author\/"},"uagb_comment_info":0,"uagb_excerpt":"Komplettpaket Ocean Walker. Bestes Preis-Leistungs-Verh\u00e4ltnis auf dem Markt!","jetpack_sharing_enabled":true,"_links":{"self":[{"href":"https:\/\/old.srokacompany.com\/de\/wp-json\/wp\/v2\/product\/341420","targetHints":{"allow":["GET"]}}],"collection":[{"href":"https:\/\/old.srokacompany.com\/de\/wp-json\/wp\/v2\/product"}],"about":[{"href":"https:\/\/old.srokacompany.com\/de\/wp-json\/wp\/v2\/types\/product"}],"wp:featuredmedia":[{"embeddable":true,"href":"https:\/\/old.srokacompany.com\/de\/wp-json\/wp\/v2\/media\/341423"}],"wp:attachment":[{"href":"https:\/\/old.srokacompany.com\/de\/wp-json\/wp\/v2\/media?parent=341420"}],"wp:term":[{"taxonomy":"product_brand","embeddable":true,"href":"https:\/\/old.srokacompany.com\/de\/wp-json\/wp\/v2\/product_brand?post=341420"},{"taxonomy":"product_cat","embeddable":true,"href":"https:\/\/old.srokacompany.com\/de\/wp-json\/wp\/v2\/product_cat?post=341420"},{"taxonomy":"product_tag","embeddable":true,"href":"https:\/\/old.srokacompany.com\/de\/wp-json\/wp\/v2\/product_tag?post=341420"}],"curies":[{"name":"wp","href":"https:\/\/api.w.org\/{rel}","templated":true}]}}