{"id":341522,"date":"2020-01-16T08:31:35","date_gmt":"2020-01-16T08:31:35","guid":{"rendered":"https:\/\/srokacompany.com\/produit\/stand-up-paddle-aufblasbar-10-easy\/"},"modified":"2025-11-03T12:07:00","modified_gmt":"2025-11-03T10:07:00","slug":"stand-up-paddle-aufblasbar-10-easy","status":"publish","type":"product","link":"https:\/\/old.srokacompany.com\/de\/produkt\/stand-up-paddle-aufblasbar-10-easy\/","title":{"rendered":"Stand up Paddle Aufblasbar 10&#8242; Easy"},"content":{"rendered":"<hr>\n<h2><strong>DAS LEICHTE GLEITEN, DAS SOFORTIGE VERGN\u00dcGEN :<\/strong><\/h2>\n<p>Wenn Sie mit einem startbereiten Komplettpaket in aller Ruhe in <a href=\"https:\/\/srokacompany.com\/de\/eshop\/aufblasbare-paddel\/\">den SUP<\/a> einsteigen wollen, wird das aufblasbare Stand up Paddle 10\u2032 Easy all Ihre Erwartungen erf\u00fcllen. Dieses Paket enth\u00e4lt das Board von SUP Easy 10\u2032, ein <a href=\"https:\/\/srokacompany.com\/de\/produkt\/stand-up-paddle-duo\/\">Aluminiumpaddel<\/a>, das in drei Teile zerlegt werden kann, um es einfach umzubauen, einen <a href=\"https:\/\/srokacompany.com\/de\/eshop\/aufblasbare-paddel\/\">leash<\/a> Kn\u00f6chelst\u00fctze, die Finne, eine Handpumpe und ein Reparaturset. Alles passt in die Tragetasche (im Paket enthalten). Um das SUP zu einem erschwinglichen Preis zu entdecken, ohne auf Qualit\u00e4t verzichten zu m\u00fcssen, ist die Easy-Reihe perfekt. Ihr Board l\u00e4sst sich einfach aufstellen wie auch transportieren. Ihr Board ist mit einer zweiten Schicht auf der Nose, den vorderen und hinteren Rails verst\u00e4rkt und aus dem besten PVC auf dem Markt gefertigt. Ein erschwinglicher Preis ist nicht gleichbedeutend mit geringerer Qualit\u00e4t.     <\/p>\n<p>Dieses Easy 10\u2032 Pack wurde f\u00fcr kleinere Gr\u00f6\u00dfen, Kinder und Jugendliche entwickelt. Der Shape ist derselbe wie bei seinem gro\u00dfen Bruder, dem Easy <a href=\"https:\/\/srokacompany.com\/de\/eshop\/aufblasbare-paddel\/\">10&#8217;6<\/a>. Sie sind perfekt f\u00fcr Yoga, Spazierg\u00e4nge und Spa\u00df mit der Familie.  <\/p>\n<p>Wenn Sie nicht wissen, wie Sie Ihr aufblasbares Surfbrett von SUP ausw\u00e4hlen sollen, lesen Sie <a href=\"https:\/\/srokacompany.com\/de\/blog\/wie-wahlen-sie-ihr-aufgeblasenes-stand-up-paddle-aus\/\">bitte unseren Artikel<\/a> zu diesem Thema!<\/p>\n","protected":false},"excerpt":{"rendered":"<p>Komplettpaket Aufblasbares SUP Easy 10&#8242; alles inklusive. Ideal f\u00fcr Anf\u00e4nger und bis 95 kg. <\/p>\n","protected":false},"featured_media":337531,"template":"","meta":{"_acf_changed":false,"_uag_custom_page_level_css":""},"product_brand":[],"product_cat":[3620,3621,3636],"product_tag":[3441,3442],"class_list":{"0":"post-341522","1":"product","2":"type-product","3":"status-publish","4":"has-post-thumbnail","6":"product_cat-aufblasbare-paddel","7":"product_cat-pack-aufblasbares-paddle","8":"product_cat-paddle-promo","9":"product_tag-anfanger","10":"product_tag-schlau","11":"product_shipping_class-kleinsendung","13":"first","14":"instock","15":"sale","16":"taxable","17":"shipping-taxable","18":"purchasable","19":"product-type-simple"},"acf":[],"yoast_head":"<!-- This site is optimized with the Yoast SEO plugin v27.4 - https:\/\/yoast.com\/product\/yoast-seo-wordpress\/ -->\n<title>Stand up Paddle Aufblasbar 10&#039; Easy - SROKA Company - SUP<\/title>\n<meta name=\"description\" content=\"Aufblasbarer Stand up Paddle 10&#039; x 32&quot; Easy: Das perfekte aufblasbare Paket SUP f\u00fcr den ersten Kauf zum bestm\u00f6glichen Preis-Leistungs-Verh\u00e4ltnis!\" \/>\n<meta name=\"robots\" content=\"index, follow, max-snippet:-1, max-image-preview:large, max-video-preview:-1\" \/>\n<link rel=\"canonical\" href=\"https:\/\/old.srokacompany.com\/de\/produkt\/stand-up-paddle-aufblasbar-10-easy\/\" \/>\n<meta property=\"og:locale\" content=\"de_DE\" \/>\n<meta property=\"og:type\" content=\"article\" \/>\n<meta property=\"og:title\" content=\"Stand up Paddle Aufblasbar 10&#039; Easy - SROKA Company - SUP\" \/>\n<meta property=\"og:description\" content=\"Aufblasbarer Stand up Paddle 10&#039; x 32&quot; Easy: Das perfekte aufblasbare Paket SUP f\u00fcr den ersten Kauf zum bestm\u00f6glichen Preis-Leistungs-Verh\u00e4ltnis!\" \/>\n<meta property=\"og:url\" content=\"https:\/\/old.srokacompany.com\/de\/produkt\/stand-up-paddle-aufblasbar-10-easy\/\" \/>\n<meta property=\"og:site_name\" content=\"SROKA Company\" \/>\n<meta property=\"article:publisher\" content=\"https:\/\/www.facebook.com\/srokawatersports\/\" \/>\n<meta property=\"article:modified_time\" content=\"2025-11-03T10:07:00+00:00\" \/>\n<meta property=\"og:image\" content=\"https:\/\/srokacompany.com\/wp-content\/uploads\/2020\/12\/Pack-Easy-10-2.jpg\" \/>\n\t<meta property=\"og:image:width\" content=\"780\" \/>\n\t<meta property=\"og:image:height\" content=\"1040\" \/>\n\t<meta property=\"og:image:type\" content=\"image\/jpeg\" \/>\n<meta name=\"twitter:label1\" content=\"Gesch\u00e4tzte Lesezeit\" \/>\n\t<meta name=\"twitter:data1\" content=\"1\u00a0Minute\" \/>\n<script type=\"application\/ld+json\" class=\"yoast-schema-graph\">{\"@context\":\"https:\\\/\\\/schema.org\",\"@graph\":[{\"@type\":\"WebPage\",\"@id\":\"https:\\\/\\\/old.srokacompany.com\\\/de\\\/produkt\\\/stand-up-paddle-aufblasbar-10-easy\\\/\",\"url\":\"https:\\\/\\\/old.srokacompany.com\\\/de\\\/produkt\\\/stand-up-paddle-aufblasbar-10-easy\\\/\",\"name\":\"Stand up Paddle Aufblasbar 10' Easy - SROKA Company - SUP\",\"isPartOf\":{\"@id\":\"https:\\\/\\\/srokacompany.com\\\/#website\"},\"primaryImageOfPage\":{\"@id\":\"https:\\\/\\\/old.srokacompany.com\\\/de\\\/produkt\\\/stand-up-paddle-aufblasbar-10-easy\\\/#primaryimage\"},\"image\":{\"@id\":\"https:\\\/\\\/old.srokacompany.com\\\/de\\\/produkt\\\/stand-up-paddle-aufblasbar-10-easy\\\/#primaryimage\"},\"thumbnailUrl\":\"https:\\\/\\\/old.srokacompany.com\\\/wp-content\\\/uploads\\\/2020\\\/12\\\/Pack-Easy-10-2.jpg\",\"datePublished\":\"2020-01-16T08:31:35+00:00\",\"dateModified\":\"2025-11-03T10:07:00+00:00\",\"description\":\"Aufblasbarer Stand up Paddle 10' x 32\\\" Easy: Das perfekte aufblasbare Paket SUP f\u00fcr den ersten Kauf zum bestm\u00f6glichen Preis-Leistungs-Verh\u00e4ltnis!\",\"breadcrumb\":{\"@id\":\"https:\\\/\\\/old.srokacompany.com\\\/de\\\/produkt\\\/stand-up-paddle-aufblasbar-10-easy\\\/#breadcrumb\"},\"inLanguage\":\"de\",\"potentialAction\":[{\"@type\":\"ReadAction\",\"target\":[\"https:\\\/\\\/old.srokacompany.com\\\/de\\\/produkt\\\/stand-up-paddle-aufblasbar-10-easy\\\/\"]}]},{\"@type\":\"ImageObject\",\"inLanguage\":\"de\",\"@id\":\"https:\\\/\\\/old.srokacompany.com\\\/de\\\/produkt\\\/stand-up-paddle-aufblasbar-10-easy\\\/#primaryimage\",\"url\":\"https:\\\/\\\/old.srokacompany.com\\\/wp-content\\\/uploads\\\/2020\\\/12\\\/Pack-Easy-10-2.jpg\",\"contentUrl\":\"https:\\\/\\\/old.srokacompany.com\\\/wp-content\\\/uploads\\\/2020\\\/12\\\/Pack-Easy-10-2.jpg\",\"width\":780,\"height\":1040,\"caption\":\"SUP aufblasbar Sroka Pack Complet Easy 10\"},{\"@type\":\"BreadcrumbList\",\"@id\":\"https:\\\/\\\/old.srokacompany.com\\\/de\\\/produkt\\\/stand-up-paddle-aufblasbar-10-easy\\\/#breadcrumb\",\"itemListElement\":[{\"@type\":\"ListItem\",\"position\":1,\"name\":\"Accueil\",\"item\":\"https:\\\/\\\/srokacompany.com\\\/de\\\/\"},{\"@type\":\"ListItem\",\"position\":2,\"name\":\"Laden\",\"item\":\"https:\\\/\\\/srokacompany.com\\\/laden\\\/\"},{\"@type\":\"ListItem\",\"position\":3,\"name\":\"Stand up Paddle Aufblasbar 10&prime; Easy\"}]},{\"@type\":\"WebSite\",\"@id\":\"https:\\\/\\\/srokacompany.com\\\/#website\",\"url\":\"https:\\\/\\\/srokacompany.com\\\/\",\"name\":\"SROKA Company\",\"description\":\"SUP, Kite, Foil, Wing\",\"publisher\":{\"@id\":\"https:\\\/\\\/srokacompany.com\\\/#organization\"},\"potentialAction\":[{\"@type\":\"SearchAction\",\"target\":{\"@type\":\"EntryPoint\",\"urlTemplate\":\"https:\\\/\\\/srokacompany.com\\\/?s={search_term_string}\"},\"query-input\":{\"@type\":\"PropertyValueSpecification\",\"valueRequired\":true,\"valueName\":\"search_term_string\"}}],\"inLanguage\":\"de\"},{\"@type\":\"Organization\",\"@id\":\"https:\\\/\\\/srokacompany.com\\\/#organization\",\"name\":\"SROKACOMPANY\",\"alternateName\":\"SROKA\",\"url\":\"https:\\\/\\\/srokacompany.com\\\/\",\"logo\":{\"@type\":\"ImageObject\",\"inLanguage\":\"de\",\"@id\":\"https:\\\/\\\/srokacompany.com\\\/#\\\/schema\\\/logo\\\/image\\\/\",\"url\":\"https:\\\/\\\/srokacompany.com\\\/wp-content\\\/uploads\\\/2021\\\/01\\\/logo-sroka-black-transpa.png\",\"contentUrl\":\"https:\\\/\\\/srokacompany.com\\\/wp-content\\\/uploads\\\/2021\\\/01\\\/logo-sroka-black-transpa.png\",\"width\":1201,\"height\":342,\"caption\":\"SROKACOMPANY\"},\"image\":{\"@id\":\"https:\\\/\\\/srokacompany.com\\\/#\\\/schema\\\/logo\\\/image\\\/\"},\"sameAs\":[\"https:\\\/\\\/www.facebook.com\\\/srokawatersports\\\/\",\"https:\\\/\\\/www.instagram.com\\\/srokawatersports\\\/\",\"https:\\\/\\\/www.youtube.com\\\/channel\\\/UCVLHHeaPIm-J5bdEUgxqtZA\"]}]}<\/script>\n<!-- \/ Yoast SEO plugin. -->","yoast_head_json":{"title":"Stand up Paddle Aufblasbar 10' Easy - SROKA Company - SUP","description":"Aufblasbarer Stand up Paddle 10' x 32\" Easy: Das perfekte aufblasbare Paket SUP f\u00fcr den ersten Kauf zum bestm\u00f6glichen Preis-Leistungs-Verh\u00e4ltnis!","robots":{"index":"index","follow":"follow","max-snippet":"max-snippet:-1","max-image-preview":"max-image-preview:large","max-video-preview":"max-video-preview:-1"},"canonical":"https:\/\/old.srokacompany.com\/de\/produkt\/stand-up-paddle-aufblasbar-10-easy\/","og_locale":"de_DE","og_type":"article","og_title":"Stand up Paddle Aufblasbar 10' Easy - SROKA Company - SUP","og_description":"Aufblasbarer Stand up Paddle 10' x 32\" Easy: Das perfekte aufblasbare Paket SUP f\u00fcr den ersten Kauf zum bestm\u00f6glichen Preis-Leistungs-Verh\u00e4ltnis!","og_url":"https:\/\/old.srokacompany.com\/de\/produkt\/stand-up-paddle-aufblasbar-10-easy\/","og_site_name":"SROKA Company","article_publisher":"https:\/\/www.facebook.com\/srokawatersports\/","article_modified_time":"2025-11-03T10:07:00+00:00","og_image":[{"width":780,"height":1040,"url":"https:\/\/srokacompany.com\/wp-content\/uploads\/2020\/12\/Pack-Easy-10-2.jpg","type":"image\/jpeg"}],"twitter_misc":{"Gesch\u00e4tzte Lesezeit":"1\u00a0Minute"},"schema":{"@context":"https:\/\/schema.org","@graph":[{"@type":"WebPage","@id":"https:\/\/old.srokacompany.com\/de\/produkt\/stand-up-paddle-aufblasbar-10-easy\/","url":"https:\/\/old.srokacompany.com\/de\/produkt\/stand-up-paddle-aufblasbar-10-easy\/","name":"Stand up Paddle Aufblasbar 10' Easy - SROKA Company - SUP","isPartOf":{"@id":"https:\/\/srokacompany.com\/#website"},"primaryImageOfPage":{"@id":"https:\/\/old.srokacompany.com\/de\/produkt\/stand-up-paddle-aufblasbar-10-easy\/#primaryimage"},"image":{"@id":"https:\/\/old.srokacompany.com\/de\/produkt\/stand-up-paddle-aufblasbar-10-easy\/#primaryimage"},"thumbnailUrl":"https:\/\/old.srokacompany.com\/wp-content\/uploads\/2020\/12\/Pack-Easy-10-2.jpg","datePublished":"2020-01-16T08:31:35+00:00","dateModified":"2025-11-03T10:07:00+00:00","description":"Aufblasbarer Stand up Paddle 10' x 32\" Easy: Das perfekte aufblasbare Paket SUP f\u00fcr den ersten Kauf zum bestm\u00f6glichen Preis-Leistungs-Verh\u00e4ltnis!","breadcrumb":{"@id":"https:\/\/old.srokacompany.com\/de\/produkt\/stand-up-paddle-aufblasbar-10-easy\/#breadcrumb"},"inLanguage":"de","potentialAction":[{"@type":"ReadAction","target":["https:\/\/old.srokacompany.com\/de\/produkt\/stand-up-paddle-aufblasbar-10-easy\/"]}]},{"@type":"ImageObject","inLanguage":"de","@id":"https:\/\/old.srokacompany.com\/de\/produkt\/stand-up-paddle-aufblasbar-10-easy\/#primaryimage","url":"https:\/\/old.srokacompany.com\/wp-content\/uploads\/2020\/12\/Pack-Easy-10-2.jpg","contentUrl":"https:\/\/old.srokacompany.com\/wp-content\/uploads\/2020\/12\/Pack-Easy-10-2.jpg","width":780,"height":1040,"caption":"SUP aufblasbar Sroka Pack Complet Easy 10"},{"@type":"BreadcrumbList","@id":"https:\/\/old.srokacompany.com\/de\/produkt\/stand-up-paddle-aufblasbar-10-easy\/#breadcrumb","itemListElement":[{"@type":"ListItem","position":1,"name":"Accueil","item":"https:\/\/srokacompany.com\/de\/"},{"@type":"ListItem","position":2,"name":"Laden","item":"https:\/\/srokacompany.com\/laden\/"},{"@type":"ListItem","position":3,"name":"Stand up Paddle Aufblasbar 10&prime; Easy"}]},{"@type":"WebSite","@id":"https:\/\/srokacompany.com\/#website","url":"https:\/\/srokacompany.com\/","name":"SROKA Company","description":"SUP, Kite, Foil, Wing","publisher":{"@id":"https:\/\/srokacompany.com\/#organization"},"potentialAction":[{"@type":"SearchAction","target":{"@type":"EntryPoint","urlTemplate":"https:\/\/srokacompany.com\/?s={search_term_string}"},"query-input":{"@type":"PropertyValueSpecification","valueRequired":true,"valueName":"search_term_string"}}],"inLanguage":"de"},{"@type":"Organization","@id":"https:\/\/srokacompany.com\/#organization","name":"SROKACOMPANY","alternateName":"SROKA","url":"https:\/\/srokacompany.com\/","logo":{"@type":"ImageObject","inLanguage":"de","@id":"https:\/\/srokacompany.com\/#\/schema\/logo\/image\/","url":"https:\/\/srokacompany.com\/wp-content\/uploads\/2021\/01\/logo-sroka-black-transpa.png","contentUrl":"https:\/\/srokacompany.com\/wp-content\/uploads\/2021\/01\/logo-sroka-black-transpa.png","width":1201,"height":342,"caption":"SROKACOMPANY"},"image":{"@id":"https:\/\/srokacompany.com\/#\/schema\/logo\/image\/"},"sameAs":["https:\/\/www.facebook.com\/srokawatersports\/","https:\/\/www.instagram.com\/srokawatersports\/","https:\/\/www.youtube.com\/channel\/UCVLHHeaPIm-J5bdEUgxqtZA"]}]}},"uagb_featured_image_src":{"full":["https:\/\/old.srokacompany.com\/wp-content\/uploads\/2020\/12\/Pack-Easy-10-2.jpg",780,1040,false],"thumbnail":["https:\/\/old.srokacompany.com\/wp-content\/uploads\/2020\/12\/Pack-Easy-10-2-150x150.jpg",150,150,true],"medium":["https:\/\/old.srokacompany.com\/wp-content\/uploads\/2020\/12\/Pack-Easy-10-2-225x300.jpg",225,300,true],"medium_large":["https:\/\/old.srokacompany.com\/wp-content\/uploads\/2020\/12\/Pack-Easy-10-2-768x1024.jpg",768,1024,true],"large":["https:\/\/old.srokacompany.com\/wp-content\/uploads\/2020\/12\/Pack-Easy-10-2-768x1024.jpg",768,1024,true],"1536x1536":["https:\/\/old.srokacompany.com\/wp-content\/uploads\/2020\/12\/Pack-Easy-10-2.jpg",780,1040,false],"2048x2048":["https:\/\/old.srokacompany.com\/wp-content\/uploads\/2020\/12\/Pack-Easy-10-2.jpg",780,1040,false],"woocommerce_thumbnail":["https:\/\/old.srokacompany.com\/wp-content\/uploads\/2020\/12\/Pack-Easy-10-2-600x800.jpg",600,800,true],"woocommerce_single":["https:\/\/old.srokacompany.com\/wp-content\/uploads\/2020\/12\/Pack-Easy-10-2-600x800.jpg",600,800,true],"woocommerce_gallery_thumbnail":["https:\/\/old.srokacompany.com\/wp-content\/uploads\/2020\/12\/Pack-Easy-10-2-100x100.jpg",100,100,true],"dgwt-wcas-product-suggestion":["https:\/\/old.srokacompany.com\/wp-content\/uploads\/2020\/12\/Pack-Easy-10-2.jpg",64,85,false]},"uagb_author_info":{"display_name":"","author_link":"https:\/\/old.srokacompany.com\/de\/blog\/author\/"},"uagb_comment_info":0,"uagb_excerpt":"Komplettpaket Aufblasbares SUP Easy 10' alles inklusive. Ideal f\u00fcr Anf\u00e4nger und bis 95 kg.","jetpack_sharing_enabled":true,"_links":{"self":[{"href":"https:\/\/old.srokacompany.com\/de\/wp-json\/wp\/v2\/product\/341522","targetHints":{"allow":["GET"]}}],"collection":[{"href":"https:\/\/old.srokacompany.com\/de\/wp-json\/wp\/v2\/product"}],"about":[{"href":"https:\/\/old.srokacompany.com\/de\/wp-json\/wp\/v2\/types\/product"}],"wp:featuredmedia":[{"embeddable":true,"href":"https:\/\/old.srokacompany.com\/de\/wp-json\/wp\/v2\/media\/337531"}],"wp:attachment":[{"href":"https:\/\/old.srokacompany.com\/de\/wp-json\/wp\/v2\/media?parent=341522"}],"wp:term":[{"taxonomy":"product_brand","embeddable":true,"href":"https:\/\/old.srokacompany.com\/de\/wp-json\/wp\/v2\/product_brand?post=341522"},{"taxonomy":"product_cat","embeddable":true,"href":"https:\/\/old.srokacompany.com\/de\/wp-json\/wp\/v2\/product_cat?post=341522"},{"taxonomy":"product_tag","embeddable":true,"href":"https:\/\/old.srokacompany.com\/de\/wp-json\/wp\/v2\/product_tag?post=341522"}],"curies":[{"name":"wp","href":"https:\/\/api.w.org\/{rel}","templated":true}]}}