{"id":342548,"date":"2021-06-18T08:14:45","date_gmt":"2021-06-18T06:14:45","guid":{"rendered":"https:\/\/srokacompany.com\/produit\/adapter-rumpf-s-foil-2020-und-fluegel-vor-2021\/"},"modified":"2025-06-26T18:00:49","modified_gmt":"2025-06-26T16:00:49","slug":"adapter-rumpf-s-foil-2020-und-fluegel-vor-2021","status":"publish","type":"product","link":"https:\/\/old.srokacompany.com\/de\/produkt\/adapter-rumpf-s-foil-2020-und-fluegel-vor-2021\/","title":{"rendered":"Adapter-Rumpf S-Foil 2020 und Fl\u00fcgel vor 2021"},"content":{"rendered":"<hr>\n<h2>Rumpf Adapter zwischen Vorderfl\u00fcgel 2021 und S-Foil 2020<\/h2>\n<p>In diesem Jahr wurde unser Verbindungssystem zwischen Vorderfl\u00fcgel und Rumpf auf <a href=\"https:\/\/srokacompany.com\/de\/produkt\/s-foil-high-aspect-1190\/\">unseren neuen S-Foil<\/a>, ge\u00e4ndert, um die Einfachheit und Steifigkeit zu erh\u00f6hen. Es war jedoch keine Frage, dass wir diejenigen, die einen S-Foil 2020 besitzen, nicht zur\u00fccklassen wollten. F\u00fcr alle, die eine S-Foil 2020 besitzen, bieten wir diesen Rumpf zum Selbstkostenpreis an. Er erm\u00f6glicht es dir, dein 2020 Stabilisator, deinen 2020 Mast und dein 2020 Deck zu behalten und alle neuen Vorderfl\u00fcgel von foil aus dem 2021 Sortiment und den kommenden, einschlie\u00dflich <a href=\"https:\/\/srokacompany.com\/de\/produkt\/vorderer-kotfluegel-s-foil-high-aspect-1190\/\">High Aspect<\/a> und <a href=\"https:\/\/srokacompany.com\/de\/produkt\/frontfluegel-s-foil-klassische\/\">Classic <\/a>, zu nutzen.     <\/p>\n<p>Was die Schrauben betrifft: 3x M8x25-Schrauben f\u00fcr die Classics vorne (und 3x M8x20 f\u00fcr die High Apsect) und 2x M6x20-Schrauben f\u00fcr Ihren 2020-Stabilisator hinten.<\/p>\n<p>ACHTUNG: Dieser Rumpf <strong>ist nicht mit <a href=\"https:\/\/srokacompany.com\/de\/produkt\/matte-s-foil\/\">dem Mast der S-Foil 2021<\/a> kompatibel<\/strong>, sondern <a href=\"https:\/\/srokacompany.com\/de\/produkt\/mast-von-s-foil-2020-70cm-90cm\/\">nur mit dem Mast der S-Foil 2020<\/a>. Wenn Sie einen Rumpf f\u00fcr die S-Foil 2021 suchen, besuchen Sie bitte <a href=\"https:\/\/srokacompany.com\/de\/produkt\/rumpf-s-foil\/\">die Produktseite unserer Rumpfserie<\/a> f\u00fcr foil. <\/p>\n","protected":false},"excerpt":{"rendered":"<p>Rumpf Adapter zwischen Vorderfl\u00fcgel 2021 und S-Foil 2020 In diesem Jahr wurde unser Verbindungssystem zwischen Vorderfl\u00fcgel und Rumpf auf unseren neuen S-Foil, ge\u00e4ndert, um die Einfachheit und Steifigkeit zu erh\u00f6hen. Es war jedoch keine Frage, dass wir diejenigen, die einen S-Foil 2020 besitzen, nicht zur\u00fccklassen wollten. F\u00fcr alle, die eine S-Foil 2020 besitzen, bieten wir [&hellip;]<\/p>\n","protected":false},"featured_media":342550,"template":"","meta":{"_acf_changed":false,"_uag_custom_page_level_css":""},"product_brand":[],"product_cat":[3493,3453],"product_tag":[],"class_list":{"0":"post-342548","1":"product","2":"type-product","3":"status-publish","4":"has-post-thumbnail","6":"product_cat-foil-de","7":"product_cat-wing-foil-de","8":"product_shipping_class-foil-komplett-oder-ersatzteile-wing-einheit","10":"first","11":"instock","12":"sale","13":"taxable","14":"shipping-taxable","15":"purchasable","16":"product-type-simple"},"acf":[],"yoast_head":"<!-- This site is optimized with the Yoast SEO plugin v27.4 - https:\/\/yoast.com\/product\/yoast-seo-wordpress\/ -->\n<title>Adapter-Rumpf S-Foil 2020 und Fl\u00fcgel vor 2021 - SROKA Company<\/title>\n<meta name=\"description\" content=\"Rumpfadapter f\u00fcr S-Foil 2020, damit Sie die Fl\u00fcgel vor 2021 an Ihrem alten foil anbringen k\u00f6nnen. Zum Selbstkostenpreis.\" \/>\n<meta name=\"robots\" content=\"index, follow, max-snippet:-1, max-image-preview:large, max-video-preview:-1\" \/>\n<link rel=\"canonical\" href=\"https:\/\/old.srokacompany.com\/de\/produkt\/adapter-rumpf-s-foil-2020-und-fluegel-vor-2021\/\" \/>\n<meta property=\"og:locale\" content=\"de_DE\" \/>\n<meta property=\"og:type\" content=\"article\" \/>\n<meta property=\"og:title\" content=\"Adapter-Rumpf S-Foil 2020 und Fl\u00fcgel vor 2021 - SROKA Company\" \/>\n<meta property=\"og:description\" content=\"Rumpfadapter f\u00fcr S-Foil 2020, damit Sie die Fl\u00fcgel vor 2021 an Ihrem alten foil anbringen k\u00f6nnen. Zum Selbstkostenpreis.\" \/>\n<meta property=\"og:url\" content=\"https:\/\/old.srokacompany.com\/de\/produkt\/adapter-rumpf-s-foil-2020-und-fluegel-vor-2021\/\" \/>\n<meta property=\"og:site_name\" content=\"SROKA Company\" \/>\n<meta property=\"article:publisher\" content=\"https:\/\/www.facebook.com\/srokawatersports\/\" \/>\n<meta property=\"article:modified_time\" content=\"2025-06-26T16:00:49+00:00\" \/>\n<meta property=\"og:image\" content=\"https:\/\/srokacompany.com\/wp-content\/uploads\/2021\/05\/Fuselage-pour-adapter-ailes-de-foil-2021.jpg\" \/>\n\t<meta property=\"og:image:width\" content=\"780\" \/>\n\t<meta property=\"og:image:height\" content=\"1040\" \/>\n\t<meta property=\"og:image:type\" content=\"image\/jpeg\" \/>\n<meta name=\"twitter:label1\" content=\"Gesch\u00e4tzte Lesezeit\" \/>\n\t<meta name=\"twitter:data1\" content=\"1\u00a0Minute\" \/>\n<script type=\"application\/ld+json\" class=\"yoast-schema-graph\">{\"@context\":\"https:\\\/\\\/schema.org\",\"@graph\":[{\"@type\":\"WebPage\",\"@id\":\"https:\\\/\\\/old.srokacompany.com\\\/de\\\/produkt\\\/adapter-rumpf-s-foil-2020-und-fluegel-vor-2021\\\/\",\"url\":\"https:\\\/\\\/old.srokacompany.com\\\/de\\\/produkt\\\/adapter-rumpf-s-foil-2020-und-fluegel-vor-2021\\\/\",\"name\":\"Adapter-Rumpf S-Foil 2020 und Fl\u00fcgel vor 2021 - SROKA Company\",\"isPartOf\":{\"@id\":\"https:\\\/\\\/srokacompany.com\\\/#website\"},\"primaryImageOfPage\":{\"@id\":\"https:\\\/\\\/old.srokacompany.com\\\/de\\\/produkt\\\/adapter-rumpf-s-foil-2020-und-fluegel-vor-2021\\\/#primaryimage\"},\"image\":{\"@id\":\"https:\\\/\\\/old.srokacompany.com\\\/de\\\/produkt\\\/adapter-rumpf-s-foil-2020-und-fluegel-vor-2021\\\/#primaryimage\"},\"thumbnailUrl\":\"https:\\\/\\\/old.srokacompany.com\\\/wp-content\\\/uploads\\\/2021\\\/05\\\/Fuselage-pour-adapter-ailes-de-foil-2021.jpg\",\"datePublished\":\"2021-06-18T06:14:45+00:00\",\"dateModified\":\"2025-06-26T16:00:49+00:00\",\"description\":\"Rumpfadapter f\u00fcr S-Foil 2020, damit Sie die Fl\u00fcgel vor 2021 an Ihrem alten foil anbringen k\u00f6nnen. Zum Selbstkostenpreis.\",\"breadcrumb\":{\"@id\":\"https:\\\/\\\/old.srokacompany.com\\\/de\\\/produkt\\\/adapter-rumpf-s-foil-2020-und-fluegel-vor-2021\\\/#breadcrumb\"},\"inLanguage\":\"de\",\"potentialAction\":[{\"@type\":\"ReadAction\",\"target\":[\"https:\\\/\\\/old.srokacompany.com\\\/de\\\/produkt\\\/adapter-rumpf-s-foil-2020-und-fluegel-vor-2021\\\/\"]}]},{\"@type\":\"ImageObject\",\"inLanguage\":\"de\",\"@id\":\"https:\\\/\\\/old.srokacompany.com\\\/de\\\/produkt\\\/adapter-rumpf-s-foil-2020-und-fluegel-vor-2021\\\/#primaryimage\",\"url\":\"https:\\\/\\\/old.srokacompany.com\\\/wp-content\\\/uploads\\\/2021\\\/05\\\/Fuselage-pour-adapter-ailes-de-foil-2021.jpg\",\"contentUrl\":\"https:\\\/\\\/old.srokacompany.com\\\/wp-content\\\/uploads\\\/2021\\\/05\\\/Fuselage-pour-adapter-ailes-de-foil-2021.jpg\",\"width\":780,\"height\":1040,\"caption\":\"Rumpf, der es erm\u00f6glicht, die Fl\u00fcgel vor 2021 auf dem S-Foil 2020 anzupassen\"},{\"@type\":\"BreadcrumbList\",\"@id\":\"https:\\\/\\\/old.srokacompany.com\\\/de\\\/produkt\\\/adapter-rumpf-s-foil-2020-und-fluegel-vor-2021\\\/#breadcrumb\",\"itemListElement\":[{\"@type\":\"ListItem\",\"position\":1,\"name\":\"Accueil\",\"item\":\"https:\\\/\\\/srokacompany.com\\\/de\\\/\"},{\"@type\":\"ListItem\",\"position\":2,\"name\":\"Laden\",\"item\":\"https:\\\/\\\/srokacompany.com\\\/laden\\\/\"},{\"@type\":\"ListItem\",\"position\":3,\"name\":\"Adapter-Rumpf S-Foil 2020 und Fl\u00fcgel vor 2021\"}]},{\"@type\":\"WebSite\",\"@id\":\"https:\\\/\\\/srokacompany.com\\\/#website\",\"url\":\"https:\\\/\\\/srokacompany.com\\\/\",\"name\":\"SROKA Company\",\"description\":\"SUP, Kite, Foil, Wing\",\"publisher\":{\"@id\":\"https:\\\/\\\/srokacompany.com\\\/#organization\"},\"potentialAction\":[{\"@type\":\"SearchAction\",\"target\":{\"@type\":\"EntryPoint\",\"urlTemplate\":\"https:\\\/\\\/srokacompany.com\\\/?s={search_term_string}\"},\"query-input\":{\"@type\":\"PropertyValueSpecification\",\"valueRequired\":true,\"valueName\":\"search_term_string\"}}],\"inLanguage\":\"de\"},{\"@type\":\"Organization\",\"@id\":\"https:\\\/\\\/srokacompany.com\\\/#organization\",\"name\":\"SROKACOMPANY\",\"alternateName\":\"SROKA\",\"url\":\"https:\\\/\\\/srokacompany.com\\\/\",\"logo\":{\"@type\":\"ImageObject\",\"inLanguage\":\"de\",\"@id\":\"https:\\\/\\\/srokacompany.com\\\/#\\\/schema\\\/logo\\\/image\\\/\",\"url\":\"https:\\\/\\\/srokacompany.com\\\/wp-content\\\/uploads\\\/2021\\\/01\\\/logo-sroka-black-transpa.png\",\"contentUrl\":\"https:\\\/\\\/srokacompany.com\\\/wp-content\\\/uploads\\\/2021\\\/01\\\/logo-sroka-black-transpa.png\",\"width\":1201,\"height\":342,\"caption\":\"SROKACOMPANY\"},\"image\":{\"@id\":\"https:\\\/\\\/srokacompany.com\\\/#\\\/schema\\\/logo\\\/image\\\/\"},\"sameAs\":[\"https:\\\/\\\/www.facebook.com\\\/srokawatersports\\\/\",\"https:\\\/\\\/www.instagram.com\\\/srokawatersports\\\/\",\"https:\\\/\\\/www.youtube.com\\\/channel\\\/UCVLHHeaPIm-J5bdEUgxqtZA\"]}]}<\/script>\n<!-- \/ Yoast SEO plugin. -->","yoast_head_json":{"title":"Adapter-Rumpf S-Foil 2020 und Fl\u00fcgel vor 2021 - SROKA Company","description":"Rumpfadapter f\u00fcr S-Foil 2020, damit Sie die Fl\u00fcgel vor 2021 an Ihrem alten foil anbringen k\u00f6nnen. Zum Selbstkostenpreis.","robots":{"index":"index","follow":"follow","max-snippet":"max-snippet:-1","max-image-preview":"max-image-preview:large","max-video-preview":"max-video-preview:-1"},"canonical":"https:\/\/old.srokacompany.com\/de\/produkt\/adapter-rumpf-s-foil-2020-und-fluegel-vor-2021\/","og_locale":"de_DE","og_type":"article","og_title":"Adapter-Rumpf S-Foil 2020 und Fl\u00fcgel vor 2021 - SROKA Company","og_description":"Rumpfadapter f\u00fcr S-Foil 2020, damit Sie die Fl\u00fcgel vor 2021 an Ihrem alten foil anbringen k\u00f6nnen. Zum Selbstkostenpreis.","og_url":"https:\/\/old.srokacompany.com\/de\/produkt\/adapter-rumpf-s-foil-2020-und-fluegel-vor-2021\/","og_site_name":"SROKA Company","article_publisher":"https:\/\/www.facebook.com\/srokawatersports\/","article_modified_time":"2025-06-26T16:00:49+00:00","og_image":[{"width":780,"height":1040,"url":"https:\/\/srokacompany.com\/wp-content\/uploads\/2021\/05\/Fuselage-pour-adapter-ailes-de-foil-2021.jpg","type":"image\/jpeg"}],"twitter_misc":{"Gesch\u00e4tzte Lesezeit":"1\u00a0Minute"},"schema":{"@context":"https:\/\/schema.org","@graph":[{"@type":"WebPage","@id":"https:\/\/old.srokacompany.com\/de\/produkt\/adapter-rumpf-s-foil-2020-und-fluegel-vor-2021\/","url":"https:\/\/old.srokacompany.com\/de\/produkt\/adapter-rumpf-s-foil-2020-und-fluegel-vor-2021\/","name":"Adapter-Rumpf S-Foil 2020 und Fl\u00fcgel vor 2021 - SROKA Company","isPartOf":{"@id":"https:\/\/srokacompany.com\/#website"},"primaryImageOfPage":{"@id":"https:\/\/old.srokacompany.com\/de\/produkt\/adapter-rumpf-s-foil-2020-und-fluegel-vor-2021\/#primaryimage"},"image":{"@id":"https:\/\/old.srokacompany.com\/de\/produkt\/adapter-rumpf-s-foil-2020-und-fluegel-vor-2021\/#primaryimage"},"thumbnailUrl":"https:\/\/old.srokacompany.com\/wp-content\/uploads\/2021\/05\/Fuselage-pour-adapter-ailes-de-foil-2021.jpg","datePublished":"2021-06-18T06:14:45+00:00","dateModified":"2025-06-26T16:00:49+00:00","description":"Rumpfadapter f\u00fcr S-Foil 2020, damit Sie die Fl\u00fcgel vor 2021 an Ihrem alten foil anbringen k\u00f6nnen. Zum Selbstkostenpreis.","breadcrumb":{"@id":"https:\/\/old.srokacompany.com\/de\/produkt\/adapter-rumpf-s-foil-2020-und-fluegel-vor-2021\/#breadcrumb"},"inLanguage":"de","potentialAction":[{"@type":"ReadAction","target":["https:\/\/old.srokacompany.com\/de\/produkt\/adapter-rumpf-s-foil-2020-und-fluegel-vor-2021\/"]}]},{"@type":"ImageObject","inLanguage":"de","@id":"https:\/\/old.srokacompany.com\/de\/produkt\/adapter-rumpf-s-foil-2020-und-fluegel-vor-2021\/#primaryimage","url":"https:\/\/old.srokacompany.com\/wp-content\/uploads\/2021\/05\/Fuselage-pour-adapter-ailes-de-foil-2021.jpg","contentUrl":"https:\/\/old.srokacompany.com\/wp-content\/uploads\/2021\/05\/Fuselage-pour-adapter-ailes-de-foil-2021.jpg","width":780,"height":1040,"caption":"Rumpf, der es erm\u00f6glicht, die Fl\u00fcgel vor 2021 auf dem S-Foil 2020 anzupassen"},{"@type":"BreadcrumbList","@id":"https:\/\/old.srokacompany.com\/de\/produkt\/adapter-rumpf-s-foil-2020-und-fluegel-vor-2021\/#breadcrumb","itemListElement":[{"@type":"ListItem","position":1,"name":"Accueil","item":"https:\/\/srokacompany.com\/de\/"},{"@type":"ListItem","position":2,"name":"Laden","item":"https:\/\/srokacompany.com\/laden\/"},{"@type":"ListItem","position":3,"name":"Adapter-Rumpf S-Foil 2020 und Fl\u00fcgel vor 2021"}]},{"@type":"WebSite","@id":"https:\/\/srokacompany.com\/#website","url":"https:\/\/srokacompany.com\/","name":"SROKA Company","description":"SUP, Kite, Foil, Wing","publisher":{"@id":"https:\/\/srokacompany.com\/#organization"},"potentialAction":[{"@type":"SearchAction","target":{"@type":"EntryPoint","urlTemplate":"https:\/\/srokacompany.com\/?s={search_term_string}"},"query-input":{"@type":"PropertyValueSpecification","valueRequired":true,"valueName":"search_term_string"}}],"inLanguage":"de"},{"@type":"Organization","@id":"https:\/\/srokacompany.com\/#organization","name":"SROKACOMPANY","alternateName":"SROKA","url":"https:\/\/srokacompany.com\/","logo":{"@type":"ImageObject","inLanguage":"de","@id":"https:\/\/srokacompany.com\/#\/schema\/logo\/image\/","url":"https:\/\/srokacompany.com\/wp-content\/uploads\/2021\/01\/logo-sroka-black-transpa.png","contentUrl":"https:\/\/srokacompany.com\/wp-content\/uploads\/2021\/01\/logo-sroka-black-transpa.png","width":1201,"height":342,"caption":"SROKACOMPANY"},"image":{"@id":"https:\/\/srokacompany.com\/#\/schema\/logo\/image\/"},"sameAs":["https:\/\/www.facebook.com\/srokawatersports\/","https:\/\/www.instagram.com\/srokawatersports\/","https:\/\/www.youtube.com\/channel\/UCVLHHeaPIm-J5bdEUgxqtZA"]}]}},"uagb_featured_image_src":{"full":["https:\/\/old.srokacompany.com\/wp-content\/uploads\/2021\/05\/Fuselage-pour-adapter-ailes-de-foil-2021.jpg",780,1040,false],"thumbnail":["https:\/\/old.srokacompany.com\/wp-content\/uploads\/2021\/05\/Fuselage-pour-adapter-ailes-de-foil-2021-150x150.jpg",150,150,true],"medium":["https:\/\/old.srokacompany.com\/wp-content\/uploads\/2021\/05\/Fuselage-pour-adapter-ailes-de-foil-2021-225x300.jpg",225,300,true],"medium_large":["https:\/\/old.srokacompany.com\/wp-content\/uploads\/2021\/05\/Fuselage-pour-adapter-ailes-de-foil-2021-768x1024.jpg",768,1024,true],"large":["https:\/\/old.srokacompany.com\/wp-content\/uploads\/2021\/05\/Fuselage-pour-adapter-ailes-de-foil-2021-768x1024.jpg",768,1024,true],"1536x1536":["https:\/\/old.srokacompany.com\/wp-content\/uploads\/2021\/05\/Fuselage-pour-adapter-ailes-de-foil-2021.jpg",780,1040,false],"2048x2048":["https:\/\/old.srokacompany.com\/wp-content\/uploads\/2021\/05\/Fuselage-pour-adapter-ailes-de-foil-2021.jpg",780,1040,false],"woocommerce_thumbnail":["https:\/\/old.srokacompany.com\/wp-content\/uploads\/2021\/05\/Fuselage-pour-adapter-ailes-de-foil-2021-600x800.jpg",600,800,true],"woocommerce_single":["https:\/\/old.srokacompany.com\/wp-content\/uploads\/2021\/05\/Fuselage-pour-adapter-ailes-de-foil-2021-600x800.jpg",600,800,true],"woocommerce_gallery_thumbnail":["https:\/\/old.srokacompany.com\/wp-content\/uploads\/2021\/05\/Fuselage-pour-adapter-ailes-de-foil-2021-100x100.jpg",100,100,true],"dgwt-wcas-product-suggestion":["https:\/\/old.srokacompany.com\/wp-content\/uploads\/2021\/05\/Fuselage-pour-adapter-ailes-de-foil-2021.jpg",64,85,false]},"uagb_author_info":{"display_name":"Tristan Dumard","author_link":"https:\/\/old.srokacompany.com\/de\/blog\/author\/"},"uagb_comment_info":0,"uagb_excerpt":"Rumpf Adapter zwischen Vorderfl\u00fcgel 2021 und S-Foil 2020 In diesem Jahr wurde unser Verbindungssystem zwischen Vorderfl\u00fcgel und Rumpf auf unseren neuen S-Foil, ge\u00e4ndert, um die Einfachheit und Steifigkeit zu erh\u00f6hen. Es war jedoch keine Frage, dass wir diejenigen, die einen S-Foil 2020 besitzen, nicht zur\u00fccklassen wollten. F\u00fcr alle, die eine S-Foil 2020 besitzen, bieten wir&hellip;","jetpack_sharing_enabled":true,"_links":{"self":[{"href":"https:\/\/old.srokacompany.com\/de\/wp-json\/wp\/v2\/product\/342548","targetHints":{"allow":["GET"]}}],"collection":[{"href":"https:\/\/old.srokacompany.com\/de\/wp-json\/wp\/v2\/product"}],"about":[{"href":"https:\/\/old.srokacompany.com\/de\/wp-json\/wp\/v2\/types\/product"}],"wp:featuredmedia":[{"embeddable":true,"href":"https:\/\/old.srokacompany.com\/de\/wp-json\/wp\/v2\/media\/342550"}],"wp:attachment":[{"href":"https:\/\/old.srokacompany.com\/de\/wp-json\/wp\/v2\/media?parent=342548"}],"wp:term":[{"taxonomy":"product_brand","embeddable":true,"href":"https:\/\/old.srokacompany.com\/de\/wp-json\/wp\/v2\/product_brand?post=342548"},{"taxonomy":"product_cat","embeddable":true,"href":"https:\/\/old.srokacompany.com\/de\/wp-json\/wp\/v2\/product_cat?post=342548"},{"taxonomy":"product_tag","embeddable":true,"href":"https:\/\/old.srokacompany.com\/de\/wp-json\/wp\/v2\/product_tag?post=342548"}],"curies":[{"name":"wp","href":"https:\/\/api.w.org\/{rel}","templated":true}]}}