{"id":342650,"date":"2021-07-02T13:53:28","date_gmt":"2021-07-02T13:53:28","guid":{"rendered":"https:\/\/srokacompany.com\/produit\/schrauben-im-einzelhandel\/"},"modified":"2025-10-31T19:13:42","modified_gmt":"2025-10-31T17:13:42","slug":"schrauben-im-einzelhandel","status":"publish","type":"product","link":"https:\/\/old.srokacompany.com\/de\/produkt\/schrauben-im-einzelhandel\/","title":{"rendered":"Schrauben im Einzelhandel"},"content":{"rendered":"<hr>\n<h2>Schrauben im Einzelhandel f\u00fcr die Produktreihe Foil Sroka 2021<\/h2>\n<p>Alle Schrauben und Muttern im Detail, um Ihren <a href=\"https:\/\/srokacompany.com\/de\/produkt\/s-foil-klassische-sroka\/\">S-Foil 2021<\/a> auszustatten. Hier sind die verschiedenen verf\u00fcgbaren Pakete:<\/p>\n<ul>\n<li>4 Schrauben M8x20 mit Nippel zur Befestigung der S-Foil <a href=\"https:\/\/srokacompany.com\/de\/produkt\/wingboard-foil-aufblasbares-wingboard-sroka-v2\/\">2021\/Airbag-Platte<\/a><\/li>\n<li>4 Schrauben M8x25 mit Nippel zur Befestigung der S-Foil 2021\/Hardboard Sky Rider und Fast Flyer<\/li>\n<li>4 Schrauben M8x30, um den Rumpf und die Platte am Mast zu befestigen<\/li>\n<li>3 Schrauben M8x25 zur Befestigung der Klassischen Vorderfl\u00fcgel am Rumpf<\/li>\n<li>3 Schrauben M8x16 zur Befestigung der High Aspect Vorderfl\u00fcgel am Rumpf<\/li>\n<li>2 Schrauben M8x25, um das H\u00f6henleitwerk am Rumpf zu befestigen (diese L\u00e4nge erm\u00f6glicht das Anbringen von Stellkeilen)<\/li>\n<li>Torx-Schl\u00fcssel M8<\/li>\n<\/ul>\n","protected":false},"excerpt":{"rendered":"<p>Schrauben im Einzelhandel f\u00fcr die Produktreihe Foil Sroka 2021 Alle Schrauben und Muttern im Detail, um Ihren S-Foil 2021 auszustatten. Hier sind die verschiedenen verf\u00fcgbaren Pakete: 4 Schrauben M8x20 mit Nippel zur Befestigung der S-Foil 2021\/Airbag-Platte 4 Schrauben M8x25 mit Nippel zur Befestigung der S-Foil 2021\/Hardboard Sky Rider und Fast Flyer 4 Schrauben M8x30, um [&hellip;]<\/p>\n","protected":false},"featured_media":342651,"template":"","meta":{"_acf_changed":false,"_uag_custom_page_level_css":""},"product_brand":[],"product_cat":[3493,3592,3453,3591,3464],"product_tag":[],"class_list":{"0":"post-342650","1":"product","2":"type-product","3":"status-publish","4":"has-post-thumbnail","6":"product_cat-foil-de","7":"product_cat-surf-zubehor-foil","8":"product_cat-wing-foil-de","9":"product_cat-zubehor-foil","10":"product_cat-zubehor-wing-foil","11":"product_shipping_class-querruder-komplette-schrauben","13":"first","14":"instock","15":"taxable","16":"shipping-taxable","17":"purchasable","18":"product-type-variable"},"acf":[],"yoast_head":"<!-- This site is optimized with the Yoast SEO plugin v27.4 - https:\/\/yoast.com\/product\/yoast-seo-wordpress\/ -->\n<title>Schrauben im Einzelhandel - SROKA Company - Zubeh\u00f6r f\u00fcr Foil<\/title>\n<meta name=\"description\" content=\"Hier finden Sie alle Schrauben, die Sie f\u00fcr Ihre S-Foil und Ihre Bretter von foil der Reihe Sroka 2021 und + ben\u00f6tigen k\u00f6nnten!\" \/>\n<meta name=\"robots\" content=\"index, follow, max-snippet:-1, max-image-preview:large, max-video-preview:-1\" \/>\n<link rel=\"canonical\" href=\"https:\/\/old.srokacompany.com\/de\/produkt\/schrauben-im-einzelhandel\/\" \/>\n<meta property=\"og:locale\" content=\"de_DE\" \/>\n<meta property=\"og:type\" content=\"article\" \/>\n<meta property=\"og:title\" content=\"Schrauben im Einzelhandel - SROKA Company - Zubeh\u00f6r f\u00fcr Foil\" \/>\n<meta property=\"og:description\" content=\"Hier finden Sie alle Schrauben, die Sie f\u00fcr Ihre S-Foil und Ihre Bretter von foil der Reihe Sroka 2021 und + ben\u00f6tigen k\u00f6nnten!\" \/>\n<meta property=\"og:url\" content=\"https:\/\/old.srokacompany.com\/de\/produkt\/schrauben-im-einzelhandel\/\" \/>\n<meta property=\"og:site_name\" content=\"SROKA Company\" \/>\n<meta property=\"article:publisher\" content=\"https:\/\/www.facebook.com\/srokawatersports\/\" \/>\n<meta property=\"article:modified_time\" content=\"2025-10-31T17:13:42+00:00\" \/>\n<meta property=\"og:image\" content=\"https:\/\/srokacompany.com\/wp-content\/uploads\/2021\/07\/Visserie-au-de\u0301tail-Sroka-1.jpg\" \/>\n\t<meta property=\"og:image:width\" content=\"780\" \/>\n\t<meta property=\"og:image:height\" content=\"1040\" \/>\n\t<meta property=\"og:image:type\" content=\"image\/jpeg\" \/>\n<meta name=\"twitter:label1\" content=\"Gesch\u00e4tzte Lesezeit\" \/>\n\t<meta name=\"twitter:data1\" content=\"1\u00a0Minute\" \/>\n<script type=\"application\/ld+json\" class=\"yoast-schema-graph\">{\"@context\":\"https:\\\/\\\/schema.org\",\"@graph\":[{\"@type\":\"WebPage\",\"@id\":\"https:\\\/\\\/old.srokacompany.com\\\/de\\\/produkt\\\/schrauben-im-einzelhandel\\\/\",\"url\":\"https:\\\/\\\/old.srokacompany.com\\\/de\\\/produkt\\\/schrauben-im-einzelhandel\\\/\",\"name\":\"Schrauben im Einzelhandel - SROKA Company - Zubeh\u00f6r f\u00fcr Foil\",\"isPartOf\":{\"@id\":\"https:\\\/\\\/srokacompany.com\\\/#website\"},\"primaryImageOfPage\":{\"@id\":\"https:\\\/\\\/old.srokacompany.com\\\/de\\\/produkt\\\/schrauben-im-einzelhandel\\\/#primaryimage\"},\"image\":{\"@id\":\"https:\\\/\\\/old.srokacompany.com\\\/de\\\/produkt\\\/schrauben-im-einzelhandel\\\/#primaryimage\"},\"thumbnailUrl\":\"https:\\\/\\\/old.srokacompany.com\\\/wp-content\\\/uploads\\\/2021\\\/07\\\/Visserie-au-de\u0301tail-Sroka-1.jpg\",\"datePublished\":\"2021-07-02T13:53:28+00:00\",\"dateModified\":\"2025-10-31T17:13:42+00:00\",\"description\":\"Hier finden Sie alle Schrauben, die Sie f\u00fcr Ihre S-Foil und Ihre Bretter von foil der Reihe Sroka 2021 und + ben\u00f6tigen k\u00f6nnten!\",\"breadcrumb\":{\"@id\":\"https:\\\/\\\/old.srokacompany.com\\\/de\\\/produkt\\\/schrauben-im-einzelhandel\\\/#breadcrumb\"},\"inLanguage\":\"de\",\"potentialAction\":[{\"@type\":\"ReadAction\",\"target\":[\"https:\\\/\\\/old.srokacompany.com\\\/de\\\/produkt\\\/schrauben-im-einzelhandel\\\/\"]}]},{\"@type\":\"ImageObject\",\"inLanguage\":\"de\",\"@id\":\"https:\\\/\\\/old.srokacompany.com\\\/de\\\/produkt\\\/schrauben-im-einzelhandel\\\/#primaryimage\",\"url\":\"https:\\\/\\\/old.srokacompany.com\\\/wp-content\\\/uploads\\\/2021\\\/07\\\/Visserie-au-de\u0301tail-Sroka-1.jpg\",\"contentUrl\":\"https:\\\/\\\/old.srokacompany.com\\\/wp-content\\\/uploads\\\/2021\\\/07\\\/Visserie-au-de\u0301tail-Sroka-1.jpg\",\"width\":780,\"height\":1040,\"caption\":\"Kompletter Schraubensatz f\u00fcr Hydrofoil und Wingboards Sroka\"},{\"@type\":\"BreadcrumbList\",\"@id\":\"https:\\\/\\\/old.srokacompany.com\\\/de\\\/produkt\\\/schrauben-im-einzelhandel\\\/#breadcrumb\",\"itemListElement\":[{\"@type\":\"ListItem\",\"position\":1,\"name\":\"Accueil\",\"item\":\"https:\\\/\\\/srokacompany.com\\\/de\\\/\"},{\"@type\":\"ListItem\",\"position\":2,\"name\":\"Laden\",\"item\":\"https:\\\/\\\/srokacompany.com\\\/laden\\\/\"},{\"@type\":\"ListItem\",\"position\":3,\"name\":\"Schrauben im Einzelhandel\"}]},{\"@type\":\"WebSite\",\"@id\":\"https:\\\/\\\/srokacompany.com\\\/#website\",\"url\":\"https:\\\/\\\/srokacompany.com\\\/\",\"name\":\"SROKA Company\",\"description\":\"SUP, Kite, Foil, Wing\",\"publisher\":{\"@id\":\"https:\\\/\\\/srokacompany.com\\\/#organization\"},\"potentialAction\":[{\"@type\":\"SearchAction\",\"target\":{\"@type\":\"EntryPoint\",\"urlTemplate\":\"https:\\\/\\\/srokacompany.com\\\/?s={search_term_string}\"},\"query-input\":{\"@type\":\"PropertyValueSpecification\",\"valueRequired\":true,\"valueName\":\"search_term_string\"}}],\"inLanguage\":\"de\"},{\"@type\":\"Organization\",\"@id\":\"https:\\\/\\\/srokacompany.com\\\/#organization\",\"name\":\"SROKACOMPANY\",\"alternateName\":\"SROKA\",\"url\":\"https:\\\/\\\/srokacompany.com\\\/\",\"logo\":{\"@type\":\"ImageObject\",\"inLanguage\":\"de\",\"@id\":\"https:\\\/\\\/srokacompany.com\\\/#\\\/schema\\\/logo\\\/image\\\/\",\"url\":\"https:\\\/\\\/srokacompany.com\\\/wp-content\\\/uploads\\\/2021\\\/01\\\/logo-sroka-black-transpa.png\",\"contentUrl\":\"https:\\\/\\\/srokacompany.com\\\/wp-content\\\/uploads\\\/2021\\\/01\\\/logo-sroka-black-transpa.png\",\"width\":1201,\"height\":342,\"caption\":\"SROKACOMPANY\"},\"image\":{\"@id\":\"https:\\\/\\\/srokacompany.com\\\/#\\\/schema\\\/logo\\\/image\\\/\"},\"sameAs\":[\"https:\\\/\\\/www.facebook.com\\\/srokawatersports\\\/\",\"https:\\\/\\\/www.instagram.com\\\/srokawatersports\\\/\",\"https:\\\/\\\/www.youtube.com\\\/channel\\\/UCVLHHeaPIm-J5bdEUgxqtZA\"]}]}<\/script>\n<!-- \/ Yoast SEO plugin. -->","yoast_head_json":{"title":"Schrauben im Einzelhandel - SROKA Company - Zubeh\u00f6r f\u00fcr Foil","description":"Hier finden Sie alle Schrauben, die Sie f\u00fcr Ihre S-Foil und Ihre Bretter von foil der Reihe Sroka 2021 und + ben\u00f6tigen k\u00f6nnten!","robots":{"index":"index","follow":"follow","max-snippet":"max-snippet:-1","max-image-preview":"max-image-preview:large","max-video-preview":"max-video-preview:-1"},"canonical":"https:\/\/old.srokacompany.com\/de\/produkt\/schrauben-im-einzelhandel\/","og_locale":"de_DE","og_type":"article","og_title":"Schrauben im Einzelhandel - SROKA Company - Zubeh\u00f6r f\u00fcr Foil","og_description":"Hier finden Sie alle Schrauben, die Sie f\u00fcr Ihre S-Foil und Ihre Bretter von foil der Reihe Sroka 2021 und + ben\u00f6tigen k\u00f6nnten!","og_url":"https:\/\/old.srokacompany.com\/de\/produkt\/schrauben-im-einzelhandel\/","og_site_name":"SROKA Company","article_publisher":"https:\/\/www.facebook.com\/srokawatersports\/","article_modified_time":"2025-10-31T17:13:42+00:00","og_image":[{"width":780,"height":1040,"url":"https:\/\/srokacompany.com\/wp-content\/uploads\/2021\/07\/Visserie-au-de\u0301tail-Sroka-1.jpg","type":"image\/jpeg"}],"twitter_misc":{"Gesch\u00e4tzte Lesezeit":"1\u00a0Minute"},"schema":{"@context":"https:\/\/schema.org","@graph":[{"@type":"WebPage","@id":"https:\/\/old.srokacompany.com\/de\/produkt\/schrauben-im-einzelhandel\/","url":"https:\/\/old.srokacompany.com\/de\/produkt\/schrauben-im-einzelhandel\/","name":"Schrauben im Einzelhandel - SROKA Company - Zubeh\u00f6r f\u00fcr Foil","isPartOf":{"@id":"https:\/\/srokacompany.com\/#website"},"primaryImageOfPage":{"@id":"https:\/\/old.srokacompany.com\/de\/produkt\/schrauben-im-einzelhandel\/#primaryimage"},"image":{"@id":"https:\/\/old.srokacompany.com\/de\/produkt\/schrauben-im-einzelhandel\/#primaryimage"},"thumbnailUrl":"https:\/\/old.srokacompany.com\/wp-content\/uploads\/2021\/07\/Visserie-au-de\u0301tail-Sroka-1.jpg","datePublished":"2021-07-02T13:53:28+00:00","dateModified":"2025-10-31T17:13:42+00:00","description":"Hier finden Sie alle Schrauben, die Sie f\u00fcr Ihre S-Foil und Ihre Bretter von foil der Reihe Sroka 2021 und + ben\u00f6tigen k\u00f6nnten!","breadcrumb":{"@id":"https:\/\/old.srokacompany.com\/de\/produkt\/schrauben-im-einzelhandel\/#breadcrumb"},"inLanguage":"de","potentialAction":[{"@type":"ReadAction","target":["https:\/\/old.srokacompany.com\/de\/produkt\/schrauben-im-einzelhandel\/"]}]},{"@type":"ImageObject","inLanguage":"de","@id":"https:\/\/old.srokacompany.com\/de\/produkt\/schrauben-im-einzelhandel\/#primaryimage","url":"https:\/\/old.srokacompany.com\/wp-content\/uploads\/2021\/07\/Visserie-au-de\u0301tail-Sroka-1.jpg","contentUrl":"https:\/\/old.srokacompany.com\/wp-content\/uploads\/2021\/07\/Visserie-au-de\u0301tail-Sroka-1.jpg","width":780,"height":1040,"caption":"Kompletter Schraubensatz f\u00fcr Hydrofoil und Wingboards Sroka"},{"@type":"BreadcrumbList","@id":"https:\/\/old.srokacompany.com\/de\/produkt\/schrauben-im-einzelhandel\/#breadcrumb","itemListElement":[{"@type":"ListItem","position":1,"name":"Accueil","item":"https:\/\/srokacompany.com\/de\/"},{"@type":"ListItem","position":2,"name":"Laden","item":"https:\/\/srokacompany.com\/laden\/"},{"@type":"ListItem","position":3,"name":"Schrauben im Einzelhandel"}]},{"@type":"WebSite","@id":"https:\/\/srokacompany.com\/#website","url":"https:\/\/srokacompany.com\/","name":"SROKA Company","description":"SUP, Kite, Foil, Wing","publisher":{"@id":"https:\/\/srokacompany.com\/#organization"},"potentialAction":[{"@type":"SearchAction","target":{"@type":"EntryPoint","urlTemplate":"https:\/\/srokacompany.com\/?s={search_term_string}"},"query-input":{"@type":"PropertyValueSpecification","valueRequired":true,"valueName":"search_term_string"}}],"inLanguage":"de"},{"@type":"Organization","@id":"https:\/\/srokacompany.com\/#organization","name":"SROKACOMPANY","alternateName":"SROKA","url":"https:\/\/srokacompany.com\/","logo":{"@type":"ImageObject","inLanguage":"de","@id":"https:\/\/srokacompany.com\/#\/schema\/logo\/image\/","url":"https:\/\/srokacompany.com\/wp-content\/uploads\/2021\/01\/logo-sroka-black-transpa.png","contentUrl":"https:\/\/srokacompany.com\/wp-content\/uploads\/2021\/01\/logo-sroka-black-transpa.png","width":1201,"height":342,"caption":"SROKACOMPANY"},"image":{"@id":"https:\/\/srokacompany.com\/#\/schema\/logo\/image\/"},"sameAs":["https:\/\/www.facebook.com\/srokawatersports\/","https:\/\/www.instagram.com\/srokawatersports\/","https:\/\/www.youtube.com\/channel\/UCVLHHeaPIm-J5bdEUgxqtZA"]}]}},"uagb_featured_image_src":{"full":["https:\/\/old.srokacompany.com\/wp-content\/uploads\/2021\/07\/Visserie-au-de\u0301tail-Sroka-1.jpg",780,1040,false],"thumbnail":["https:\/\/old.srokacompany.com\/wp-content\/uploads\/2021\/07\/Visserie-au-de\u0301tail-Sroka-1-150x150.jpg",150,150,true],"medium":["https:\/\/old.srokacompany.com\/wp-content\/uploads\/2021\/07\/Visserie-au-de\u0301tail-Sroka-1-225x300.jpg",225,300,true],"medium_large":["https:\/\/old.srokacompany.com\/wp-content\/uploads\/2021\/07\/Visserie-au-de\u0301tail-Sroka-1-768x1024.jpg",768,1024,true],"large":["https:\/\/old.srokacompany.com\/wp-content\/uploads\/2021\/07\/Visserie-au-de\u0301tail-Sroka-1-768x1024.jpg",768,1024,true],"1536x1536":["https:\/\/old.srokacompany.com\/wp-content\/uploads\/2021\/07\/Visserie-au-de\u0301tail-Sroka-1.jpg",780,1040,false],"2048x2048":["https:\/\/old.srokacompany.com\/wp-content\/uploads\/2021\/07\/Visserie-au-de\u0301tail-Sroka-1.jpg",780,1040,false],"woocommerce_thumbnail":["https:\/\/old.srokacompany.com\/wp-content\/uploads\/2021\/07\/Visserie-au-de\u0301tail-Sroka-1-600x800.jpg",600,800,true],"woocommerce_single":["https:\/\/old.srokacompany.com\/wp-content\/uploads\/2021\/07\/Visserie-au-de\u0301tail-Sroka-1-600x800.jpg",600,800,true],"woocommerce_gallery_thumbnail":["https:\/\/old.srokacompany.com\/wp-content\/uploads\/2021\/07\/Visserie-au-de\u0301tail-Sroka-1-100x100.jpg",100,100,true],"dgwt-wcas-product-suggestion":["https:\/\/old.srokacompany.com\/wp-content\/uploads\/2021\/07\/Visserie-au-de\u0301tail-Sroka-1.jpg",64,85,false]},"uagb_author_info":{"display_name":"Tristan Dumard","author_link":"https:\/\/old.srokacompany.com\/de\/blog\/author\/"},"uagb_comment_info":0,"uagb_excerpt":"Schrauben im Einzelhandel f\u00fcr die Produktreihe Foil Sroka 2021 Alle Schrauben und Muttern im Detail, um Ihren S-Foil 2021 auszustatten. Hier sind die verschiedenen verf\u00fcgbaren Pakete: 4 Schrauben M8x20 mit Nippel zur Befestigung der S-Foil 2021\/Airbag-Platte 4 Schrauben M8x25 mit Nippel zur Befestigung der S-Foil 2021\/Hardboard Sky Rider und Fast Flyer 4 Schrauben M8x30, um&hellip;","jetpack_sharing_enabled":true,"_links":{"self":[{"href":"https:\/\/old.srokacompany.com\/de\/wp-json\/wp\/v2\/product\/342650","targetHints":{"allow":["GET"]}}],"collection":[{"href":"https:\/\/old.srokacompany.com\/de\/wp-json\/wp\/v2\/product"}],"about":[{"href":"https:\/\/old.srokacompany.com\/de\/wp-json\/wp\/v2\/types\/product"}],"wp:featuredmedia":[{"embeddable":true,"href":"https:\/\/old.srokacompany.com\/de\/wp-json\/wp\/v2\/media\/342651"}],"wp:attachment":[{"href":"https:\/\/old.srokacompany.com\/de\/wp-json\/wp\/v2\/media?parent=342650"}],"wp:term":[{"taxonomy":"product_brand","embeddable":true,"href":"https:\/\/old.srokacompany.com\/de\/wp-json\/wp\/v2\/product_brand?post=342650"},{"taxonomy":"product_cat","embeddable":true,"href":"https:\/\/old.srokacompany.com\/de\/wp-json\/wp\/v2\/product_cat?post=342650"},{"taxonomy":"product_tag","embeddable":true,"href":"https:\/\/old.srokacompany.com\/de\/wp-json\/wp\/v2\/product_tag?post=342650"}],"curies":[{"name":"wp","href":"https:\/\/api.w.org\/{rel}","templated":true}]}}