{"id":342819,"date":"2022-05-24T14:04:15","date_gmt":"2022-05-24T14:04:15","guid":{"rendered":"https:\/\/srokacompany.com\/produit\/pack-sup-aufblasbar-und-wing-v3\/"},"modified":"2025-10-31T19:13:22","modified_gmt":"2025-10-31T17:13:22","slug":"pack-sup-aufblasbar-und-wing-v3","status":"publish","type":"product","link":"https:\/\/old.srokacompany.com\/de\/produkt\/pack-sup-aufblasbar-und-wing-v3\/","title":{"rendered":"Pack SUP aufblasbar und Wing V3"},"content":{"rendered":"<hr>\n<p>Dieses stabile und platzsparende <strong>Paket SUP aufblasbar + Wing foil<\/strong> erm\u00f6glicht es Ihnen, die Nutzungszeit Ihres Paddels zu optimieren, die ganze Familie gefahrlos Windsportarten entdecken zu lassen und die Techniken der Wing-Nutzung zu erlernen.<\/p>\n<p>Dieses Paket ist plug and play und besteht aus einem <strong>aufblasbaren Stand Up Paddle Malibu 10&#8217;6 windsup<\/strong> (mit einem Schwert in der Mitte des Boards. Mit dem Mastfu\u00dfeinsatz und den Sitzbr\u00fccken l\u00e4sst sich das Board in ein Windsurfbrett oder Kajak verwandeln) und einem Wing in 3,3 oder 4m2 f\u00fcr Spa\u00df ab 8 Knoten Wind.<\/p>\n<p>Diese Kombination aus SUP und Wing erm\u00f6glicht es dir, unter allen Bedingungen zu spielen. Das Paket besteht aus <\/p>\n<ul>\n<li>einem <a href=\"https:\/\/srokacompany.com\/de\/produkt\/aufblasbares-windsup-106x32x6-fusion\/\">aufblasbaren Stand Up Paddle Malibu 10&#8217;6 Windsup<\/a><\/li>\n<li><a href=\"https:\/\/srokacompany.com\/de\/produkt\/2-oder-3-teiliges-verstellbares-aluminiumpaddel\/\">einem Alu-Paddel 3-teilig<\/a><\/li>\n<li>einer Doppelflusspumpe f\u00fcr Wing und Sup.<\/li>\n<li>einem Wing Surf Fl\u00fcgel 3,3 oder 4 m<\/li>\n<li>ein <a href=\"https:\/\/srokacompany.com\/de\/produkt\/leash-coil-10\/\">leash coiled<\/a><\/li>\n<li>eine Tragetasche 149L<\/li>\n<\/ul>\n","protected":false},"excerpt":{"rendered":"<p>&#x2757;&#xfe0f;Begrenzter Bestand&#x2757;&#xfe0f;<\/p>\n<p>Das <a href=\"https:\/\/srokacompany.com\/de\/blog\/wie-lernt-man-wing-foil\/\">Erlernen des Wingfoils<\/a> kann schwierig und kompliziert erscheinen. Wenn du lernen willst, den foil, den Wing und das Board gleichzeitig zu beherrschen, haben wir die L\u00f6sung f\u00fcr dich! Dieses gemischte Konzept er\u00f6ffnet eine andere Vision des Paddelns an windigen Tagen. Einen <strong>Wingfoil<\/strong> beherrschen zu lernen <strong> foil war noch nie so einfach, und das ist der erste Schritt, um den Wingfoil zu beherrschen.<\/strong> <\/p>\n","protected":false},"featured_media":342826,"template":"","meta":{"_acf_changed":false,"_uag_custom_page_level_css":""},"product_brand":[],"product_cat":[3620,3582],"product_tag":[],"class_list":{"0":"post-342819","1":"product","2":"type-product","3":"status-publish","4":"has-post-thumbnail","6":"product_cat-aufblasbare-paddel","7":"product_cat-promos-de","8":"product_shipping_class-aufblasbares-komplettpaket-wing","10":"first","11":"outofstock","12":"sale","13":"taxable","14":"shipping-taxable","15":"purchasable","16":"product-type-variable"},"acf":[],"yoast_head":"<!-- This site is optimized with the Yoast SEO plugin v27.4 - https:\/\/yoast.com\/product\/yoast-seo-wordpress\/ -->\n<title>Stand Up Paddle Pack mit Wing- SROKA Company<\/title>\n<meta name=\"description\" content=\"Das perfekte Stand Up Paddle-Paket mit einem Sroka-Wing, um das Wing Paddling leicht zu erlernen foil! Dieses Komplettpaket ist perfekt f\u00fcr die Familie\" \/>\n<meta name=\"robots\" content=\"index, follow, max-snippet:-1, max-image-preview:large, max-video-preview:-1\" \/>\n<link rel=\"canonical\" href=\"https:\/\/old.srokacompany.com\/de\/produkt\/pack-sup-aufblasbar-und-wing-v3\/\" \/>\n<meta property=\"og:locale\" content=\"de_DE\" \/>\n<meta property=\"og:type\" content=\"article\" \/>\n<meta property=\"og:title\" content=\"Stand Up Paddle Pack mit Wing- SROKA Company\" \/>\n<meta property=\"og:description\" content=\"Das perfekte Stand Up Paddle-Paket mit einem Sroka-Wing, um das Wing Paddling leicht zu erlernen foil! Dieses Komplettpaket ist perfekt f\u00fcr die Familie\" \/>\n<meta property=\"og:url\" content=\"https:\/\/old.srokacompany.com\/de\/produkt\/pack-sup-aufblasbar-und-wing-v3\/\" \/>\n<meta property=\"og:site_name\" content=\"SROKA Company\" \/>\n<meta property=\"article:publisher\" content=\"https:\/\/www.facebook.com\/srokawatersports\/\" \/>\n<meta property=\"article:modified_time\" content=\"2025-10-31T17:13:22+00:00\" \/>\n<meta property=\"og:image\" content=\"https:\/\/srokacompany.com\/wp-content\/uploads\/2022\/05\/Pack-decouverte.png\" \/>\n\t<meta property=\"og:image:width\" content=\"780\" \/>\n\t<meta property=\"og:image:height\" content=\"1040\" \/>\n\t<meta property=\"og:image:type\" content=\"image\/png\" \/>\n<meta name=\"twitter:label1\" content=\"Gesch\u00e4tzte Lesezeit\" \/>\n\t<meta name=\"twitter:data1\" content=\"1\u00a0Minute\" \/>\n<script type=\"application\/ld+json\" class=\"yoast-schema-graph\">{\"@context\":\"https:\\\/\\\/schema.org\",\"@graph\":[{\"@type\":\"WebPage\",\"@id\":\"https:\\\/\\\/old.srokacompany.com\\\/de\\\/produkt\\\/pack-sup-aufblasbar-und-wing-v3\\\/\",\"url\":\"https:\\\/\\\/old.srokacompany.com\\\/de\\\/produkt\\\/pack-sup-aufblasbar-und-wing-v3\\\/\",\"name\":\"Stand Up Paddle Pack mit Wing- SROKA Company\",\"isPartOf\":{\"@id\":\"https:\\\/\\\/srokacompany.com\\\/#website\"},\"primaryImageOfPage\":{\"@id\":\"https:\\\/\\\/old.srokacompany.com\\\/de\\\/produkt\\\/pack-sup-aufblasbar-und-wing-v3\\\/#primaryimage\"},\"image\":{\"@id\":\"https:\\\/\\\/old.srokacompany.com\\\/de\\\/produkt\\\/pack-sup-aufblasbar-und-wing-v3\\\/#primaryimage\"},\"thumbnailUrl\":\"https:\\\/\\\/old.srokacompany.com\\\/wp-content\\\/uploads\\\/2022\\\/05\\\/Pack-decouverte.png\",\"datePublished\":\"2022-05-24T14:04:15+00:00\",\"dateModified\":\"2025-10-31T17:13:22+00:00\",\"description\":\"Das perfekte Stand Up Paddle-Paket mit einem Sroka-Wing, um das Wing Paddling leicht zu erlernen foil! Dieses Komplettpaket ist perfekt f\u00fcr die Familie\",\"breadcrumb\":{\"@id\":\"https:\\\/\\\/old.srokacompany.com\\\/de\\\/produkt\\\/pack-sup-aufblasbar-und-wing-v3\\\/#breadcrumb\"},\"inLanguage\":\"de\",\"potentialAction\":[{\"@type\":\"ReadAction\",\"target\":[\"https:\\\/\\\/old.srokacompany.com\\\/de\\\/produkt\\\/pack-sup-aufblasbar-und-wing-v3\\\/\"]}]},{\"@type\":\"ImageObject\",\"inLanguage\":\"de\",\"@id\":\"https:\\\/\\\/old.srokacompany.com\\\/de\\\/produkt\\\/pack-sup-aufblasbar-und-wing-v3\\\/#primaryimage\",\"url\":\"https:\\\/\\\/old.srokacompany.com\\\/wp-content\\\/uploads\\\/2022\\\/05\\\/Pack-decouverte.png\",\"contentUrl\":\"https:\\\/\\\/old.srokacompany.com\\\/wp-content\\\/uploads\\\/2022\\\/05\\\/Pack-decouverte.png\",\"width\":780,\"height\":1040},{\"@type\":\"BreadcrumbList\",\"@id\":\"https:\\\/\\\/old.srokacompany.com\\\/de\\\/produkt\\\/pack-sup-aufblasbar-und-wing-v3\\\/#breadcrumb\",\"itemListElement\":[{\"@type\":\"ListItem\",\"position\":1,\"name\":\"Accueil\",\"item\":\"https:\\\/\\\/srokacompany.com\\\/de\\\/\"},{\"@type\":\"ListItem\",\"position\":2,\"name\":\"Laden\",\"item\":\"https:\\\/\\\/srokacompany.com\\\/laden\\\/\"},{\"@type\":\"ListItem\",\"position\":3,\"name\":\"Pack SUP aufblasbar und Wing V3\"}]},{\"@type\":\"WebSite\",\"@id\":\"https:\\\/\\\/srokacompany.com\\\/#website\",\"url\":\"https:\\\/\\\/srokacompany.com\\\/\",\"name\":\"SROKA Company\",\"description\":\"SUP, Kite, Foil, Wing\",\"publisher\":{\"@id\":\"https:\\\/\\\/srokacompany.com\\\/#organization\"},\"potentialAction\":[{\"@type\":\"SearchAction\",\"target\":{\"@type\":\"EntryPoint\",\"urlTemplate\":\"https:\\\/\\\/srokacompany.com\\\/?s={search_term_string}\"},\"query-input\":{\"@type\":\"PropertyValueSpecification\",\"valueRequired\":true,\"valueName\":\"search_term_string\"}}],\"inLanguage\":\"de\"},{\"@type\":\"Organization\",\"@id\":\"https:\\\/\\\/srokacompany.com\\\/#organization\",\"name\":\"SROKACOMPANY\",\"alternateName\":\"SROKA\",\"url\":\"https:\\\/\\\/srokacompany.com\\\/\",\"logo\":{\"@type\":\"ImageObject\",\"inLanguage\":\"de\",\"@id\":\"https:\\\/\\\/srokacompany.com\\\/#\\\/schema\\\/logo\\\/image\\\/\",\"url\":\"https:\\\/\\\/srokacompany.com\\\/wp-content\\\/uploads\\\/2021\\\/01\\\/logo-sroka-black-transpa.png\",\"contentUrl\":\"https:\\\/\\\/srokacompany.com\\\/wp-content\\\/uploads\\\/2021\\\/01\\\/logo-sroka-black-transpa.png\",\"width\":1201,\"height\":342,\"caption\":\"SROKACOMPANY\"},\"image\":{\"@id\":\"https:\\\/\\\/srokacompany.com\\\/#\\\/schema\\\/logo\\\/image\\\/\"},\"sameAs\":[\"https:\\\/\\\/www.facebook.com\\\/srokawatersports\\\/\",\"https:\\\/\\\/www.instagram.com\\\/srokawatersports\\\/\",\"https:\\\/\\\/www.youtube.com\\\/channel\\\/UCVLHHeaPIm-J5bdEUgxqtZA\"]}]}<\/script>\n<!-- \/ Yoast SEO plugin. -->","yoast_head_json":{"title":"Stand Up Paddle Pack mit Wing- SROKA Company","description":"Das perfekte Stand Up Paddle-Paket mit einem Sroka-Wing, um das Wing Paddling leicht zu erlernen foil! Dieses Komplettpaket ist perfekt f\u00fcr die Familie","robots":{"index":"index","follow":"follow","max-snippet":"max-snippet:-1","max-image-preview":"max-image-preview:large","max-video-preview":"max-video-preview:-1"},"canonical":"https:\/\/old.srokacompany.com\/de\/produkt\/pack-sup-aufblasbar-und-wing-v3\/","og_locale":"de_DE","og_type":"article","og_title":"Stand Up Paddle Pack mit Wing- SROKA Company","og_description":"Das perfekte Stand Up Paddle-Paket mit einem Sroka-Wing, um das Wing Paddling leicht zu erlernen foil! Dieses Komplettpaket ist perfekt f\u00fcr die Familie","og_url":"https:\/\/old.srokacompany.com\/de\/produkt\/pack-sup-aufblasbar-und-wing-v3\/","og_site_name":"SROKA Company","article_publisher":"https:\/\/www.facebook.com\/srokawatersports\/","article_modified_time":"2025-10-31T17:13:22+00:00","og_image":[{"width":780,"height":1040,"url":"https:\/\/srokacompany.com\/wp-content\/uploads\/2022\/05\/Pack-decouverte.png","type":"image\/png"}],"twitter_misc":{"Gesch\u00e4tzte Lesezeit":"1\u00a0Minute"},"schema":{"@context":"https:\/\/schema.org","@graph":[{"@type":"WebPage","@id":"https:\/\/old.srokacompany.com\/de\/produkt\/pack-sup-aufblasbar-und-wing-v3\/","url":"https:\/\/old.srokacompany.com\/de\/produkt\/pack-sup-aufblasbar-und-wing-v3\/","name":"Stand Up Paddle Pack mit Wing- SROKA Company","isPartOf":{"@id":"https:\/\/srokacompany.com\/#website"},"primaryImageOfPage":{"@id":"https:\/\/old.srokacompany.com\/de\/produkt\/pack-sup-aufblasbar-und-wing-v3\/#primaryimage"},"image":{"@id":"https:\/\/old.srokacompany.com\/de\/produkt\/pack-sup-aufblasbar-und-wing-v3\/#primaryimage"},"thumbnailUrl":"https:\/\/old.srokacompany.com\/wp-content\/uploads\/2022\/05\/Pack-decouverte.png","datePublished":"2022-05-24T14:04:15+00:00","dateModified":"2025-10-31T17:13:22+00:00","description":"Das perfekte Stand Up Paddle-Paket mit einem Sroka-Wing, um das Wing Paddling leicht zu erlernen foil! Dieses Komplettpaket ist perfekt f\u00fcr die Familie","breadcrumb":{"@id":"https:\/\/old.srokacompany.com\/de\/produkt\/pack-sup-aufblasbar-und-wing-v3\/#breadcrumb"},"inLanguage":"de","potentialAction":[{"@type":"ReadAction","target":["https:\/\/old.srokacompany.com\/de\/produkt\/pack-sup-aufblasbar-und-wing-v3\/"]}]},{"@type":"ImageObject","inLanguage":"de","@id":"https:\/\/old.srokacompany.com\/de\/produkt\/pack-sup-aufblasbar-und-wing-v3\/#primaryimage","url":"https:\/\/old.srokacompany.com\/wp-content\/uploads\/2022\/05\/Pack-decouverte.png","contentUrl":"https:\/\/old.srokacompany.com\/wp-content\/uploads\/2022\/05\/Pack-decouverte.png","width":780,"height":1040},{"@type":"BreadcrumbList","@id":"https:\/\/old.srokacompany.com\/de\/produkt\/pack-sup-aufblasbar-und-wing-v3\/#breadcrumb","itemListElement":[{"@type":"ListItem","position":1,"name":"Accueil","item":"https:\/\/srokacompany.com\/de\/"},{"@type":"ListItem","position":2,"name":"Laden","item":"https:\/\/srokacompany.com\/laden\/"},{"@type":"ListItem","position":3,"name":"Pack SUP aufblasbar und Wing V3"}]},{"@type":"WebSite","@id":"https:\/\/srokacompany.com\/#website","url":"https:\/\/srokacompany.com\/","name":"SROKA Company","description":"SUP, Kite, Foil, Wing","publisher":{"@id":"https:\/\/srokacompany.com\/#organization"},"potentialAction":[{"@type":"SearchAction","target":{"@type":"EntryPoint","urlTemplate":"https:\/\/srokacompany.com\/?s={search_term_string}"},"query-input":{"@type":"PropertyValueSpecification","valueRequired":true,"valueName":"search_term_string"}}],"inLanguage":"de"},{"@type":"Organization","@id":"https:\/\/srokacompany.com\/#organization","name":"SROKACOMPANY","alternateName":"SROKA","url":"https:\/\/srokacompany.com\/","logo":{"@type":"ImageObject","inLanguage":"de","@id":"https:\/\/srokacompany.com\/#\/schema\/logo\/image\/","url":"https:\/\/srokacompany.com\/wp-content\/uploads\/2021\/01\/logo-sroka-black-transpa.png","contentUrl":"https:\/\/srokacompany.com\/wp-content\/uploads\/2021\/01\/logo-sroka-black-transpa.png","width":1201,"height":342,"caption":"SROKACOMPANY"},"image":{"@id":"https:\/\/srokacompany.com\/#\/schema\/logo\/image\/"},"sameAs":["https:\/\/www.facebook.com\/srokawatersports\/","https:\/\/www.instagram.com\/srokawatersports\/","https:\/\/www.youtube.com\/channel\/UCVLHHeaPIm-J5bdEUgxqtZA"]}]}},"uagb_featured_image_src":{"full":["https:\/\/old.srokacompany.com\/wp-content\/uploads\/2022\/05\/Pack-decouverte.png",780,1040,false],"thumbnail":["https:\/\/old.srokacompany.com\/wp-content\/uploads\/2022\/05\/Pack-decouverte-150x150.png",150,150,true],"medium":["https:\/\/old.srokacompany.com\/wp-content\/uploads\/2022\/05\/Pack-decouverte-225x300.png",225,300,true],"medium_large":["https:\/\/old.srokacompany.com\/wp-content\/uploads\/2022\/05\/Pack-decouverte-768x1024.png",768,1024,true],"large":["https:\/\/old.srokacompany.com\/wp-content\/uploads\/2022\/05\/Pack-decouverte-768x1024.png",768,1024,true],"1536x1536":["https:\/\/old.srokacompany.com\/wp-content\/uploads\/2022\/05\/Pack-decouverte.png",780,1040,false],"2048x2048":["https:\/\/old.srokacompany.com\/wp-content\/uploads\/2022\/05\/Pack-decouverte.png",780,1040,false],"woocommerce_thumbnail":["https:\/\/old.srokacompany.com\/wp-content\/uploads\/2022\/05\/Pack-decouverte-600x800.png",600,800,true],"woocommerce_single":["https:\/\/old.srokacompany.com\/wp-content\/uploads\/2022\/05\/Pack-decouverte-600x800.png",600,800,true],"woocommerce_gallery_thumbnail":["https:\/\/old.srokacompany.com\/wp-content\/uploads\/2022\/05\/Pack-decouverte-100x100.png",100,100,true],"dgwt-wcas-product-suggestion":["https:\/\/old.srokacompany.com\/wp-content\/uploads\/2022\/05\/Pack-decouverte.png",64,85,false]},"uagb_author_info":{"display_name":"Emmanuel DIJOUX","author_link":"https:\/\/old.srokacompany.com\/de\/blog\/author\/"},"uagb_comment_info":0,"uagb_excerpt":"&#x2757;&#xfe0f;Begrenzter Bestand&#x2757;&#xfe0f; Das Erlernen des Wingfoils kann schwierig und kompliziert erscheinen. Wenn du lernen willst, den foil, den Wing und das Board gleichzeitig zu beherrschen, haben wir die L\u00f6sung f\u00fcr dich! Dieses gemischte Konzept er\u00f6ffnet eine andere Vision des Paddelns an windigen Tagen. Einen Wingfoil beherrschen zu lernen foil war noch nie so einfach, und&hellip;","jetpack_sharing_enabled":true,"_links":{"self":[{"href":"https:\/\/old.srokacompany.com\/de\/wp-json\/wp\/v2\/product\/342819","targetHints":{"allow":["GET"]}}],"collection":[{"href":"https:\/\/old.srokacompany.com\/de\/wp-json\/wp\/v2\/product"}],"about":[{"href":"https:\/\/old.srokacompany.com\/de\/wp-json\/wp\/v2\/types\/product"}],"wp:featuredmedia":[{"embeddable":true,"href":"https:\/\/old.srokacompany.com\/de\/wp-json\/wp\/v2\/media\/342826"}],"wp:attachment":[{"href":"https:\/\/old.srokacompany.com\/de\/wp-json\/wp\/v2\/media?parent=342819"}],"wp:term":[{"taxonomy":"product_brand","embeddable":true,"href":"https:\/\/old.srokacompany.com\/de\/wp-json\/wp\/v2\/product_brand?post=342819"},{"taxonomy":"product_cat","embeddable":true,"href":"https:\/\/old.srokacompany.com\/de\/wp-json\/wp\/v2\/product_cat?post=342819"},{"taxonomy":"product_tag","embeddable":true,"href":"https:\/\/old.srokacompany.com\/de\/wp-json\/wp\/v2\/product_tag?post=342819"}],"curies":[{"name":"wp","href":"https:\/\/api.w.org\/{rel}","templated":true}]}}