{"id":342925,"date":"2022-04-14T07:32:54","date_gmt":"2022-04-14T07:32:54","guid":{"rendered":"https:\/\/srokacompany.com\/produit\/transporthuelle-fuer-das-board-von-foil-boardbag\/"},"modified":"2025-11-28T14:30:10","modified_gmt":"2025-11-28T12:30:10","slug":"transporthuelle-fuer-das-board-von-foil-boardbag","status":"publish","type":"product","link":"https:\/\/old.srokacompany.com\/de\/produkt\/transporthuelle-fuer-das-board-von-foil-boardbag\/","title":{"rendered":"Transporth\u00fclle f\u00fcr das Board von foil &#8211; Boardbag"},"content":{"rendered":"","protected":false},"excerpt":{"rendered":"","protected":false},"featured_media":342926,"template":"","meta":{"_acf_changed":false,"_uag_custom_page_level_css":""},"product_brand":[],"product_cat":[4258,3453,3658,3591],"product_tag":[],"class_list":{"0":"post-342925","1":"product","2":"type-product","3":"status-publish","4":"has-post-thumbnail","6":"product_cat-schwarzer-freitag","7":"product_cat-wing-foil-de","8":"product_cat-wing-bezug-foil","9":"product_cat-zubehor-foil","10":"product_shipping_class-foil-komplett-oder-ersatzteile-wing-einheit","12":"first","13":"instock","14":"sale","15":"taxable","16":"shipping-taxable","17":"purchasable","18":"product-type-variable","19":"has-default-attributes"},"acf":[],"yoast_head":"<!-- This site is optimized with the Yoast SEO plugin v27.4 - https:\/\/yoast.com\/product\/yoast-seo-wordpress\/ -->\n<title>Transporth\u00fclle f\u00fcr das Board von foil - Boardbag - SROKA Company<\/title>\n<meta name=\"description\" content=\"Die beste Boardbag f\u00fcr dein Board foil. Finden Sie hochwertige Boardbags zu kleinen Preisen auf Sroka Company.\" \/>\n<meta name=\"robots\" content=\"index, follow, max-snippet:-1, max-image-preview:large, max-video-preview:-1\" \/>\n<link rel=\"canonical\" href=\"https:\/\/old.srokacompany.com\/de\/produkt\/transporthuelle-fuer-das-board-von-foil-boardbag\/\" \/>\n<meta property=\"og:locale\" content=\"de_DE\" \/>\n<meta property=\"og:type\" content=\"article\" \/>\n<meta property=\"og:title\" content=\"Transporth\u00fclle f\u00fcr das Board von foil - Boardbag - SROKA Company\" \/>\n<meta property=\"og:description\" content=\"Die beste Boardbag f\u00fcr dein Board foil. Finden Sie hochwertige Boardbags zu kleinen Preisen auf Sroka Company.\" \/>\n<meta property=\"og:url\" content=\"https:\/\/old.srokacompany.com\/de\/produkt\/transporthuelle-fuer-das-board-von-foil-boardbag\/\" \/>\n<meta property=\"og:site_name\" content=\"SROKA Company\" \/>\n<meta property=\"article:publisher\" content=\"https:\/\/www.facebook.com\/srokawatersports\/\" \/>\n<meta property=\"article:modified_time\" content=\"2025-11-28T12:30:10+00:00\" \/>\n<meta property=\"og:image\" content=\"https:\/\/srokacompany.com\/wp-content\/uploads\/2022\/04\/Housse-de-planche-de-foil-boardbag-wing.jpg\" \/>\n\t<meta property=\"og:image:width\" content=\"780\" \/>\n\t<meta property=\"og:image:height\" content=\"1040\" \/>\n\t<meta property=\"og:image:type\" content=\"image\/jpeg\" \/>\n<script type=\"application\/ld+json\" class=\"yoast-schema-graph\">{\"@context\":\"https:\\\/\\\/schema.org\",\"@graph\":[{\"@type\":\"WebPage\",\"@id\":\"https:\\\/\\\/old.srokacompany.com\\\/de\\\/produkt\\\/transporthuelle-fuer-das-board-von-foil-boardbag\\\/\",\"url\":\"https:\\\/\\\/old.srokacompany.com\\\/de\\\/produkt\\\/transporthuelle-fuer-das-board-von-foil-boardbag\\\/\",\"name\":\"Transporth\u00fclle f\u00fcr das Board von foil - Boardbag - SROKA Company\",\"isPartOf\":{\"@id\":\"https:\\\/\\\/srokacompany.com\\\/#website\"},\"primaryImageOfPage\":{\"@id\":\"https:\\\/\\\/old.srokacompany.com\\\/de\\\/produkt\\\/transporthuelle-fuer-das-board-von-foil-boardbag\\\/#primaryimage\"},\"image\":{\"@id\":\"https:\\\/\\\/old.srokacompany.com\\\/de\\\/produkt\\\/transporthuelle-fuer-das-board-von-foil-boardbag\\\/#primaryimage\"},\"thumbnailUrl\":\"https:\\\/\\\/old.srokacompany.com\\\/wp-content\\\/uploads\\\/2022\\\/04\\\/Housse-de-planche-de-foil-boardbag-wing.jpg\",\"datePublished\":\"2022-04-14T07:32:54+00:00\",\"dateModified\":\"2025-11-28T12:30:10+00:00\",\"description\":\"Die beste Boardbag f\u00fcr dein Board foil. Finden Sie hochwertige Boardbags zu kleinen Preisen auf Sroka Company.\",\"breadcrumb\":{\"@id\":\"https:\\\/\\\/old.srokacompany.com\\\/de\\\/produkt\\\/transporthuelle-fuer-das-board-von-foil-boardbag\\\/#breadcrumb\"},\"inLanguage\":\"de\",\"potentialAction\":[{\"@type\":\"ReadAction\",\"target\":[\"https:\\\/\\\/old.srokacompany.com\\\/de\\\/produkt\\\/transporthuelle-fuer-das-board-von-foil-boardbag\\\/\"]}]},{\"@type\":\"ImageObject\",\"inLanguage\":\"de\",\"@id\":\"https:\\\/\\\/old.srokacompany.com\\\/de\\\/produkt\\\/transporthuelle-fuer-das-board-von-foil-boardbag\\\/#primaryimage\",\"url\":\"https:\\\/\\\/old.srokacompany.com\\\/wp-content\\\/uploads\\\/2022\\\/04\\\/Housse-de-planche-de-foil-boardbag-wing.jpg\",\"contentUrl\":\"https:\\\/\\\/old.srokacompany.com\\\/wp-content\\\/uploads\\\/2022\\\/04\\\/Housse-de-planche-de-foil-boardbag-wing.jpg\",\"width\":780,\"height\":1040,\"caption\":\"housse planche wingfoil\"},{\"@type\":\"BreadcrumbList\",\"@id\":\"https:\\\/\\\/old.srokacompany.com\\\/de\\\/produkt\\\/transporthuelle-fuer-das-board-von-foil-boardbag\\\/#breadcrumb\",\"itemListElement\":[{\"@type\":\"ListItem\",\"position\":1,\"name\":\"Accueil\",\"item\":\"https:\\\/\\\/srokacompany.com\\\/de\\\/\"},{\"@type\":\"ListItem\",\"position\":2,\"name\":\"Laden\",\"item\":\"https:\\\/\\\/srokacompany.com\\\/laden\\\/\"},{\"@type\":\"ListItem\",\"position\":3,\"name\":\"Transporth\u00fclle f\u00fcr das Board von foil &#8211; Boardbag\"}]},{\"@type\":\"WebSite\",\"@id\":\"https:\\\/\\\/srokacompany.com\\\/#website\",\"url\":\"https:\\\/\\\/srokacompany.com\\\/\",\"name\":\"SROKA Company\",\"description\":\"SUP, Kite, Foil, Wing\",\"publisher\":{\"@id\":\"https:\\\/\\\/srokacompany.com\\\/#organization\"},\"potentialAction\":[{\"@type\":\"SearchAction\",\"target\":{\"@type\":\"EntryPoint\",\"urlTemplate\":\"https:\\\/\\\/srokacompany.com\\\/?s={search_term_string}\"},\"query-input\":{\"@type\":\"PropertyValueSpecification\",\"valueRequired\":true,\"valueName\":\"search_term_string\"}}],\"inLanguage\":\"de\"},{\"@type\":\"Organization\",\"@id\":\"https:\\\/\\\/srokacompany.com\\\/#organization\",\"name\":\"SROKACOMPANY\",\"alternateName\":\"SROKA\",\"url\":\"https:\\\/\\\/srokacompany.com\\\/\",\"logo\":{\"@type\":\"ImageObject\",\"inLanguage\":\"de\",\"@id\":\"https:\\\/\\\/srokacompany.com\\\/#\\\/schema\\\/logo\\\/image\\\/\",\"url\":\"https:\\\/\\\/srokacompany.com\\\/wp-content\\\/uploads\\\/2021\\\/01\\\/logo-sroka-black-transpa.png\",\"contentUrl\":\"https:\\\/\\\/srokacompany.com\\\/wp-content\\\/uploads\\\/2021\\\/01\\\/logo-sroka-black-transpa.png\",\"width\":1201,\"height\":342,\"caption\":\"SROKACOMPANY\"},\"image\":{\"@id\":\"https:\\\/\\\/srokacompany.com\\\/#\\\/schema\\\/logo\\\/image\\\/\"},\"sameAs\":[\"https:\\\/\\\/www.facebook.com\\\/srokawatersports\\\/\",\"https:\\\/\\\/www.instagram.com\\\/srokawatersports\\\/\",\"https:\\\/\\\/www.youtube.com\\\/channel\\\/UCVLHHeaPIm-J5bdEUgxqtZA\"]}]}<\/script>\n<!-- \/ Yoast SEO plugin. -->","yoast_head_json":{"title":"Transporth\u00fclle f\u00fcr das Board von foil - Boardbag - SROKA Company","description":"Die beste Boardbag f\u00fcr dein Board foil. Finden Sie hochwertige Boardbags zu kleinen Preisen auf Sroka Company.","robots":{"index":"index","follow":"follow","max-snippet":"max-snippet:-1","max-image-preview":"max-image-preview:large","max-video-preview":"max-video-preview:-1"},"canonical":"https:\/\/old.srokacompany.com\/de\/produkt\/transporthuelle-fuer-das-board-von-foil-boardbag\/","og_locale":"de_DE","og_type":"article","og_title":"Transporth\u00fclle f\u00fcr das Board von foil - Boardbag - SROKA Company","og_description":"Die beste Boardbag f\u00fcr dein Board foil. Finden Sie hochwertige Boardbags zu kleinen Preisen auf Sroka Company.","og_url":"https:\/\/old.srokacompany.com\/de\/produkt\/transporthuelle-fuer-das-board-von-foil-boardbag\/","og_site_name":"SROKA Company","article_publisher":"https:\/\/www.facebook.com\/srokawatersports\/","article_modified_time":"2025-11-28T12:30:10+00:00","og_image":[{"width":780,"height":1040,"url":"https:\/\/srokacompany.com\/wp-content\/uploads\/2022\/04\/Housse-de-planche-de-foil-boardbag-wing.jpg","type":"image\/jpeg"}],"schema":{"@context":"https:\/\/schema.org","@graph":[{"@type":"WebPage","@id":"https:\/\/old.srokacompany.com\/de\/produkt\/transporthuelle-fuer-das-board-von-foil-boardbag\/","url":"https:\/\/old.srokacompany.com\/de\/produkt\/transporthuelle-fuer-das-board-von-foil-boardbag\/","name":"Transporth\u00fclle f\u00fcr das Board von foil - Boardbag - SROKA Company","isPartOf":{"@id":"https:\/\/srokacompany.com\/#website"},"primaryImageOfPage":{"@id":"https:\/\/old.srokacompany.com\/de\/produkt\/transporthuelle-fuer-das-board-von-foil-boardbag\/#primaryimage"},"image":{"@id":"https:\/\/old.srokacompany.com\/de\/produkt\/transporthuelle-fuer-das-board-von-foil-boardbag\/#primaryimage"},"thumbnailUrl":"https:\/\/old.srokacompany.com\/wp-content\/uploads\/2022\/04\/Housse-de-planche-de-foil-boardbag-wing.jpg","datePublished":"2022-04-14T07:32:54+00:00","dateModified":"2025-11-28T12:30:10+00:00","description":"Die beste Boardbag f\u00fcr dein Board foil. Finden Sie hochwertige Boardbags zu kleinen Preisen auf Sroka Company.","breadcrumb":{"@id":"https:\/\/old.srokacompany.com\/de\/produkt\/transporthuelle-fuer-das-board-von-foil-boardbag\/#breadcrumb"},"inLanguage":"de","potentialAction":[{"@type":"ReadAction","target":["https:\/\/old.srokacompany.com\/de\/produkt\/transporthuelle-fuer-das-board-von-foil-boardbag\/"]}]},{"@type":"ImageObject","inLanguage":"de","@id":"https:\/\/old.srokacompany.com\/de\/produkt\/transporthuelle-fuer-das-board-von-foil-boardbag\/#primaryimage","url":"https:\/\/old.srokacompany.com\/wp-content\/uploads\/2022\/04\/Housse-de-planche-de-foil-boardbag-wing.jpg","contentUrl":"https:\/\/old.srokacompany.com\/wp-content\/uploads\/2022\/04\/Housse-de-planche-de-foil-boardbag-wing.jpg","width":780,"height":1040,"caption":"housse planche wingfoil"},{"@type":"BreadcrumbList","@id":"https:\/\/old.srokacompany.com\/de\/produkt\/transporthuelle-fuer-das-board-von-foil-boardbag\/#breadcrumb","itemListElement":[{"@type":"ListItem","position":1,"name":"Accueil","item":"https:\/\/srokacompany.com\/de\/"},{"@type":"ListItem","position":2,"name":"Laden","item":"https:\/\/srokacompany.com\/laden\/"},{"@type":"ListItem","position":3,"name":"Transporth\u00fclle f\u00fcr das Board von foil &#8211; Boardbag"}]},{"@type":"WebSite","@id":"https:\/\/srokacompany.com\/#website","url":"https:\/\/srokacompany.com\/","name":"SROKA Company","description":"SUP, Kite, Foil, Wing","publisher":{"@id":"https:\/\/srokacompany.com\/#organization"},"potentialAction":[{"@type":"SearchAction","target":{"@type":"EntryPoint","urlTemplate":"https:\/\/srokacompany.com\/?s={search_term_string}"},"query-input":{"@type":"PropertyValueSpecification","valueRequired":true,"valueName":"search_term_string"}}],"inLanguage":"de"},{"@type":"Organization","@id":"https:\/\/srokacompany.com\/#organization","name":"SROKACOMPANY","alternateName":"SROKA","url":"https:\/\/srokacompany.com\/","logo":{"@type":"ImageObject","inLanguage":"de","@id":"https:\/\/srokacompany.com\/#\/schema\/logo\/image\/","url":"https:\/\/srokacompany.com\/wp-content\/uploads\/2021\/01\/logo-sroka-black-transpa.png","contentUrl":"https:\/\/srokacompany.com\/wp-content\/uploads\/2021\/01\/logo-sroka-black-transpa.png","width":1201,"height":342,"caption":"SROKACOMPANY"},"image":{"@id":"https:\/\/srokacompany.com\/#\/schema\/logo\/image\/"},"sameAs":["https:\/\/www.facebook.com\/srokawatersports\/","https:\/\/www.instagram.com\/srokawatersports\/","https:\/\/www.youtube.com\/channel\/UCVLHHeaPIm-J5bdEUgxqtZA"]}]}},"uagb_featured_image_src":{"full":["https:\/\/old.srokacompany.com\/wp-content\/uploads\/2022\/04\/Housse-de-planche-de-foil-boardbag-wing.jpg",780,1040,false],"thumbnail":["https:\/\/old.srokacompany.com\/wp-content\/uploads\/2022\/04\/Housse-de-planche-de-foil-boardbag-wing-150x150.jpg",150,150,true],"medium":["https:\/\/old.srokacompany.com\/wp-content\/uploads\/2022\/04\/Housse-de-planche-de-foil-boardbag-wing-225x300.jpg",225,300,true],"medium_large":["https:\/\/old.srokacompany.com\/wp-content\/uploads\/2022\/04\/Housse-de-planche-de-foil-boardbag-wing-768x1024.jpg",768,1024,true],"large":["https:\/\/old.srokacompany.com\/wp-content\/uploads\/2022\/04\/Housse-de-planche-de-foil-boardbag-wing-768x1024.jpg",768,1024,true],"1536x1536":["https:\/\/old.srokacompany.com\/wp-content\/uploads\/2022\/04\/Housse-de-planche-de-foil-boardbag-wing.jpg",780,1040,false],"2048x2048":["https:\/\/old.srokacompany.com\/wp-content\/uploads\/2022\/04\/Housse-de-planche-de-foil-boardbag-wing.jpg",780,1040,false],"woocommerce_thumbnail":["https:\/\/old.srokacompany.com\/wp-content\/uploads\/2022\/04\/Housse-de-planche-de-foil-boardbag-wing-600x800.jpg",600,800,true],"woocommerce_single":["https:\/\/old.srokacompany.com\/wp-content\/uploads\/2022\/04\/Housse-de-planche-de-foil-boardbag-wing-600x800.jpg",600,800,true],"woocommerce_gallery_thumbnail":["https:\/\/old.srokacompany.com\/wp-content\/uploads\/2022\/04\/Housse-de-planche-de-foil-boardbag-wing-100x100.jpg",100,100,true],"dgwt-wcas-product-suggestion":["https:\/\/old.srokacompany.com\/wp-content\/uploads\/2022\/04\/Housse-de-planche-de-foil-boardbag-wing-64x85.jpg",64,85,true]},"uagb_author_info":{"display_name":"Emmanuel DIJOUX","author_link":"https:\/\/old.srokacompany.com\/de\/blog\/author\/"},"uagb_comment_info":0,"uagb_excerpt":null,"jetpack_sharing_enabled":true,"_links":{"self":[{"href":"https:\/\/old.srokacompany.com\/de\/wp-json\/wp\/v2\/product\/342925","targetHints":{"allow":["GET"]}}],"collection":[{"href":"https:\/\/old.srokacompany.com\/de\/wp-json\/wp\/v2\/product"}],"about":[{"href":"https:\/\/old.srokacompany.com\/de\/wp-json\/wp\/v2\/types\/product"}],"wp:featuredmedia":[{"embeddable":true,"href":"https:\/\/old.srokacompany.com\/de\/wp-json\/wp\/v2\/media\/342926"}],"wp:attachment":[{"href":"https:\/\/old.srokacompany.com\/de\/wp-json\/wp\/v2\/media?parent=342925"}],"wp:term":[{"taxonomy":"product_brand","embeddable":true,"href":"https:\/\/old.srokacompany.com\/de\/wp-json\/wp\/v2\/product_brand?post=342925"},{"taxonomy":"product_cat","embeddable":true,"href":"https:\/\/old.srokacompany.com\/de\/wp-json\/wp\/v2\/product_cat?post=342925"},{"taxonomy":"product_tag","embeddable":true,"href":"https:\/\/old.srokacompany.com\/de\/wp-json\/wp\/v2\/product_tag?post=342925"}],"curies":[{"name":"wp","href":"https:\/\/api.w.org\/{rel}","templated":true}]}}