{"id":344517,"date":"2024-01-09T12:12:00","date_gmt":"2024-01-09T10:12:00","guid":{"rendered":"https:\/\/srokacompany.com\/produit\/wingboard-foil-sky-rider-54-57-60\/"},"modified":"2026-02-25T12:07:14","modified_gmt":"2026-02-25T10:07:14","slug":"wingboard-foil-sky-rider-54-57-60","status":"publish","type":"product","link":"https:\/\/old.srokacompany.com\/de\/produkt\/wingboard-foil-sky-rider-54-57-60\/","title":{"rendered":"Wingboard foil Sky Rider : 5&#8217;4 &#8211; 5&#8217;7 &#8211; 6&#8217;0"},"content":{"rendered":"<p data-path-to-node=\"4\">Mache schnelle Fortschritte und genie\u00dfe die au\u00dfergew\u00f6hnliche Wendigkeit mit der Sky Rider-Serie. Dieses <b data-path-to-node=\"4\" data-index-in-node=\"98\">Wing Foil Board f\u00fcr Anf\u00e4nger<\/b> garantiert einen leichten Start, auch auf unruhigem Wasser, und maximale Stabilit\u00e4t. <\/p>\n<p data-path-to-node=\"5\">Wir sind stolz darauf, die n\u00e4chste Generation von SROKA Sky Rider-Boards vorstellen zu k\u00f6nnen. Wir haben diese Produktreihe entwickelt, um Ihre Fortschritte zu unterst\u00fctzen. <b data-path-to-node=\"5\" data-index-in-node=\"153\">Denn<\/b> unser Ziel ist es, dass Sie sich schnell weiterentwickeln und dabei m\u00f6glichst viel Spa\u00df haben. Getreu unserer DNA bieten wir diese Version V2 zum attraktiven Preis von 999 Euro (inkl. MwSt.) an.<\/p>\n<h2>Die Wahl des richtigen Wing Foil Boards f\u00fcr Anf\u00e4nger:<\/h2>\n<p data-path-to-node=\"6\"><b data-path-to-node=\"6\" data-index-in-node=\"0\">Kompakte Shapes f\u00fcr mehr Leistung<\/b> Die Shapes dieser neuen Boards sind kompakter. <b data-path-to-node=\"6\" data-index-in-node=\"102\">Folglich<\/b> sinkt die L\u00e4nge, w\u00e4hrend die Man\u00f6vrierbarkeit steigt. Wir suchen immer nach der besten Alternative, um Ihnen eine optimale Leistung zu bieten.<\/p>\n<p data-path-to-node=\"7\"><b data-path-to-node=\"7\" data-index-in-node=\"0\">Eine unzerst\u00f6rbare Konstruktion<\/b> Ausgehend von dieser Erkenntnis behalten wir eine Full-Sandwich-Konstruktion am Unterwasserschiff bei. Das ist eine sehr beanspruchte Stelle, vor allem an der Verbindung zum foil. <b data-path-to-node=\"7\" data-index-in-node=\"188\">Dar\u00fcber hinaus<\/b> sorgt ein Sandwich unter dem Pad f\u00fcr maximale Steifigkeit unter den Auflagern. Dadurch wird verhindert, dass sich das Deck bei Spr\u00fcngen unter den Fersen zusammenzieht. Um die Steifigkeit noch weiter zu erh\u00f6hen, verst\u00e4rken zwei Lagen Karbon die US-Schienen. Schlie\u00dflich bauen wir alle unsere Boards aus Sandwich-PVC, Glasfaser und Carbon mit den st\u00e4rksten Fasern auf dem Markt.    <\/p>\n<p class=\"p1\">Wir sind immer auf der Suche nach der besten Alternative mit maximaler Leistung. Ausgehend von dieser Erkenntnis behalten wir eine <a href=\"https:\/\/srokacompany.com\/de\/blog\/wie-werden-wingfoil-boards-gebaut\/\"> <b>Full-Sandwich-Konstruktion<\/b><\/a> bei <span class=\"Apple-converted-space\">  <\/span>am Rumpf, um ihn unzerst\u00f6rbar zu machen. Dies ist eine sehr beanspruchte Stelle, insbesondere durch die Verbindung von foil und einem Sandwich unter den Pads, was eine maximale Steifigkeit unter den Auftritten gew\u00e4hrleistet und verhindert, dass das Deck unter den Fersen bei z. B. Spr\u00fcngen zusammenbricht. Um die Steifigkeit der Baugruppe weiter zu erh\u00f6hen <b>, sind zwei<\/b> Carbonschichten auf den US-Schienen angeordnet. Und wir haben die Schienen mit einer zus\u00e4tzlichen Schicht Carbon verst\u00e4rkt.<\/p>\n<p class=\"p1\">Alle Boards werden aus <b>Sandwich-PVC-Glasfaser<\/b> und <b>Kohlefaser<\/b> hergestellt, die zu den st\u00e4rksten Fasern auf dem Markt geh\u00f6ren.<\/p>\n<p><a href=\"https:\/\/www.youtube.com\/watch?v=OwXiCiST90A\">Das Wing V4<\/a> ist die perfekte Erg\u00e4nzung, um mit diesem Board ins Wing Foil einzusteigen.<\/p>\n<h2><\/h2>\n","protected":false},"excerpt":{"rendered":"<p data-path-to-node=\"4\">Lerne das Fliegen mit dem Sky Rider SROKA <b data-path-to-node=\"4\" data-index-in-node=\"26\">Wing Foil Board f\u00fcr Anf\u00e4nger<\/b>. Dieses <b data-path-to-node=\"4\" data-index-in-node=\"152\">Wing Foil Board f\u00fcr Anf\u00e4nger<\/b> wurde f\u00fcr maximale Stabilit\u00e4t und rasanten Fortschritt entwickelt und ist das perfekte <b data-path-to-node=\"4\" data-index-in-node=\"152\">Board<\/b> f\u00fcr deine ersten Sessions. Die steife Sandwich-Konstruktion aus PVC und Glasfaser garantiert eine au\u00dfergew\u00f6hnliche Haltbarkeit und einen fr\u00fchen Start.<\/p>\n<p>&nbsp;<\/p>\n","protected":false},"featured_media":344533,"template":"","meta":{"_acf_changed":false,"_uag_custom_page_level_css":""},"product_brand":[],"product_cat":[3531,3650],"product_tag":[3441,3442],"class_list":{"0":"post-344517","1":"product","2":"type-product","3":"status-publish","4":"has-post-thumbnail","6":"product_cat-bretter-wing-foil-zum-besten-preis","7":"product_cat-schnappchen","8":"product_tag-anfanger","9":"product_tag-schlau","10":"product_shipping_class-hartes-brett-einheit","12":"first","13":"instock","14":"taxable","15":"shipping-taxable","16":"purchasable","17":"product-type-variable"},"acf":[],"yoast_head":"<!-- This site is optimized with the Yoast SEO plugin v27.4 - https:\/\/yoast.com\/product\/yoast-seo-wordpress\/ -->\n<title>Wing Foil Board f\u00fcr Anf\u00e4nger Sky Rider SROKA<\/title>\n<meta name=\"description\" content=\"Lerne das Fliegen mit dem Sky Rider Sroka Wing Foil Anf\u00e4ngerboard. Stabil, steif und langlebig, solides Sandwich-Design aus PVC, Glasfaser.\" \/>\n<meta name=\"robots\" content=\"index, follow, max-snippet:-1, max-image-preview:large, max-video-preview:-1\" \/>\n<link rel=\"canonical\" href=\"https:\/\/old.srokacompany.com\/de\/produkt\/wingboard-foil-sky-rider-54-57-60\/\" \/>\n<meta property=\"og:locale\" content=\"de_DE\" \/>\n<meta property=\"og:type\" content=\"article\" \/>\n<meta property=\"og:title\" content=\"Wing Foil Board f\u00fcr Anf\u00e4nger Sky Rider SROKA\" \/>\n<meta property=\"og:description\" content=\"Lerne das Fliegen mit dem Sky Rider Sroka Wing Foil Anf\u00e4ngerboard. Stabil, steif und langlebig, solides Sandwich-Design aus PVC, Glasfaser.\" \/>\n<meta property=\"og:url\" content=\"https:\/\/old.srokacompany.com\/de\/produkt\/wingboard-foil-sky-rider-54-57-60\/\" \/>\n<meta property=\"og:site_name\" content=\"SROKA Company\" \/>\n<meta property=\"article:publisher\" content=\"https:\/\/www.facebook.com\/srokawatersports\/\" \/>\n<meta property=\"article:modified_time\" content=\"2026-02-25T10:07:14+00:00\" \/>\n<meta property=\"og:image\" content=\"https:\/\/srokacompany.com\/wp-content\/uploads\/2023\/02\/Planche-de-wing-foil-Sky-rider.jpg\" \/>\n\t<meta property=\"og:image:width\" content=\"1080\" \/>\n\t<meta property=\"og:image:height\" content=\"1080\" \/>\n\t<meta property=\"og:image:type\" content=\"image\/jpeg\" \/>\n<meta name=\"twitter:label1\" content=\"Gesch\u00e4tzte Lesezeit\" \/>\n\t<meta name=\"twitter:data1\" content=\"2\u00a0Minuten\" \/>\n<script type=\"application\/ld+json\" class=\"yoast-schema-graph\">{\"@context\":\"https:\\\/\\\/schema.org\",\"@graph\":[{\"@type\":\"WebPage\",\"@id\":\"https:\\\/\\\/old.srokacompany.com\\\/de\\\/produkt\\\/wingboard-foil-sky-rider-54-57-60\\\/\",\"url\":\"https:\\\/\\\/old.srokacompany.com\\\/de\\\/produkt\\\/wingboard-foil-sky-rider-54-57-60\\\/\",\"name\":\"Wing Foil Board f\u00fcr Anf\u00e4nger Sky Rider SROKA\",\"isPartOf\":{\"@id\":\"https:\\\/\\\/srokacompany.com\\\/#website\"},\"primaryImageOfPage\":{\"@id\":\"https:\\\/\\\/old.srokacompany.com\\\/de\\\/produkt\\\/wingboard-foil-sky-rider-54-57-60\\\/#primaryimage\"},\"image\":{\"@id\":\"https:\\\/\\\/old.srokacompany.com\\\/de\\\/produkt\\\/wingboard-foil-sky-rider-54-57-60\\\/#primaryimage\"},\"thumbnailUrl\":\"https:\\\/\\\/old.srokacompany.com\\\/wp-content\\\/uploads\\\/2023\\\/02\\\/Planche-de-wing-foil-Sky-rider.jpg\",\"datePublished\":\"2024-01-09T10:12:00+00:00\",\"dateModified\":\"2026-02-25T10:07:14+00:00\",\"description\":\"Lerne das Fliegen mit dem Sky Rider Sroka Wing Foil Anf\u00e4ngerboard. Stabil, steif und langlebig, solides Sandwich-Design aus PVC, Glasfaser.\",\"breadcrumb\":{\"@id\":\"https:\\\/\\\/old.srokacompany.com\\\/de\\\/produkt\\\/wingboard-foil-sky-rider-54-57-60\\\/#breadcrumb\"},\"inLanguage\":\"de\",\"potentialAction\":[{\"@type\":\"ReadAction\",\"target\":[\"https:\\\/\\\/old.srokacompany.com\\\/de\\\/produkt\\\/wingboard-foil-sky-rider-54-57-60\\\/\"]}]},{\"@type\":\"ImageObject\",\"inLanguage\":\"de\",\"@id\":\"https:\\\/\\\/old.srokacompany.com\\\/de\\\/produkt\\\/wingboard-foil-sky-rider-54-57-60\\\/#primaryimage\",\"url\":\"https:\\\/\\\/old.srokacompany.com\\\/wp-content\\\/uploads\\\/2023\\\/02\\\/Planche-de-wing-foil-Sky-rider.jpg\",\"contentUrl\":\"https:\\\/\\\/old.srokacompany.com\\\/wp-content\\\/uploads\\\/2023\\\/02\\\/Planche-de-wing-foil-Sky-rider.jpg\",\"width\":1080,\"height\":1080,\"caption\":\"wing foil board beginner\"},{\"@type\":\"BreadcrumbList\",\"@id\":\"https:\\\/\\\/old.srokacompany.com\\\/de\\\/produkt\\\/wingboard-foil-sky-rider-54-57-60\\\/#breadcrumb\",\"itemListElement\":[{\"@type\":\"ListItem\",\"position\":1,\"name\":\"Accueil\",\"item\":\"https:\\\/\\\/srokacompany.com\\\/de\\\/\"},{\"@type\":\"ListItem\",\"position\":2,\"name\":\"Laden\",\"item\":\"https:\\\/\\\/srokacompany.com\\\/laden\\\/\"},{\"@type\":\"ListItem\",\"position\":3,\"name\":\"Wingboard foil Sky Rider : 5&rsquo;4 &#8211; 5&rsquo;7 &#8211; 6&rsquo;0\"}]},{\"@type\":\"WebSite\",\"@id\":\"https:\\\/\\\/srokacompany.com\\\/#website\",\"url\":\"https:\\\/\\\/srokacompany.com\\\/\",\"name\":\"SROKA Company\",\"description\":\"SUP, Kite, Foil, Wing\",\"publisher\":{\"@id\":\"https:\\\/\\\/srokacompany.com\\\/#organization\"},\"potentialAction\":[{\"@type\":\"SearchAction\",\"target\":{\"@type\":\"EntryPoint\",\"urlTemplate\":\"https:\\\/\\\/srokacompany.com\\\/?s={search_term_string}\"},\"query-input\":{\"@type\":\"PropertyValueSpecification\",\"valueRequired\":true,\"valueName\":\"search_term_string\"}}],\"inLanguage\":\"de\"},{\"@type\":\"Organization\",\"@id\":\"https:\\\/\\\/srokacompany.com\\\/#organization\",\"name\":\"SROKACOMPANY\",\"alternateName\":\"SROKA\",\"url\":\"https:\\\/\\\/srokacompany.com\\\/\",\"logo\":{\"@type\":\"ImageObject\",\"inLanguage\":\"de\",\"@id\":\"https:\\\/\\\/srokacompany.com\\\/#\\\/schema\\\/logo\\\/image\\\/\",\"url\":\"https:\\\/\\\/srokacompany.com\\\/wp-content\\\/uploads\\\/2021\\\/01\\\/logo-sroka-black-transpa.png\",\"contentUrl\":\"https:\\\/\\\/srokacompany.com\\\/wp-content\\\/uploads\\\/2021\\\/01\\\/logo-sroka-black-transpa.png\",\"width\":1201,\"height\":342,\"caption\":\"SROKACOMPANY\"},\"image\":{\"@id\":\"https:\\\/\\\/srokacompany.com\\\/#\\\/schema\\\/logo\\\/image\\\/\"},\"sameAs\":[\"https:\\\/\\\/www.facebook.com\\\/srokawatersports\\\/\",\"https:\\\/\\\/www.instagram.com\\\/srokawatersports\\\/\",\"https:\\\/\\\/www.youtube.com\\\/channel\\\/UCVLHHeaPIm-J5bdEUgxqtZA\"]}]}<\/script>\n<!-- \/ Yoast SEO plugin. -->","yoast_head_json":{"title":"Wing Foil Board f\u00fcr Anf\u00e4nger Sky Rider SROKA","description":"Lerne das Fliegen mit dem Sky Rider Sroka Wing Foil Anf\u00e4ngerboard. Stabil, steif und langlebig, solides Sandwich-Design aus PVC, Glasfaser.","robots":{"index":"index","follow":"follow","max-snippet":"max-snippet:-1","max-image-preview":"max-image-preview:large","max-video-preview":"max-video-preview:-1"},"canonical":"https:\/\/old.srokacompany.com\/de\/produkt\/wingboard-foil-sky-rider-54-57-60\/","og_locale":"de_DE","og_type":"article","og_title":"Wing Foil Board f\u00fcr Anf\u00e4nger Sky Rider SROKA","og_description":"Lerne das Fliegen mit dem Sky Rider Sroka Wing Foil Anf\u00e4ngerboard. Stabil, steif und langlebig, solides Sandwich-Design aus PVC, Glasfaser.","og_url":"https:\/\/old.srokacompany.com\/de\/produkt\/wingboard-foil-sky-rider-54-57-60\/","og_site_name":"SROKA Company","article_publisher":"https:\/\/www.facebook.com\/srokawatersports\/","article_modified_time":"2026-02-25T10:07:14+00:00","og_image":[{"width":1080,"height":1080,"url":"https:\/\/srokacompany.com\/wp-content\/uploads\/2023\/02\/Planche-de-wing-foil-Sky-rider.jpg","type":"image\/jpeg"}],"twitter_misc":{"Gesch\u00e4tzte Lesezeit":"2\u00a0Minuten"},"schema":{"@context":"https:\/\/schema.org","@graph":[{"@type":"WebPage","@id":"https:\/\/old.srokacompany.com\/de\/produkt\/wingboard-foil-sky-rider-54-57-60\/","url":"https:\/\/old.srokacompany.com\/de\/produkt\/wingboard-foil-sky-rider-54-57-60\/","name":"Wing Foil Board f\u00fcr Anf\u00e4nger Sky Rider SROKA","isPartOf":{"@id":"https:\/\/srokacompany.com\/#website"},"primaryImageOfPage":{"@id":"https:\/\/old.srokacompany.com\/de\/produkt\/wingboard-foil-sky-rider-54-57-60\/#primaryimage"},"image":{"@id":"https:\/\/old.srokacompany.com\/de\/produkt\/wingboard-foil-sky-rider-54-57-60\/#primaryimage"},"thumbnailUrl":"https:\/\/old.srokacompany.com\/wp-content\/uploads\/2023\/02\/Planche-de-wing-foil-Sky-rider.jpg","datePublished":"2024-01-09T10:12:00+00:00","dateModified":"2026-02-25T10:07:14+00:00","description":"Lerne das Fliegen mit dem Sky Rider Sroka Wing Foil Anf\u00e4ngerboard. Stabil, steif und langlebig, solides Sandwich-Design aus PVC, Glasfaser.","breadcrumb":{"@id":"https:\/\/old.srokacompany.com\/de\/produkt\/wingboard-foil-sky-rider-54-57-60\/#breadcrumb"},"inLanguage":"de","potentialAction":[{"@type":"ReadAction","target":["https:\/\/old.srokacompany.com\/de\/produkt\/wingboard-foil-sky-rider-54-57-60\/"]}]},{"@type":"ImageObject","inLanguage":"de","@id":"https:\/\/old.srokacompany.com\/de\/produkt\/wingboard-foil-sky-rider-54-57-60\/#primaryimage","url":"https:\/\/old.srokacompany.com\/wp-content\/uploads\/2023\/02\/Planche-de-wing-foil-Sky-rider.jpg","contentUrl":"https:\/\/old.srokacompany.com\/wp-content\/uploads\/2023\/02\/Planche-de-wing-foil-Sky-rider.jpg","width":1080,"height":1080,"caption":"wing foil board beginner"},{"@type":"BreadcrumbList","@id":"https:\/\/old.srokacompany.com\/de\/produkt\/wingboard-foil-sky-rider-54-57-60\/#breadcrumb","itemListElement":[{"@type":"ListItem","position":1,"name":"Accueil","item":"https:\/\/srokacompany.com\/de\/"},{"@type":"ListItem","position":2,"name":"Laden","item":"https:\/\/srokacompany.com\/laden\/"},{"@type":"ListItem","position":3,"name":"Wingboard foil Sky Rider : 5&rsquo;4 &#8211; 5&rsquo;7 &#8211; 6&rsquo;0"}]},{"@type":"WebSite","@id":"https:\/\/srokacompany.com\/#website","url":"https:\/\/srokacompany.com\/","name":"SROKA Company","description":"SUP, Kite, Foil, Wing","publisher":{"@id":"https:\/\/srokacompany.com\/#organization"},"potentialAction":[{"@type":"SearchAction","target":{"@type":"EntryPoint","urlTemplate":"https:\/\/srokacompany.com\/?s={search_term_string}"},"query-input":{"@type":"PropertyValueSpecification","valueRequired":true,"valueName":"search_term_string"}}],"inLanguage":"de"},{"@type":"Organization","@id":"https:\/\/srokacompany.com\/#organization","name":"SROKACOMPANY","alternateName":"SROKA","url":"https:\/\/srokacompany.com\/","logo":{"@type":"ImageObject","inLanguage":"de","@id":"https:\/\/srokacompany.com\/#\/schema\/logo\/image\/","url":"https:\/\/srokacompany.com\/wp-content\/uploads\/2021\/01\/logo-sroka-black-transpa.png","contentUrl":"https:\/\/srokacompany.com\/wp-content\/uploads\/2021\/01\/logo-sroka-black-transpa.png","width":1201,"height":342,"caption":"SROKACOMPANY"},"image":{"@id":"https:\/\/srokacompany.com\/#\/schema\/logo\/image\/"},"sameAs":["https:\/\/www.facebook.com\/srokawatersports\/","https:\/\/www.instagram.com\/srokawatersports\/","https:\/\/www.youtube.com\/channel\/UCVLHHeaPIm-J5bdEUgxqtZA"]}]}},"uagb_featured_image_src":{"full":["https:\/\/old.srokacompany.com\/wp-content\/uploads\/2023\/02\/Planche-de-wing-foil-Sky-rider.jpg",1080,1080,false],"thumbnail":["https:\/\/old.srokacompany.com\/wp-content\/uploads\/2023\/02\/Planche-de-wing-foil-Sky-rider-150x150.jpg",150,150,true],"medium":["https:\/\/old.srokacompany.com\/wp-content\/uploads\/2023\/02\/Planche-de-wing-foil-Sky-rider-300x300.jpg",300,300,true],"medium_large":["https:\/\/old.srokacompany.com\/wp-content\/uploads\/2023\/02\/Planche-de-wing-foil-Sky-rider-768x768.jpg",768,768,true],"large":["https:\/\/old.srokacompany.com\/wp-content\/uploads\/2023\/02\/Planche-de-wing-foil-Sky-rider-1024x1024.jpg",1024,1024,true],"1536x1536":["https:\/\/old.srokacompany.com\/wp-content\/uploads\/2023\/02\/Planche-de-wing-foil-Sky-rider.jpg",1080,1080,false],"2048x2048":["https:\/\/old.srokacompany.com\/wp-content\/uploads\/2023\/02\/Planche-de-wing-foil-Sky-rider.jpg",1080,1080,false],"woocommerce_thumbnail":["https:\/\/old.srokacompany.com\/wp-content\/uploads\/2023\/02\/Planche-de-wing-foil-Sky-rider-600x600.jpg",600,600,true],"woocommerce_single":["https:\/\/old.srokacompany.com\/wp-content\/uploads\/2023\/02\/Planche-de-wing-foil-Sky-rider-600x600.jpg",600,600,true],"woocommerce_gallery_thumbnail":["https:\/\/old.srokacompany.com\/wp-content\/uploads\/2023\/02\/Planche-de-wing-foil-Sky-rider-100x100.jpg",100,100,true],"dgwt-wcas-product-suggestion":["https:\/\/old.srokacompany.com\/wp-content\/uploads\/2023\/02\/Planche-de-wing-foil-Sky-rider.jpg",64,64,false]},"uagb_author_info":{"display_name":"Emmanuel DIJOUX","author_link":"https:\/\/old.srokacompany.com\/de\/blog\/author\/"},"uagb_comment_info":0,"uagb_excerpt":"Lerne das Fliegen mit dem Sky Rider SROKA Wing Foil Board f\u00fcr Anf\u00e4nger. Dieses Wing Foil Board f\u00fcr Anf\u00e4nger wurde f\u00fcr maximale Stabilit\u00e4t und rasanten Fortschritt entwickelt und ist das perfekte Board f\u00fcr deine ersten Sessions. Die steife Sandwich-Konstruktion aus PVC und Glasfaser garantiert eine au\u00dfergew\u00f6hnliche Haltbarkeit und einen fr\u00fchen Start. &nbsp;","jetpack_sharing_enabled":true,"_links":{"self":[{"href":"https:\/\/old.srokacompany.com\/de\/wp-json\/wp\/v2\/product\/344517","targetHints":{"allow":["GET"]}}],"collection":[{"href":"https:\/\/old.srokacompany.com\/de\/wp-json\/wp\/v2\/product"}],"about":[{"href":"https:\/\/old.srokacompany.com\/de\/wp-json\/wp\/v2\/types\/product"}],"wp:featuredmedia":[{"embeddable":true,"href":"https:\/\/old.srokacompany.com\/de\/wp-json\/wp\/v2\/media\/344533"}],"wp:attachment":[{"href":"https:\/\/old.srokacompany.com\/de\/wp-json\/wp\/v2\/media?parent=344517"}],"wp:term":[{"taxonomy":"product_brand","embeddable":true,"href":"https:\/\/old.srokacompany.com\/de\/wp-json\/wp\/v2\/product_brand?post=344517"},{"taxonomy":"product_cat","embeddable":true,"href":"https:\/\/old.srokacompany.com\/de\/wp-json\/wp\/v2\/product_cat?post=344517"},{"taxonomy":"product_tag","embeddable":true,"href":"https:\/\/old.srokacompany.com\/de\/wp-json\/wp\/v2\/product_tag?post=344517"}],"curies":[{"name":"wp","href":"https:\/\/api.w.org\/{rel}","templated":true}]}}