{"id":344748,"date":"2019-02-21T14:31:43","date_gmt":"2019-02-21T14:31:43","guid":{"rendered":"https:\/\/srokacompany.com\/produit\/w-foil-wind-foil-freeride-performance\/"},"modified":"2025-11-21T18:11:24","modified_gmt":"2025-11-21T16:11:24","slug":"w-foil-wind-foil-freeride-performance","status":"publish","type":"product","link":"https:\/\/old.srokacompany.com\/de\/produkt\/w-foil-wind-foil-freeride-performance\/","title":{"rendered":"W-Foil &#8211; Wind Foil Freeride Performance"},"content":{"rendered":"<hr>\n<h2>Wind Foil<\/h2>\n<div class=\"page\" title=\"Seite 24\">\n<div class=\"section\">\n<div class=\"layoutArea\">\n<div class=\"column\">\n<p class=\"p2\"><span class=\"s1\">Der Wind Foil 2020 wurde aus den besten Carbon- und Aluminiummaterialien gefertigt. Er wurde mit einem neuen <strong>, superschnellen und leistungsstarken free-ride Frontfl\u00fcgelprofil<\/strong> mit einer Fl\u00e4che von 1000 cm2 entwickelt. Der Heckfl\u00fcgel wurde so bearbeitet, dass er eine hervorragende Stabilit\u00e4t bietet.    <\/span>Unsere Fl\u00fcgel bestehen zu 100 % aus Carbon Pre-preg ohne Schaumstoff im Inneren, um eine perfekte Leistung und Festigkeit zu gew\u00e4hrleisten. Der Mast besteht aus eloxiertem 60-Mikron-Aluminium, um die bestm\u00f6gliche Steifigkeit zu gew\u00e4hrleisten, und der Rumpf ist aus einteiligem, direkt aus dem Vollen gefr\u00e4stem Aluminium.   <span class=\"s1\">Der 1000 cm2 gro\u00dfe Frontfl\u00fcgel erm\u00f6glicht einen sehr fr\u00fchen Start bei wenig Wind (6 Knoten) und bietet eine ausgezeichnete Geschwindigkeit mit m\u00f6glichen Spitzenwerten von \u00fcber 25 Knoten. Er vereint das Gl\u00fcck des Leichtwinds und den Nervenkitzel intensiver Runs mit einem einzigartigen Profil.  <\/span><span class=\"s1\">Der Mast ist beim Kauf in zwei Gr\u00f6\u00dfen erh\u00e4ltlich: 85 cm und 100 cm.<\/span><\/p>\n<p>Der W-Foil Sroka wurde von <a href=\"https:\/\/www.facebook.com\/mabesurf\/\">J.B. Marchand<\/a>, dem Shaper des<a href=\"https:\/\/www.letelegramme.fr\/finistere\/brest\/planche-a-foil-record-mondial-de-vitesse-en-rade-de-brest-30-12-2020-12682077.php?fbclid=IwAR20NrOyyyci-vdRtrP8MA2IC-lHzpd5Li-BcaVmY3ubQJLjZKihtKpa0Rw\"> schnellsten foil  Windsurfers der Welt<\/a>, entworfen. Wir sind stolz darauf, dieses lokale Know-how und diese au\u00dfergew\u00f6hnliche Exzellenz mit Ihnen zu teilen.<\/p>\n<\/div>\n<blockquote class=\"wp-embedded-content\" data-secret=\"1CVJJF3ifH\"><p><a href=\"https:\/\/srokacompany.com\/de\/technische-daten-der-kites-und-boards-von-foil-sroka\/\">Caract\u00e9ristiques techniques des ailes et planches de foil Sroka<\/a><\/p><\/blockquote>\n<p><iframe loading=\"lazy\" class=\"wp-embedded-content\" sandbox=\"allow-scripts\" security=\"restricted\" style=\"position: absolute; visibility: hidden;\" title=\"&#8222;Caract\u00e9ristiques techniques des ailes et planches de foil Sroka&#8220; &#8212; SROKA Company\" src=\"https:\/\/srokacompany.com\/de\/technische-daten-der-kites-und-boards-von-foil-sroka\/embed\/#?secret=kE82UA2v66#?secret=1CVJJF3ifH\" data-secret=\"1CVJJF3ifH\" width=\"500\" height=\"282\" frameborder=\"0\" marginwidth=\"0\" marginheight=\"0\" scrolling=\"no\"><\/iframe><\/p>\n<\/div>\n<\/div>\n<\/div>\n","protected":false},"excerpt":{"rendered":"<h2>Wind Foil<\/h2>\n<div class=\"page\" title=\"Seite 24\">\n<div class=\"section\">\n<div class=\"layoutArea\">\n<div class=\"column\">\n<p class=\"p2\"><span class=\"s1\">Der Wind Foil 2020 wurde aus den besten Carbon- und Aluminiummaterialien gefertigt. Er wurde mit einem neuen <g id=\"gid_0\">, superschnellen und leistungsstarken free-ride Frontfl\u00fcgelprofil<\/g> mit einer Fl\u00e4che von 1000 cm2 entwickelt. Der Heckfl\u00fcgel wurde so bearbeitet, dass er eine hervorragende Stabilit\u00e4t bietet.    <\/span>Unsere Fl\u00fcgel bestehen zu 100 % aus Carbon Pre-preg ohne Schaumstoff im Inneren, um eine perfekte Leistung und Festigkeit zu gew\u00e4hrleisten. Der Mast besteht aus eloxiertem 60-Mikron-Aluminium, um die bestm\u00f6gliche Steifigkeit zu gew\u00e4hrleisten, und der Rumpf ist aus einteiligem, direkt aus dem Vollen gefr\u00e4stem Aluminium.   <span class=\"s1\">Der 1000 cm2 gro\u00dfe Frontfl\u00fcgel erm\u00f6glicht einen sehr fr\u00fchen Start bei wenig Wind (6 Knoten) und bietet eine ausgezeichnete Geschwindigkeit mit m\u00f6glichen Spitzenwerten von \u00fcber 25 Knoten. Er vereint das Gl\u00fcck des Leichtwinds und den Nervenkitzel intensiver Runs mit einem einzigartigen Profil.  <\/span><span class=\"s1\">Der Mast ist beim Kauf in zwei Gr\u00f6\u00dfen erh\u00e4ltlich: 85 cm und 100 cm.<\/span><\/p>\n<p>Der W-Foil Sroka wurde von <a href=\"https:\/\/www.facebook.com\/mabesurf\/\">J.B. Marchand<\/a>, dem Shaper des<a href=\"https:\/\/www.letelegramme.fr\/finistere\/brest\/planche-a-foil-record-mondial-de-vitesse-en-rade-de-brest-30-12-2020-12682077.php?fbclid=IwAR20NrOyyyci-vdRtrP8MA2IC-lHzpd5Li-BcaVmY3ubQJLjZKihtKpa0Rw\"> schnellsten foil  Windsurfers der Welt<\/a>, entworfen. Wir sind stolz darauf, dieses lokale Know-how und diese au\u00dfergew\u00f6hnliche Exzellenz mit Ihnen zu teilen.<\/p>\n<\/div>\n<\/div>\n<\/div>\n<\/div>\n","protected":false},"featured_media":338645,"template":"","meta":{"_acf_changed":false,"_uag_custom_page_level_css":""},"product_brand":[],"product_cat":[3493,3582,4258,4216],"product_tag":[],"class_list":{"0":"post-344748","1":"product","2":"type-product","3":"status-publish","4":"has-post-thumbnail","6":"product_cat-foil-de","7":"product_cat-promos-de","8":"product_cat-schwarzer-freitag","9":"product_cat-wind-foil-balance","11":"first","12":"instock","13":"sale","14":"taxable","15":"shipping-taxable","16":"purchasable","17":"product-type-variable"},"acf":[],"yoast_head":"<!-- This site is optimized with the Yoast SEO plugin v27.4 - https:\/\/yoast.com\/product\/yoast-seo-wordpress\/ -->\n<title>Wind Foil Sroka Einfach zu montieren und erweiterbar, fliege sofort!<\/title>\n<meta name=\"description\" content=\"Das Wind Foil Sroka mit seinem High-Aspect-Profil, das sowohl zug\u00e4nglich als auch erstaunlich schnell auf dem Wasser ist. Das beste Preis-Leistungs-Verh\u00e4ltnis.\" \/>\n<meta name=\"robots\" content=\"index, follow, max-snippet:-1, max-image-preview:large, max-video-preview:-1\" \/>\n<link rel=\"canonical\" href=\"https:\/\/old.srokacompany.com\/de\/produkt\/w-foil-wind-foil-freeride-performance\/\" \/>\n<meta property=\"og:locale\" content=\"de_DE\" \/>\n<meta property=\"og:type\" content=\"article\" \/>\n<meta property=\"og:title\" content=\"Wind Foil Sroka Einfach zu montieren und erweiterbar, fliege sofort!\" \/>\n<meta property=\"og:description\" content=\"Das Wind Foil Sroka mit seinem High-Aspect-Profil, das sowohl zug\u00e4nglich als auch erstaunlich schnell auf dem Wasser ist. Das beste Preis-Leistungs-Verh\u00e4ltnis.\" \/>\n<meta property=\"og:url\" content=\"https:\/\/old.srokacompany.com\/de\/produkt\/w-foil-wind-foil-freeride-performance\/\" \/>\n<meta property=\"og:site_name\" content=\"SROKA Company\" \/>\n<meta property=\"article:publisher\" content=\"https:\/\/www.facebook.com\/srokawatersports\/\" \/>\n<meta property=\"article:modified_time\" content=\"2025-11-21T16:11:24+00:00\" \/>\n<meta property=\"og:image\" content=\"https:\/\/srokacompany.com\/wp-content\/uploads\/2021\/04\/Windfoil.jpg\" \/>\n\t<meta property=\"og:image:width\" content=\"780\" \/>\n\t<meta property=\"og:image:height\" content=\"1040\" \/>\n\t<meta property=\"og:image:type\" content=\"image\/jpeg\" \/>\n<meta name=\"twitter:label1\" content=\"Gesch\u00e4tzte Lesezeit\" \/>\n\t<meta name=\"twitter:data1\" content=\"1\u00a0Minute\" \/>\n<script type=\"application\/ld+json\" class=\"yoast-schema-graph\">{\"@context\":\"https:\\\/\\\/schema.org\",\"@graph\":[{\"@type\":\"WebPage\",\"@id\":\"https:\\\/\\\/old.srokacompany.com\\\/de\\\/produkt\\\/w-foil-wind-foil-freeride-performance\\\/\",\"url\":\"https:\\\/\\\/old.srokacompany.com\\\/de\\\/produkt\\\/w-foil-wind-foil-freeride-performance\\\/\",\"name\":\"Wind Foil Sroka Einfach zu montieren und erweiterbar, fliege sofort!\",\"isPartOf\":{\"@id\":\"https:\\\/\\\/srokacompany.com\\\/#website\"},\"primaryImageOfPage\":{\"@id\":\"https:\\\/\\\/old.srokacompany.com\\\/de\\\/produkt\\\/w-foil-wind-foil-freeride-performance\\\/#primaryimage\"},\"image\":{\"@id\":\"https:\\\/\\\/old.srokacompany.com\\\/de\\\/produkt\\\/w-foil-wind-foil-freeride-performance\\\/#primaryimage\"},\"thumbnailUrl\":\"https:\\\/\\\/old.srokacompany.com\\\/wp-content\\\/uploads\\\/2021\\\/04\\\/Windfoil.jpg\",\"datePublished\":\"2019-02-21T14:31:43+00:00\",\"dateModified\":\"2025-11-21T16:11:24+00:00\",\"description\":\"Das Wind Foil Sroka mit seinem High-Aspect-Profil, das sowohl zug\u00e4nglich als auch erstaunlich schnell auf dem Wasser ist. Das beste Preis-Leistungs-Verh\u00e4ltnis.\",\"breadcrumb\":{\"@id\":\"https:\\\/\\\/old.srokacompany.com\\\/de\\\/produkt\\\/w-foil-wind-foil-freeride-performance\\\/#breadcrumb\"},\"inLanguage\":\"de\",\"potentialAction\":[{\"@type\":\"ReadAction\",\"target\":[\"https:\\\/\\\/old.srokacompany.com\\\/de\\\/produkt\\\/w-foil-wind-foil-freeride-performance\\\/\"]}]},{\"@type\":\"ImageObject\",\"inLanguage\":\"de\",\"@id\":\"https:\\\/\\\/old.srokacompany.com\\\/de\\\/produkt\\\/w-foil-wind-foil-freeride-performance\\\/#primaryimage\",\"url\":\"https:\\\/\\\/old.srokacompany.com\\\/wp-content\\\/uploads\\\/2021\\\/04\\\/Windfoil.jpg\",\"contentUrl\":\"https:\\\/\\\/old.srokacompany.com\\\/wp-content\\\/uploads\\\/2021\\\/04\\\/Windfoil.jpg\",\"width\":780,\"height\":1040,\"caption\":\"Foil Leistungsstarker und schneller Freeride-Windsurfer von Sroka Company\"},{\"@type\":\"BreadcrumbList\",\"@id\":\"https:\\\/\\\/old.srokacompany.com\\\/de\\\/produkt\\\/w-foil-wind-foil-freeride-performance\\\/#breadcrumb\",\"itemListElement\":[{\"@type\":\"ListItem\",\"position\":1,\"name\":\"Accueil\",\"item\":\"https:\\\/\\\/srokacompany.com\\\/de\\\/\"},{\"@type\":\"ListItem\",\"position\":2,\"name\":\"Laden\",\"item\":\"https:\\\/\\\/srokacompany.com\\\/laden\\\/\"},{\"@type\":\"ListItem\",\"position\":3,\"name\":\"W-Foil &#8211; Wind Foil Freeride Performance\"}]},{\"@type\":\"WebSite\",\"@id\":\"https:\\\/\\\/srokacompany.com\\\/#website\",\"url\":\"https:\\\/\\\/srokacompany.com\\\/\",\"name\":\"SROKA Company\",\"description\":\"SUP, Kite, Foil, Wing\",\"publisher\":{\"@id\":\"https:\\\/\\\/srokacompany.com\\\/#organization\"},\"potentialAction\":[{\"@type\":\"SearchAction\",\"target\":{\"@type\":\"EntryPoint\",\"urlTemplate\":\"https:\\\/\\\/srokacompany.com\\\/?s={search_term_string}\"},\"query-input\":{\"@type\":\"PropertyValueSpecification\",\"valueRequired\":true,\"valueName\":\"search_term_string\"}}],\"inLanguage\":\"de\"},{\"@type\":\"Organization\",\"@id\":\"https:\\\/\\\/srokacompany.com\\\/#organization\",\"name\":\"SROKACOMPANY\",\"alternateName\":\"SROKA\",\"url\":\"https:\\\/\\\/srokacompany.com\\\/\",\"logo\":{\"@type\":\"ImageObject\",\"inLanguage\":\"de\",\"@id\":\"https:\\\/\\\/srokacompany.com\\\/#\\\/schema\\\/logo\\\/image\\\/\",\"url\":\"https:\\\/\\\/srokacompany.com\\\/wp-content\\\/uploads\\\/2021\\\/01\\\/logo-sroka-black-transpa.png\",\"contentUrl\":\"https:\\\/\\\/srokacompany.com\\\/wp-content\\\/uploads\\\/2021\\\/01\\\/logo-sroka-black-transpa.png\",\"width\":1201,\"height\":342,\"caption\":\"SROKACOMPANY\"},\"image\":{\"@id\":\"https:\\\/\\\/srokacompany.com\\\/#\\\/schema\\\/logo\\\/image\\\/\"},\"sameAs\":[\"https:\\\/\\\/www.facebook.com\\\/srokawatersports\\\/\",\"https:\\\/\\\/www.instagram.com\\\/srokawatersports\\\/\",\"https:\\\/\\\/www.youtube.com\\\/channel\\\/UCVLHHeaPIm-J5bdEUgxqtZA\"]}]}<\/script>\n<!-- \/ Yoast SEO plugin. -->","yoast_head_json":{"title":"Wind Foil Sroka Einfach zu montieren und erweiterbar, fliege sofort!","description":"Das Wind Foil Sroka mit seinem High-Aspect-Profil, das sowohl zug\u00e4nglich als auch erstaunlich schnell auf dem Wasser ist. Das beste Preis-Leistungs-Verh\u00e4ltnis.","robots":{"index":"index","follow":"follow","max-snippet":"max-snippet:-1","max-image-preview":"max-image-preview:large","max-video-preview":"max-video-preview:-1"},"canonical":"https:\/\/old.srokacompany.com\/de\/produkt\/w-foil-wind-foil-freeride-performance\/","og_locale":"de_DE","og_type":"article","og_title":"Wind Foil Sroka Einfach zu montieren und erweiterbar, fliege sofort!","og_description":"Das Wind Foil Sroka mit seinem High-Aspect-Profil, das sowohl zug\u00e4nglich als auch erstaunlich schnell auf dem Wasser ist. Das beste Preis-Leistungs-Verh\u00e4ltnis.","og_url":"https:\/\/old.srokacompany.com\/de\/produkt\/w-foil-wind-foil-freeride-performance\/","og_site_name":"SROKA Company","article_publisher":"https:\/\/www.facebook.com\/srokawatersports\/","article_modified_time":"2025-11-21T16:11:24+00:00","og_image":[{"width":780,"height":1040,"url":"https:\/\/srokacompany.com\/wp-content\/uploads\/2021\/04\/Windfoil.jpg","type":"image\/jpeg"}],"twitter_misc":{"Gesch\u00e4tzte Lesezeit":"1\u00a0Minute"},"schema":{"@context":"https:\/\/schema.org","@graph":[{"@type":"WebPage","@id":"https:\/\/old.srokacompany.com\/de\/produkt\/w-foil-wind-foil-freeride-performance\/","url":"https:\/\/old.srokacompany.com\/de\/produkt\/w-foil-wind-foil-freeride-performance\/","name":"Wind Foil Sroka Einfach zu montieren und erweiterbar, fliege sofort!","isPartOf":{"@id":"https:\/\/srokacompany.com\/#website"},"primaryImageOfPage":{"@id":"https:\/\/old.srokacompany.com\/de\/produkt\/w-foil-wind-foil-freeride-performance\/#primaryimage"},"image":{"@id":"https:\/\/old.srokacompany.com\/de\/produkt\/w-foil-wind-foil-freeride-performance\/#primaryimage"},"thumbnailUrl":"https:\/\/old.srokacompany.com\/wp-content\/uploads\/2021\/04\/Windfoil.jpg","datePublished":"2019-02-21T14:31:43+00:00","dateModified":"2025-11-21T16:11:24+00:00","description":"Das Wind Foil Sroka mit seinem High-Aspect-Profil, das sowohl zug\u00e4nglich als auch erstaunlich schnell auf dem Wasser ist. Das beste Preis-Leistungs-Verh\u00e4ltnis.","breadcrumb":{"@id":"https:\/\/old.srokacompany.com\/de\/produkt\/w-foil-wind-foil-freeride-performance\/#breadcrumb"},"inLanguage":"de","potentialAction":[{"@type":"ReadAction","target":["https:\/\/old.srokacompany.com\/de\/produkt\/w-foil-wind-foil-freeride-performance\/"]}]},{"@type":"ImageObject","inLanguage":"de","@id":"https:\/\/old.srokacompany.com\/de\/produkt\/w-foil-wind-foil-freeride-performance\/#primaryimage","url":"https:\/\/old.srokacompany.com\/wp-content\/uploads\/2021\/04\/Windfoil.jpg","contentUrl":"https:\/\/old.srokacompany.com\/wp-content\/uploads\/2021\/04\/Windfoil.jpg","width":780,"height":1040,"caption":"Foil Leistungsstarker und schneller Freeride-Windsurfer von Sroka Company"},{"@type":"BreadcrumbList","@id":"https:\/\/old.srokacompany.com\/de\/produkt\/w-foil-wind-foil-freeride-performance\/#breadcrumb","itemListElement":[{"@type":"ListItem","position":1,"name":"Accueil","item":"https:\/\/srokacompany.com\/de\/"},{"@type":"ListItem","position":2,"name":"Laden","item":"https:\/\/srokacompany.com\/laden\/"},{"@type":"ListItem","position":3,"name":"W-Foil &#8211; Wind Foil Freeride Performance"}]},{"@type":"WebSite","@id":"https:\/\/srokacompany.com\/#website","url":"https:\/\/srokacompany.com\/","name":"SROKA Company","description":"SUP, Kite, Foil, Wing","publisher":{"@id":"https:\/\/srokacompany.com\/#organization"},"potentialAction":[{"@type":"SearchAction","target":{"@type":"EntryPoint","urlTemplate":"https:\/\/srokacompany.com\/?s={search_term_string}"},"query-input":{"@type":"PropertyValueSpecification","valueRequired":true,"valueName":"search_term_string"}}],"inLanguage":"de"},{"@type":"Organization","@id":"https:\/\/srokacompany.com\/#organization","name":"SROKACOMPANY","alternateName":"SROKA","url":"https:\/\/srokacompany.com\/","logo":{"@type":"ImageObject","inLanguage":"de","@id":"https:\/\/srokacompany.com\/#\/schema\/logo\/image\/","url":"https:\/\/srokacompany.com\/wp-content\/uploads\/2021\/01\/logo-sroka-black-transpa.png","contentUrl":"https:\/\/srokacompany.com\/wp-content\/uploads\/2021\/01\/logo-sroka-black-transpa.png","width":1201,"height":342,"caption":"SROKACOMPANY"},"image":{"@id":"https:\/\/srokacompany.com\/#\/schema\/logo\/image\/"},"sameAs":["https:\/\/www.facebook.com\/srokawatersports\/","https:\/\/www.instagram.com\/srokawatersports\/","https:\/\/www.youtube.com\/channel\/UCVLHHeaPIm-J5bdEUgxqtZA"]}]}},"uagb_featured_image_src":{"full":["https:\/\/old.srokacompany.com\/wp-content\/uploads\/2021\/04\/Windfoil.jpg",780,1040,false],"thumbnail":["https:\/\/old.srokacompany.com\/wp-content\/uploads\/2021\/04\/Windfoil-150x150.jpg",150,150,true],"medium":["https:\/\/old.srokacompany.com\/wp-content\/uploads\/2021\/04\/Windfoil-225x300.jpg",225,300,true],"medium_large":["https:\/\/old.srokacompany.com\/wp-content\/uploads\/2021\/04\/Windfoil-768x1024.jpg",768,1024,true],"large":["https:\/\/old.srokacompany.com\/wp-content\/uploads\/2021\/04\/Windfoil-768x1024.jpg",768,1024,true],"1536x1536":["https:\/\/old.srokacompany.com\/wp-content\/uploads\/2021\/04\/Windfoil.jpg",780,1040,false],"2048x2048":["https:\/\/old.srokacompany.com\/wp-content\/uploads\/2021\/04\/Windfoil.jpg",780,1040,false],"woocommerce_thumbnail":["https:\/\/old.srokacompany.com\/wp-content\/uploads\/2021\/04\/Windfoil-600x800.jpg",600,800,true],"woocommerce_single":["https:\/\/old.srokacompany.com\/wp-content\/uploads\/2021\/04\/Windfoil-600x800.jpg",600,800,true],"woocommerce_gallery_thumbnail":["https:\/\/old.srokacompany.com\/wp-content\/uploads\/2021\/04\/Windfoil-100x100.jpg",100,100,true],"dgwt-wcas-product-suggestion":["https:\/\/old.srokacompany.com\/wp-content\/uploads\/2021\/04\/Windfoil.jpg",64,85,false]},"uagb_author_info":{"display_name":"Bruno Sroka","author_link":"https:\/\/old.srokacompany.com\/de\/blog\/author\/"},"uagb_comment_info":0,"uagb_excerpt":"Wind Foil Der Wind Foil 2020 wurde aus den besten Carbon- und Aluminiummaterialien gefertigt. Er wurde mit einem neuen , superschnellen und leistungsstarken free-ride Frontfl\u00fcgelprofil mit einer Fl\u00e4che von 1000 cm2 entwickelt. Der Heckfl\u00fcgel wurde so bearbeitet, dass er eine hervorragende Stabilit\u00e4t bietet. Unsere Fl\u00fcgel bestehen zu 100 % aus Carbon Pre-preg ohne Schaumstoff im&hellip;","jetpack_sharing_enabled":true,"_links":{"self":[{"href":"https:\/\/old.srokacompany.com\/de\/wp-json\/wp\/v2\/product\/344748","targetHints":{"allow":["GET"]}}],"collection":[{"href":"https:\/\/old.srokacompany.com\/de\/wp-json\/wp\/v2\/product"}],"about":[{"href":"https:\/\/old.srokacompany.com\/de\/wp-json\/wp\/v2\/types\/product"}],"wp:featuredmedia":[{"embeddable":true,"href":"https:\/\/old.srokacompany.com\/de\/wp-json\/wp\/v2\/media\/338645"}],"wp:attachment":[{"href":"https:\/\/old.srokacompany.com\/de\/wp-json\/wp\/v2\/media?parent=344748"}],"wp:term":[{"taxonomy":"product_brand","embeddable":true,"href":"https:\/\/old.srokacompany.com\/de\/wp-json\/wp\/v2\/product_brand?post=344748"},{"taxonomy":"product_cat","embeddable":true,"href":"https:\/\/old.srokacompany.com\/de\/wp-json\/wp\/v2\/product_cat?post=344748"},{"taxonomy":"product_tag","embeddable":true,"href":"https:\/\/old.srokacompany.com\/de\/wp-json\/wp\/v2\/product_tag?post=344748"}],"curies":[{"name":"wp","href":"https:\/\/api.w.org\/{rel}","templated":true}]}}