{"id":345064,"date":"2020-03-30T08:11:47","date_gmt":"2020-03-30T08:11:47","guid":{"rendered":"https:\/\/srokacompany.com\/produit\/aufblasbarer-paddelsack-sroka\/"},"modified":"2025-06-26T17:59:54","modified_gmt":"2025-06-26T15:59:54","slug":"aufblasbarer-paddelsack-sroka","status":"publish","type":"product","link":"https:\/\/old.srokacompany.com\/de\/produkt\/aufblasbarer-paddelsack-sroka\/","title":{"rendered":"Aufblasbarer Paddelsack SROKA"},"content":{"rendered":"<hr>\n<div class=\"product-description\">\n<h2>Hochwertige Taschen f\u00fcr aufblasbare Stand Up Paddle Sroka &#8211; Passend zu Ihrem Stil &#8211; Kompatibel mit jeder Gr\u00f6\u00dfe (Orange oder Blau)<\/h2>\n<p>Transportieren und sch\u00fctzen Sie Ihr Sroka Stand Up Paddle stilvoll mit unseren hochwertigen Taschen. Mit langlebigen Materialien und einem Design, das zu Ihrem Modell passt (orange oder blau), vereinen diese Taschen Funktionalit\u00e4t und Eleganz f\u00fcr unvergessliche Paddelabenteuer. <\/p>\n<h3>Praktischer Transport<\/h3>\n<p>Mit unserer aufblasbaren Stand Up Paddle-Tasche von Sroka k\u00f6nnen Sie ganz einfach zu Ihren Lieblingsspots reisen. Mit ihrem ergonomischen Design und den gepolsterten Gurten sorgt diese Tasche f\u00fcr einen bequemen und m\u00fchelosen Transport. Genie\u00dfen Sie jede Paddelsession in vollen Z\u00fcgen, ohne sich Sorgen um den Transport Ihrer Ausr\u00fcstung machen zu m\u00fcssen.  <\/p>\n<h3>Schutz und Nachhaltigkeit<\/h3>\n<p>Unsere Sroka-Tasche bietet einen \u00fcberlegenen Schutz f\u00fcr Ihr aufblasbares Board und bewahrt seine Qualit\u00e4t und Haltbarkeit. Hergestellt aus strapazierf\u00e4higen Materialien, sch\u00fctzt sie Ihr Stand Up Paddle vor Kratzern und St\u00f6\u00dfen und ist gleichzeitig wetterfest. So k\u00f6nnen Sie Ihre Ausr\u00fcstung viele Jahreszeiten lang genie\u00dfen.  <\/p>\n<h3>Einfache Verstauung<\/h3>\n<p>Nach einem Tag auf dem Paddelboot verstauen Sie Ihr Stand Up Paddle bequem in unserer f\u00fcr die praktische Aufbewahrung optimierten Tasche. Die Tasche wurde so entworfen, dass sie perfekt zu Ihrem aufblasbaren Board passt. Sie l\u00e4sst sich leicht zusammenfalten und passt m\u00fchelos in Ihren Stauraum. Sparen Sie Zeit und Platz mit dieser genialen Tasche.  <\/p>\n<p><!-- Replace the link below with the actual link to your product page or online store --><\/p>\n<p><strong>Gr\u00f6\u00dfe der Tasche: <\/strong>95 cm x 498 cm x 30 cm<\/p>\n<\/div>\n","protected":false},"excerpt":{"rendered":"<p>Transportieren und sch\u00fctzen Sie Ihr Sroka Stand Up Paddle stilvoll mit unseren hochwertigen Taschen.<\/p>\n","protected":false},"featured_media":345065,"template":"","meta":{"_acf_changed":false,"_uag_custom_page_level_css":""},"product_brand":[],"product_cat":[3578],"product_tag":[],"class_list":{"0":"post-345064","1":"product","2":"type-product","3":"status-publish","4":"has-post-thumbnail","6":"product_cat-paddle-zubehor","8":"first","9":"instock","10":"sale","11":"taxable","12":"shipping-taxable","13":"purchasable","14":"product-type-variable","15":"has-default-attributes"},"acf":[],"yoast_head":"<!-- This site is optimized with the Yoast SEO plugin v27.4 - https:\/\/yoast.com\/product\/yoast-seo-wordpress\/ -->\n<title>Hochwertige Taschen f\u00fcr Aufblasbare Paddles | SROKA Company<\/title>\n<meta name=\"description\" content=\"Hochwertige Taschen f\u00fcr aufblasbare Paddles: Eleganz und Schutz sind garantiert. W\u00e4hlen Sie orange oder blau, um Ihre Ausr\u00fcstung zu sch\u00fctzen!\" \/>\n<meta name=\"robots\" content=\"index, follow, max-snippet:-1, max-image-preview:large, max-video-preview:-1\" \/>\n<link rel=\"canonical\" href=\"https:\/\/old.srokacompany.com\/de\/produkt\/aufblasbarer-paddelsack-sroka\/\" \/>\n<meta property=\"og:locale\" content=\"de_DE\" \/>\n<meta property=\"og:type\" content=\"article\" \/>\n<meta property=\"og:title\" content=\"Hochwertige Taschen f\u00fcr Aufblasbare Paddles | SROKA Company\" \/>\n<meta property=\"og:description\" content=\"Hochwertige Taschen f\u00fcr aufblasbare Paddles: Eleganz und Schutz sind garantiert. W\u00e4hlen Sie orange oder blau, um Ihre Ausr\u00fcstung zu sch\u00fctzen!\" \/>\n<meta property=\"og:url\" content=\"https:\/\/old.srokacompany.com\/de\/produkt\/aufblasbarer-paddelsack-sroka\/\" \/>\n<meta property=\"og:site_name\" content=\"SROKA Company\" \/>\n<meta property=\"article:publisher\" content=\"https:\/\/www.facebook.com\/srokawatersports\/\" \/>\n<meta property=\"article:modified_time\" content=\"2025-06-26T15:59:54+00:00\" \/>\n<meta property=\"og:image\" content=\"https:\/\/srokacompany.com\/wp-content\/uploads\/2017\/04\/Sac-malibu-bleuorange-scaled-e1645538439248.jpg\" \/>\n\t<meta property=\"og:image:width\" content=\"1920\" \/>\n\t<meta property=\"og:image:height\" content=\"1651\" \/>\n\t<meta property=\"og:image:type\" content=\"image\/jpeg\" \/>\n<meta name=\"twitter:label1\" content=\"Gesch\u00e4tzte Lesezeit\" \/>\n\t<meta name=\"twitter:data1\" content=\"1\u00a0Minute\" \/>\n<script type=\"application\/ld+json\" class=\"yoast-schema-graph\">{\"@context\":\"https:\\\/\\\/schema.org\",\"@graph\":[{\"@type\":\"WebPage\",\"@id\":\"https:\\\/\\\/old.srokacompany.com\\\/de\\\/produkt\\\/aufblasbarer-paddelsack-sroka\\\/\",\"url\":\"https:\\\/\\\/old.srokacompany.com\\\/de\\\/produkt\\\/aufblasbarer-paddelsack-sroka\\\/\",\"name\":\"Hochwertige Taschen f\u00fcr Aufblasbare Paddles | SROKA Company\",\"isPartOf\":{\"@id\":\"https:\\\/\\\/srokacompany.com\\\/#website\"},\"primaryImageOfPage\":{\"@id\":\"https:\\\/\\\/old.srokacompany.com\\\/de\\\/produkt\\\/aufblasbarer-paddelsack-sroka\\\/#primaryimage\"},\"image\":{\"@id\":\"https:\\\/\\\/old.srokacompany.com\\\/de\\\/produkt\\\/aufblasbarer-paddelsack-sroka\\\/#primaryimage\"},\"thumbnailUrl\":\"https:\\\/\\\/old.srokacompany.com\\\/wp-content\\\/uploads\\\/2017\\\/04\\\/Sac-malibu-bleuorange-scaled-e1645538439248.jpg\",\"datePublished\":\"2020-03-30T08:11:47+00:00\",\"dateModified\":\"2025-06-26T15:59:54+00:00\",\"description\":\"Hochwertige Taschen f\u00fcr aufblasbare Paddles: Eleganz und Schutz sind garantiert. W\u00e4hlen Sie orange oder blau, um Ihre Ausr\u00fcstung zu sch\u00fctzen!\",\"breadcrumb\":{\"@id\":\"https:\\\/\\\/old.srokacompany.com\\\/de\\\/produkt\\\/aufblasbarer-paddelsack-sroka\\\/#breadcrumb\"},\"inLanguage\":\"de\",\"potentialAction\":[{\"@type\":\"ReadAction\",\"target\":[\"https:\\\/\\\/old.srokacompany.com\\\/de\\\/produkt\\\/aufblasbarer-paddelsack-sroka\\\/\"]}]},{\"@type\":\"ImageObject\",\"inLanguage\":\"de\",\"@id\":\"https:\\\/\\\/old.srokacompany.com\\\/de\\\/produkt\\\/aufblasbarer-paddelsack-sroka\\\/#primaryimage\",\"url\":\"https:\\\/\\\/old.srokacompany.com\\\/wp-content\\\/uploads\\\/2017\\\/04\\\/Sac-malibu-bleuorange-scaled-e1645538439248.jpg\",\"contentUrl\":\"https:\\\/\\\/old.srokacompany.com\\\/wp-content\\\/uploads\\\/2017\\\/04\\\/Sac-malibu-bleuorange-scaled-e1645538439248.jpg\",\"width\":1920,\"height\":1651,\"caption\":\"Tragetasche Malibu\"},{\"@type\":\"BreadcrumbList\",\"@id\":\"https:\\\/\\\/old.srokacompany.com\\\/de\\\/produkt\\\/aufblasbarer-paddelsack-sroka\\\/#breadcrumb\",\"itemListElement\":[{\"@type\":\"ListItem\",\"position\":1,\"name\":\"Accueil\",\"item\":\"https:\\\/\\\/srokacompany.com\\\/de\\\/\"},{\"@type\":\"ListItem\",\"position\":2,\"name\":\"Laden\",\"item\":\"https:\\\/\\\/srokacompany.com\\\/laden\\\/\"},{\"@type\":\"ListItem\",\"position\":3,\"name\":\"Aufblasbarer Paddelsack SROKA\"}]},{\"@type\":\"WebSite\",\"@id\":\"https:\\\/\\\/srokacompany.com\\\/#website\",\"url\":\"https:\\\/\\\/srokacompany.com\\\/\",\"name\":\"SROKA Company\",\"description\":\"SUP, Kite, Foil, Wing\",\"publisher\":{\"@id\":\"https:\\\/\\\/srokacompany.com\\\/#organization\"},\"potentialAction\":[{\"@type\":\"SearchAction\",\"target\":{\"@type\":\"EntryPoint\",\"urlTemplate\":\"https:\\\/\\\/srokacompany.com\\\/?s={search_term_string}\"},\"query-input\":{\"@type\":\"PropertyValueSpecification\",\"valueRequired\":true,\"valueName\":\"search_term_string\"}}],\"inLanguage\":\"de\"},{\"@type\":\"Organization\",\"@id\":\"https:\\\/\\\/srokacompany.com\\\/#organization\",\"name\":\"SROKACOMPANY\",\"alternateName\":\"SROKA\",\"url\":\"https:\\\/\\\/srokacompany.com\\\/\",\"logo\":{\"@type\":\"ImageObject\",\"inLanguage\":\"de\",\"@id\":\"https:\\\/\\\/srokacompany.com\\\/#\\\/schema\\\/logo\\\/image\\\/\",\"url\":\"https:\\\/\\\/srokacompany.com\\\/wp-content\\\/uploads\\\/2021\\\/01\\\/logo-sroka-black-transpa.png\",\"contentUrl\":\"https:\\\/\\\/srokacompany.com\\\/wp-content\\\/uploads\\\/2021\\\/01\\\/logo-sroka-black-transpa.png\",\"width\":1201,\"height\":342,\"caption\":\"SROKACOMPANY\"},\"image\":{\"@id\":\"https:\\\/\\\/srokacompany.com\\\/#\\\/schema\\\/logo\\\/image\\\/\"},\"sameAs\":[\"https:\\\/\\\/www.facebook.com\\\/srokawatersports\\\/\",\"https:\\\/\\\/www.instagram.com\\\/srokawatersports\\\/\",\"https:\\\/\\\/www.youtube.com\\\/channel\\\/UCVLHHeaPIm-J5bdEUgxqtZA\"]}]}<\/script>\n<!-- \/ Yoast SEO plugin. -->","yoast_head_json":{"title":"Hochwertige Taschen f\u00fcr Aufblasbare Paddles | SROKA Company","description":"Hochwertige Taschen f\u00fcr aufblasbare Paddles: Eleganz und Schutz sind garantiert. W\u00e4hlen Sie orange oder blau, um Ihre Ausr\u00fcstung zu sch\u00fctzen!","robots":{"index":"index","follow":"follow","max-snippet":"max-snippet:-1","max-image-preview":"max-image-preview:large","max-video-preview":"max-video-preview:-1"},"canonical":"https:\/\/old.srokacompany.com\/de\/produkt\/aufblasbarer-paddelsack-sroka\/","og_locale":"de_DE","og_type":"article","og_title":"Hochwertige Taschen f\u00fcr Aufblasbare Paddles | SROKA Company","og_description":"Hochwertige Taschen f\u00fcr aufblasbare Paddles: Eleganz und Schutz sind garantiert. W\u00e4hlen Sie orange oder blau, um Ihre Ausr\u00fcstung zu sch\u00fctzen!","og_url":"https:\/\/old.srokacompany.com\/de\/produkt\/aufblasbarer-paddelsack-sroka\/","og_site_name":"SROKA Company","article_publisher":"https:\/\/www.facebook.com\/srokawatersports\/","article_modified_time":"2025-06-26T15:59:54+00:00","og_image":[{"width":1920,"height":1651,"url":"https:\/\/srokacompany.com\/wp-content\/uploads\/2017\/04\/Sac-malibu-bleuorange-scaled-e1645538439248.jpg","type":"image\/jpeg"}],"twitter_misc":{"Gesch\u00e4tzte Lesezeit":"1\u00a0Minute"},"schema":{"@context":"https:\/\/schema.org","@graph":[{"@type":"WebPage","@id":"https:\/\/old.srokacompany.com\/de\/produkt\/aufblasbarer-paddelsack-sroka\/","url":"https:\/\/old.srokacompany.com\/de\/produkt\/aufblasbarer-paddelsack-sroka\/","name":"Hochwertige Taschen f\u00fcr Aufblasbare Paddles | SROKA Company","isPartOf":{"@id":"https:\/\/srokacompany.com\/#website"},"primaryImageOfPage":{"@id":"https:\/\/old.srokacompany.com\/de\/produkt\/aufblasbarer-paddelsack-sroka\/#primaryimage"},"image":{"@id":"https:\/\/old.srokacompany.com\/de\/produkt\/aufblasbarer-paddelsack-sroka\/#primaryimage"},"thumbnailUrl":"https:\/\/old.srokacompany.com\/wp-content\/uploads\/2017\/04\/Sac-malibu-bleuorange-scaled-e1645538439248.jpg","datePublished":"2020-03-30T08:11:47+00:00","dateModified":"2025-06-26T15:59:54+00:00","description":"Hochwertige Taschen f\u00fcr aufblasbare Paddles: Eleganz und Schutz sind garantiert. W\u00e4hlen Sie orange oder blau, um Ihre Ausr\u00fcstung zu sch\u00fctzen!","breadcrumb":{"@id":"https:\/\/old.srokacompany.com\/de\/produkt\/aufblasbarer-paddelsack-sroka\/#breadcrumb"},"inLanguage":"de","potentialAction":[{"@type":"ReadAction","target":["https:\/\/old.srokacompany.com\/de\/produkt\/aufblasbarer-paddelsack-sroka\/"]}]},{"@type":"ImageObject","inLanguage":"de","@id":"https:\/\/old.srokacompany.com\/de\/produkt\/aufblasbarer-paddelsack-sroka\/#primaryimage","url":"https:\/\/old.srokacompany.com\/wp-content\/uploads\/2017\/04\/Sac-malibu-bleuorange-scaled-e1645538439248.jpg","contentUrl":"https:\/\/old.srokacompany.com\/wp-content\/uploads\/2017\/04\/Sac-malibu-bleuorange-scaled-e1645538439248.jpg","width":1920,"height":1651,"caption":"Tragetasche Malibu"},{"@type":"BreadcrumbList","@id":"https:\/\/old.srokacompany.com\/de\/produkt\/aufblasbarer-paddelsack-sroka\/#breadcrumb","itemListElement":[{"@type":"ListItem","position":1,"name":"Accueil","item":"https:\/\/srokacompany.com\/de\/"},{"@type":"ListItem","position":2,"name":"Laden","item":"https:\/\/srokacompany.com\/laden\/"},{"@type":"ListItem","position":3,"name":"Aufblasbarer Paddelsack SROKA"}]},{"@type":"WebSite","@id":"https:\/\/srokacompany.com\/#website","url":"https:\/\/srokacompany.com\/","name":"SROKA Company","description":"SUP, Kite, Foil, Wing","publisher":{"@id":"https:\/\/srokacompany.com\/#organization"},"potentialAction":[{"@type":"SearchAction","target":{"@type":"EntryPoint","urlTemplate":"https:\/\/srokacompany.com\/?s={search_term_string}"},"query-input":{"@type":"PropertyValueSpecification","valueRequired":true,"valueName":"search_term_string"}}],"inLanguage":"de"},{"@type":"Organization","@id":"https:\/\/srokacompany.com\/#organization","name":"SROKACOMPANY","alternateName":"SROKA","url":"https:\/\/srokacompany.com\/","logo":{"@type":"ImageObject","inLanguage":"de","@id":"https:\/\/srokacompany.com\/#\/schema\/logo\/image\/","url":"https:\/\/srokacompany.com\/wp-content\/uploads\/2021\/01\/logo-sroka-black-transpa.png","contentUrl":"https:\/\/srokacompany.com\/wp-content\/uploads\/2021\/01\/logo-sroka-black-transpa.png","width":1201,"height":342,"caption":"SROKACOMPANY"},"image":{"@id":"https:\/\/srokacompany.com\/#\/schema\/logo\/image\/"},"sameAs":["https:\/\/www.facebook.com\/srokawatersports\/","https:\/\/www.instagram.com\/srokawatersports\/","https:\/\/www.youtube.com\/channel\/UCVLHHeaPIm-J5bdEUgxqtZA"]}]}},"uagb_featured_image_src":{"full":["https:\/\/old.srokacompany.com\/wp-content\/uploads\/2017\/04\/Sac-malibu-bleuorange-scaled-e1645538439248.jpg",1920,1651,false],"thumbnail":["https:\/\/old.srokacompany.com\/wp-content\/uploads\/2017\/04\/Sac-malibu-bleuorange-scaled-e1645538439248-150x150.jpg",150,150,true],"medium":["https:\/\/old.srokacompany.com\/wp-content\/uploads\/2017\/04\/Sac-malibu-bleuorange-scaled-e1645538439248-300x258.jpg",300,258,true],"medium_large":["https:\/\/old.srokacompany.com\/wp-content\/uploads\/2017\/04\/Sac-malibu-bleuorange-scaled-e1645538439248-768x660.jpg",768,660,true],"large":["https:\/\/old.srokacompany.com\/wp-content\/uploads\/2017\/04\/Sac-malibu-bleuorange-scaled-e1645538439248-1024x881.jpg",1024,881,true],"1536x1536":["https:\/\/old.srokacompany.com\/wp-content\/uploads\/2017\/04\/Sac-malibu-bleuorange-scaled-e1645538439248-1536x1321.jpg",1536,1321,true],"2048x2048":["https:\/\/old.srokacompany.com\/wp-content\/uploads\/2017\/04\/Sac-malibu-bleuorange-scaled-e1645538439248.jpg",1920,1651,false],"woocommerce_thumbnail":["https:\/\/old.srokacompany.com\/wp-content\/uploads\/2017\/04\/Sac-malibu-bleuorange-scaled-e1645538439248-768x660.jpg",600,516,true],"woocommerce_single":["https:\/\/old.srokacompany.com\/wp-content\/uploads\/2017\/04\/Sac-malibu-bleuorange-scaled-e1645538439248-768x660.jpg",600,516,true],"woocommerce_gallery_thumbnail":["https:\/\/old.srokacompany.com\/wp-content\/uploads\/2017\/04\/Sac-malibu-bleuorange-scaled-e1645538439248-100x100.jpg",100,100,true],"dgwt-wcas-product-suggestion":["https:\/\/old.srokacompany.com\/wp-content\/uploads\/2017\/04\/Sac-malibu-bleuorange-scaled-e1645538439248.jpg",64,55,false]},"uagb_author_info":{"display_name":"Bruno Sroka","author_link":"https:\/\/old.srokacompany.com\/de\/blog\/author\/"},"uagb_comment_info":0,"uagb_excerpt":"Transportieren und sch\u00fctzen Sie Ihr Sroka Stand Up Paddle stilvoll mit unseren hochwertigen Taschen.","jetpack_sharing_enabled":true,"_links":{"self":[{"href":"https:\/\/old.srokacompany.com\/de\/wp-json\/wp\/v2\/product\/345064","targetHints":{"allow":["GET"]}}],"collection":[{"href":"https:\/\/old.srokacompany.com\/de\/wp-json\/wp\/v2\/product"}],"about":[{"href":"https:\/\/old.srokacompany.com\/de\/wp-json\/wp\/v2\/types\/product"}],"wp:featuredmedia":[{"embeddable":true,"href":"https:\/\/old.srokacompany.com\/de\/wp-json\/wp\/v2\/media\/345065"}],"wp:attachment":[{"href":"https:\/\/old.srokacompany.com\/de\/wp-json\/wp\/v2\/media?parent=345064"}],"wp:term":[{"taxonomy":"product_brand","embeddable":true,"href":"https:\/\/old.srokacompany.com\/de\/wp-json\/wp\/v2\/product_brand?post=345064"},{"taxonomy":"product_cat","embeddable":true,"href":"https:\/\/old.srokacompany.com\/de\/wp-json\/wp\/v2\/product_cat?post=345064"},{"taxonomy":"product_tag","embeddable":true,"href":"https:\/\/old.srokacompany.com\/de\/wp-json\/wp\/v2\/product_tag?post=345064"}],"curies":[{"name":"wp","href":"https:\/\/api.w.org\/{rel}","templated":true}]}}