{"id":345277,"date":"2021-03-04T15:56:49","date_gmt":"2021-03-04T15:56:49","guid":{"rendered":"https:\/\/srokacompany.com\/produit\/pack-wing-foil-aufblasbare-sroka-air-v2\/"},"modified":"2025-10-31T19:13:54","modified_gmt":"2025-10-31T17:13:54","slug":"pack-wing-foil-aufblasbare-sroka-air-v2","status":"publish","type":"product","link":"https:\/\/old.srokacompany.com\/de\/produkt\/pack-wing-foil-aufblasbare-sroka-air-v2\/","title":{"rendered":"Pack Wing Foil Aufblasbare Sroka Air V2"},"content":{"rendered":"<hr>\n<p>Das <b>Sroka Air V2 Inflatable Wing Foil Pack<\/b> wurde f\u00fcr Fahrer entwickelt, die sich nicht zwischen dem <b>einfachen Transport<\/b> einer aufblasbaren Ausr\u00fcstung und den <b>Gleiteigenschaften<\/b> eines Hardboards entscheiden wollen. Es ist das ideale Paket f\u00fcr <b>Reisende<\/b> und Anf\u00e4nger, die eine <b>solide, leicht zug\u00e4ngliche<\/b> Ausr\u00fcstung ben\u00f6tigen, die <b>wenig Platz<\/b> einnimmt. <\/p>\n<h3>Bestandteile des Pakets<\/h3>\n<p>Dieses Komplettset ist f\u00fcr das Lernen und den Fortschritt optimiert und dabei ultrakompakt:<\/p>\n<ol start=\"1\">\n<li><b>Aufblasbares Surfbrett Sroka Air V2<\/b>\n<ul>\n<li><b>Philosophie:<\/b> Ein Gleitsport-Erlebnis bieten, das dem eines starren Boards so nahe wie m\u00f6glich kommt, dabei aber <b>sto\u00dffest<\/b> und <b>leicht zu verstauen<\/b> ist.<\/li>\n<li><b>Schl\u00fcsselkonstruktion:<\/b> Au\u00dfergew\u00f6hnliche Steifigkeit, die durch eine <b>Kohlefaserplatte<\/b> unter dem Deck gew\u00e4hrleistet wird, die zum Schutz mit einer PVC-Schicht \u00fcberzogen ist. Diese Technologie verfestigt den Bereich, an dem das foil befestigt ist, und macht das Board sehr <b>reaktionsfreudig<\/b> und stabil im Flug. <\/li>\n<li><b>Optimierte Dicke:<\/b> Die Umstellung auf eine Dicke von <b>5 Zoll (12 cm)<\/b> (statt 6 <b>Zoll<\/b> bei der alten Version) sorgt f\u00fcr einen engeren Kontakt mit dem Wasser, was das Gleitgef\u00fchl verbessert und die Tr\u00e4gheit verringert, w\u00e4hrend die Zug\u00e4nglichkeit erhalten bleibt.<\/li>\n<li><b>Verf\u00fcgbare Shapes (abh\u00e4ngig von der Gr\u00f6\u00dfe) :<\/b>\n<ul>\n<li><b>5&#8217;3 (115L &#8211; 120L):<\/b> Leichte Anf\u00e4nger oder erfahrene Rider.<\/li>\n<li><b>6&#8217;0 (144L):<\/b> Vielseitig, f\u00fcr mittlere K\u00f6rpergr\u00f6\u00dfen, die nach Erweiterbarkeit suchen.<\/li>\n<li><b>6&#8217;4 (155L):<\/b> Ideal f\u00fcr <b>Anf\u00e4nger<\/b> und <b>gro\u00dfe Menschen<\/b> f\u00fcr maximale Stabilit\u00e4t.<\/li>\n<\/ul>\n<\/li>\n<\/ul>\n<\/li>\n<li><b>Wing SROKA V4 (5m\u00b2)<\/b>\n<ul>\n<li>Wegen seiner Vielseitigkeit, seiner Kraft und seines geringen Gewichts im Paket enthalten. Er eignet sich perfekt f\u00fcr das Erlernen des Starts und des stabilen Fliegens. <\/li>\n<\/ul>\n<\/li>\n<li><b>Foil SROKA S-Foil Classique 1750<\/b>\n<ul>\n<li>Dieses Foil ist dank seines gro\u00dfen Auftriebs<b>(1750 cm\u00b2<\/b>) der Standard f\u00fcr Anf\u00e4nger. Es erm\u00f6glicht einen einfachen Start auch bei wenig Wind und bietet eine ausgezeichnete Stabilit\u00e4t f\u00fcr die ersten Fl\u00fcge.<\/li>\n<\/ul>\n<\/li>\n<\/ol>\n<p>&nbsp;<\/p>\n<h3>Highlights des Air V2 Inflatable Packs<\/h3>\n<ul>\n<li><b>Revolution\u00e4rer Transport und Aufbewahrung:<\/b> Das gesamte Paket passt in einen <b>gro\u00dfen Rucksack mit R\u00e4dern<\/b> (im Lieferumfang enthalten). Dies ist die ultimative L\u00f6sung f\u00fcr Reisen (Pass in den Frachtraum eines Flugzeugs ohne zus\u00e4tzliche Kosten) oder die Aufbewahrung in begrenzten R\u00e4umen. <\/li>\n<li><b>Un\u00fcbertroffene Steifigkeit:<\/b> Dank der <b>integrierten Carbonplatte<\/b> ist das <b>Sroka Air V2<\/b> eines der steifsten aufblasbaren Boards auf dem Markt und bietet eine pr\u00e4zise Steuerung.<\/li>\n<li><b>Zug\u00e4nglichkeit und Skalierbarkeit:<\/b> Dank seines Volumens und seiner Stabilit\u00e4t ist es zu <b>100 %<\/b> f\u00fcr Anf\u00e4nger geeignet, aber es ist leistungsstark genug, um den Rider bis zu einem entw\u00f6hnten oder sogar fortgeschrittenen Niveau zu begleiten (indem man mit der Gr\u00f6\u00dfe des Foils und den Footstraps spielt).<\/li>\n<li><b>Komplette Ausstattung:<\/b> Das Paket enth\u00e4lt :\n<ul>\n<li>Das Air Board V2.<\/li>\n<li>Die Wing V4.<\/li>\n<li>Das S-Foil 1750 (mit Tasche und Schrauben).<\/li>\n<li>Eine <b>doppelt wirkende Pumpe<\/b> (f\u00fcr Brett und Wing).<\/li>\n<li>Leashs von Brett und Wing.<\/li>\n<li>Die <b>gro\u00dfe Transporttasche mit R\u00e4dern<\/b>.<\/li>\n<\/ul>\n<\/li>\n<\/ul>\n<hr>\n<p>Kurz gesagt: Wenn Ihre Priorit\u00e4t <b>auf<\/b> <b>leicht zu transportierendem, extrem haltbarem<\/b> Material liegt, das beim Lernen nicht zu sehr auf das Fahrgef\u00fchl verzichtet, ist das <b>Pack Wing Foil Inflatable Sroka Air V2<\/b> die ideale Wahl.<\/p>\n<p class=\"p3\">Wenn Sie sich fragen, welches<a href=\"https:\/\/srokacompany.com\/de\/blog\/pack-wing-foil-sroka-unsere-tipps\/\"> Wingfoil-Paket Wing Foil Sie w\u00e4hlen sollen, nehmen Sie sich die Zeit, unseren Artikel &#8220; Wie w\u00e4hle ich mein Wingfoil-Paket<\/a> &#8220; zu lesen, damit Sie die richtige Wahl treffen k\u00f6nnen.<\/p>\n<p><a href=\"https:\/\/srokacompany.com\/de\/produkt\/pack-wing-foil-aufblasbare-sroka-air-v1\/\">Das aufblasbare Wingfoil-Paket ist mit dem aufblasbaren Board v1 und dem Segel v4 f\u00fcr <strong>1499\u20ac<\/strong>erh\u00e4ltlich.  <\/a><\/p>\n","protected":false},"excerpt":{"rendered":"<p>Das <b>SROKA Air V2 Inflatable Pack<\/b> ist ein <b>kompaktes<\/b> Komplettset f\u00fcr <b>Reisen<\/b> und <b>einen einfachen Einstieg<\/b> ins Wing Foil. Ultra-steifes Board dank seiner <b>Carbonplatte<\/b>, Foil <b>1750 V2<\/b> und Wing V4. <\/p>\n","protected":false},"featured_media":345293,"template":"","meta":{"_acf_changed":false,"_uag_custom_page_level_css":""},"product_brand":[],"product_cat":[3493,3671,3453],"product_tag":[3441,3442],"class_list":{"0":"post-345277","1":"product","2":"type-product","3":"status-publish","4":"has-post-thumbnail","6":"product_cat-foil-de","7":"product_cat-pack-wing-foil-ihr-komplettes-set-fur-unvergessliche-erlebnisse","8":"product_cat-wing-foil-de","9":"product_tag-anfanger","10":"product_tag-schlau","11":"product_shipping_class-aufblasbares-komplettpaket-wing","13":"first","14":"instock","15":"taxable","16":"shipping-taxable","17":"purchasable","18":"product-type-woosb"},"acf":[],"yoast_head":"<!-- This site is optimized with the Yoast SEO plugin v27.4 - https:\/\/yoast.com\/product\/yoast-seo-wordpress\/ -->\n<title>Pack Wing Foil Aufblasbare Sroka Air V2 | Sroka<\/title>\n<meta name=\"description\" content=\"Genie\u00dfen Sie das Paket Wing Foil aufblasbare Sroka Air V2: Leistung, Leichtigkeit und Haltbarkeit f\u00fcr ein unvergleichliches Gef\u00fchl auf dem Wasser. Schnelle Lieferung in Frankreich.\" \/>\n<meta name=\"robots\" content=\"index, follow, max-snippet:-1, max-image-preview:large, max-video-preview:-1\" \/>\n<link rel=\"canonical\" href=\"https:\/\/old.srokacompany.com\/de\/produkt\/pack-wing-foil-aufblasbare-sroka-air-v2\/\" \/>\n<meta property=\"og:locale\" content=\"de_DE\" \/>\n<meta property=\"og:type\" content=\"article\" \/>\n<meta property=\"og:title\" content=\"Pack Wing Foil Aufblasbare Sroka Air V2 | Sroka\" \/>\n<meta property=\"og:description\" content=\"Genie\u00dfen Sie das Paket Wing Foil aufblasbare Sroka Air V2: Leistung, Leichtigkeit und Haltbarkeit f\u00fcr ein unvergleichliches Gef\u00fchl auf dem Wasser. Schnelle Lieferung in Frankreich.\" \/>\n<meta property=\"og:url\" content=\"https:\/\/old.srokacompany.com\/de\/produkt\/pack-wing-foil-aufblasbare-sroka-air-v2\/\" \/>\n<meta property=\"og:site_name\" content=\"SROKA Company\" \/>\n<meta property=\"article:publisher\" content=\"https:\/\/www.facebook.com\/srokawatersports\/\" \/>\n<meta property=\"article:modified_time\" content=\"2025-10-31T17:13:54+00:00\" \/>\n<meta property=\"og:image\" content=\"https:\/\/srokacompany.com\/wp-content\/uploads\/2022\/07\/2.jpg\" \/>\n\t<meta property=\"og:image:width\" content=\"1080\" \/>\n\t<meta property=\"og:image:height\" content=\"1080\" \/>\n\t<meta property=\"og:image:type\" content=\"image\/jpeg\" \/>\n<meta name=\"twitter:label1\" content=\"Gesch\u00e4tzte Lesezeit\" \/>\n\t<meta name=\"twitter:data1\" content=\"3\u00a0Minuten\" \/>\n<script type=\"application\/ld+json\" class=\"yoast-schema-graph\">{\"@context\":\"https:\\\/\\\/schema.org\",\"@graph\":[{\"@type\":\"WebPage\",\"@id\":\"https:\\\/\\\/old.srokacompany.com\\\/de\\\/produkt\\\/pack-wing-foil-aufblasbare-sroka-air-v2\\\/\",\"url\":\"https:\\\/\\\/old.srokacompany.com\\\/de\\\/produkt\\\/pack-wing-foil-aufblasbare-sroka-air-v2\\\/\",\"name\":\"Pack Wing Foil Aufblasbare Sroka Air V2 | Sroka\",\"isPartOf\":{\"@id\":\"https:\\\/\\\/srokacompany.com\\\/#website\"},\"primaryImageOfPage\":{\"@id\":\"https:\\\/\\\/old.srokacompany.com\\\/de\\\/produkt\\\/pack-wing-foil-aufblasbare-sroka-air-v2\\\/#primaryimage\"},\"image\":{\"@id\":\"https:\\\/\\\/old.srokacompany.com\\\/de\\\/produkt\\\/pack-wing-foil-aufblasbare-sroka-air-v2\\\/#primaryimage\"},\"thumbnailUrl\":\"https:\\\/\\\/old.srokacompany.com\\\/wp-content\\\/uploads\\\/2022\\\/07\\\/2.jpg\",\"datePublished\":\"2021-03-04T15:56:49+00:00\",\"dateModified\":\"2025-10-31T17:13:54+00:00\",\"description\":\"Genie\u00dfen Sie das Paket Wing Foil aufblasbare Sroka Air V2: Leistung, Leichtigkeit und Haltbarkeit f\u00fcr ein unvergleichliches Gef\u00fchl auf dem Wasser. Schnelle Lieferung in Frankreich.\",\"breadcrumb\":{\"@id\":\"https:\\\/\\\/old.srokacompany.com\\\/de\\\/produkt\\\/pack-wing-foil-aufblasbare-sroka-air-v2\\\/#breadcrumb\"},\"inLanguage\":\"de\",\"potentialAction\":[{\"@type\":\"ReadAction\",\"target\":[\"https:\\\/\\\/old.srokacompany.com\\\/de\\\/produkt\\\/pack-wing-foil-aufblasbare-sroka-air-v2\\\/\"]}]},{\"@type\":\"ImageObject\",\"inLanguage\":\"de\",\"@id\":\"https:\\\/\\\/old.srokacompany.com\\\/de\\\/produkt\\\/pack-wing-foil-aufblasbare-sroka-air-v2\\\/#primaryimage\",\"url\":\"https:\\\/\\\/old.srokacompany.com\\\/wp-content\\\/uploads\\\/2022\\\/07\\\/2.jpg\",\"contentUrl\":\"https:\\\/\\\/old.srokacompany.com\\\/wp-content\\\/uploads\\\/2022\\\/07\\\/2.jpg\",\"width\":1080,\"height\":1080,\"caption\":\"Pack Wing Foil Gonflable d\u00e9butant\"},{\"@type\":\"BreadcrumbList\",\"@id\":\"https:\\\/\\\/old.srokacompany.com\\\/de\\\/produkt\\\/pack-wing-foil-aufblasbare-sroka-air-v2\\\/#breadcrumb\",\"itemListElement\":[{\"@type\":\"ListItem\",\"position\":1,\"name\":\"Accueil\",\"item\":\"https:\\\/\\\/srokacompany.com\\\/de\\\/\"},{\"@type\":\"ListItem\",\"position\":2,\"name\":\"Laden\",\"item\":\"https:\\\/\\\/srokacompany.com\\\/laden\\\/\"},{\"@type\":\"ListItem\",\"position\":3,\"name\":\"Pack Wing Foil Aufblasbare Sroka Air V2\"}]},{\"@type\":\"WebSite\",\"@id\":\"https:\\\/\\\/srokacompany.com\\\/#website\",\"url\":\"https:\\\/\\\/srokacompany.com\\\/\",\"name\":\"SROKA Company\",\"description\":\"SUP, Kite, Foil, Wing\",\"publisher\":{\"@id\":\"https:\\\/\\\/srokacompany.com\\\/#organization\"},\"potentialAction\":[{\"@type\":\"SearchAction\",\"target\":{\"@type\":\"EntryPoint\",\"urlTemplate\":\"https:\\\/\\\/srokacompany.com\\\/?s={search_term_string}\"},\"query-input\":{\"@type\":\"PropertyValueSpecification\",\"valueRequired\":true,\"valueName\":\"search_term_string\"}}],\"inLanguage\":\"de\"},{\"@type\":\"Organization\",\"@id\":\"https:\\\/\\\/srokacompany.com\\\/#organization\",\"name\":\"SROKACOMPANY\",\"alternateName\":\"SROKA\",\"url\":\"https:\\\/\\\/srokacompany.com\\\/\",\"logo\":{\"@type\":\"ImageObject\",\"inLanguage\":\"de\",\"@id\":\"https:\\\/\\\/srokacompany.com\\\/#\\\/schema\\\/logo\\\/image\\\/\",\"url\":\"https:\\\/\\\/srokacompany.com\\\/wp-content\\\/uploads\\\/2021\\\/01\\\/logo-sroka-black-transpa.png\",\"contentUrl\":\"https:\\\/\\\/srokacompany.com\\\/wp-content\\\/uploads\\\/2021\\\/01\\\/logo-sroka-black-transpa.png\",\"width\":1201,\"height\":342,\"caption\":\"SROKACOMPANY\"},\"image\":{\"@id\":\"https:\\\/\\\/srokacompany.com\\\/#\\\/schema\\\/logo\\\/image\\\/\"},\"sameAs\":[\"https:\\\/\\\/www.facebook.com\\\/srokawatersports\\\/\",\"https:\\\/\\\/www.instagram.com\\\/srokawatersports\\\/\",\"https:\\\/\\\/www.youtube.com\\\/channel\\\/UCVLHHeaPIm-J5bdEUgxqtZA\"]}]}<\/script>\n<!-- \/ Yoast SEO plugin. -->","yoast_head_json":{"title":"Pack Wing Foil Aufblasbare Sroka Air V2 | Sroka","description":"Genie\u00dfen Sie das Paket Wing Foil aufblasbare Sroka Air V2: Leistung, Leichtigkeit und Haltbarkeit f\u00fcr ein unvergleichliches Gef\u00fchl auf dem Wasser. Schnelle Lieferung in Frankreich.","robots":{"index":"index","follow":"follow","max-snippet":"max-snippet:-1","max-image-preview":"max-image-preview:large","max-video-preview":"max-video-preview:-1"},"canonical":"https:\/\/old.srokacompany.com\/de\/produkt\/pack-wing-foil-aufblasbare-sroka-air-v2\/","og_locale":"de_DE","og_type":"article","og_title":"Pack Wing Foil Aufblasbare Sroka Air V2 | Sroka","og_description":"Genie\u00dfen Sie das Paket Wing Foil aufblasbare Sroka Air V2: Leistung, Leichtigkeit und Haltbarkeit f\u00fcr ein unvergleichliches Gef\u00fchl auf dem Wasser. Schnelle Lieferung in Frankreich.","og_url":"https:\/\/old.srokacompany.com\/de\/produkt\/pack-wing-foil-aufblasbare-sroka-air-v2\/","og_site_name":"SROKA Company","article_publisher":"https:\/\/www.facebook.com\/srokawatersports\/","article_modified_time":"2025-10-31T17:13:54+00:00","og_image":[{"width":1080,"height":1080,"url":"https:\/\/srokacompany.com\/wp-content\/uploads\/2022\/07\/2.jpg","type":"image\/jpeg"}],"twitter_misc":{"Gesch\u00e4tzte Lesezeit":"3\u00a0Minuten"},"schema":{"@context":"https:\/\/schema.org","@graph":[{"@type":"WebPage","@id":"https:\/\/old.srokacompany.com\/de\/produkt\/pack-wing-foil-aufblasbare-sroka-air-v2\/","url":"https:\/\/old.srokacompany.com\/de\/produkt\/pack-wing-foil-aufblasbare-sroka-air-v2\/","name":"Pack Wing Foil Aufblasbare Sroka Air V2 | Sroka","isPartOf":{"@id":"https:\/\/srokacompany.com\/#website"},"primaryImageOfPage":{"@id":"https:\/\/old.srokacompany.com\/de\/produkt\/pack-wing-foil-aufblasbare-sroka-air-v2\/#primaryimage"},"image":{"@id":"https:\/\/old.srokacompany.com\/de\/produkt\/pack-wing-foil-aufblasbare-sroka-air-v2\/#primaryimage"},"thumbnailUrl":"https:\/\/old.srokacompany.com\/wp-content\/uploads\/2022\/07\/2.jpg","datePublished":"2021-03-04T15:56:49+00:00","dateModified":"2025-10-31T17:13:54+00:00","description":"Genie\u00dfen Sie das Paket Wing Foil aufblasbare Sroka Air V2: Leistung, Leichtigkeit und Haltbarkeit f\u00fcr ein unvergleichliches Gef\u00fchl auf dem Wasser. Schnelle Lieferung in Frankreich.","breadcrumb":{"@id":"https:\/\/old.srokacompany.com\/de\/produkt\/pack-wing-foil-aufblasbare-sroka-air-v2\/#breadcrumb"},"inLanguage":"de","potentialAction":[{"@type":"ReadAction","target":["https:\/\/old.srokacompany.com\/de\/produkt\/pack-wing-foil-aufblasbare-sroka-air-v2\/"]}]},{"@type":"ImageObject","inLanguage":"de","@id":"https:\/\/old.srokacompany.com\/de\/produkt\/pack-wing-foil-aufblasbare-sroka-air-v2\/#primaryimage","url":"https:\/\/old.srokacompany.com\/wp-content\/uploads\/2022\/07\/2.jpg","contentUrl":"https:\/\/old.srokacompany.com\/wp-content\/uploads\/2022\/07\/2.jpg","width":1080,"height":1080,"caption":"Pack Wing Foil Gonflable d\u00e9butant"},{"@type":"BreadcrumbList","@id":"https:\/\/old.srokacompany.com\/de\/produkt\/pack-wing-foil-aufblasbare-sroka-air-v2\/#breadcrumb","itemListElement":[{"@type":"ListItem","position":1,"name":"Accueil","item":"https:\/\/srokacompany.com\/de\/"},{"@type":"ListItem","position":2,"name":"Laden","item":"https:\/\/srokacompany.com\/laden\/"},{"@type":"ListItem","position":3,"name":"Pack Wing Foil Aufblasbare Sroka Air V2"}]},{"@type":"WebSite","@id":"https:\/\/srokacompany.com\/#website","url":"https:\/\/srokacompany.com\/","name":"SROKA Company","description":"SUP, Kite, Foil, Wing","publisher":{"@id":"https:\/\/srokacompany.com\/#organization"},"potentialAction":[{"@type":"SearchAction","target":{"@type":"EntryPoint","urlTemplate":"https:\/\/srokacompany.com\/?s={search_term_string}"},"query-input":{"@type":"PropertyValueSpecification","valueRequired":true,"valueName":"search_term_string"}}],"inLanguage":"de"},{"@type":"Organization","@id":"https:\/\/srokacompany.com\/#organization","name":"SROKACOMPANY","alternateName":"SROKA","url":"https:\/\/srokacompany.com\/","logo":{"@type":"ImageObject","inLanguage":"de","@id":"https:\/\/srokacompany.com\/#\/schema\/logo\/image\/","url":"https:\/\/srokacompany.com\/wp-content\/uploads\/2021\/01\/logo-sroka-black-transpa.png","contentUrl":"https:\/\/srokacompany.com\/wp-content\/uploads\/2021\/01\/logo-sroka-black-transpa.png","width":1201,"height":342,"caption":"SROKACOMPANY"},"image":{"@id":"https:\/\/srokacompany.com\/#\/schema\/logo\/image\/"},"sameAs":["https:\/\/www.facebook.com\/srokawatersports\/","https:\/\/www.instagram.com\/srokawatersports\/","https:\/\/www.youtube.com\/channel\/UCVLHHeaPIm-J5bdEUgxqtZA"]}]}},"uagb_featured_image_src":{"full":["https:\/\/old.srokacompany.com\/wp-content\/uploads\/2022\/07\/2.jpg",1080,1080,false],"thumbnail":["https:\/\/old.srokacompany.com\/wp-content\/uploads\/2022\/07\/2-150x150.jpg",150,150,true],"medium":["https:\/\/old.srokacompany.com\/wp-content\/uploads\/2022\/07\/2-300x300.jpg",300,300,true],"medium_large":["https:\/\/old.srokacompany.com\/wp-content\/uploads\/2022\/07\/2-768x768.jpg",768,768,true],"large":["https:\/\/old.srokacompany.com\/wp-content\/uploads\/2022\/07\/2-1024x1024.jpg",1024,1024,true],"1536x1536":["https:\/\/old.srokacompany.com\/wp-content\/uploads\/2022\/07\/2.jpg",1080,1080,false],"2048x2048":["https:\/\/old.srokacompany.com\/wp-content\/uploads\/2022\/07\/2.jpg",1080,1080,false],"woocommerce_thumbnail":["https:\/\/old.srokacompany.com\/wp-content\/uploads\/2022\/07\/2-600x600.jpg",600,600,true],"woocommerce_single":["https:\/\/old.srokacompany.com\/wp-content\/uploads\/2022\/07\/2-600x600.jpg",600,600,true],"woocommerce_gallery_thumbnail":["https:\/\/old.srokacompany.com\/wp-content\/uploads\/2022\/07\/2-100x100.jpg",100,100,true],"dgwt-wcas-product-suggestion":["https:\/\/old.srokacompany.com\/wp-content\/uploads\/2022\/07\/2.jpg",64,64,false]},"uagb_author_info":{"display_name":"Tristan Dumard","author_link":"https:\/\/old.srokacompany.com\/de\/blog\/author\/"},"uagb_comment_info":0,"uagb_excerpt":"Das SROKA Air V2 Inflatable Pack ist ein kompaktes Komplettset f\u00fcr Reisen und einen einfachen Einstieg ins Wing Foil. Ultra-steifes Board dank seiner Carbonplatte, Foil 1750 V2 und Wing V4.","jetpack_sharing_enabled":true,"_links":{"self":[{"href":"https:\/\/old.srokacompany.com\/de\/wp-json\/wp\/v2\/product\/345277","targetHints":{"allow":["GET"]}}],"collection":[{"href":"https:\/\/old.srokacompany.com\/de\/wp-json\/wp\/v2\/product"}],"about":[{"href":"https:\/\/old.srokacompany.com\/de\/wp-json\/wp\/v2\/types\/product"}],"wp:featuredmedia":[{"embeddable":true,"href":"https:\/\/old.srokacompany.com\/de\/wp-json\/wp\/v2\/media\/345293"}],"wp:attachment":[{"href":"https:\/\/old.srokacompany.com\/de\/wp-json\/wp\/v2\/media?parent=345277"}],"wp:term":[{"taxonomy":"product_brand","embeddable":true,"href":"https:\/\/old.srokacompany.com\/de\/wp-json\/wp\/v2\/product_brand?post=345277"},{"taxonomy":"product_cat","embeddable":true,"href":"https:\/\/old.srokacompany.com\/de\/wp-json\/wp\/v2\/product_cat?post=345277"},{"taxonomy":"product_tag","embeddable":true,"href":"https:\/\/old.srokacompany.com\/de\/wp-json\/wp\/v2\/product_tag?post=345277"}],"curies":[{"name":"wp","href":"https:\/\/api.w.org\/{rel}","templated":true}]}}