{"id":345507,"date":"2021-03-12T14:33:48","date_gmt":"2021-03-12T14:33:48","guid":{"rendered":"https:\/\/srokacompany.com\/produit\/rumpf-s-foil\/"},"modified":"2025-12-16T17:03:05","modified_gmt":"2025-12-16T15:03:05","slug":"rumpf-s-foil","status":"publish","type":"product","link":"https:\/\/old.srokacompany.com\/de\/produkt\/rumpf-s-foil\/","title":{"rendered":"Rumpf S-Foil"},"content":{"rendered":"<hr>\n<h1>Rumpf f\u00fcr S-Foil<\/h1>\n<p style=\"text-align: justify;\">Der Rumpf f\u00fcr S-Foil 2021 und + ist ab sofort in mehreren L\u00e4ngen erh\u00e4ltlich. Ziel ist es, Ihnen eine vollst\u00e4ndig modulare und skalierbare Folie zu erm\u00f6glichen, die sich an Ihre Bed\u00fcrfnisse anpassen kann. Standardm\u00e4\u00dfig werden alle unsere <a href=\"https:\/\/srokacompany.com\/de\/produkt\/s-foil-klassische-sroka\/\">S-Foils<\/a> in einer Standardkonfiguration verkauft.   F\u00fcr diejenigen, die mehr Man\u00f6vrierf\u00e4higkeit w\u00fcnschen, k\u00f6nnen Sie mit dem kurzen und ultrakurzen Rumpf enge Kurven in den Wellen und radikale Man\u00f6ver fahren. Sie sind auch in L\u00e4ngsrichtung weniger stabil und erfordern eine h\u00f6here Pumpfrequenz. Kurze R\u00fcmpfe sind daher f\u00fcr zwei Personen gedacht, die ein mittleres oder fortgeschrittenes technisches Niveau haben. Mit den Standard-, Kurz- und Ultrakurz-R\u00fcmpfen k\u00f6nnen alle Windsurf-Disziplinen ausge\u00fcbt werden.<a href=\"https:\/\/srokacompany.com\/de\/eshop\/bretter-wing-foil-zum-besten-preis\/\"> Foil<\/a> au\u00dfer Windfoil, f\u00fcr das es einen eigenen Rumpf mit 93 cm L\u00e4nge gibt (dazu sp\u00e4ter mehr auf dieser Seite).<\/p>\n<p style=\"text-align: justify;\">Unsere R\u00fcmpfe erfahren in diesem Jahr einen erheblichen Steifigkeitszuwachs. Ihre Verbindung macht die Montage und Demontage deines <a href=\"https:\/\/srokacompany.com\/de\/produkt\/s-foil-klassische-sroka\/\">S-Foil<\/a> einfacher, au\u00dferdem sind alle <a href=\"https:\/\/srokacompany.com\/de\/eshop\/alle-unsere-high-aspect-foils\/\">Fl\u00fcgel ab 2021<\/a> kompatibel und k\u00f6nnen auf demselben foil ausgetauscht werden. Ihre Zusammensetzung aus T6061 T6-Aluminium, das in der Luftfahrtindustrie verwendet wird, verleiht ihnen Steifigkeit und Haltbarkeit.  <\/p>\n","protected":false},"excerpt":{"rendered":"<p>Der <b>S-FOIL 2 SROKA Rumpf<\/b> ist das entscheidende Element, um die Leistung Ihres Foils zu transformieren. Entwickelt f\u00fcr <g id=\"gid_1\">Stabilit\u00e4t oder Man\u00f6vrierbarkeit<\/g> und <g id=\"gid_2\">Pr\u00e4zision beim Segeln <\/g>, garantiert dieser Rumpf aus Flugzeugaluminium eine <g id=\"gid_3\">starre<\/g> und nahtlose <g id=\"gid_3\">Verbindung<\/g> zwischen Mast und Fl\u00fcgeln. Optimiere dein Foil f\u00fcr <b>Wing<\/b>, <b>Surf<\/b> oder <b>SUP<\/b> Foil mit seinem hydrodynamischen Design, das den Luftwiderstand (Drag) minimiert und die <b>Gleitf\u00e4higkeit<\/b> maximiert.  <\/p>\n","protected":false},"featured_media":345510,"template":"","meta":{"_acf_changed":false,"_uag_custom_page_level_css":""},"product_brand":[],"product_cat":[3644,4218,3569,3493,3471,3592,3453,3705,3591,3464],"product_tag":[],"class_list":{"0":"post-345507","1":"product","2":"type-product","3":"status-publish","4":"has-post-thumbnail","6":"product_cat-dockstart-pumpen","7":"product_cat-dockstart-zubehor","8":"product_cat-downwind-de","9":"product_cat-foil-de","10":"product_cat-surf-foil-de","11":"product_cat-surf-zubehor-foil","12":"product_cat-wing-foil-de","13":"product_cat-zubehor-downwind","14":"product_cat-zubehor-foil","15":"product_cat-zubehor-wing-foil","16":"product_shipping_class-foil-komplett-oder-ersatzteile-wing-einheit","18":"first","19":"instock","20":"taxable","21":"shipping-taxable","22":"purchasable","23":"product-type-variable","24":"has-default-attributes"},"acf":[],"yoast_head":"<!-- This site is optimized with the Yoast SEO plugin v27.4 - https:\/\/yoast.com\/product\/yoast-seo-wordpress\/ -->\n<title>Rumpf S-Foil - SROKA Company - Zubeh\u00f6r f\u00fcr S-Foil<\/title>\n<meta name=\"description\" content=\"Aluminium-Rumpf f\u00fcr das S-Foil 2021. Erh\u00e4ltlich in den Versionen Standard, Short, Ultra-Short. Leistung zum besten Preis.\" \/>\n<meta name=\"robots\" content=\"index, follow, max-snippet:-1, max-image-preview:large, max-video-preview:-1\" \/>\n<link rel=\"canonical\" href=\"https:\/\/old.srokacompany.com\/de\/produkt\/rumpf-s-foil\/\" \/>\n<meta property=\"og:locale\" content=\"de_DE\" \/>\n<meta property=\"og:type\" content=\"article\" \/>\n<meta property=\"og:title\" content=\"Rumpf S-Foil - SROKA Company - Zubeh\u00f6r f\u00fcr S-Foil\" \/>\n<meta property=\"og:description\" content=\"Aluminium-Rumpf f\u00fcr das S-Foil 2021. Erh\u00e4ltlich in den Versionen Standard, Short, Ultra-Short. Leistung zum besten Preis.\" \/>\n<meta property=\"og:url\" content=\"https:\/\/old.srokacompany.com\/de\/produkt\/rumpf-s-foil\/\" \/>\n<meta property=\"og:site_name\" content=\"SROKA Company\" \/>\n<meta property=\"article:publisher\" content=\"https:\/\/www.facebook.com\/srokawatersports\/\" \/>\n<meta property=\"article:modified_time\" content=\"2025-12-16T15:03:05+00:00\" \/>\n<meta property=\"og:image\" content=\"https:\/\/srokacompany.com\/wp-content\/uploads\/2021\/03\/Photo-produit-planche-et-packs-1.jpg\" \/>\n\t<meta property=\"og:image:width\" content=\"740\" \/>\n\t<meta property=\"og:image:height\" content=\"1080\" \/>\n\t<meta property=\"og:image:type\" content=\"image\/jpeg\" \/>\n<meta name=\"twitter:label1\" content=\"Gesch\u00e4tzte Lesezeit\" \/>\n\t<meta name=\"twitter:data1\" content=\"1\u00a0Minute\" \/>\n<script type=\"application\/ld+json\" class=\"yoast-schema-graph\">{\"@context\":\"https:\\\/\\\/schema.org\",\"@graph\":[{\"@type\":\"WebPage\",\"@id\":\"https:\\\/\\\/old.srokacompany.com\\\/de\\\/produkt\\\/rumpf-s-foil\\\/\",\"url\":\"https:\\\/\\\/old.srokacompany.com\\\/de\\\/produkt\\\/rumpf-s-foil\\\/\",\"name\":\"Rumpf S-Foil - SROKA Company - Zubeh\u00f6r f\u00fcr S-Foil\",\"isPartOf\":{\"@id\":\"https:\\\/\\\/srokacompany.com\\\/#website\"},\"primaryImageOfPage\":{\"@id\":\"https:\\\/\\\/old.srokacompany.com\\\/de\\\/produkt\\\/rumpf-s-foil\\\/#primaryimage\"},\"image\":{\"@id\":\"https:\\\/\\\/old.srokacompany.com\\\/de\\\/produkt\\\/rumpf-s-foil\\\/#primaryimage\"},\"thumbnailUrl\":\"https:\\\/\\\/old.srokacompany.com\\\/wp-content\\\/uploads\\\/2021\\\/03\\\/Photo-produit-planche-et-packs-1.jpg\",\"datePublished\":\"2021-03-12T14:33:48+00:00\",\"dateModified\":\"2025-12-16T15:03:05+00:00\",\"description\":\"Aluminium-Rumpf f\u00fcr das S-Foil 2021. Erh\u00e4ltlich in den Versionen Standard, Short, Ultra-Short. Leistung zum besten Preis.\",\"breadcrumb\":{\"@id\":\"https:\\\/\\\/old.srokacompany.com\\\/de\\\/produkt\\\/rumpf-s-foil\\\/#breadcrumb\"},\"inLanguage\":\"de\",\"potentialAction\":[{\"@type\":\"ReadAction\",\"target\":[\"https:\\\/\\\/old.srokacompany.com\\\/de\\\/produkt\\\/rumpf-s-foil\\\/\"]}]},{\"@type\":\"ImageObject\",\"inLanguage\":\"de\",\"@id\":\"https:\\\/\\\/old.srokacompany.com\\\/de\\\/produkt\\\/rumpf-s-foil\\\/#primaryimage\",\"url\":\"https:\\\/\\\/old.srokacompany.com\\\/wp-content\\\/uploads\\\/2021\\\/03\\\/Photo-produit-planche-et-packs-1.jpg\",\"contentUrl\":\"https:\\\/\\\/old.srokacompany.com\\\/wp-content\\\/uploads\\\/2021\\\/03\\\/Photo-produit-planche-et-packs-1.jpg\",\"width\":740,\"height\":1080},{\"@type\":\"BreadcrumbList\",\"@id\":\"https:\\\/\\\/old.srokacompany.com\\\/de\\\/produkt\\\/rumpf-s-foil\\\/#breadcrumb\",\"itemListElement\":[{\"@type\":\"ListItem\",\"position\":1,\"name\":\"Accueil\",\"item\":\"https:\\\/\\\/srokacompany.com\\\/de\\\/\"},{\"@type\":\"ListItem\",\"position\":2,\"name\":\"Laden\",\"item\":\"https:\\\/\\\/srokacompany.com\\\/laden\\\/\"},{\"@type\":\"ListItem\",\"position\":3,\"name\":\"Rumpf S-Foil\"}]},{\"@type\":\"WebSite\",\"@id\":\"https:\\\/\\\/srokacompany.com\\\/#website\",\"url\":\"https:\\\/\\\/srokacompany.com\\\/\",\"name\":\"SROKA Company\",\"description\":\"SUP, Kite, Foil, Wing\",\"publisher\":{\"@id\":\"https:\\\/\\\/srokacompany.com\\\/#organization\"},\"potentialAction\":[{\"@type\":\"SearchAction\",\"target\":{\"@type\":\"EntryPoint\",\"urlTemplate\":\"https:\\\/\\\/srokacompany.com\\\/?s={search_term_string}\"},\"query-input\":{\"@type\":\"PropertyValueSpecification\",\"valueRequired\":true,\"valueName\":\"search_term_string\"}}],\"inLanguage\":\"de\"},{\"@type\":\"Organization\",\"@id\":\"https:\\\/\\\/srokacompany.com\\\/#organization\",\"name\":\"SROKACOMPANY\",\"alternateName\":\"SROKA\",\"url\":\"https:\\\/\\\/srokacompany.com\\\/\",\"logo\":{\"@type\":\"ImageObject\",\"inLanguage\":\"de\",\"@id\":\"https:\\\/\\\/srokacompany.com\\\/#\\\/schema\\\/logo\\\/image\\\/\",\"url\":\"https:\\\/\\\/srokacompany.com\\\/wp-content\\\/uploads\\\/2021\\\/01\\\/logo-sroka-black-transpa.png\",\"contentUrl\":\"https:\\\/\\\/srokacompany.com\\\/wp-content\\\/uploads\\\/2021\\\/01\\\/logo-sroka-black-transpa.png\",\"width\":1201,\"height\":342,\"caption\":\"SROKACOMPANY\"},\"image\":{\"@id\":\"https:\\\/\\\/srokacompany.com\\\/#\\\/schema\\\/logo\\\/image\\\/\"},\"sameAs\":[\"https:\\\/\\\/www.facebook.com\\\/srokawatersports\\\/\",\"https:\\\/\\\/www.instagram.com\\\/srokawatersports\\\/\",\"https:\\\/\\\/www.youtube.com\\\/channel\\\/UCVLHHeaPIm-J5bdEUgxqtZA\"]}]}<\/script>\n<!-- \/ Yoast SEO plugin. -->","yoast_head_json":{"title":"Rumpf S-Foil - SROKA Company - Zubeh\u00f6r f\u00fcr S-Foil","description":"Aluminium-Rumpf f\u00fcr das S-Foil 2021. Erh\u00e4ltlich in den Versionen Standard, Short, Ultra-Short. Leistung zum besten Preis.","robots":{"index":"index","follow":"follow","max-snippet":"max-snippet:-1","max-image-preview":"max-image-preview:large","max-video-preview":"max-video-preview:-1"},"canonical":"https:\/\/old.srokacompany.com\/de\/produkt\/rumpf-s-foil\/","og_locale":"de_DE","og_type":"article","og_title":"Rumpf S-Foil - SROKA Company - Zubeh\u00f6r f\u00fcr S-Foil","og_description":"Aluminium-Rumpf f\u00fcr das S-Foil 2021. Erh\u00e4ltlich in den Versionen Standard, Short, Ultra-Short. Leistung zum besten Preis.","og_url":"https:\/\/old.srokacompany.com\/de\/produkt\/rumpf-s-foil\/","og_site_name":"SROKA Company","article_publisher":"https:\/\/www.facebook.com\/srokawatersports\/","article_modified_time":"2025-12-16T15:03:05+00:00","og_image":[{"width":740,"height":1080,"url":"https:\/\/srokacompany.com\/wp-content\/uploads\/2021\/03\/Photo-produit-planche-et-packs-1.jpg","type":"image\/jpeg"}],"twitter_misc":{"Gesch\u00e4tzte Lesezeit":"1\u00a0Minute"},"schema":{"@context":"https:\/\/schema.org","@graph":[{"@type":"WebPage","@id":"https:\/\/old.srokacompany.com\/de\/produkt\/rumpf-s-foil\/","url":"https:\/\/old.srokacompany.com\/de\/produkt\/rumpf-s-foil\/","name":"Rumpf S-Foil - SROKA Company - Zubeh\u00f6r f\u00fcr S-Foil","isPartOf":{"@id":"https:\/\/srokacompany.com\/#website"},"primaryImageOfPage":{"@id":"https:\/\/old.srokacompany.com\/de\/produkt\/rumpf-s-foil\/#primaryimage"},"image":{"@id":"https:\/\/old.srokacompany.com\/de\/produkt\/rumpf-s-foil\/#primaryimage"},"thumbnailUrl":"https:\/\/old.srokacompany.com\/wp-content\/uploads\/2021\/03\/Photo-produit-planche-et-packs-1.jpg","datePublished":"2021-03-12T14:33:48+00:00","dateModified":"2025-12-16T15:03:05+00:00","description":"Aluminium-Rumpf f\u00fcr das S-Foil 2021. Erh\u00e4ltlich in den Versionen Standard, Short, Ultra-Short. Leistung zum besten Preis.","breadcrumb":{"@id":"https:\/\/old.srokacompany.com\/de\/produkt\/rumpf-s-foil\/#breadcrumb"},"inLanguage":"de","potentialAction":[{"@type":"ReadAction","target":["https:\/\/old.srokacompany.com\/de\/produkt\/rumpf-s-foil\/"]}]},{"@type":"ImageObject","inLanguage":"de","@id":"https:\/\/old.srokacompany.com\/de\/produkt\/rumpf-s-foil\/#primaryimage","url":"https:\/\/old.srokacompany.com\/wp-content\/uploads\/2021\/03\/Photo-produit-planche-et-packs-1.jpg","contentUrl":"https:\/\/old.srokacompany.com\/wp-content\/uploads\/2021\/03\/Photo-produit-planche-et-packs-1.jpg","width":740,"height":1080},{"@type":"BreadcrumbList","@id":"https:\/\/old.srokacompany.com\/de\/produkt\/rumpf-s-foil\/#breadcrumb","itemListElement":[{"@type":"ListItem","position":1,"name":"Accueil","item":"https:\/\/srokacompany.com\/de\/"},{"@type":"ListItem","position":2,"name":"Laden","item":"https:\/\/srokacompany.com\/laden\/"},{"@type":"ListItem","position":3,"name":"Rumpf S-Foil"}]},{"@type":"WebSite","@id":"https:\/\/srokacompany.com\/#website","url":"https:\/\/srokacompany.com\/","name":"SROKA Company","description":"SUP, Kite, Foil, Wing","publisher":{"@id":"https:\/\/srokacompany.com\/#organization"},"potentialAction":[{"@type":"SearchAction","target":{"@type":"EntryPoint","urlTemplate":"https:\/\/srokacompany.com\/?s={search_term_string}"},"query-input":{"@type":"PropertyValueSpecification","valueRequired":true,"valueName":"search_term_string"}}],"inLanguage":"de"},{"@type":"Organization","@id":"https:\/\/srokacompany.com\/#organization","name":"SROKACOMPANY","alternateName":"SROKA","url":"https:\/\/srokacompany.com\/","logo":{"@type":"ImageObject","inLanguage":"de","@id":"https:\/\/srokacompany.com\/#\/schema\/logo\/image\/","url":"https:\/\/srokacompany.com\/wp-content\/uploads\/2021\/01\/logo-sroka-black-transpa.png","contentUrl":"https:\/\/srokacompany.com\/wp-content\/uploads\/2021\/01\/logo-sroka-black-transpa.png","width":1201,"height":342,"caption":"SROKACOMPANY"},"image":{"@id":"https:\/\/srokacompany.com\/#\/schema\/logo\/image\/"},"sameAs":["https:\/\/www.facebook.com\/srokawatersports\/","https:\/\/www.instagram.com\/srokawatersports\/","https:\/\/www.youtube.com\/channel\/UCVLHHeaPIm-J5bdEUgxqtZA"]}]}},"uagb_featured_image_src":{"full":["https:\/\/old.srokacompany.com\/wp-content\/uploads\/2021\/03\/Photo-produit-planche-et-packs-1.jpg",740,1080,false],"thumbnail":["https:\/\/old.srokacompany.com\/wp-content\/uploads\/2021\/03\/Photo-produit-planche-et-packs-1-150x150.jpg",150,150,true],"medium":["https:\/\/old.srokacompany.com\/wp-content\/uploads\/2021\/03\/Photo-produit-planche-et-packs-1-206x300.jpg",206,300,true],"medium_large":["https:\/\/old.srokacompany.com\/wp-content\/uploads\/2021\/03\/Photo-produit-planche-et-packs-1.jpg",740,1080,false],"large":["https:\/\/old.srokacompany.com\/wp-content\/uploads\/2021\/03\/Photo-produit-planche-et-packs-1-702x1024.jpg",702,1024,true],"1536x1536":["https:\/\/old.srokacompany.com\/wp-content\/uploads\/2021\/03\/Photo-produit-planche-et-packs-1.jpg",740,1080,false],"2048x2048":["https:\/\/old.srokacompany.com\/wp-content\/uploads\/2021\/03\/Photo-produit-planche-et-packs-1.jpg",740,1080,false],"woocommerce_thumbnail":["https:\/\/old.srokacompany.com\/wp-content\/uploads\/2021\/03\/Photo-produit-planche-et-packs-1-600x876.jpg",600,876,true],"woocommerce_single":["https:\/\/old.srokacompany.com\/wp-content\/uploads\/2021\/03\/Photo-produit-planche-et-packs-1-600x876.jpg",600,876,true],"woocommerce_gallery_thumbnail":["https:\/\/old.srokacompany.com\/wp-content\/uploads\/2021\/03\/Photo-produit-planche-et-packs-1-100x100.jpg",100,100,true],"dgwt-wcas-product-suggestion":["https:\/\/old.srokacompany.com\/wp-content\/uploads\/2021\/03\/Photo-produit-planche-et-packs-1-64x93.jpg",64,93,true]},"uagb_author_info":{"display_name":"Tristan Dumard","author_link":"https:\/\/old.srokacompany.com\/de\/blog\/author\/"},"uagb_comment_info":0,"uagb_excerpt":"Der S-FOIL 2 SROKA Rumpf ist das entscheidende Element, um die Leistung Ihres Foils zu transformieren. Entwickelt f\u00fcr Stabilit\u00e4t oder Man\u00f6vrierbarkeit und Pr\u00e4zision beim Segeln , garantiert dieser Rumpf aus Flugzeugaluminium eine starre und nahtlose Verbindung zwischen Mast und Fl\u00fcgeln. Optimiere dein Foil f\u00fcr Wing, Surf oder SUP Foil mit seinem hydrodynamischen Design, das den&hellip;","jetpack_sharing_enabled":true,"_links":{"self":[{"href":"https:\/\/old.srokacompany.com\/de\/wp-json\/wp\/v2\/product\/345507","targetHints":{"allow":["GET"]}}],"collection":[{"href":"https:\/\/old.srokacompany.com\/de\/wp-json\/wp\/v2\/product"}],"about":[{"href":"https:\/\/old.srokacompany.com\/de\/wp-json\/wp\/v2\/types\/product"}],"wp:featuredmedia":[{"embeddable":true,"href":"https:\/\/old.srokacompany.com\/de\/wp-json\/wp\/v2\/media\/345510"}],"wp:attachment":[{"href":"https:\/\/old.srokacompany.com\/de\/wp-json\/wp\/v2\/media?parent=345507"}],"wp:term":[{"taxonomy":"product_brand","embeddable":true,"href":"https:\/\/old.srokacompany.com\/de\/wp-json\/wp\/v2\/product_brand?post=345507"},{"taxonomy":"product_cat","embeddable":true,"href":"https:\/\/old.srokacompany.com\/de\/wp-json\/wp\/v2\/product_cat?post=345507"},{"taxonomy":"product_tag","embeddable":true,"href":"https:\/\/old.srokacompany.com\/de\/wp-json\/wp\/v2\/product_tag?post=345507"}],"curies":[{"name":"wp","href":"https:\/\/api.w.org\/{rel}","templated":true}]}}