{"id":345564,"date":"2021-03-12T17:32:17","date_gmt":"2021-03-12T17:32:17","guid":{"rendered":"https:\/\/srokacompany.com\/produit\/matte-s-foil\/"},"modified":"2025-11-13T13:13:48","modified_gmt":"2025-11-13T11:13:48","slug":"matte-s-foil","status":"publish","type":"product","link":"https:\/\/old.srokacompany.com\/de\/produkt\/matte-s-foil\/","title":{"rendered":"Matte S-Foil"},"content":{"rendered":"<hr>\n<h1>Matte f\u00fcr S-Foil 2021<\/h1>\n<p style=\"text-align: justify;\">Der Mast f\u00fcr <a href=\"https:\/\/srokacompany.com\/de\/produkt\/s-foil-high-aspect-1190\/\">S-Foil 2021<\/a> ist steifer und leichter als sein Vorg\u00e4nger. Sein verk\u00fcrztes Seil macht Sie f\u00fcr intensivere Halsen und Kurven wendiger als je zuvor. Seine T6061 T6 Aluminiumkonstruktion garantiert Widerstandsf\u00e4higkeit und Steifigkeit. Er eignet sich f\u00fcr alle Sportarten von <a href=\"https:\/\/srokacompany.com\/de\/eshop\/bretter-wing-foil-zum-besten-preis\/\">Foil<\/a>. Dank seiner drei verf\u00fcgbaren Gr\u00f6\u00dfen (70, 80 und 90 cm) k\u00f6nnen Sie Ihren Segelstil an Ihre W\u00fcnsche und Bed\u00fcrfnisse anpassen. Alle unsere Teile von<a href=\"https:\/\/srokacompany.com\/de\/produkt\/s-foil-klassische-sroka\/\"> S-Foil 2021<\/a> sind kompatibel und austauschbar, sodass du dir dein Traumboot foil selbst bauen oder an dein Gew\u00e4sser anpassen kannst.<\/p>\n<p style=\"text-align: justify;\">Hier findest du die <a href=\"https:\/\/srokacompany.com\/de\/produkt\/vorderer-kotfluegel-s-foil-high-aspect-1190\/\">High Aspect<\/a> Winglets (Speed und Pumping) und <a href=\"https:\/\/srokacompany.com\/de\/produkt\/frontfluegel-s-foil-klassische\/\">Classic<\/a> Winglets (Freeride und Carving), den <a href=\"https:\/\/srokacompany.com\/de\/produkt\/rumpf-s-foil\/\">Rumpf<\/a> und die Deckplatte f\u00fcr das S-Foil 2021. <strong>Achtung, dieser Mast ist nicht kompatibel mit dem S-Foil 2020<\/strong>. Wie du die richtige Matte f\u00fcr deinen Sroka Foil ausw\u00e4hlst, erf\u00e4hrst du weiter unten!<\/p>\n","protected":false},"excerpt":{"rendered":"<p>Der <b>S-FOIL SROKA Aluminiummast<\/b> wurde entwickelt, um eine perfekte Balance zwischen <b>Steifigkeit<\/b> und <b>Haltbarkeit<\/b> zu bieten. Er ist ideal f\u00fcr <b>Wing Foil<\/b>, <b>SUP Foil<\/b> und <b>Surf<\/b> <b>Foil<\/b>. Seine Konstruktion aus luftfahrttauglichem Aluminium sorgt f\u00fcr eine <g id=\"gid_6\">direkte Energie\u00fcbertragung<\/g>, die ein effizientes Pumpen und eine pr\u00e4zise Kontrolle erm\u00f6glicht. Dieser vielseitige Mast ist in verschiedenen L\u00e4ngen (60, 70, 85 cm, cm) erh\u00e4ltlich und ist die bevorzugte Wahl, um bei allen Surfbedingungen mit <b>Zuversicht<\/b> Fortschritte zu machen.  <\/p>\n","protected":false},"featured_media":345565,"template":"","meta":{"_acf_changed":false,"_uag_custom_page_level_css":""},"product_brand":[],"product_cat":[3644,4218,3569,3493,3471,3592,3453,3705,3591,3464],"product_tag":[],"class_list":{"0":"post-345564","1":"product","2":"type-product","3":"status-publish","4":"has-post-thumbnail","6":"product_cat-dockstart-pumpen","7":"product_cat-dockstart-zubehor","8":"product_cat-downwind-de","9":"product_cat-foil-de","10":"product_cat-surf-foil-de","11":"product_cat-surf-zubehor-foil","12":"product_cat-wing-foil-de","13":"product_cat-zubehor-downwind","14":"product_cat-zubehor-foil","15":"product_cat-zubehor-wing-foil","16":"product_shipping_class-foil-komplett-oder-ersatzteile-wing-einheit","18":"first","19":"instock","20":"taxable","21":"shipping-taxable","22":"purchasable","23":"product-type-variable","24":"has-default-attributes"},"acf":[],"yoast_head":"<!-- This site is optimized with the Yoast SEO plugin v27.4 - https:\/\/yoast.com\/product\/yoast-seo-wordpress\/ -->\n<title>Matte S-Foil - SROKA Company - Zubeh\u00f6r S-Foil<\/title>\n<meta name=\"description\" content=\"Der Mast f\u00fcr S-Foil aus Aluminium ist in den Gr\u00f6\u00dfen 70, 80 und 90 cm erh\u00e4ltlich. Steifigkeit und Leistung zum besten Preis-Leistungs-Verh\u00e4ltnis.\" \/>\n<meta name=\"robots\" content=\"index, follow, max-snippet:-1, max-image-preview:large, max-video-preview:-1\" \/>\n<link rel=\"canonical\" href=\"https:\/\/old.srokacompany.com\/de\/produkt\/matte-s-foil\/\" \/>\n<meta property=\"og:locale\" content=\"de_DE\" \/>\n<meta property=\"og:type\" content=\"article\" \/>\n<meta property=\"og:title\" content=\"Matte S-Foil - SROKA Company - Zubeh\u00f6r S-Foil\" \/>\n<meta property=\"og:description\" content=\"Der Mast f\u00fcr S-Foil aus Aluminium ist in den Gr\u00f6\u00dfen 70, 80 und 90 cm erh\u00e4ltlich. Steifigkeit und Leistung zum besten Preis-Leistungs-Verh\u00e4ltnis.\" \/>\n<meta property=\"og:url\" content=\"https:\/\/old.srokacompany.com\/de\/produkt\/matte-s-foil\/\" \/>\n<meta property=\"og:site_name\" content=\"SROKA Company\" \/>\n<meta property=\"article:publisher\" content=\"https:\/\/www.facebook.com\/srokawatersports\/\" \/>\n<meta property=\"article:modified_time\" content=\"2025-11-13T11:13:48+00:00\" \/>\n<meta property=\"og:image\" content=\"https:\/\/srokacompany.com\/wp-content\/uploads\/2021\/03\/Photo-produit-planche-et-packs.jpg\" \/>\n\t<meta property=\"og:image:width\" content=\"740\" \/>\n\t<meta property=\"og:image:height\" content=\"1080\" \/>\n\t<meta property=\"og:image:type\" content=\"image\/jpeg\" \/>\n<meta name=\"twitter:label1\" content=\"Gesch\u00e4tzte Lesezeit\" \/>\n\t<meta name=\"twitter:data1\" content=\"1\u00a0Minute\" \/>\n<script type=\"application\/ld+json\" class=\"yoast-schema-graph\">{\"@context\":\"https:\\\/\\\/schema.org\",\"@graph\":[{\"@type\":\"WebPage\",\"@id\":\"https:\\\/\\\/old.srokacompany.com\\\/de\\\/produkt\\\/matte-s-foil\\\/\",\"url\":\"https:\\\/\\\/old.srokacompany.com\\\/de\\\/produkt\\\/matte-s-foil\\\/\",\"name\":\"Matte S-Foil - SROKA Company - Zubeh\u00f6r S-Foil\",\"isPartOf\":{\"@id\":\"https:\\\/\\\/srokacompany.com\\\/#website\"},\"primaryImageOfPage\":{\"@id\":\"https:\\\/\\\/old.srokacompany.com\\\/de\\\/produkt\\\/matte-s-foil\\\/#primaryimage\"},\"image\":{\"@id\":\"https:\\\/\\\/old.srokacompany.com\\\/de\\\/produkt\\\/matte-s-foil\\\/#primaryimage\"},\"thumbnailUrl\":\"https:\\\/\\\/old.srokacompany.com\\\/wp-content\\\/uploads\\\/2021\\\/03\\\/Photo-produit-planche-et-packs.jpg\",\"datePublished\":\"2021-03-12T17:32:17+00:00\",\"dateModified\":\"2025-11-13T11:13:48+00:00\",\"description\":\"Der Mast f\u00fcr S-Foil aus Aluminium ist in den Gr\u00f6\u00dfen 70, 80 und 90 cm erh\u00e4ltlich. Steifigkeit und Leistung zum besten Preis-Leistungs-Verh\u00e4ltnis.\",\"breadcrumb\":{\"@id\":\"https:\\\/\\\/old.srokacompany.com\\\/de\\\/produkt\\\/matte-s-foil\\\/#breadcrumb\"},\"inLanguage\":\"de\",\"potentialAction\":[{\"@type\":\"ReadAction\",\"target\":[\"https:\\\/\\\/old.srokacompany.com\\\/de\\\/produkt\\\/matte-s-foil\\\/\"]}]},{\"@type\":\"ImageObject\",\"inLanguage\":\"de\",\"@id\":\"https:\\\/\\\/old.srokacompany.com\\\/de\\\/produkt\\\/matte-s-foil\\\/#primaryimage\",\"url\":\"https:\\\/\\\/old.srokacompany.com\\\/wp-content\\\/uploads\\\/2021\\\/03\\\/Photo-produit-planche-et-packs.jpg\",\"contentUrl\":\"https:\\\/\\\/old.srokacompany.com\\\/wp-content\\\/uploads\\\/2021\\\/03\\\/Photo-produit-planche-et-packs.jpg\",\"width\":740,\"height\":1080},{\"@type\":\"BreadcrumbList\",\"@id\":\"https:\\\/\\\/old.srokacompany.com\\\/de\\\/produkt\\\/matte-s-foil\\\/#breadcrumb\",\"itemListElement\":[{\"@type\":\"ListItem\",\"position\":1,\"name\":\"Accueil\",\"item\":\"https:\\\/\\\/srokacompany.com\\\/de\\\/\"},{\"@type\":\"ListItem\",\"position\":2,\"name\":\"Laden\",\"item\":\"https:\\\/\\\/srokacompany.com\\\/laden\\\/\"},{\"@type\":\"ListItem\",\"position\":3,\"name\":\"Matte S-Foil\"}]},{\"@type\":\"WebSite\",\"@id\":\"https:\\\/\\\/srokacompany.com\\\/#website\",\"url\":\"https:\\\/\\\/srokacompany.com\\\/\",\"name\":\"SROKA Company\",\"description\":\"SUP, Kite, Foil, Wing\",\"publisher\":{\"@id\":\"https:\\\/\\\/srokacompany.com\\\/#organization\"},\"potentialAction\":[{\"@type\":\"SearchAction\",\"target\":{\"@type\":\"EntryPoint\",\"urlTemplate\":\"https:\\\/\\\/srokacompany.com\\\/?s={search_term_string}\"},\"query-input\":{\"@type\":\"PropertyValueSpecification\",\"valueRequired\":true,\"valueName\":\"search_term_string\"}}],\"inLanguage\":\"de\"},{\"@type\":\"Organization\",\"@id\":\"https:\\\/\\\/srokacompany.com\\\/#organization\",\"name\":\"SROKACOMPANY\",\"alternateName\":\"SROKA\",\"url\":\"https:\\\/\\\/srokacompany.com\\\/\",\"logo\":{\"@type\":\"ImageObject\",\"inLanguage\":\"de\",\"@id\":\"https:\\\/\\\/srokacompany.com\\\/#\\\/schema\\\/logo\\\/image\\\/\",\"url\":\"https:\\\/\\\/srokacompany.com\\\/wp-content\\\/uploads\\\/2021\\\/01\\\/logo-sroka-black-transpa.png\",\"contentUrl\":\"https:\\\/\\\/srokacompany.com\\\/wp-content\\\/uploads\\\/2021\\\/01\\\/logo-sroka-black-transpa.png\",\"width\":1201,\"height\":342,\"caption\":\"SROKACOMPANY\"},\"image\":{\"@id\":\"https:\\\/\\\/srokacompany.com\\\/#\\\/schema\\\/logo\\\/image\\\/\"},\"sameAs\":[\"https:\\\/\\\/www.facebook.com\\\/srokawatersports\\\/\",\"https:\\\/\\\/www.instagram.com\\\/srokawatersports\\\/\",\"https:\\\/\\\/www.youtube.com\\\/channel\\\/UCVLHHeaPIm-J5bdEUgxqtZA\"]}]}<\/script>\n<!-- \/ Yoast SEO plugin. -->","yoast_head_json":{"title":"Matte S-Foil - SROKA Company - Zubeh\u00f6r S-Foil","description":"Der Mast f\u00fcr S-Foil aus Aluminium ist in den Gr\u00f6\u00dfen 70, 80 und 90 cm erh\u00e4ltlich. Steifigkeit und Leistung zum besten Preis-Leistungs-Verh\u00e4ltnis.","robots":{"index":"index","follow":"follow","max-snippet":"max-snippet:-1","max-image-preview":"max-image-preview:large","max-video-preview":"max-video-preview:-1"},"canonical":"https:\/\/old.srokacompany.com\/de\/produkt\/matte-s-foil\/","og_locale":"de_DE","og_type":"article","og_title":"Matte S-Foil - SROKA Company - Zubeh\u00f6r S-Foil","og_description":"Der Mast f\u00fcr S-Foil aus Aluminium ist in den Gr\u00f6\u00dfen 70, 80 und 90 cm erh\u00e4ltlich. Steifigkeit und Leistung zum besten Preis-Leistungs-Verh\u00e4ltnis.","og_url":"https:\/\/old.srokacompany.com\/de\/produkt\/matte-s-foil\/","og_site_name":"SROKA Company","article_publisher":"https:\/\/www.facebook.com\/srokawatersports\/","article_modified_time":"2025-11-13T11:13:48+00:00","og_image":[{"width":740,"height":1080,"url":"https:\/\/srokacompany.com\/wp-content\/uploads\/2021\/03\/Photo-produit-planche-et-packs.jpg","type":"image\/jpeg"}],"twitter_misc":{"Gesch\u00e4tzte Lesezeit":"1\u00a0Minute"},"schema":{"@context":"https:\/\/schema.org","@graph":[{"@type":"WebPage","@id":"https:\/\/old.srokacompany.com\/de\/produkt\/matte-s-foil\/","url":"https:\/\/old.srokacompany.com\/de\/produkt\/matte-s-foil\/","name":"Matte S-Foil - SROKA Company - Zubeh\u00f6r S-Foil","isPartOf":{"@id":"https:\/\/srokacompany.com\/#website"},"primaryImageOfPage":{"@id":"https:\/\/old.srokacompany.com\/de\/produkt\/matte-s-foil\/#primaryimage"},"image":{"@id":"https:\/\/old.srokacompany.com\/de\/produkt\/matte-s-foil\/#primaryimage"},"thumbnailUrl":"https:\/\/old.srokacompany.com\/wp-content\/uploads\/2021\/03\/Photo-produit-planche-et-packs.jpg","datePublished":"2021-03-12T17:32:17+00:00","dateModified":"2025-11-13T11:13:48+00:00","description":"Der Mast f\u00fcr S-Foil aus Aluminium ist in den Gr\u00f6\u00dfen 70, 80 und 90 cm erh\u00e4ltlich. Steifigkeit und Leistung zum besten Preis-Leistungs-Verh\u00e4ltnis.","breadcrumb":{"@id":"https:\/\/old.srokacompany.com\/de\/produkt\/matte-s-foil\/#breadcrumb"},"inLanguage":"de","potentialAction":[{"@type":"ReadAction","target":["https:\/\/old.srokacompany.com\/de\/produkt\/matte-s-foil\/"]}]},{"@type":"ImageObject","inLanguage":"de","@id":"https:\/\/old.srokacompany.com\/de\/produkt\/matte-s-foil\/#primaryimage","url":"https:\/\/old.srokacompany.com\/wp-content\/uploads\/2021\/03\/Photo-produit-planche-et-packs.jpg","contentUrl":"https:\/\/old.srokacompany.com\/wp-content\/uploads\/2021\/03\/Photo-produit-planche-et-packs.jpg","width":740,"height":1080},{"@type":"BreadcrumbList","@id":"https:\/\/old.srokacompany.com\/de\/produkt\/matte-s-foil\/#breadcrumb","itemListElement":[{"@type":"ListItem","position":1,"name":"Accueil","item":"https:\/\/srokacompany.com\/de\/"},{"@type":"ListItem","position":2,"name":"Laden","item":"https:\/\/srokacompany.com\/laden\/"},{"@type":"ListItem","position":3,"name":"Matte S-Foil"}]},{"@type":"WebSite","@id":"https:\/\/srokacompany.com\/#website","url":"https:\/\/srokacompany.com\/","name":"SROKA Company","description":"SUP, Kite, Foil, Wing","publisher":{"@id":"https:\/\/srokacompany.com\/#organization"},"potentialAction":[{"@type":"SearchAction","target":{"@type":"EntryPoint","urlTemplate":"https:\/\/srokacompany.com\/?s={search_term_string}"},"query-input":{"@type":"PropertyValueSpecification","valueRequired":true,"valueName":"search_term_string"}}],"inLanguage":"de"},{"@type":"Organization","@id":"https:\/\/srokacompany.com\/#organization","name":"SROKACOMPANY","alternateName":"SROKA","url":"https:\/\/srokacompany.com\/","logo":{"@type":"ImageObject","inLanguage":"de","@id":"https:\/\/srokacompany.com\/#\/schema\/logo\/image\/","url":"https:\/\/srokacompany.com\/wp-content\/uploads\/2021\/01\/logo-sroka-black-transpa.png","contentUrl":"https:\/\/srokacompany.com\/wp-content\/uploads\/2021\/01\/logo-sroka-black-transpa.png","width":1201,"height":342,"caption":"SROKACOMPANY"},"image":{"@id":"https:\/\/srokacompany.com\/#\/schema\/logo\/image\/"},"sameAs":["https:\/\/www.facebook.com\/srokawatersports\/","https:\/\/www.instagram.com\/srokawatersports\/","https:\/\/www.youtube.com\/channel\/UCVLHHeaPIm-J5bdEUgxqtZA"]}]}},"uagb_featured_image_src":{"full":["https:\/\/old.srokacompany.com\/wp-content\/uploads\/2021\/03\/Photo-produit-planche-et-packs.jpg",740,1080,false],"thumbnail":["https:\/\/old.srokacompany.com\/wp-content\/uploads\/2021\/03\/Photo-produit-planche-et-packs-150x150.jpg",150,150,true],"medium":["https:\/\/old.srokacompany.com\/wp-content\/uploads\/2021\/03\/Photo-produit-planche-et-packs-206x300.jpg",206,300,true],"medium_large":["https:\/\/old.srokacompany.com\/wp-content\/uploads\/2021\/03\/Photo-produit-planche-et-packs.jpg",740,1080,false],"large":["https:\/\/old.srokacompany.com\/wp-content\/uploads\/2021\/03\/Photo-produit-planche-et-packs-702x1024.jpg",702,1024,true],"1536x1536":["https:\/\/old.srokacompany.com\/wp-content\/uploads\/2021\/03\/Photo-produit-planche-et-packs.jpg",740,1080,false],"2048x2048":["https:\/\/old.srokacompany.com\/wp-content\/uploads\/2021\/03\/Photo-produit-planche-et-packs.jpg",740,1080,false],"woocommerce_thumbnail":["https:\/\/old.srokacompany.com\/wp-content\/uploads\/2021\/03\/Photo-produit-planche-et-packs-600x876.jpg",600,876,true],"woocommerce_single":["https:\/\/old.srokacompany.com\/wp-content\/uploads\/2021\/03\/Photo-produit-planche-et-packs-600x876.jpg",600,876,true],"woocommerce_gallery_thumbnail":["https:\/\/old.srokacompany.com\/wp-content\/uploads\/2021\/03\/Photo-produit-planche-et-packs-100x100.jpg",100,100,true],"dgwt-wcas-product-suggestion":["https:\/\/old.srokacompany.com\/wp-content\/uploads\/2021\/03\/Photo-produit-planche-et-packs-64x93.jpg",64,93,true]},"uagb_author_info":{"display_name":"Tristan Dumard","author_link":"https:\/\/old.srokacompany.com\/de\/blog\/author\/"},"uagb_comment_info":0,"uagb_excerpt":"Der S-FOIL SROKA Aluminiummast wurde entwickelt, um eine perfekte Balance zwischen Steifigkeit und Haltbarkeit zu bieten. Er ist ideal f\u00fcr Wing Foil, SUP Foil und Surf Foil. Seine Konstruktion aus luftfahrttauglichem Aluminium sorgt f\u00fcr eine direkte Energie\u00fcbertragung, die ein effizientes Pumpen und eine pr\u00e4zise Kontrolle erm\u00f6glicht. Dieser vielseitige Mast ist in verschiedenen L\u00e4ngen (60, 70,&hellip;","jetpack_sharing_enabled":true,"_links":{"self":[{"href":"https:\/\/old.srokacompany.com\/de\/wp-json\/wp\/v2\/product\/345564","targetHints":{"allow":["GET"]}}],"collection":[{"href":"https:\/\/old.srokacompany.com\/de\/wp-json\/wp\/v2\/product"}],"about":[{"href":"https:\/\/old.srokacompany.com\/de\/wp-json\/wp\/v2\/types\/product"}],"wp:featuredmedia":[{"embeddable":true,"href":"https:\/\/old.srokacompany.com\/de\/wp-json\/wp\/v2\/media\/345565"}],"wp:attachment":[{"href":"https:\/\/old.srokacompany.com\/de\/wp-json\/wp\/v2\/media?parent=345564"}],"wp:term":[{"taxonomy":"product_brand","embeddable":true,"href":"https:\/\/old.srokacompany.com\/de\/wp-json\/wp\/v2\/product_brand?post=345564"},{"taxonomy":"product_cat","embeddable":true,"href":"https:\/\/old.srokacompany.com\/de\/wp-json\/wp\/v2\/product_cat?post=345564"},{"taxonomy":"product_tag","embeddable":true,"href":"https:\/\/old.srokacompany.com\/de\/wp-json\/wp\/v2\/product_tag?post=345564"}],"curies":[{"name":"wp","href":"https:\/\/api.w.org\/{rel}","templated":true}]}}