{"id":345586,"date":"2022-07-19T09:32:10","date_gmt":"2022-07-19T09:32:10","guid":{"rendered":"https:\/\/srokacompany.com\/produit\/wingboard-foil-aufblasbares-wingboard-sroka-v1-auslaufmodell\/"},"modified":"2026-02-25T12:07:25","modified_gmt":"2026-02-25T10:07:25","slug":"wingboard-foil-aufblasbares-wingboard-sroka-v1-auslaufmodell","status":"publish","type":"product","link":"https:\/\/old.srokacompany.com\/de\/produkt\/wingboard-foil-aufblasbares-wingboard-sroka-v1-auslaufmodell\/","title":{"rendered":"Wingboard foil Aufblasbares Wingboard Sroka V1 ( Auslaufmodell)"},"content":{"rendered":"<hr>\n<h1>Aufblasbares Surfbrett Foil Sroka Air 5&#8217;3 &#8211; 6&#8242;.<\/h1>\n<p style=\"text-align: justify;\">Die <a href=\"https:\/\/srokacompany.com\/de\/blog\/wie-wendet-man-in-wingfoil\/\">Wing Foil <\/a>l\u00e4sst einen aufgrund der Freiheit, die es bietet, tr\u00e4umen. Dank der aufblasbaren Boards von Sroka sind Transportsorgen eine ferne Erinnerung und alle Spots werden zug\u00e4nglich. Aufgrund unserer langj\u00e4hrigen Erfahrung mit <a href=\"https:\/\/srokacompany.com\/de\/eshop\/aufblasbare-paddel\/\">aufblasbaren Boards von SUP<\/a> und hochwertigen Foils war es nur nat\u00fcrlich, dass wir die Sroka Air entwickelt haben. Ob es sich um die Qualit\u00e4t der aufblasbaren Struktur, die Carbonplatte oder unsere Designentscheidungen handelt, es wird alles getan, um Ihnen ein leistungsstarkes Produkt anzubieten.   <\/p>\n<p class=\"p1\" style=\"text-align: justify;\">Der 6&#8217;4 ist stabil und leicht zug\u00e4nglich und bringt selbst die Gr\u00f6\u00dften auf allen Gew\u00e4ssern zum Abheben, auch bei sehr leichtem Wind. \u00dcber 85 kg oder Leichtwind. Anf\u00e4nger bis Fortgeschrittene.  <\/p>\n<p class=\"p1\" style=\"text-align: justify;\">Wenn Sie leicht anfangen und sich schnell weiterentwickeln wollen, ist der Air 6&#8242; ideal f\u00fcr Sie. Von 70 bis 85Kg, Anf\u00e4nger bis Fortgeschrittene. <\/p>\n<p style=\"text-align: justify;\">Du willst nur ein Board haben, das du \u00fcberall hin mitnehmen kannst, f\u00fcr alle Spots und alle Bedingungen? Dann ist das Air 5&#8217;3 genau das Richtige f\u00fcr dich. Es ist kompakt und leistungsstark und erm\u00f6glicht es dir dennoch, dich <a href=\"https:\/\/srokacompany.com\/de\/blog\/wingfoil-so-gelingt-der-wasserstart\/\">ohne Wasserstart zu \u00fcberwinden<\/a>. Anf\u00e4nger unter 70 kg oder Fortgeschrittene bis Experten.   <\/p>\n<p>Alle Boards haben Strapeins\u00e4tze f\u00fcr eine V-f\u00f6rmige Installation (nur vorne).<\/p>\n<blockquote class=\"wp-embedded-content\" data-secret=\"Y56l8PVmHE\"><p><a href=\"https:\/\/srokacompany.com\/de\/technische-daten-der-kites-und-boards-von-foil-sroka\/\">Caract\u00e9ristiques techniques des ailes et planches de foil Sroka<\/a><\/p><\/blockquote>\n<p><iframe loading=\"lazy\" class=\"wp-embedded-content\" sandbox=\"allow-scripts\" security=\"restricted\" style=\"position: absolute; visibility: hidden;\" title=\"&#8222;Caract\u00e9ristiques techniques des ailes et planches de foil Sroka&#8220; &#8212; SROKA Company\" src=\"https:\/\/srokacompany.com\/de\/technische-daten-der-kites-und-boards-von-foil-sroka\/embed\/#?secret=BafApolry5#?secret=Y56l8PVmHE\" data-secret=\"Y56l8PVmHE\" width=\"500\" height=\"282\" frameborder=\"0\" marginwidth=\"0\" marginheight=\"0\" scrolling=\"no\"><\/iframe><\/p>\n","protected":false},"excerpt":{"rendered":"<p>Aufblasbares Surfbrett Foil Sroka Air 5&#8217;3 &#8211; 6&#8242;. Die Wing Foil l\u00e4sst einen aufgrund der Freiheit, die es bietet, tr\u00e4umen. Dank der aufblasbaren Boards von Sroka sind Transportsorgen eine ferne Erinnerung und alle Spots werden zug\u00e4nglich. Aufgrund unserer langj\u00e4hrigen Erfahrung mit aufblasbaren Boards von SUP und hochwertigen Foils war es nur nat\u00fcrlich, dass wir die [&hellip;]<\/p>\n","protected":false},"featured_media":345593,"template":"","meta":{"_acf_changed":false,"_uag_custom_page_level_css":""},"product_brand":[],"product_cat":[3531,3582,4194,3453],"product_tag":[3441],"class_list":{"0":"post-345586","1":"product","2":"type-product","3":"status-publish","4":"has-post-thumbnail","6":"product_cat-bretter-wing-foil-zum-besten-preis","7":"product_cat-promos-de","8":"product_cat-saldo-wing-foil-de","9":"product_cat-wing-foil-de","10":"product_tag-anfanger","11":"product_shipping_class-sup-einheit","13":"first","14":"instock","15":"sale","16":"taxable","17":"shipping-taxable","18":"purchasable","19":"product-type-variable"},"acf":[],"yoast_head":"<!-- This site is optimized with the Yoast SEO plugin v27.4 - https:\/\/yoast.com\/product\/yoast-seo-wordpress\/ -->\n<title>Board Wing Foil aufblasbar - Gamme Air - SROKA Company<\/title>\n<meta name=\"description\" content=\"Das aufblasbare Wingboard foil Sroka ist in den Gr\u00f6\u00dfen 5&#039;3, 6&#039; und 6&#039;4 erh\u00e4ltlich. Das beste Preis-Leistungs-Verh\u00e4ltnis, einfach mitzunehmen, langlebig und leistungsstark.\" \/>\n<meta name=\"robots\" content=\"index, follow, max-snippet:-1, max-image-preview:large, max-video-preview:-1\" \/>\n<link rel=\"canonical\" href=\"https:\/\/old.srokacompany.com\/de\/produkt\/wingboard-foil-aufblasbares-wingboard-sroka-v1-auslaufmodell\/\" \/>\n<meta property=\"og:locale\" content=\"de_DE\" \/>\n<meta property=\"og:type\" content=\"article\" \/>\n<meta property=\"og:title\" content=\"Board Wing Foil aufblasbar - Gamme Air - SROKA Company\" \/>\n<meta property=\"og:description\" content=\"Das aufblasbare Wingboard foil Sroka ist in den Gr\u00f6\u00dfen 5&#039;3, 6&#039; und 6&#039;4 erh\u00e4ltlich. Das beste Preis-Leistungs-Verh\u00e4ltnis, einfach mitzunehmen, langlebig und leistungsstark.\" \/>\n<meta property=\"og:url\" content=\"https:\/\/old.srokacompany.com\/de\/produkt\/wingboard-foil-aufblasbares-wingboard-sroka-v1-auslaufmodell\/\" \/>\n<meta property=\"og:site_name\" content=\"SROKA Company\" \/>\n<meta property=\"article:publisher\" content=\"https:\/\/www.facebook.com\/srokawatersports\/\" \/>\n<meta property=\"article:modified_time\" content=\"2026-02-25T10:07:25+00:00\" \/>\n<meta property=\"og:image\" content=\"https:\/\/srokacompany.com\/wp-content\/uploads\/2022\/07\/Photo-produit-planches-gonflable-2021.png\" \/>\n\t<meta property=\"og:image:width\" content=\"740\" \/>\n\t<meta property=\"og:image:height\" content=\"1080\" \/>\n\t<meta property=\"og:image:type\" content=\"image\/png\" \/>\n<meta name=\"twitter:label1\" content=\"Gesch\u00e4tzte Lesezeit\" \/>\n\t<meta name=\"twitter:data1\" content=\"1\u00a0Minute\" \/>\n<script type=\"application\/ld+json\" class=\"yoast-schema-graph\">{\"@context\":\"https:\\\/\\\/schema.org\",\"@graph\":[{\"@type\":\"WebPage\",\"@id\":\"https:\\\/\\\/old.srokacompany.com\\\/de\\\/produkt\\\/wingboard-foil-aufblasbares-wingboard-sroka-v1-auslaufmodell\\\/\",\"url\":\"https:\\\/\\\/old.srokacompany.com\\\/de\\\/produkt\\\/wingboard-foil-aufblasbares-wingboard-sroka-v1-auslaufmodell\\\/\",\"name\":\"Board Wing Foil aufblasbar - Gamme Air - SROKA Company\",\"isPartOf\":{\"@id\":\"https:\\\/\\\/srokacompany.com\\\/#website\"},\"primaryImageOfPage\":{\"@id\":\"https:\\\/\\\/old.srokacompany.com\\\/de\\\/produkt\\\/wingboard-foil-aufblasbares-wingboard-sroka-v1-auslaufmodell\\\/#primaryimage\"},\"image\":{\"@id\":\"https:\\\/\\\/old.srokacompany.com\\\/de\\\/produkt\\\/wingboard-foil-aufblasbares-wingboard-sroka-v1-auslaufmodell\\\/#primaryimage\"},\"thumbnailUrl\":\"https:\\\/\\\/old.srokacompany.com\\\/wp-content\\\/uploads\\\/2022\\\/07\\\/Photo-produit-planches-gonflable-2021.png\",\"datePublished\":\"2022-07-19T09:32:10+00:00\",\"dateModified\":\"2026-02-25T10:07:25+00:00\",\"description\":\"Das aufblasbare Wingboard foil Sroka ist in den Gr\u00f6\u00dfen 5'3, 6' und 6'4 erh\u00e4ltlich. Das beste Preis-Leistungs-Verh\u00e4ltnis, einfach mitzunehmen, langlebig und leistungsstark.\",\"breadcrumb\":{\"@id\":\"https:\\\/\\\/old.srokacompany.com\\\/de\\\/produkt\\\/wingboard-foil-aufblasbares-wingboard-sroka-v1-auslaufmodell\\\/#breadcrumb\"},\"inLanguage\":\"de\",\"potentialAction\":[{\"@type\":\"ReadAction\",\"target\":[\"https:\\\/\\\/old.srokacompany.com\\\/de\\\/produkt\\\/wingboard-foil-aufblasbares-wingboard-sroka-v1-auslaufmodell\\\/\"]}]},{\"@type\":\"ImageObject\",\"inLanguage\":\"de\",\"@id\":\"https:\\\/\\\/old.srokacompany.com\\\/de\\\/produkt\\\/wingboard-foil-aufblasbares-wingboard-sroka-v1-auslaufmodell\\\/#primaryimage\",\"url\":\"https:\\\/\\\/old.srokacompany.com\\\/wp-content\\\/uploads\\\/2022\\\/07\\\/Photo-produit-planches-gonflable-2021.png\",\"contentUrl\":\"https:\\\/\\\/old.srokacompany.com\\\/wp-content\\\/uploads\\\/2022\\\/07\\\/Photo-produit-planches-gonflable-2021.png\",\"width\":740,\"height\":1080,\"caption\":\"Planche wing foil gonflable\"},{\"@type\":\"BreadcrumbList\",\"@id\":\"https:\\\/\\\/old.srokacompany.com\\\/de\\\/produkt\\\/wingboard-foil-aufblasbares-wingboard-sroka-v1-auslaufmodell\\\/#breadcrumb\",\"itemListElement\":[{\"@type\":\"ListItem\",\"position\":1,\"name\":\"Accueil\",\"item\":\"https:\\\/\\\/srokacompany.com\\\/de\\\/\"},{\"@type\":\"ListItem\",\"position\":2,\"name\":\"Laden\",\"item\":\"https:\\\/\\\/srokacompany.com\\\/laden\\\/\"},{\"@type\":\"ListItem\",\"position\":3,\"name\":\"Wingboard foil Aufblasbares Wingboard Sroka V1 ( Auslaufmodell)\"}]},{\"@type\":\"WebSite\",\"@id\":\"https:\\\/\\\/srokacompany.com\\\/#website\",\"url\":\"https:\\\/\\\/srokacompany.com\\\/\",\"name\":\"SROKA Company\",\"description\":\"SUP, Kite, Foil, Wing\",\"publisher\":{\"@id\":\"https:\\\/\\\/srokacompany.com\\\/#organization\"},\"potentialAction\":[{\"@type\":\"SearchAction\",\"target\":{\"@type\":\"EntryPoint\",\"urlTemplate\":\"https:\\\/\\\/srokacompany.com\\\/?s={search_term_string}\"},\"query-input\":{\"@type\":\"PropertyValueSpecification\",\"valueRequired\":true,\"valueName\":\"search_term_string\"}}],\"inLanguage\":\"de\"},{\"@type\":\"Organization\",\"@id\":\"https:\\\/\\\/srokacompany.com\\\/#organization\",\"name\":\"SROKACOMPANY\",\"alternateName\":\"SROKA\",\"url\":\"https:\\\/\\\/srokacompany.com\\\/\",\"logo\":{\"@type\":\"ImageObject\",\"inLanguage\":\"de\",\"@id\":\"https:\\\/\\\/srokacompany.com\\\/#\\\/schema\\\/logo\\\/image\\\/\",\"url\":\"https:\\\/\\\/srokacompany.com\\\/wp-content\\\/uploads\\\/2021\\\/01\\\/logo-sroka-black-transpa.png\",\"contentUrl\":\"https:\\\/\\\/srokacompany.com\\\/wp-content\\\/uploads\\\/2021\\\/01\\\/logo-sroka-black-transpa.png\",\"width\":1201,\"height\":342,\"caption\":\"SROKACOMPANY\"},\"image\":{\"@id\":\"https:\\\/\\\/srokacompany.com\\\/#\\\/schema\\\/logo\\\/image\\\/\"},\"sameAs\":[\"https:\\\/\\\/www.facebook.com\\\/srokawatersports\\\/\",\"https:\\\/\\\/www.instagram.com\\\/srokawatersports\\\/\",\"https:\\\/\\\/www.youtube.com\\\/channel\\\/UCVLHHeaPIm-J5bdEUgxqtZA\"]}]}<\/script>\n<!-- \/ Yoast SEO plugin. -->","yoast_head_json":{"title":"Board Wing Foil aufblasbar - Gamme Air - SROKA Company","description":"Das aufblasbare Wingboard foil Sroka ist in den Gr\u00f6\u00dfen 5'3, 6' und 6'4 erh\u00e4ltlich. Das beste Preis-Leistungs-Verh\u00e4ltnis, einfach mitzunehmen, langlebig und leistungsstark.","robots":{"index":"index","follow":"follow","max-snippet":"max-snippet:-1","max-image-preview":"max-image-preview:large","max-video-preview":"max-video-preview:-1"},"canonical":"https:\/\/old.srokacompany.com\/de\/produkt\/wingboard-foil-aufblasbares-wingboard-sroka-v1-auslaufmodell\/","og_locale":"de_DE","og_type":"article","og_title":"Board Wing Foil aufblasbar - Gamme Air - SROKA Company","og_description":"Das aufblasbare Wingboard foil Sroka ist in den Gr\u00f6\u00dfen 5'3, 6' und 6'4 erh\u00e4ltlich. Das beste Preis-Leistungs-Verh\u00e4ltnis, einfach mitzunehmen, langlebig und leistungsstark.","og_url":"https:\/\/old.srokacompany.com\/de\/produkt\/wingboard-foil-aufblasbares-wingboard-sroka-v1-auslaufmodell\/","og_site_name":"SROKA Company","article_publisher":"https:\/\/www.facebook.com\/srokawatersports\/","article_modified_time":"2026-02-25T10:07:25+00:00","og_image":[{"width":740,"height":1080,"url":"https:\/\/srokacompany.com\/wp-content\/uploads\/2022\/07\/Photo-produit-planches-gonflable-2021.png","type":"image\/png"}],"twitter_misc":{"Gesch\u00e4tzte Lesezeit":"1\u00a0Minute"},"schema":{"@context":"https:\/\/schema.org","@graph":[{"@type":"WebPage","@id":"https:\/\/old.srokacompany.com\/de\/produkt\/wingboard-foil-aufblasbares-wingboard-sroka-v1-auslaufmodell\/","url":"https:\/\/old.srokacompany.com\/de\/produkt\/wingboard-foil-aufblasbares-wingboard-sroka-v1-auslaufmodell\/","name":"Board Wing Foil aufblasbar - Gamme Air - SROKA Company","isPartOf":{"@id":"https:\/\/srokacompany.com\/#website"},"primaryImageOfPage":{"@id":"https:\/\/old.srokacompany.com\/de\/produkt\/wingboard-foil-aufblasbares-wingboard-sroka-v1-auslaufmodell\/#primaryimage"},"image":{"@id":"https:\/\/old.srokacompany.com\/de\/produkt\/wingboard-foil-aufblasbares-wingboard-sroka-v1-auslaufmodell\/#primaryimage"},"thumbnailUrl":"https:\/\/old.srokacompany.com\/wp-content\/uploads\/2022\/07\/Photo-produit-planches-gonflable-2021.png","datePublished":"2022-07-19T09:32:10+00:00","dateModified":"2026-02-25T10:07:25+00:00","description":"Das aufblasbare Wingboard foil Sroka ist in den Gr\u00f6\u00dfen 5'3, 6' und 6'4 erh\u00e4ltlich. Das beste Preis-Leistungs-Verh\u00e4ltnis, einfach mitzunehmen, langlebig und leistungsstark.","breadcrumb":{"@id":"https:\/\/old.srokacompany.com\/de\/produkt\/wingboard-foil-aufblasbares-wingboard-sroka-v1-auslaufmodell\/#breadcrumb"},"inLanguage":"de","potentialAction":[{"@type":"ReadAction","target":["https:\/\/old.srokacompany.com\/de\/produkt\/wingboard-foil-aufblasbares-wingboard-sroka-v1-auslaufmodell\/"]}]},{"@type":"ImageObject","inLanguage":"de","@id":"https:\/\/old.srokacompany.com\/de\/produkt\/wingboard-foil-aufblasbares-wingboard-sroka-v1-auslaufmodell\/#primaryimage","url":"https:\/\/old.srokacompany.com\/wp-content\/uploads\/2022\/07\/Photo-produit-planches-gonflable-2021.png","contentUrl":"https:\/\/old.srokacompany.com\/wp-content\/uploads\/2022\/07\/Photo-produit-planches-gonflable-2021.png","width":740,"height":1080,"caption":"Planche wing foil gonflable"},{"@type":"BreadcrumbList","@id":"https:\/\/old.srokacompany.com\/de\/produkt\/wingboard-foil-aufblasbares-wingboard-sroka-v1-auslaufmodell\/#breadcrumb","itemListElement":[{"@type":"ListItem","position":1,"name":"Accueil","item":"https:\/\/srokacompany.com\/de\/"},{"@type":"ListItem","position":2,"name":"Laden","item":"https:\/\/srokacompany.com\/laden\/"},{"@type":"ListItem","position":3,"name":"Wingboard foil Aufblasbares Wingboard Sroka V1 ( Auslaufmodell)"}]},{"@type":"WebSite","@id":"https:\/\/srokacompany.com\/#website","url":"https:\/\/srokacompany.com\/","name":"SROKA Company","description":"SUP, Kite, Foil, Wing","publisher":{"@id":"https:\/\/srokacompany.com\/#organization"},"potentialAction":[{"@type":"SearchAction","target":{"@type":"EntryPoint","urlTemplate":"https:\/\/srokacompany.com\/?s={search_term_string}"},"query-input":{"@type":"PropertyValueSpecification","valueRequired":true,"valueName":"search_term_string"}}],"inLanguage":"de"},{"@type":"Organization","@id":"https:\/\/srokacompany.com\/#organization","name":"SROKACOMPANY","alternateName":"SROKA","url":"https:\/\/srokacompany.com\/","logo":{"@type":"ImageObject","inLanguage":"de","@id":"https:\/\/srokacompany.com\/#\/schema\/logo\/image\/","url":"https:\/\/srokacompany.com\/wp-content\/uploads\/2021\/01\/logo-sroka-black-transpa.png","contentUrl":"https:\/\/srokacompany.com\/wp-content\/uploads\/2021\/01\/logo-sroka-black-transpa.png","width":1201,"height":342,"caption":"SROKACOMPANY"},"image":{"@id":"https:\/\/srokacompany.com\/#\/schema\/logo\/image\/"},"sameAs":["https:\/\/www.facebook.com\/srokawatersports\/","https:\/\/www.instagram.com\/srokawatersports\/","https:\/\/www.youtube.com\/channel\/UCVLHHeaPIm-J5bdEUgxqtZA"]}]}},"uagb_featured_image_src":{"full":["https:\/\/old.srokacompany.com\/wp-content\/uploads\/2022\/07\/Photo-produit-planches-gonflable-2021.png",740,1080,false],"thumbnail":["https:\/\/old.srokacompany.com\/wp-content\/uploads\/2022\/07\/Photo-produit-planches-gonflable-2021-150x150.png",150,150,true],"medium":["https:\/\/old.srokacompany.com\/wp-content\/uploads\/2022\/07\/Photo-produit-planches-gonflable-2021-206x300.png",206,300,true],"medium_large":["https:\/\/old.srokacompany.com\/wp-content\/uploads\/2022\/07\/Photo-produit-planches-gonflable-2021.png",740,1080,false],"large":["https:\/\/old.srokacompany.com\/wp-content\/uploads\/2022\/07\/Photo-produit-planches-gonflable-2021-702x1024.png",702,1024,true],"1536x1536":["https:\/\/old.srokacompany.com\/wp-content\/uploads\/2022\/07\/Photo-produit-planches-gonflable-2021.png",740,1080,false],"2048x2048":["https:\/\/old.srokacompany.com\/wp-content\/uploads\/2022\/07\/Photo-produit-planches-gonflable-2021.png",740,1080,false],"woocommerce_thumbnail":["https:\/\/old.srokacompany.com\/wp-content\/uploads\/2022\/07\/Photo-produit-planches-gonflable-2021-600x876.png",600,876,true],"woocommerce_single":["https:\/\/old.srokacompany.com\/wp-content\/uploads\/2022\/07\/Photo-produit-planches-gonflable-2021-600x876.png",600,876,true],"woocommerce_gallery_thumbnail":["https:\/\/old.srokacompany.com\/wp-content\/uploads\/2022\/07\/Photo-produit-planches-gonflable-2021-100x100.png",100,100,true],"dgwt-wcas-product-suggestion":["https:\/\/old.srokacompany.com\/wp-content\/uploads\/2022\/07\/Photo-produit-planches-gonflable-2021.png",64,93,false]},"uagb_author_info":{"display_name":"Tristan Dumard","author_link":"https:\/\/old.srokacompany.com\/de\/blog\/author\/"},"uagb_comment_info":0,"uagb_excerpt":"Aufblasbares Surfbrett Foil Sroka Air 5&#8217;3 &#8211; 6&#8242;. Die Wing Foil l\u00e4sst einen aufgrund der Freiheit, die es bietet, tr\u00e4umen. Dank der aufblasbaren Boards von Sroka sind Transportsorgen eine ferne Erinnerung und alle Spots werden zug\u00e4nglich. Aufgrund unserer langj\u00e4hrigen Erfahrung mit aufblasbaren Boards von SUP und hochwertigen Foils war es nur nat\u00fcrlich, dass wir die&hellip;","jetpack_sharing_enabled":true,"_links":{"self":[{"href":"https:\/\/old.srokacompany.com\/de\/wp-json\/wp\/v2\/product\/345586","targetHints":{"allow":["GET"]}}],"collection":[{"href":"https:\/\/old.srokacompany.com\/de\/wp-json\/wp\/v2\/product"}],"about":[{"href":"https:\/\/old.srokacompany.com\/de\/wp-json\/wp\/v2\/types\/product"}],"wp:featuredmedia":[{"embeddable":true,"href":"https:\/\/old.srokacompany.com\/de\/wp-json\/wp\/v2\/media\/345593"}],"wp:attachment":[{"href":"https:\/\/old.srokacompany.com\/de\/wp-json\/wp\/v2\/media?parent=345586"}],"wp:term":[{"taxonomy":"product_brand","embeddable":true,"href":"https:\/\/old.srokacompany.com\/de\/wp-json\/wp\/v2\/product_brand?post=345586"},{"taxonomy":"product_cat","embeddable":true,"href":"https:\/\/old.srokacompany.com\/de\/wp-json\/wp\/v2\/product_cat?post=345586"},{"taxonomy":"product_tag","embeddable":true,"href":"https:\/\/old.srokacompany.com\/de\/wp-json\/wp\/v2\/product_tag?post=345586"}],"curies":[{"name":"wp","href":"https:\/\/api.w.org\/{rel}","templated":true}]}}