{"id":346262,"date":"2017-12-29T21:03:52","date_gmt":"2017-12-29T21:03:52","guid":{"rendered":"https:\/\/srokacompany.com\/produit\/kitefoil-matte-95-oder-75cm-100-carbon\/"},"modified":"2025-06-27T00:05:30","modified_gmt":"2025-06-26T22:05:30","slug":"kitefoil-matte-95-oder-75cm-100-carbon","status":"publish","type":"product","link":"https:\/\/old.srokacompany.com\/de\/produkt\/kitefoil-matte-95-oder-75cm-100-carbon\/","title":{"rendered":"Kitefoil-Matte 95 oder 75cm 100% Carbon"},"content":{"rendered":"<hr>\n<p>Die Carbon-Matte wurde so entworfen, dass sie maximale Steifigkeit bei minimalem Luftwiderstand bietet. Sie ist aus 100% Carbon gefertigt. Es gibt keinen Schaumstoff im Inneren der Matte, was eine Matte mit minimaler Biegung und minimalem Twist garantiert, aber vor allem garantiert es ein Maximum an Zuverl\u00e4ssigkeit. Mast aus 100% Karbon, Probox-Geh\u00e4use. Er ist in zwei Gr\u00f6\u00dfen erh\u00e4ltlich: 95 cm und 75 cm.    <\/p>\n","protected":false},"excerpt":{"rendered":"<p>Die Carbonmatten wurden so entworfen, dass sie maximale Steifigkeit bei minimalem Luftwiderstand bieten.<\/p>\n","protected":false},"featured_media":346265,"template":"","meta":{"_acf_changed":false,"_uag_custom_page_level_css":""},"product_brand":[],"product_cat":[3493],"product_tag":[],"class_list":{"0":"post-346262","1":"product","2":"type-product","3":"status-publish","4":"has-post-thumbnail","6":"product_cat-foil-de","8":"first","9":"instock","10":"sale","11":"taxable","12":"shipping-taxable","13":"purchasable","14":"product-type-variable"},"acf":[],"yoast_head":"<!-- This site is optimized with the Yoast SEO plugin v27.4 - https:\/\/yoast.com\/product\/yoast-seo-wordpress\/ -->\n<title>Kitefoil-Matte 95 oder 75cm 100% Carbon - SROKA Company<\/title>\n<meta name=\"description\" content=\"Der Kitefoil-Mast aus 100% Carbon von Sroka Company ist in zwei Gr\u00f6\u00dfen erh\u00e4ltlich, 75 und 95cm. Das Beste des Kitefoils zum besten Preis.\" \/>\n<meta name=\"robots\" content=\"index, follow, max-snippet:-1, max-image-preview:large, max-video-preview:-1\" \/>\n<link rel=\"canonical\" href=\"https:\/\/old.srokacompany.com\/de\/produkt\/kitefoil-matte-95-oder-75cm-100-carbon\/\" \/>\n<meta property=\"og:locale\" content=\"de_DE\" \/>\n<meta property=\"og:type\" content=\"article\" \/>\n<meta property=\"og:title\" content=\"Kitefoil-Matte 95 oder 75cm 100% Carbon - SROKA Company\" \/>\n<meta property=\"og:description\" content=\"Der Kitefoil-Mast aus 100% Carbon von Sroka Company ist in zwei Gr\u00f6\u00dfen erh\u00e4ltlich, 75 und 95cm. Das Beste des Kitefoils zum besten Preis.\" \/>\n<meta property=\"og:url\" content=\"https:\/\/old.srokacompany.com\/de\/produkt\/kitefoil-matte-95-oder-75cm-100-carbon\/\" \/>\n<meta property=\"og:site_name\" content=\"SROKA Company\" \/>\n<meta property=\"article:publisher\" content=\"https:\/\/www.facebook.com\/srokawatersports\/\" \/>\n<meta property=\"article:modified_time\" content=\"2025-06-26T22:05:30+00:00\" \/>\n<meta property=\"og:image\" content=\"https:\/\/srokacompany.com\/wp-content\/uploads\/2017\/12\/mat-carbone-kitefoil.jpg\" \/>\n\t<meta property=\"og:image:width\" content=\"780\" \/>\n\t<meta property=\"og:image:height\" content=\"1040\" \/>\n\t<meta property=\"og:image:type\" content=\"image\/jpeg\" \/>\n<script type=\"application\/ld+json\" class=\"yoast-schema-graph\">{\"@context\":\"https:\\\/\\\/schema.org\",\"@graph\":[{\"@type\":\"WebPage\",\"@id\":\"https:\\\/\\\/old.srokacompany.com\\\/de\\\/produkt\\\/kitefoil-matte-95-oder-75cm-100-carbon\\\/\",\"url\":\"https:\\\/\\\/old.srokacompany.com\\\/de\\\/produkt\\\/kitefoil-matte-95-oder-75cm-100-carbon\\\/\",\"name\":\"Kitefoil-Matte 95 oder 75cm 100% Carbon - SROKA Company\",\"isPartOf\":{\"@id\":\"https:\\\/\\\/srokacompany.com\\\/#website\"},\"primaryImageOfPage\":{\"@id\":\"https:\\\/\\\/old.srokacompany.com\\\/de\\\/produkt\\\/kitefoil-matte-95-oder-75cm-100-carbon\\\/#primaryimage\"},\"image\":{\"@id\":\"https:\\\/\\\/old.srokacompany.com\\\/de\\\/produkt\\\/kitefoil-matte-95-oder-75cm-100-carbon\\\/#primaryimage\"},\"thumbnailUrl\":\"https:\\\/\\\/old.srokacompany.com\\\/wp-content\\\/uploads\\\/2017\\\/12\\\/mat-carbone-kitefoil.jpg\",\"datePublished\":\"2017-12-29T21:03:52+00:00\",\"dateModified\":\"2025-06-26T22:05:30+00:00\",\"description\":\"Der Kitefoil-Mast aus 100% Carbon von Sroka Company ist in zwei Gr\u00f6\u00dfen erh\u00e4ltlich, 75 und 95cm. Das Beste des Kitefoils zum besten Preis.\",\"breadcrumb\":{\"@id\":\"https:\\\/\\\/old.srokacompany.com\\\/de\\\/produkt\\\/kitefoil-matte-95-oder-75cm-100-carbon\\\/#breadcrumb\"},\"inLanguage\":\"de\",\"potentialAction\":[{\"@type\":\"ReadAction\",\"target\":[\"https:\\\/\\\/old.srokacompany.com\\\/de\\\/produkt\\\/kitefoil-matte-95-oder-75cm-100-carbon\\\/\"]}]},{\"@type\":\"ImageObject\",\"inLanguage\":\"de\",\"@id\":\"https:\\\/\\\/old.srokacompany.com\\\/de\\\/produkt\\\/kitefoil-matte-95-oder-75cm-100-carbon\\\/#primaryimage\",\"url\":\"https:\\\/\\\/old.srokacompany.com\\\/wp-content\\\/uploads\\\/2017\\\/12\\\/mat-carbone-kitefoil.jpg\",\"contentUrl\":\"https:\\\/\\\/old.srokacompany.com\\\/wp-content\\\/uploads\\\/2017\\\/12\\\/mat-carbone-kitefoil.jpg\",\"width\":780,\"height\":1040},{\"@type\":\"BreadcrumbList\",\"@id\":\"https:\\\/\\\/old.srokacompany.com\\\/de\\\/produkt\\\/kitefoil-matte-95-oder-75cm-100-carbon\\\/#breadcrumb\",\"itemListElement\":[{\"@type\":\"ListItem\",\"position\":1,\"name\":\"Accueil\",\"item\":\"https:\\\/\\\/srokacompany.com\\\/de\\\/\"},{\"@type\":\"ListItem\",\"position\":2,\"name\":\"Laden\",\"item\":\"https:\\\/\\\/srokacompany.com\\\/laden\\\/\"},{\"@type\":\"ListItem\",\"position\":3,\"name\":\"Kitefoil-Matte 95 oder 75cm 100% Carbon\"}]},{\"@type\":\"WebSite\",\"@id\":\"https:\\\/\\\/srokacompany.com\\\/#website\",\"url\":\"https:\\\/\\\/srokacompany.com\\\/\",\"name\":\"SROKA Company\",\"description\":\"SUP, Kite, Foil, Wing\",\"publisher\":{\"@id\":\"https:\\\/\\\/srokacompany.com\\\/#organization\"},\"potentialAction\":[{\"@type\":\"SearchAction\",\"target\":{\"@type\":\"EntryPoint\",\"urlTemplate\":\"https:\\\/\\\/srokacompany.com\\\/?s={search_term_string}\"},\"query-input\":{\"@type\":\"PropertyValueSpecification\",\"valueRequired\":true,\"valueName\":\"search_term_string\"}}],\"inLanguage\":\"de\"},{\"@type\":\"Organization\",\"@id\":\"https:\\\/\\\/srokacompany.com\\\/#organization\",\"name\":\"SROKACOMPANY\",\"alternateName\":\"SROKA\",\"url\":\"https:\\\/\\\/srokacompany.com\\\/\",\"logo\":{\"@type\":\"ImageObject\",\"inLanguage\":\"de\",\"@id\":\"https:\\\/\\\/srokacompany.com\\\/#\\\/schema\\\/logo\\\/image\\\/\",\"url\":\"https:\\\/\\\/srokacompany.com\\\/wp-content\\\/uploads\\\/2021\\\/01\\\/logo-sroka-black-transpa.png\",\"contentUrl\":\"https:\\\/\\\/srokacompany.com\\\/wp-content\\\/uploads\\\/2021\\\/01\\\/logo-sroka-black-transpa.png\",\"width\":1201,\"height\":342,\"caption\":\"SROKACOMPANY\"},\"image\":{\"@id\":\"https:\\\/\\\/srokacompany.com\\\/#\\\/schema\\\/logo\\\/image\\\/\"},\"sameAs\":[\"https:\\\/\\\/www.facebook.com\\\/srokawatersports\\\/\",\"https:\\\/\\\/www.instagram.com\\\/srokawatersports\\\/\",\"https:\\\/\\\/www.youtube.com\\\/channel\\\/UCVLHHeaPIm-J5bdEUgxqtZA\"]}]}<\/script>\n<!-- \/ Yoast SEO plugin. -->","yoast_head_json":{"title":"Kitefoil-Matte 95 oder 75cm 100% Carbon - SROKA Company","description":"Der Kitefoil-Mast aus 100% Carbon von Sroka Company ist in zwei Gr\u00f6\u00dfen erh\u00e4ltlich, 75 und 95cm. Das Beste des Kitefoils zum besten Preis.","robots":{"index":"index","follow":"follow","max-snippet":"max-snippet:-1","max-image-preview":"max-image-preview:large","max-video-preview":"max-video-preview:-1"},"canonical":"https:\/\/old.srokacompany.com\/de\/produkt\/kitefoil-matte-95-oder-75cm-100-carbon\/","og_locale":"de_DE","og_type":"article","og_title":"Kitefoil-Matte 95 oder 75cm 100% Carbon - SROKA Company","og_description":"Der Kitefoil-Mast aus 100% Carbon von Sroka Company ist in zwei Gr\u00f6\u00dfen erh\u00e4ltlich, 75 und 95cm. Das Beste des Kitefoils zum besten Preis.","og_url":"https:\/\/old.srokacompany.com\/de\/produkt\/kitefoil-matte-95-oder-75cm-100-carbon\/","og_site_name":"SROKA Company","article_publisher":"https:\/\/www.facebook.com\/srokawatersports\/","article_modified_time":"2025-06-26T22:05:30+00:00","og_image":[{"width":780,"height":1040,"url":"https:\/\/srokacompany.com\/wp-content\/uploads\/2017\/12\/mat-carbone-kitefoil.jpg","type":"image\/jpeg"}],"schema":{"@context":"https:\/\/schema.org","@graph":[{"@type":"WebPage","@id":"https:\/\/old.srokacompany.com\/de\/produkt\/kitefoil-matte-95-oder-75cm-100-carbon\/","url":"https:\/\/old.srokacompany.com\/de\/produkt\/kitefoil-matte-95-oder-75cm-100-carbon\/","name":"Kitefoil-Matte 95 oder 75cm 100% Carbon - SROKA Company","isPartOf":{"@id":"https:\/\/srokacompany.com\/#website"},"primaryImageOfPage":{"@id":"https:\/\/old.srokacompany.com\/de\/produkt\/kitefoil-matte-95-oder-75cm-100-carbon\/#primaryimage"},"image":{"@id":"https:\/\/old.srokacompany.com\/de\/produkt\/kitefoil-matte-95-oder-75cm-100-carbon\/#primaryimage"},"thumbnailUrl":"https:\/\/old.srokacompany.com\/wp-content\/uploads\/2017\/12\/mat-carbone-kitefoil.jpg","datePublished":"2017-12-29T21:03:52+00:00","dateModified":"2025-06-26T22:05:30+00:00","description":"Der Kitefoil-Mast aus 100% Carbon von Sroka Company ist in zwei Gr\u00f6\u00dfen erh\u00e4ltlich, 75 und 95cm. Das Beste des Kitefoils zum besten Preis.","breadcrumb":{"@id":"https:\/\/old.srokacompany.com\/de\/produkt\/kitefoil-matte-95-oder-75cm-100-carbon\/#breadcrumb"},"inLanguage":"de","potentialAction":[{"@type":"ReadAction","target":["https:\/\/old.srokacompany.com\/de\/produkt\/kitefoil-matte-95-oder-75cm-100-carbon\/"]}]},{"@type":"ImageObject","inLanguage":"de","@id":"https:\/\/old.srokacompany.com\/de\/produkt\/kitefoil-matte-95-oder-75cm-100-carbon\/#primaryimage","url":"https:\/\/old.srokacompany.com\/wp-content\/uploads\/2017\/12\/mat-carbone-kitefoil.jpg","contentUrl":"https:\/\/old.srokacompany.com\/wp-content\/uploads\/2017\/12\/mat-carbone-kitefoil.jpg","width":780,"height":1040},{"@type":"BreadcrumbList","@id":"https:\/\/old.srokacompany.com\/de\/produkt\/kitefoil-matte-95-oder-75cm-100-carbon\/#breadcrumb","itemListElement":[{"@type":"ListItem","position":1,"name":"Accueil","item":"https:\/\/srokacompany.com\/de\/"},{"@type":"ListItem","position":2,"name":"Laden","item":"https:\/\/srokacompany.com\/laden\/"},{"@type":"ListItem","position":3,"name":"Kitefoil-Matte 95 oder 75cm 100% Carbon"}]},{"@type":"WebSite","@id":"https:\/\/srokacompany.com\/#website","url":"https:\/\/srokacompany.com\/","name":"SROKA Company","description":"SUP, Kite, Foil, Wing","publisher":{"@id":"https:\/\/srokacompany.com\/#organization"},"potentialAction":[{"@type":"SearchAction","target":{"@type":"EntryPoint","urlTemplate":"https:\/\/srokacompany.com\/?s={search_term_string}"},"query-input":{"@type":"PropertyValueSpecification","valueRequired":true,"valueName":"search_term_string"}}],"inLanguage":"de"},{"@type":"Organization","@id":"https:\/\/srokacompany.com\/#organization","name":"SROKACOMPANY","alternateName":"SROKA","url":"https:\/\/srokacompany.com\/","logo":{"@type":"ImageObject","inLanguage":"de","@id":"https:\/\/srokacompany.com\/#\/schema\/logo\/image\/","url":"https:\/\/srokacompany.com\/wp-content\/uploads\/2021\/01\/logo-sroka-black-transpa.png","contentUrl":"https:\/\/srokacompany.com\/wp-content\/uploads\/2021\/01\/logo-sroka-black-transpa.png","width":1201,"height":342,"caption":"SROKACOMPANY"},"image":{"@id":"https:\/\/srokacompany.com\/#\/schema\/logo\/image\/"},"sameAs":["https:\/\/www.facebook.com\/srokawatersports\/","https:\/\/www.instagram.com\/srokawatersports\/","https:\/\/www.youtube.com\/channel\/UCVLHHeaPIm-J5bdEUgxqtZA"]}]}},"uagb_featured_image_src":{"full":["https:\/\/old.srokacompany.com\/wp-content\/uploads\/2017\/12\/mat-carbone-kitefoil.jpg",780,1040,false],"thumbnail":["https:\/\/old.srokacompany.com\/wp-content\/uploads\/2017\/12\/mat-carbone-kitefoil-150x150.jpg",150,150,true],"medium":["https:\/\/old.srokacompany.com\/wp-content\/uploads\/2017\/12\/mat-carbone-kitefoil-225x300.jpg",225,300,true],"medium_large":["https:\/\/old.srokacompany.com\/wp-content\/uploads\/2017\/12\/mat-carbone-kitefoil-768x1024.jpg",768,1024,true],"large":["https:\/\/old.srokacompany.com\/wp-content\/uploads\/2017\/12\/mat-carbone-kitefoil-768x1024.jpg",768,1024,true],"1536x1536":["https:\/\/old.srokacompany.com\/wp-content\/uploads\/2017\/12\/mat-carbone-kitefoil.jpg",780,1040,false],"2048x2048":["https:\/\/old.srokacompany.com\/wp-content\/uploads\/2017\/12\/mat-carbone-kitefoil.jpg",780,1040,false],"woocommerce_thumbnail":["https:\/\/old.srokacompany.com\/wp-content\/uploads\/2017\/12\/mat-carbone-kitefoil-600x800.jpg",600,800,true],"woocommerce_single":["https:\/\/old.srokacompany.com\/wp-content\/uploads\/2017\/12\/mat-carbone-kitefoil-600x800.jpg",600,800,true],"woocommerce_gallery_thumbnail":["https:\/\/old.srokacompany.com\/wp-content\/uploads\/2017\/12\/mat-carbone-kitefoil-100x100.jpg",100,100,true],"dgwt-wcas-product-suggestion":["https:\/\/old.srokacompany.com\/wp-content\/uploads\/2017\/12\/mat-carbone-kitefoil.jpg",64,85,false]},"uagb_author_info":{"display_name":"Bruno Sroka","author_link":"https:\/\/old.srokacompany.com\/de\/blog\/author\/"},"uagb_comment_info":0,"uagb_excerpt":"Die Carbonmatten wurden so entworfen, dass sie maximale Steifigkeit bei minimalem Luftwiderstand bieten.","jetpack_sharing_enabled":true,"_links":{"self":[{"href":"https:\/\/old.srokacompany.com\/de\/wp-json\/wp\/v2\/product\/346262","targetHints":{"allow":["GET"]}}],"collection":[{"href":"https:\/\/old.srokacompany.com\/de\/wp-json\/wp\/v2\/product"}],"about":[{"href":"https:\/\/old.srokacompany.com\/de\/wp-json\/wp\/v2\/types\/product"}],"wp:featuredmedia":[{"embeddable":true,"href":"https:\/\/old.srokacompany.com\/de\/wp-json\/wp\/v2\/media\/346265"}],"wp:attachment":[{"href":"https:\/\/old.srokacompany.com\/de\/wp-json\/wp\/v2\/media?parent=346262"}],"wp:term":[{"taxonomy":"product_brand","embeddable":true,"href":"https:\/\/old.srokacompany.com\/de\/wp-json\/wp\/v2\/product_brand?post=346262"},{"taxonomy":"product_cat","embeddable":true,"href":"https:\/\/old.srokacompany.com\/de\/wp-json\/wp\/v2\/product_cat?post=346262"},{"taxonomy":"product_tag","embeddable":true,"href":"https:\/\/old.srokacompany.com\/de\/wp-json\/wp\/v2\/product_tag?post=346262"}],"curies":[{"name":"wp","href":"https:\/\/api.w.org\/{rel}","templated":true}]}}