{"id":346313,"date":"2018-01-09T14:43:08","date_gmt":"2018-01-09T12:43:08","guid":{"rendered":"https:\/\/srokacompany.com\/produit\/festes-paddel-aus-100-kohlenstoff\/"},"modified":"2025-12-08T14:03:25","modified_gmt":"2025-12-08T12:03:25","slug":"festes-paddel-aus-100-kohlenstoff","status":"publish","type":"product","link":"https:\/\/old.srokacompany.com\/de\/produkt\/festes-paddel-aus-100-kohlenstoff\/","title":{"rendered":"Festes Paddel aus 100% Kohlenstoff"},"content":{"rendered":"<hr>\n<p>Eines der leichtesten, st\u00e4rksten und leistungsf\u00e4higsten 100% Carbon-Paddel auf dem Markt mit dem besten Preis-Leistungs-Verh\u00e4ltnis. Das 100% Carbon ist ein sehr leistungsstarkes und leichtes <a href=\"https:\/\/srokacompany.com\/de\/eshop\/paddel-paddeln\/\">aufblasbares Paddel f\u00fcr Paddel<\/a>. Es besteht aus 100% Carbon 12K auf dem Blatt mit einem Schaft aus 100% Carbon 3K und ist das ultimative Paddel, um beim Paddeln die beste Leistung zu erzielen. Sein geringes Gewicht und der ideale Flex erleichtern Ihnen das Paddeln. Das kleine Blatt spart Energie bei langen Paddelfahrten. Passend zu den Farben Ihres Paddels ist dieses Paddel ein Schmuckst\u00fcck, das man nicht in alle H\u00e4nde geben sollte. Dieses Paddel aus 100% Karbon ist von 175 bis 216 cm L\u00e4nge verstellbar. Die Ma\u00dfe des Paddelblatts sind 18,5 cm breit und 46,5 cm lang.      <\/p>\n","protected":false},"excerpt":{"rendered":"<p>Eines der leichtesten, st\u00e4rksten und leistungsf\u00e4higsten Paddel aus 100% Carbon auf dem Markt mit dem besten Preis-Leistungs-Verh\u00e4ltnis.<\/p>\n","protected":false},"featured_media":346315,"template":"","meta":{"_acf_changed":false,"_uag_custom_page_level_css":""},"product_brand":[],"product_cat":[3620,3569,3578],"product_tag":[],"class_list":{"0":"post-346313","1":"product","2":"type-product","3":"status-publish","4":"has-post-thumbnail","6":"product_cat-aufblasbare-paddel","7":"product_cat-downwind-de","8":"product_cat-paddle-zubehor","9":"product_shipping_class-paddel-1-und-2-teile","11":"first","12":"instock","13":"taxable","14":"shipping-taxable","15":"purchasable","16":"product-type-variable"},"acf":[],"yoast_head":"<!-- This site is optimized with the Yoast SEO plugin v27.4 - https:\/\/yoast.com\/product\/yoast-seo-wordpress\/ -->\n<title>1-teiliges Paddel aus 100% Carbon: leicht, stark und klein<\/title>\n<meta name=\"description\" content=\"Dieses Paddel aus 100% Carbon ist eines der besten auf dem Markt. Seine Qualit\u00e4t und sein Preis sind unschlagbar. Das kleine Paddelblatt erm\u00f6glicht das Paddeln in hohen Frequenzen.\" \/>\n<meta name=\"robots\" content=\"index, follow, max-snippet:-1, max-image-preview:large, max-video-preview:-1\" \/>\n<link rel=\"canonical\" href=\"https:\/\/old.srokacompany.com\/de\/produkt\/festes-paddel-aus-100-kohlenstoff\/\" \/>\n<meta property=\"og:locale\" content=\"de_DE\" \/>\n<meta property=\"og:type\" content=\"article\" \/>\n<meta property=\"og:title\" content=\"1-teiliges Paddel aus 100% Carbon: leicht, stark und klein\" \/>\n<meta property=\"og:description\" content=\"Dieses Paddel aus 100% Carbon ist eines der besten auf dem Markt. Seine Qualit\u00e4t und sein Preis sind unschlagbar. Das kleine Paddelblatt erm\u00f6glicht das Paddeln in hohen Frequenzen.\" \/>\n<meta property=\"og:url\" content=\"https:\/\/old.srokacompany.com\/de\/produkt\/festes-paddel-aus-100-kohlenstoff\/\" \/>\n<meta property=\"og:site_name\" content=\"SROKA Company\" \/>\n<meta property=\"article:publisher\" content=\"https:\/\/www.facebook.com\/srokawatersports\/\" \/>\n<meta property=\"article:modified_time\" content=\"2025-12-08T12:03:25+00:00\" \/>\n<meta property=\"og:image\" content=\"https:\/\/srokacompany.com\/wp-content\/uploads\/2018\/01\/rande-paddle-1p-scaled-1.jpg\" \/>\n\t<meta property=\"og:image:width\" content=\"1920\" \/>\n\t<meta property=\"og:image:height\" content=\"2560\" \/>\n\t<meta property=\"og:image:type\" content=\"image\/jpeg\" \/>\n<meta name=\"twitter:label1\" content=\"Gesch\u00e4tzte Lesezeit\" \/>\n\t<meta name=\"twitter:data1\" content=\"1\u00a0Minute\" \/>\n<script type=\"application\/ld+json\" class=\"yoast-schema-graph\">{\"@context\":\"https:\\\/\\\/schema.org\",\"@graph\":[{\"@type\":\"WebPage\",\"@id\":\"https:\\\/\\\/old.srokacompany.com\\\/de\\\/produkt\\\/festes-paddel-aus-100-kohlenstoff\\\/\",\"url\":\"https:\\\/\\\/old.srokacompany.com\\\/de\\\/produkt\\\/festes-paddel-aus-100-kohlenstoff\\\/\",\"name\":\"1-teiliges Paddel aus 100% Carbon: leicht, stark und klein\",\"isPartOf\":{\"@id\":\"https:\\\/\\\/srokacompany.com\\\/#website\"},\"primaryImageOfPage\":{\"@id\":\"https:\\\/\\\/old.srokacompany.com\\\/de\\\/produkt\\\/festes-paddel-aus-100-kohlenstoff\\\/#primaryimage\"},\"image\":{\"@id\":\"https:\\\/\\\/old.srokacompany.com\\\/de\\\/produkt\\\/festes-paddel-aus-100-kohlenstoff\\\/#primaryimage\"},\"thumbnailUrl\":\"https:\\\/\\\/old.srokacompany.com\\\/wp-content\\\/uploads\\\/2018\\\/01\\\/rande-paddle-1p-scaled-1.jpg\",\"datePublished\":\"2018-01-09T12:43:08+00:00\",\"dateModified\":\"2025-12-08T12:03:25+00:00\",\"description\":\"Dieses Paddel aus 100% Carbon ist eines der besten auf dem Markt. Seine Qualit\u00e4t und sein Preis sind unschlagbar. Das kleine Paddelblatt erm\u00f6glicht das Paddeln in hohen Frequenzen.\",\"breadcrumb\":{\"@id\":\"https:\\\/\\\/old.srokacompany.com\\\/de\\\/produkt\\\/festes-paddel-aus-100-kohlenstoff\\\/#breadcrumb\"},\"inLanguage\":\"de\",\"potentialAction\":[{\"@type\":\"ReadAction\",\"target\":[\"https:\\\/\\\/old.srokacompany.com\\\/de\\\/produkt\\\/festes-paddel-aus-100-kohlenstoff\\\/\"]}]},{\"@type\":\"ImageObject\",\"inLanguage\":\"de\",\"@id\":\"https:\\\/\\\/old.srokacompany.com\\\/de\\\/produkt\\\/festes-paddel-aus-100-kohlenstoff\\\/#primaryimage\",\"url\":\"https:\\\/\\\/old.srokacompany.com\\\/wp-content\\\/uploads\\\/2018\\\/01\\\/rande-paddle-1p-scaled-1.jpg\",\"contentUrl\":\"https:\\\/\\\/old.srokacompany.com\\\/wp-content\\\/uploads\\\/2018\\\/01\\\/rande-paddle-1p-scaled-1.jpg\",\"width\":1920,\"height\":2560},{\"@type\":\"BreadcrumbList\",\"@id\":\"https:\\\/\\\/old.srokacompany.com\\\/de\\\/produkt\\\/festes-paddel-aus-100-kohlenstoff\\\/#breadcrumb\",\"itemListElement\":[{\"@type\":\"ListItem\",\"position\":1,\"name\":\"Accueil\",\"item\":\"https:\\\/\\\/srokacompany.com\\\/de\\\/\"},{\"@type\":\"ListItem\",\"position\":2,\"name\":\"Laden\",\"item\":\"https:\\\/\\\/srokacompany.com\\\/laden\\\/\"},{\"@type\":\"ListItem\",\"position\":3,\"name\":\"Festes Paddel aus 100% Kohlenstoff\"}]},{\"@type\":\"WebSite\",\"@id\":\"https:\\\/\\\/srokacompany.com\\\/#website\",\"url\":\"https:\\\/\\\/srokacompany.com\\\/\",\"name\":\"SROKA Company\",\"description\":\"SUP, Kite, Foil, Wing\",\"publisher\":{\"@id\":\"https:\\\/\\\/srokacompany.com\\\/#organization\"},\"potentialAction\":[{\"@type\":\"SearchAction\",\"target\":{\"@type\":\"EntryPoint\",\"urlTemplate\":\"https:\\\/\\\/srokacompany.com\\\/?s={search_term_string}\"},\"query-input\":{\"@type\":\"PropertyValueSpecification\",\"valueRequired\":true,\"valueName\":\"search_term_string\"}}],\"inLanguage\":\"de\"},{\"@type\":\"Organization\",\"@id\":\"https:\\\/\\\/srokacompany.com\\\/#organization\",\"name\":\"SROKACOMPANY\",\"alternateName\":\"SROKA\",\"url\":\"https:\\\/\\\/srokacompany.com\\\/\",\"logo\":{\"@type\":\"ImageObject\",\"inLanguage\":\"de\",\"@id\":\"https:\\\/\\\/srokacompany.com\\\/#\\\/schema\\\/logo\\\/image\\\/\",\"url\":\"https:\\\/\\\/srokacompany.com\\\/wp-content\\\/uploads\\\/2021\\\/01\\\/logo-sroka-black-transpa.png\",\"contentUrl\":\"https:\\\/\\\/srokacompany.com\\\/wp-content\\\/uploads\\\/2021\\\/01\\\/logo-sroka-black-transpa.png\",\"width\":1201,\"height\":342,\"caption\":\"SROKACOMPANY\"},\"image\":{\"@id\":\"https:\\\/\\\/srokacompany.com\\\/#\\\/schema\\\/logo\\\/image\\\/\"},\"sameAs\":[\"https:\\\/\\\/www.facebook.com\\\/srokawatersports\\\/\",\"https:\\\/\\\/www.instagram.com\\\/srokawatersports\\\/\",\"https:\\\/\\\/www.youtube.com\\\/channel\\\/UCVLHHeaPIm-J5bdEUgxqtZA\"]}]}<\/script>\n<!-- \/ Yoast SEO plugin. -->","yoast_head_json":{"title":"1-teiliges Paddel aus 100% Carbon: leicht, stark und klein","description":"Dieses Paddel aus 100% Carbon ist eines der besten auf dem Markt. Seine Qualit\u00e4t und sein Preis sind unschlagbar. Das kleine Paddelblatt erm\u00f6glicht das Paddeln in hohen Frequenzen.","robots":{"index":"index","follow":"follow","max-snippet":"max-snippet:-1","max-image-preview":"max-image-preview:large","max-video-preview":"max-video-preview:-1"},"canonical":"https:\/\/old.srokacompany.com\/de\/produkt\/festes-paddel-aus-100-kohlenstoff\/","og_locale":"de_DE","og_type":"article","og_title":"1-teiliges Paddel aus 100% Carbon: leicht, stark und klein","og_description":"Dieses Paddel aus 100% Carbon ist eines der besten auf dem Markt. Seine Qualit\u00e4t und sein Preis sind unschlagbar. Das kleine Paddelblatt erm\u00f6glicht das Paddeln in hohen Frequenzen.","og_url":"https:\/\/old.srokacompany.com\/de\/produkt\/festes-paddel-aus-100-kohlenstoff\/","og_site_name":"SROKA Company","article_publisher":"https:\/\/www.facebook.com\/srokawatersports\/","article_modified_time":"2025-12-08T12:03:25+00:00","og_image":[{"width":1920,"height":2560,"url":"https:\/\/srokacompany.com\/wp-content\/uploads\/2018\/01\/rande-paddle-1p-scaled-1.jpg","type":"image\/jpeg"}],"twitter_misc":{"Gesch\u00e4tzte Lesezeit":"1\u00a0Minute"},"schema":{"@context":"https:\/\/schema.org","@graph":[{"@type":"WebPage","@id":"https:\/\/old.srokacompany.com\/de\/produkt\/festes-paddel-aus-100-kohlenstoff\/","url":"https:\/\/old.srokacompany.com\/de\/produkt\/festes-paddel-aus-100-kohlenstoff\/","name":"1-teiliges Paddel aus 100% Carbon: leicht, stark und klein","isPartOf":{"@id":"https:\/\/srokacompany.com\/#website"},"primaryImageOfPage":{"@id":"https:\/\/old.srokacompany.com\/de\/produkt\/festes-paddel-aus-100-kohlenstoff\/#primaryimage"},"image":{"@id":"https:\/\/old.srokacompany.com\/de\/produkt\/festes-paddel-aus-100-kohlenstoff\/#primaryimage"},"thumbnailUrl":"https:\/\/old.srokacompany.com\/wp-content\/uploads\/2018\/01\/rande-paddle-1p-scaled-1.jpg","datePublished":"2018-01-09T12:43:08+00:00","dateModified":"2025-12-08T12:03:25+00:00","description":"Dieses Paddel aus 100% Carbon ist eines der besten auf dem Markt. Seine Qualit\u00e4t und sein Preis sind unschlagbar. Das kleine Paddelblatt erm\u00f6glicht das Paddeln in hohen Frequenzen.","breadcrumb":{"@id":"https:\/\/old.srokacompany.com\/de\/produkt\/festes-paddel-aus-100-kohlenstoff\/#breadcrumb"},"inLanguage":"de","potentialAction":[{"@type":"ReadAction","target":["https:\/\/old.srokacompany.com\/de\/produkt\/festes-paddel-aus-100-kohlenstoff\/"]}]},{"@type":"ImageObject","inLanguage":"de","@id":"https:\/\/old.srokacompany.com\/de\/produkt\/festes-paddel-aus-100-kohlenstoff\/#primaryimage","url":"https:\/\/old.srokacompany.com\/wp-content\/uploads\/2018\/01\/rande-paddle-1p-scaled-1.jpg","contentUrl":"https:\/\/old.srokacompany.com\/wp-content\/uploads\/2018\/01\/rande-paddle-1p-scaled-1.jpg","width":1920,"height":2560},{"@type":"BreadcrumbList","@id":"https:\/\/old.srokacompany.com\/de\/produkt\/festes-paddel-aus-100-kohlenstoff\/#breadcrumb","itemListElement":[{"@type":"ListItem","position":1,"name":"Accueil","item":"https:\/\/srokacompany.com\/de\/"},{"@type":"ListItem","position":2,"name":"Laden","item":"https:\/\/srokacompany.com\/laden\/"},{"@type":"ListItem","position":3,"name":"Festes Paddel aus 100% Kohlenstoff"}]},{"@type":"WebSite","@id":"https:\/\/srokacompany.com\/#website","url":"https:\/\/srokacompany.com\/","name":"SROKA Company","description":"SUP, Kite, Foil, Wing","publisher":{"@id":"https:\/\/srokacompany.com\/#organization"},"potentialAction":[{"@type":"SearchAction","target":{"@type":"EntryPoint","urlTemplate":"https:\/\/srokacompany.com\/?s={search_term_string}"},"query-input":{"@type":"PropertyValueSpecification","valueRequired":true,"valueName":"search_term_string"}}],"inLanguage":"de"},{"@type":"Organization","@id":"https:\/\/srokacompany.com\/#organization","name":"SROKACOMPANY","alternateName":"SROKA","url":"https:\/\/srokacompany.com\/","logo":{"@type":"ImageObject","inLanguage":"de","@id":"https:\/\/srokacompany.com\/#\/schema\/logo\/image\/","url":"https:\/\/srokacompany.com\/wp-content\/uploads\/2021\/01\/logo-sroka-black-transpa.png","contentUrl":"https:\/\/srokacompany.com\/wp-content\/uploads\/2021\/01\/logo-sroka-black-transpa.png","width":1201,"height":342,"caption":"SROKACOMPANY"},"image":{"@id":"https:\/\/srokacompany.com\/#\/schema\/logo\/image\/"},"sameAs":["https:\/\/www.facebook.com\/srokawatersports\/","https:\/\/www.instagram.com\/srokawatersports\/","https:\/\/www.youtube.com\/channel\/UCVLHHeaPIm-J5bdEUgxqtZA"]}]}},"uagb_featured_image_src":{"full":["https:\/\/old.srokacompany.com\/wp-content\/uploads\/2018\/01\/rande-paddle-1p-scaled-1.jpg",1920,2560,false],"thumbnail":["https:\/\/old.srokacompany.com\/wp-content\/uploads\/2018\/01\/rande-paddle-1p-scaled-1-150x150.jpg",150,150,true],"medium":["https:\/\/old.srokacompany.com\/wp-content\/uploads\/2018\/01\/rande-paddle-1p-scaled-1-225x300.jpg",225,300,true],"medium_large":["https:\/\/old.srokacompany.com\/wp-content\/uploads\/2018\/01\/rande-paddle-1p-scaled-1-768x1024.jpg",768,1024,true],"large":["https:\/\/old.srokacompany.com\/wp-content\/uploads\/2018\/01\/rande-paddle-1p-scaled-1-768x1024.jpg",768,1024,true],"1536x1536":["https:\/\/old.srokacompany.com\/wp-content\/uploads\/2018\/01\/rande-paddle-1p-scaled-1-1152x1536.jpg",1152,1536,true],"2048x2048":["https:\/\/old.srokacompany.com\/wp-content\/uploads\/2018\/01\/rande-paddle-1p-scaled-1-1536x2048.jpg",1536,2048,true],"woocommerce_thumbnail":["https:\/\/old.srokacompany.com\/wp-content\/uploads\/2018\/01\/rande-paddle-1p-scaled-1-600x800.jpg",600,800,true],"woocommerce_single":["https:\/\/old.srokacompany.com\/wp-content\/uploads\/2018\/01\/rande-paddle-1p-scaled-1-600x800.jpg",600,800,true],"woocommerce_gallery_thumbnail":["https:\/\/old.srokacompany.com\/wp-content\/uploads\/2018\/01\/rande-paddle-1p-scaled-1-100x100.jpg",100,100,true],"dgwt-wcas-product-suggestion":["https:\/\/old.srokacompany.com\/wp-content\/uploads\/2018\/01\/rande-paddle-1p-scaled-1.jpg",64,85,false]},"uagb_author_info":{"display_name":"Bruno Sroka","author_link":"https:\/\/old.srokacompany.com\/de\/blog\/author\/"},"uagb_comment_info":0,"uagb_excerpt":"Eines der leichtesten, st\u00e4rksten und leistungsf\u00e4higsten Paddel aus 100% Carbon auf dem Markt mit dem besten Preis-Leistungs-Verh\u00e4ltnis.","jetpack_sharing_enabled":true,"_links":{"self":[{"href":"https:\/\/old.srokacompany.com\/de\/wp-json\/wp\/v2\/product\/346313","targetHints":{"allow":["GET"]}}],"collection":[{"href":"https:\/\/old.srokacompany.com\/de\/wp-json\/wp\/v2\/product"}],"about":[{"href":"https:\/\/old.srokacompany.com\/de\/wp-json\/wp\/v2\/types\/product"}],"wp:featuredmedia":[{"embeddable":true,"href":"https:\/\/old.srokacompany.com\/de\/wp-json\/wp\/v2\/media\/346315"}],"wp:attachment":[{"href":"https:\/\/old.srokacompany.com\/de\/wp-json\/wp\/v2\/media?parent=346313"}],"wp:term":[{"taxonomy":"product_brand","embeddable":true,"href":"https:\/\/old.srokacompany.com\/de\/wp-json\/wp\/v2\/product_brand?post=346313"},{"taxonomy":"product_cat","embeddable":true,"href":"https:\/\/old.srokacompany.com\/de\/wp-json\/wp\/v2\/product_cat?post=346313"},{"taxonomy":"product_tag","embeddable":true,"href":"https:\/\/old.srokacompany.com\/de\/wp-json\/wp\/v2\/product_tag?post=346313"}],"curies":[{"name":"wp","href":"https:\/\/api.w.org\/{rel}","templated":true}]}}