{"id":346607,"date":"2018-01-10T20:20:14","date_gmt":"2018-01-10T20:20:14","guid":{"rendered":"https:\/\/srokacompany.com\/produit\/aufblasbares-windsup-106x32x6-fusion\/"},"modified":"2025-10-31T19:15:18","modified_gmt":"2025-10-31T17:15:18","slug":"aufblasbares-windsup-106x32x6-fusion","status":"publish","type":"product","link":"https:\/\/old.srokacompany.com\/de\/produkt\/aufblasbares-windsup-106x32x6-fusion\/","title":{"rendered":"Aufblasbares Windsup 10&#8217;6x32x6 &#8211; Fusion"},"content":{"rendered":"<hr>\n<h2><strong>AUFBLASBARER WINDSUP = MAXIMALE VIELSEITIGKEIT<\/strong><\/h2>\n<p>Das aufblasbare WindSUP Malibu 10&#8217;6 ist ein aufblasbares Stand-Up-Paddle-Board, das man in ein Windsurfbrett oder ein Kajak verwandeln kann! Ein 3-in-1-Board, was will man mehr?<br \/>\nBei diesem aufblasbaren Windsup 10&#8217;6 Fusion haben wir die gleiche Benutzerfreundlichkeit und Stabilit\u00e4t wie beim Malibu 10&#8217;6 Fusion beibehalten. Wir haben noch mehr Befestigungspunkte f\u00fcr einen Sitz und einen Mastfu\u00df f\u00fcr ein Segel hinzugef\u00fcgt. Am Rumpf sind zwei US-Schienen angebracht. Eine befindet sich am Heck, um die Heckflosse zu befestigen, w\u00e4hrend die zweite Schiene in der Mitte des Boards angebracht ist, um ein zentrales Schwert zu montieren und besser in den Wind zu kommen.<br \/>\nUm dieses Board als SUP zu verwenden, m\u00fcssen Sie nur die zentrale Finne entfernen und Ihr Board funktioniert wie ein normales Paddle. Dieses Windsup wird mit integriertem Mastfu\u00df geliefert (wird ohne Segel geliefert), so dass Sie jedes beliebige Board-Rigg einfach installieren k\u00f6nnen.<br \/>\nDie gepr\u00e4gten Eva-Pads sind sehr bequem unter den F\u00fc\u00dfen und bieten einen sehr guten Grip bei allen Man\u00f6vern. Sein atypischer Look und die Qualit\u00e4t der Verarbeitung werden Sie nicht gleichg\u00fcltig lassen. Sein Decksnetz erm\u00f6glicht es Ihnen, eine kleine Transporttasche am Vorderteil zu befestigen. Das SROKA-Team stellt Ihnen au\u00dferdem eine Tragetasche zur Verf\u00fcgung, in der Sie die luftleere SUP optimal verstauen k\u00f6nnen. Die Qualit\u00e4t der Tasche und ihr Komfort lassen Sie vergessen, dass Sie ein Paddle transportieren.        <\/p>\n<h3><a href=\"https:\/\/srokacompany.com\/de\/warum-sroka-boards\/\" target=\"_blank\" rel=\"noopener noreferrer\">Warum Sie sich f\u00fcr SROKA-Produkte entscheiden sollten<\/a><\/h3>\n","protected":false},"excerpt":{"rendered":"<p>Das aufblasbare WindSUP Malibu 10&#8217;6 ist ein aufblasbares Stand-Up-Paddle-Board, das man in ein Windsurfbrett oder ein Kajak verwandeln kann! Ein 3-in-1-Board, was will man mehr? <\/p>\n","protected":false},"featured_media":346626,"template":"","meta":{"_acf_changed":false,"_uag_custom_page_level_css":""},"product_brand":[],"product_cat":[3620,3896,3621,3582],"product_tag":[3441,3443,3442],"class_list":{"0":"post-346607","1":"product","2":"type-product","3":"status-publish","4":"has-post-thumbnail","6":"product_cat-aufblasbare-paddel","7":"product_cat-brett-von-sup","8":"product_cat-pack-aufblasbares-paddle","9":"product_cat-promos-de","10":"product_tag-anfanger","11":"product_tag-fortgeschrittene","12":"product_tag-schlau","13":"product_shipping_class-sup-einheit","15":"first","16":"outofstock","17":"sale","18":"taxable","19":"shipping-taxable","20":"purchasable","21":"product-type-variable"},"acf":[],"yoast_head":"<!-- This site is optimized with the Yoast SEO plugin v27.4 - https:\/\/yoast.com\/product\/yoast-seo-wordpress\/ -->\n<title>Aufblasbares Windsup 10&#039;6 Fusion -SROKA Company - Watersports<\/title>\n<meta name=\"description\" content=\"Das aufblasbare Windsup SROKA 10&#039;6 Fusion ist das vielseitige Produkt von SROKA. Ob Windsup, Stand up paddle oder Kajak, dieses aufblasbare Sup macht alles mit.\" \/>\n<meta name=\"robots\" content=\"index, follow, max-snippet:-1, max-image-preview:large, max-video-preview:-1\" \/>\n<link rel=\"canonical\" href=\"https:\/\/old.srokacompany.com\/de\/produkt\/aufblasbares-windsup-106x32x6-fusion\/\" \/>\n<meta property=\"og:locale\" content=\"de_DE\" \/>\n<meta property=\"og:type\" content=\"article\" \/>\n<meta property=\"og:title\" content=\"Aufblasbares Windsup 10&#039;6 Fusion -SROKA Company - Watersports\" \/>\n<meta property=\"og:description\" content=\"Das aufblasbare Windsup SROKA 10&#039;6 Fusion ist das vielseitige Produkt von SROKA. Ob Windsup, Stand up paddle oder Kajak, dieses aufblasbare Sup macht alles mit.\" \/>\n<meta property=\"og:url\" content=\"https:\/\/old.srokacompany.com\/de\/produkt\/aufblasbares-windsup-106x32x6-fusion\/\" \/>\n<meta property=\"og:site_name\" content=\"SROKA Company\" \/>\n<meta property=\"article:publisher\" content=\"https:\/\/www.facebook.com\/srokawatersports\/\" \/>\n<meta property=\"article:modified_time\" content=\"2025-10-31T17:15:18+00:00\" \/>\n<meta property=\"og:image\" content=\"https:\/\/srokacompany.com\/wp-content\/uploads\/2018\/01\/imageproduit-windsup.png\" \/>\n\t<meta property=\"og:image:width\" content=\"780\" \/>\n\t<meta property=\"og:image:height\" content=\"1040\" \/>\n\t<meta property=\"og:image:type\" content=\"image\/png\" \/>\n<meta name=\"twitter:label1\" content=\"Gesch\u00e4tzte Lesezeit\" \/>\n\t<meta name=\"twitter:data1\" content=\"1\u00a0Minute\" \/>\n<script type=\"application\/ld+json\" class=\"yoast-schema-graph\">{\"@context\":\"https:\\\/\\\/schema.org\",\"@graph\":[{\"@type\":\"WebPage\",\"@id\":\"https:\\\/\\\/old.srokacompany.com\\\/de\\\/produkt\\\/aufblasbares-windsup-106x32x6-fusion\\\/\",\"url\":\"https:\\\/\\\/old.srokacompany.com\\\/de\\\/produkt\\\/aufblasbares-windsup-106x32x6-fusion\\\/\",\"name\":\"Aufblasbares Windsup 10'6 Fusion -SROKA Company - Watersports\",\"isPartOf\":{\"@id\":\"https:\\\/\\\/srokacompany.com\\\/#website\"},\"primaryImageOfPage\":{\"@id\":\"https:\\\/\\\/old.srokacompany.com\\\/de\\\/produkt\\\/aufblasbares-windsup-106x32x6-fusion\\\/#primaryimage\"},\"image\":{\"@id\":\"https:\\\/\\\/old.srokacompany.com\\\/de\\\/produkt\\\/aufblasbares-windsup-106x32x6-fusion\\\/#primaryimage\"},\"thumbnailUrl\":\"https:\\\/\\\/old.srokacompany.com\\\/wp-content\\\/uploads\\\/2018\\\/01\\\/imageproduit-windsup.png\",\"datePublished\":\"2018-01-10T20:20:14+00:00\",\"dateModified\":\"2025-10-31T17:15:18+00:00\",\"description\":\"Das aufblasbare Windsup SROKA 10'6 Fusion ist das vielseitige Produkt von SROKA. Ob Windsup, Stand up paddle oder Kajak, dieses aufblasbare Sup macht alles mit.\",\"breadcrumb\":{\"@id\":\"https:\\\/\\\/old.srokacompany.com\\\/de\\\/produkt\\\/aufblasbares-windsup-106x32x6-fusion\\\/#breadcrumb\"},\"inLanguage\":\"de\",\"potentialAction\":[{\"@type\":\"ReadAction\",\"target\":[\"https:\\\/\\\/old.srokacompany.com\\\/de\\\/produkt\\\/aufblasbares-windsup-106x32x6-fusion\\\/\"]}]},{\"@type\":\"ImageObject\",\"inLanguage\":\"de\",\"@id\":\"https:\\\/\\\/old.srokacompany.com\\\/de\\\/produkt\\\/aufblasbares-windsup-106x32x6-fusion\\\/#primaryimage\",\"url\":\"https:\\\/\\\/old.srokacompany.com\\\/wp-content\\\/uploads\\\/2018\\\/01\\\/imageproduit-windsup.png\",\"contentUrl\":\"https:\\\/\\\/old.srokacompany.com\\\/wp-content\\\/uploads\\\/2018\\\/01\\\/imageproduit-windsup.png\",\"width\":780,\"height\":1040,\"caption\":\"paddleboard, das in ein windsurfbrett umgewandelt werden kann windsup sroka\"},{\"@type\":\"BreadcrumbList\",\"@id\":\"https:\\\/\\\/old.srokacompany.com\\\/de\\\/produkt\\\/aufblasbares-windsup-106x32x6-fusion\\\/#breadcrumb\",\"itemListElement\":[{\"@type\":\"ListItem\",\"position\":1,\"name\":\"Accueil\",\"item\":\"https:\\\/\\\/srokacompany.com\\\/de\\\/\"},{\"@type\":\"ListItem\",\"position\":2,\"name\":\"Laden\",\"item\":\"https:\\\/\\\/srokacompany.com\\\/laden\\\/\"},{\"@type\":\"ListItem\",\"position\":3,\"name\":\"Aufblasbares Windsup 10&rsquo;6x32x6 &#8211; Fusion\"}]},{\"@type\":\"WebSite\",\"@id\":\"https:\\\/\\\/srokacompany.com\\\/#website\",\"url\":\"https:\\\/\\\/srokacompany.com\\\/\",\"name\":\"SROKA Company\",\"description\":\"SUP, Kite, Foil, Wing\",\"publisher\":{\"@id\":\"https:\\\/\\\/srokacompany.com\\\/#organization\"},\"potentialAction\":[{\"@type\":\"SearchAction\",\"target\":{\"@type\":\"EntryPoint\",\"urlTemplate\":\"https:\\\/\\\/srokacompany.com\\\/?s={search_term_string}\"},\"query-input\":{\"@type\":\"PropertyValueSpecification\",\"valueRequired\":true,\"valueName\":\"search_term_string\"}}],\"inLanguage\":\"de\"},{\"@type\":\"Organization\",\"@id\":\"https:\\\/\\\/srokacompany.com\\\/#organization\",\"name\":\"SROKACOMPANY\",\"alternateName\":\"SROKA\",\"url\":\"https:\\\/\\\/srokacompany.com\\\/\",\"logo\":{\"@type\":\"ImageObject\",\"inLanguage\":\"de\",\"@id\":\"https:\\\/\\\/srokacompany.com\\\/#\\\/schema\\\/logo\\\/image\\\/\",\"url\":\"https:\\\/\\\/srokacompany.com\\\/wp-content\\\/uploads\\\/2021\\\/01\\\/logo-sroka-black-transpa.png\",\"contentUrl\":\"https:\\\/\\\/srokacompany.com\\\/wp-content\\\/uploads\\\/2021\\\/01\\\/logo-sroka-black-transpa.png\",\"width\":1201,\"height\":342,\"caption\":\"SROKACOMPANY\"},\"image\":{\"@id\":\"https:\\\/\\\/srokacompany.com\\\/#\\\/schema\\\/logo\\\/image\\\/\"},\"sameAs\":[\"https:\\\/\\\/www.facebook.com\\\/srokawatersports\\\/\",\"https:\\\/\\\/www.instagram.com\\\/srokawatersports\\\/\",\"https:\\\/\\\/www.youtube.com\\\/channel\\\/UCVLHHeaPIm-J5bdEUgxqtZA\"]}]}<\/script>\n<!-- \/ Yoast SEO plugin. -->","yoast_head_json":{"title":"Aufblasbares Windsup 10'6 Fusion -SROKA Company - Watersports","description":"Das aufblasbare Windsup SROKA 10'6 Fusion ist das vielseitige Produkt von SROKA. Ob Windsup, Stand up paddle oder Kajak, dieses aufblasbare Sup macht alles mit.","robots":{"index":"index","follow":"follow","max-snippet":"max-snippet:-1","max-image-preview":"max-image-preview:large","max-video-preview":"max-video-preview:-1"},"canonical":"https:\/\/old.srokacompany.com\/de\/produkt\/aufblasbares-windsup-106x32x6-fusion\/","og_locale":"de_DE","og_type":"article","og_title":"Aufblasbares Windsup 10'6 Fusion -SROKA Company - Watersports","og_description":"Das aufblasbare Windsup SROKA 10'6 Fusion ist das vielseitige Produkt von SROKA. Ob Windsup, Stand up paddle oder Kajak, dieses aufblasbare Sup macht alles mit.","og_url":"https:\/\/old.srokacompany.com\/de\/produkt\/aufblasbares-windsup-106x32x6-fusion\/","og_site_name":"SROKA Company","article_publisher":"https:\/\/www.facebook.com\/srokawatersports\/","article_modified_time":"2025-10-31T17:15:18+00:00","og_image":[{"width":780,"height":1040,"url":"https:\/\/srokacompany.com\/wp-content\/uploads\/2018\/01\/imageproduit-windsup.png","type":"image\/png"}],"twitter_misc":{"Gesch\u00e4tzte Lesezeit":"1\u00a0Minute"},"schema":{"@context":"https:\/\/schema.org","@graph":[{"@type":"WebPage","@id":"https:\/\/old.srokacompany.com\/de\/produkt\/aufblasbares-windsup-106x32x6-fusion\/","url":"https:\/\/old.srokacompany.com\/de\/produkt\/aufblasbares-windsup-106x32x6-fusion\/","name":"Aufblasbares Windsup 10'6 Fusion -SROKA Company - Watersports","isPartOf":{"@id":"https:\/\/srokacompany.com\/#website"},"primaryImageOfPage":{"@id":"https:\/\/old.srokacompany.com\/de\/produkt\/aufblasbares-windsup-106x32x6-fusion\/#primaryimage"},"image":{"@id":"https:\/\/old.srokacompany.com\/de\/produkt\/aufblasbares-windsup-106x32x6-fusion\/#primaryimage"},"thumbnailUrl":"https:\/\/old.srokacompany.com\/wp-content\/uploads\/2018\/01\/imageproduit-windsup.png","datePublished":"2018-01-10T20:20:14+00:00","dateModified":"2025-10-31T17:15:18+00:00","description":"Das aufblasbare Windsup SROKA 10'6 Fusion ist das vielseitige Produkt von SROKA. Ob Windsup, Stand up paddle oder Kajak, dieses aufblasbare Sup macht alles mit.","breadcrumb":{"@id":"https:\/\/old.srokacompany.com\/de\/produkt\/aufblasbares-windsup-106x32x6-fusion\/#breadcrumb"},"inLanguage":"de","potentialAction":[{"@type":"ReadAction","target":["https:\/\/old.srokacompany.com\/de\/produkt\/aufblasbares-windsup-106x32x6-fusion\/"]}]},{"@type":"ImageObject","inLanguage":"de","@id":"https:\/\/old.srokacompany.com\/de\/produkt\/aufblasbares-windsup-106x32x6-fusion\/#primaryimage","url":"https:\/\/old.srokacompany.com\/wp-content\/uploads\/2018\/01\/imageproduit-windsup.png","contentUrl":"https:\/\/old.srokacompany.com\/wp-content\/uploads\/2018\/01\/imageproduit-windsup.png","width":780,"height":1040,"caption":"paddleboard, das in ein windsurfbrett umgewandelt werden kann windsup sroka"},{"@type":"BreadcrumbList","@id":"https:\/\/old.srokacompany.com\/de\/produkt\/aufblasbares-windsup-106x32x6-fusion\/#breadcrumb","itemListElement":[{"@type":"ListItem","position":1,"name":"Accueil","item":"https:\/\/srokacompany.com\/de\/"},{"@type":"ListItem","position":2,"name":"Laden","item":"https:\/\/srokacompany.com\/laden\/"},{"@type":"ListItem","position":3,"name":"Aufblasbares Windsup 10&rsquo;6x32x6 &#8211; Fusion"}]},{"@type":"WebSite","@id":"https:\/\/srokacompany.com\/#website","url":"https:\/\/srokacompany.com\/","name":"SROKA Company","description":"SUP, Kite, Foil, Wing","publisher":{"@id":"https:\/\/srokacompany.com\/#organization"},"potentialAction":[{"@type":"SearchAction","target":{"@type":"EntryPoint","urlTemplate":"https:\/\/srokacompany.com\/?s={search_term_string}"},"query-input":{"@type":"PropertyValueSpecification","valueRequired":true,"valueName":"search_term_string"}}],"inLanguage":"de"},{"@type":"Organization","@id":"https:\/\/srokacompany.com\/#organization","name":"SROKACOMPANY","alternateName":"SROKA","url":"https:\/\/srokacompany.com\/","logo":{"@type":"ImageObject","inLanguage":"de","@id":"https:\/\/srokacompany.com\/#\/schema\/logo\/image\/","url":"https:\/\/srokacompany.com\/wp-content\/uploads\/2021\/01\/logo-sroka-black-transpa.png","contentUrl":"https:\/\/srokacompany.com\/wp-content\/uploads\/2021\/01\/logo-sroka-black-transpa.png","width":1201,"height":342,"caption":"SROKACOMPANY"},"image":{"@id":"https:\/\/srokacompany.com\/#\/schema\/logo\/image\/"},"sameAs":["https:\/\/www.facebook.com\/srokawatersports\/","https:\/\/www.instagram.com\/srokawatersports\/","https:\/\/www.youtube.com\/channel\/UCVLHHeaPIm-J5bdEUgxqtZA"]}]}},"uagb_featured_image_src":{"full":["https:\/\/old.srokacompany.com\/wp-content\/uploads\/2018\/01\/imageproduit-windsup.png",780,1040,false],"thumbnail":["https:\/\/old.srokacompany.com\/wp-content\/uploads\/2018\/01\/imageproduit-windsup-150x150.png",150,150,true],"medium":["https:\/\/old.srokacompany.com\/wp-content\/uploads\/2018\/01\/imageproduit-windsup-225x300.png",225,300,true],"medium_large":["https:\/\/old.srokacompany.com\/wp-content\/uploads\/2018\/01\/imageproduit-windsup-768x1024.png",768,1024,true],"large":["https:\/\/old.srokacompany.com\/wp-content\/uploads\/2018\/01\/imageproduit-windsup-768x1024.png",768,1024,true],"1536x1536":["https:\/\/old.srokacompany.com\/wp-content\/uploads\/2018\/01\/imageproduit-windsup.png",780,1040,false],"2048x2048":["https:\/\/old.srokacompany.com\/wp-content\/uploads\/2018\/01\/imageproduit-windsup.png",780,1040,false],"woocommerce_thumbnail":["https:\/\/old.srokacompany.com\/wp-content\/uploads\/2018\/01\/imageproduit-windsup-600x800.png",600,800,true],"woocommerce_single":["https:\/\/old.srokacompany.com\/wp-content\/uploads\/2018\/01\/imageproduit-windsup-600x800.png",600,800,true],"woocommerce_gallery_thumbnail":["https:\/\/old.srokacompany.com\/wp-content\/uploads\/2018\/01\/imageproduit-windsup-100x100.png",100,100,true],"dgwt-wcas-product-suggestion":["https:\/\/old.srokacompany.com\/wp-content\/uploads\/2018\/01\/imageproduit-windsup.png",64,85,false]},"uagb_author_info":{"display_name":"Bruno Sroka","author_link":"https:\/\/old.srokacompany.com\/de\/blog\/author\/"},"uagb_comment_info":0,"uagb_excerpt":"Das aufblasbare WindSUP Malibu 10'6 ist ein aufblasbares Stand-Up-Paddle-Board, das man in ein Windsurfbrett oder ein Kajak verwandeln kann! Ein 3-in-1-Board, was will man mehr?","jetpack_sharing_enabled":true,"_links":{"self":[{"href":"https:\/\/old.srokacompany.com\/de\/wp-json\/wp\/v2\/product\/346607","targetHints":{"allow":["GET"]}}],"collection":[{"href":"https:\/\/old.srokacompany.com\/de\/wp-json\/wp\/v2\/product"}],"about":[{"href":"https:\/\/old.srokacompany.com\/de\/wp-json\/wp\/v2\/types\/product"}],"wp:featuredmedia":[{"embeddable":true,"href":"https:\/\/old.srokacompany.com\/de\/wp-json\/wp\/v2\/media\/346626"}],"wp:attachment":[{"href":"https:\/\/old.srokacompany.com\/de\/wp-json\/wp\/v2\/media?parent=346607"}],"wp:term":[{"taxonomy":"product_brand","embeddable":true,"href":"https:\/\/old.srokacompany.com\/de\/wp-json\/wp\/v2\/product_brand?post=346607"},{"taxonomy":"product_cat","embeddable":true,"href":"https:\/\/old.srokacompany.com\/de\/wp-json\/wp\/v2\/product_cat?post=346607"},{"taxonomy":"product_tag","embeddable":true,"href":"https:\/\/old.srokacompany.com\/de\/wp-json\/wp\/v2\/product_tag?post=346607"}],"curies":[{"name":"wp","href":"https:\/\/api.w.org\/{rel}","templated":true}]}}