{"id":347568,"date":"2017-04-24T07:26:27","date_gmt":"2017-04-24T07:26:27","guid":{"rendered":"https:\/\/srokacompany.com\/produit\/aufblasbares-paddel-malibu-fusion\/"},"modified":"2026-02-19T16:58:23","modified_gmt":"2026-02-19T14:58:23","slug":"aufblasbares-paddel-malibu-fusion","status":"publish","type":"product","link":"https:\/\/old.srokacompany.com\/de\/produkt\/aufblasbares-paddel-malibu-fusion\/","title":{"rendered":"Aufblasbares Paddel Malibu Fusion"},"content":{"rendered":"<hr>\n<h2><strong>Gehen Sie mit der ganzen Familie aufs Wasser mit dem Malibu 10&#8242; und 10&#8217;6<\/strong><\/h2>\n<p><span style=\"font-weight: 400;\">Der <\/span><a href=\"https:\/\/srokacompany.com\/de\/produkt\/stand-up-paddle-duo\/\"><span style=\"font-weight: 400;\">SUP aufblasbar<\/span><\/a><span style=\"font-weight: 400;\">  Malibu 10&#8217;6 Fusion ist perfekt geeignet f\u00fcr Anf\u00e4nger, Einsteiger und Familienausfl\u00fcge. Wenn Sie ein superleichtes, vielseitiges Board f\u00fcr alle Zwecke der Familie suchen, ist das Malibu 10&#8217;6 genau das Richtige f\u00fcr Sie. Dieses Modell des aufblasbaren SUP ist nicht umsonst unser Bestseller.    <\/span><span style=\"font-weight: 400;\">Sein Ruf beruht auf seiner Stabilit\u00e4t, Festigkeit, Langlebigkeit und Vielseitigkeit.  <\/span><\/p>\n<p><span style=\"font-weight: 400;\">Sein kleiner Bruder, der Malibu 10&#8242;, ist schmaler, k\u00fcrzer und schlanker und bietet die gleichen Vorteile f\u00fcr kleinere K\u00f6rpergr\u00f6\u00dfen. Diese Modelle wurden f\u00fcr all diejenigen entwickelt, die einen einzigartigen und vielseitigen SUP suchen. <\/span><span style=\"font-weight: 400;\"> <\/span><\/p>\n<p>PS: Die 10&#8242; ist blau und die 10&#8217;6 ist orange.<\/p>\n<p><a href=\"https:\/\/srokacompany.com\/de\/warum-sroka-boards\/\"><span style=\"font-weight: 400;\">Warum Sie sich f\u00fcr SROKA-Produkte entscheiden sollten<\/span><\/a><\/p>\n","protected":false},"excerpt":{"rendered":"<p>Standardpaket aufblasbares SUP Malibu Fusion 10&#8242; und 10&#8217;6. 10&#8242;: 30% Surfen, 70% Wandern; 10&#8217;6: 100% Wandern. <\/p>\n","protected":false},"featured_media":347572,"template":"","meta":{"_acf_changed":false,"_uag_custom_page_level_css":""},"product_brand":[],"product_cat":[3620,3896,3621,4258],"product_tag":[3441,3442],"class_list":{"0":"post-347568","1":"product","2":"type-product","3":"status-publish","4":"has-post-thumbnail","6":"product_cat-aufblasbare-paddel","7":"product_cat-brett-von-sup","8":"product_cat-pack-aufblasbares-paddle","9":"product_cat-schwarzer-freitag","10":"product_tag-anfanger","11":"product_tag-schlau","13":"first","14":"instock","15":"sale","16":"taxable","17":"shipping-taxable","18":"purchasable","19":"product-type-variable","20":"has-default-attributes"},"acf":[],"yoast_head":"<!-- This site is optimized with the Yoast SEO plugin v27.4 - https:\/\/yoast.com\/product\/yoast-seo-wordpress\/ -->\n<title>Aufblasbares Premium-Paddle - Malibu-Kollektion - SROKA Company<\/title>\n<meta name=\"description\" content=\"SUP aufblasbares 10&#039;6 Malibu Fusion. Hochwertiges Stand up Paddle f\u00fcr die ganze Familie. Beste Qualit\u00e4t zum besten Preis von Sroka.\" \/>\n<meta name=\"robots\" content=\"index, follow, max-snippet:-1, max-image-preview:large, max-video-preview:-1\" \/>\n<link rel=\"canonical\" href=\"https:\/\/old.srokacompany.com\/de\/produkt\/aufblasbares-paddel-malibu-fusion\/\" \/>\n<meta property=\"og:locale\" content=\"de_DE\" \/>\n<meta property=\"og:type\" content=\"article\" \/>\n<meta property=\"og:title\" content=\"Aufblasbares Premium-Paddle - Malibu-Kollektion - SROKA Company\" \/>\n<meta property=\"og:description\" content=\"SUP aufblasbares 10&#039;6 Malibu Fusion. Hochwertiges Stand up Paddle f\u00fcr die ganze Familie. Beste Qualit\u00e4t zum besten Preis von Sroka.\" \/>\n<meta property=\"og:url\" content=\"https:\/\/old.srokacompany.com\/de\/produkt\/aufblasbares-paddel-malibu-fusion\/\" \/>\n<meta property=\"og:site_name\" content=\"SROKA Company\" \/>\n<meta property=\"article:publisher\" content=\"https:\/\/www.facebook.com\/srokawatersports\/\" \/>\n<meta property=\"article:modified_time\" content=\"2026-02-19T14:58:23+00:00\" \/>\n<meta property=\"og:image\" content=\"https:\/\/srokacompany.com\/wp-content\/uploads\/2017\/04\/imageproduit-malibu.png\" \/>\n\t<meta property=\"og:image:width\" content=\"780\" \/>\n\t<meta property=\"og:image:height\" content=\"1040\" \/>\n\t<meta property=\"og:image:type\" content=\"image\/png\" \/>\n<meta name=\"twitter:label1\" content=\"Gesch\u00e4tzte Lesezeit\" \/>\n\t<meta name=\"twitter:data1\" content=\"1\u00a0Minute\" \/>\n<script type=\"application\/ld+json\" class=\"yoast-schema-graph\">{\"@context\":\"https:\\\/\\\/schema.org\",\"@graph\":[{\"@type\":\"WebPage\",\"@id\":\"https:\\\/\\\/old.srokacompany.com\\\/de\\\/produkt\\\/aufblasbares-paddel-malibu-fusion\\\/\",\"url\":\"https:\\\/\\\/old.srokacompany.com\\\/de\\\/produkt\\\/aufblasbares-paddel-malibu-fusion\\\/\",\"name\":\"Aufblasbares Premium-Paddle - Malibu-Kollektion - SROKA Company\",\"isPartOf\":{\"@id\":\"https:\\\/\\\/srokacompany.com\\\/#website\"},\"primaryImageOfPage\":{\"@id\":\"https:\\\/\\\/old.srokacompany.com\\\/de\\\/produkt\\\/aufblasbares-paddel-malibu-fusion\\\/#primaryimage\"},\"image\":{\"@id\":\"https:\\\/\\\/old.srokacompany.com\\\/de\\\/produkt\\\/aufblasbares-paddel-malibu-fusion\\\/#primaryimage\"},\"thumbnailUrl\":\"https:\\\/\\\/old.srokacompany.com\\\/wp-content\\\/uploads\\\/2017\\\/04\\\/imageproduit-malibu.png\",\"datePublished\":\"2017-04-24T07:26:27+00:00\",\"dateModified\":\"2026-02-19T14:58:23+00:00\",\"description\":\"SUP aufblasbares 10'6 Malibu Fusion. Hochwertiges Stand up Paddle f\u00fcr die ganze Familie. Beste Qualit\u00e4t zum besten Preis von Sroka.\",\"breadcrumb\":{\"@id\":\"https:\\\/\\\/old.srokacompany.com\\\/de\\\/produkt\\\/aufblasbares-paddel-malibu-fusion\\\/#breadcrumb\"},\"inLanguage\":\"de\",\"potentialAction\":[{\"@type\":\"ReadAction\",\"target\":[\"https:\\\/\\\/old.srokacompany.com\\\/de\\\/produkt\\\/aufblasbares-paddel-malibu-fusion\\\/\"]}]},{\"@type\":\"ImageObject\",\"inLanguage\":\"de\",\"@id\":\"https:\\\/\\\/old.srokacompany.com\\\/de\\\/produkt\\\/aufblasbares-paddel-malibu-fusion\\\/#primaryimage\",\"url\":\"https:\\\/\\\/old.srokacompany.com\\\/wp-content\\\/uploads\\\/2017\\\/04\\\/imageproduit-malibu.png\",\"contentUrl\":\"https:\\\/\\\/old.srokacompany.com\\\/wp-content\\\/uploads\\\/2017\\\/04\\\/imageproduit-malibu.png\",\"width\":780,\"height\":1040,\"caption\":\"aufblasbares sroka-Paddel f\u00fcr die ganze Familie\"},{\"@type\":\"BreadcrumbList\",\"@id\":\"https:\\\/\\\/old.srokacompany.com\\\/de\\\/produkt\\\/aufblasbares-paddel-malibu-fusion\\\/#breadcrumb\",\"itemListElement\":[{\"@type\":\"ListItem\",\"position\":1,\"name\":\"Accueil\",\"item\":\"https:\\\/\\\/srokacompany.com\\\/de\\\/\"},{\"@type\":\"ListItem\",\"position\":2,\"name\":\"Laden\",\"item\":\"https:\\\/\\\/srokacompany.com\\\/laden\\\/\"},{\"@type\":\"ListItem\",\"position\":3,\"name\":\"Aufblasbares Paddel Malibu Fusion\"}]},{\"@type\":\"WebSite\",\"@id\":\"https:\\\/\\\/srokacompany.com\\\/#website\",\"url\":\"https:\\\/\\\/srokacompany.com\\\/\",\"name\":\"SROKA Company\",\"description\":\"SUP, Kite, Foil, Wing\",\"publisher\":{\"@id\":\"https:\\\/\\\/srokacompany.com\\\/#organization\"},\"potentialAction\":[{\"@type\":\"SearchAction\",\"target\":{\"@type\":\"EntryPoint\",\"urlTemplate\":\"https:\\\/\\\/srokacompany.com\\\/?s={search_term_string}\"},\"query-input\":{\"@type\":\"PropertyValueSpecification\",\"valueRequired\":true,\"valueName\":\"search_term_string\"}}],\"inLanguage\":\"de\"},{\"@type\":\"Organization\",\"@id\":\"https:\\\/\\\/srokacompany.com\\\/#organization\",\"name\":\"SROKACOMPANY\",\"alternateName\":\"SROKA\",\"url\":\"https:\\\/\\\/srokacompany.com\\\/\",\"logo\":{\"@type\":\"ImageObject\",\"inLanguage\":\"de\",\"@id\":\"https:\\\/\\\/srokacompany.com\\\/#\\\/schema\\\/logo\\\/image\\\/\",\"url\":\"https:\\\/\\\/srokacompany.com\\\/wp-content\\\/uploads\\\/2021\\\/01\\\/logo-sroka-black-transpa.png\",\"contentUrl\":\"https:\\\/\\\/srokacompany.com\\\/wp-content\\\/uploads\\\/2021\\\/01\\\/logo-sroka-black-transpa.png\",\"width\":1201,\"height\":342,\"caption\":\"SROKACOMPANY\"},\"image\":{\"@id\":\"https:\\\/\\\/srokacompany.com\\\/#\\\/schema\\\/logo\\\/image\\\/\"},\"sameAs\":[\"https:\\\/\\\/www.facebook.com\\\/srokawatersports\\\/\",\"https:\\\/\\\/www.instagram.com\\\/srokawatersports\\\/\",\"https:\\\/\\\/www.youtube.com\\\/channel\\\/UCVLHHeaPIm-J5bdEUgxqtZA\"]}]}<\/script>\n<!-- \/ Yoast SEO plugin. -->","yoast_head_json":{"title":"Aufblasbares Premium-Paddle - Malibu-Kollektion - SROKA Company","description":"SUP aufblasbares 10'6 Malibu Fusion. Hochwertiges Stand up Paddle f\u00fcr die ganze Familie. Beste Qualit\u00e4t zum besten Preis von Sroka.","robots":{"index":"index","follow":"follow","max-snippet":"max-snippet:-1","max-image-preview":"max-image-preview:large","max-video-preview":"max-video-preview:-1"},"canonical":"https:\/\/old.srokacompany.com\/de\/produkt\/aufblasbares-paddel-malibu-fusion\/","og_locale":"de_DE","og_type":"article","og_title":"Aufblasbares Premium-Paddle - Malibu-Kollektion - SROKA Company","og_description":"SUP aufblasbares 10'6 Malibu Fusion. Hochwertiges Stand up Paddle f\u00fcr die ganze Familie. Beste Qualit\u00e4t zum besten Preis von Sroka.","og_url":"https:\/\/old.srokacompany.com\/de\/produkt\/aufblasbares-paddel-malibu-fusion\/","og_site_name":"SROKA Company","article_publisher":"https:\/\/www.facebook.com\/srokawatersports\/","article_modified_time":"2026-02-19T14:58:23+00:00","og_image":[{"width":780,"height":1040,"url":"https:\/\/srokacompany.com\/wp-content\/uploads\/2017\/04\/imageproduit-malibu.png","type":"image\/png"}],"twitter_misc":{"Gesch\u00e4tzte Lesezeit":"1\u00a0Minute"},"schema":{"@context":"https:\/\/schema.org","@graph":[{"@type":"WebPage","@id":"https:\/\/old.srokacompany.com\/de\/produkt\/aufblasbares-paddel-malibu-fusion\/","url":"https:\/\/old.srokacompany.com\/de\/produkt\/aufblasbares-paddel-malibu-fusion\/","name":"Aufblasbares Premium-Paddle - Malibu-Kollektion - SROKA Company","isPartOf":{"@id":"https:\/\/srokacompany.com\/#website"},"primaryImageOfPage":{"@id":"https:\/\/old.srokacompany.com\/de\/produkt\/aufblasbares-paddel-malibu-fusion\/#primaryimage"},"image":{"@id":"https:\/\/old.srokacompany.com\/de\/produkt\/aufblasbares-paddel-malibu-fusion\/#primaryimage"},"thumbnailUrl":"https:\/\/old.srokacompany.com\/wp-content\/uploads\/2017\/04\/imageproduit-malibu.png","datePublished":"2017-04-24T07:26:27+00:00","dateModified":"2026-02-19T14:58:23+00:00","description":"SUP aufblasbares 10'6 Malibu Fusion. Hochwertiges Stand up Paddle f\u00fcr die ganze Familie. Beste Qualit\u00e4t zum besten Preis von Sroka.","breadcrumb":{"@id":"https:\/\/old.srokacompany.com\/de\/produkt\/aufblasbares-paddel-malibu-fusion\/#breadcrumb"},"inLanguage":"de","potentialAction":[{"@type":"ReadAction","target":["https:\/\/old.srokacompany.com\/de\/produkt\/aufblasbares-paddel-malibu-fusion\/"]}]},{"@type":"ImageObject","inLanguage":"de","@id":"https:\/\/old.srokacompany.com\/de\/produkt\/aufblasbares-paddel-malibu-fusion\/#primaryimage","url":"https:\/\/old.srokacompany.com\/wp-content\/uploads\/2017\/04\/imageproduit-malibu.png","contentUrl":"https:\/\/old.srokacompany.com\/wp-content\/uploads\/2017\/04\/imageproduit-malibu.png","width":780,"height":1040,"caption":"aufblasbares sroka-Paddel f\u00fcr die ganze Familie"},{"@type":"BreadcrumbList","@id":"https:\/\/old.srokacompany.com\/de\/produkt\/aufblasbares-paddel-malibu-fusion\/#breadcrumb","itemListElement":[{"@type":"ListItem","position":1,"name":"Accueil","item":"https:\/\/srokacompany.com\/de\/"},{"@type":"ListItem","position":2,"name":"Laden","item":"https:\/\/srokacompany.com\/laden\/"},{"@type":"ListItem","position":3,"name":"Aufblasbares Paddel Malibu Fusion"}]},{"@type":"WebSite","@id":"https:\/\/srokacompany.com\/#website","url":"https:\/\/srokacompany.com\/","name":"SROKA Company","description":"SUP, Kite, Foil, Wing","publisher":{"@id":"https:\/\/srokacompany.com\/#organization"},"potentialAction":[{"@type":"SearchAction","target":{"@type":"EntryPoint","urlTemplate":"https:\/\/srokacompany.com\/?s={search_term_string}"},"query-input":{"@type":"PropertyValueSpecification","valueRequired":true,"valueName":"search_term_string"}}],"inLanguage":"de"},{"@type":"Organization","@id":"https:\/\/srokacompany.com\/#organization","name":"SROKACOMPANY","alternateName":"SROKA","url":"https:\/\/srokacompany.com\/","logo":{"@type":"ImageObject","inLanguage":"de","@id":"https:\/\/srokacompany.com\/#\/schema\/logo\/image\/","url":"https:\/\/srokacompany.com\/wp-content\/uploads\/2021\/01\/logo-sroka-black-transpa.png","contentUrl":"https:\/\/srokacompany.com\/wp-content\/uploads\/2021\/01\/logo-sroka-black-transpa.png","width":1201,"height":342,"caption":"SROKACOMPANY"},"image":{"@id":"https:\/\/srokacompany.com\/#\/schema\/logo\/image\/"},"sameAs":["https:\/\/www.facebook.com\/srokawatersports\/","https:\/\/www.instagram.com\/srokawatersports\/","https:\/\/www.youtube.com\/channel\/UCVLHHeaPIm-J5bdEUgxqtZA"]}]}},"uagb_featured_image_src":{"full":["https:\/\/old.srokacompany.com\/wp-content\/uploads\/2017\/04\/imageproduit-malibu.png",780,1040,false],"thumbnail":["https:\/\/old.srokacompany.com\/wp-content\/uploads\/2017\/04\/imageproduit-malibu-150x150.png",150,150,true],"medium":["https:\/\/old.srokacompany.com\/wp-content\/uploads\/2017\/04\/imageproduit-malibu-225x300.png",225,300,true],"medium_large":["https:\/\/old.srokacompany.com\/wp-content\/uploads\/2017\/04\/imageproduit-malibu-768x1024.png",768,1024,true],"large":["https:\/\/old.srokacompany.com\/wp-content\/uploads\/2017\/04\/imageproduit-malibu-768x1024.png",768,1024,true],"1536x1536":["https:\/\/old.srokacompany.com\/wp-content\/uploads\/2017\/04\/imageproduit-malibu.png",780,1040,false],"2048x2048":["https:\/\/old.srokacompany.com\/wp-content\/uploads\/2017\/04\/imageproduit-malibu.png",780,1040,false],"woocommerce_thumbnail":["https:\/\/old.srokacompany.com\/wp-content\/uploads\/2017\/04\/imageproduit-malibu-600x800.png",600,800,true],"woocommerce_single":["https:\/\/old.srokacompany.com\/wp-content\/uploads\/2017\/04\/imageproduit-malibu-600x800.png",600,800,true],"woocommerce_gallery_thumbnail":["https:\/\/old.srokacompany.com\/wp-content\/uploads\/2017\/04\/imageproduit-malibu-100x100.png",100,100,true],"dgwt-wcas-product-suggestion":["https:\/\/old.srokacompany.com\/wp-content\/uploads\/2017\/04\/imageproduit-malibu.png",64,85,false]},"uagb_author_info":{"display_name":"Bruno Sroka","author_link":"https:\/\/old.srokacompany.com\/de\/blog\/author\/"},"uagb_comment_info":0,"uagb_excerpt":"Standardpaket aufblasbares SUP Malibu Fusion 10' und 10'6. 10': 30% Surfen, 70% Wandern; 10'6: 100% Wandern.","jetpack_sharing_enabled":true,"_links":{"self":[{"href":"https:\/\/old.srokacompany.com\/de\/wp-json\/wp\/v2\/product\/347568","targetHints":{"allow":["GET"]}}],"collection":[{"href":"https:\/\/old.srokacompany.com\/de\/wp-json\/wp\/v2\/product"}],"about":[{"href":"https:\/\/old.srokacompany.com\/de\/wp-json\/wp\/v2\/types\/product"}],"wp:featuredmedia":[{"embeddable":true,"href":"https:\/\/old.srokacompany.com\/de\/wp-json\/wp\/v2\/media\/347572"}],"wp:attachment":[{"href":"https:\/\/old.srokacompany.com\/de\/wp-json\/wp\/v2\/media?parent=347568"}],"wp:term":[{"taxonomy":"product_brand","embeddable":true,"href":"https:\/\/old.srokacompany.com\/de\/wp-json\/wp\/v2\/product_brand?post=347568"},{"taxonomy":"product_cat","embeddable":true,"href":"https:\/\/old.srokacompany.com\/de\/wp-json\/wp\/v2\/product_cat?post=347568"},{"taxonomy":"product_tag","embeddable":true,"href":"https:\/\/old.srokacompany.com\/de\/wp-json\/wp\/v2\/product_tag?post=347568"}],"curies":[{"name":"wp","href":"https:\/\/api.w.org\/{rel}","templated":true}]}}