{"id":347857,"date":"2018-01-31T11:15:20","date_gmt":"2018-01-31T09:15:20","guid":{"rendered":"https:\/\/srokacompany.com\/produit\/aufblasbares-paddel-zum-surfen-wave-95\/"},"modified":"2025-11-27T18:59:59","modified_gmt":"2025-11-27T16:59:59","slug":"aufblasbares-paddel-zum-surfen-wave-95","status":"publish","type":"product","link":"https:\/\/old.srokacompany.com\/de\/produkt\/aufblasbares-paddel-zum-surfen-wave-95\/","title":{"rendered":"Aufblasbares Paddel zum Surfen &#8211; Wave 9&#8217;5"},"content":{"rendered":"<hr>\n<h1>Aufblasbares Paddel f\u00fcr Surf Wave 9&#8217;5 Fusion<\/h1>\n<div class=\"text-block double-text\">\n<div class=\"text-block-wrap\">\n<div class=\"text-content\">\n<div class=\"max-width\">\n<div class=\"page\" title=\"Seite 2\">\n<div class=\"section\">\n<div class=\"layoutArea\">\n<div class=\"column\">\n<p>Mit dem <a href=\"https:\/\/srokacompany.com\/de\/eshop\/aufblasbare-paddel\/\">aufblasbaren Stand Up Paddle Board<\/a> Wave 9&#8217;5 zum Surfen kehren wir zur Essenz des Boardsports zur\u00fcck. Wir haben dieses Board von SUP f\u00fcr diejenigen entwickelt, die ein superleicht zu transportierendes Board wollen, das sowohl zum Surfen als auch zum Spazierengehen geeignet ist.<\/p>\n<p>Mit seiner runden Outline rollt es die Welle mit Leichtigkeit hinunter. Die Fusion-Technologie und die Qualit\u00e4t der Materialien sorgen f\u00fcr die Steifigkeit, die f\u00fcr das Surfen unerl\u00e4sslich ist. Das Board ist sehr leicht, sein einzigartiger Look und die Qualit\u00e4t der Verarbeitung werden am Strand, auf der Welle oder bei Spazierg\u00e4ngen gesch\u00e4tzt werden. Die griffigen Pads sorgen daf\u00fcr, dass alle Man\u00f6ver reibungslos ablaufen.   <\/p>\n<p>Der SUP Wave 9&#8217;5 und <a href=\"https:\/\/srokacompany.com\/de\/produkt\/double-action-pumpe-sup-aufblasbar\/\">die Double-Action-Pumpe<\/a> (im Lieferumfang enthalten) k\u00f6nnen in der passenden Tasche, die im Lieferumfang enthalten ist, verstaut werden. Die Wellen warten auf Sie. Und wenn Sie immer noch an <a href=\"https:\/\/srokacompany.com\/de\/blog\/5-gruende-aufblasbares-stand-up-paddle-zu-ueben\/\">den Vorteilen von Wassersport und Stand-up-Paddling<\/a> zweifeln, wird unser Artikel Sie \u00fcberzeugen. <a href=\"https:\/\/srokacompany.com\/de\/blog\/wie-fange-ich-mit-stand-up-paddle-an-und-mache-fortschritte-dabei\/\">Unsere Ratgeber erkl\u00e4ren Ihnen au\u00dferdem, wie Sie einen guten Start in SUP<\/a> hinlegen!<\/p>\n<p>Wir bieten zwei Optionen an:<\/p>\n<p>Das <strong>Standardpaket<\/strong> umfasst ein Paddle, eine Rolltasche und die Sroka Double Action Pump.<br \/>\nDas <strong>Komplettpaket<\/strong> umfasst ein Paddle, eine Rolltasche, eine Sroka Double Action Pump + ein <a href=\"https:\/\/srokacompany.com\/de\/produkt\/2-oder-3-teiliges-verstellbares-aluminiumpaddel\/\"><strong>Aluminiumpaddel 3-teilig<\/strong><\/a> und ein <strong>leash<\/strong> Coiled. Es erm\u00f6glicht Ihnen, sofort aufs Wasser zu gehen, ohne Einschr\u00e4nkungen oder Anstrengung.<\/p>\n<\/div>\n<\/div>\n<\/div>\n<\/div>\n<\/div>\n<\/div>\n<\/div>\n<\/div>\n<p><a href=\"https:\/\/srokacompany.com\/de\/warum-sroka-boards\/\" target=\"_blank\" rel=\"noopener noreferrer\">Warum sollten Sie sich f\u00fcr SROKA-Produkte entscheiden?<\/a><\/p>\n","protected":false},"excerpt":{"rendered":"<p>Standardpaket aufblasbares SUP Wave Fusion 9&#8217;5. 70% Surfen, 30% Wandern. <\/p>\n","protected":false},"featured_media":347859,"template":"","meta":{"_acf_changed":false,"_uag_custom_page_level_css":""},"product_brand":[],"product_cat":[3620,3896,3621,3582],"product_tag":[3443,3442],"class_list":{"0":"post-347857","1":"product","2":"type-product","3":"status-publish","4":"has-post-thumbnail","6":"product_cat-aufblasbare-paddel","7":"product_cat-brett-von-sup","8":"product_cat-pack-aufblasbares-paddle","9":"product_cat-promos-de","10":"product_tag-fortgeschrittene","11":"product_tag-schlau","13":"first","14":"outofstock","15":"sale","16":"taxable","17":"shipping-taxable","18":"purchasable","19":"product-type-variable","20":"has-default-attributes"},"acf":[],"yoast_head":"<!-- This site is optimized with the Yoast SEO plugin v27.4 - https:\/\/yoast.com\/product\/yoast-seo-wordpress\/ -->\n<title>Aufblasbares Paddle zum Surfen - SROKA Company<\/title>\n<meta name=\"description\" content=\"Der aufblasbare Stand up paddle Surf SROKA 9&#039;5 SUP Waves ist perfekt f\u00fcr effektives Surfen zum besten Preis-Leistungs-Verh\u00e4ltnis auf dem Markt.\" \/>\n<meta name=\"robots\" content=\"index, follow, max-snippet:-1, max-image-preview:large, max-video-preview:-1\" \/>\n<link rel=\"canonical\" href=\"https:\/\/old.srokacompany.com\/de\/produkt\/aufblasbares-paddel-zum-surfen-wave-95\/\" \/>\n<meta property=\"og:locale\" content=\"de_DE\" \/>\n<meta property=\"og:type\" content=\"article\" \/>\n<meta property=\"og:title\" content=\"Aufblasbares Paddle zum Surfen - SROKA Company\" \/>\n<meta property=\"og:description\" content=\"Der aufblasbare Stand up paddle Surf SROKA 9&#039;5 SUP Waves ist perfekt f\u00fcr effektives Surfen zum besten Preis-Leistungs-Verh\u00e4ltnis auf dem Markt.\" \/>\n<meta property=\"og:url\" content=\"https:\/\/old.srokacompany.com\/de\/produkt\/aufblasbares-paddel-zum-surfen-wave-95\/\" \/>\n<meta property=\"og:site_name\" content=\"SROKA Company\" \/>\n<meta property=\"article:publisher\" content=\"https:\/\/www.facebook.com\/srokawatersports\/\" \/>\n<meta property=\"article:modified_time\" content=\"2025-11-27T16:59:59+00:00\" \/>\n<meta property=\"og:image\" content=\"https:\/\/srokacompany.com\/wp-content\/uploads\/2018\/01\/imageproduit-waves95.png\" \/>\n\t<meta property=\"og:image:width\" content=\"780\" \/>\n\t<meta property=\"og:image:height\" content=\"1040\" \/>\n\t<meta property=\"og:image:type\" content=\"image\/png\" \/>\n<meta name=\"twitter:label1\" content=\"Gesch\u00e4tzte Lesezeit\" \/>\n\t<meta name=\"twitter:data1\" content=\"1\u00a0Minute\" \/>\n<script type=\"application\/ld+json\" class=\"yoast-schema-graph\">{\"@context\":\"https:\\\/\\\/schema.org\",\"@graph\":[{\"@type\":\"WebPage\",\"@id\":\"https:\\\/\\\/old.srokacompany.com\\\/de\\\/produkt\\\/aufblasbares-paddel-zum-surfen-wave-95\\\/\",\"url\":\"https:\\\/\\\/old.srokacompany.com\\\/de\\\/produkt\\\/aufblasbares-paddel-zum-surfen-wave-95\\\/\",\"name\":\"Aufblasbares Paddle zum Surfen - SROKA Company\",\"isPartOf\":{\"@id\":\"https:\\\/\\\/srokacompany.com\\\/#website\"},\"primaryImageOfPage\":{\"@id\":\"https:\\\/\\\/old.srokacompany.com\\\/de\\\/produkt\\\/aufblasbares-paddel-zum-surfen-wave-95\\\/#primaryimage\"},\"image\":{\"@id\":\"https:\\\/\\\/old.srokacompany.com\\\/de\\\/produkt\\\/aufblasbares-paddel-zum-surfen-wave-95\\\/#primaryimage\"},\"thumbnailUrl\":\"https:\\\/\\\/old.srokacompany.com\\\/wp-content\\\/uploads\\\/2018\\\/01\\\/imageproduit-waves95.png\",\"datePublished\":\"2018-01-31T09:15:20+00:00\",\"dateModified\":\"2025-11-27T16:59:59+00:00\",\"description\":\"Der aufblasbare Stand up paddle Surf SROKA 9'5 SUP Waves ist perfekt f\u00fcr effektives Surfen zum besten Preis-Leistungs-Verh\u00e4ltnis auf dem Markt.\",\"breadcrumb\":{\"@id\":\"https:\\\/\\\/old.srokacompany.com\\\/de\\\/produkt\\\/aufblasbares-paddel-zum-surfen-wave-95\\\/#breadcrumb\"},\"inLanguage\":\"de\",\"potentialAction\":[{\"@type\":\"ReadAction\",\"target\":[\"https:\\\/\\\/old.srokacompany.com\\\/de\\\/produkt\\\/aufblasbares-paddel-zum-surfen-wave-95\\\/\"]}]},{\"@type\":\"ImageObject\",\"inLanguage\":\"de\",\"@id\":\"https:\\\/\\\/old.srokacompany.com\\\/de\\\/produkt\\\/aufblasbares-paddel-zum-surfen-wave-95\\\/#primaryimage\",\"url\":\"https:\\\/\\\/old.srokacompany.com\\\/wp-content\\\/uploads\\\/2018\\\/01\\\/imageproduit-waves95.png\",\"contentUrl\":\"https:\\\/\\\/old.srokacompany.com\\\/wp-content\\\/uploads\\\/2018\\\/01\\\/imageproduit-waves95.png\",\"width\":780,\"height\":1040,\"caption\":\"sup paddle surf aufblasbare sroka\"},{\"@type\":\"BreadcrumbList\",\"@id\":\"https:\\\/\\\/old.srokacompany.com\\\/de\\\/produkt\\\/aufblasbares-paddel-zum-surfen-wave-95\\\/#breadcrumb\",\"itemListElement\":[{\"@type\":\"ListItem\",\"position\":1,\"name\":\"Accueil\",\"item\":\"https:\\\/\\\/srokacompany.com\\\/de\\\/\"},{\"@type\":\"ListItem\",\"position\":2,\"name\":\"Laden\",\"item\":\"https:\\\/\\\/srokacompany.com\\\/laden\\\/\"},{\"@type\":\"ListItem\",\"position\":3,\"name\":\"Aufblasbares Paddel zum Surfen &#8211; Wave 9&rsquo;5\"}]},{\"@type\":\"WebSite\",\"@id\":\"https:\\\/\\\/srokacompany.com\\\/#website\",\"url\":\"https:\\\/\\\/srokacompany.com\\\/\",\"name\":\"SROKA Company\",\"description\":\"SUP, Kite, Foil, Wing\",\"publisher\":{\"@id\":\"https:\\\/\\\/srokacompany.com\\\/#organization\"},\"potentialAction\":[{\"@type\":\"SearchAction\",\"target\":{\"@type\":\"EntryPoint\",\"urlTemplate\":\"https:\\\/\\\/srokacompany.com\\\/?s={search_term_string}\"},\"query-input\":{\"@type\":\"PropertyValueSpecification\",\"valueRequired\":true,\"valueName\":\"search_term_string\"}}],\"inLanguage\":\"de\"},{\"@type\":\"Organization\",\"@id\":\"https:\\\/\\\/srokacompany.com\\\/#organization\",\"name\":\"SROKACOMPANY\",\"alternateName\":\"SROKA\",\"url\":\"https:\\\/\\\/srokacompany.com\\\/\",\"logo\":{\"@type\":\"ImageObject\",\"inLanguage\":\"de\",\"@id\":\"https:\\\/\\\/srokacompany.com\\\/#\\\/schema\\\/logo\\\/image\\\/\",\"url\":\"https:\\\/\\\/srokacompany.com\\\/wp-content\\\/uploads\\\/2021\\\/01\\\/logo-sroka-black-transpa.png\",\"contentUrl\":\"https:\\\/\\\/srokacompany.com\\\/wp-content\\\/uploads\\\/2021\\\/01\\\/logo-sroka-black-transpa.png\",\"width\":1201,\"height\":342,\"caption\":\"SROKACOMPANY\"},\"image\":{\"@id\":\"https:\\\/\\\/srokacompany.com\\\/#\\\/schema\\\/logo\\\/image\\\/\"},\"sameAs\":[\"https:\\\/\\\/www.facebook.com\\\/srokawatersports\\\/\",\"https:\\\/\\\/www.instagram.com\\\/srokawatersports\\\/\",\"https:\\\/\\\/www.youtube.com\\\/channel\\\/UCVLHHeaPIm-J5bdEUgxqtZA\"]}]}<\/script>\n<!-- \/ Yoast SEO plugin. -->","yoast_head_json":{"title":"Aufblasbares Paddle zum Surfen - SROKA Company","description":"Der aufblasbare Stand up paddle Surf SROKA 9'5 SUP Waves ist perfekt f\u00fcr effektives Surfen zum besten Preis-Leistungs-Verh\u00e4ltnis auf dem Markt.","robots":{"index":"index","follow":"follow","max-snippet":"max-snippet:-1","max-image-preview":"max-image-preview:large","max-video-preview":"max-video-preview:-1"},"canonical":"https:\/\/old.srokacompany.com\/de\/produkt\/aufblasbares-paddel-zum-surfen-wave-95\/","og_locale":"de_DE","og_type":"article","og_title":"Aufblasbares Paddle zum Surfen - SROKA Company","og_description":"Der aufblasbare Stand up paddle Surf SROKA 9'5 SUP Waves ist perfekt f\u00fcr effektives Surfen zum besten Preis-Leistungs-Verh\u00e4ltnis auf dem Markt.","og_url":"https:\/\/old.srokacompany.com\/de\/produkt\/aufblasbares-paddel-zum-surfen-wave-95\/","og_site_name":"SROKA Company","article_publisher":"https:\/\/www.facebook.com\/srokawatersports\/","article_modified_time":"2025-11-27T16:59:59+00:00","og_image":[{"width":780,"height":1040,"url":"https:\/\/srokacompany.com\/wp-content\/uploads\/2018\/01\/imageproduit-waves95.png","type":"image\/png"}],"twitter_misc":{"Gesch\u00e4tzte Lesezeit":"1\u00a0Minute"},"schema":{"@context":"https:\/\/schema.org","@graph":[{"@type":"WebPage","@id":"https:\/\/old.srokacompany.com\/de\/produkt\/aufblasbares-paddel-zum-surfen-wave-95\/","url":"https:\/\/old.srokacompany.com\/de\/produkt\/aufblasbares-paddel-zum-surfen-wave-95\/","name":"Aufblasbares Paddle zum Surfen - SROKA Company","isPartOf":{"@id":"https:\/\/srokacompany.com\/#website"},"primaryImageOfPage":{"@id":"https:\/\/old.srokacompany.com\/de\/produkt\/aufblasbares-paddel-zum-surfen-wave-95\/#primaryimage"},"image":{"@id":"https:\/\/old.srokacompany.com\/de\/produkt\/aufblasbares-paddel-zum-surfen-wave-95\/#primaryimage"},"thumbnailUrl":"https:\/\/old.srokacompany.com\/wp-content\/uploads\/2018\/01\/imageproduit-waves95.png","datePublished":"2018-01-31T09:15:20+00:00","dateModified":"2025-11-27T16:59:59+00:00","description":"Der aufblasbare Stand up paddle Surf SROKA 9'5 SUP Waves ist perfekt f\u00fcr effektives Surfen zum besten Preis-Leistungs-Verh\u00e4ltnis auf dem Markt.","breadcrumb":{"@id":"https:\/\/old.srokacompany.com\/de\/produkt\/aufblasbares-paddel-zum-surfen-wave-95\/#breadcrumb"},"inLanguage":"de","potentialAction":[{"@type":"ReadAction","target":["https:\/\/old.srokacompany.com\/de\/produkt\/aufblasbares-paddel-zum-surfen-wave-95\/"]}]},{"@type":"ImageObject","inLanguage":"de","@id":"https:\/\/old.srokacompany.com\/de\/produkt\/aufblasbares-paddel-zum-surfen-wave-95\/#primaryimage","url":"https:\/\/old.srokacompany.com\/wp-content\/uploads\/2018\/01\/imageproduit-waves95.png","contentUrl":"https:\/\/old.srokacompany.com\/wp-content\/uploads\/2018\/01\/imageproduit-waves95.png","width":780,"height":1040,"caption":"sup paddle surf aufblasbare sroka"},{"@type":"BreadcrumbList","@id":"https:\/\/old.srokacompany.com\/de\/produkt\/aufblasbares-paddel-zum-surfen-wave-95\/#breadcrumb","itemListElement":[{"@type":"ListItem","position":1,"name":"Accueil","item":"https:\/\/srokacompany.com\/de\/"},{"@type":"ListItem","position":2,"name":"Laden","item":"https:\/\/srokacompany.com\/laden\/"},{"@type":"ListItem","position":3,"name":"Aufblasbares Paddel zum Surfen &#8211; Wave 9&rsquo;5"}]},{"@type":"WebSite","@id":"https:\/\/srokacompany.com\/#website","url":"https:\/\/srokacompany.com\/","name":"SROKA Company","description":"SUP, Kite, Foil, Wing","publisher":{"@id":"https:\/\/srokacompany.com\/#organization"},"potentialAction":[{"@type":"SearchAction","target":{"@type":"EntryPoint","urlTemplate":"https:\/\/srokacompany.com\/?s={search_term_string}"},"query-input":{"@type":"PropertyValueSpecification","valueRequired":true,"valueName":"search_term_string"}}],"inLanguage":"de"},{"@type":"Organization","@id":"https:\/\/srokacompany.com\/#organization","name":"SROKACOMPANY","alternateName":"SROKA","url":"https:\/\/srokacompany.com\/","logo":{"@type":"ImageObject","inLanguage":"de","@id":"https:\/\/srokacompany.com\/#\/schema\/logo\/image\/","url":"https:\/\/srokacompany.com\/wp-content\/uploads\/2021\/01\/logo-sroka-black-transpa.png","contentUrl":"https:\/\/srokacompany.com\/wp-content\/uploads\/2021\/01\/logo-sroka-black-transpa.png","width":1201,"height":342,"caption":"SROKACOMPANY"},"image":{"@id":"https:\/\/srokacompany.com\/#\/schema\/logo\/image\/"},"sameAs":["https:\/\/www.facebook.com\/srokawatersports\/","https:\/\/www.instagram.com\/srokawatersports\/","https:\/\/www.youtube.com\/channel\/UCVLHHeaPIm-J5bdEUgxqtZA"]}]}},"uagb_featured_image_src":{"full":["https:\/\/old.srokacompany.com\/wp-content\/uploads\/2018\/01\/imageproduit-waves95.png",780,1040,false],"thumbnail":["https:\/\/old.srokacompany.com\/wp-content\/uploads\/2018\/01\/imageproduit-waves95-150x150.png",150,150,true],"medium":["https:\/\/old.srokacompany.com\/wp-content\/uploads\/2018\/01\/imageproduit-waves95-225x300.png",225,300,true],"medium_large":["https:\/\/old.srokacompany.com\/wp-content\/uploads\/2018\/01\/imageproduit-waves95-768x1024.png",768,1024,true],"large":["https:\/\/old.srokacompany.com\/wp-content\/uploads\/2018\/01\/imageproduit-waves95-768x1024.png",768,1024,true],"1536x1536":["https:\/\/old.srokacompany.com\/wp-content\/uploads\/2018\/01\/imageproduit-waves95.png",780,1040,false],"2048x2048":["https:\/\/old.srokacompany.com\/wp-content\/uploads\/2018\/01\/imageproduit-waves95.png",780,1040,false],"woocommerce_thumbnail":["https:\/\/old.srokacompany.com\/wp-content\/uploads\/2018\/01\/imageproduit-waves95-600x800.png",600,800,true],"woocommerce_single":["https:\/\/old.srokacompany.com\/wp-content\/uploads\/2018\/01\/imageproduit-waves95-600x800.png",600,800,true],"woocommerce_gallery_thumbnail":["https:\/\/old.srokacompany.com\/wp-content\/uploads\/2018\/01\/imageproduit-waves95-100x100.png",100,100,true],"dgwt-wcas-product-suggestion":["https:\/\/old.srokacompany.com\/wp-content\/uploads\/2018\/01\/imageproduit-waves95.png",64,85,false]},"uagb_author_info":{"display_name":"Bruno Sroka","author_link":"https:\/\/old.srokacompany.com\/de\/blog\/author\/"},"uagb_comment_info":0,"uagb_excerpt":"Standardpaket aufblasbares SUP Wave Fusion 9'5. 70% Surfen, 30% Wandern.","jetpack_sharing_enabled":true,"_links":{"self":[{"href":"https:\/\/old.srokacompany.com\/de\/wp-json\/wp\/v2\/product\/347857","targetHints":{"allow":["GET"]}}],"collection":[{"href":"https:\/\/old.srokacompany.com\/de\/wp-json\/wp\/v2\/product"}],"about":[{"href":"https:\/\/old.srokacompany.com\/de\/wp-json\/wp\/v2\/types\/product"}],"wp:featuredmedia":[{"embeddable":true,"href":"https:\/\/old.srokacompany.com\/de\/wp-json\/wp\/v2\/media\/347859"}],"wp:attachment":[{"href":"https:\/\/old.srokacompany.com\/de\/wp-json\/wp\/v2\/media?parent=347857"}],"wp:term":[{"taxonomy":"product_brand","embeddable":true,"href":"https:\/\/old.srokacompany.com\/de\/wp-json\/wp\/v2\/product_brand?post=347857"},{"taxonomy":"product_cat","embeddable":true,"href":"https:\/\/old.srokacompany.com\/de\/wp-json\/wp\/v2\/product_cat?post=347857"},{"taxonomy":"product_tag","embeddable":true,"href":"https:\/\/old.srokacompany.com\/de\/wp-json\/wp\/v2\/product_tag?post=347857"}],"curies":[{"name":"wp","href":"https:\/\/api.w.org\/{rel}","templated":true}]}}