{"id":348271,"date":"2018-05-24T12:07:22","date_gmt":"2018-05-24T12:07:22","guid":{"rendered":"https:\/\/srokacompany.com\/produit\/k-foil-aluminium-kitefoil\/"},"modified":"2025-11-21T18:10:01","modified_gmt":"2025-11-21T16:10:01","slug":"k-foil-aluminium-kitefoil","status":"publish","type":"product","link":"https:\/\/old.srokacompany.com\/de\/produkt\/k-foil-aluminium-kitefoil\/","title":{"rendered":"K-Foil Aluminium &#8211; Kitefoil"},"content":{"rendered":"<hr>\n<h2>K-FOIL ALUMINIUM FREERIDE<\/h2>\n<p class=\"p1\"><span class=\"s1\">Mit dem Aluminium-Kitefoil k\u00f6nnen Sie bei wirklich sehr schwachen Windverh\u00e4ltnissen fahren und bei starkem Wind Ihre Grenzen ausloten. Mit ihm kann man bis zur vierfachen Windgeschwindigkeit fahren.   <\/span><\/p>\n<p class=\"p1\"><span class=\"s1\">Der K-foil wurde von Bruno SROKA, dem 3-fachen Weltmeister im Kitesurfen, entwickelt. Bruno ist stets bem\u00fcht, ein qualitativ hochwertiges Produkt zu einem erschwinglichen Preis zu entwickeln. Dieser foil ist aufgrund seiner Konstruktionsqualit\u00e4t, seiner Steifigkeit und seiner Benutzerfreundlichkeit zu einer Referenz unter den Freeride-Kiteboards geworden.  <\/span><\/p>\n<p class=\"p1\"><strong><span class=\"s1\">Technologie<\/span><\/strong><\/p>\n<p class=\"p1\"><span class=\"s1\">Der Mast und der Rumpf sind aus Aluminium 6061 gefertigt, dem besten Aluminium f\u00fcr den Einsatz auf See. Alle Aluminiumteile wurden mit einer sehr dichten Eloxierung (\u00fcber 60 Mikron) \u00fcberzogen, im Gegensatz zu vielen Konkurrenten, die eine leichte Eloxierung (10 Mikron, was eine schlechtere Haltbarkeit bedeutet) verwenden. <\/span><\/p>\n<p><span class=\"s1\">Dieses K-foil Alu besteht aus G10-Lamellen. Jedes Profil wird mit einer Genauigkeit von Zehntelmikrometern bearbeitet, wodurch ein exakt gleiches Fl\u00fcgelprofil gew\u00e4hrleistet wird <span class=\"Apple-converted-space\">  <\/span>an unsere Pl\u00e4ne anpassen und so ein perfektes Profil garantieren.<\/span><\/p>\n<p>Als Option zu ihrer Einf\u00fchrung bieten wir Ihnen <strong>ein Paket mit zwei Flossens\u00e4tzen<\/strong> an. Dieses Paket enth\u00e4lt den kompletten K-Foil Aluminium, seinen <a href=\"https:\/\/srokacompany.com\/de\/produkt\/kite-wing-pack-foil-k950-xxl-stabilisator\/\">G10-Flossensatz und zus\u00e4tzlich den K950 Freewave Carbon-Flossensatz und seinen Stabilisator<\/a>, damit Sie unter allen m\u00f6glichen Bedingungen segeln k\u00f6nnen. <\/p>\n<p><a href=\"https:\/\/srokacompany.com\/de\/technische-daten-der-kites-und-boards-von-foil-sroka\/\">Um die Details deiner Fl\u00fcgel und die Werte zu sehen, klicke auf diesen Link.  <\/a><\/p>\n","protected":false},"excerpt":{"rendered":"<p class=\"p1\"><span class=\"s1\">Mit dem Aluminium-Kitefoil k\u00f6nnen Sie bei wirklich sehr schwachen Windverh\u00e4ltnissen fahren und bei starkem Wind Ihre Grenzen ausloten. Mit ihm kann man bis zur vierfachen Windgeschwindigkeit fahren.   <\/span><\/p>\n<p class=\"p1\"><span class=\"s1\">Der K-foil wurde von Bruno SROKA, dem 3-fachen Weltmeister im Kitesurfen, entwickelt. Bruno ist stets bem\u00fcht, ein qualitativ hochwertiges Produkt zu einem erschwinglichen Preis zu entwickeln. Dieser foil ist aufgrund seiner Konstruktionsqualit\u00e4t, seiner Steifigkeit und seiner Benutzerfreundlichkeit zu einer Referenz unter den Freeride-Kiteboards geworden.  <\/span><\/p>\n","protected":false},"featured_media":348272,"template":"","meta":{"_acf_changed":false,"_uag_custom_page_level_css":""},"product_brand":[],"product_cat":[3493,3649,3582,4258],"product_tag":[],"class_list":{"0":"post-348271","1":"product","2":"type-product","3":"status-publish","4":"has-post-thumbnail","6":"product_cat-foil-de","7":"product_cat-kite-saldo-foil","8":"product_cat-promos-de","9":"product_cat-schwarzer-freitag","10":"pa_surface-de-lailette-avant-650-cm2-de-2","12":"first","13":"instock","14":"sale","15":"taxable","16":"shipping-taxable","17":"purchasable","18":"product-type-variable","19":"has-default-attributes"},"acf":[],"yoast_head":"<!-- This site is optimized with the Yoast SEO plugin v27.4 - https:\/\/yoast.com\/product\/yoast-seo-wordpress\/ -->\n<title>Kitefoil Aluminium Sroka - SROKA Company - Kite Foil<\/title>\n<meta name=\"description\" content=\"Das Aluminium-Kitefoil von SROKA ist leistungsstark und erschwinglich. Perfekt f\u00fcr den Einstieg, um dann mit den neuen K950 Vorderfl\u00fcgeln zu performen.\" \/>\n<meta name=\"robots\" content=\"index, follow, max-snippet:-1, max-image-preview:large, max-video-preview:-1\" \/>\n<link rel=\"canonical\" href=\"https:\/\/old.srokacompany.com\/de\/produkt\/k-foil-aluminium-kitefoil\/\" \/>\n<meta property=\"og:locale\" content=\"de_DE\" \/>\n<meta property=\"og:type\" content=\"article\" \/>\n<meta property=\"og:title\" content=\"Kitefoil Aluminium Sroka - SROKA Company - Kite Foil\" \/>\n<meta property=\"og:description\" content=\"Das Aluminium-Kitefoil von SROKA ist leistungsstark und erschwinglich. Perfekt f\u00fcr den Einstieg, um dann mit den neuen K950 Vorderfl\u00fcgeln zu performen.\" \/>\n<meta property=\"og:url\" content=\"https:\/\/old.srokacompany.com\/de\/produkt\/k-foil-aluminium-kitefoil\/\" \/>\n<meta property=\"og:site_name\" content=\"SROKA Company\" \/>\n<meta property=\"article:publisher\" content=\"https:\/\/www.facebook.com\/srokawatersports\/\" \/>\n<meta property=\"article:modified_time\" content=\"2025-11-21T16:10:01+00:00\" \/>\n<meta property=\"og:image\" content=\"https:\/\/srokacompany.com\/wp-content\/uploads\/2020\/12\/K-foil-aluminium-2019-2020-deux-jeux-dailettes-1.jpg\" \/>\n\t<meta property=\"og:image:width\" content=\"780\" \/>\n\t<meta property=\"og:image:height\" content=\"1040\" \/>\n\t<meta property=\"og:image:type\" content=\"image\/jpeg\" \/>\n<meta name=\"twitter:label1\" content=\"Gesch\u00e4tzte Lesezeit\" \/>\n\t<meta name=\"twitter:data1\" content=\"1\u00a0Minute\" \/>\n<script type=\"application\/ld+json\" class=\"yoast-schema-graph\">{\"@context\":\"https:\\\/\\\/schema.org\",\"@graph\":[{\"@type\":\"WebPage\",\"@id\":\"https:\\\/\\\/old.srokacompany.com\\\/de\\\/produkt\\\/k-foil-aluminium-kitefoil\\\/\",\"url\":\"https:\\\/\\\/old.srokacompany.com\\\/de\\\/produkt\\\/k-foil-aluminium-kitefoil\\\/\",\"name\":\"Kitefoil Aluminium Sroka - SROKA Company - Kite Foil\",\"isPartOf\":{\"@id\":\"https:\\\/\\\/srokacompany.com\\\/#website\"},\"primaryImageOfPage\":{\"@id\":\"https:\\\/\\\/old.srokacompany.com\\\/de\\\/produkt\\\/k-foil-aluminium-kitefoil\\\/#primaryimage\"},\"image\":{\"@id\":\"https:\\\/\\\/old.srokacompany.com\\\/de\\\/produkt\\\/k-foil-aluminium-kitefoil\\\/#primaryimage\"},\"thumbnailUrl\":\"https:\\\/\\\/old.srokacompany.com\\\/wp-content\\\/uploads\\\/2020\\\/12\\\/K-foil-aluminium-2019-2020-deux-jeux-dailettes-1.jpg\",\"datePublished\":\"2018-05-24T12:07:22+00:00\",\"dateModified\":\"2025-11-21T16:10:01+00:00\",\"description\":\"Das Aluminium-Kitefoil von SROKA ist leistungsstark und erschwinglich. Perfekt f\u00fcr den Einstieg, um dann mit den neuen K950 Vorderfl\u00fcgeln zu performen.\",\"breadcrumb\":{\"@id\":\"https:\\\/\\\/old.srokacompany.com\\\/de\\\/produkt\\\/k-foil-aluminium-kitefoil\\\/#breadcrumb\"},\"inLanguage\":\"de\",\"potentialAction\":[{\"@type\":\"ReadAction\",\"target\":[\"https:\\\/\\\/old.srokacompany.com\\\/de\\\/produkt\\\/k-foil-aluminium-kitefoil\\\/\"]}]},{\"@type\":\"ImageObject\",\"inLanguage\":\"de\",\"@id\":\"https:\\\/\\\/old.srokacompany.com\\\/de\\\/produkt\\\/k-foil-aluminium-kitefoil\\\/#primaryimage\",\"url\":\"https:\\\/\\\/old.srokacompany.com\\\/wp-content\\\/uploads\\\/2020\\\/12\\\/K-foil-aluminium-2019-2020-deux-jeux-dailettes-1.jpg\",\"contentUrl\":\"https:\\\/\\\/old.srokacompany.com\\\/wp-content\\\/uploads\\\/2020\\\/12\\\/K-foil-aluminium-2019-2020-deux-jeux-dailettes-1.jpg\",\"width\":780,\"height\":1040,\"caption\":\"Kitefoil aus Aluminium und Carbon f\u00fcr Anf\u00e4nger. Ideal zum Surfen, Carven, Freeriden und Wellenreiten.\"},{\"@type\":\"BreadcrumbList\",\"@id\":\"https:\\\/\\\/old.srokacompany.com\\\/de\\\/produkt\\\/k-foil-aluminium-kitefoil\\\/#breadcrumb\",\"itemListElement\":[{\"@type\":\"ListItem\",\"position\":1,\"name\":\"Accueil\",\"item\":\"https:\\\/\\\/srokacompany.com\\\/de\\\/\"},{\"@type\":\"ListItem\",\"position\":2,\"name\":\"Laden\",\"item\":\"https:\\\/\\\/srokacompany.com\\\/laden\\\/\"},{\"@type\":\"ListItem\",\"position\":3,\"name\":\"K-Foil Aluminium &#8211; Kitefoil\"}]},{\"@type\":\"WebSite\",\"@id\":\"https:\\\/\\\/srokacompany.com\\\/#website\",\"url\":\"https:\\\/\\\/srokacompany.com\\\/\",\"name\":\"SROKA Company\",\"description\":\"SUP, Kite, Foil, Wing\",\"publisher\":{\"@id\":\"https:\\\/\\\/srokacompany.com\\\/#organization\"},\"potentialAction\":[{\"@type\":\"SearchAction\",\"target\":{\"@type\":\"EntryPoint\",\"urlTemplate\":\"https:\\\/\\\/srokacompany.com\\\/?s={search_term_string}\"},\"query-input\":{\"@type\":\"PropertyValueSpecification\",\"valueRequired\":true,\"valueName\":\"search_term_string\"}}],\"inLanguage\":\"de\"},{\"@type\":\"Organization\",\"@id\":\"https:\\\/\\\/srokacompany.com\\\/#organization\",\"name\":\"SROKACOMPANY\",\"alternateName\":\"SROKA\",\"url\":\"https:\\\/\\\/srokacompany.com\\\/\",\"logo\":{\"@type\":\"ImageObject\",\"inLanguage\":\"de\",\"@id\":\"https:\\\/\\\/srokacompany.com\\\/#\\\/schema\\\/logo\\\/image\\\/\",\"url\":\"https:\\\/\\\/srokacompany.com\\\/wp-content\\\/uploads\\\/2021\\\/01\\\/logo-sroka-black-transpa.png\",\"contentUrl\":\"https:\\\/\\\/srokacompany.com\\\/wp-content\\\/uploads\\\/2021\\\/01\\\/logo-sroka-black-transpa.png\",\"width\":1201,\"height\":342,\"caption\":\"SROKACOMPANY\"},\"image\":{\"@id\":\"https:\\\/\\\/srokacompany.com\\\/#\\\/schema\\\/logo\\\/image\\\/\"},\"sameAs\":[\"https:\\\/\\\/www.facebook.com\\\/srokawatersports\\\/\",\"https:\\\/\\\/www.instagram.com\\\/srokawatersports\\\/\",\"https:\\\/\\\/www.youtube.com\\\/channel\\\/UCVLHHeaPIm-J5bdEUgxqtZA\"]}]}<\/script>\n<!-- \/ Yoast SEO plugin. -->","yoast_head_json":{"title":"Kitefoil Aluminium Sroka - SROKA Company - Kite Foil","description":"Das Aluminium-Kitefoil von SROKA ist leistungsstark und erschwinglich. Perfekt f\u00fcr den Einstieg, um dann mit den neuen K950 Vorderfl\u00fcgeln zu performen.","robots":{"index":"index","follow":"follow","max-snippet":"max-snippet:-1","max-image-preview":"max-image-preview:large","max-video-preview":"max-video-preview:-1"},"canonical":"https:\/\/old.srokacompany.com\/de\/produkt\/k-foil-aluminium-kitefoil\/","og_locale":"de_DE","og_type":"article","og_title":"Kitefoil Aluminium Sroka - SROKA Company - Kite Foil","og_description":"Das Aluminium-Kitefoil von SROKA ist leistungsstark und erschwinglich. Perfekt f\u00fcr den Einstieg, um dann mit den neuen K950 Vorderfl\u00fcgeln zu performen.","og_url":"https:\/\/old.srokacompany.com\/de\/produkt\/k-foil-aluminium-kitefoil\/","og_site_name":"SROKA Company","article_publisher":"https:\/\/www.facebook.com\/srokawatersports\/","article_modified_time":"2025-11-21T16:10:01+00:00","og_image":[{"width":780,"height":1040,"url":"https:\/\/srokacompany.com\/wp-content\/uploads\/2020\/12\/K-foil-aluminium-2019-2020-deux-jeux-dailettes-1.jpg","type":"image\/jpeg"}],"twitter_misc":{"Gesch\u00e4tzte Lesezeit":"1\u00a0Minute"},"schema":{"@context":"https:\/\/schema.org","@graph":[{"@type":"WebPage","@id":"https:\/\/old.srokacompany.com\/de\/produkt\/k-foil-aluminium-kitefoil\/","url":"https:\/\/old.srokacompany.com\/de\/produkt\/k-foil-aluminium-kitefoil\/","name":"Kitefoil Aluminium Sroka - SROKA Company - Kite Foil","isPartOf":{"@id":"https:\/\/srokacompany.com\/#website"},"primaryImageOfPage":{"@id":"https:\/\/old.srokacompany.com\/de\/produkt\/k-foil-aluminium-kitefoil\/#primaryimage"},"image":{"@id":"https:\/\/old.srokacompany.com\/de\/produkt\/k-foil-aluminium-kitefoil\/#primaryimage"},"thumbnailUrl":"https:\/\/old.srokacompany.com\/wp-content\/uploads\/2020\/12\/K-foil-aluminium-2019-2020-deux-jeux-dailettes-1.jpg","datePublished":"2018-05-24T12:07:22+00:00","dateModified":"2025-11-21T16:10:01+00:00","description":"Das Aluminium-Kitefoil von SROKA ist leistungsstark und erschwinglich. Perfekt f\u00fcr den Einstieg, um dann mit den neuen K950 Vorderfl\u00fcgeln zu performen.","breadcrumb":{"@id":"https:\/\/old.srokacompany.com\/de\/produkt\/k-foil-aluminium-kitefoil\/#breadcrumb"},"inLanguage":"de","potentialAction":[{"@type":"ReadAction","target":["https:\/\/old.srokacompany.com\/de\/produkt\/k-foil-aluminium-kitefoil\/"]}]},{"@type":"ImageObject","inLanguage":"de","@id":"https:\/\/old.srokacompany.com\/de\/produkt\/k-foil-aluminium-kitefoil\/#primaryimage","url":"https:\/\/old.srokacompany.com\/wp-content\/uploads\/2020\/12\/K-foil-aluminium-2019-2020-deux-jeux-dailettes-1.jpg","contentUrl":"https:\/\/old.srokacompany.com\/wp-content\/uploads\/2020\/12\/K-foil-aluminium-2019-2020-deux-jeux-dailettes-1.jpg","width":780,"height":1040,"caption":"Kitefoil aus Aluminium und Carbon f\u00fcr Anf\u00e4nger. Ideal zum Surfen, Carven, Freeriden und Wellenreiten."},{"@type":"BreadcrumbList","@id":"https:\/\/old.srokacompany.com\/de\/produkt\/k-foil-aluminium-kitefoil\/#breadcrumb","itemListElement":[{"@type":"ListItem","position":1,"name":"Accueil","item":"https:\/\/srokacompany.com\/de\/"},{"@type":"ListItem","position":2,"name":"Laden","item":"https:\/\/srokacompany.com\/laden\/"},{"@type":"ListItem","position":3,"name":"K-Foil Aluminium &#8211; Kitefoil"}]},{"@type":"WebSite","@id":"https:\/\/srokacompany.com\/#website","url":"https:\/\/srokacompany.com\/","name":"SROKA Company","description":"SUP, Kite, Foil, Wing","publisher":{"@id":"https:\/\/srokacompany.com\/#organization"},"potentialAction":[{"@type":"SearchAction","target":{"@type":"EntryPoint","urlTemplate":"https:\/\/srokacompany.com\/?s={search_term_string}"},"query-input":{"@type":"PropertyValueSpecification","valueRequired":true,"valueName":"search_term_string"}}],"inLanguage":"de"},{"@type":"Organization","@id":"https:\/\/srokacompany.com\/#organization","name":"SROKACOMPANY","alternateName":"SROKA","url":"https:\/\/srokacompany.com\/","logo":{"@type":"ImageObject","inLanguage":"de","@id":"https:\/\/srokacompany.com\/#\/schema\/logo\/image\/","url":"https:\/\/srokacompany.com\/wp-content\/uploads\/2021\/01\/logo-sroka-black-transpa.png","contentUrl":"https:\/\/srokacompany.com\/wp-content\/uploads\/2021\/01\/logo-sroka-black-transpa.png","width":1201,"height":342,"caption":"SROKACOMPANY"},"image":{"@id":"https:\/\/srokacompany.com\/#\/schema\/logo\/image\/"},"sameAs":["https:\/\/www.facebook.com\/srokawatersports\/","https:\/\/www.instagram.com\/srokawatersports\/","https:\/\/www.youtube.com\/channel\/UCVLHHeaPIm-J5bdEUgxqtZA"]}]}},"uagb_featured_image_src":{"full":["https:\/\/old.srokacompany.com\/wp-content\/uploads\/2020\/12\/K-foil-aluminium-2019-2020-deux-jeux-dailettes-1.jpg",780,1040,false],"thumbnail":["https:\/\/old.srokacompany.com\/wp-content\/uploads\/2020\/12\/K-foil-aluminium-2019-2020-deux-jeux-dailettes-1-150x150.jpg",150,150,true],"medium":["https:\/\/old.srokacompany.com\/wp-content\/uploads\/2020\/12\/K-foil-aluminium-2019-2020-deux-jeux-dailettes-1-225x300.jpg",225,300,true],"medium_large":["https:\/\/old.srokacompany.com\/wp-content\/uploads\/2020\/12\/K-foil-aluminium-2019-2020-deux-jeux-dailettes-1-768x1024.jpg",768,1024,true],"large":["https:\/\/old.srokacompany.com\/wp-content\/uploads\/2020\/12\/K-foil-aluminium-2019-2020-deux-jeux-dailettes-1-768x1024.jpg",768,1024,true],"1536x1536":["https:\/\/old.srokacompany.com\/wp-content\/uploads\/2020\/12\/K-foil-aluminium-2019-2020-deux-jeux-dailettes-1.jpg",780,1040,false],"2048x2048":["https:\/\/old.srokacompany.com\/wp-content\/uploads\/2020\/12\/K-foil-aluminium-2019-2020-deux-jeux-dailettes-1.jpg",780,1040,false],"woocommerce_thumbnail":["https:\/\/old.srokacompany.com\/wp-content\/uploads\/2020\/12\/K-foil-aluminium-2019-2020-deux-jeux-dailettes-1-600x800.jpg",600,800,true],"woocommerce_single":["https:\/\/old.srokacompany.com\/wp-content\/uploads\/2020\/12\/K-foil-aluminium-2019-2020-deux-jeux-dailettes-1-600x800.jpg",600,800,true],"woocommerce_gallery_thumbnail":["https:\/\/old.srokacompany.com\/wp-content\/uploads\/2020\/12\/K-foil-aluminium-2019-2020-deux-jeux-dailettes-1-100x100.jpg",100,100,true],"dgwt-wcas-product-suggestion":["https:\/\/old.srokacompany.com\/wp-content\/uploads\/2020\/12\/K-foil-aluminium-2019-2020-deux-jeux-dailettes-1.jpg",64,85,false]},"uagb_author_info":{"display_name":"Audrey Triquenaux","author_link":"https:\/\/old.srokacompany.com\/de\/blog\/author\/"},"uagb_comment_info":0,"uagb_excerpt":"Mit dem Aluminium-Kitefoil k\u00f6nnen Sie bei wirklich sehr schwachen Windverh\u00e4ltnissen fahren und bei starkem Wind Ihre Grenzen ausloten. Mit ihm kann man bis zur vierfachen Windgeschwindigkeit fahren. Der K-foil wurde von Bruno SROKA, dem 3-fachen Weltmeister im Kitesurfen, entwickelt. Bruno ist stets bem\u00fcht, ein qualitativ hochwertiges Produkt zu einem erschwinglichen Preis zu entwickeln. Dieser foil&hellip;","jetpack_sharing_enabled":true,"_links":{"self":[{"href":"https:\/\/old.srokacompany.com\/de\/wp-json\/wp\/v2\/product\/348271","targetHints":{"allow":["GET"]}}],"collection":[{"href":"https:\/\/old.srokacompany.com\/de\/wp-json\/wp\/v2\/product"}],"about":[{"href":"https:\/\/old.srokacompany.com\/de\/wp-json\/wp\/v2\/types\/product"}],"wp:featuredmedia":[{"embeddable":true,"href":"https:\/\/old.srokacompany.com\/de\/wp-json\/wp\/v2\/media\/348272"}],"wp:attachment":[{"href":"https:\/\/old.srokacompany.com\/de\/wp-json\/wp\/v2\/media?parent=348271"}],"wp:term":[{"taxonomy":"product_brand","embeddable":true,"href":"https:\/\/old.srokacompany.com\/de\/wp-json\/wp\/v2\/product_brand?post=348271"},{"taxonomy":"product_cat","embeddable":true,"href":"https:\/\/old.srokacompany.com\/de\/wp-json\/wp\/v2\/product_cat?post=348271"},{"taxonomy":"product_tag","embeddable":true,"href":"https:\/\/old.srokacompany.com\/de\/wp-json\/wp\/v2\/product_tag?post=348271"}],"curies":[{"name":"wp","href":"https:\/\/api.w.org\/{rel}","templated":true}]}}