{"id":348367,"date":"2018-09-06T14:21:33","date_gmt":"2018-09-06T12:21:33","guid":{"rendered":"https:\/\/srokacompany.com\/produit\/schutzhuelle-fuer-foils\/"},"modified":"2025-06-27T00:06:49","modified_gmt":"2025-06-26T22:06:49","slug":"schutzhuelle-fuer-foils","status":"publish","type":"product","link":"https:\/\/old.srokacompany.com\/de\/produkt\/schutzhuelle-fuer-foils\/","title":{"rendered":"Schutzh\u00fclle f\u00fcr Foils"},"content":{"rendered":"<hr>\n<p>Diese Schutzh\u00fclle f\u00fcr S Foil, Wind Foil und Kite Foil ist die perfekte Tragetasche, um Ihre Foils zu tragen und zu sch\u00fctzen. Es bietet verschiedene F\u00e4cher und verst\u00e4rkte Staur\u00e4ume f\u00fcr Mast, Fl\u00fcgel, Rumpf und f\u00fcr den Heckleitwerk, sobald das Foil zerlegt wurde.  Dank seiner Schaumstoffverst\u00e4rkung sind Ihre Folien vor den kleinen St\u00f6\u00dfen des t\u00e4glichen Transports gesch\u00fctzt. Neopren-Tragemanschette f\u00fcr mehr Komfort, gro\u00dfer Kunststoffrei\u00dfverschluss zum Schutz vor Oxidation. L\u00e4nge: 107 cm Au\u00dfenschaum: 7mm Innenschaum: 5mm Gewicht: 500 Gramm<\/p>\n","protected":false},"excerpt":{"rendered":"<hr>\n<p>Diese Schutzh\u00fclle f\u00fcr S Foil, Wind Foil und Kite Foil ist die perfekte Tragetasche, um Ihre Foils zu tragen und zu sch\u00fctzen. Es bietet verschiedene F\u00e4cher und verst\u00e4rkte Staur\u00e4ume f\u00fcr Mast, Fl\u00fcgel, Rumpf und f\u00fcr den Heckleitwerk, sobald das Foil zerlegt wurde.  Dank seiner Schaumstoffverst\u00e4rkung sind Ihre Folien vor den kleinen St\u00f6\u00dfen des t\u00e4glichen Transports gesch\u00fctzt. Neopren-Tragemanschette f\u00fcr mehr Komfort, gro\u00dfer Kunststoffrei\u00dfverschluss zum Schutz vor Oxidation. L\u00e4nge: 107 cm Au\u00dfenschaum: 7mm Innenschaum: 5mm Gewicht: 500 Gramm<\/p>\n","protected":false},"featured_media":348368,"template":"","meta":{"_acf_changed":false,"_uag_custom_page_level_css":""},"product_brand":[],"product_cat":[3493,3592,3453,3658,3591],"product_tag":[],"class_list":{"0":"post-348367","1":"product","2":"type-product","3":"status-publish","4":"has-post-thumbnail","6":"product_cat-foil-de","7":"product_cat-surf-zubehor-foil","8":"product_cat-wing-foil-de","9":"product_cat-wing-bezug-foil","10":"product_cat-zubehor-foil","11":"product_shipping_class-pumpen-gepack","13":"first","14":"outofstock","15":"taxable","16":"shipping-taxable","17":"purchasable","18":"product-type-simple"},"acf":[],"yoast_head":"<!-- This site is optimized with the Yoast SEO plugin v27.4 - https:\/\/yoast.com\/product\/yoast-seo-wordpress\/ -->\n<title>Schutzh\u00fclle f\u00fcr Foils - SROKA Company - Watersports<\/title>\n<meta name=\"description\" content=\"Schutzh\u00fclle f\u00fcr Foils - Perfekte Tragetasche, um Ihre Foils zu transportieren und zu sch\u00fctzen. Sie bietet verschiedene F\u00e4cher und Aufbewahrungsbereiche\" \/>\n<meta name=\"robots\" content=\"index, follow, max-snippet:-1, max-image-preview:large, max-video-preview:-1\" \/>\n<link rel=\"canonical\" href=\"https:\/\/old.srokacompany.com\/de\/produkt\/schutzhuelle-fuer-foils\/\" \/>\n<meta property=\"og:locale\" content=\"de_DE\" \/>\n<meta property=\"og:type\" content=\"article\" \/>\n<meta property=\"og:title\" content=\"Schutzh\u00fclle f\u00fcr Foils - SROKA Company - Watersports\" \/>\n<meta property=\"og:description\" content=\"Schutzh\u00fclle f\u00fcr Foils - Perfekte Tragetasche, um Ihre Foils zu transportieren und zu sch\u00fctzen. Sie bietet verschiedene F\u00e4cher und Aufbewahrungsbereiche\" \/>\n<meta property=\"og:url\" content=\"https:\/\/old.srokacompany.com\/de\/produkt\/schutzhuelle-fuer-foils\/\" \/>\n<meta property=\"og:site_name\" content=\"SROKA Company\" \/>\n<meta property=\"article:publisher\" content=\"https:\/\/www.facebook.com\/srokawatersports\/\" \/>\n<meta property=\"article:modified_time\" content=\"2025-06-26T22:06:49+00:00\" \/>\n<meta property=\"og:image\" content=\"https:\/\/srokacompany.com\/wp-content\/uploads\/2018\/09\/Valise-de-transport-foil.jpg\" \/>\n\t<meta property=\"og:image:width\" content=\"780\" \/>\n\t<meta property=\"og:image:height\" content=\"1040\" \/>\n\t<meta property=\"og:image:type\" content=\"image\/jpeg\" \/>\n<script type=\"application\/ld+json\" class=\"yoast-schema-graph\">{\"@context\":\"https:\\\/\\\/schema.org\",\"@graph\":[{\"@type\":\"WebPage\",\"@id\":\"https:\\\/\\\/old.srokacompany.com\\\/de\\\/produkt\\\/schutzhuelle-fuer-foils\\\/\",\"url\":\"https:\\\/\\\/old.srokacompany.com\\\/de\\\/produkt\\\/schutzhuelle-fuer-foils\\\/\",\"name\":\"Schutzh\u00fclle f\u00fcr Foils - SROKA Company - Watersports\",\"isPartOf\":{\"@id\":\"https:\\\/\\\/srokacompany.com\\\/#website\"},\"primaryImageOfPage\":{\"@id\":\"https:\\\/\\\/old.srokacompany.com\\\/de\\\/produkt\\\/schutzhuelle-fuer-foils\\\/#primaryimage\"},\"image\":{\"@id\":\"https:\\\/\\\/old.srokacompany.com\\\/de\\\/produkt\\\/schutzhuelle-fuer-foils\\\/#primaryimage\"},\"thumbnailUrl\":\"https:\\\/\\\/old.srokacompany.com\\\/wp-content\\\/uploads\\\/2018\\\/09\\\/Valise-de-transport-foil.jpg\",\"datePublished\":\"2018-09-06T12:21:33+00:00\",\"dateModified\":\"2025-06-26T22:06:49+00:00\",\"description\":\"Schutzh\u00fclle f\u00fcr Foils - Perfekte Tragetasche, um Ihre Foils zu transportieren und zu sch\u00fctzen. Sie bietet verschiedene F\u00e4cher und Aufbewahrungsbereiche\",\"breadcrumb\":{\"@id\":\"https:\\\/\\\/old.srokacompany.com\\\/de\\\/produkt\\\/schutzhuelle-fuer-foils\\\/#breadcrumb\"},\"inLanguage\":\"de\",\"potentialAction\":[{\"@type\":\"ReadAction\",\"target\":[\"https:\\\/\\\/old.srokacompany.com\\\/de\\\/produkt\\\/schutzhuelle-fuer-foils\\\/\"]}]},{\"@type\":\"ImageObject\",\"inLanguage\":\"de\",\"@id\":\"https:\\\/\\\/old.srokacompany.com\\\/de\\\/produkt\\\/schutzhuelle-fuer-foils\\\/#primaryimage\",\"url\":\"https:\\\/\\\/old.srokacompany.com\\\/wp-content\\\/uploads\\\/2018\\\/09\\\/Valise-de-transport-foil.jpg\",\"contentUrl\":\"https:\\\/\\\/old.srokacompany.com\\\/wp-content\\\/uploads\\\/2018\\\/09\\\/Valise-de-transport-foil.jpg\",\"width\":780,\"height\":1040,\"caption\":\"Tragetasche f\u00fcr foil Aluminium und Carbon Sroka Company\"},{\"@type\":\"BreadcrumbList\",\"@id\":\"https:\\\/\\\/old.srokacompany.com\\\/de\\\/produkt\\\/schutzhuelle-fuer-foils\\\/#breadcrumb\",\"itemListElement\":[{\"@type\":\"ListItem\",\"position\":1,\"name\":\"Accueil\",\"item\":\"https:\\\/\\\/srokacompany.com\\\/de\\\/\"},{\"@type\":\"ListItem\",\"position\":2,\"name\":\"Laden\",\"item\":\"https:\\\/\\\/srokacompany.com\\\/laden\\\/\"},{\"@type\":\"ListItem\",\"position\":3,\"name\":\"Schutzh\u00fclle f\u00fcr Foils\"}]},{\"@type\":\"WebSite\",\"@id\":\"https:\\\/\\\/srokacompany.com\\\/#website\",\"url\":\"https:\\\/\\\/srokacompany.com\\\/\",\"name\":\"SROKA Company\",\"description\":\"SUP, Kite, Foil, Wing\",\"publisher\":{\"@id\":\"https:\\\/\\\/srokacompany.com\\\/#organization\"},\"potentialAction\":[{\"@type\":\"SearchAction\",\"target\":{\"@type\":\"EntryPoint\",\"urlTemplate\":\"https:\\\/\\\/srokacompany.com\\\/?s={search_term_string}\"},\"query-input\":{\"@type\":\"PropertyValueSpecification\",\"valueRequired\":true,\"valueName\":\"search_term_string\"}}],\"inLanguage\":\"de\"},{\"@type\":\"Organization\",\"@id\":\"https:\\\/\\\/srokacompany.com\\\/#organization\",\"name\":\"SROKACOMPANY\",\"alternateName\":\"SROKA\",\"url\":\"https:\\\/\\\/srokacompany.com\\\/\",\"logo\":{\"@type\":\"ImageObject\",\"inLanguage\":\"de\",\"@id\":\"https:\\\/\\\/srokacompany.com\\\/#\\\/schema\\\/logo\\\/image\\\/\",\"url\":\"https:\\\/\\\/srokacompany.com\\\/wp-content\\\/uploads\\\/2021\\\/01\\\/logo-sroka-black-transpa.png\",\"contentUrl\":\"https:\\\/\\\/srokacompany.com\\\/wp-content\\\/uploads\\\/2021\\\/01\\\/logo-sroka-black-transpa.png\",\"width\":1201,\"height\":342,\"caption\":\"SROKACOMPANY\"},\"image\":{\"@id\":\"https:\\\/\\\/srokacompany.com\\\/#\\\/schema\\\/logo\\\/image\\\/\"},\"sameAs\":[\"https:\\\/\\\/www.facebook.com\\\/srokawatersports\\\/\",\"https:\\\/\\\/www.instagram.com\\\/srokawatersports\\\/\",\"https:\\\/\\\/www.youtube.com\\\/channel\\\/UCVLHHeaPIm-J5bdEUgxqtZA\"]}]}<\/script>\n<!-- \/ Yoast SEO plugin. -->","yoast_head_json":{"title":"Schutzh\u00fclle f\u00fcr Foils - SROKA Company - Watersports","description":"Schutzh\u00fclle f\u00fcr Foils - Perfekte Tragetasche, um Ihre Foils zu transportieren und zu sch\u00fctzen. Sie bietet verschiedene F\u00e4cher und Aufbewahrungsbereiche","robots":{"index":"index","follow":"follow","max-snippet":"max-snippet:-1","max-image-preview":"max-image-preview:large","max-video-preview":"max-video-preview:-1"},"canonical":"https:\/\/old.srokacompany.com\/de\/produkt\/schutzhuelle-fuer-foils\/","og_locale":"de_DE","og_type":"article","og_title":"Schutzh\u00fclle f\u00fcr Foils - SROKA Company - Watersports","og_description":"Schutzh\u00fclle f\u00fcr Foils - Perfekte Tragetasche, um Ihre Foils zu transportieren und zu sch\u00fctzen. Sie bietet verschiedene F\u00e4cher und Aufbewahrungsbereiche","og_url":"https:\/\/old.srokacompany.com\/de\/produkt\/schutzhuelle-fuer-foils\/","og_site_name":"SROKA Company","article_publisher":"https:\/\/www.facebook.com\/srokawatersports\/","article_modified_time":"2025-06-26T22:06:49+00:00","og_image":[{"width":780,"height":1040,"url":"https:\/\/srokacompany.com\/wp-content\/uploads\/2018\/09\/Valise-de-transport-foil.jpg","type":"image\/jpeg"}],"schema":{"@context":"https:\/\/schema.org","@graph":[{"@type":"WebPage","@id":"https:\/\/old.srokacompany.com\/de\/produkt\/schutzhuelle-fuer-foils\/","url":"https:\/\/old.srokacompany.com\/de\/produkt\/schutzhuelle-fuer-foils\/","name":"Schutzh\u00fclle f\u00fcr Foils - SROKA Company - Watersports","isPartOf":{"@id":"https:\/\/srokacompany.com\/#website"},"primaryImageOfPage":{"@id":"https:\/\/old.srokacompany.com\/de\/produkt\/schutzhuelle-fuer-foils\/#primaryimage"},"image":{"@id":"https:\/\/old.srokacompany.com\/de\/produkt\/schutzhuelle-fuer-foils\/#primaryimage"},"thumbnailUrl":"https:\/\/old.srokacompany.com\/wp-content\/uploads\/2018\/09\/Valise-de-transport-foil.jpg","datePublished":"2018-09-06T12:21:33+00:00","dateModified":"2025-06-26T22:06:49+00:00","description":"Schutzh\u00fclle f\u00fcr Foils - Perfekte Tragetasche, um Ihre Foils zu transportieren und zu sch\u00fctzen. Sie bietet verschiedene F\u00e4cher und Aufbewahrungsbereiche","breadcrumb":{"@id":"https:\/\/old.srokacompany.com\/de\/produkt\/schutzhuelle-fuer-foils\/#breadcrumb"},"inLanguage":"de","potentialAction":[{"@type":"ReadAction","target":["https:\/\/old.srokacompany.com\/de\/produkt\/schutzhuelle-fuer-foils\/"]}]},{"@type":"ImageObject","inLanguage":"de","@id":"https:\/\/old.srokacompany.com\/de\/produkt\/schutzhuelle-fuer-foils\/#primaryimage","url":"https:\/\/old.srokacompany.com\/wp-content\/uploads\/2018\/09\/Valise-de-transport-foil.jpg","contentUrl":"https:\/\/old.srokacompany.com\/wp-content\/uploads\/2018\/09\/Valise-de-transport-foil.jpg","width":780,"height":1040,"caption":"Tragetasche f\u00fcr foil Aluminium und Carbon Sroka Company"},{"@type":"BreadcrumbList","@id":"https:\/\/old.srokacompany.com\/de\/produkt\/schutzhuelle-fuer-foils\/#breadcrumb","itemListElement":[{"@type":"ListItem","position":1,"name":"Accueil","item":"https:\/\/srokacompany.com\/de\/"},{"@type":"ListItem","position":2,"name":"Laden","item":"https:\/\/srokacompany.com\/laden\/"},{"@type":"ListItem","position":3,"name":"Schutzh\u00fclle f\u00fcr Foils"}]},{"@type":"WebSite","@id":"https:\/\/srokacompany.com\/#website","url":"https:\/\/srokacompany.com\/","name":"SROKA Company","description":"SUP, Kite, Foil, Wing","publisher":{"@id":"https:\/\/srokacompany.com\/#organization"},"potentialAction":[{"@type":"SearchAction","target":{"@type":"EntryPoint","urlTemplate":"https:\/\/srokacompany.com\/?s={search_term_string}"},"query-input":{"@type":"PropertyValueSpecification","valueRequired":true,"valueName":"search_term_string"}}],"inLanguage":"de"},{"@type":"Organization","@id":"https:\/\/srokacompany.com\/#organization","name":"SROKACOMPANY","alternateName":"SROKA","url":"https:\/\/srokacompany.com\/","logo":{"@type":"ImageObject","inLanguage":"de","@id":"https:\/\/srokacompany.com\/#\/schema\/logo\/image\/","url":"https:\/\/srokacompany.com\/wp-content\/uploads\/2021\/01\/logo-sroka-black-transpa.png","contentUrl":"https:\/\/srokacompany.com\/wp-content\/uploads\/2021\/01\/logo-sroka-black-transpa.png","width":1201,"height":342,"caption":"SROKACOMPANY"},"image":{"@id":"https:\/\/srokacompany.com\/#\/schema\/logo\/image\/"},"sameAs":["https:\/\/www.facebook.com\/srokawatersports\/","https:\/\/www.instagram.com\/srokawatersports\/","https:\/\/www.youtube.com\/channel\/UCVLHHeaPIm-J5bdEUgxqtZA"]}]}},"uagb_featured_image_src":{"full":["https:\/\/old.srokacompany.com\/wp-content\/uploads\/2018\/09\/Valise-de-transport-foil.jpg",780,1040,false],"thumbnail":["https:\/\/old.srokacompany.com\/wp-content\/uploads\/2018\/09\/Valise-de-transport-foil-150x150.jpg",150,150,true],"medium":["https:\/\/old.srokacompany.com\/wp-content\/uploads\/2018\/09\/Valise-de-transport-foil-225x300.jpg",225,300,true],"medium_large":["https:\/\/old.srokacompany.com\/wp-content\/uploads\/2018\/09\/Valise-de-transport-foil-768x1024.jpg",768,1024,true],"large":["https:\/\/old.srokacompany.com\/wp-content\/uploads\/2018\/09\/Valise-de-transport-foil-768x1024.jpg",768,1024,true],"1536x1536":["https:\/\/old.srokacompany.com\/wp-content\/uploads\/2018\/09\/Valise-de-transport-foil.jpg",780,1040,false],"2048x2048":["https:\/\/old.srokacompany.com\/wp-content\/uploads\/2018\/09\/Valise-de-transport-foil.jpg",780,1040,false],"woocommerce_thumbnail":["https:\/\/old.srokacompany.com\/wp-content\/uploads\/2018\/09\/Valise-de-transport-foil-600x800.jpg",600,800,true],"woocommerce_single":["https:\/\/old.srokacompany.com\/wp-content\/uploads\/2018\/09\/Valise-de-transport-foil-600x800.jpg",600,800,true],"woocommerce_gallery_thumbnail":["https:\/\/old.srokacompany.com\/wp-content\/uploads\/2018\/09\/Valise-de-transport-foil-100x100.jpg",100,100,true],"dgwt-wcas-product-suggestion":["https:\/\/old.srokacompany.com\/wp-content\/uploads\/2018\/09\/Valise-de-transport-foil.jpg",64,85,false]},"uagb_author_info":{"display_name":"Bruno Sroka","author_link":"https:\/\/old.srokacompany.com\/de\/blog\/author\/"},"uagb_comment_info":0,"uagb_excerpt":"Diese Schutzh\u00fclle f\u00fcr S Foil, Wind Foil und Kite Foil ist die perfekte Tragetasche, um Ihre Foils zu tragen und zu sch\u00fctzen. Es bietet verschiedene F\u00e4cher und verst\u00e4rkte Staur\u00e4ume f\u00fcr Mast, Fl\u00fcgel, Rumpf und f\u00fcr den Heckleitwerk, sobald das Foil zerlegt wurde. Dank seiner Schaumstoffverst\u00e4rkung sind Ihre Folien vor den kleinen St\u00f6\u00dfen des t\u00e4glichen Transports&hellip;","jetpack_sharing_enabled":true,"_links":{"self":[{"href":"https:\/\/old.srokacompany.com\/de\/wp-json\/wp\/v2\/product\/348367","targetHints":{"allow":["GET"]}}],"collection":[{"href":"https:\/\/old.srokacompany.com\/de\/wp-json\/wp\/v2\/product"}],"about":[{"href":"https:\/\/old.srokacompany.com\/de\/wp-json\/wp\/v2\/types\/product"}],"wp:featuredmedia":[{"embeddable":true,"href":"https:\/\/old.srokacompany.com\/de\/wp-json\/wp\/v2\/media\/348368"}],"wp:attachment":[{"href":"https:\/\/old.srokacompany.com\/de\/wp-json\/wp\/v2\/media?parent=348367"}],"wp:term":[{"taxonomy":"product_brand","embeddable":true,"href":"https:\/\/old.srokacompany.com\/de\/wp-json\/wp\/v2\/product_brand?post=348367"},{"taxonomy":"product_cat","embeddable":true,"href":"https:\/\/old.srokacompany.com\/de\/wp-json\/wp\/v2\/product_cat?post=348367"},{"taxonomy":"product_tag","embeddable":true,"href":"https:\/\/old.srokacompany.com\/de\/wp-json\/wp\/v2\/product_tag?post=348367"}],"curies":[{"name":"wp","href":"https:\/\/api.w.org\/{rel}","templated":true}]}}