{"id":340868,"date":"2024-11-20T11:40:20","date_gmt":"2024-11-20T11:40:20","guid":{"rendered":"https:\/\/srokacompany.com\/produit\/s-foil-uha-700-1550\/"},"modified":"2026-01-08T16:39:38","modified_gmt":"2026-01-08T14:39:38","slug":"s-foil-uha-700-1550","status":"publish","type":"product","link":"https:\/\/old.srokacompany.com\/es\/produit\/s-foil-uha-700-1550\/","title":{"rendered":"S-foil UHA 700 &#8211; 1550"},"content":{"rendered":"<hr>\n<p class=\"p1\"><b>Descubra la S Foil Alu<span class=\"Apple-converted-space\">  <\/span>en UHA<\/b><\/p>\n<p class=\"p1\">Volar como un p\u00e1jaro, rozar la cresta de las olas a toda velocidad y descender trenes de olas sin esfuerzo, se convierte en una realidad con nuestra gama UHA (Ultra High Aspect Ratio). Esta gama, con su gran envergadura, le permite hacer foils casi sin viento ni oleaje. Utilice toda la energ\u00eda disponible en el poco oleaje para mantener la foil y volar sobre trenes de oleaje.  <\/p>\n<p class=\"p1\">Nuestro S Foil de aluminio est\u00e1 dise\u00f1ado para ofrecer una resistencia y durabilidad excepcionales sin dejar de ser ligero y maniobrable. El m\u00e1stil de aluminio proporciona rigidez adicional y una conexi\u00f3n s\u00f3lida, garantizando una estabilidad \u00f3ptima incluso en condiciones dif\u00edciles.  Si buscas un ala para ir r\u00e1pido en Downwind o para volar a favor del viento, las alas UHA han sido creadas para ti y te sorprender\u00e1n por su facilidad y rendimiento.<\/p>\n<p class=\"p2\"><b>Gama UHA Wings<\/b><\/p>\n<p class=\"p1\">La gama comprende 5 tama\u00f1os de ala:<\/p>\n<ul class=\"ul1\">\n<li class=\"li1\"><b>700 UHA (700 cm\u00b2)<\/b><\/li>\n<li class=\"li1\"><b>800 UHA (800 cm\u00b2)<\/b><\/li>\n<li class=\"li1\"><b>930 UHA (930 cm\u00b2)<\/b><\/li>\n<li class=\"li1\"><b>1100 UHA (1100 cm\u00b2)<\/b><\/li>\n<li class=\"li1\"><b>1260 UHA (1260 cm\u00b2)<\/b><\/li>\n<\/ul>\n<p class=\"p2\"><b>Caracter\u00edsticas principales<\/b><\/p>\n<ul class=\"ul1\">\n<li class=\"li1\"><b>Rendimiento<\/b>: Con la misma tecnolog\u00eda de perfil que nuestra gama HA Speed, nuestras alas UHA ofrecen una suavidad excepcional en el despegue y un rendimiento de velocidad impresionante.<\/li>\n<li class=\"li1\"><b>Versatilidad<\/b>: Se adapta perfectamente a las gamas de tablas LW y DW y a la Superfly.<\/li>\n<li class=\"li1\"><b>Facilidad de uso<\/b>: Dise\u00f1adas para un manejo r\u00e1pido y una f\u00e1cil maniobrabilidad, estas alas son ideales para todos los niveles de piloto de planeador.<\/li>\n<li class=\"li1\"><b>Durabilidad<\/b>: El m\u00e1stil de aluminio garantiza durabilidad a largo plazo y una resistencia superior al desgaste.<\/li>\n<\/ul>\n<p class=\"p2\"><b>Velocidad, Glide y manejo<\/b><\/p>\n<p class=\"p1\">Es imposible sentirse decepcionado con esta gama UHA. Velocidad, planeo y manejabilidad son las tres palabras que mejor la caracterizan. Con nuestra S Foil de aluminio y las alas UHA, cada sesi\u00f3n se convierte en una experiencia inolvidable, tanto si eres un principiante ambicioso como un experto en busca de nuevas sensaciones.  <\/p>\n<p>Distanciador de ajuste suministrado con esta gama.<\/p>\n","protected":false},"excerpt":{"rendered":"<p>\u00a1Explora la m\u00e1xima sensaci\u00f3n de planeo con la <b>SROKA Foil Alu UHA<\/b>! Dise\u00f1ada para <b>Downwind<\/b> y <b>Wing foil<\/b>, esta gama Ultra High Aspect Ratio (UHA) te permite volar sin esfuerzo, incluso con poco viento u oleaje. Disfruta de <b>una velocidad incre\u00edble<\/b>, <b>un Glide excepcional<\/b> y <b>un manejo perfecto<\/b> gracias a su robusta y ligera construcci\u00f3n de aluminio. Descubre las 5 tallas UHA y convierte cada sesi\u00f3n en una experiencia inolvidable de rendimiento y facilidad.  <\/p>\n","protected":false},"featured_media":340871,"template":"","meta":{"_acf_changed":false,"_uag_custom_page_level_css":""},"product_brand":[],"product_cat":[3486,3480,3484,3483,3487,3481,3485,3482,3444],"product_tag":[3429,3450,3427],"class_list":{"0":"post-340868","1":"product","2":"type-product","3":"status-publish","4":"has-post-thumbnail","6":"product_cat-ala-de-laminas-foil","7":"product_cat-foil-es","8":"product_cat-foil-gama-uha-downwind","9":"product_cat-gama-downwind-uha","10":"product_cat-laminas-de-aluminio-carbono-dockstart","11":"product_cat-laminas-de-surf-foil","12":"product_cat-todas-las-laminas-de-aluminio","13":"product_cat-todos-nuestros-sup-foil-foils-a-favor-del-viento","14":"product_cat-wing-foil-es","15":"product_tag-avanzado","16":"product_tag-experto","17":"product_tag-ingenioso","18":"product_shipping_class-foil-unidad-completa-o-piezas-alas","20":"first","21":"instock","22":"taxable","23":"shipping-taxable","24":"purchasable","25":"product-type-variable"},"acf":[],"yoast_head":"<!-- This site is optimized with the Yoast SEO plugin v27.4 - https:\/\/yoast.com\/product\/yoast-seo-wordpress\/ -->\n<title>S-foil UHA 700 - 1550 - SROKA Company<\/title>\n<meta name=\"description\" content=\"Descubre la velocidad y la potencia de la 550 HA S. Un ala dedicada para todos aquellos que quieran llevar al l\u00edmite su velocidad m\u00e1xima.\" \/>\n<meta name=\"robots\" content=\"index, follow, max-snippet:-1, max-image-preview:large, max-video-preview:-1\" \/>\n<link rel=\"canonical\" href=\"https:\/\/old.srokacompany.com\/es\/produit\/s-foil-uha-700-1550\/\" \/>\n<meta property=\"og:locale\" content=\"es_ES\" \/>\n<meta property=\"og:type\" content=\"article\" \/>\n<meta property=\"og:title\" content=\"S-foil UHA 700 - 1550 - SROKA Company\" \/>\n<meta property=\"og:description\" content=\"Descubre la velocidad y la potencia de la 550 HA S. Un ala dedicada para todos aquellos que quieran llevar al l\u00edmite su velocidad m\u00e1xima.\" \/>\n<meta property=\"og:url\" content=\"https:\/\/old.srokacompany.com\/es\/produit\/s-foil-uha-700-1550\/\" \/>\n<meta property=\"og:site_name\" content=\"SROKA Company\" \/>\n<meta property=\"article:publisher\" content=\"https:\/\/www.facebook.com\/srokawatersports\/\" \/>\n<meta property=\"article:modified_time\" content=\"2026-01-08T14:39:38+00:00\" \/>\n<meta property=\"og:image\" content=\"https:\/\/srokacompany.com\/wp-content\/uploads\/2024\/10\/800.alu-transparent.png\" \/>\n\t<meta property=\"og:image:width\" content=\"2560\" \/>\n\t<meta property=\"og:image:height\" content=\"1920\" \/>\n\t<meta property=\"og:image:type\" content=\"image\/png\" \/>\n<meta name=\"twitter:label1\" content=\"Tiempo de lectura\" \/>\n\t<meta name=\"twitter:data1\" content=\"2 minutos\" \/>\n<script type=\"application\/ld+json\" class=\"yoast-schema-graph\">{\"@context\":\"https:\\\/\\\/schema.org\",\"@graph\":[{\"@type\":\"WebPage\",\"@id\":\"https:\\\/\\\/old.srokacompany.com\\\/es\\\/produit\\\/s-foil-uha-700-1550\\\/\",\"url\":\"https:\\\/\\\/old.srokacompany.com\\\/es\\\/produit\\\/s-foil-uha-700-1550\\\/\",\"name\":\"S-foil UHA 700 - 1550 - SROKA Company\",\"isPartOf\":{\"@id\":\"https:\\\/\\\/srokacompany.com\\\/#website\"},\"primaryImageOfPage\":{\"@id\":\"https:\\\/\\\/old.srokacompany.com\\\/es\\\/produit\\\/s-foil-uha-700-1550\\\/#primaryimage\"},\"image\":{\"@id\":\"https:\\\/\\\/old.srokacompany.com\\\/es\\\/produit\\\/s-foil-uha-700-1550\\\/#primaryimage\"},\"thumbnailUrl\":\"https:\\\/\\\/old.srokacompany.com\\\/wp-content\\\/uploads\\\/2024\\\/10\\\/800.alu-transparent.png\",\"datePublished\":\"2024-11-20T11:40:20+00:00\",\"dateModified\":\"2026-01-08T14:39:38+00:00\",\"description\":\"Descubre la velocidad y la potencia de la 550 HA S. Un ala dedicada para todos aquellos que quieran llevar al l\u00edmite su velocidad m\u00e1xima.\",\"breadcrumb\":{\"@id\":\"https:\\\/\\\/old.srokacompany.com\\\/es\\\/produit\\\/s-foil-uha-700-1550\\\/#breadcrumb\"},\"inLanguage\":\"es\",\"potentialAction\":[{\"@type\":\"ReadAction\",\"target\":[\"https:\\\/\\\/old.srokacompany.com\\\/es\\\/produit\\\/s-foil-uha-700-1550\\\/\"]}]},{\"@type\":\"ImageObject\",\"inLanguage\":\"es\",\"@id\":\"https:\\\/\\\/old.srokacompany.com\\\/es\\\/produit\\\/s-foil-uha-700-1550\\\/#primaryimage\",\"url\":\"https:\\\/\\\/old.srokacompany.com\\\/wp-content\\\/uploads\\\/2024\\\/10\\\/800.alu-transparent.png\",\"contentUrl\":\"https:\\\/\\\/old.srokacompany.com\\\/wp-content\\\/uploads\\\/2024\\\/10\\\/800.alu-transparent.png\",\"width\":2560,\"height\":1920,\"caption\":\"foil downwind polyvalent S-Foil UHA SROKA 6 tailles 700 \u00e0 1550 cm\u00b2\"},{\"@type\":\"BreadcrumbList\",\"@id\":\"https:\\\/\\\/old.srokacompany.com\\\/es\\\/produit\\\/s-foil-uha-700-1550\\\/#breadcrumb\",\"itemListElement\":[{\"@type\":\"ListItem\",\"position\":1,\"name\":\"Accueil\",\"item\":\"https:\\\/\\\/srokacompany.com\\\/es\\\/\"},{\"@type\":\"ListItem\",\"position\":2,\"name\":\"Tienda\",\"item\":\"https:\\\/\\\/srokacompany.com\\\/tienda\\\/\"},{\"@type\":\"ListItem\",\"position\":3,\"name\":\"S-foil UHA 700 &#8211; 1550\"}]},{\"@type\":\"WebSite\",\"@id\":\"https:\\\/\\\/srokacompany.com\\\/#website\",\"url\":\"https:\\\/\\\/srokacompany.com\\\/\",\"name\":\"SROKA Company\",\"description\":\"SUP, Kite, Foil, Wing\",\"publisher\":{\"@id\":\"https:\\\/\\\/srokacompany.com\\\/#organization\"},\"potentialAction\":[{\"@type\":\"SearchAction\",\"target\":{\"@type\":\"EntryPoint\",\"urlTemplate\":\"https:\\\/\\\/srokacompany.com\\\/?s={search_term_string}\"},\"query-input\":{\"@type\":\"PropertyValueSpecification\",\"valueRequired\":true,\"valueName\":\"search_term_string\"}}],\"inLanguage\":\"es\"},{\"@type\":\"Organization\",\"@id\":\"https:\\\/\\\/srokacompany.com\\\/#organization\",\"name\":\"SROKACOMPANY\",\"alternateName\":\"SROKA\",\"url\":\"https:\\\/\\\/srokacompany.com\\\/\",\"logo\":{\"@type\":\"ImageObject\",\"inLanguage\":\"es\",\"@id\":\"https:\\\/\\\/srokacompany.com\\\/#\\\/schema\\\/logo\\\/image\\\/\",\"url\":\"https:\\\/\\\/srokacompany.com\\\/wp-content\\\/uploads\\\/2021\\\/01\\\/logo-sroka-black-transpa.png\",\"contentUrl\":\"https:\\\/\\\/srokacompany.com\\\/wp-content\\\/uploads\\\/2021\\\/01\\\/logo-sroka-black-transpa.png\",\"width\":1201,\"height\":342,\"caption\":\"SROKACOMPANY\"},\"image\":{\"@id\":\"https:\\\/\\\/srokacompany.com\\\/#\\\/schema\\\/logo\\\/image\\\/\"},\"sameAs\":[\"https:\\\/\\\/www.facebook.com\\\/srokawatersports\\\/\",\"https:\\\/\\\/www.instagram.com\\\/srokawatersports\\\/\",\"https:\\\/\\\/www.youtube.com\\\/channel\\\/UCVLHHeaPIm-J5bdEUgxqtZA\"]}]}<\/script>\n<!-- \/ Yoast SEO plugin. -->","yoast_head_json":{"title":"S-foil UHA 700 - 1550 - SROKA Company","description":"Descubre la velocidad y la potencia de la 550 HA S. Un ala dedicada para todos aquellos que quieran llevar al l\u00edmite su velocidad m\u00e1xima.","robots":{"index":"index","follow":"follow","max-snippet":"max-snippet:-1","max-image-preview":"max-image-preview:large","max-video-preview":"max-video-preview:-1"},"canonical":"https:\/\/old.srokacompany.com\/es\/produit\/s-foil-uha-700-1550\/","og_locale":"es_ES","og_type":"article","og_title":"S-foil UHA 700 - 1550 - SROKA Company","og_description":"Descubre la velocidad y la potencia de la 550 HA S. Un ala dedicada para todos aquellos que quieran llevar al l\u00edmite su velocidad m\u00e1xima.","og_url":"https:\/\/old.srokacompany.com\/es\/produit\/s-foil-uha-700-1550\/","og_site_name":"SROKA Company","article_publisher":"https:\/\/www.facebook.com\/srokawatersports\/","article_modified_time":"2026-01-08T14:39:38+00:00","og_image":[{"width":2560,"height":1920,"url":"https:\/\/srokacompany.com\/wp-content\/uploads\/2024\/10\/800.alu-transparent.png","type":"image\/png"}],"twitter_misc":{"Tiempo de lectura":"2 minutos"},"schema":{"@context":"https:\/\/schema.org","@graph":[{"@type":"WebPage","@id":"https:\/\/old.srokacompany.com\/es\/produit\/s-foil-uha-700-1550\/","url":"https:\/\/old.srokacompany.com\/es\/produit\/s-foil-uha-700-1550\/","name":"S-foil UHA 700 - 1550 - SROKA Company","isPartOf":{"@id":"https:\/\/srokacompany.com\/#website"},"primaryImageOfPage":{"@id":"https:\/\/old.srokacompany.com\/es\/produit\/s-foil-uha-700-1550\/#primaryimage"},"image":{"@id":"https:\/\/old.srokacompany.com\/es\/produit\/s-foil-uha-700-1550\/#primaryimage"},"thumbnailUrl":"https:\/\/old.srokacompany.com\/wp-content\/uploads\/2024\/10\/800.alu-transparent.png","datePublished":"2024-11-20T11:40:20+00:00","dateModified":"2026-01-08T14:39:38+00:00","description":"Descubre la velocidad y la potencia de la 550 HA S. Un ala dedicada para todos aquellos que quieran llevar al l\u00edmite su velocidad m\u00e1xima.","breadcrumb":{"@id":"https:\/\/old.srokacompany.com\/es\/produit\/s-foil-uha-700-1550\/#breadcrumb"},"inLanguage":"es","potentialAction":[{"@type":"ReadAction","target":["https:\/\/old.srokacompany.com\/es\/produit\/s-foil-uha-700-1550\/"]}]},{"@type":"ImageObject","inLanguage":"es","@id":"https:\/\/old.srokacompany.com\/es\/produit\/s-foil-uha-700-1550\/#primaryimage","url":"https:\/\/old.srokacompany.com\/wp-content\/uploads\/2024\/10\/800.alu-transparent.png","contentUrl":"https:\/\/old.srokacompany.com\/wp-content\/uploads\/2024\/10\/800.alu-transparent.png","width":2560,"height":1920,"caption":"foil downwind polyvalent S-Foil UHA SROKA 6 tailles 700 \u00e0 1550 cm\u00b2"},{"@type":"BreadcrumbList","@id":"https:\/\/old.srokacompany.com\/es\/produit\/s-foil-uha-700-1550\/#breadcrumb","itemListElement":[{"@type":"ListItem","position":1,"name":"Accueil","item":"https:\/\/srokacompany.com\/es\/"},{"@type":"ListItem","position":2,"name":"Tienda","item":"https:\/\/srokacompany.com\/tienda\/"},{"@type":"ListItem","position":3,"name":"S-foil UHA 700 &#8211; 1550"}]},{"@type":"WebSite","@id":"https:\/\/srokacompany.com\/#website","url":"https:\/\/srokacompany.com\/","name":"SROKA Company","description":"SUP, Kite, Foil, Wing","publisher":{"@id":"https:\/\/srokacompany.com\/#organization"},"potentialAction":[{"@type":"SearchAction","target":{"@type":"EntryPoint","urlTemplate":"https:\/\/srokacompany.com\/?s={search_term_string}"},"query-input":{"@type":"PropertyValueSpecification","valueRequired":true,"valueName":"search_term_string"}}],"inLanguage":"es"},{"@type":"Organization","@id":"https:\/\/srokacompany.com\/#organization","name":"SROKACOMPANY","alternateName":"SROKA","url":"https:\/\/srokacompany.com\/","logo":{"@type":"ImageObject","inLanguage":"es","@id":"https:\/\/srokacompany.com\/#\/schema\/logo\/image\/","url":"https:\/\/srokacompany.com\/wp-content\/uploads\/2021\/01\/logo-sroka-black-transpa.png","contentUrl":"https:\/\/srokacompany.com\/wp-content\/uploads\/2021\/01\/logo-sroka-black-transpa.png","width":1201,"height":342,"caption":"SROKACOMPANY"},"image":{"@id":"https:\/\/srokacompany.com\/#\/schema\/logo\/image\/"},"sameAs":["https:\/\/www.facebook.com\/srokawatersports\/","https:\/\/www.instagram.com\/srokawatersports\/","https:\/\/www.youtube.com\/channel\/UCVLHHeaPIm-J5bdEUgxqtZA"]}]}},"uagb_featured_image_src":{"full":["https:\/\/old.srokacompany.com\/wp-content\/uploads\/2024\/10\/800.alu-transparent.png",2560,1920,false],"thumbnail":["https:\/\/old.srokacompany.com\/wp-content\/uploads\/2024\/10\/800.alu-transparent-150x150.png",150,150,true],"medium":["https:\/\/old.srokacompany.com\/wp-content\/uploads\/2024\/10\/800.alu-transparent-300x225.png",300,225,true],"medium_large":["https:\/\/old.srokacompany.com\/wp-content\/uploads\/2024\/10\/800.alu-transparent-768x576.png",768,576,true],"large":["https:\/\/old.srokacompany.com\/wp-content\/uploads\/2024\/10\/800.alu-transparent-1024x768.png",1024,768,true],"1536x1536":["https:\/\/old.srokacompany.com\/wp-content\/uploads\/2024\/10\/800.alu-transparent-1536x1152.png",1536,1152,true],"2048x2048":["https:\/\/old.srokacompany.com\/wp-content\/uploads\/2024\/10\/800.alu-transparent-2048x1536.png",2048,1536,true],"woocommerce_thumbnail":["https:\/\/old.srokacompany.com\/wp-content\/uploads\/2024\/10\/800.alu-transparent-600x450.png",600,450,true],"woocommerce_single":["https:\/\/old.srokacompany.com\/wp-content\/uploads\/2024\/10\/800.alu-transparent-600x450.png",600,450,true],"woocommerce_gallery_thumbnail":["https:\/\/old.srokacompany.com\/wp-content\/uploads\/2024\/10\/800.alu-transparent-100x100.png",100,100,true],"dgwt-wcas-product-suggestion":["https:\/\/old.srokacompany.com\/wp-content\/uploads\/2024\/10\/800.alu-transparent.png",64,48,false]},"uagb_author_info":{"display_name":"Emmanuel DIJOUX","author_link":"https:\/\/old.srokacompany.com\/es\/blog\/author\/"},"uagb_comment_info":0,"uagb_excerpt":"\u00a1Explora la m\u00e1xima sensaci\u00f3n de planeo con la SROKA Foil Alu UHA! Dise\u00f1ada para Downwind y Wing foil, esta gama Ultra High Aspect Ratio (UHA) te permite volar sin esfuerzo, incluso con poco viento u oleaje. Disfruta de una velocidad incre\u00edble, un Glide excepcional y un manejo perfecto gracias a su robusta y ligera construcci\u00f3n&hellip;","jetpack_sharing_enabled":true,"_links":{"self":[{"href":"https:\/\/old.srokacompany.com\/es\/wp-json\/wp\/v2\/product\/340868","targetHints":{"allow":["GET"]}}],"collection":[{"href":"https:\/\/old.srokacompany.com\/es\/wp-json\/wp\/v2\/product"}],"about":[{"href":"https:\/\/old.srokacompany.com\/es\/wp-json\/wp\/v2\/types\/product"}],"wp:featuredmedia":[{"embeddable":true,"href":"https:\/\/old.srokacompany.com\/es\/wp-json\/wp\/v2\/media\/340871"}],"wp:attachment":[{"href":"https:\/\/old.srokacompany.com\/es\/wp-json\/wp\/v2\/media?parent=340868"}],"wp:term":[{"taxonomy":"product_brand","embeddable":true,"href":"https:\/\/old.srokacompany.com\/es\/wp-json\/wp\/v2\/product_brand?post=340868"},{"taxonomy":"product_cat","embeddable":true,"href":"https:\/\/old.srokacompany.com\/es\/wp-json\/wp\/v2\/product_cat?post=340868"},{"taxonomy":"product_tag","embeddable":true,"href":"https:\/\/old.srokacompany.com\/es\/wp-json\/wp\/v2\/product_tag?post=340868"}],"curies":[{"name":"wp","href":"https:\/\/api.w.org\/{rel}","templated":true}]}}