{"id":341798,"date":"2020-10-21T07:26:06","date_gmt":"2020-10-21T07:26:06","guid":{"rendered":"https:\/\/srokacompany.com\/produit\/calzos-de-ajuste-s-foil-sroka-g10\/"},"modified":"2025-11-03T12:07:00","modified_gmt":"2025-11-03T10:07:00","slug":"calzos-de-ajuste-s-foil-sroka-g10","status":"publish","type":"product","link":"https:\/\/old.srokacompany.com\/es\/produit\/calzos-de-ajuste-s-foil-sroka-g10\/","title":{"rendered":"Calzos de ajuste S-Foil SROKA G10"},"content":{"rendered":"<hr>\n<h2>Calzos de ajuste S-Foil SROKA<\/h2>\n<p>Este juego de cu\u00f1as producido en G10 le permite variar el \u00e1ngulo del estabilizador del S-Foil. Esta variaci\u00f3n en el \u00e1ngulo permite aumentar el rango de uso del S-Foil. Estas <strong>cu\u00f1as de ajuste SROKA S-Foil <\/strong> se colocan entre el fuselaje y el estabilizador.   Si est\u00e1 utilizando los estabilizadores recomendados, no necesitar\u00e1 cu\u00f1as de ajuste a menos que est\u00e9 buscando personalizar y afinar su estabilizador para que est\u00e9 m\u00e1s equilibrado o vaya m\u00e1s r\u00e1pido.<\/p>\n<p>Le ofrecemos una peque\u00f1a <strong>caja con 8 cu\u00f1as<\/strong> de diferentes \u00e1ngulos.<\/p>\n<ul>\n<li>+ y &#8211; 0,25\u00b0.<\/li>\n<li>+ y &#8211; 0,5\u00b0.<\/li>\n<li>+ y &#8211; 1\u00b0.<\/li>\n<li>+ y &#8211; 2\u00b0.<\/li>\n<\/ul>\n<p>Esto significa que puede ajustar de + 3,75\u00b0 a -3,75\u00b0 con precisi\u00f3n cada 0,25\u00b0.<\/p>\n<p>&nbsp;<\/p>\n","protected":false},"excerpt":{"rendered":"<p>Calzos de ajuste S-Foil SROKA Este juego de cu\u00f1as producido en G10 le permite variar el \u00e1ngulo del estabilizador del S-Foil. Esta variaci\u00f3n en el \u00e1ngulo permite aumentar el rango de uso del S-Foil. Estas cu\u00f1as de ajuste SROKA S-Foil se colocan entre el fuselaje y el estabilizador. Si est\u00e1 utilizando los estabilizadores recomendados, no [&hellip;]<\/p>\n","protected":false},"featured_media":341800,"template":"","meta":{"_acf_changed":false,"_uag_custom_page_level_css":""},"product_brand":[],"product_cat":[3584,4219,3583,3461,3643],"product_tag":[],"class_list":{"0":"post-341798","1":"product","2":"type-product","3":"status-publish","4":"has-post-thumbnail","6":"product_cat-accesorios-de-surf-foil","7":"product_cat-accesorios-dockstart","8":"product_cat-accesorios-foil","9":"product_cat-accesorios-wing-foil","10":"product_cat-arranque-en-muelle-y-bombeo","11":"product_shipping_class-pequenos-envios","13":"first","14":"instock","15":"taxable","16":"shipping-taxable","17":"purchasable","18":"product-type-simple"},"acf":[],"yoast_head":"<!-- This site is optimized with the Yoast SEO plugin v27.4 - https:\/\/yoast.com\/product\/yoast-seo-wordpress\/ -->\n<title>Calzos de ajuste S-Foil SROKA G10 - SROKA Company<\/title>\n<meta name=\"description\" content=\"Este juego de calas de ajuste S-Foil es un acelerador del rendimiento. Aumenta la velocidad variando el \u00e1ngulo del estabilizador SROKA.\" \/>\n<meta name=\"robots\" content=\"index, follow, max-snippet:-1, max-image-preview:large, max-video-preview:-1\" \/>\n<link rel=\"canonical\" href=\"https:\/\/old.srokacompany.com\/es\/produit\/calzos-de-ajuste-s-foil-sroka-g10\/\" \/>\n<meta property=\"og:locale\" content=\"es_ES\" \/>\n<meta property=\"og:type\" content=\"article\" \/>\n<meta property=\"og:title\" content=\"Calzos de ajuste S-Foil SROKA G10 - SROKA Company\" \/>\n<meta property=\"og:description\" content=\"Este juego de calas de ajuste S-Foil es un acelerador del rendimiento. Aumenta la velocidad variando el \u00e1ngulo del estabilizador SROKA.\" \/>\n<meta property=\"og:url\" content=\"https:\/\/old.srokacompany.com\/es\/produit\/calzos-de-ajuste-s-foil-sroka-g10\/\" \/>\n<meta property=\"og:site_name\" content=\"SROKA Company\" \/>\n<meta property=\"article:publisher\" content=\"https:\/\/www.facebook.com\/srokawatersports\/\" \/>\n<meta property=\"article:modified_time\" content=\"2025-11-03T10:07:00+00:00\" \/>\n<meta property=\"og:image\" content=\"https:\/\/srokacompany.com\/wp-content\/uploads\/2020\/10\/Photo-produit-planche-foils-et-packs-13.jpg\" \/>\n\t<meta property=\"og:image:width\" content=\"740\" \/>\n\t<meta property=\"og:image:height\" content=\"1080\" \/>\n\t<meta property=\"og:image:type\" content=\"image\/jpeg\" \/>\n<meta name=\"twitter:label1\" content=\"Tiempo de lectura\" \/>\n\t<meta name=\"twitter:data1\" content=\"1 minuto\" \/>\n<script type=\"application\/ld+json\" class=\"yoast-schema-graph\">{\"@context\":\"https:\\\/\\\/schema.org\",\"@graph\":[{\"@type\":\"WebPage\",\"@id\":\"https:\\\/\\\/old.srokacompany.com\\\/es\\\/produit\\\/calzos-de-ajuste-s-foil-sroka-g10\\\/\",\"url\":\"https:\\\/\\\/old.srokacompany.com\\\/es\\\/produit\\\/calzos-de-ajuste-s-foil-sroka-g10\\\/\",\"name\":\"Calzos de ajuste S-Foil SROKA G10 - SROKA Company\",\"isPartOf\":{\"@id\":\"https:\\\/\\\/srokacompany.com\\\/#website\"},\"primaryImageOfPage\":{\"@id\":\"https:\\\/\\\/old.srokacompany.com\\\/es\\\/produit\\\/calzos-de-ajuste-s-foil-sroka-g10\\\/#primaryimage\"},\"image\":{\"@id\":\"https:\\\/\\\/old.srokacompany.com\\\/es\\\/produit\\\/calzos-de-ajuste-s-foil-sroka-g10\\\/#primaryimage\"},\"thumbnailUrl\":\"https:\\\/\\\/old.srokacompany.com\\\/wp-content\\\/uploads\\\/2020\\\/10\\\/Photo-produit-planche-foils-et-packs-13.jpg\",\"datePublished\":\"2020-10-21T07:26:06+00:00\",\"dateModified\":\"2025-11-03T10:07:00+00:00\",\"description\":\"Este juego de calas de ajuste S-Foil es un acelerador del rendimiento. Aumenta la velocidad variando el \u00e1ngulo del estabilizador SROKA.\",\"breadcrumb\":{\"@id\":\"https:\\\/\\\/old.srokacompany.com\\\/es\\\/produit\\\/calzos-de-ajuste-s-foil-sroka-g10\\\/#breadcrumb\"},\"inLanguage\":\"es\",\"potentialAction\":[{\"@type\":\"ReadAction\",\"target\":[\"https:\\\/\\\/old.srokacompany.com\\\/es\\\/produit\\\/calzos-de-ajuste-s-foil-sroka-g10\\\/\"]}]},{\"@type\":\"ImageObject\",\"inLanguage\":\"es\",\"@id\":\"https:\\\/\\\/old.srokacompany.com\\\/es\\\/produit\\\/calzos-de-ajuste-s-foil-sroka-g10\\\/#primaryimage\",\"url\":\"https:\\\/\\\/old.srokacompany.com\\\/wp-content\\\/uploads\\\/2020\\\/10\\\/Photo-produit-planche-foils-et-packs-13.jpg\",\"contentUrl\":\"https:\\\/\\\/old.srokacompany.com\\\/wp-content\\\/uploads\\\/2020\\\/10\\\/Photo-produit-planche-foils-et-packs-13.jpg\",\"width\":740,\"height\":1080,\"caption\":\"Calzos de ajuste para foil\"},{\"@type\":\"BreadcrumbList\",\"@id\":\"https:\\\/\\\/old.srokacompany.com\\\/es\\\/produit\\\/calzos-de-ajuste-s-foil-sroka-g10\\\/#breadcrumb\",\"itemListElement\":[{\"@type\":\"ListItem\",\"position\":1,\"name\":\"Accueil\",\"item\":\"https:\\\/\\\/srokacompany.com\\\/es\\\/\"},{\"@type\":\"ListItem\",\"position\":2,\"name\":\"Tienda\",\"item\":\"https:\\\/\\\/srokacompany.com\\\/tienda\\\/\"},{\"@type\":\"ListItem\",\"position\":3,\"name\":\"Calzos de ajuste S-Foil SROKA G10\"}]},{\"@type\":\"WebSite\",\"@id\":\"https:\\\/\\\/srokacompany.com\\\/#website\",\"url\":\"https:\\\/\\\/srokacompany.com\\\/\",\"name\":\"SROKA Company\",\"description\":\"SUP, Kite, Foil, Wing\",\"publisher\":{\"@id\":\"https:\\\/\\\/srokacompany.com\\\/#organization\"},\"potentialAction\":[{\"@type\":\"SearchAction\",\"target\":{\"@type\":\"EntryPoint\",\"urlTemplate\":\"https:\\\/\\\/srokacompany.com\\\/?s={search_term_string}\"},\"query-input\":{\"@type\":\"PropertyValueSpecification\",\"valueRequired\":true,\"valueName\":\"search_term_string\"}}],\"inLanguage\":\"es\"},{\"@type\":\"Organization\",\"@id\":\"https:\\\/\\\/srokacompany.com\\\/#organization\",\"name\":\"SROKACOMPANY\",\"alternateName\":\"SROKA\",\"url\":\"https:\\\/\\\/srokacompany.com\\\/\",\"logo\":{\"@type\":\"ImageObject\",\"inLanguage\":\"es\",\"@id\":\"https:\\\/\\\/srokacompany.com\\\/#\\\/schema\\\/logo\\\/image\\\/\",\"url\":\"https:\\\/\\\/srokacompany.com\\\/wp-content\\\/uploads\\\/2021\\\/01\\\/logo-sroka-black-transpa.png\",\"contentUrl\":\"https:\\\/\\\/srokacompany.com\\\/wp-content\\\/uploads\\\/2021\\\/01\\\/logo-sroka-black-transpa.png\",\"width\":1201,\"height\":342,\"caption\":\"SROKACOMPANY\"},\"image\":{\"@id\":\"https:\\\/\\\/srokacompany.com\\\/#\\\/schema\\\/logo\\\/image\\\/\"},\"sameAs\":[\"https:\\\/\\\/www.facebook.com\\\/srokawatersports\\\/\",\"https:\\\/\\\/www.instagram.com\\\/srokawatersports\\\/\",\"https:\\\/\\\/www.youtube.com\\\/channel\\\/UCVLHHeaPIm-J5bdEUgxqtZA\"]}]}<\/script>\n<!-- \/ Yoast SEO plugin. -->","yoast_head_json":{"title":"Calzos de ajuste S-Foil SROKA G10 - SROKA Company","description":"Este juego de calas de ajuste S-Foil es un acelerador del rendimiento. Aumenta la velocidad variando el \u00e1ngulo del estabilizador SROKA.","robots":{"index":"index","follow":"follow","max-snippet":"max-snippet:-1","max-image-preview":"max-image-preview:large","max-video-preview":"max-video-preview:-1"},"canonical":"https:\/\/old.srokacompany.com\/es\/produit\/calzos-de-ajuste-s-foil-sroka-g10\/","og_locale":"es_ES","og_type":"article","og_title":"Calzos de ajuste S-Foil SROKA G10 - SROKA Company","og_description":"Este juego de calas de ajuste S-Foil es un acelerador del rendimiento. Aumenta la velocidad variando el \u00e1ngulo del estabilizador SROKA.","og_url":"https:\/\/old.srokacompany.com\/es\/produit\/calzos-de-ajuste-s-foil-sroka-g10\/","og_site_name":"SROKA Company","article_publisher":"https:\/\/www.facebook.com\/srokawatersports\/","article_modified_time":"2025-11-03T10:07:00+00:00","og_image":[{"width":740,"height":1080,"url":"https:\/\/srokacompany.com\/wp-content\/uploads\/2020\/10\/Photo-produit-planche-foils-et-packs-13.jpg","type":"image\/jpeg"}],"twitter_misc":{"Tiempo de lectura":"1 minuto"},"schema":{"@context":"https:\/\/schema.org","@graph":[{"@type":"WebPage","@id":"https:\/\/old.srokacompany.com\/es\/produit\/calzos-de-ajuste-s-foil-sroka-g10\/","url":"https:\/\/old.srokacompany.com\/es\/produit\/calzos-de-ajuste-s-foil-sroka-g10\/","name":"Calzos de ajuste S-Foil SROKA G10 - SROKA Company","isPartOf":{"@id":"https:\/\/srokacompany.com\/#website"},"primaryImageOfPage":{"@id":"https:\/\/old.srokacompany.com\/es\/produit\/calzos-de-ajuste-s-foil-sroka-g10\/#primaryimage"},"image":{"@id":"https:\/\/old.srokacompany.com\/es\/produit\/calzos-de-ajuste-s-foil-sroka-g10\/#primaryimage"},"thumbnailUrl":"https:\/\/old.srokacompany.com\/wp-content\/uploads\/2020\/10\/Photo-produit-planche-foils-et-packs-13.jpg","datePublished":"2020-10-21T07:26:06+00:00","dateModified":"2025-11-03T10:07:00+00:00","description":"Este juego de calas de ajuste S-Foil es un acelerador del rendimiento. Aumenta la velocidad variando el \u00e1ngulo del estabilizador SROKA.","breadcrumb":{"@id":"https:\/\/old.srokacompany.com\/es\/produit\/calzos-de-ajuste-s-foil-sroka-g10\/#breadcrumb"},"inLanguage":"es","potentialAction":[{"@type":"ReadAction","target":["https:\/\/old.srokacompany.com\/es\/produit\/calzos-de-ajuste-s-foil-sroka-g10\/"]}]},{"@type":"ImageObject","inLanguage":"es","@id":"https:\/\/old.srokacompany.com\/es\/produit\/calzos-de-ajuste-s-foil-sroka-g10\/#primaryimage","url":"https:\/\/old.srokacompany.com\/wp-content\/uploads\/2020\/10\/Photo-produit-planche-foils-et-packs-13.jpg","contentUrl":"https:\/\/old.srokacompany.com\/wp-content\/uploads\/2020\/10\/Photo-produit-planche-foils-et-packs-13.jpg","width":740,"height":1080,"caption":"Calzos de ajuste para foil"},{"@type":"BreadcrumbList","@id":"https:\/\/old.srokacompany.com\/es\/produit\/calzos-de-ajuste-s-foil-sroka-g10\/#breadcrumb","itemListElement":[{"@type":"ListItem","position":1,"name":"Accueil","item":"https:\/\/srokacompany.com\/es\/"},{"@type":"ListItem","position":2,"name":"Tienda","item":"https:\/\/srokacompany.com\/tienda\/"},{"@type":"ListItem","position":3,"name":"Calzos de ajuste S-Foil SROKA G10"}]},{"@type":"WebSite","@id":"https:\/\/srokacompany.com\/#website","url":"https:\/\/srokacompany.com\/","name":"SROKA Company","description":"SUP, Kite, Foil, Wing","publisher":{"@id":"https:\/\/srokacompany.com\/#organization"},"potentialAction":[{"@type":"SearchAction","target":{"@type":"EntryPoint","urlTemplate":"https:\/\/srokacompany.com\/?s={search_term_string}"},"query-input":{"@type":"PropertyValueSpecification","valueRequired":true,"valueName":"search_term_string"}}],"inLanguage":"es"},{"@type":"Organization","@id":"https:\/\/srokacompany.com\/#organization","name":"SROKACOMPANY","alternateName":"SROKA","url":"https:\/\/srokacompany.com\/","logo":{"@type":"ImageObject","inLanguage":"es","@id":"https:\/\/srokacompany.com\/#\/schema\/logo\/image\/","url":"https:\/\/srokacompany.com\/wp-content\/uploads\/2021\/01\/logo-sroka-black-transpa.png","contentUrl":"https:\/\/srokacompany.com\/wp-content\/uploads\/2021\/01\/logo-sroka-black-transpa.png","width":1201,"height":342,"caption":"SROKACOMPANY"},"image":{"@id":"https:\/\/srokacompany.com\/#\/schema\/logo\/image\/"},"sameAs":["https:\/\/www.facebook.com\/srokawatersports\/","https:\/\/www.instagram.com\/srokawatersports\/","https:\/\/www.youtube.com\/channel\/UCVLHHeaPIm-J5bdEUgxqtZA"]}]}},"uagb_featured_image_src":{"full":["https:\/\/old.srokacompany.com\/wp-content\/uploads\/2020\/10\/Photo-produit-planche-foils-et-packs-13.jpg",740,1080,false],"thumbnail":["https:\/\/old.srokacompany.com\/wp-content\/uploads\/2020\/10\/Photo-produit-planche-foils-et-packs-13-150x150.jpg",150,150,true],"medium":["https:\/\/old.srokacompany.com\/wp-content\/uploads\/2020\/10\/Photo-produit-planche-foils-et-packs-13-206x300.jpg",206,300,true],"medium_large":["https:\/\/old.srokacompany.com\/wp-content\/uploads\/2020\/10\/Photo-produit-planche-foils-et-packs-13.jpg",740,1080,false],"large":["https:\/\/old.srokacompany.com\/wp-content\/uploads\/2020\/10\/Photo-produit-planche-foils-et-packs-13-702x1024.jpg",702,1024,true],"1536x1536":["https:\/\/old.srokacompany.com\/wp-content\/uploads\/2020\/10\/Photo-produit-planche-foils-et-packs-13.jpg",740,1080,false],"2048x2048":["https:\/\/old.srokacompany.com\/wp-content\/uploads\/2020\/10\/Photo-produit-planche-foils-et-packs-13.jpg",740,1080,false],"woocommerce_thumbnail":["https:\/\/old.srokacompany.com\/wp-content\/uploads\/2020\/10\/Photo-produit-planche-foils-et-packs-13-600x876.jpg",600,876,true],"woocommerce_single":["https:\/\/old.srokacompany.com\/wp-content\/uploads\/2020\/10\/Photo-produit-planche-foils-et-packs-13-600x876.jpg",600,876,true],"woocommerce_gallery_thumbnail":["https:\/\/old.srokacompany.com\/wp-content\/uploads\/2020\/10\/Photo-produit-planche-foils-et-packs-13-100x100.jpg",100,100,true],"dgwt-wcas-product-suggestion":["https:\/\/old.srokacompany.com\/wp-content\/uploads\/2020\/10\/Photo-produit-planche-foils-et-packs-13.jpg",64,93,false]},"uagb_author_info":{"display_name":"Bruno Sroka","author_link":"https:\/\/old.srokacompany.com\/es\/blog\/author\/"},"uagb_comment_info":0,"uagb_excerpt":"Calzos de ajuste S-Foil SROKA Este juego de cu\u00f1as producido en G10 le permite variar el \u00e1ngulo del estabilizador del S-Foil. Esta variaci\u00f3n en el \u00e1ngulo permite aumentar el rango de uso del S-Foil. Estas cu\u00f1as de ajuste SROKA S-Foil se colocan entre el fuselaje y el estabilizador. Si est\u00e1 utilizando los estabilizadores recomendados, no&hellip;","jetpack_sharing_enabled":true,"_links":{"self":[{"href":"https:\/\/old.srokacompany.com\/es\/wp-json\/wp\/v2\/product\/341798","targetHints":{"allow":["GET"]}}],"collection":[{"href":"https:\/\/old.srokacompany.com\/es\/wp-json\/wp\/v2\/product"}],"about":[{"href":"https:\/\/old.srokacompany.com\/es\/wp-json\/wp\/v2\/types\/product"}],"wp:featuredmedia":[{"embeddable":true,"href":"https:\/\/old.srokacompany.com\/es\/wp-json\/wp\/v2\/media\/341800"}],"wp:attachment":[{"href":"https:\/\/old.srokacompany.com\/es\/wp-json\/wp\/v2\/media?parent=341798"}],"wp:term":[{"taxonomy":"product_brand","embeddable":true,"href":"https:\/\/old.srokacompany.com\/es\/wp-json\/wp\/v2\/product_brand?post=341798"},{"taxonomy":"product_cat","embeddable":true,"href":"https:\/\/old.srokacompany.com\/es\/wp-json\/wp\/v2\/product_cat?post=341798"},{"taxonomy":"product_tag","embeddable":true,"href":"https:\/\/old.srokacompany.com\/es\/wp-json\/wp\/v2\/product_tag?post=341798"}],"curies":[{"name":"wp","href":"https:\/\/api.w.org\/{rel}","templated":true}]}}