{"id":341846,"date":"2020-11-17T10:33:39","date_gmt":"2020-11-17T10:33:39","guid":{"rendered":"https:\/\/srokacompany.com\/produit\/guardabarros-delantero-s-foil-high-aspect-1190\/"},"modified":"2025-11-25T11:07:55","modified_gmt":"2025-11-25T09:07:55","slug":"guardabarros-delantero-s-foil-high-aspect-1190","status":"publish","type":"product","link":"https:\/\/old.srokacompany.com\/es\/produit\/guardabarros-delantero-s-foil-high-aspect-1190\/","title":{"rendered":"Guardabarros delantero S-Foil High Aspect 1190"},"content":{"rendered":"<hr>\n<h2 style=\"text-align: justify;\">Elija su ala High Aspect<\/h2>\n<p style=\"text-align: justify;\">Para mejorar nuestra gama de aletas delanteras en foil, a\u00f1adimos la <a href=\"https:\/\/srokacompany.com\/es\/produit\/s-foil-aspecto-alto-1190\/\">gama High Aspect<\/a> a la cl\u00e1sica <a href=\"https:\/\/srokacompany.com\/es\/eshop\/surf-foil-es\/\"><strong>S Foil <\/strong><\/a>. Mientras que la relaci\u00f3n de aspecto media de la Classic ofrece carving y versatilidad, aqu\u00ed hemos dise\u00f1ado alerones delanteros con un planeo y un bombeo sin concesiones. Cada High Aspect tiene un perfil \u00fanico, que dise\u00f1amos recopilando comentarios de nuestros clientes para construir el arma de planeo definitiva:<\/p>\n<ul>\n<li style=\"text-align: justify;\">El <a href=\"https:\/\/srokacompany.com\/es\/eshop\/todas-nuestras-laminas-de-alto-aspecto\/\"><strong>HA 1190 S (velocidad)<\/strong><\/a> es perfecta para <a href=\"https:\/\/srokacompany.com\/es\/blog\/como-virar-hacer-una-virada-en-wingfoil\/\"><strong>Wing foil<\/strong><\/a>. Tambi\u00e9n ser\u00e1 excelente para aquellos que quieran montar potentes trenes de swell, pero tambi\u00e9n en otras disciplinas del Foil como el Wind Foil y <strong> <a href=\"https:\/\/srokacompany.com\/es\/eshop\/palas-hinchables\/\">el Kite Foil<\/a> <\/strong>. Proporciona una sensaci\u00f3n de velocidad, planeo y control absoluto que cambiar\u00e1 tu visi\u00f3n del Foil. Tambi\u00e9n ofrece un bombeo excelente. Este perfil es m\u00e1s r\u00e1pido, pero menos flotante que el Lift. Gracias a su escala y perfil, tu experiencia nunca ser\u00e1 castigadora y mantendr\u00e1s el control sin importar la situaci\u00f3n.<\/li>\n<li style=\"text-align: justify;\"><a href=\"https:\/\/srokacompany.com\/es\/eshop\/todas-nuestras-laminas-de-alto-aspecto\/\"><br \/>\n  <strong>El HA 1190 L (Lift)<\/strong><br \/>\n<\/a> est\u00e1 aqu\u00ed para satisfacer tus antojos de surf. Se revelar\u00e1 por completo en Surf Foil, <strong>SUP foil<\/strong>y Wake Foil. Esta cometa se beneficia de un perfil con casi un 20% m\u00e1s de sustentaci\u00f3n que la Speed.  Genera un bombeo y deslizamiento desconcertantemente f\u00e1cil y suave, con un rendimiento de alto vuelo. Sin esfuerzo, podr\u00e1s volver a conectar las olas y los trenes de oleaje hasta el infinito.<\/li>\n<\/ul>\n<p style=\"text-align: justify;\">Descubra un nuevo mundo de sensaciones con nuestras <strong>HA 1190 S<\/strong> y <strong>HA 1190 <\/strong>L, y c\u00f3mo elegir el perfil de alto aspecto adecuado a continuaci\u00f3n. Nuestras <a href=\"https:\/\/srokacompany.com\/es\/produit\/s-foil-aspecto-alto-1190\/\">S Foil<\/a> se suministran en un <a href=\"https:\/\/srokacompany.com\/es\/produit\/funda-protectora-para-laminas\/\">estuche protector<\/a>. <\/p>\n<blockquote class=\"wp-embedded-content\" data-secret=\"2TdXFKITRb\"><p><a href=\"https:\/\/srokacompany.com\/es\/especificaciones-tecnicas-de-las-alas-y-tablas-de-foil-sroka\/\">Caract\u00e9ristiques techniques des ailes et planches de foil Sroka<\/a><\/p><\/blockquote>\n<p><iframe loading=\"lazy\" class=\"wp-embedded-content\" sandbox=\"allow-scripts\" security=\"restricted\" style=\"position: absolute; visibility: hidden;\" title=\"\u00abCaract\u00e9ristiques techniques des ailes et planches de foil Sroka\u00bb \u2014 SROKA Company\" src=\"https:\/\/srokacompany.com\/es\/especificaciones-tecnicas-de-las-alas-y-tablas-de-foil-sroka\/embed\/#?secret=7HQ1DOmMIS#?secret=2TdXFKITRb\" data-secret=\"2TdXFKITRb\" width=\"500\" height=\"282\" frameborder=\"0\" marginwidth=\"0\" marginheight=\"0\" scrolling=\"no\"><\/iframe><\/p>\n","protected":false},"excerpt":{"rendered":"<p><b>Ala delantera Foil High Aspect 1190 (perfil en L):<\/b> El ala de la facilidad y el <b>despegue temprano<\/b>. Ofrece <b>m\u00e1xima sustentaci\u00f3n<\/b> a bajas revoluciones, es perfecta para pilotos de <b>Surf foil<\/b>, <b>SUP foil<\/b> y <b>Wingfoil<\/b> <b>de mayor tama\u00f1o<\/b>. Disfruta de un planeo m\u00e1gico y un <b>bombeo sin esfuerzo<\/b> para volar con vientos flojos.<b>Foil High Aspect 1190 (Perfil S):<\/b> La opci\u00f3n <b>Speed<\/b> para lo \u00faltimo en <b>rendimiento<\/b>. Ideal para <b>wingfoils<\/b> (pilotos ligeros o experimentados), ofrece <b>gran velocidad<\/b>.   <b> <\/b>  R\u00e1pida aceleraci\u00f3n y <b>maniobrabilidad<\/b> para un manejo preciso.<\/p>\n","protected":false},"featured_media":341860,"template":"","meta":{"_acf_changed":false,"_uag_custom_page_level_css":""},"product_brand":[],"product_cat":[3446,3425,3480,3469,3470,3444],"product_tag":[3429,3427],"class_list":{"0":"post-341846","1":"product","2":"type-product","3":"status-publish","4":"has-post-thumbnail","6":"product_cat-ailette-surf-foil-es","7":"product_cat-aletas-foil","8":"product_cat-foil-es","9":"product_cat-surf-foil-es","10":"product_cat-todas-nuestras-cuchillas-de-alto-aspecto","11":"product_cat-wing-foil-es","12":"product_tag-avanzado","13":"product_tag-ingenioso","14":"product_shipping_class-foil-unidad-completa-o-piezas-alas","16":"first","17":"instock","18":"sale","19":"taxable","20":"shipping-taxable","21":"purchasable","22":"product-type-variable","23":"has-default-attributes"},"acf":[],"yoast_head":"<!-- This site is optimized with the Yoast SEO plugin v27.4 - https:\/\/yoast.com\/product\/yoast-seo-wordpress\/ -->\n<title>Guardabarros delantero S-Foil High Aspect 1190 - SROKA Company - FOIL<\/title>\n<meta name=\"description\" content=\"El nuevo aler\u00f3n delantero S Foil High Aspect de Sroka y sus variantes ofrecen lo mejor de ambos mundos: prestaciones y precio.\" \/>\n<meta name=\"robots\" content=\"index, follow, max-snippet:-1, max-image-preview:large, max-video-preview:-1\" \/>\n<link rel=\"canonical\" href=\"https:\/\/old.srokacompany.com\/es\/produit\/guardabarros-delantero-s-foil-high-aspect-1190\/\" \/>\n<meta property=\"og:locale\" content=\"es_ES\" \/>\n<meta property=\"og:type\" content=\"article\" \/>\n<meta property=\"og:title\" content=\"Guardabarros delantero S-Foil High Aspect 1190 - SROKA Company - FOIL\" \/>\n<meta property=\"og:description\" content=\"El nuevo aler\u00f3n delantero S Foil High Aspect de Sroka y sus variantes ofrecen lo mejor de ambos mundos: prestaciones y precio.\" \/>\n<meta property=\"og:url\" content=\"https:\/\/old.srokacompany.com\/es\/produit\/guardabarros-delantero-s-foil-high-aspect-1190\/\" \/>\n<meta property=\"og:site_name\" content=\"SROKA Company\" \/>\n<meta property=\"article:publisher\" content=\"https:\/\/www.facebook.com\/srokawatersports\/\" \/>\n<meta property=\"article:modified_time\" content=\"2025-11-25T09:07:55+00:00\" \/>\n<meta property=\"og:image\" content=\"https:\/\/srokacompany.com\/wp-content\/uploads\/2020\/11\/aile-avant-foil-high-aspect-2.jpg\" \/>\n\t<meta property=\"og:image:width\" content=\"780\" \/>\n\t<meta property=\"og:image:height\" content=\"1040\" \/>\n\t<meta property=\"og:image:type\" content=\"image\/jpeg\" \/>\n<meta name=\"twitter:label1\" content=\"Tiempo de lectura\" \/>\n\t<meta name=\"twitter:data1\" content=\"1 minuto\" \/>\n<script type=\"application\/ld+json\" class=\"yoast-schema-graph\">{\"@context\":\"https:\\\/\\\/schema.org\",\"@graph\":[{\"@type\":\"WebPage\",\"@id\":\"https:\\\/\\\/old.srokacompany.com\\\/es\\\/produit\\\/guardabarros-delantero-s-foil-high-aspect-1190\\\/\",\"url\":\"https:\\\/\\\/old.srokacompany.com\\\/es\\\/produit\\\/guardabarros-delantero-s-foil-high-aspect-1190\\\/\",\"name\":\"Guardabarros delantero S-Foil High Aspect 1190 - SROKA Company - FOIL\",\"isPartOf\":{\"@id\":\"https:\\\/\\\/srokacompany.com\\\/#website\"},\"primaryImageOfPage\":{\"@id\":\"https:\\\/\\\/old.srokacompany.com\\\/es\\\/produit\\\/guardabarros-delantero-s-foil-high-aspect-1190\\\/#primaryimage\"},\"image\":{\"@id\":\"https:\\\/\\\/old.srokacompany.com\\\/es\\\/produit\\\/guardabarros-delantero-s-foil-high-aspect-1190\\\/#primaryimage\"},\"thumbnailUrl\":\"https:\\\/\\\/old.srokacompany.com\\\/wp-content\\\/uploads\\\/2020\\\/11\\\/aile-avant-foil-high-aspect-2.jpg\",\"datePublished\":\"2020-11-17T10:33:39+00:00\",\"dateModified\":\"2025-11-25T09:07:55+00:00\",\"description\":\"El nuevo aler\u00f3n delantero S Foil High Aspect de Sroka y sus variantes ofrecen lo mejor de ambos mundos: prestaciones y precio.\",\"breadcrumb\":{\"@id\":\"https:\\\/\\\/old.srokacompany.com\\\/es\\\/produit\\\/guardabarros-delantero-s-foil-high-aspect-1190\\\/#breadcrumb\"},\"inLanguage\":\"es\",\"potentialAction\":[{\"@type\":\"ReadAction\",\"target\":[\"https:\\\/\\\/old.srokacompany.com\\\/es\\\/produit\\\/guardabarros-delantero-s-foil-high-aspect-1190\\\/\"]}]},{\"@type\":\"ImageObject\",\"inLanguage\":\"es\",\"@id\":\"https:\\\/\\\/old.srokacompany.com\\\/es\\\/produit\\\/guardabarros-delantero-s-foil-high-aspect-1190\\\/#primaryimage\",\"url\":\"https:\\\/\\\/old.srokacompany.com\\\/wp-content\\\/uploads\\\/2020\\\/11\\\/aile-avant-foil-high-aspect-2.jpg\",\"contentUrl\":\"https:\\\/\\\/old.srokacompany.com\\\/wp-content\\\/uploads\\\/2020\\\/11\\\/aile-avant-foil-high-aspect-2.jpg\",\"width\":780,\"height\":1040,\"caption\":\"Alerones delanteros de alto aspecto para el modo de rendimiento foil, vendidos por Sroka Company\"},{\"@type\":\"BreadcrumbList\",\"@id\":\"https:\\\/\\\/old.srokacompany.com\\\/es\\\/produit\\\/guardabarros-delantero-s-foil-high-aspect-1190\\\/#breadcrumb\",\"itemListElement\":[{\"@type\":\"ListItem\",\"position\":1,\"name\":\"Accueil\",\"item\":\"https:\\\/\\\/srokacompany.com\\\/es\\\/\"},{\"@type\":\"ListItem\",\"position\":2,\"name\":\"Tienda\",\"item\":\"https:\\\/\\\/srokacompany.com\\\/tienda\\\/\"},{\"@type\":\"ListItem\",\"position\":3,\"name\":\"Guardabarros delantero S-Foil High Aspect 1190\"}]},{\"@type\":\"WebSite\",\"@id\":\"https:\\\/\\\/srokacompany.com\\\/#website\",\"url\":\"https:\\\/\\\/srokacompany.com\\\/\",\"name\":\"SROKA Company\",\"description\":\"SUP, Kite, Foil, Wing\",\"publisher\":{\"@id\":\"https:\\\/\\\/srokacompany.com\\\/#organization\"},\"potentialAction\":[{\"@type\":\"SearchAction\",\"target\":{\"@type\":\"EntryPoint\",\"urlTemplate\":\"https:\\\/\\\/srokacompany.com\\\/?s={search_term_string}\"},\"query-input\":{\"@type\":\"PropertyValueSpecification\",\"valueRequired\":true,\"valueName\":\"search_term_string\"}}],\"inLanguage\":\"es\"},{\"@type\":\"Organization\",\"@id\":\"https:\\\/\\\/srokacompany.com\\\/#organization\",\"name\":\"SROKACOMPANY\",\"alternateName\":\"SROKA\",\"url\":\"https:\\\/\\\/srokacompany.com\\\/\",\"logo\":{\"@type\":\"ImageObject\",\"inLanguage\":\"es\",\"@id\":\"https:\\\/\\\/srokacompany.com\\\/#\\\/schema\\\/logo\\\/image\\\/\",\"url\":\"https:\\\/\\\/srokacompany.com\\\/wp-content\\\/uploads\\\/2021\\\/01\\\/logo-sroka-black-transpa.png\",\"contentUrl\":\"https:\\\/\\\/srokacompany.com\\\/wp-content\\\/uploads\\\/2021\\\/01\\\/logo-sroka-black-transpa.png\",\"width\":1201,\"height\":342,\"caption\":\"SROKACOMPANY\"},\"image\":{\"@id\":\"https:\\\/\\\/srokacompany.com\\\/#\\\/schema\\\/logo\\\/image\\\/\"},\"sameAs\":[\"https:\\\/\\\/www.facebook.com\\\/srokawatersports\\\/\",\"https:\\\/\\\/www.instagram.com\\\/srokawatersports\\\/\",\"https:\\\/\\\/www.youtube.com\\\/channel\\\/UCVLHHeaPIm-J5bdEUgxqtZA\"]}]}<\/script>\n<!-- \/ Yoast SEO plugin. -->","yoast_head_json":{"title":"Guardabarros delantero S-Foil High Aspect 1190 - SROKA Company - FOIL","description":"El nuevo aler\u00f3n delantero S Foil High Aspect de Sroka y sus variantes ofrecen lo mejor de ambos mundos: prestaciones y precio.","robots":{"index":"index","follow":"follow","max-snippet":"max-snippet:-1","max-image-preview":"max-image-preview:large","max-video-preview":"max-video-preview:-1"},"canonical":"https:\/\/old.srokacompany.com\/es\/produit\/guardabarros-delantero-s-foil-high-aspect-1190\/","og_locale":"es_ES","og_type":"article","og_title":"Guardabarros delantero S-Foil High Aspect 1190 - SROKA Company - FOIL","og_description":"El nuevo aler\u00f3n delantero S Foil High Aspect de Sroka y sus variantes ofrecen lo mejor de ambos mundos: prestaciones y precio.","og_url":"https:\/\/old.srokacompany.com\/es\/produit\/guardabarros-delantero-s-foil-high-aspect-1190\/","og_site_name":"SROKA Company","article_publisher":"https:\/\/www.facebook.com\/srokawatersports\/","article_modified_time":"2025-11-25T09:07:55+00:00","og_image":[{"width":780,"height":1040,"url":"https:\/\/srokacompany.com\/wp-content\/uploads\/2020\/11\/aile-avant-foil-high-aspect-2.jpg","type":"image\/jpeg"}],"twitter_misc":{"Tiempo de lectura":"1 minuto"},"schema":{"@context":"https:\/\/schema.org","@graph":[{"@type":"WebPage","@id":"https:\/\/old.srokacompany.com\/es\/produit\/guardabarros-delantero-s-foil-high-aspect-1190\/","url":"https:\/\/old.srokacompany.com\/es\/produit\/guardabarros-delantero-s-foil-high-aspect-1190\/","name":"Guardabarros delantero S-Foil High Aspect 1190 - SROKA Company - FOIL","isPartOf":{"@id":"https:\/\/srokacompany.com\/#website"},"primaryImageOfPage":{"@id":"https:\/\/old.srokacompany.com\/es\/produit\/guardabarros-delantero-s-foil-high-aspect-1190\/#primaryimage"},"image":{"@id":"https:\/\/old.srokacompany.com\/es\/produit\/guardabarros-delantero-s-foil-high-aspect-1190\/#primaryimage"},"thumbnailUrl":"https:\/\/old.srokacompany.com\/wp-content\/uploads\/2020\/11\/aile-avant-foil-high-aspect-2.jpg","datePublished":"2020-11-17T10:33:39+00:00","dateModified":"2025-11-25T09:07:55+00:00","description":"El nuevo aler\u00f3n delantero S Foil High Aspect de Sroka y sus variantes ofrecen lo mejor de ambos mundos: prestaciones y precio.","breadcrumb":{"@id":"https:\/\/old.srokacompany.com\/es\/produit\/guardabarros-delantero-s-foil-high-aspect-1190\/#breadcrumb"},"inLanguage":"es","potentialAction":[{"@type":"ReadAction","target":["https:\/\/old.srokacompany.com\/es\/produit\/guardabarros-delantero-s-foil-high-aspect-1190\/"]}]},{"@type":"ImageObject","inLanguage":"es","@id":"https:\/\/old.srokacompany.com\/es\/produit\/guardabarros-delantero-s-foil-high-aspect-1190\/#primaryimage","url":"https:\/\/old.srokacompany.com\/wp-content\/uploads\/2020\/11\/aile-avant-foil-high-aspect-2.jpg","contentUrl":"https:\/\/old.srokacompany.com\/wp-content\/uploads\/2020\/11\/aile-avant-foil-high-aspect-2.jpg","width":780,"height":1040,"caption":"Alerones delanteros de alto aspecto para el modo de rendimiento foil, vendidos por Sroka Company"},{"@type":"BreadcrumbList","@id":"https:\/\/old.srokacompany.com\/es\/produit\/guardabarros-delantero-s-foil-high-aspect-1190\/#breadcrumb","itemListElement":[{"@type":"ListItem","position":1,"name":"Accueil","item":"https:\/\/srokacompany.com\/es\/"},{"@type":"ListItem","position":2,"name":"Tienda","item":"https:\/\/srokacompany.com\/tienda\/"},{"@type":"ListItem","position":3,"name":"Guardabarros delantero S-Foil High Aspect 1190"}]},{"@type":"WebSite","@id":"https:\/\/srokacompany.com\/#website","url":"https:\/\/srokacompany.com\/","name":"SROKA Company","description":"SUP, Kite, Foil, Wing","publisher":{"@id":"https:\/\/srokacompany.com\/#organization"},"potentialAction":[{"@type":"SearchAction","target":{"@type":"EntryPoint","urlTemplate":"https:\/\/srokacompany.com\/?s={search_term_string}"},"query-input":{"@type":"PropertyValueSpecification","valueRequired":true,"valueName":"search_term_string"}}],"inLanguage":"es"},{"@type":"Organization","@id":"https:\/\/srokacompany.com\/#organization","name":"SROKACOMPANY","alternateName":"SROKA","url":"https:\/\/srokacompany.com\/","logo":{"@type":"ImageObject","inLanguage":"es","@id":"https:\/\/srokacompany.com\/#\/schema\/logo\/image\/","url":"https:\/\/srokacompany.com\/wp-content\/uploads\/2021\/01\/logo-sroka-black-transpa.png","contentUrl":"https:\/\/srokacompany.com\/wp-content\/uploads\/2021\/01\/logo-sroka-black-transpa.png","width":1201,"height":342,"caption":"SROKACOMPANY"},"image":{"@id":"https:\/\/srokacompany.com\/#\/schema\/logo\/image\/"},"sameAs":["https:\/\/www.facebook.com\/srokawatersports\/","https:\/\/www.instagram.com\/srokawatersports\/","https:\/\/www.youtube.com\/channel\/UCVLHHeaPIm-J5bdEUgxqtZA"]}]}},"uagb_featured_image_src":{"full":["https:\/\/old.srokacompany.com\/wp-content\/uploads\/2020\/11\/aile-avant-foil-high-aspect-2.jpg",780,1040,false],"thumbnail":["https:\/\/old.srokacompany.com\/wp-content\/uploads\/2020\/11\/aile-avant-foil-high-aspect-2-150x150.jpg",150,150,true],"medium":["https:\/\/old.srokacompany.com\/wp-content\/uploads\/2020\/11\/aile-avant-foil-high-aspect-2-225x300.jpg",225,300,true],"medium_large":["https:\/\/old.srokacompany.com\/wp-content\/uploads\/2020\/11\/aile-avant-foil-high-aspect-2-768x1024.jpg",768,1024,true],"large":["https:\/\/old.srokacompany.com\/wp-content\/uploads\/2020\/11\/aile-avant-foil-high-aspect-2-768x1024.jpg",768,1024,true],"1536x1536":["https:\/\/old.srokacompany.com\/wp-content\/uploads\/2020\/11\/aile-avant-foil-high-aspect-2.jpg",780,1040,false],"2048x2048":["https:\/\/old.srokacompany.com\/wp-content\/uploads\/2020\/11\/aile-avant-foil-high-aspect-2.jpg",780,1040,false],"woocommerce_thumbnail":["https:\/\/old.srokacompany.com\/wp-content\/uploads\/2020\/11\/aile-avant-foil-high-aspect-2-600x800.jpg",600,800,true],"woocommerce_single":["https:\/\/old.srokacompany.com\/wp-content\/uploads\/2020\/11\/aile-avant-foil-high-aspect-2-600x800.jpg",600,800,true],"woocommerce_gallery_thumbnail":["https:\/\/old.srokacompany.com\/wp-content\/uploads\/2020\/11\/aile-avant-foil-high-aspect-2-100x100.jpg",100,100,true],"dgwt-wcas-product-suggestion":["https:\/\/old.srokacompany.com\/wp-content\/uploads\/2020\/11\/aile-avant-foil-high-aspect-2.jpg",64,85,false]},"uagb_author_info":{"display_name":"Tristan Dumard","author_link":"https:\/\/old.srokacompany.com\/es\/blog\/author\/"},"uagb_comment_info":0,"uagb_excerpt":"Ala delantera Foil High Aspect 1190 (perfil en L): El ala de la facilidad y el despegue temprano. Ofrece m\u00e1xima sustentaci\u00f3n a bajas revoluciones, es perfecta para pilotos de Surf foil, SUP foil y Wingfoil de mayor tama\u00f1o. Disfruta de un planeo m\u00e1gico y un bombeo sin esfuerzo para volar con vientos flojos.Foil High Aspect&hellip;","jetpack_sharing_enabled":true,"_links":{"self":[{"href":"https:\/\/old.srokacompany.com\/es\/wp-json\/wp\/v2\/product\/341846","targetHints":{"allow":["GET"]}}],"collection":[{"href":"https:\/\/old.srokacompany.com\/es\/wp-json\/wp\/v2\/product"}],"about":[{"href":"https:\/\/old.srokacompany.com\/es\/wp-json\/wp\/v2\/types\/product"}],"wp:featuredmedia":[{"embeddable":true,"href":"https:\/\/old.srokacompany.com\/es\/wp-json\/wp\/v2\/media\/341860"}],"wp:attachment":[{"href":"https:\/\/old.srokacompany.com\/es\/wp-json\/wp\/v2\/media?parent=341846"}],"wp:term":[{"taxonomy":"product_brand","embeddable":true,"href":"https:\/\/old.srokacompany.com\/es\/wp-json\/wp\/v2\/product_brand?post=341846"},{"taxonomy":"product_cat","embeddable":true,"href":"https:\/\/old.srokacompany.com\/es\/wp-json\/wp\/v2\/product_cat?post=341846"},{"taxonomy":"product_tag","embeddable":true,"href":"https:\/\/old.srokacompany.com\/es\/wp-json\/wp\/v2\/product_tag?post=341846"}],"curies":[{"name":"wp","href":"https:\/\/api.w.org\/{rel}","templated":true}]}}