{"id":342117,"date":"2021-03-15T14:25:33","date_gmt":"2021-03-15T14:25:33","guid":{"rendered":"https:\/\/srokacompany.com\/produit\/giradiscos-s-foil\/"},"modified":"2025-11-13T13:14:06","modified_gmt":"2025-11-13T11:14:06","slug":"giradiscos-s-foil","status":"publish","type":"product","link":"https:\/\/old.srokacompany.com\/es\/produit\/giradiscos-s-foil\/","title":{"rendered":"Giradiscos S-Foil"},"content":{"rendered":"<hr>\n<h1>PLACA PARA S-FOIL 2021<\/h1>\n<p style=\"text-align: justify;\">El Platine para S-Foil 2021 es compatible con todos los m\u00e1stiles del mismo a\u00f1o. Su construcci\u00f3n en aluminio T6061 T6 ha sido redise\u00f1ada para una experiencia de vuelo a\u00fan m\u00e1s extraordinaria. Parte esencial del S-Foil, garantiza su rigidez gracias a un m\u00e1stil y una huella de fuselaje m\u00e1s profundos que antes. Su nuevo y elegante dise\u00f1o curvado tambi\u00e9n distribuye eficazmente las fuerzas de la foil sobre el cuerpo de la <g id=\"gid_0\">tabla<\/g>. Adem\u00e1s de mejorar el rendimiento, esta distribuci\u00f3n aumenta la vida \u00fatil de tu equipo.    <\/p>\n<p style=\"text-align: justify;\">Se fija al m\u00e1stil con dos tornillos M8. Su conexi\u00f3n de doble ra\u00edl US lo hace compatible con la gran mayor\u00eda de placas foil del mercado, adem\u00e1s de robusto y f\u00e1cil de usar. <\/p>\n","protected":false},"excerpt":{"rendered":"<p>La <b>placa Foil<\/b> es la interfaz esencial que garantiza una <b>conexi\u00f3n r\u00edgida y segura<\/b> entre su m\u00e1stil y cualquier tabla equipada con <b>ra\u00edles dobles<\/b> est\u00e1ndar (90 mm). Fabricada en robusto aluminio anodizado, esta placa asegura <g id=\"gid_3\">la m\u00e1xima transmisi\u00f3n de potencia<\/g> y permite el <g id=\"gid_4\">ajuste microm\u00e9trico de<\/g> la posici\u00f3n del Foil. Su dise\u00f1o universal la hace compatible con todos los m\u00e1stiles SROKA, ofreciendo un montaje r\u00e1pido y una <b>estabilidad perfecta<\/b> para Wing, SUP y Surf foil.  <\/p>\n","protected":false},"featured_media":342127,"template":"","meta":{"_acf_changed":false,"_uag_custom_page_level_css":""},"product_brand":[],"product_cat":[3584,3583,3461,3480,3444],"product_tag":[],"class_list":{"0":"post-342117","1":"product","2":"type-product","3":"status-publish","4":"has-post-thumbnail","6":"product_cat-accesorios-de-surf-foil","7":"product_cat-accesorios-foil","8":"product_cat-accesorios-wing-foil","9":"product_cat-foil-es","10":"product_cat-wing-foil-es","11":"product_shipping_class-foil-unidad-completa-o-piezas-alas","13":"first","14":"instock","15":"taxable","16":"shipping-taxable","17":"purchasable","18":"product-type-simple"},"acf":[],"yoast_head":"<!-- This site is optimized with the Yoast SEO plugin v27.4 - https:\/\/yoast.com\/product\/yoast-seo-wordpress\/ -->\n<title>Giradiscos S-Foil - SROKA Company - Accesorios para S-Foil<\/title>\n<meta name=\"description\" content=\"Plato giratorio para S-Foil Sroka Company 2021 en aluminio. R\u00edgido, duradero y de alto rendimiento con la mejor relaci\u00f3n calidad-precio del mercado.\" \/>\n<meta name=\"robots\" content=\"index, follow, max-snippet:-1, max-image-preview:large, max-video-preview:-1\" \/>\n<link rel=\"canonical\" href=\"https:\/\/old.srokacompany.com\/es\/produit\/giradiscos-s-foil\/\" \/>\n<meta property=\"og:locale\" content=\"es_ES\" \/>\n<meta property=\"og:type\" content=\"article\" \/>\n<meta property=\"og:title\" content=\"Giradiscos S-Foil - SROKA Company - Accesorios para S-Foil\" \/>\n<meta property=\"og:description\" content=\"Plato giratorio para S-Foil Sroka Company 2021 en aluminio. R\u00edgido, duradero y de alto rendimiento con la mejor relaci\u00f3n calidad-precio del mercado.\" \/>\n<meta property=\"og:url\" content=\"https:\/\/old.srokacompany.com\/es\/produit\/giradiscos-s-foil\/\" \/>\n<meta property=\"og:site_name\" content=\"SROKA Company\" \/>\n<meta property=\"article:publisher\" content=\"https:\/\/www.facebook.com\/srokawatersports\/\" \/>\n<meta property=\"article:modified_time\" content=\"2025-11-13T11:14:06+00:00\" \/>\n<meta property=\"og:image\" content=\"https:\/\/srokacompany.com\/wp-content\/uploads\/2021\/03\/platine-foil.jpg\" \/>\n\t<meta property=\"og:image:width\" content=\"780\" \/>\n\t<meta property=\"og:image:height\" content=\"1040\" \/>\n\t<meta property=\"og:image:type\" content=\"image\/jpeg\" \/>\n<meta name=\"twitter:label1\" content=\"Tiempo de lectura\" \/>\n\t<meta name=\"twitter:data1\" content=\"1 minuto\" \/>\n<script type=\"application\/ld+json\" class=\"yoast-schema-graph\">{\"@context\":\"https:\\\/\\\/schema.org\",\"@graph\":[{\"@type\":\"WebPage\",\"@id\":\"https:\\\/\\\/old.srokacompany.com\\\/es\\\/produit\\\/giradiscos-s-foil\\\/\",\"url\":\"https:\\\/\\\/old.srokacompany.com\\\/es\\\/produit\\\/giradiscos-s-foil\\\/\",\"name\":\"Giradiscos S-Foil - SROKA Company - Accesorios para S-Foil\",\"isPartOf\":{\"@id\":\"https:\\\/\\\/srokacompany.com\\\/#website\"},\"primaryImageOfPage\":{\"@id\":\"https:\\\/\\\/old.srokacompany.com\\\/es\\\/produit\\\/giradiscos-s-foil\\\/#primaryimage\"},\"image\":{\"@id\":\"https:\\\/\\\/old.srokacompany.com\\\/es\\\/produit\\\/giradiscos-s-foil\\\/#primaryimage\"},\"thumbnailUrl\":\"https:\\\/\\\/old.srokacompany.com\\\/wp-content\\\/uploads\\\/2021\\\/03\\\/platine-foil.jpg\",\"datePublished\":\"2021-03-15T14:25:33+00:00\",\"dateModified\":\"2025-11-13T11:14:06+00:00\",\"description\":\"Plato giratorio para S-Foil Sroka Company 2021 en aluminio. R\u00edgido, duradero y de alto rendimiento con la mejor relaci\u00f3n calidad-precio del mercado.\",\"breadcrumb\":{\"@id\":\"https:\\\/\\\/old.srokacompany.com\\\/es\\\/produit\\\/giradiscos-s-foil\\\/#breadcrumb\"},\"inLanguage\":\"es\",\"potentialAction\":[{\"@type\":\"ReadAction\",\"target\":[\"https:\\\/\\\/old.srokacompany.com\\\/es\\\/produit\\\/giradiscos-s-foil\\\/\"]}]},{\"@type\":\"ImageObject\",\"inLanguage\":\"es\",\"@id\":\"https:\\\/\\\/old.srokacompany.com\\\/es\\\/produit\\\/giradiscos-s-foil\\\/#primaryimage\",\"url\":\"https:\\\/\\\/old.srokacompany.com\\\/wp-content\\\/uploads\\\/2021\\\/03\\\/platine-foil.jpg\",\"contentUrl\":\"https:\\\/\\\/old.srokacompany.com\\\/wp-content\\\/uploads\\\/2021\\\/03\\\/platine-foil.jpg\",\"width\":780,\"height\":1040,\"caption\":\"Placa de montaje para todos los productos foil con conexi\u00f3n de doble ra\u00edl US en una tabla de suelo. foil\"},{\"@type\":\"BreadcrumbList\",\"@id\":\"https:\\\/\\\/old.srokacompany.com\\\/es\\\/produit\\\/giradiscos-s-foil\\\/#breadcrumb\",\"itemListElement\":[{\"@type\":\"ListItem\",\"position\":1,\"name\":\"Accueil\",\"item\":\"https:\\\/\\\/srokacompany.com\\\/es\\\/\"},{\"@type\":\"ListItem\",\"position\":2,\"name\":\"Tienda\",\"item\":\"https:\\\/\\\/srokacompany.com\\\/tienda\\\/\"},{\"@type\":\"ListItem\",\"position\":3,\"name\":\"Giradiscos S-Foil\"}]},{\"@type\":\"WebSite\",\"@id\":\"https:\\\/\\\/srokacompany.com\\\/#website\",\"url\":\"https:\\\/\\\/srokacompany.com\\\/\",\"name\":\"SROKA Company\",\"description\":\"SUP, Kite, Foil, Wing\",\"publisher\":{\"@id\":\"https:\\\/\\\/srokacompany.com\\\/#organization\"},\"potentialAction\":[{\"@type\":\"SearchAction\",\"target\":{\"@type\":\"EntryPoint\",\"urlTemplate\":\"https:\\\/\\\/srokacompany.com\\\/?s={search_term_string}\"},\"query-input\":{\"@type\":\"PropertyValueSpecification\",\"valueRequired\":true,\"valueName\":\"search_term_string\"}}],\"inLanguage\":\"es\"},{\"@type\":\"Organization\",\"@id\":\"https:\\\/\\\/srokacompany.com\\\/#organization\",\"name\":\"SROKACOMPANY\",\"alternateName\":\"SROKA\",\"url\":\"https:\\\/\\\/srokacompany.com\\\/\",\"logo\":{\"@type\":\"ImageObject\",\"inLanguage\":\"es\",\"@id\":\"https:\\\/\\\/srokacompany.com\\\/#\\\/schema\\\/logo\\\/image\\\/\",\"url\":\"https:\\\/\\\/srokacompany.com\\\/wp-content\\\/uploads\\\/2021\\\/01\\\/logo-sroka-black-transpa.png\",\"contentUrl\":\"https:\\\/\\\/srokacompany.com\\\/wp-content\\\/uploads\\\/2021\\\/01\\\/logo-sroka-black-transpa.png\",\"width\":1201,\"height\":342,\"caption\":\"SROKACOMPANY\"},\"image\":{\"@id\":\"https:\\\/\\\/srokacompany.com\\\/#\\\/schema\\\/logo\\\/image\\\/\"},\"sameAs\":[\"https:\\\/\\\/www.facebook.com\\\/srokawatersports\\\/\",\"https:\\\/\\\/www.instagram.com\\\/srokawatersports\\\/\",\"https:\\\/\\\/www.youtube.com\\\/channel\\\/UCVLHHeaPIm-J5bdEUgxqtZA\"]}]}<\/script>\n<!-- \/ Yoast SEO plugin. -->","yoast_head_json":{"title":"Giradiscos S-Foil - SROKA Company - Accesorios para S-Foil","description":"Plato giratorio para S-Foil Sroka Company 2021 en aluminio. R\u00edgido, duradero y de alto rendimiento con la mejor relaci\u00f3n calidad-precio del mercado.","robots":{"index":"index","follow":"follow","max-snippet":"max-snippet:-1","max-image-preview":"max-image-preview:large","max-video-preview":"max-video-preview:-1"},"canonical":"https:\/\/old.srokacompany.com\/es\/produit\/giradiscos-s-foil\/","og_locale":"es_ES","og_type":"article","og_title":"Giradiscos S-Foil - SROKA Company - Accesorios para S-Foil","og_description":"Plato giratorio para S-Foil Sroka Company 2021 en aluminio. R\u00edgido, duradero y de alto rendimiento con la mejor relaci\u00f3n calidad-precio del mercado.","og_url":"https:\/\/old.srokacompany.com\/es\/produit\/giradiscos-s-foil\/","og_site_name":"SROKA Company","article_publisher":"https:\/\/www.facebook.com\/srokawatersports\/","article_modified_time":"2025-11-13T11:14:06+00:00","og_image":[{"width":780,"height":1040,"url":"https:\/\/srokacompany.com\/wp-content\/uploads\/2021\/03\/platine-foil.jpg","type":"image\/jpeg"}],"twitter_misc":{"Tiempo de lectura":"1 minuto"},"schema":{"@context":"https:\/\/schema.org","@graph":[{"@type":"WebPage","@id":"https:\/\/old.srokacompany.com\/es\/produit\/giradiscos-s-foil\/","url":"https:\/\/old.srokacompany.com\/es\/produit\/giradiscos-s-foil\/","name":"Giradiscos S-Foil - SROKA Company - Accesorios para S-Foil","isPartOf":{"@id":"https:\/\/srokacompany.com\/#website"},"primaryImageOfPage":{"@id":"https:\/\/old.srokacompany.com\/es\/produit\/giradiscos-s-foil\/#primaryimage"},"image":{"@id":"https:\/\/old.srokacompany.com\/es\/produit\/giradiscos-s-foil\/#primaryimage"},"thumbnailUrl":"https:\/\/old.srokacompany.com\/wp-content\/uploads\/2021\/03\/platine-foil.jpg","datePublished":"2021-03-15T14:25:33+00:00","dateModified":"2025-11-13T11:14:06+00:00","description":"Plato giratorio para S-Foil Sroka Company 2021 en aluminio. R\u00edgido, duradero y de alto rendimiento con la mejor relaci\u00f3n calidad-precio del mercado.","breadcrumb":{"@id":"https:\/\/old.srokacompany.com\/es\/produit\/giradiscos-s-foil\/#breadcrumb"},"inLanguage":"es","potentialAction":[{"@type":"ReadAction","target":["https:\/\/old.srokacompany.com\/es\/produit\/giradiscos-s-foil\/"]}]},{"@type":"ImageObject","inLanguage":"es","@id":"https:\/\/old.srokacompany.com\/es\/produit\/giradiscos-s-foil\/#primaryimage","url":"https:\/\/old.srokacompany.com\/wp-content\/uploads\/2021\/03\/platine-foil.jpg","contentUrl":"https:\/\/old.srokacompany.com\/wp-content\/uploads\/2021\/03\/platine-foil.jpg","width":780,"height":1040,"caption":"Placa de montaje para todos los productos foil con conexi\u00f3n de doble ra\u00edl US en una tabla de suelo. foil"},{"@type":"BreadcrumbList","@id":"https:\/\/old.srokacompany.com\/es\/produit\/giradiscos-s-foil\/#breadcrumb","itemListElement":[{"@type":"ListItem","position":1,"name":"Accueil","item":"https:\/\/srokacompany.com\/es\/"},{"@type":"ListItem","position":2,"name":"Tienda","item":"https:\/\/srokacompany.com\/tienda\/"},{"@type":"ListItem","position":3,"name":"Giradiscos S-Foil"}]},{"@type":"WebSite","@id":"https:\/\/srokacompany.com\/#website","url":"https:\/\/srokacompany.com\/","name":"SROKA Company","description":"SUP, Kite, Foil, Wing","publisher":{"@id":"https:\/\/srokacompany.com\/#organization"},"potentialAction":[{"@type":"SearchAction","target":{"@type":"EntryPoint","urlTemplate":"https:\/\/srokacompany.com\/?s={search_term_string}"},"query-input":{"@type":"PropertyValueSpecification","valueRequired":true,"valueName":"search_term_string"}}],"inLanguage":"es"},{"@type":"Organization","@id":"https:\/\/srokacompany.com\/#organization","name":"SROKACOMPANY","alternateName":"SROKA","url":"https:\/\/srokacompany.com\/","logo":{"@type":"ImageObject","inLanguage":"es","@id":"https:\/\/srokacompany.com\/#\/schema\/logo\/image\/","url":"https:\/\/srokacompany.com\/wp-content\/uploads\/2021\/01\/logo-sroka-black-transpa.png","contentUrl":"https:\/\/srokacompany.com\/wp-content\/uploads\/2021\/01\/logo-sroka-black-transpa.png","width":1201,"height":342,"caption":"SROKACOMPANY"},"image":{"@id":"https:\/\/srokacompany.com\/#\/schema\/logo\/image\/"},"sameAs":["https:\/\/www.facebook.com\/srokawatersports\/","https:\/\/www.instagram.com\/srokawatersports\/","https:\/\/www.youtube.com\/channel\/UCVLHHeaPIm-J5bdEUgxqtZA"]}]}},"uagb_featured_image_src":{"full":["https:\/\/old.srokacompany.com\/wp-content\/uploads\/2021\/03\/platine-foil.jpg",780,1040,false],"thumbnail":["https:\/\/old.srokacompany.com\/wp-content\/uploads\/2021\/03\/platine-foil-150x150.jpg",150,150,true],"medium":["https:\/\/old.srokacompany.com\/wp-content\/uploads\/2021\/03\/platine-foil-225x300.jpg",225,300,true],"medium_large":["https:\/\/old.srokacompany.com\/wp-content\/uploads\/2021\/03\/platine-foil-768x1024.jpg",768,1024,true],"large":["https:\/\/old.srokacompany.com\/wp-content\/uploads\/2021\/03\/platine-foil-768x1024.jpg",768,1024,true],"1536x1536":["https:\/\/old.srokacompany.com\/wp-content\/uploads\/2021\/03\/platine-foil.jpg",780,1040,false],"2048x2048":["https:\/\/old.srokacompany.com\/wp-content\/uploads\/2021\/03\/platine-foil.jpg",780,1040,false],"woocommerce_thumbnail":["https:\/\/old.srokacompany.com\/wp-content\/uploads\/2021\/03\/platine-foil-600x800.jpg",600,800,true],"woocommerce_single":["https:\/\/old.srokacompany.com\/wp-content\/uploads\/2021\/03\/platine-foil-600x800.jpg",600,800,true],"woocommerce_gallery_thumbnail":["https:\/\/old.srokacompany.com\/wp-content\/uploads\/2021\/03\/platine-foil-100x100.jpg",100,100,true],"dgwt-wcas-product-suggestion":["https:\/\/old.srokacompany.com\/wp-content\/uploads\/2021\/03\/platine-foil.jpg",64,85,false]},"uagb_author_info":{"display_name":"Tristan Dumard","author_link":"https:\/\/old.srokacompany.com\/es\/blog\/author\/"},"uagb_comment_info":0,"uagb_excerpt":"La placa Foil es la interfaz esencial que garantiza una conexi\u00f3n r\u00edgida y segura entre su m\u00e1stil y cualquier tabla equipada con ra\u00edles dobles est\u00e1ndar (90 mm). Fabricada en robusto aluminio anodizado, esta placa asegura la m\u00e1xima transmisi\u00f3n de potencia y permite el ajuste microm\u00e9trico de la posici\u00f3n del Foil. Su dise\u00f1o universal la hace&hellip;","jetpack_sharing_enabled":true,"_links":{"self":[{"href":"https:\/\/old.srokacompany.com\/es\/wp-json\/wp\/v2\/product\/342117","targetHints":{"allow":["GET"]}}],"collection":[{"href":"https:\/\/old.srokacompany.com\/es\/wp-json\/wp\/v2\/product"}],"about":[{"href":"https:\/\/old.srokacompany.com\/es\/wp-json\/wp\/v2\/types\/product"}],"wp:featuredmedia":[{"embeddable":true,"href":"https:\/\/old.srokacompany.com\/es\/wp-json\/wp\/v2\/media\/342127"}],"wp:attachment":[{"href":"https:\/\/old.srokacompany.com\/es\/wp-json\/wp\/v2\/media?parent=342117"}],"wp:term":[{"taxonomy":"product_brand","embeddable":true,"href":"https:\/\/old.srokacompany.com\/es\/wp-json\/wp\/v2\/product_brand?post=342117"},{"taxonomy":"product_cat","embeddable":true,"href":"https:\/\/old.srokacompany.com\/es\/wp-json\/wp\/v2\/product_cat?post=342117"},{"taxonomy":"product_tag","embeddable":true,"href":"https:\/\/old.srokacompany.com\/es\/wp-json\/wp\/v2\/product_tag?post=342117"}],"curies":[{"name":"wp","href":"https:\/\/api.w.org\/{rel}","templated":true}]}}