{"id":342533,"date":"2021-06-18T08:14:45","date_gmt":"2021-06-18T06:14:45","guid":{"rendered":"https:\/\/srokacompany.com\/produit\/adaptador-fuselaje-s-foil-2020-y-alas-antes-de-2021\/"},"modified":"2025-06-26T18:00:48","modified_gmt":"2025-06-26T16:00:48","slug":"adaptador-fuselaje-s-foil-2020-y-alas-antes-de-2021","status":"publish","type":"product","link":"https:\/\/old.srokacompany.com\/es\/produit\/adaptador-fuselaje-s-foil-2020-y-alas-antes-de-2021\/","title":{"rendered":"Adaptador fuselaje S-Foil 2020 y alas antes de 2021"},"content":{"rendered":"<hr>\n<h2>Adaptador fuselaje entre alas delanteras 2021 y S-Foil 2020<\/h2>\n<p>Este a\u00f1o, hemos cambiado el sistema de conexi\u00f3n del ala delantera al fuselaje de <a href=\"https:\/\/srokacompany.com\/es\/produit\/s-foil-aspecto-alto-1190\/\">nuestro nuevo S-Foil<\/a>, para hacerlo m\u00e1s sencillo y r\u00edgido. Sin embargo, no quer\u00edamos dejar atr\u00e1s a los propietarios de un S-Foil 2020. As\u00ed que para aquellos de ustedes que poseen un S-Foil 2020, estamos ofreciendo este fuselaje a precio de coste. Le permitir\u00e1 conservar su estabilizador 2020, su m\u00e1stil 2020 y su plato giratorio 2020 y aprovechar todas las nuevas alas delanteras de foil en la gama 2021 y las que est\u00e1n por venir, incluidas <a href=\"https:\/\/srokacompany.com\/es\/produit\/guardabarros-delantero-s-foil-high-aspect-1190\/\">las High Aspect<\/a> y las <a href=\"https:\/\/srokacompany.com\/es\/produit\/aletas-delanteras-s-foil-classic\/\">Classics <\/a>.     <\/p>\n<p>Para los tornillos: 3 x M8x25 tornillos para el Classics en la parte delantera (y 3 x M8x20 para el High Apsect) y 2 x M6x20 tornillos para su estabilizador 2020 en la parte trasera.<\/p>\n<p>ATENCI\u00d3N: este fuselaje <strong>no es compatible con <a href=\"https:\/\/srokacompany.com\/es\/produit\/mat-s-foil\/\">el m\u00e1stil del S-Foil 2021<\/a><\/strong> sino <a href=\"https:\/\/srokacompany.com\/es\/produit\/s-foil-mastil-2020-70cm-90cm\/\">\u00fanicamente con el m\u00e1stil del S-Foil 2020<\/a>. Si busca un fuselaje para el S-Foil 2021, consulte <a href=\"https:\/\/srokacompany.com\/es\/produit\/fuselaje-s-foil\/\">la p\u00e1gina de productos de nuestra gama de fuselajes<\/a> para foil. <\/p>\n","protected":false},"excerpt":{"rendered":"<p>Adaptador fuselaje entre alas delanteras 2021 y S-Foil 2020 Este a\u00f1o, hemos cambiado el sistema de conexi\u00f3n del ala delantera al fuselaje de nuestro nuevo S-Foil, para hacerlo m\u00e1s sencillo y r\u00edgido. Sin embargo, no quer\u00edamos dejar atr\u00e1s a los propietarios de un S-Foil 2020. As\u00ed que para aquellos de ustedes que poseen un S-Foil [&hellip;]<\/p>\n","protected":false},"featured_media":342535,"template":"","meta":{"_acf_changed":false,"_uag_custom_page_level_css":""},"product_brand":[],"product_cat":[3480,3444],"product_tag":[],"class_list":{"0":"post-342533","1":"product","2":"type-product","3":"status-publish","4":"has-post-thumbnail","6":"product_cat-foil-es","7":"product_cat-wing-foil-es","8":"product_shipping_class-foil-unidad-completa-o-piezas-alas","10":"first","11":"instock","12":"sale","13":"taxable","14":"shipping-taxable","15":"purchasable","16":"product-type-simple"},"acf":[],"yoast_head":"<!-- This site is optimized with the Yoast SEO plugin v27.4 - https:\/\/yoast.com\/product\/yoast-seo-wordpress\/ -->\n<title>Adaptador fuselaje S-Foil 2020 y alas antes de 2021 - SROKA Company<\/title>\n<meta name=\"description\" content=\"Adaptador de fuselaje para S-Foil 2020 que le permite montar alas anteriores a 2021 en su antiguo foil. A precio de coste.\" \/>\n<meta name=\"robots\" content=\"index, follow, max-snippet:-1, max-image-preview:large, max-video-preview:-1\" \/>\n<link rel=\"canonical\" href=\"https:\/\/old.srokacompany.com\/es\/produit\/adaptador-fuselaje-s-foil-2020-y-alas-antes-de-2021\/\" \/>\n<meta property=\"og:locale\" content=\"es_ES\" \/>\n<meta property=\"og:type\" content=\"article\" \/>\n<meta property=\"og:title\" content=\"Adaptador fuselaje S-Foil 2020 y alas antes de 2021 - SROKA Company\" \/>\n<meta property=\"og:description\" content=\"Adaptador de fuselaje para S-Foil 2020 que le permite montar alas anteriores a 2021 en su antiguo foil. A precio de coste.\" \/>\n<meta property=\"og:url\" content=\"https:\/\/old.srokacompany.com\/es\/produit\/adaptador-fuselaje-s-foil-2020-y-alas-antes-de-2021\/\" \/>\n<meta property=\"og:site_name\" content=\"SROKA Company\" \/>\n<meta property=\"article:publisher\" content=\"https:\/\/www.facebook.com\/srokawatersports\/\" \/>\n<meta property=\"article:modified_time\" content=\"2025-06-26T16:00:48+00:00\" \/>\n<meta property=\"og:image\" content=\"https:\/\/srokacompany.com\/wp-content\/uploads\/2021\/05\/Fuselage-pour-adapter-ailes-de-foil-2021.jpg\" \/>\n\t<meta property=\"og:image:width\" content=\"780\" \/>\n\t<meta property=\"og:image:height\" content=\"1040\" \/>\n\t<meta property=\"og:image:type\" content=\"image\/jpeg\" \/>\n<meta name=\"twitter:label1\" content=\"Tiempo de lectura\" \/>\n\t<meta name=\"twitter:data1\" content=\"1 minuto\" \/>\n<script type=\"application\/ld+json\" class=\"yoast-schema-graph\">{\"@context\":\"https:\\\/\\\/schema.org\",\"@graph\":[{\"@type\":\"WebPage\",\"@id\":\"https:\\\/\\\/old.srokacompany.com\\\/es\\\/produit\\\/adaptador-fuselaje-s-foil-2020-y-alas-antes-de-2021\\\/\",\"url\":\"https:\\\/\\\/old.srokacompany.com\\\/es\\\/produit\\\/adaptador-fuselaje-s-foil-2020-y-alas-antes-de-2021\\\/\",\"name\":\"Adaptador fuselaje S-Foil 2020 y alas antes de 2021 - SROKA Company\",\"isPartOf\":{\"@id\":\"https:\\\/\\\/srokacompany.com\\\/#website\"},\"primaryImageOfPage\":{\"@id\":\"https:\\\/\\\/old.srokacompany.com\\\/es\\\/produit\\\/adaptador-fuselaje-s-foil-2020-y-alas-antes-de-2021\\\/#primaryimage\"},\"image\":{\"@id\":\"https:\\\/\\\/old.srokacompany.com\\\/es\\\/produit\\\/adaptador-fuselaje-s-foil-2020-y-alas-antes-de-2021\\\/#primaryimage\"},\"thumbnailUrl\":\"https:\\\/\\\/old.srokacompany.com\\\/wp-content\\\/uploads\\\/2021\\\/05\\\/Fuselage-pour-adapter-ailes-de-foil-2021.jpg\",\"datePublished\":\"2021-06-18T06:14:45+00:00\",\"dateModified\":\"2025-06-26T16:00:48+00:00\",\"description\":\"Adaptador de fuselaje para S-Foil 2020 que le permite montar alas anteriores a 2021 en su antiguo foil. A precio de coste.\",\"breadcrumb\":{\"@id\":\"https:\\\/\\\/old.srokacompany.com\\\/es\\\/produit\\\/adaptador-fuselaje-s-foil-2020-y-alas-antes-de-2021\\\/#breadcrumb\"},\"inLanguage\":\"es\",\"potentialAction\":[{\"@type\":\"ReadAction\",\"target\":[\"https:\\\/\\\/old.srokacompany.com\\\/es\\\/produit\\\/adaptador-fuselaje-s-foil-2020-y-alas-antes-de-2021\\\/\"]}]},{\"@type\":\"ImageObject\",\"inLanguage\":\"es\",\"@id\":\"https:\\\/\\\/old.srokacompany.com\\\/es\\\/produit\\\/adaptador-fuselaje-s-foil-2020-y-alas-antes-de-2021\\\/#primaryimage\",\"url\":\"https:\\\/\\\/old.srokacompany.com\\\/wp-content\\\/uploads\\\/2021\\\/05\\\/Fuselage-pour-adapter-ailes-de-foil-2021.jpg\",\"contentUrl\":\"https:\\\/\\\/old.srokacompany.com\\\/wp-content\\\/uploads\\\/2021\\\/05\\\/Fuselage-pour-adapter-ailes-de-foil-2021.jpg\",\"width\":780,\"height\":1040,\"caption\":\"Fuselaje que permite la adaptaci\u00f3n de las alas antes de 2021 en el S-Foil 2020\"},{\"@type\":\"BreadcrumbList\",\"@id\":\"https:\\\/\\\/old.srokacompany.com\\\/es\\\/produit\\\/adaptador-fuselaje-s-foil-2020-y-alas-antes-de-2021\\\/#breadcrumb\",\"itemListElement\":[{\"@type\":\"ListItem\",\"position\":1,\"name\":\"Accueil\",\"item\":\"https:\\\/\\\/srokacompany.com\\\/es\\\/\"},{\"@type\":\"ListItem\",\"position\":2,\"name\":\"Tienda\",\"item\":\"https:\\\/\\\/srokacompany.com\\\/tienda\\\/\"},{\"@type\":\"ListItem\",\"position\":3,\"name\":\"Adaptador fuselaje S-Foil 2020 y alas antes de 2021\"}]},{\"@type\":\"WebSite\",\"@id\":\"https:\\\/\\\/srokacompany.com\\\/#website\",\"url\":\"https:\\\/\\\/srokacompany.com\\\/\",\"name\":\"SROKA Company\",\"description\":\"SUP, Kite, Foil, Wing\",\"publisher\":{\"@id\":\"https:\\\/\\\/srokacompany.com\\\/#organization\"},\"potentialAction\":[{\"@type\":\"SearchAction\",\"target\":{\"@type\":\"EntryPoint\",\"urlTemplate\":\"https:\\\/\\\/srokacompany.com\\\/?s={search_term_string}\"},\"query-input\":{\"@type\":\"PropertyValueSpecification\",\"valueRequired\":true,\"valueName\":\"search_term_string\"}}],\"inLanguage\":\"es\"},{\"@type\":\"Organization\",\"@id\":\"https:\\\/\\\/srokacompany.com\\\/#organization\",\"name\":\"SROKACOMPANY\",\"alternateName\":\"SROKA\",\"url\":\"https:\\\/\\\/srokacompany.com\\\/\",\"logo\":{\"@type\":\"ImageObject\",\"inLanguage\":\"es\",\"@id\":\"https:\\\/\\\/srokacompany.com\\\/#\\\/schema\\\/logo\\\/image\\\/\",\"url\":\"https:\\\/\\\/srokacompany.com\\\/wp-content\\\/uploads\\\/2021\\\/01\\\/logo-sroka-black-transpa.png\",\"contentUrl\":\"https:\\\/\\\/srokacompany.com\\\/wp-content\\\/uploads\\\/2021\\\/01\\\/logo-sroka-black-transpa.png\",\"width\":1201,\"height\":342,\"caption\":\"SROKACOMPANY\"},\"image\":{\"@id\":\"https:\\\/\\\/srokacompany.com\\\/#\\\/schema\\\/logo\\\/image\\\/\"},\"sameAs\":[\"https:\\\/\\\/www.facebook.com\\\/srokawatersports\\\/\",\"https:\\\/\\\/www.instagram.com\\\/srokawatersports\\\/\",\"https:\\\/\\\/www.youtube.com\\\/channel\\\/UCVLHHeaPIm-J5bdEUgxqtZA\"]}]}<\/script>\n<!-- \/ Yoast SEO plugin. -->","yoast_head_json":{"title":"Adaptador fuselaje S-Foil 2020 y alas antes de 2021 - SROKA Company","description":"Adaptador de fuselaje para S-Foil 2020 que le permite montar alas anteriores a 2021 en su antiguo foil. A precio de coste.","robots":{"index":"index","follow":"follow","max-snippet":"max-snippet:-1","max-image-preview":"max-image-preview:large","max-video-preview":"max-video-preview:-1"},"canonical":"https:\/\/old.srokacompany.com\/es\/produit\/adaptador-fuselaje-s-foil-2020-y-alas-antes-de-2021\/","og_locale":"es_ES","og_type":"article","og_title":"Adaptador fuselaje S-Foil 2020 y alas antes de 2021 - SROKA Company","og_description":"Adaptador de fuselaje para S-Foil 2020 que le permite montar alas anteriores a 2021 en su antiguo foil. A precio de coste.","og_url":"https:\/\/old.srokacompany.com\/es\/produit\/adaptador-fuselaje-s-foil-2020-y-alas-antes-de-2021\/","og_site_name":"SROKA Company","article_publisher":"https:\/\/www.facebook.com\/srokawatersports\/","article_modified_time":"2025-06-26T16:00:48+00:00","og_image":[{"width":780,"height":1040,"url":"https:\/\/srokacompany.com\/wp-content\/uploads\/2021\/05\/Fuselage-pour-adapter-ailes-de-foil-2021.jpg","type":"image\/jpeg"}],"twitter_misc":{"Tiempo de lectura":"1 minuto"},"schema":{"@context":"https:\/\/schema.org","@graph":[{"@type":"WebPage","@id":"https:\/\/old.srokacompany.com\/es\/produit\/adaptador-fuselaje-s-foil-2020-y-alas-antes-de-2021\/","url":"https:\/\/old.srokacompany.com\/es\/produit\/adaptador-fuselaje-s-foil-2020-y-alas-antes-de-2021\/","name":"Adaptador fuselaje S-Foil 2020 y alas antes de 2021 - SROKA Company","isPartOf":{"@id":"https:\/\/srokacompany.com\/#website"},"primaryImageOfPage":{"@id":"https:\/\/old.srokacompany.com\/es\/produit\/adaptador-fuselaje-s-foil-2020-y-alas-antes-de-2021\/#primaryimage"},"image":{"@id":"https:\/\/old.srokacompany.com\/es\/produit\/adaptador-fuselaje-s-foil-2020-y-alas-antes-de-2021\/#primaryimage"},"thumbnailUrl":"https:\/\/old.srokacompany.com\/wp-content\/uploads\/2021\/05\/Fuselage-pour-adapter-ailes-de-foil-2021.jpg","datePublished":"2021-06-18T06:14:45+00:00","dateModified":"2025-06-26T16:00:48+00:00","description":"Adaptador de fuselaje para S-Foil 2020 que le permite montar alas anteriores a 2021 en su antiguo foil. A precio de coste.","breadcrumb":{"@id":"https:\/\/old.srokacompany.com\/es\/produit\/adaptador-fuselaje-s-foil-2020-y-alas-antes-de-2021\/#breadcrumb"},"inLanguage":"es","potentialAction":[{"@type":"ReadAction","target":["https:\/\/old.srokacompany.com\/es\/produit\/adaptador-fuselaje-s-foil-2020-y-alas-antes-de-2021\/"]}]},{"@type":"ImageObject","inLanguage":"es","@id":"https:\/\/old.srokacompany.com\/es\/produit\/adaptador-fuselaje-s-foil-2020-y-alas-antes-de-2021\/#primaryimage","url":"https:\/\/old.srokacompany.com\/wp-content\/uploads\/2021\/05\/Fuselage-pour-adapter-ailes-de-foil-2021.jpg","contentUrl":"https:\/\/old.srokacompany.com\/wp-content\/uploads\/2021\/05\/Fuselage-pour-adapter-ailes-de-foil-2021.jpg","width":780,"height":1040,"caption":"Fuselaje que permite la adaptaci\u00f3n de las alas antes de 2021 en el S-Foil 2020"},{"@type":"BreadcrumbList","@id":"https:\/\/old.srokacompany.com\/es\/produit\/adaptador-fuselaje-s-foil-2020-y-alas-antes-de-2021\/#breadcrumb","itemListElement":[{"@type":"ListItem","position":1,"name":"Accueil","item":"https:\/\/srokacompany.com\/es\/"},{"@type":"ListItem","position":2,"name":"Tienda","item":"https:\/\/srokacompany.com\/tienda\/"},{"@type":"ListItem","position":3,"name":"Adaptador fuselaje S-Foil 2020 y alas antes de 2021"}]},{"@type":"WebSite","@id":"https:\/\/srokacompany.com\/#website","url":"https:\/\/srokacompany.com\/","name":"SROKA Company","description":"SUP, Kite, Foil, Wing","publisher":{"@id":"https:\/\/srokacompany.com\/#organization"},"potentialAction":[{"@type":"SearchAction","target":{"@type":"EntryPoint","urlTemplate":"https:\/\/srokacompany.com\/?s={search_term_string}"},"query-input":{"@type":"PropertyValueSpecification","valueRequired":true,"valueName":"search_term_string"}}],"inLanguage":"es"},{"@type":"Organization","@id":"https:\/\/srokacompany.com\/#organization","name":"SROKACOMPANY","alternateName":"SROKA","url":"https:\/\/srokacompany.com\/","logo":{"@type":"ImageObject","inLanguage":"es","@id":"https:\/\/srokacompany.com\/#\/schema\/logo\/image\/","url":"https:\/\/srokacompany.com\/wp-content\/uploads\/2021\/01\/logo-sroka-black-transpa.png","contentUrl":"https:\/\/srokacompany.com\/wp-content\/uploads\/2021\/01\/logo-sroka-black-transpa.png","width":1201,"height":342,"caption":"SROKACOMPANY"},"image":{"@id":"https:\/\/srokacompany.com\/#\/schema\/logo\/image\/"},"sameAs":["https:\/\/www.facebook.com\/srokawatersports\/","https:\/\/www.instagram.com\/srokawatersports\/","https:\/\/www.youtube.com\/channel\/UCVLHHeaPIm-J5bdEUgxqtZA"]}]}},"uagb_featured_image_src":{"full":["https:\/\/old.srokacompany.com\/wp-content\/uploads\/2021\/05\/Fuselage-pour-adapter-ailes-de-foil-2021.jpg",780,1040,false],"thumbnail":["https:\/\/old.srokacompany.com\/wp-content\/uploads\/2021\/05\/Fuselage-pour-adapter-ailes-de-foil-2021-150x150.jpg",150,150,true],"medium":["https:\/\/old.srokacompany.com\/wp-content\/uploads\/2021\/05\/Fuselage-pour-adapter-ailes-de-foil-2021-225x300.jpg",225,300,true],"medium_large":["https:\/\/old.srokacompany.com\/wp-content\/uploads\/2021\/05\/Fuselage-pour-adapter-ailes-de-foil-2021-768x1024.jpg",768,1024,true],"large":["https:\/\/old.srokacompany.com\/wp-content\/uploads\/2021\/05\/Fuselage-pour-adapter-ailes-de-foil-2021-768x1024.jpg",768,1024,true],"1536x1536":["https:\/\/old.srokacompany.com\/wp-content\/uploads\/2021\/05\/Fuselage-pour-adapter-ailes-de-foil-2021.jpg",780,1040,false],"2048x2048":["https:\/\/old.srokacompany.com\/wp-content\/uploads\/2021\/05\/Fuselage-pour-adapter-ailes-de-foil-2021.jpg",780,1040,false],"woocommerce_thumbnail":["https:\/\/old.srokacompany.com\/wp-content\/uploads\/2021\/05\/Fuselage-pour-adapter-ailes-de-foil-2021-600x800.jpg",600,800,true],"woocommerce_single":["https:\/\/old.srokacompany.com\/wp-content\/uploads\/2021\/05\/Fuselage-pour-adapter-ailes-de-foil-2021-600x800.jpg",600,800,true],"woocommerce_gallery_thumbnail":["https:\/\/old.srokacompany.com\/wp-content\/uploads\/2021\/05\/Fuselage-pour-adapter-ailes-de-foil-2021-100x100.jpg",100,100,true],"dgwt-wcas-product-suggestion":["https:\/\/old.srokacompany.com\/wp-content\/uploads\/2021\/05\/Fuselage-pour-adapter-ailes-de-foil-2021.jpg",64,85,false]},"uagb_author_info":{"display_name":"Tristan Dumard","author_link":"https:\/\/old.srokacompany.com\/es\/blog\/author\/"},"uagb_comment_info":0,"uagb_excerpt":"Adaptador fuselaje entre alas delanteras 2021 y S-Foil 2020 Este a\u00f1o, hemos cambiado el sistema de conexi\u00f3n del ala delantera al fuselaje de nuestro nuevo S-Foil, para hacerlo m\u00e1s sencillo y r\u00edgido. Sin embargo, no quer\u00edamos dejar atr\u00e1s a los propietarios de un S-Foil 2020. As\u00ed que para aquellos de ustedes que poseen un S-Foil&hellip;","jetpack_sharing_enabled":true,"_links":{"self":[{"href":"https:\/\/old.srokacompany.com\/es\/wp-json\/wp\/v2\/product\/342533","targetHints":{"allow":["GET"]}}],"collection":[{"href":"https:\/\/old.srokacompany.com\/es\/wp-json\/wp\/v2\/product"}],"about":[{"href":"https:\/\/old.srokacompany.com\/es\/wp-json\/wp\/v2\/types\/product"}],"wp:featuredmedia":[{"embeddable":true,"href":"https:\/\/old.srokacompany.com\/es\/wp-json\/wp\/v2\/media\/342535"}],"wp:attachment":[{"href":"https:\/\/old.srokacompany.com\/es\/wp-json\/wp\/v2\/media?parent=342533"}],"wp:term":[{"taxonomy":"product_brand","embeddable":true,"href":"https:\/\/old.srokacompany.com\/es\/wp-json\/wp\/v2\/product_brand?post=342533"},{"taxonomy":"product_cat","embeddable":true,"href":"https:\/\/old.srokacompany.com\/es\/wp-json\/wp\/v2\/product_cat?post=342533"},{"taxonomy":"product_tag","embeddable":true,"href":"https:\/\/old.srokacompany.com\/es\/wp-json\/wp\/v2\/product_tag?post=342533"}],"curies":[{"name":"wp","href":"https:\/\/api.w.org\/{rel}","templated":true}]}}