{"id":342786,"date":"2022-05-24T14:04:15","date_gmt":"2022-05-24T14:04:15","guid":{"rendered":"https:\/\/srokacompany.com\/produit\/pack-sup-hinchable-y-wing-v3\/"},"modified":"2025-10-31T19:13:21","modified_gmt":"2025-10-31T17:13:21","slug":"pack-sup-hinchable-y-wing-v3","status":"publish","type":"product","link":"https:\/\/old.srokacompany.com\/es\/produit\/pack-sup-hinchable-y-wing-v3\/","title":{"rendered":"Pack SUP hinchable y Wing V3"},"content":{"rendered":"<hr>\n<p>Estable y ocupa poco espacio, este <strong>pack SUP hinchable +<\/strong> ala <strong> foil permite optimizar el uso del remo, iniciar a toda la familia en los deportes de viento con total seguridad y aprender a utilizar el ala.<\/strong> <\/p>\n<p>Este pack es plug and play y consta de un <strong>stand up paddle hinchable Malibu 10&#8217;6 windsup<\/strong> (con orza en el centro de la tabla. Convertible de windsurf a kayak con su inserci\u00f3n de pie de m\u00e1stil y puentes para acoplar un asiento) y un ala de 3, 3 o 4m2 para divertirse a partir de 8 nudos de viento.<\/p>\n<p>Este combo SUP m\u00e1s ala te permitir\u00e1 jugar en todas las condiciones. El pack se compone de : <\/p>\n<ul>\n<li>un <a href=\"https:\/\/srokacompany.com\/es\/produit\/windsup-hinchable-106x32x6-fusion\/\">stand-up paddle hinchable Malibu 10&#8217;6 Windsup<\/a><\/li>\n<li><a href=\"https:\/\/srokacompany.com\/es\/produit\/pala-de-aluminio-ajustable-en-2-o-3-partes\/\">una paleta Alu de 3 piezas<\/a><\/li>\n<li>una bomba de doble flujo para el ala y el sup<\/li>\n<li>un ala de surf de 3,3 o 4 m<\/li>\n<li>a <a href=\"https:\/\/srokacompany.com\/es\/produit\/bobina-de-correa-de-10\/\">leash coiled<\/a><\/li>\n<li>Bolsa de transporte 149L<\/li>\n<\/ul>\n","protected":false},"excerpt":{"rendered":"<p>&#x2757;&#xfe0f;Existencias limitadas&#x2757;&#xfe0f;<\/p>\n<p><a href=\"https:\/\/srokacompany.com\/es\/blog\/como-aprender-wing-foil\/\">Aprender wingfoil<\/a> puede parecer dif\u00edcil y complicado. Si quieres aprender a dominar la foil, el ala y la tabla al mismo tiempo, \u00a1tenemos la soluci\u00f3n para ti! Este concepto mixto abre otra visi\u00f3n de remar en d\u00edas ventosos. Aprender a controlar un <strong>ala foil<\/strong> nunca ha sido tan f\u00e1cil, y es el primer paso para dominar el Wingfoil.<\/p>\n","protected":false},"featured_media":342792,"template":"","meta":{"_acf_changed":false,"_uag_custom_page_level_css":""},"product_brand":[],"product_cat":[3612,3603],"product_tag":[],"class_list":{"0":"post-342786","1":"product","2":"type-product","3":"status-publish","4":"has-post-thumbnail","6":"product_cat-palas-hinchables","7":"product_cat-promos-es","8":"product_shipping_class-pack-completo-de-alas-hinchables","10":"first","11":"outofstock","12":"sale","13":"taxable","14":"shipping-taxable","15":"purchasable","16":"product-type-variable"},"acf":[],"yoast_head":"<!-- This site is optimized with the Yoast SEO plugin v27.4 - https:\/\/yoast.com\/product\/yoast-seo-wordpress\/ -->\n<title>Pack Stand Up Paddle con Wing- SROKA Company<\/title>\n<meta name=\"description\" content=\"\u00a1El pack perfecto de stand up paddle con un ala Sroka para aprender a navegar foil f\u00e1cilmente! Este completo pack es perfecto para toda la familia\" \/>\n<meta name=\"robots\" content=\"index, follow, max-snippet:-1, max-image-preview:large, max-video-preview:-1\" \/>\n<link rel=\"canonical\" href=\"https:\/\/old.srokacompany.com\/es\/produit\/pack-sup-hinchable-y-wing-v3\/\" \/>\n<meta property=\"og:locale\" content=\"es_ES\" \/>\n<meta property=\"og:type\" content=\"article\" \/>\n<meta property=\"og:title\" content=\"Pack Stand Up Paddle con Wing- SROKA Company\" \/>\n<meta property=\"og:description\" content=\"\u00a1El pack perfecto de stand up paddle con un ala Sroka para aprender a navegar foil f\u00e1cilmente! Este completo pack es perfecto para toda la familia\" \/>\n<meta property=\"og:url\" content=\"https:\/\/old.srokacompany.com\/es\/produit\/pack-sup-hinchable-y-wing-v3\/\" \/>\n<meta property=\"og:site_name\" content=\"SROKA Company\" \/>\n<meta property=\"article:publisher\" content=\"https:\/\/www.facebook.com\/srokawatersports\/\" \/>\n<meta property=\"article:modified_time\" content=\"2025-10-31T17:13:21+00:00\" \/>\n<meta property=\"og:image\" content=\"https:\/\/srokacompany.com\/wp-content\/uploads\/2022\/05\/Pack-decouverte.png\" \/>\n\t<meta property=\"og:image:width\" content=\"780\" \/>\n\t<meta property=\"og:image:height\" content=\"1040\" \/>\n\t<meta property=\"og:image:type\" content=\"image\/png\" \/>\n<meta name=\"twitter:label1\" content=\"Tiempo de lectura\" \/>\n\t<meta name=\"twitter:data1\" content=\"1 minuto\" \/>\n<script type=\"application\/ld+json\" class=\"yoast-schema-graph\">{\"@context\":\"https:\\\/\\\/schema.org\",\"@graph\":[{\"@type\":\"WebPage\",\"@id\":\"https:\\\/\\\/old.srokacompany.com\\\/es\\\/produit\\\/pack-sup-hinchable-y-wing-v3\\\/\",\"url\":\"https:\\\/\\\/old.srokacompany.com\\\/es\\\/produit\\\/pack-sup-hinchable-y-wing-v3\\\/\",\"name\":\"Pack Stand Up Paddle con Wing- SROKA Company\",\"isPartOf\":{\"@id\":\"https:\\\/\\\/srokacompany.com\\\/#website\"},\"primaryImageOfPage\":{\"@id\":\"https:\\\/\\\/old.srokacompany.com\\\/es\\\/produit\\\/pack-sup-hinchable-y-wing-v3\\\/#primaryimage\"},\"image\":{\"@id\":\"https:\\\/\\\/old.srokacompany.com\\\/es\\\/produit\\\/pack-sup-hinchable-y-wing-v3\\\/#primaryimage\"},\"thumbnailUrl\":\"https:\\\/\\\/old.srokacompany.com\\\/wp-content\\\/uploads\\\/2022\\\/05\\\/Pack-decouverte.png\",\"datePublished\":\"2022-05-24T14:04:15+00:00\",\"dateModified\":\"2025-10-31T17:13:21+00:00\",\"description\":\"\u00a1El pack perfecto de stand up paddle con un ala Sroka para aprender a navegar foil f\u00e1cilmente! Este completo pack es perfecto para toda la familia\",\"breadcrumb\":{\"@id\":\"https:\\\/\\\/old.srokacompany.com\\\/es\\\/produit\\\/pack-sup-hinchable-y-wing-v3\\\/#breadcrumb\"},\"inLanguage\":\"es\",\"potentialAction\":[{\"@type\":\"ReadAction\",\"target\":[\"https:\\\/\\\/old.srokacompany.com\\\/es\\\/produit\\\/pack-sup-hinchable-y-wing-v3\\\/\"]}]},{\"@type\":\"ImageObject\",\"inLanguage\":\"es\",\"@id\":\"https:\\\/\\\/old.srokacompany.com\\\/es\\\/produit\\\/pack-sup-hinchable-y-wing-v3\\\/#primaryimage\",\"url\":\"https:\\\/\\\/old.srokacompany.com\\\/wp-content\\\/uploads\\\/2022\\\/05\\\/Pack-decouverte.png\",\"contentUrl\":\"https:\\\/\\\/old.srokacompany.com\\\/wp-content\\\/uploads\\\/2022\\\/05\\\/Pack-decouverte.png\",\"width\":780,\"height\":1040},{\"@type\":\"BreadcrumbList\",\"@id\":\"https:\\\/\\\/old.srokacompany.com\\\/es\\\/produit\\\/pack-sup-hinchable-y-wing-v3\\\/#breadcrumb\",\"itemListElement\":[{\"@type\":\"ListItem\",\"position\":1,\"name\":\"Accueil\",\"item\":\"https:\\\/\\\/srokacompany.com\\\/es\\\/\"},{\"@type\":\"ListItem\",\"position\":2,\"name\":\"Tienda\",\"item\":\"https:\\\/\\\/srokacompany.com\\\/tienda\\\/\"},{\"@type\":\"ListItem\",\"position\":3,\"name\":\"Pack SUP hinchable y Wing V3\"}]},{\"@type\":\"WebSite\",\"@id\":\"https:\\\/\\\/srokacompany.com\\\/#website\",\"url\":\"https:\\\/\\\/srokacompany.com\\\/\",\"name\":\"SROKA Company\",\"description\":\"SUP, Kite, Foil, Wing\",\"publisher\":{\"@id\":\"https:\\\/\\\/srokacompany.com\\\/#organization\"},\"potentialAction\":[{\"@type\":\"SearchAction\",\"target\":{\"@type\":\"EntryPoint\",\"urlTemplate\":\"https:\\\/\\\/srokacompany.com\\\/?s={search_term_string}\"},\"query-input\":{\"@type\":\"PropertyValueSpecification\",\"valueRequired\":true,\"valueName\":\"search_term_string\"}}],\"inLanguage\":\"es\"},{\"@type\":\"Organization\",\"@id\":\"https:\\\/\\\/srokacompany.com\\\/#organization\",\"name\":\"SROKACOMPANY\",\"alternateName\":\"SROKA\",\"url\":\"https:\\\/\\\/srokacompany.com\\\/\",\"logo\":{\"@type\":\"ImageObject\",\"inLanguage\":\"es\",\"@id\":\"https:\\\/\\\/srokacompany.com\\\/#\\\/schema\\\/logo\\\/image\\\/\",\"url\":\"https:\\\/\\\/srokacompany.com\\\/wp-content\\\/uploads\\\/2021\\\/01\\\/logo-sroka-black-transpa.png\",\"contentUrl\":\"https:\\\/\\\/srokacompany.com\\\/wp-content\\\/uploads\\\/2021\\\/01\\\/logo-sroka-black-transpa.png\",\"width\":1201,\"height\":342,\"caption\":\"SROKACOMPANY\"},\"image\":{\"@id\":\"https:\\\/\\\/srokacompany.com\\\/#\\\/schema\\\/logo\\\/image\\\/\"},\"sameAs\":[\"https:\\\/\\\/www.facebook.com\\\/srokawatersports\\\/\",\"https:\\\/\\\/www.instagram.com\\\/srokawatersports\\\/\",\"https:\\\/\\\/www.youtube.com\\\/channel\\\/UCVLHHeaPIm-J5bdEUgxqtZA\"]}]}<\/script>\n<!-- \/ Yoast SEO plugin. -->","yoast_head_json":{"title":"Pack Stand Up Paddle con Wing- SROKA Company","description":"\u00a1El pack perfecto de stand up paddle con un ala Sroka para aprender a navegar foil f\u00e1cilmente! Este completo pack es perfecto para toda la familia","robots":{"index":"index","follow":"follow","max-snippet":"max-snippet:-1","max-image-preview":"max-image-preview:large","max-video-preview":"max-video-preview:-1"},"canonical":"https:\/\/old.srokacompany.com\/es\/produit\/pack-sup-hinchable-y-wing-v3\/","og_locale":"es_ES","og_type":"article","og_title":"Pack Stand Up Paddle con Wing- SROKA Company","og_description":"\u00a1El pack perfecto de stand up paddle con un ala Sroka para aprender a navegar foil f\u00e1cilmente! Este completo pack es perfecto para toda la familia","og_url":"https:\/\/old.srokacompany.com\/es\/produit\/pack-sup-hinchable-y-wing-v3\/","og_site_name":"SROKA Company","article_publisher":"https:\/\/www.facebook.com\/srokawatersports\/","article_modified_time":"2025-10-31T17:13:21+00:00","og_image":[{"width":780,"height":1040,"url":"https:\/\/srokacompany.com\/wp-content\/uploads\/2022\/05\/Pack-decouverte.png","type":"image\/png"}],"twitter_misc":{"Tiempo de lectura":"1 minuto"},"schema":{"@context":"https:\/\/schema.org","@graph":[{"@type":"WebPage","@id":"https:\/\/old.srokacompany.com\/es\/produit\/pack-sup-hinchable-y-wing-v3\/","url":"https:\/\/old.srokacompany.com\/es\/produit\/pack-sup-hinchable-y-wing-v3\/","name":"Pack Stand Up Paddle con Wing- SROKA Company","isPartOf":{"@id":"https:\/\/srokacompany.com\/#website"},"primaryImageOfPage":{"@id":"https:\/\/old.srokacompany.com\/es\/produit\/pack-sup-hinchable-y-wing-v3\/#primaryimage"},"image":{"@id":"https:\/\/old.srokacompany.com\/es\/produit\/pack-sup-hinchable-y-wing-v3\/#primaryimage"},"thumbnailUrl":"https:\/\/old.srokacompany.com\/wp-content\/uploads\/2022\/05\/Pack-decouverte.png","datePublished":"2022-05-24T14:04:15+00:00","dateModified":"2025-10-31T17:13:21+00:00","description":"\u00a1El pack perfecto de stand up paddle con un ala Sroka para aprender a navegar foil f\u00e1cilmente! Este completo pack es perfecto para toda la familia","breadcrumb":{"@id":"https:\/\/old.srokacompany.com\/es\/produit\/pack-sup-hinchable-y-wing-v3\/#breadcrumb"},"inLanguage":"es","potentialAction":[{"@type":"ReadAction","target":["https:\/\/old.srokacompany.com\/es\/produit\/pack-sup-hinchable-y-wing-v3\/"]}]},{"@type":"ImageObject","inLanguage":"es","@id":"https:\/\/old.srokacompany.com\/es\/produit\/pack-sup-hinchable-y-wing-v3\/#primaryimage","url":"https:\/\/old.srokacompany.com\/wp-content\/uploads\/2022\/05\/Pack-decouverte.png","contentUrl":"https:\/\/old.srokacompany.com\/wp-content\/uploads\/2022\/05\/Pack-decouverte.png","width":780,"height":1040},{"@type":"BreadcrumbList","@id":"https:\/\/old.srokacompany.com\/es\/produit\/pack-sup-hinchable-y-wing-v3\/#breadcrumb","itemListElement":[{"@type":"ListItem","position":1,"name":"Accueil","item":"https:\/\/srokacompany.com\/es\/"},{"@type":"ListItem","position":2,"name":"Tienda","item":"https:\/\/srokacompany.com\/tienda\/"},{"@type":"ListItem","position":3,"name":"Pack SUP hinchable y Wing V3"}]},{"@type":"WebSite","@id":"https:\/\/srokacompany.com\/#website","url":"https:\/\/srokacompany.com\/","name":"SROKA Company","description":"SUP, Kite, Foil, Wing","publisher":{"@id":"https:\/\/srokacompany.com\/#organization"},"potentialAction":[{"@type":"SearchAction","target":{"@type":"EntryPoint","urlTemplate":"https:\/\/srokacompany.com\/?s={search_term_string}"},"query-input":{"@type":"PropertyValueSpecification","valueRequired":true,"valueName":"search_term_string"}}],"inLanguage":"es"},{"@type":"Organization","@id":"https:\/\/srokacompany.com\/#organization","name":"SROKACOMPANY","alternateName":"SROKA","url":"https:\/\/srokacompany.com\/","logo":{"@type":"ImageObject","inLanguage":"es","@id":"https:\/\/srokacompany.com\/#\/schema\/logo\/image\/","url":"https:\/\/srokacompany.com\/wp-content\/uploads\/2021\/01\/logo-sroka-black-transpa.png","contentUrl":"https:\/\/srokacompany.com\/wp-content\/uploads\/2021\/01\/logo-sroka-black-transpa.png","width":1201,"height":342,"caption":"SROKACOMPANY"},"image":{"@id":"https:\/\/srokacompany.com\/#\/schema\/logo\/image\/"},"sameAs":["https:\/\/www.facebook.com\/srokawatersports\/","https:\/\/www.instagram.com\/srokawatersports\/","https:\/\/www.youtube.com\/channel\/UCVLHHeaPIm-J5bdEUgxqtZA"]}]}},"uagb_featured_image_src":{"full":["https:\/\/old.srokacompany.com\/wp-content\/uploads\/2022\/05\/Pack-decouverte.png",780,1040,false],"thumbnail":["https:\/\/old.srokacompany.com\/wp-content\/uploads\/2022\/05\/Pack-decouverte-150x150.png",150,150,true],"medium":["https:\/\/old.srokacompany.com\/wp-content\/uploads\/2022\/05\/Pack-decouverte-225x300.png",225,300,true],"medium_large":["https:\/\/old.srokacompany.com\/wp-content\/uploads\/2022\/05\/Pack-decouverte-768x1024.png",768,1024,true],"large":["https:\/\/old.srokacompany.com\/wp-content\/uploads\/2022\/05\/Pack-decouverte-768x1024.png",768,1024,true],"1536x1536":["https:\/\/old.srokacompany.com\/wp-content\/uploads\/2022\/05\/Pack-decouverte.png",780,1040,false],"2048x2048":["https:\/\/old.srokacompany.com\/wp-content\/uploads\/2022\/05\/Pack-decouverte.png",780,1040,false],"woocommerce_thumbnail":["https:\/\/old.srokacompany.com\/wp-content\/uploads\/2022\/05\/Pack-decouverte-600x800.png",600,800,true],"woocommerce_single":["https:\/\/old.srokacompany.com\/wp-content\/uploads\/2022\/05\/Pack-decouverte-600x800.png",600,800,true],"woocommerce_gallery_thumbnail":["https:\/\/old.srokacompany.com\/wp-content\/uploads\/2022\/05\/Pack-decouverte-100x100.png",100,100,true],"dgwt-wcas-product-suggestion":["https:\/\/old.srokacompany.com\/wp-content\/uploads\/2022\/05\/Pack-decouverte.png",64,85,false]},"uagb_author_info":{"display_name":"Emmanuel DIJOUX","author_link":"https:\/\/old.srokacompany.com\/es\/blog\/author\/"},"uagb_comment_info":0,"uagb_excerpt":"&#x2757;&#xfe0f;Existencias limitadas&#x2757;&#xfe0f; Aprender wingfoil puede parecer dif\u00edcil y complicado. Si quieres aprender a dominar la foil, el ala y la tabla al mismo tiempo, \u00a1tenemos la soluci\u00f3n para ti! Este concepto mixto abre otra visi\u00f3n de remar en d\u00edas ventosos. Aprender a controlar un ala foil nunca ha sido tan f\u00e1cil, y es el primer&hellip;","jetpack_sharing_enabled":true,"_links":{"self":[{"href":"https:\/\/old.srokacompany.com\/es\/wp-json\/wp\/v2\/product\/342786","targetHints":{"allow":["GET"]}}],"collection":[{"href":"https:\/\/old.srokacompany.com\/es\/wp-json\/wp\/v2\/product"}],"about":[{"href":"https:\/\/old.srokacompany.com\/es\/wp-json\/wp\/v2\/types\/product"}],"wp:featuredmedia":[{"embeddable":true,"href":"https:\/\/old.srokacompany.com\/es\/wp-json\/wp\/v2\/media\/342792"}],"wp:attachment":[{"href":"https:\/\/old.srokacompany.com\/es\/wp-json\/wp\/v2\/media?parent=342786"}],"wp:term":[{"taxonomy":"product_brand","embeddable":true,"href":"https:\/\/old.srokacompany.com\/es\/wp-json\/wp\/v2\/product_brand?post=342786"},{"taxonomy":"product_cat","embeddable":true,"href":"https:\/\/old.srokacompany.com\/es\/wp-json\/wp\/v2\/product_cat?post=342786"},{"taxonomy":"product_tag","embeddable":true,"href":"https:\/\/old.srokacompany.com\/es\/wp-json\/wp\/v2\/product_tag?post=342786"}],"curies":[{"name":"wp","href":"https:\/\/api.w.org\/{rel}","templated":true}]}}