{"id":343251,"date":"2023-01-03T14:15:27","date_gmt":"2023-01-03T12:15:27","guid":{"rendered":"https:\/\/srokacompany.com\/produit\/pocket-40-foilboard-bombeo-wake-kite-remolque\/"},"modified":"2025-06-26T18:01:35","modified_gmt":"2025-06-26T16:01:35","slug":"pocket-40-foilboard-bombeo-wake-kite-remolque","status":"publish","type":"product","link":"https:\/\/old.srokacompany.com\/es\/produit\/pocket-40-foilboard-bombeo-wake-kite-remolque\/","title":{"rendered":"Pocket 4&#8217;0 Foilboard &#8211; Bombeo \/ Wake \/ Kite \/ Remolque"},"content":{"rendered":"<hr>\n<h3><em>\u00abLa mejor tabla para bombear en kil\u00f3metros\u00bb.<\/em><\/h3>\n<p>El bolsillo est\u00e1 dise\u00f1ado para <a href=\"https:\/\/srokacompany.com\/es\/blog\/comment-debuter-le-dockstart-en-foil\/\"><strong>dockstart<\/strong><\/a> y <strong>wake-foil, surf-foil <\/strong> o kite-foil. Su peque\u00f1o tama\u00f1o, rigidez y ligereza le confieren una precisi\u00f3n excepcional, lo que la convierte <strong>en una formidable<\/strong> <strong>tabla<\/strong> <strong>de bombeo y tallado<\/strong>. Podr\u00e1s bombear largas distancias en las mejores condiciones.<\/p>\n<p>Su construcci\u00f3n ultrarr\u00edgida da la impresi\u00f3n de ser <strong>uno con foil<\/strong> y le confiere <strong>una extraordinaria<\/strong> <strong>capacidad de respuesta<\/strong>. Todo reacciona exactamente como te imaginas, \u00a1y es agradable!<\/p>\n<p>Est\u00e1 construido con un <a href=\"https:\/\/www.youtube.com\/watch?v=UlWDYIVK7hQ&amp;t=71s\"><br \/>\n  <strong>s\u00e1ndwich de fibra de vidrio de PVC<\/strong><br \/>\n<\/a> en la cubierta y el casco para obtener la mejor relaci\u00f3n resistencia\/peso. Un bloque Airex ultradenso cruza el tablero en los rieles de EE. UU. para soportar presiones significativas. Una cola de patada est\u00e1 presente en la parte posterior de la almohadilla para optimizar su control en la tabla tanto como sea posible. Una multitud de inserciones (55 en total) te permiten ajustar las correas infinitamente seg\u00fan tu nivel, tu disciplina y tu talla. Su balanc\u00edn le permite reaccionar a los toques de la mejor manera posible. Que en realidad es una tabla perfecta para practicar diferentes deportes con la misma tabla.<\/p>\n<p>Es la tabla ideal si buscas una tabla <strong>compacta<\/strong>, <strong>ligera<\/strong> y <strong>s\u00f3lida<\/strong> para el bombeo, wake foilsurf remolcado o kite-foil.<\/p>\n","protected":false},"excerpt":{"rendered":"<p>\u00abLa mejor tabla para bombear en kil\u00f3metros\u00bb. El bolsillo est\u00e1 dise\u00f1ado para dockstart y wake-foil, surf-foil o kite-foil. Su peque\u00f1o tama\u00f1o, rigidez y ligereza le confieren una precisi\u00f3n excepcional, lo que la convierte en una formidable tabla de bombeo y tallado. Podr\u00e1s bombear largas distancias en las mejores condiciones. Su construcci\u00f3n ultrarr\u00edgida da la impresi\u00f3n [&hellip;]<\/p>\n","protected":false},"featured_media":343252,"template":"","meta":{"_acf_changed":false,"_uag_custom_page_level_css":""},"product_brand":[],"product_cat":[3643,3667],"product_tag":[],"class_list":{"0":"post-343251","1":"product","2":"type-product","3":"status-publish","4":"has-post-thumbnail","6":"product_cat-arranque-en-muelle-y-bombeo","7":"product_cat-todas-nuestras-tablas-dockstart","8":"product_shipping_class-unidad-de-tablero-duro","10":"first","11":"instock","12":"sale","13":"taxable","14":"shipping-taxable","15":"purchasable","16":"product-type-simple"},"acf":[],"yoast_head":"<!-- This site is optimized with the Yoast SEO plugin v27.4 - https:\/\/yoast.com\/product\/yoast-seo-wordpress\/ -->\n<title>Pocket 4&#039;0 Foilboard - Bombeo \/ Wake \/ Kite \/ Remolque - SROKA Company<\/title>\n<meta name=\"description\" content=\"La pocket es una tabla Pump foil para dockstart y wake-foil, kite-foil o surf remolcado -foil. Es formidable para el bombeo y el carving.\" \/>\n<meta name=\"robots\" content=\"index, follow, max-snippet:-1, max-image-preview:large, max-video-preview:-1\" \/>\n<link rel=\"canonical\" href=\"https:\/\/old.srokacompany.com\/es\/produit\/pocket-40-foilboard-bombeo-wake-kite-remolque\/\" \/>\n<meta property=\"og:locale\" content=\"es_ES\" \/>\n<meta property=\"og:type\" content=\"article\" \/>\n<meta property=\"og:title\" content=\"Pocket 4&#039;0 Foilboard - Bombeo \/ Wake \/ Kite \/ Remolque - SROKA Company\" \/>\n<meta property=\"og:description\" content=\"La pocket es una tabla Pump foil para dockstart y wake-foil, kite-foil o surf remolcado -foil. Es formidable para el bombeo y el carving.\" \/>\n<meta property=\"og:url\" content=\"https:\/\/old.srokacompany.com\/es\/produit\/pocket-40-foilboard-bombeo-wake-kite-remolque\/\" \/>\n<meta property=\"og:site_name\" content=\"SROKA Company\" \/>\n<meta property=\"article:publisher\" content=\"https:\/\/www.facebook.com\/srokawatersports\/\" \/>\n<meta property=\"article:modified_time\" content=\"2025-06-26T16:01:35+00:00\" \/>\n<meta property=\"og:image\" content=\"https:\/\/srokacompany.com\/wp-content\/uploads\/2023\/01\/Photo-produit-planche-foils-et-packs-15.png\" \/>\n\t<meta property=\"og:image:width\" content=\"740\" \/>\n\t<meta property=\"og:image:height\" content=\"1080\" \/>\n\t<meta property=\"og:image:type\" content=\"image\/png\" \/>\n<meta name=\"twitter:label1\" content=\"Tiempo de lectura\" \/>\n\t<meta name=\"twitter:data1\" content=\"1 minuto\" \/>\n<script type=\"application\/ld+json\" class=\"yoast-schema-graph\">{\"@context\":\"https:\\\/\\\/schema.org\",\"@graph\":[{\"@type\":\"WebPage\",\"@id\":\"https:\\\/\\\/old.srokacompany.com\\\/es\\\/produit\\\/pocket-40-foilboard-bombeo-wake-kite-remolque\\\/\",\"url\":\"https:\\\/\\\/old.srokacompany.com\\\/es\\\/produit\\\/pocket-40-foilboard-bombeo-wake-kite-remolque\\\/\",\"name\":\"Pocket 4'0 Foilboard - Bombeo \\\/ Wake \\\/ Kite \\\/ Remolque - SROKA Company\",\"isPartOf\":{\"@id\":\"https:\\\/\\\/srokacompany.com\\\/#website\"},\"primaryImageOfPage\":{\"@id\":\"https:\\\/\\\/old.srokacompany.com\\\/es\\\/produit\\\/pocket-40-foilboard-bombeo-wake-kite-remolque\\\/#primaryimage\"},\"image\":{\"@id\":\"https:\\\/\\\/old.srokacompany.com\\\/es\\\/produit\\\/pocket-40-foilboard-bombeo-wake-kite-remolque\\\/#primaryimage\"},\"thumbnailUrl\":\"https:\\\/\\\/old.srokacompany.com\\\/wp-content\\\/uploads\\\/2023\\\/01\\\/Photo-produit-planche-foils-et-packs-15.png\",\"datePublished\":\"2023-01-03T12:15:27+00:00\",\"dateModified\":\"2025-06-26T16:01:35+00:00\",\"description\":\"La pocket es una tabla Pump foil para dockstart y wake-foil, kite-foil o surf remolcado -foil. Es formidable para el bombeo y el carving.\",\"breadcrumb\":{\"@id\":\"https:\\\/\\\/old.srokacompany.com\\\/es\\\/produit\\\/pocket-40-foilboard-bombeo-wake-kite-remolque\\\/#breadcrumb\"},\"inLanguage\":\"es\",\"potentialAction\":[{\"@type\":\"ReadAction\",\"target\":[\"https:\\\/\\\/old.srokacompany.com\\\/es\\\/produit\\\/pocket-40-foilboard-bombeo-wake-kite-remolque\\\/\"]}]},{\"@type\":\"ImageObject\",\"inLanguage\":\"es\",\"@id\":\"https:\\\/\\\/old.srokacompany.com\\\/es\\\/produit\\\/pocket-40-foilboard-bombeo-wake-kite-remolque\\\/#primaryimage\",\"url\":\"https:\\\/\\\/old.srokacompany.com\\\/wp-content\\\/uploads\\\/2023\\\/01\\\/Photo-produit-planche-foils-et-packs-15.png\",\"contentUrl\":\"https:\\\/\\\/old.srokacompany.com\\\/wp-content\\\/uploads\\\/2023\\\/01\\\/Photo-produit-planche-foils-et-packs-15.png\",\"width\":740,\"height\":1080},{\"@type\":\"BreadcrumbList\",\"@id\":\"https:\\\/\\\/old.srokacompany.com\\\/es\\\/produit\\\/pocket-40-foilboard-bombeo-wake-kite-remolque\\\/#breadcrumb\",\"itemListElement\":[{\"@type\":\"ListItem\",\"position\":1,\"name\":\"Accueil\",\"item\":\"https:\\\/\\\/srokacompany.com\\\/es\\\/\"},{\"@type\":\"ListItem\",\"position\":2,\"name\":\"Tienda\",\"item\":\"https:\\\/\\\/srokacompany.com\\\/tienda\\\/\"},{\"@type\":\"ListItem\",\"position\":3,\"name\":\"Pocket 4&#8217;0 Foilboard &#8211; Bombeo \\\/ Wake \\\/ Kite \\\/ Remolque\"}]},{\"@type\":\"WebSite\",\"@id\":\"https:\\\/\\\/srokacompany.com\\\/#website\",\"url\":\"https:\\\/\\\/srokacompany.com\\\/\",\"name\":\"SROKA Company\",\"description\":\"SUP, Kite, Foil, Wing\",\"publisher\":{\"@id\":\"https:\\\/\\\/srokacompany.com\\\/#organization\"},\"potentialAction\":[{\"@type\":\"SearchAction\",\"target\":{\"@type\":\"EntryPoint\",\"urlTemplate\":\"https:\\\/\\\/srokacompany.com\\\/?s={search_term_string}\"},\"query-input\":{\"@type\":\"PropertyValueSpecification\",\"valueRequired\":true,\"valueName\":\"search_term_string\"}}],\"inLanguage\":\"es\"},{\"@type\":\"Organization\",\"@id\":\"https:\\\/\\\/srokacompany.com\\\/#organization\",\"name\":\"SROKACOMPANY\",\"alternateName\":\"SROKA\",\"url\":\"https:\\\/\\\/srokacompany.com\\\/\",\"logo\":{\"@type\":\"ImageObject\",\"inLanguage\":\"es\",\"@id\":\"https:\\\/\\\/srokacompany.com\\\/#\\\/schema\\\/logo\\\/image\\\/\",\"url\":\"https:\\\/\\\/srokacompany.com\\\/wp-content\\\/uploads\\\/2021\\\/01\\\/logo-sroka-black-transpa.png\",\"contentUrl\":\"https:\\\/\\\/srokacompany.com\\\/wp-content\\\/uploads\\\/2021\\\/01\\\/logo-sroka-black-transpa.png\",\"width\":1201,\"height\":342,\"caption\":\"SROKACOMPANY\"},\"image\":{\"@id\":\"https:\\\/\\\/srokacompany.com\\\/#\\\/schema\\\/logo\\\/image\\\/\"},\"sameAs\":[\"https:\\\/\\\/www.facebook.com\\\/srokawatersports\\\/\",\"https:\\\/\\\/www.instagram.com\\\/srokawatersports\\\/\",\"https:\\\/\\\/www.youtube.com\\\/channel\\\/UCVLHHeaPIm-J5bdEUgxqtZA\"]}]}<\/script>\n<!-- \/ Yoast SEO plugin. -->","yoast_head_json":{"title":"Pocket 4'0 Foilboard - Bombeo \/ Wake \/ Kite \/ Remolque - SROKA Company","description":"La pocket es una tabla Pump foil para dockstart y wake-foil, kite-foil o surf remolcado -foil. Es formidable para el bombeo y el carving.","robots":{"index":"index","follow":"follow","max-snippet":"max-snippet:-1","max-image-preview":"max-image-preview:large","max-video-preview":"max-video-preview:-1"},"canonical":"https:\/\/old.srokacompany.com\/es\/produit\/pocket-40-foilboard-bombeo-wake-kite-remolque\/","og_locale":"es_ES","og_type":"article","og_title":"Pocket 4'0 Foilboard - Bombeo \/ Wake \/ Kite \/ Remolque - SROKA Company","og_description":"La pocket es una tabla Pump foil para dockstart y wake-foil, kite-foil o surf remolcado -foil. Es formidable para el bombeo y el carving.","og_url":"https:\/\/old.srokacompany.com\/es\/produit\/pocket-40-foilboard-bombeo-wake-kite-remolque\/","og_site_name":"SROKA Company","article_publisher":"https:\/\/www.facebook.com\/srokawatersports\/","article_modified_time":"2025-06-26T16:01:35+00:00","og_image":[{"width":740,"height":1080,"url":"https:\/\/srokacompany.com\/wp-content\/uploads\/2023\/01\/Photo-produit-planche-foils-et-packs-15.png","type":"image\/png"}],"twitter_misc":{"Tiempo de lectura":"1 minuto"},"schema":{"@context":"https:\/\/schema.org","@graph":[{"@type":"WebPage","@id":"https:\/\/old.srokacompany.com\/es\/produit\/pocket-40-foilboard-bombeo-wake-kite-remolque\/","url":"https:\/\/old.srokacompany.com\/es\/produit\/pocket-40-foilboard-bombeo-wake-kite-remolque\/","name":"Pocket 4'0 Foilboard - Bombeo \/ Wake \/ Kite \/ Remolque - SROKA Company","isPartOf":{"@id":"https:\/\/srokacompany.com\/#website"},"primaryImageOfPage":{"@id":"https:\/\/old.srokacompany.com\/es\/produit\/pocket-40-foilboard-bombeo-wake-kite-remolque\/#primaryimage"},"image":{"@id":"https:\/\/old.srokacompany.com\/es\/produit\/pocket-40-foilboard-bombeo-wake-kite-remolque\/#primaryimage"},"thumbnailUrl":"https:\/\/old.srokacompany.com\/wp-content\/uploads\/2023\/01\/Photo-produit-planche-foils-et-packs-15.png","datePublished":"2023-01-03T12:15:27+00:00","dateModified":"2025-06-26T16:01:35+00:00","description":"La pocket es una tabla Pump foil para dockstart y wake-foil, kite-foil o surf remolcado -foil. Es formidable para el bombeo y el carving.","breadcrumb":{"@id":"https:\/\/old.srokacompany.com\/es\/produit\/pocket-40-foilboard-bombeo-wake-kite-remolque\/#breadcrumb"},"inLanguage":"es","potentialAction":[{"@type":"ReadAction","target":["https:\/\/old.srokacompany.com\/es\/produit\/pocket-40-foilboard-bombeo-wake-kite-remolque\/"]}]},{"@type":"ImageObject","inLanguage":"es","@id":"https:\/\/old.srokacompany.com\/es\/produit\/pocket-40-foilboard-bombeo-wake-kite-remolque\/#primaryimage","url":"https:\/\/old.srokacompany.com\/wp-content\/uploads\/2023\/01\/Photo-produit-planche-foils-et-packs-15.png","contentUrl":"https:\/\/old.srokacompany.com\/wp-content\/uploads\/2023\/01\/Photo-produit-planche-foils-et-packs-15.png","width":740,"height":1080},{"@type":"BreadcrumbList","@id":"https:\/\/old.srokacompany.com\/es\/produit\/pocket-40-foilboard-bombeo-wake-kite-remolque\/#breadcrumb","itemListElement":[{"@type":"ListItem","position":1,"name":"Accueil","item":"https:\/\/srokacompany.com\/es\/"},{"@type":"ListItem","position":2,"name":"Tienda","item":"https:\/\/srokacompany.com\/tienda\/"},{"@type":"ListItem","position":3,"name":"Pocket 4&#8217;0 Foilboard &#8211; Bombeo \/ Wake \/ Kite \/ Remolque"}]},{"@type":"WebSite","@id":"https:\/\/srokacompany.com\/#website","url":"https:\/\/srokacompany.com\/","name":"SROKA Company","description":"SUP, Kite, Foil, Wing","publisher":{"@id":"https:\/\/srokacompany.com\/#organization"},"potentialAction":[{"@type":"SearchAction","target":{"@type":"EntryPoint","urlTemplate":"https:\/\/srokacompany.com\/?s={search_term_string}"},"query-input":{"@type":"PropertyValueSpecification","valueRequired":true,"valueName":"search_term_string"}}],"inLanguage":"es"},{"@type":"Organization","@id":"https:\/\/srokacompany.com\/#organization","name":"SROKACOMPANY","alternateName":"SROKA","url":"https:\/\/srokacompany.com\/","logo":{"@type":"ImageObject","inLanguage":"es","@id":"https:\/\/srokacompany.com\/#\/schema\/logo\/image\/","url":"https:\/\/srokacompany.com\/wp-content\/uploads\/2021\/01\/logo-sroka-black-transpa.png","contentUrl":"https:\/\/srokacompany.com\/wp-content\/uploads\/2021\/01\/logo-sroka-black-transpa.png","width":1201,"height":342,"caption":"SROKACOMPANY"},"image":{"@id":"https:\/\/srokacompany.com\/#\/schema\/logo\/image\/"},"sameAs":["https:\/\/www.facebook.com\/srokawatersports\/","https:\/\/www.instagram.com\/srokawatersports\/","https:\/\/www.youtube.com\/channel\/UCVLHHeaPIm-J5bdEUgxqtZA"]}]}},"uagb_featured_image_src":{"full":["https:\/\/old.srokacompany.com\/wp-content\/uploads\/2023\/01\/Photo-produit-planche-foils-et-packs-15.png",740,1080,false],"thumbnail":["https:\/\/old.srokacompany.com\/wp-content\/uploads\/2023\/01\/Photo-produit-planche-foils-et-packs-15-150x150.png",150,150,true],"medium":["https:\/\/old.srokacompany.com\/wp-content\/uploads\/2023\/01\/Photo-produit-planche-foils-et-packs-15-206x300.png",206,300,true],"medium_large":["https:\/\/old.srokacompany.com\/wp-content\/uploads\/2023\/01\/Photo-produit-planche-foils-et-packs-15.png",740,1080,false],"large":["https:\/\/old.srokacompany.com\/wp-content\/uploads\/2023\/01\/Photo-produit-planche-foils-et-packs-15-702x1024.png",702,1024,true],"1536x1536":["https:\/\/old.srokacompany.com\/wp-content\/uploads\/2023\/01\/Photo-produit-planche-foils-et-packs-15.png",740,1080,false],"2048x2048":["https:\/\/old.srokacompany.com\/wp-content\/uploads\/2023\/01\/Photo-produit-planche-foils-et-packs-15.png",740,1080,false],"woocommerce_thumbnail":["https:\/\/old.srokacompany.com\/wp-content\/uploads\/2023\/01\/Photo-produit-planche-foils-et-packs-15-600x876.png",600,876,true],"woocommerce_single":["https:\/\/old.srokacompany.com\/wp-content\/uploads\/2023\/01\/Photo-produit-planche-foils-et-packs-15-600x876.png",600,876,true],"woocommerce_gallery_thumbnail":["https:\/\/old.srokacompany.com\/wp-content\/uploads\/2023\/01\/Photo-produit-planche-foils-et-packs-15-100x100.png",100,100,true],"dgwt-wcas-product-suggestion":["https:\/\/old.srokacompany.com\/wp-content\/uploads\/2023\/01\/Photo-produit-planche-foils-et-packs-15.png",64,93,false]},"uagb_author_info":{"display_name":"Emmanuel DIJOUX","author_link":"https:\/\/old.srokacompany.com\/es\/blog\/author\/"},"uagb_comment_info":0,"uagb_excerpt":"\u00abLa mejor tabla para bombear en kil\u00f3metros\u00bb. El bolsillo est\u00e1 dise\u00f1ado para dockstart y wake-foil, surf-foil o kite-foil. Su peque\u00f1o tama\u00f1o, rigidez y ligereza le confieren una precisi\u00f3n excepcional, lo que la convierte en una formidable tabla de bombeo y tallado. Podr\u00e1s bombear largas distancias en las mejores condiciones. Su construcci\u00f3n ultrarr\u00edgida da la impresi\u00f3n&hellip;","jetpack_sharing_enabled":true,"_links":{"self":[{"href":"https:\/\/old.srokacompany.com\/es\/wp-json\/wp\/v2\/product\/343251","targetHints":{"allow":["GET"]}}],"collection":[{"href":"https:\/\/old.srokacompany.com\/es\/wp-json\/wp\/v2\/product"}],"about":[{"href":"https:\/\/old.srokacompany.com\/es\/wp-json\/wp\/v2\/types\/product"}],"wp:featuredmedia":[{"embeddable":true,"href":"https:\/\/old.srokacompany.com\/es\/wp-json\/wp\/v2\/media\/343252"}],"wp:attachment":[{"href":"https:\/\/old.srokacompany.com\/es\/wp-json\/wp\/v2\/media?parent=343251"}],"wp:term":[{"taxonomy":"product_brand","embeddable":true,"href":"https:\/\/old.srokacompany.com\/es\/wp-json\/wp\/v2\/product_brand?post=343251"},{"taxonomy":"product_cat","embeddable":true,"href":"https:\/\/old.srokacompany.com\/es\/wp-json\/wp\/v2\/product_cat?post=343251"},{"taxonomy":"product_tag","embeddable":true,"href":"https:\/\/old.srokacompany.com\/es\/wp-json\/wp\/v2\/product_tag?post=343251"}],"curies":[{"name":"wp","href":"https:\/\/api.w.org\/{rel}","templated":true}]}}