{"id":343773,"date":"2023-06-07T15:00:28","date_gmt":"2023-06-07T15:00:28","guid":{"rendered":"https:\/\/srokacompany.com\/produit\/ocean-walker-104-segunda-mano\/"},"modified":"2025-10-31T19:11:49","modified_gmt":"2025-10-31T17:11:49","slug":"ocean-walker-104-segunda-mano","status":"publish","type":"product","link":"https:\/\/old.srokacompany.com\/es\/produit\/ocean-walker-104-segunda-mano\/","title":{"rendered":"Ocean Walker 10&#8217;4 &#8211; Segunda mano"},"content":{"rendered":"<hr>\n<h2>Palas hinchables al mejor precio &#8211; <a href=\"https:\/\/srokacompany.com\/es\/produit\/pala-hinchable-ocean-walker-104\/\">DESCRIPCI\u00d3N COMPLETA AQU\u00cd<\/a><\/h2>\n<p>Este modelo <strong>nunca ha estado en el agua<\/strong>, s\u00f3lo se ha utilizado en nuestro hangar para hacer fotos. Estado <g id=\"gid_1\">99% nuevo<\/g>. Ya no se puede vender como nuevo.  <\/p>\n<p>La <a href=\"https:\/\/srokacompany.com\/es\/eshop\/palas-hinchables\/\">tabla de<\/a> <a href=\"https:\/\/srokacompany.com\/es\/blog\/nuestros-consejos-para-aprender-stand-up-paddle-surf\/\">stand up paddle hinchable Ocean Walker 10&#8217;4 es ideal para aprender a hacer stand up paddle f\u00e1cilmente<\/a>. La tabla de stand up paddle inflable Ocean Walker SUP se vende como un paquete completo con todo lo necesario para empezar a remar de pie de inmediato. El pack incluye :<\/p>\n<ul>\n<li>una bomba de inflado<\/li>\n<li>una paleta de 3 partes desmontable y ajustable<\/li>\n<li>a leash<\/li>\n<li>3 aletas deslizantes<\/li>\n<li>una bolsa de transporte ajustable<\/li>\n<li>un peque\u00f1o kit de reparaci\u00f3n y mantenimiento<\/li>\n<\/ul>\n<div class=\"page\" title=\"P\u00e1gina 2\">\n<div class=\"layoutArea\">\n<div class=\"column\">\n<p>Con unas dimensiones de 10&#8217;4 de largo por 32&#8242; de ancho, combina sensaciones de planeo con estabilidad. El morro redondeado y la cola cuadrada hacen que sea f\u00e1cil perdonar cualquier error de equilibrio. Para garantizar una buena calidad y una rigidez satisfactoria, utilizamos materiales 100% de PVC y dropstitch de alta calidad. Estos materiales est\u00e1n reconocidos en el sector como las semirr\u00edgidas profesionales con mejores prestaciones del mercado y le acompa\u00f1ar\u00e1n a largo plazo<a href=\"https:\/\/srokacompany.com\/es\/blog\/nuestra-prioridad-la-calidad-y-durabilidad-de-nuestros-productos\/\">(Carta de Calidad Sroka<\/a>).   <\/p>\n<p>Es una tabla polivalente y ligera que se adapta a todo tipo de aguas: oc\u00e9ano, lago o r\u00edo. Las redes el\u00e1sticas de la parte delantera te permiten llevar tu equipo en una bolsa impermeable (no incluida en la mochila), o recoger la basura en tus salidas. <\/p>\n<p><strong>2 a\u00f1os de garant\u00eda<\/strong> para su tarjeta SUP y todos sus accesorios.<\/p>\n<p>Para m\u00e1s opciones, descubra nuestras gamas <a href=\"https:\/\/srokacompany.com\/es\/produit\/remo-hinchable-malibu-fusion\/\" target=\"_blank\" rel=\"noopener noreferrer\">Malibu<\/a> y <a href=\"https:\/\/srokacompany.com\/es\/produit\/paleta-hinchable-easy\/\">Easy<\/a>.<\/p>\n<p><a href=\"https:\/\/srokacompany.com\/es\/blog\/como-iniciarse-y-progresar-en-el-stand-up-paddle\/\">\u00a1Lee todos nuestros consejos sobre c\u00f3mo empezar en SUP!<\/a><\/p>\n<\/div>\n<\/div>\n<\/div>\n","protected":false},"excerpt":{"rendered":"<p>Palas hinchables al mejor precio &#8211; DESCRIPCI\u00d3N COMPLETA AQU\u00cd Este modelo nunca ha estado en el agua, s\u00f3lo se ha utilizado en nuestro hangar para hacer fotos. Estado 99% nuevo. Ya no se puede vender como nuevo. La tabla de stand up paddle hinchable Ocean Walker 10&#8217;4 es ideal para aprender a hacer stand up [&hellip;]<\/p>\n","protected":false},"featured_media":343781,"template":"","meta":{"_acf_changed":false,"_uag_custom_page_level_css":""},"product_brand":[],"product_cat":[3647,3692,3648],"product_tag":[],"class_list":{"0":"post-343773","1":"product","2":"type-product","3":"status-publish","4":"has-post-thumbnail","6":"product_cat-buenos-planes","7":"product_cat-equipos-de-segunda-mano","8":"product_cat-paleta-usada","9":"product_shipping_class-sup-unidad","11":"first","12":"instock","13":"taxable","14":"shipping-taxable","15":"purchasable","16":"product-type-variable"},"acf":[],"yoast_head":"<!-- This site is optimized with the Yoast SEO plugin v27.4 - https:\/\/yoast.com\/product\/yoast-seo-wordpress\/ -->\n<title>Ocean Walker 10&#039;4 - Segunda mano - SROKA Company<\/title>\n<meta name=\"description\" content=\"El remo hinchable Ocean Walker 10&#039;4 es ideal para aprender a remar de pie f\u00e1cilmente. C\u00f3mpralo de segunda mano. Se entrega en un paquete completo con todo lo necesario para empezar a remar de pie de inmediato.\" \/>\n<meta name=\"robots\" content=\"index, follow, max-snippet:-1, max-image-preview:large, max-video-preview:-1\" \/>\n<link rel=\"canonical\" href=\"https:\/\/old.srokacompany.com\/es\/produit\/ocean-walker-104-segunda-mano\/\" \/>\n<meta property=\"og:locale\" content=\"es_ES\" \/>\n<meta property=\"og:type\" content=\"article\" \/>\n<meta property=\"og:title\" content=\"Ocean Walker 10&#039;4 - Segunda mano - SROKA Company\" \/>\n<meta property=\"og:description\" content=\"El remo hinchable Ocean Walker 10&#039;4 es ideal para aprender a remar de pie f\u00e1cilmente. C\u00f3mpralo de segunda mano. Se entrega en un paquete completo con todo lo necesario para empezar a remar de pie de inmediato.\" \/>\n<meta property=\"og:url\" content=\"https:\/\/old.srokacompany.com\/es\/produit\/ocean-walker-104-segunda-mano\/\" \/>\n<meta property=\"og:site_name\" content=\"SROKA Company\" \/>\n<meta property=\"article:publisher\" content=\"https:\/\/www.facebook.com\/srokawatersports\/\" \/>\n<meta property=\"article:modified_time\" content=\"2025-10-31T17:11:49+00:00\" \/>\n<meta property=\"og:image\" content=\"https:\/\/srokacompany.com\/wp-content\/uploads\/2023\/06\/ocean-walker-occasionIMG_0084-scaled-1.jpg\" \/>\n\t<meta property=\"og:image:width\" content=\"1536\" \/>\n\t<meta property=\"og:image:height\" content=\"2048\" \/>\n\t<meta property=\"og:image:type\" content=\"image\/jpeg\" \/>\n<meta name=\"twitter:label1\" content=\"Tiempo de lectura\" \/>\n\t<meta name=\"twitter:data1\" content=\"1 minuto\" \/>\n<script type=\"application\/ld+json\" class=\"yoast-schema-graph\">{\"@context\":\"https:\\\/\\\/schema.org\",\"@graph\":[{\"@type\":\"WebPage\",\"@id\":\"https:\\\/\\\/old.srokacompany.com\\\/es\\\/produit\\\/ocean-walker-104-segunda-mano\\\/\",\"url\":\"https:\\\/\\\/old.srokacompany.com\\\/es\\\/produit\\\/ocean-walker-104-segunda-mano\\\/\",\"name\":\"Ocean Walker 10'4 - Segunda mano - SROKA Company\",\"isPartOf\":{\"@id\":\"https:\\\/\\\/srokacompany.com\\\/#website\"},\"primaryImageOfPage\":{\"@id\":\"https:\\\/\\\/old.srokacompany.com\\\/es\\\/produit\\\/ocean-walker-104-segunda-mano\\\/#primaryimage\"},\"image\":{\"@id\":\"https:\\\/\\\/old.srokacompany.com\\\/es\\\/produit\\\/ocean-walker-104-segunda-mano\\\/#primaryimage\"},\"thumbnailUrl\":\"https:\\\/\\\/old.srokacompany.com\\\/wp-content\\\/uploads\\\/2023\\\/06\\\/ocean-walker-occasionIMG_0084-scaled-1.jpg\",\"datePublished\":\"2023-06-07T15:00:28+00:00\",\"dateModified\":\"2025-10-31T17:11:49+00:00\",\"description\":\"El remo hinchable Ocean Walker 10'4 es ideal para aprender a remar de pie f\u00e1cilmente. C\u00f3mpralo de segunda mano. Se entrega en un paquete completo con todo lo necesario para empezar a remar de pie de inmediato.\",\"breadcrumb\":{\"@id\":\"https:\\\/\\\/old.srokacompany.com\\\/es\\\/produit\\\/ocean-walker-104-segunda-mano\\\/#breadcrumb\"},\"inLanguage\":\"es\",\"potentialAction\":[{\"@type\":\"ReadAction\",\"target\":[\"https:\\\/\\\/old.srokacompany.com\\\/es\\\/produit\\\/ocean-walker-104-segunda-mano\\\/\"]}]},{\"@type\":\"ImageObject\",\"inLanguage\":\"es\",\"@id\":\"https:\\\/\\\/old.srokacompany.com\\\/es\\\/produit\\\/ocean-walker-104-segunda-mano\\\/#primaryimage\",\"url\":\"https:\\\/\\\/old.srokacompany.com\\\/wp-content\\\/uploads\\\/2023\\\/06\\\/ocean-walker-occasionIMG_0084-scaled-1.jpg\",\"contentUrl\":\"https:\\\/\\\/old.srokacompany.com\\\/wp-content\\\/uploads\\\/2023\\\/06\\\/ocean-walker-occasionIMG_0084-scaled-1.jpg\",\"width\":1536,\"height\":2048},{\"@type\":\"BreadcrumbList\",\"@id\":\"https:\\\/\\\/old.srokacompany.com\\\/es\\\/produit\\\/ocean-walker-104-segunda-mano\\\/#breadcrumb\",\"itemListElement\":[{\"@type\":\"ListItem\",\"position\":1,\"name\":\"Accueil\",\"item\":\"https:\\\/\\\/srokacompany.com\\\/es\\\/\"},{\"@type\":\"ListItem\",\"position\":2,\"name\":\"Tienda\",\"item\":\"https:\\\/\\\/srokacompany.com\\\/tienda\\\/\"},{\"@type\":\"ListItem\",\"position\":3,\"name\":\"Ocean Walker 10&rsquo;4 &#8211; Segunda mano\"}]},{\"@type\":\"WebSite\",\"@id\":\"https:\\\/\\\/srokacompany.com\\\/#website\",\"url\":\"https:\\\/\\\/srokacompany.com\\\/\",\"name\":\"SROKA Company\",\"description\":\"SUP, Kite, Foil, Wing\",\"publisher\":{\"@id\":\"https:\\\/\\\/srokacompany.com\\\/#organization\"},\"potentialAction\":[{\"@type\":\"SearchAction\",\"target\":{\"@type\":\"EntryPoint\",\"urlTemplate\":\"https:\\\/\\\/srokacompany.com\\\/?s={search_term_string}\"},\"query-input\":{\"@type\":\"PropertyValueSpecification\",\"valueRequired\":true,\"valueName\":\"search_term_string\"}}],\"inLanguage\":\"es\"},{\"@type\":\"Organization\",\"@id\":\"https:\\\/\\\/srokacompany.com\\\/#organization\",\"name\":\"SROKACOMPANY\",\"alternateName\":\"SROKA\",\"url\":\"https:\\\/\\\/srokacompany.com\\\/\",\"logo\":{\"@type\":\"ImageObject\",\"inLanguage\":\"es\",\"@id\":\"https:\\\/\\\/srokacompany.com\\\/#\\\/schema\\\/logo\\\/image\\\/\",\"url\":\"https:\\\/\\\/srokacompany.com\\\/wp-content\\\/uploads\\\/2021\\\/01\\\/logo-sroka-black-transpa.png\",\"contentUrl\":\"https:\\\/\\\/srokacompany.com\\\/wp-content\\\/uploads\\\/2021\\\/01\\\/logo-sroka-black-transpa.png\",\"width\":1201,\"height\":342,\"caption\":\"SROKACOMPANY\"},\"image\":{\"@id\":\"https:\\\/\\\/srokacompany.com\\\/#\\\/schema\\\/logo\\\/image\\\/\"},\"sameAs\":[\"https:\\\/\\\/www.facebook.com\\\/srokawatersports\\\/\",\"https:\\\/\\\/www.instagram.com\\\/srokawatersports\\\/\",\"https:\\\/\\\/www.youtube.com\\\/channel\\\/UCVLHHeaPIm-J5bdEUgxqtZA\"]}]}<\/script>\n<!-- \/ Yoast SEO plugin. -->","yoast_head_json":{"title":"Ocean Walker 10'4 - Segunda mano - SROKA Company","description":"El remo hinchable Ocean Walker 10'4 es ideal para aprender a remar de pie f\u00e1cilmente. C\u00f3mpralo de segunda mano. Se entrega en un paquete completo con todo lo necesario para empezar a remar de pie de inmediato.","robots":{"index":"index","follow":"follow","max-snippet":"max-snippet:-1","max-image-preview":"max-image-preview:large","max-video-preview":"max-video-preview:-1"},"canonical":"https:\/\/old.srokacompany.com\/es\/produit\/ocean-walker-104-segunda-mano\/","og_locale":"es_ES","og_type":"article","og_title":"Ocean Walker 10'4 - Segunda mano - SROKA Company","og_description":"El remo hinchable Ocean Walker 10'4 es ideal para aprender a remar de pie f\u00e1cilmente. C\u00f3mpralo de segunda mano. Se entrega en un paquete completo con todo lo necesario para empezar a remar de pie de inmediato.","og_url":"https:\/\/old.srokacompany.com\/es\/produit\/ocean-walker-104-segunda-mano\/","og_site_name":"SROKA Company","article_publisher":"https:\/\/www.facebook.com\/srokawatersports\/","article_modified_time":"2025-10-31T17:11:49+00:00","og_image":[{"width":1536,"height":2048,"url":"https:\/\/srokacompany.com\/wp-content\/uploads\/2023\/06\/ocean-walker-occasionIMG_0084-scaled-1.jpg","type":"image\/jpeg"}],"twitter_misc":{"Tiempo de lectura":"1 minuto"},"schema":{"@context":"https:\/\/schema.org","@graph":[{"@type":"WebPage","@id":"https:\/\/old.srokacompany.com\/es\/produit\/ocean-walker-104-segunda-mano\/","url":"https:\/\/old.srokacompany.com\/es\/produit\/ocean-walker-104-segunda-mano\/","name":"Ocean Walker 10'4 - Segunda mano - SROKA Company","isPartOf":{"@id":"https:\/\/srokacompany.com\/#website"},"primaryImageOfPage":{"@id":"https:\/\/old.srokacompany.com\/es\/produit\/ocean-walker-104-segunda-mano\/#primaryimage"},"image":{"@id":"https:\/\/old.srokacompany.com\/es\/produit\/ocean-walker-104-segunda-mano\/#primaryimage"},"thumbnailUrl":"https:\/\/old.srokacompany.com\/wp-content\/uploads\/2023\/06\/ocean-walker-occasionIMG_0084-scaled-1.jpg","datePublished":"2023-06-07T15:00:28+00:00","dateModified":"2025-10-31T17:11:49+00:00","description":"El remo hinchable Ocean Walker 10'4 es ideal para aprender a remar de pie f\u00e1cilmente. C\u00f3mpralo de segunda mano. Se entrega en un paquete completo con todo lo necesario para empezar a remar de pie de inmediato.","breadcrumb":{"@id":"https:\/\/old.srokacompany.com\/es\/produit\/ocean-walker-104-segunda-mano\/#breadcrumb"},"inLanguage":"es","potentialAction":[{"@type":"ReadAction","target":["https:\/\/old.srokacompany.com\/es\/produit\/ocean-walker-104-segunda-mano\/"]}]},{"@type":"ImageObject","inLanguage":"es","@id":"https:\/\/old.srokacompany.com\/es\/produit\/ocean-walker-104-segunda-mano\/#primaryimage","url":"https:\/\/old.srokacompany.com\/wp-content\/uploads\/2023\/06\/ocean-walker-occasionIMG_0084-scaled-1.jpg","contentUrl":"https:\/\/old.srokacompany.com\/wp-content\/uploads\/2023\/06\/ocean-walker-occasionIMG_0084-scaled-1.jpg","width":1536,"height":2048},{"@type":"BreadcrumbList","@id":"https:\/\/old.srokacompany.com\/es\/produit\/ocean-walker-104-segunda-mano\/#breadcrumb","itemListElement":[{"@type":"ListItem","position":1,"name":"Accueil","item":"https:\/\/srokacompany.com\/es\/"},{"@type":"ListItem","position":2,"name":"Tienda","item":"https:\/\/srokacompany.com\/tienda\/"},{"@type":"ListItem","position":3,"name":"Ocean Walker 10&rsquo;4 &#8211; Segunda mano"}]},{"@type":"WebSite","@id":"https:\/\/srokacompany.com\/#website","url":"https:\/\/srokacompany.com\/","name":"SROKA Company","description":"SUP, Kite, Foil, Wing","publisher":{"@id":"https:\/\/srokacompany.com\/#organization"},"potentialAction":[{"@type":"SearchAction","target":{"@type":"EntryPoint","urlTemplate":"https:\/\/srokacompany.com\/?s={search_term_string}"},"query-input":{"@type":"PropertyValueSpecification","valueRequired":true,"valueName":"search_term_string"}}],"inLanguage":"es"},{"@type":"Organization","@id":"https:\/\/srokacompany.com\/#organization","name":"SROKACOMPANY","alternateName":"SROKA","url":"https:\/\/srokacompany.com\/","logo":{"@type":"ImageObject","inLanguage":"es","@id":"https:\/\/srokacompany.com\/#\/schema\/logo\/image\/","url":"https:\/\/srokacompany.com\/wp-content\/uploads\/2021\/01\/logo-sroka-black-transpa.png","contentUrl":"https:\/\/srokacompany.com\/wp-content\/uploads\/2021\/01\/logo-sroka-black-transpa.png","width":1201,"height":342,"caption":"SROKACOMPANY"},"image":{"@id":"https:\/\/srokacompany.com\/#\/schema\/logo\/image\/"},"sameAs":["https:\/\/www.facebook.com\/srokawatersports\/","https:\/\/www.instagram.com\/srokawatersports\/","https:\/\/www.youtube.com\/channel\/UCVLHHeaPIm-J5bdEUgxqtZA"]}]}},"uagb_featured_image_src":{"full":["https:\/\/old.srokacompany.com\/wp-content\/uploads\/2023\/06\/ocean-walker-occasionIMG_0084-scaled-1.jpg",1536,2048,false],"thumbnail":["https:\/\/old.srokacompany.com\/wp-content\/uploads\/2023\/06\/ocean-walker-occasionIMG_0084-scaled-1-150x150.jpg",150,150,true],"medium":["https:\/\/old.srokacompany.com\/wp-content\/uploads\/2023\/06\/ocean-walker-occasionIMG_0084-scaled-1-225x300.jpg",225,300,true],"medium_large":["https:\/\/old.srokacompany.com\/wp-content\/uploads\/2023\/06\/ocean-walker-occasionIMG_0084-scaled-1-768x1024.jpg",768,1024,true],"large":["https:\/\/old.srokacompany.com\/wp-content\/uploads\/2023\/06\/ocean-walker-occasionIMG_0084-scaled-1-768x1024.jpg",768,1024,true],"1536x1536":["https:\/\/old.srokacompany.com\/wp-content\/uploads\/2023\/06\/ocean-walker-occasionIMG_0084-scaled-1-1152x1536.jpg",1152,1536,true],"2048x2048":["https:\/\/old.srokacompany.com\/wp-content\/uploads\/2023\/06\/ocean-walker-occasionIMG_0084-scaled-1.jpg",1536,2048,false],"woocommerce_thumbnail":["https:\/\/old.srokacompany.com\/wp-content\/uploads\/2023\/06\/ocean-walker-occasionIMG_0084-scaled-1-600x800.jpg",600,800,true],"woocommerce_single":["https:\/\/old.srokacompany.com\/wp-content\/uploads\/2023\/06\/ocean-walker-occasionIMG_0084-scaled-1-600x800.jpg",600,800,true],"woocommerce_gallery_thumbnail":["https:\/\/old.srokacompany.com\/wp-content\/uploads\/2023\/06\/ocean-walker-occasionIMG_0084-scaled-1-100x100.jpg",100,100,true],"dgwt-wcas-product-suggestion":["https:\/\/old.srokacompany.com\/wp-content\/uploads\/2023\/06\/ocean-walker-occasionIMG_0084-scaled-1.jpg",64,85,false]},"uagb_author_info":{"display_name":"Emmanuel DIJOUX","author_link":"https:\/\/old.srokacompany.com\/es\/blog\/author\/"},"uagb_comment_info":0,"uagb_excerpt":"Palas hinchables al mejor precio &#8211; DESCRIPCI\u00d3N COMPLETA AQU\u00cd Este modelo nunca ha estado en el agua, s\u00f3lo se ha utilizado en nuestro hangar para hacer fotos. Estado 99% nuevo. Ya no se puede vender como nuevo. La tabla de stand up paddle hinchable Ocean Walker 10&#8217;4 es ideal para aprender a hacer stand up&hellip;","jetpack_sharing_enabled":true,"_links":{"self":[{"href":"https:\/\/old.srokacompany.com\/es\/wp-json\/wp\/v2\/product\/343773","targetHints":{"allow":["GET"]}}],"collection":[{"href":"https:\/\/old.srokacompany.com\/es\/wp-json\/wp\/v2\/product"}],"about":[{"href":"https:\/\/old.srokacompany.com\/es\/wp-json\/wp\/v2\/types\/product"}],"wp:featuredmedia":[{"embeddable":true,"href":"https:\/\/old.srokacompany.com\/es\/wp-json\/wp\/v2\/media\/343781"}],"wp:attachment":[{"href":"https:\/\/old.srokacompany.com\/es\/wp-json\/wp\/v2\/media?parent=343773"}],"wp:term":[{"taxonomy":"product_brand","embeddable":true,"href":"https:\/\/old.srokacompany.com\/es\/wp-json\/wp\/v2\/product_brand?post=343773"},{"taxonomy":"product_cat","embeddable":true,"href":"https:\/\/old.srokacompany.com\/es\/wp-json\/wp\/v2\/product_cat?post=343773"},{"taxonomy":"product_tag","embeddable":true,"href":"https:\/\/old.srokacompany.com\/es\/wp-json\/wp\/v2\/product_tag?post=343773"}],"curies":[{"name":"wp","href":"https:\/\/api.w.org\/{rel}","templated":true}]}}