{"id":343874,"date":"2023-08-02T14:56:41","date_gmt":"2023-08-02T14:56:41","guid":{"rendered":"https:\/\/srokacompany.com\/produit\/mini-pocket-33-carbono\/"},"modified":"2025-06-26T18:02:29","modified_gmt":"2025-06-26T16:02:29","slug":"mini-pocket-33-carbono","status":"publish","type":"product","link":"https:\/\/old.srokacompany.com\/es\/produit\/mini-pocket-33-carbono\/","title":{"rendered":"Mini Pocket 3&#8217;3 Carbono"},"content":{"rendered":"<hr>\n<h2>Sum\u00e9rgete en un mundo de precisi\u00f3n y eficacia, supera los l\u00edmites del bombeo y recorre largas distancias en perfecta simbiosis con el agua con este Mini Pocket 3&#8217;3 Carbon.<\/h2>\n<p>El dise\u00f1o ultrarr\u00edgido del mini Pocket le fusionar\u00e1 con la foil.<\/p>\n<p>Gracias a su dise\u00f1o ultrarr\u00edgido y a su peque\u00f1o tama\u00f1o, sentir\u00e1s que te fundes con la foil, lo que te permitir\u00e1 deslizarte con una extraordinaria capacidad de respuesta. \u00a1La experiencia es realmente agradable!<\/p>\n<p>Construido con una artesan\u00eda excepcional, un s\u00e1ndwich de fibra de carbono y Airex conforma esta obra de arte t\u00e9cnica. Un kick tail cuidadosamente colocado garantiza el m\u00e1ximo control para maniobras atrevidas. Los 30 insertos ajustables ofrecen un n\u00famero infinito de ajustes para las correas, adaptando esta mini pocket 3&#8217;3 carbono SROKA a tu estilo, tu pasi\u00f3n y tu elegancia. Su ligero rocker es la clave de una capacidad de respuesta excepcional para todos los deportes que te gustan.   <\/p>\n<p>Para todos los amantes del rendimiento, la ligereza y la resistencia, tanto si optas por el pumping, el wakefoil, el surf remolcado o el kite-foil, la Pocket Carbon promete sensaciones extremas e inolvidables.<\/p>\n","protected":false},"excerpt":{"rendered":"<p>Sum\u00e9rgete en un mundo de precisi\u00f3n y eficacia, supera los l\u00edmites del bombeo y recorre largas distancias en perfecta simbiosis con el agua con este Mini Pocket 3&#8217;3 Carbon. El dise\u00f1o ultrarr\u00edgido del mini Pocket le fusionar\u00e1 con la foil. Gracias a su dise\u00f1o ultrarr\u00edgido y a su peque\u00f1o tama\u00f1o, sentir\u00e1s que te fundes con [&hellip;]<\/p>\n","protected":false},"featured_media":343876,"template":"","meta":{"_acf_changed":false,"_uag_custom_page_level_css":""},"product_brand":[],"product_cat":[3643,3667],"product_tag":[3429,3527,3450,3427],"class_list":{"0":"post-343874","1":"product","2":"type-product","3":"status-publish","4":"has-post-thumbnail","6":"product_cat-arranque-en-muelle-y-bombeo","7":"product_cat-todas-nuestras-tablas-dockstart","8":"product_tag-avanzado","9":"product_tag-elite-es","10":"product_tag-experto","11":"product_tag-ingenioso","13":"first","14":"instock","15":"taxable","16":"shipping-taxable","17":"purchasable","18":"product-type-simple"},"acf":[],"yoast_head":"<!-- This site is optimized with the Yoast SEO plugin v27.4 - https:\/\/yoast.com\/product\/yoast-seo-wordpress\/ -->\n<title>Mini Pocket 3&#039;3 Carbone SROKA: \u00a1Desl\u00edzate con la m\u00e1xima precisi\u00f3n!<\/title>\n<meta name=\"description\" content=\"La mini pocket 3&#039;3 carbono SROKA es la tabla definitiva para pumping y kitefoil. Compacta y r\u00edgida, proporciona toda la rigidez que necesitas.\" \/>\n<meta name=\"robots\" content=\"index, follow, max-snippet:-1, max-image-preview:large, max-video-preview:-1\" \/>\n<link rel=\"canonical\" href=\"https:\/\/old.srokacompany.com\/es\/produit\/mini-pocket-33-carbono\/\" \/>\n<meta property=\"og:locale\" content=\"es_ES\" \/>\n<meta property=\"og:type\" content=\"article\" \/>\n<meta property=\"og:title\" content=\"Mini Pocket 3&#039;3 Carbone SROKA: \u00a1Desl\u00edzate con la m\u00e1xima precisi\u00f3n!\" \/>\n<meta property=\"og:description\" content=\"La mini pocket 3&#039;3 carbono SROKA es la tabla definitiva para pumping y kitefoil. Compacta y r\u00edgida, proporciona toda la rigidez que necesitas.\" \/>\n<meta property=\"og:url\" content=\"https:\/\/old.srokacompany.com\/es\/produit\/mini-pocket-33-carbono\/\" \/>\n<meta property=\"og:site_name\" content=\"SROKA Company\" \/>\n<meta property=\"article:publisher\" content=\"https:\/\/www.facebook.com\/srokawatersports\/\" \/>\n<meta property=\"article:modified_time\" content=\"2025-06-26T16:02:29+00:00\" \/>\n<meta property=\"og:image\" content=\"https:\/\/srokacompany.com\/wp-content\/uploads\/2023\/08\/Mini-pocket.jpg\" \/>\n\t<meta property=\"og:image:width\" content=\"740\" \/>\n\t<meta property=\"og:image:height\" content=\"1080\" \/>\n\t<meta property=\"og:image:type\" content=\"image\/jpeg\" \/>\n<meta name=\"twitter:label1\" content=\"Tiempo de lectura\" \/>\n\t<meta name=\"twitter:data1\" content=\"1 minuto\" \/>\n<script type=\"application\/ld+json\" class=\"yoast-schema-graph\">{\"@context\":\"https:\\\/\\\/schema.org\",\"@graph\":[{\"@type\":\"WebPage\",\"@id\":\"https:\\\/\\\/old.srokacompany.com\\\/es\\\/produit\\\/mini-pocket-33-carbono\\\/\",\"url\":\"https:\\\/\\\/old.srokacompany.com\\\/es\\\/produit\\\/mini-pocket-33-carbono\\\/\",\"name\":\"Mini Pocket 3'3 Carbone SROKA: \u00a1Desl\u00edzate con la m\u00e1xima precisi\u00f3n!\",\"isPartOf\":{\"@id\":\"https:\\\/\\\/srokacompany.com\\\/#website\"},\"primaryImageOfPage\":{\"@id\":\"https:\\\/\\\/old.srokacompany.com\\\/es\\\/produit\\\/mini-pocket-33-carbono\\\/#primaryimage\"},\"image\":{\"@id\":\"https:\\\/\\\/old.srokacompany.com\\\/es\\\/produit\\\/mini-pocket-33-carbono\\\/#primaryimage\"},\"thumbnailUrl\":\"https:\\\/\\\/old.srokacompany.com\\\/wp-content\\\/uploads\\\/2023\\\/08\\\/Mini-pocket.jpg\",\"datePublished\":\"2023-08-02T14:56:41+00:00\",\"dateModified\":\"2025-06-26T16:02:29+00:00\",\"description\":\"La mini pocket 3'3 carbono SROKA es la tabla definitiva para pumping y kitefoil. Compacta y r\u00edgida, proporciona toda la rigidez que necesitas.\",\"breadcrumb\":{\"@id\":\"https:\\\/\\\/old.srokacompany.com\\\/es\\\/produit\\\/mini-pocket-33-carbono\\\/#breadcrumb\"},\"inLanguage\":\"es\",\"potentialAction\":[{\"@type\":\"ReadAction\",\"target\":[\"https:\\\/\\\/old.srokacompany.com\\\/es\\\/produit\\\/mini-pocket-33-carbono\\\/\"]}]},{\"@type\":\"ImageObject\",\"inLanguage\":\"es\",\"@id\":\"https:\\\/\\\/old.srokacompany.com\\\/es\\\/produit\\\/mini-pocket-33-carbono\\\/#primaryimage\",\"url\":\"https:\\\/\\\/old.srokacompany.com\\\/wp-content\\\/uploads\\\/2023\\\/08\\\/Mini-pocket.jpg\",\"contentUrl\":\"https:\\\/\\\/old.srokacompany.com\\\/wp-content\\\/uploads\\\/2023\\\/08\\\/Mini-pocket.jpg\",\"width\":740,\"height\":1080,\"caption\":\"planche kitefoil carbone SROKA Mini Pocket 3'3 full sandwich\"},{\"@type\":\"BreadcrumbList\",\"@id\":\"https:\\\/\\\/old.srokacompany.com\\\/es\\\/produit\\\/mini-pocket-33-carbono\\\/#breadcrumb\",\"itemListElement\":[{\"@type\":\"ListItem\",\"position\":1,\"name\":\"Accueil\",\"item\":\"https:\\\/\\\/srokacompany.com\\\/es\\\/\"},{\"@type\":\"ListItem\",\"position\":2,\"name\":\"Tienda\",\"item\":\"https:\\\/\\\/srokacompany.com\\\/tienda\\\/\"},{\"@type\":\"ListItem\",\"position\":3,\"name\":\"Mini Pocket 3&#8217;3 Carbono\"}]},{\"@type\":\"WebSite\",\"@id\":\"https:\\\/\\\/srokacompany.com\\\/#website\",\"url\":\"https:\\\/\\\/srokacompany.com\\\/\",\"name\":\"SROKA Company\",\"description\":\"SUP, Kite, Foil, Wing\",\"publisher\":{\"@id\":\"https:\\\/\\\/srokacompany.com\\\/#organization\"},\"potentialAction\":[{\"@type\":\"SearchAction\",\"target\":{\"@type\":\"EntryPoint\",\"urlTemplate\":\"https:\\\/\\\/srokacompany.com\\\/?s={search_term_string}\"},\"query-input\":{\"@type\":\"PropertyValueSpecification\",\"valueRequired\":true,\"valueName\":\"search_term_string\"}}],\"inLanguage\":\"es\"},{\"@type\":\"Organization\",\"@id\":\"https:\\\/\\\/srokacompany.com\\\/#organization\",\"name\":\"SROKACOMPANY\",\"alternateName\":\"SROKA\",\"url\":\"https:\\\/\\\/srokacompany.com\\\/\",\"logo\":{\"@type\":\"ImageObject\",\"inLanguage\":\"es\",\"@id\":\"https:\\\/\\\/srokacompany.com\\\/#\\\/schema\\\/logo\\\/image\\\/\",\"url\":\"https:\\\/\\\/srokacompany.com\\\/wp-content\\\/uploads\\\/2021\\\/01\\\/logo-sroka-black-transpa.png\",\"contentUrl\":\"https:\\\/\\\/srokacompany.com\\\/wp-content\\\/uploads\\\/2021\\\/01\\\/logo-sroka-black-transpa.png\",\"width\":1201,\"height\":342,\"caption\":\"SROKACOMPANY\"},\"image\":{\"@id\":\"https:\\\/\\\/srokacompany.com\\\/#\\\/schema\\\/logo\\\/image\\\/\"},\"sameAs\":[\"https:\\\/\\\/www.facebook.com\\\/srokawatersports\\\/\",\"https:\\\/\\\/www.instagram.com\\\/srokawatersports\\\/\",\"https:\\\/\\\/www.youtube.com\\\/channel\\\/UCVLHHeaPIm-J5bdEUgxqtZA\"]}]}<\/script>\n<!-- \/ Yoast SEO plugin. -->","yoast_head_json":{"title":"Mini Pocket 3'3 Carbone SROKA: \u00a1Desl\u00edzate con la m\u00e1xima precisi\u00f3n!","description":"La mini pocket 3'3 carbono SROKA es la tabla definitiva para pumping y kitefoil. Compacta y r\u00edgida, proporciona toda la rigidez que necesitas.","robots":{"index":"index","follow":"follow","max-snippet":"max-snippet:-1","max-image-preview":"max-image-preview:large","max-video-preview":"max-video-preview:-1"},"canonical":"https:\/\/old.srokacompany.com\/es\/produit\/mini-pocket-33-carbono\/","og_locale":"es_ES","og_type":"article","og_title":"Mini Pocket 3'3 Carbone SROKA: \u00a1Desl\u00edzate con la m\u00e1xima precisi\u00f3n!","og_description":"La mini pocket 3'3 carbono SROKA es la tabla definitiva para pumping y kitefoil. Compacta y r\u00edgida, proporciona toda la rigidez que necesitas.","og_url":"https:\/\/old.srokacompany.com\/es\/produit\/mini-pocket-33-carbono\/","og_site_name":"SROKA Company","article_publisher":"https:\/\/www.facebook.com\/srokawatersports\/","article_modified_time":"2025-06-26T16:02:29+00:00","og_image":[{"width":740,"height":1080,"url":"https:\/\/srokacompany.com\/wp-content\/uploads\/2023\/08\/Mini-pocket.jpg","type":"image\/jpeg"}],"twitter_misc":{"Tiempo de lectura":"1 minuto"},"schema":{"@context":"https:\/\/schema.org","@graph":[{"@type":"WebPage","@id":"https:\/\/old.srokacompany.com\/es\/produit\/mini-pocket-33-carbono\/","url":"https:\/\/old.srokacompany.com\/es\/produit\/mini-pocket-33-carbono\/","name":"Mini Pocket 3'3 Carbone SROKA: \u00a1Desl\u00edzate con la m\u00e1xima precisi\u00f3n!","isPartOf":{"@id":"https:\/\/srokacompany.com\/#website"},"primaryImageOfPage":{"@id":"https:\/\/old.srokacompany.com\/es\/produit\/mini-pocket-33-carbono\/#primaryimage"},"image":{"@id":"https:\/\/old.srokacompany.com\/es\/produit\/mini-pocket-33-carbono\/#primaryimage"},"thumbnailUrl":"https:\/\/old.srokacompany.com\/wp-content\/uploads\/2023\/08\/Mini-pocket.jpg","datePublished":"2023-08-02T14:56:41+00:00","dateModified":"2025-06-26T16:02:29+00:00","description":"La mini pocket 3'3 carbono SROKA es la tabla definitiva para pumping y kitefoil. Compacta y r\u00edgida, proporciona toda la rigidez que necesitas.","breadcrumb":{"@id":"https:\/\/old.srokacompany.com\/es\/produit\/mini-pocket-33-carbono\/#breadcrumb"},"inLanguage":"es","potentialAction":[{"@type":"ReadAction","target":["https:\/\/old.srokacompany.com\/es\/produit\/mini-pocket-33-carbono\/"]}]},{"@type":"ImageObject","inLanguage":"es","@id":"https:\/\/old.srokacompany.com\/es\/produit\/mini-pocket-33-carbono\/#primaryimage","url":"https:\/\/old.srokacompany.com\/wp-content\/uploads\/2023\/08\/Mini-pocket.jpg","contentUrl":"https:\/\/old.srokacompany.com\/wp-content\/uploads\/2023\/08\/Mini-pocket.jpg","width":740,"height":1080,"caption":"planche kitefoil carbone SROKA Mini Pocket 3'3 full sandwich"},{"@type":"BreadcrumbList","@id":"https:\/\/old.srokacompany.com\/es\/produit\/mini-pocket-33-carbono\/#breadcrumb","itemListElement":[{"@type":"ListItem","position":1,"name":"Accueil","item":"https:\/\/srokacompany.com\/es\/"},{"@type":"ListItem","position":2,"name":"Tienda","item":"https:\/\/srokacompany.com\/tienda\/"},{"@type":"ListItem","position":3,"name":"Mini Pocket 3&#8217;3 Carbono"}]},{"@type":"WebSite","@id":"https:\/\/srokacompany.com\/#website","url":"https:\/\/srokacompany.com\/","name":"SROKA Company","description":"SUP, Kite, Foil, Wing","publisher":{"@id":"https:\/\/srokacompany.com\/#organization"},"potentialAction":[{"@type":"SearchAction","target":{"@type":"EntryPoint","urlTemplate":"https:\/\/srokacompany.com\/?s={search_term_string}"},"query-input":{"@type":"PropertyValueSpecification","valueRequired":true,"valueName":"search_term_string"}}],"inLanguage":"es"},{"@type":"Organization","@id":"https:\/\/srokacompany.com\/#organization","name":"SROKACOMPANY","alternateName":"SROKA","url":"https:\/\/srokacompany.com\/","logo":{"@type":"ImageObject","inLanguage":"es","@id":"https:\/\/srokacompany.com\/#\/schema\/logo\/image\/","url":"https:\/\/srokacompany.com\/wp-content\/uploads\/2021\/01\/logo-sroka-black-transpa.png","contentUrl":"https:\/\/srokacompany.com\/wp-content\/uploads\/2021\/01\/logo-sroka-black-transpa.png","width":1201,"height":342,"caption":"SROKACOMPANY"},"image":{"@id":"https:\/\/srokacompany.com\/#\/schema\/logo\/image\/"},"sameAs":["https:\/\/www.facebook.com\/srokawatersports\/","https:\/\/www.instagram.com\/srokawatersports\/","https:\/\/www.youtube.com\/channel\/UCVLHHeaPIm-J5bdEUgxqtZA"]}]}},"uagb_featured_image_src":{"full":["https:\/\/old.srokacompany.com\/wp-content\/uploads\/2023\/08\/Mini-pocket.jpg",740,1080,false],"thumbnail":["https:\/\/old.srokacompany.com\/wp-content\/uploads\/2023\/08\/Mini-pocket-150x150.jpg",150,150,true],"medium":["https:\/\/old.srokacompany.com\/wp-content\/uploads\/2023\/08\/Mini-pocket-206x300.jpg",206,300,true],"medium_large":["https:\/\/old.srokacompany.com\/wp-content\/uploads\/2023\/08\/Mini-pocket.jpg",740,1080,false],"large":["https:\/\/old.srokacompany.com\/wp-content\/uploads\/2023\/08\/Mini-pocket-702x1024.jpg",702,1024,true],"1536x1536":["https:\/\/old.srokacompany.com\/wp-content\/uploads\/2023\/08\/Mini-pocket.jpg",740,1080,false],"2048x2048":["https:\/\/old.srokacompany.com\/wp-content\/uploads\/2023\/08\/Mini-pocket.jpg",740,1080,false],"woocommerce_thumbnail":["https:\/\/old.srokacompany.com\/wp-content\/uploads\/2023\/08\/Mini-pocket-600x876.jpg",600,876,true],"woocommerce_single":["https:\/\/old.srokacompany.com\/wp-content\/uploads\/2023\/08\/Mini-pocket-600x876.jpg",600,876,true],"woocommerce_gallery_thumbnail":["https:\/\/old.srokacompany.com\/wp-content\/uploads\/2023\/08\/Mini-pocket-100x100.jpg",100,100,true],"dgwt-wcas-product-suggestion":["https:\/\/old.srokacompany.com\/wp-content\/uploads\/2023\/08\/Mini-pocket.jpg",64,93,false]},"uagb_author_info":{"display_name":"Emmanuel DIJOUX","author_link":"https:\/\/old.srokacompany.com\/es\/blog\/author\/"},"uagb_comment_info":0,"uagb_excerpt":"Sum\u00e9rgete en un mundo de precisi\u00f3n y eficacia, supera los l\u00edmites del bombeo y recorre largas distancias en perfecta simbiosis con el agua con este Mini Pocket 3&#8217;3 Carbon. El dise\u00f1o ultrarr\u00edgido del mini Pocket le fusionar\u00e1 con la foil. Gracias a su dise\u00f1o ultrarr\u00edgido y a su peque\u00f1o tama\u00f1o, sentir\u00e1s que te fundes con&hellip;","jetpack_sharing_enabled":true,"_links":{"self":[{"href":"https:\/\/old.srokacompany.com\/es\/wp-json\/wp\/v2\/product\/343874","targetHints":{"allow":["GET"]}}],"collection":[{"href":"https:\/\/old.srokacompany.com\/es\/wp-json\/wp\/v2\/product"}],"about":[{"href":"https:\/\/old.srokacompany.com\/es\/wp-json\/wp\/v2\/types\/product"}],"wp:featuredmedia":[{"embeddable":true,"href":"https:\/\/old.srokacompany.com\/es\/wp-json\/wp\/v2\/media\/343876"}],"wp:attachment":[{"href":"https:\/\/old.srokacompany.com\/es\/wp-json\/wp\/v2\/media?parent=343874"}],"wp:term":[{"taxonomy":"product_brand","embeddable":true,"href":"https:\/\/old.srokacompany.com\/es\/wp-json\/wp\/v2\/product_brand?post=343874"},{"taxonomy":"product_cat","embeddable":true,"href":"https:\/\/old.srokacompany.com\/es\/wp-json\/wp\/v2\/product_cat?post=343874"},{"taxonomy":"product_tag","embeddable":true,"href":"https:\/\/old.srokacompany.com\/es\/wp-json\/wp\/v2\/product_tag?post=343874"}],"curies":[{"name":"wp","href":"https:\/\/api.w.org\/{rel}","templated":true}]}}