{"id":343970,"date":"2023-09-05T14:11:44","date_gmt":"2023-09-05T14:11:44","guid":{"rendered":"https:\/\/srokacompany.com\/produit\/foil-carbono-solo-16mm-85cm\/"},"modified":"2026-02-05T10:38:55","modified_gmt":"2026-02-05T08:38:55","slug":"foil-carbono-solo-16mm-85cm","status":"publish","type":"product","link":"https:\/\/old.srokacompany.com\/es\/produit\/foil-carbono-solo-16mm-85cm\/","title":{"rendered":"Foil Carbone Solo HM 16mm | 85cm"},"content":{"rendered":"<p data-path-to-node=\"2\">El <b data-path-to-node=\"2\" data-index-in-node=\"3\">HM<\/b> Solo 16mm 85cm <b data-path-to-node=\"2\" data-index-in-node=\"3\">Carbon Foil<\/b> es la referencia absoluta para los riders exigentes. <b data-path-to-node=\"2\" data-index-in-node=\"86\">Su<\/b> grosor espec\u00edfico ofrece un compromiso perfecto entre un deslizamiento excelente y una rigidez directa.<\/p>\n<h4 data-path-to-node=\"3\">Estabilidad y potencia inigualables<\/h4>\n<p data-path-to-node=\"4\">Redefina su experiencia con el <b data-path-to-node=\"4\" data-index-in-node=\"38\">HM<\/b> SROKA <b data-path-to-node=\"4\" data-index-in-node=\"38\">Carbon Foil<\/b>. Este equipo es ideal para los motoristas que buscan la m\u00e1xima estabilidad y un control total. <b data-path-to-node=\"4\" data-index-in-node=\"165\">Es m\u00e1s<\/b>, est\u00e1 especialmente dise\u00f1ado para los pilotos m\u00e1s pesados o que requieren una conexi\u00f3n ultrarr\u00edgida. Esto convierte al m\u00e1stil en el aliado perfecto para Wing foil, Surf foil y SUP foil.<\/p>\n<p data-path-to-node=\"5\">Como <b data-path-to-node=\"5\" data-index-in-node=\"0\">resultado,<\/b> el grosor reforzado de 16 mm garantiza una rigidez torsional excepcional. Esta resistencia se traduce en una estabilidad fenomenal durante el despegue. Cada empuje se transmite instant\u00e1neamente, dando una sensaci\u00f3n de potencia directa. Como <b data-path-to-node=\"5\" data-index-in-node=\"270\">resultado,<\/b> los pilotos pueden mantener un control absoluto sin flexiones no deseadas del m\u00e1stil.  <\/p>\n<h4 data-path-to-node=\"6\">Mayor precisi\u00f3n y control<\/h4>\n<p data-path-to-node=\"7\">La longitud de 85 cm se ha dise\u00f1ado cuidadosamente para lograr un equilibrio \u00f3ptimo. Permite \u00e1ngulos de escora m\u00e1s pronunciados a la vez que facilita los giros cerrados. <b data-path-to-node=\"7\" data-index-in-node=\"167\">Sin embargo,<\/b> tambi\u00e9n ofrece un c\u00f3modo margen de seguridad en marejadas. Su dise\u00f1o hidrodin\u00e1mico minimiza la resistencia para garantizar un Glide suave.  <\/p>\n<h4 data-path-to-node=\"8\">Un dise\u00f1o robusto y ligero<\/h4>\n<p data-path-to-node=\"9\">Fabricado con fibra de carbono de alto rendimiento, este m\u00e1stil combina resistencia y ligereza. <b data-path-to-node=\"9\" data-index-in-node=\"87\">Adem\u00e1s<\/b>, esta combinaci\u00f3n garantiza una durabilidad excepcional frente a los esfuerzos m\u00e1s duros. Esta inversi\u00f3n le garantizar\u00e1 un equipo fiable que le permitir\u00e1 progresar de forma duradera.<\/p>\n<h3 data-path-to-node=\"3,0\">\u00bfPor qu\u00e9 elegir el m\u00e1stil Sroka HM Carbon Foil?<\/h3>\n<p data-path-to-node=\"3,1\">El <b data-path-to-node=\"3,1\" data-index-in-node=\"3\">HM<\/b> (High Modulus) <b data-path-to-node=\"3,1\" data-index-in-node=\"3\">Carbon Foil<\/b> ofrece una resistencia reducida y una capacidad de respuesta inmediata. De <b data-path-to-node=\"3,1\" data-index-in-node=\"88\">hecho<\/b>, esta tecnolog\u00eda transforma cada toque en una aceleraci\u00f3n fulgurante. <b data-path-to-node=\"3,1\" data-index-in-node=\"183\">Adem\u00e1s<\/b>, este modelo es 100% compatible con nuestra gama High Aspect <a class=\"ng-star-inserted\" href=\"https:\/\/www.google.com\/search?q=https:\/\/srokacompany.com\/eshop\/foils\/ailes-avant-de-wing-foil\/\" target=\"_blank\" rel=\"noopener\">de Wing foil<\/a>. <b data-path-to-node=\"3,1\" data-index-in-node=\"281\">As\u00ed que<\/b> puedes actualizar tu equipo a medida que progresas. <b data-path-to-node=\"3,1\" data-index-in-node=\"365\">Por \u00faltimo,<\/b> te invitamos a descubrir las pruebas de rigidez de este <b data-path-to-node=\"3,1\" data-index-in-node=\"431\">HM Carbon Foil<\/b> en nuestro canal de <a class=\"ng-star-inserted\" href=\"https:\/\/www.youtube.com\/@SrokaCompany\" target=\"_blank\" rel=\"noopener\">YouTube de Sroka Company<\/a>.<\/p>\n<p data-path-to-node=\"3,1\">Este Foil de carbono HM es perfecto con <a href=\"https:\/\/srokacompany.com\/es\/eshop\/tablero-de-la-gama-elite\/\">la gama de tablas Elite.<\/a> Un Foil r\u00edgido con una tabla r\u00edgida a\u00f1adir\u00e1 a\u00fan m\u00e1s rendimiento y capacidad de respuesta al conjunto.<\/p>\n<hr>\n","protected":false},"excerpt":{"rendered":"<p>El <strong>HM Carbon Foil<\/strong><b data-path-to-node=\"9,0\" data-index-in-node=\"4\"> <\/b>Solo 16mm 85cm es la referencia para los riders exigentes. <b data-path-to-node=\"9,0\" data-index-in-node=\"76\">Su<\/b> grosor de 16 mm ofrece el compromiso perfecto entre un deslizamiento excelente y una rigidez directa. <b data-path-to-node=\"9,0\" data-index-in-node=\"192\">Adem\u00e1s<\/b>, este <b data-path-to-node=\"9,0\" data-index-in-node=\"204\">HM Carbon Foil de 16 mm<\/b> est\u00e1 fabricado con un 62% de carbono de alto m\u00f3dulo, lo que garantiza una respuesta inmediata en Wing foil o Surf foil.<\/p>\n","protected":false},"featured_media":343972,"template":"","meta":{"_acf_changed":false,"_uag_custom_page_level_css":""},"product_brand":[],"product_cat":[3486,3480,3484,3487,3481,3698,3673,3539,3482,3444],"product_tag":[3429,3450,3427,3426],"class_list":{"0":"post-343970","1":"product","2":"type-product","3":"status-publish","4":"has-post-thumbnail","6":"product_cat-ala-de-laminas-foil","7":"product_cat-foil-es","8":"product_cat-foil-gama-uha-downwind","9":"product_cat-laminas-de-aluminio-carbono-dockstart","10":"product_cat-laminas-de-surf-foil","11":"product_cat-todas-las-laminas-de-carbono","12":"product_cat-todas-nuestras-laminas-control","13":"product_cat-todas-nuestras-laminas-de-alto-aspecto","14":"product_cat-todos-nuestros-sup-foil-foils-a-favor-del-viento","15":"product_cat-wing-foil-es","16":"product_tag-avanzado","17":"product_tag-experto","18":"product_tag-ingenioso","19":"product_tag-principiante","20":"product_shipping_class-foil-unidad-completa-o-piezas-alas","22":"first","23":"instock","24":"taxable","25":"shipping-taxable","26":"purchasable","27":"product-type-variable","28":"has-default-attributes"},"acf":[],"yoast_head":"<!-- This site is optimized with the Yoast SEO plugin v27.4 - https:\/\/yoast.com\/product\/yoast-seo-wordpress\/ -->\n<title>Foil Carbone HM Solo 16mm | M\u00f3dulo Alto M\u00e1stil Sroka.<\/title>\n<meta name=\"description\" content=\"El Foil de carbono HM todoterreno y eficaz. Experimenta una nueva forma de deslizarte con este Foil que desatar\u00e1 tus sensaciones en todas las disciplinas.\" \/>\n<meta name=\"robots\" content=\"index, follow, max-snippet:-1, max-image-preview:large, max-video-preview:-1\" \/>\n<link rel=\"canonical\" href=\"https:\/\/old.srokacompany.com\/es\/produit\/foil-carbono-solo-16mm-85cm\/\" \/>\n<meta property=\"og:locale\" content=\"es_ES\" \/>\n<meta property=\"og:type\" content=\"article\" \/>\n<meta property=\"og:title\" content=\"Foil Carbone HM Solo 16mm | M\u00f3dulo Alto M\u00e1stil Sroka.\" \/>\n<meta property=\"og:description\" content=\"El Foil de carbono HM todoterreno y eficaz. Experimenta una nueva forma de deslizarte con este Foil que desatar\u00e1 tus sensaciones en todas las disciplinas.\" \/>\n<meta property=\"og:url\" content=\"https:\/\/old.srokacompany.com\/es\/produit\/foil-carbono-solo-16mm-85cm\/\" \/>\n<meta property=\"og:site_name\" content=\"SROKA Company\" \/>\n<meta property=\"article:publisher\" content=\"https:\/\/www.facebook.com\/srokawatersports\/\" \/>\n<meta property=\"article:modified_time\" content=\"2026-02-05T08:38:55+00:00\" \/>\n<meta property=\"og:image\" content=\"https:\/\/srokacompany.com\/wp-content\/uploads\/2023\/09\/foil-solo-16mm-photo-produit.png\" \/>\n\t<meta property=\"og:image:width\" content=\"740\" \/>\n\t<meta property=\"og:image:height\" content=\"1080\" \/>\n\t<meta property=\"og:image:type\" content=\"image\/png\" \/>\n<meta name=\"twitter:label1\" content=\"Tiempo de lectura\" \/>\n\t<meta name=\"twitter:data1\" content=\"2 minutos\" \/>\n<script type=\"application\/ld+json\" class=\"yoast-schema-graph\">{\"@context\":\"https:\\\/\\\/schema.org\",\"@graph\":[{\"@type\":\"WebPage\",\"@id\":\"https:\\\/\\\/old.srokacompany.com\\\/es\\\/produit\\\/foil-carbono-solo-16mm-85cm\\\/\",\"url\":\"https:\\\/\\\/old.srokacompany.com\\\/es\\\/produit\\\/foil-carbono-solo-16mm-85cm\\\/\",\"name\":\"Foil Carbone HM Solo 16mm | M\u00f3dulo Alto M\u00e1stil Sroka.\",\"isPartOf\":{\"@id\":\"https:\\\/\\\/srokacompany.com\\\/#website\"},\"primaryImageOfPage\":{\"@id\":\"https:\\\/\\\/old.srokacompany.com\\\/es\\\/produit\\\/foil-carbono-solo-16mm-85cm\\\/#primaryimage\"},\"image\":{\"@id\":\"https:\\\/\\\/old.srokacompany.com\\\/es\\\/produit\\\/foil-carbono-solo-16mm-85cm\\\/#primaryimage\"},\"thumbnailUrl\":\"https:\\\/\\\/old.srokacompany.com\\\/wp-content\\\/uploads\\\/2023\\\/09\\\/foil-solo-16mm-photo-produit.png\",\"datePublished\":\"2023-09-05T14:11:44+00:00\",\"dateModified\":\"2026-02-05T08:38:55+00:00\",\"description\":\"El Foil de carbono HM todoterreno y eficaz. Experimenta una nueva forma de deslizarte con este Foil que desatar\u00e1 tus sensaciones en todas las disciplinas.\",\"breadcrumb\":{\"@id\":\"https:\\\/\\\/old.srokacompany.com\\\/es\\\/produit\\\/foil-carbono-solo-16mm-85cm\\\/#breadcrumb\"},\"inLanguage\":\"es\",\"potentialAction\":[{\"@type\":\"ReadAction\",\"target\":[\"https:\\\/\\\/old.srokacompany.com\\\/es\\\/produit\\\/foil-carbono-solo-16mm-85cm\\\/\"]}]},{\"@type\":\"ImageObject\",\"inLanguage\":\"es\",\"@id\":\"https:\\\/\\\/old.srokacompany.com\\\/es\\\/produit\\\/foil-carbono-solo-16mm-85cm\\\/#primaryimage\",\"url\":\"https:\\\/\\\/old.srokacompany.com\\\/wp-content\\\/uploads\\\/2023\\\/09\\\/foil-solo-16mm-photo-produit.png\",\"contentUrl\":\"https:\\\/\\\/old.srokacompany.com\\\/wp-content\\\/uploads\\\/2023\\\/09\\\/foil-solo-16mm-photo-produit.png\",\"width\":740,\"height\":1080,\"caption\":\"Foil Carbone HM Solo 16mm Sroka Company\"},{\"@type\":\"BreadcrumbList\",\"@id\":\"https:\\\/\\\/old.srokacompany.com\\\/es\\\/produit\\\/foil-carbono-solo-16mm-85cm\\\/#breadcrumb\",\"itemListElement\":[{\"@type\":\"ListItem\",\"position\":1,\"name\":\"Accueil\",\"item\":\"https:\\\/\\\/srokacompany.com\\\/es\\\/\"},{\"@type\":\"ListItem\",\"position\":2,\"name\":\"Tienda\",\"item\":\"https:\\\/\\\/srokacompany.com\\\/tienda\\\/\"},{\"@type\":\"ListItem\",\"position\":3,\"name\":\"Foil Carbone Solo HM 16mm | 85cm\"}]},{\"@type\":\"WebSite\",\"@id\":\"https:\\\/\\\/srokacompany.com\\\/#website\",\"url\":\"https:\\\/\\\/srokacompany.com\\\/\",\"name\":\"SROKA Company\",\"description\":\"SUP, Kite, Foil, Wing\",\"publisher\":{\"@id\":\"https:\\\/\\\/srokacompany.com\\\/#organization\"},\"potentialAction\":[{\"@type\":\"SearchAction\",\"target\":{\"@type\":\"EntryPoint\",\"urlTemplate\":\"https:\\\/\\\/srokacompany.com\\\/?s={search_term_string}\"},\"query-input\":{\"@type\":\"PropertyValueSpecification\",\"valueRequired\":true,\"valueName\":\"search_term_string\"}}],\"inLanguage\":\"es\"},{\"@type\":\"Organization\",\"@id\":\"https:\\\/\\\/srokacompany.com\\\/#organization\",\"name\":\"SROKACOMPANY\",\"alternateName\":\"SROKA\",\"url\":\"https:\\\/\\\/srokacompany.com\\\/\",\"logo\":{\"@type\":\"ImageObject\",\"inLanguage\":\"es\",\"@id\":\"https:\\\/\\\/srokacompany.com\\\/#\\\/schema\\\/logo\\\/image\\\/\",\"url\":\"https:\\\/\\\/srokacompany.com\\\/wp-content\\\/uploads\\\/2021\\\/01\\\/logo-sroka-black-transpa.png\",\"contentUrl\":\"https:\\\/\\\/srokacompany.com\\\/wp-content\\\/uploads\\\/2021\\\/01\\\/logo-sroka-black-transpa.png\",\"width\":1201,\"height\":342,\"caption\":\"SROKACOMPANY\"},\"image\":{\"@id\":\"https:\\\/\\\/srokacompany.com\\\/#\\\/schema\\\/logo\\\/image\\\/\"},\"sameAs\":[\"https:\\\/\\\/www.facebook.com\\\/srokawatersports\\\/\",\"https:\\\/\\\/www.instagram.com\\\/srokawatersports\\\/\",\"https:\\\/\\\/www.youtube.com\\\/channel\\\/UCVLHHeaPIm-J5bdEUgxqtZA\"]}]}<\/script>\n<!-- \/ Yoast SEO plugin. -->","yoast_head_json":{"title":"Foil Carbone HM Solo 16mm | M\u00f3dulo Alto M\u00e1stil Sroka.","description":"El Foil de carbono HM todoterreno y eficaz. Experimenta una nueva forma de deslizarte con este Foil que desatar\u00e1 tus sensaciones en todas las disciplinas.","robots":{"index":"index","follow":"follow","max-snippet":"max-snippet:-1","max-image-preview":"max-image-preview:large","max-video-preview":"max-video-preview:-1"},"canonical":"https:\/\/old.srokacompany.com\/es\/produit\/foil-carbono-solo-16mm-85cm\/","og_locale":"es_ES","og_type":"article","og_title":"Foil Carbone HM Solo 16mm | M\u00f3dulo Alto M\u00e1stil Sroka.","og_description":"El Foil de carbono HM todoterreno y eficaz. Experimenta una nueva forma de deslizarte con este Foil que desatar\u00e1 tus sensaciones en todas las disciplinas.","og_url":"https:\/\/old.srokacompany.com\/es\/produit\/foil-carbono-solo-16mm-85cm\/","og_site_name":"SROKA Company","article_publisher":"https:\/\/www.facebook.com\/srokawatersports\/","article_modified_time":"2026-02-05T08:38:55+00:00","og_image":[{"width":740,"height":1080,"url":"https:\/\/srokacompany.com\/wp-content\/uploads\/2023\/09\/foil-solo-16mm-photo-produit.png","type":"image\/png"}],"twitter_misc":{"Tiempo de lectura":"2 minutos"},"schema":{"@context":"https:\/\/schema.org","@graph":[{"@type":"WebPage","@id":"https:\/\/old.srokacompany.com\/es\/produit\/foil-carbono-solo-16mm-85cm\/","url":"https:\/\/old.srokacompany.com\/es\/produit\/foil-carbono-solo-16mm-85cm\/","name":"Foil Carbone HM Solo 16mm | M\u00f3dulo Alto M\u00e1stil Sroka.","isPartOf":{"@id":"https:\/\/srokacompany.com\/#website"},"primaryImageOfPage":{"@id":"https:\/\/old.srokacompany.com\/es\/produit\/foil-carbono-solo-16mm-85cm\/#primaryimage"},"image":{"@id":"https:\/\/old.srokacompany.com\/es\/produit\/foil-carbono-solo-16mm-85cm\/#primaryimage"},"thumbnailUrl":"https:\/\/old.srokacompany.com\/wp-content\/uploads\/2023\/09\/foil-solo-16mm-photo-produit.png","datePublished":"2023-09-05T14:11:44+00:00","dateModified":"2026-02-05T08:38:55+00:00","description":"El Foil de carbono HM todoterreno y eficaz. Experimenta una nueva forma de deslizarte con este Foil que desatar\u00e1 tus sensaciones en todas las disciplinas.","breadcrumb":{"@id":"https:\/\/old.srokacompany.com\/es\/produit\/foil-carbono-solo-16mm-85cm\/#breadcrumb"},"inLanguage":"es","potentialAction":[{"@type":"ReadAction","target":["https:\/\/old.srokacompany.com\/es\/produit\/foil-carbono-solo-16mm-85cm\/"]}]},{"@type":"ImageObject","inLanguage":"es","@id":"https:\/\/old.srokacompany.com\/es\/produit\/foil-carbono-solo-16mm-85cm\/#primaryimage","url":"https:\/\/old.srokacompany.com\/wp-content\/uploads\/2023\/09\/foil-solo-16mm-photo-produit.png","contentUrl":"https:\/\/old.srokacompany.com\/wp-content\/uploads\/2023\/09\/foil-solo-16mm-photo-produit.png","width":740,"height":1080,"caption":"Foil Carbone HM Solo 16mm Sroka Company"},{"@type":"BreadcrumbList","@id":"https:\/\/old.srokacompany.com\/es\/produit\/foil-carbono-solo-16mm-85cm\/#breadcrumb","itemListElement":[{"@type":"ListItem","position":1,"name":"Accueil","item":"https:\/\/srokacompany.com\/es\/"},{"@type":"ListItem","position":2,"name":"Tienda","item":"https:\/\/srokacompany.com\/tienda\/"},{"@type":"ListItem","position":3,"name":"Foil Carbone Solo HM 16mm | 85cm"}]},{"@type":"WebSite","@id":"https:\/\/srokacompany.com\/#website","url":"https:\/\/srokacompany.com\/","name":"SROKA Company","description":"SUP, Kite, Foil, Wing","publisher":{"@id":"https:\/\/srokacompany.com\/#organization"},"potentialAction":[{"@type":"SearchAction","target":{"@type":"EntryPoint","urlTemplate":"https:\/\/srokacompany.com\/?s={search_term_string}"},"query-input":{"@type":"PropertyValueSpecification","valueRequired":true,"valueName":"search_term_string"}}],"inLanguage":"es"},{"@type":"Organization","@id":"https:\/\/srokacompany.com\/#organization","name":"SROKACOMPANY","alternateName":"SROKA","url":"https:\/\/srokacompany.com\/","logo":{"@type":"ImageObject","inLanguage":"es","@id":"https:\/\/srokacompany.com\/#\/schema\/logo\/image\/","url":"https:\/\/srokacompany.com\/wp-content\/uploads\/2021\/01\/logo-sroka-black-transpa.png","contentUrl":"https:\/\/srokacompany.com\/wp-content\/uploads\/2021\/01\/logo-sroka-black-transpa.png","width":1201,"height":342,"caption":"SROKACOMPANY"},"image":{"@id":"https:\/\/srokacompany.com\/#\/schema\/logo\/image\/"},"sameAs":["https:\/\/www.facebook.com\/srokawatersports\/","https:\/\/www.instagram.com\/srokawatersports\/","https:\/\/www.youtube.com\/channel\/UCVLHHeaPIm-J5bdEUgxqtZA"]}]}},"uagb_featured_image_src":{"full":["https:\/\/old.srokacompany.com\/wp-content\/uploads\/2023\/09\/foil-solo-16mm-photo-produit.png",740,1080,false],"thumbnail":["https:\/\/old.srokacompany.com\/wp-content\/uploads\/2023\/09\/foil-solo-16mm-photo-produit-150x150.png",150,150,true],"medium":["https:\/\/old.srokacompany.com\/wp-content\/uploads\/2023\/09\/foil-solo-16mm-photo-produit-206x300.png",206,300,true],"medium_large":["https:\/\/old.srokacompany.com\/wp-content\/uploads\/2023\/09\/foil-solo-16mm-photo-produit.png",740,1080,false],"large":["https:\/\/old.srokacompany.com\/wp-content\/uploads\/2023\/09\/foil-solo-16mm-photo-produit-702x1024.png",702,1024,true],"1536x1536":["https:\/\/old.srokacompany.com\/wp-content\/uploads\/2023\/09\/foil-solo-16mm-photo-produit.png",740,1080,false],"2048x2048":["https:\/\/old.srokacompany.com\/wp-content\/uploads\/2023\/09\/foil-solo-16mm-photo-produit.png",740,1080,false],"woocommerce_thumbnail":["https:\/\/old.srokacompany.com\/wp-content\/uploads\/2023\/09\/foil-solo-16mm-photo-produit-600x876.png",600,876,true],"woocommerce_single":["https:\/\/old.srokacompany.com\/wp-content\/uploads\/2023\/09\/foil-solo-16mm-photo-produit-600x876.png",600,876,true],"woocommerce_gallery_thumbnail":["https:\/\/old.srokacompany.com\/wp-content\/uploads\/2023\/09\/foil-solo-16mm-photo-produit-100x100.png",100,100,true],"dgwt-wcas-product-suggestion":["https:\/\/old.srokacompany.com\/wp-content\/uploads\/2023\/09\/foil-solo-16mm-photo-produit.png",64,93,false]},"uagb_author_info":{"display_name":"Emmanuel DIJOUX","author_link":"https:\/\/old.srokacompany.com\/es\/blog\/author\/"},"uagb_comment_info":0,"uagb_excerpt":"El HM Carbon Foil Solo 16mm 85cm es la referencia para los riders exigentes. Su grosor de 16 mm ofrece el compromiso perfecto entre un deslizamiento excelente y una rigidez directa. Adem\u00e1s, este HM Carbon Foil de 16 mm est\u00e1 fabricado con un 62% de carbono de alto m\u00f3dulo, lo que garantiza una respuesta inmediata&hellip;","jetpack_sharing_enabled":true,"_links":{"self":[{"href":"https:\/\/old.srokacompany.com\/es\/wp-json\/wp\/v2\/product\/343970","targetHints":{"allow":["GET"]}}],"collection":[{"href":"https:\/\/old.srokacompany.com\/es\/wp-json\/wp\/v2\/product"}],"about":[{"href":"https:\/\/old.srokacompany.com\/es\/wp-json\/wp\/v2\/types\/product"}],"wp:featuredmedia":[{"embeddable":true,"href":"https:\/\/old.srokacompany.com\/es\/wp-json\/wp\/v2\/media\/343972"}],"wp:attachment":[{"href":"https:\/\/old.srokacompany.com\/es\/wp-json\/wp\/v2\/media?parent=343970"}],"wp:term":[{"taxonomy":"product_brand","embeddable":true,"href":"https:\/\/old.srokacompany.com\/es\/wp-json\/wp\/v2\/product_brand?post=343970"},{"taxonomy":"product_cat","embeddable":true,"href":"https:\/\/old.srokacompany.com\/es\/wp-json\/wp\/v2\/product_cat?post=343970"},{"taxonomy":"product_tag","embeddable":true,"href":"https:\/\/old.srokacompany.com\/es\/wp-json\/wp\/v2\/product_tag?post=343970"}],"curies":[{"name":"wp","href":"https:\/\/api.w.org\/{rel}","templated":true}]}}