{"id":343971,"date":"2023-09-05T14:11:45","date_gmt":"2023-09-05T14:11:45","guid":{"rendered":"https:\/\/srokacompany.com\/produit\/foil-elite-carbono-14mm-85cm\/"},"modified":"2026-02-04T22:07:53","modified_gmt":"2026-02-04T20:07:53","slug":"foil-elite-carbono-14mm-85cm","status":"publish","type":"product","link":"https:\/\/old.srokacompany.com\/es\/produit\/foil-elite-carbono-14mm-85cm\/","title":{"rendered":"HM Elite Carbon Foil 14mm | 85cm"},"content":{"rendered":"<p data-path-to-node=\"3\">El <b data-path-to-node=\"3\" data-index-in-node=\"3\">HM Elite<\/b> SROKA 14mm 85cm <b data-path-to-node=\"3\" data-index-in-node=\"3\">Carbon Foil<\/b> lleva tu riding a un nivel completamente nuevo. Esta pieza de referencia <b data-path-to-node=\"3\" data-index-in-node=\"94\">est\u00e1<\/b> dise\u00f1ada para riders exigentes que buscan rendimiento. <b data-path-to-node=\"3\" data-index-in-node=\"194\">Adem\u00e1s<\/b>, este m\u00e1stil excepcional est\u00e1 optimizado para Wing foil, Surf foil y SUP foil. Representa la culminaci\u00f3n de nuestra experiencia en ingenier\u00eda de alto rendimiento.<\/p>\n<h3 data-path-to-node=\"4\">Rigidez inigualable y capacidad de respuesta absoluta<\/h3>\n<p data-path-to-node=\"5\">Con sus 14 mm de grosor, el m\u00e1stil <b data-path-to-node=\"5\" data-index-in-node=\"38\">Foil Carbone HM<\/b> Elite ofrece una rigidez torsional inigualable. Esta caracter\u00edstica crucial permite una conexi\u00f3n directa entre usted y la tabla. Como <b data-path-to-node=\"5\" data-index-in-node=\"189\">resultado<\/b>, cada micromovimiento se transmite sin latencia. Esto garantiza una capacidad de respuesta asombrosa y un control absoluto del vuelo. Sentir\u00e1s una precisi\u00f3n quir\u00fargica en tus giros. <b data-path-to-node=\"5\" data-index-in-node=\"394\">Para<\/b> que tu estabilidad permanezca inquebrantable, incluso a altas velocidades.<\/p>\n<h3 data-path-to-node=\"6\">Dise\u00f1o hidrodin\u00e1mico de vanguardia<\/h3>\n<p data-path-to-node=\"7\">El delgado perfil del m\u00e1stil de 85 cm minimiza la resistencia hidrodin\u00e1mica. Como <b data-path-to-node=\"7\" data-index-in-node=\"65\">resultado<\/b>, puedes alcanzar velocidades de v\u00e9rtigo con un planeo excepcional. Su longitud ofrece el compromiso ideal para maniobrar con oleaje. <b data-path-to-node=\"7\" data-index-in-node=\"225\">Adem\u00e1s<\/b>, la conexi\u00f3n r\u00edgida entre el m\u00e1stil y el fuselaje garantiza una coherencia global perfecta. Te sentir\u00e1s en armon\u00eda con tu equipo.<\/p>\n<h3 data-path-to-node=\"8\">\u00bfPor qu\u00e9 elegir la tecnolog\u00eda de l\u00e1minas de carbono HM Elite?<\/h3>\n<p data-path-to-node=\"9\">Elegir la <b data-path-to-node=\"9\" data-index-in-node=\"11\">Foil Carbone HM<\/b> Elite significa optar por una construcci\u00f3n sin concesiones con 140 capas de carbono. <b data-path-to-node=\"9\" data-index-in-node=\"112\">Adem\u00e1s<\/b>, obtendr\u00e1 una transmisi\u00f3n directa de la potencia. <b data-path-to-node=\"9\" data-index-in-node=\"183\">Aunque<\/b> este m\u00e1stil es extremadamente fino, su estructura de carbono de alto m\u00f3dulo evita cualquier torsi\u00f3n. <b data-path-to-node=\"9\" data-index-in-node=\"280\">Por \u00faltimo,<\/b> este m\u00e1stil es perfectamente compatible con nuestras <a class=\"ng-star-inserted\" href=\"https:\/\/srokacompany.com\/es\/eshop\/aletas-foil\/\" target=\"_blank\" rel=\"noopener\">alas delanteras Wing foil<\/a>.<\/p>\n<h3 data-path-to-node=\"10\">\u00bfC\u00f3mo puede optimizar su configuraci\u00f3n?<\/h3>\n<p data-path-to-node=\"11\">El <b data-path-to-node=\"11\" data-index-in-node=\"3\">Foil Carbone HM<\/b> Elite requiere ajustes precisos para expresar todo su potencial. <b data-path-to-node=\"11\" data-index-in-node=\"87\">En primer lugar<\/b>, le aconsejamos que utilice tornillos de titanio para mantener la m\u00e1xima ligereza. A <b data-path-to-node=\"11\" data-index-in-node=\"185\">continuaci\u00f3n<\/b>, combine este m\u00e1stil con nuestra gama de alas High Aspect para alcanzar una velocidad punta superior. <b data-path-to-node=\"11\" data-index-in-node=\"291\">Por \u00faltimo,<\/b> no olvide aclarar su equipo con agua dulce para proteger la estructura de carbono M40J.<\/p>\n","protected":false},"excerpt":{"rendered":"<p>El <b data-path-to-node=\"9,0\" data-index-in-node=\"4\">HM Elite 85cm<\/b> 14mm <b data-path-to-node=\"9,0\" data-index-in-node=\"4\">Carbon Foil<\/b> es la nueva referencia de rendimiento de Sroka. <b data-path-to-node=\"9,0\" data-index-in-node=\"84\">Su<\/b> delgadez r\u00e9cord reduce dr\u00e1sticamente la resistencia manteniendo una rigidez absoluta. <b data-path-to-node=\"9,0\" data-index-in-node=\"192\">Adem\u00e1s<\/b>, este <b data-path-to-node=\"9,0\" data-index-in-node=\"204\">HM Elite Carbon Fo<\/b> il utiliza 100% M40J: carbono de alto m\u00f3dulo para garantizar una respuesta inmediata durante tus sesiones de Wing foil o Surf foil.<\/p>\n","protected":false},"featured_media":343981,"template":"","meta":{"_acf_changed":false,"_uag_custom_page_level_css":""},"product_brand":[],"product_cat":[3486,3521,3480,3701,3484,3487,3481,3864,3698,3482],"product_tag":[3429,3527,3450,3427],"class_list":{"0":"post-343971","1":"product","2":"type-product","3":"status-publish","4":"has-post-thumbnail","6":"product_cat-ala-de-laminas-foil","7":"product_cat-elite-es","8":"product_cat-foil-es","9":"product_cat-foil-gama-elite","10":"product_cat-foil-gama-uha-downwind","11":"product_cat-laminas-de-aluminio-carbono-dockstart","12":"product_cat-laminas-de-surf-foil","13":"product_cat-sup-foil","14":"product_cat-todas-las-laminas-de-carbono","15":"product_cat-todos-nuestros-sup-foil-foils-a-favor-del-viento","16":"product_tag-avanzado","17":"product_tag-elite-es","18":"product_tag-experto","19":"product_tag-ingenioso","21":"first","22":"instock","23":"taxable","24":"shipping-taxable","25":"purchasable","26":"product-type-variable"},"acf":[],"yoast_head":"<!-- This site is optimized with the Yoast SEO plugin v27.4 - https:\/\/yoast.com\/product\/yoast-seo-wordpress\/ -->\n<title>Foil Carbone HM Elite 14mm | El m\u00e1stil SROKA definitivo<\/title>\n<meta name=\"description\" content=\"Descubra el Foil de carbono HM Elite SROKA de 14 mm. Un m\u00e1stil 100% de carbono de alto m\u00f3dulo que ofrece una rigidez extrema y una resistencia m\u00ednima para los expertos.\" \/>\n<meta name=\"robots\" content=\"index, follow, max-snippet:-1, max-image-preview:large, max-video-preview:-1\" \/>\n<link rel=\"canonical\" href=\"https:\/\/old.srokacompany.com\/es\/produit\/foil-elite-carbono-14mm-85cm\/\" \/>\n<meta property=\"og:locale\" content=\"es_ES\" \/>\n<meta property=\"og:type\" content=\"article\" \/>\n<meta property=\"og:title\" content=\"Foil Carbone HM Elite 14mm | El m\u00e1stil SROKA definitivo\" \/>\n<meta property=\"og:description\" content=\"Descubra el Foil de carbono HM Elite SROKA de 14 mm. Un m\u00e1stil 100% de carbono de alto m\u00f3dulo que ofrece una rigidez extrema y una resistencia m\u00ednima para los expertos.\" \/>\n<meta property=\"og:url\" content=\"https:\/\/old.srokacompany.com\/es\/produit\/foil-elite-carbono-14mm-85cm\/\" \/>\n<meta property=\"og:site_name\" content=\"SROKA Company\" \/>\n<meta property=\"article:publisher\" content=\"https:\/\/www.facebook.com\/srokawatersports\/\" \/>\n<meta property=\"article:modified_time\" content=\"2026-02-04T20:07:53+00:00\" \/>\n<meta property=\"og:image\" content=\"https:\/\/srokacompany.com\/wp-content\/uploads\/2023\/09\/S-5.png\" \/>\n\t<meta property=\"og:image:width\" content=\"1470\" \/>\n\t<meta property=\"og:image:height\" content=\"1395\" \/>\n\t<meta property=\"og:image:type\" content=\"image\/png\" \/>\n<meta name=\"twitter:label1\" content=\"Tiempo de lectura\" \/>\n\t<meta name=\"twitter:data1\" content=\"2 minutos\" \/>\n<script type=\"application\/ld+json\" class=\"yoast-schema-graph\">{\"@context\":\"https:\\\/\\\/schema.org\",\"@graph\":[{\"@type\":\"WebPage\",\"@id\":\"https:\\\/\\\/old.srokacompany.com\\\/es\\\/produit\\\/foil-elite-carbono-14mm-85cm\\\/\",\"url\":\"https:\\\/\\\/old.srokacompany.com\\\/es\\\/produit\\\/foil-elite-carbono-14mm-85cm\\\/\",\"name\":\"Foil Carbone HM Elite 14mm | El m\u00e1stil SROKA definitivo\",\"isPartOf\":{\"@id\":\"https:\\\/\\\/srokacompany.com\\\/#website\"},\"primaryImageOfPage\":{\"@id\":\"https:\\\/\\\/old.srokacompany.com\\\/es\\\/produit\\\/foil-elite-carbono-14mm-85cm\\\/#primaryimage\"},\"image\":{\"@id\":\"https:\\\/\\\/old.srokacompany.com\\\/es\\\/produit\\\/foil-elite-carbono-14mm-85cm\\\/#primaryimage\"},\"thumbnailUrl\":\"https:\\\/\\\/old.srokacompany.com\\\/wp-content\\\/uploads\\\/2023\\\/09\\\/S-5.png\",\"datePublished\":\"2023-09-05T14:11:45+00:00\",\"dateModified\":\"2026-02-04T20:07:53+00:00\",\"description\":\"Descubra el Foil de carbono HM Elite SROKA de 14 mm. Un m\u00e1stil 100% de carbono de alto m\u00f3dulo que ofrece una rigidez extrema y una resistencia m\u00ednima para los expertos.\",\"breadcrumb\":{\"@id\":\"https:\\\/\\\/old.srokacompany.com\\\/es\\\/produit\\\/foil-elite-carbono-14mm-85cm\\\/#breadcrumb\"},\"inLanguage\":\"es\",\"potentialAction\":[{\"@type\":\"ReadAction\",\"target\":[\"https:\\\/\\\/old.srokacompany.com\\\/es\\\/produit\\\/foil-elite-carbono-14mm-85cm\\\/\"]}]},{\"@type\":\"ImageObject\",\"inLanguage\":\"es\",\"@id\":\"https:\\\/\\\/old.srokacompany.com\\\/es\\\/produit\\\/foil-elite-carbono-14mm-85cm\\\/#primaryimage\",\"url\":\"https:\\\/\\\/old.srokacompany.com\\\/wp-content\\\/uploads\\\/2023\\\/09\\\/S-5.png\",\"contentUrl\":\"https:\\\/\\\/old.srokacompany.com\\\/wp-content\\\/uploads\\\/2023\\\/09\\\/S-5.png\",\"width\":1470,\"height\":1395,\"caption\":\"Foil Carbone HM 85 cm Solo SROKA\"},{\"@type\":\"BreadcrumbList\",\"@id\":\"https:\\\/\\\/old.srokacompany.com\\\/es\\\/produit\\\/foil-elite-carbono-14mm-85cm\\\/#breadcrumb\",\"itemListElement\":[{\"@type\":\"ListItem\",\"position\":1,\"name\":\"Accueil\",\"item\":\"https:\\\/\\\/srokacompany.com\\\/es\\\/\"},{\"@type\":\"ListItem\",\"position\":2,\"name\":\"Tienda\",\"item\":\"https:\\\/\\\/srokacompany.com\\\/tienda\\\/\"},{\"@type\":\"ListItem\",\"position\":3,\"name\":\"HM Elite Carbon Foil 14mm | 85cm\"}]},{\"@type\":\"WebSite\",\"@id\":\"https:\\\/\\\/srokacompany.com\\\/#website\",\"url\":\"https:\\\/\\\/srokacompany.com\\\/\",\"name\":\"SROKA Company\",\"description\":\"SUP, Kite, Foil, Wing\",\"publisher\":{\"@id\":\"https:\\\/\\\/srokacompany.com\\\/#organization\"},\"potentialAction\":[{\"@type\":\"SearchAction\",\"target\":{\"@type\":\"EntryPoint\",\"urlTemplate\":\"https:\\\/\\\/srokacompany.com\\\/?s={search_term_string}\"},\"query-input\":{\"@type\":\"PropertyValueSpecification\",\"valueRequired\":true,\"valueName\":\"search_term_string\"}}],\"inLanguage\":\"es\"},{\"@type\":\"Organization\",\"@id\":\"https:\\\/\\\/srokacompany.com\\\/#organization\",\"name\":\"SROKACOMPANY\",\"alternateName\":\"SROKA\",\"url\":\"https:\\\/\\\/srokacompany.com\\\/\",\"logo\":{\"@type\":\"ImageObject\",\"inLanguage\":\"es\",\"@id\":\"https:\\\/\\\/srokacompany.com\\\/#\\\/schema\\\/logo\\\/image\\\/\",\"url\":\"https:\\\/\\\/srokacompany.com\\\/wp-content\\\/uploads\\\/2021\\\/01\\\/logo-sroka-black-transpa.png\",\"contentUrl\":\"https:\\\/\\\/srokacompany.com\\\/wp-content\\\/uploads\\\/2021\\\/01\\\/logo-sroka-black-transpa.png\",\"width\":1201,\"height\":342,\"caption\":\"SROKACOMPANY\"},\"image\":{\"@id\":\"https:\\\/\\\/srokacompany.com\\\/#\\\/schema\\\/logo\\\/image\\\/\"},\"sameAs\":[\"https:\\\/\\\/www.facebook.com\\\/srokawatersports\\\/\",\"https:\\\/\\\/www.instagram.com\\\/srokawatersports\\\/\",\"https:\\\/\\\/www.youtube.com\\\/channel\\\/UCVLHHeaPIm-J5bdEUgxqtZA\"]}]}<\/script>\n<!-- \/ Yoast SEO plugin. -->","yoast_head_json":{"title":"Foil Carbone HM Elite 14mm | El m\u00e1stil SROKA definitivo","description":"Descubra el Foil de carbono HM Elite SROKA de 14 mm. Un m\u00e1stil 100% de carbono de alto m\u00f3dulo que ofrece una rigidez extrema y una resistencia m\u00ednima para los expertos.","robots":{"index":"index","follow":"follow","max-snippet":"max-snippet:-1","max-image-preview":"max-image-preview:large","max-video-preview":"max-video-preview:-1"},"canonical":"https:\/\/old.srokacompany.com\/es\/produit\/foil-elite-carbono-14mm-85cm\/","og_locale":"es_ES","og_type":"article","og_title":"Foil Carbone HM Elite 14mm | El m\u00e1stil SROKA definitivo","og_description":"Descubra el Foil de carbono HM Elite SROKA de 14 mm. Un m\u00e1stil 100% de carbono de alto m\u00f3dulo que ofrece una rigidez extrema y una resistencia m\u00ednima para los expertos.","og_url":"https:\/\/old.srokacompany.com\/es\/produit\/foil-elite-carbono-14mm-85cm\/","og_site_name":"SROKA Company","article_publisher":"https:\/\/www.facebook.com\/srokawatersports\/","article_modified_time":"2026-02-04T20:07:53+00:00","og_image":[{"width":1470,"height":1395,"url":"https:\/\/srokacompany.com\/wp-content\/uploads\/2023\/09\/S-5.png","type":"image\/png"}],"twitter_misc":{"Tiempo de lectura":"2 minutos"},"schema":{"@context":"https:\/\/schema.org","@graph":[{"@type":"WebPage","@id":"https:\/\/old.srokacompany.com\/es\/produit\/foil-elite-carbono-14mm-85cm\/","url":"https:\/\/old.srokacompany.com\/es\/produit\/foil-elite-carbono-14mm-85cm\/","name":"Foil Carbone HM Elite 14mm | El m\u00e1stil SROKA definitivo","isPartOf":{"@id":"https:\/\/srokacompany.com\/#website"},"primaryImageOfPage":{"@id":"https:\/\/old.srokacompany.com\/es\/produit\/foil-elite-carbono-14mm-85cm\/#primaryimage"},"image":{"@id":"https:\/\/old.srokacompany.com\/es\/produit\/foil-elite-carbono-14mm-85cm\/#primaryimage"},"thumbnailUrl":"https:\/\/old.srokacompany.com\/wp-content\/uploads\/2023\/09\/S-5.png","datePublished":"2023-09-05T14:11:45+00:00","dateModified":"2026-02-04T20:07:53+00:00","description":"Descubra el Foil de carbono HM Elite SROKA de 14 mm. Un m\u00e1stil 100% de carbono de alto m\u00f3dulo que ofrece una rigidez extrema y una resistencia m\u00ednima para los expertos.","breadcrumb":{"@id":"https:\/\/old.srokacompany.com\/es\/produit\/foil-elite-carbono-14mm-85cm\/#breadcrumb"},"inLanguage":"es","potentialAction":[{"@type":"ReadAction","target":["https:\/\/old.srokacompany.com\/es\/produit\/foil-elite-carbono-14mm-85cm\/"]}]},{"@type":"ImageObject","inLanguage":"es","@id":"https:\/\/old.srokacompany.com\/es\/produit\/foil-elite-carbono-14mm-85cm\/#primaryimage","url":"https:\/\/old.srokacompany.com\/wp-content\/uploads\/2023\/09\/S-5.png","contentUrl":"https:\/\/old.srokacompany.com\/wp-content\/uploads\/2023\/09\/S-5.png","width":1470,"height":1395,"caption":"Foil Carbone HM 85 cm Solo SROKA"},{"@type":"BreadcrumbList","@id":"https:\/\/old.srokacompany.com\/es\/produit\/foil-elite-carbono-14mm-85cm\/#breadcrumb","itemListElement":[{"@type":"ListItem","position":1,"name":"Accueil","item":"https:\/\/srokacompany.com\/es\/"},{"@type":"ListItem","position":2,"name":"Tienda","item":"https:\/\/srokacompany.com\/tienda\/"},{"@type":"ListItem","position":3,"name":"HM Elite Carbon Foil 14mm | 85cm"}]},{"@type":"WebSite","@id":"https:\/\/srokacompany.com\/#website","url":"https:\/\/srokacompany.com\/","name":"SROKA Company","description":"SUP, Kite, Foil, Wing","publisher":{"@id":"https:\/\/srokacompany.com\/#organization"},"potentialAction":[{"@type":"SearchAction","target":{"@type":"EntryPoint","urlTemplate":"https:\/\/srokacompany.com\/?s={search_term_string}"},"query-input":{"@type":"PropertyValueSpecification","valueRequired":true,"valueName":"search_term_string"}}],"inLanguage":"es"},{"@type":"Organization","@id":"https:\/\/srokacompany.com\/#organization","name":"SROKACOMPANY","alternateName":"SROKA","url":"https:\/\/srokacompany.com\/","logo":{"@type":"ImageObject","inLanguage":"es","@id":"https:\/\/srokacompany.com\/#\/schema\/logo\/image\/","url":"https:\/\/srokacompany.com\/wp-content\/uploads\/2021\/01\/logo-sroka-black-transpa.png","contentUrl":"https:\/\/srokacompany.com\/wp-content\/uploads\/2021\/01\/logo-sroka-black-transpa.png","width":1201,"height":342,"caption":"SROKACOMPANY"},"image":{"@id":"https:\/\/srokacompany.com\/#\/schema\/logo\/image\/"},"sameAs":["https:\/\/www.facebook.com\/srokawatersports\/","https:\/\/www.instagram.com\/srokawatersports\/","https:\/\/www.youtube.com\/channel\/UCVLHHeaPIm-J5bdEUgxqtZA"]}]}},"uagb_featured_image_src":{"full":["https:\/\/old.srokacompany.com\/wp-content\/uploads\/2023\/09\/S-5.png",1470,1395,false],"thumbnail":["https:\/\/old.srokacompany.com\/wp-content\/uploads\/2023\/09\/S-5-150x150.png",150,150,true],"medium":["https:\/\/old.srokacompany.com\/wp-content\/uploads\/2023\/09\/S-5-300x285.png",300,285,true],"medium_large":["https:\/\/old.srokacompany.com\/wp-content\/uploads\/2023\/09\/S-5-768x729.png",768,729,true],"large":["https:\/\/old.srokacompany.com\/wp-content\/uploads\/2023\/09\/S-5-1024x972.png",1024,972,true],"1536x1536":["https:\/\/old.srokacompany.com\/wp-content\/uploads\/2023\/09\/S-5.png",1470,1395,false],"2048x2048":["https:\/\/old.srokacompany.com\/wp-content\/uploads\/2023\/09\/S-5.png",1470,1395,false],"woocommerce_thumbnail":["https:\/\/old.srokacompany.com\/wp-content\/uploads\/2023\/09\/S-5-600x569.png",600,569,true],"woocommerce_single":["https:\/\/old.srokacompany.com\/wp-content\/uploads\/2023\/09\/S-5-600x569.png",600,569,true],"woocommerce_gallery_thumbnail":["https:\/\/old.srokacompany.com\/wp-content\/uploads\/2023\/09\/S-5-100x100.png",100,100,true],"dgwt-wcas-product-suggestion":["https:\/\/old.srokacompany.com\/wp-content\/uploads\/2023\/09\/S-5-64x61.png",64,61,true]},"uagb_author_info":{"display_name":"Emmanuel DIJOUX","author_link":"https:\/\/old.srokacompany.com\/es\/blog\/author\/"},"uagb_comment_info":0,"uagb_excerpt":"El HM Elite 85cm 14mm Carbon Foil es la nueva referencia de rendimiento de Sroka. Su delgadez r\u00e9cord reduce dr\u00e1sticamente la resistencia manteniendo una rigidez absoluta. Adem\u00e1s, este HM Elite Carbon Fo il utiliza 100% M40J: carbono de alto m\u00f3dulo para garantizar una respuesta inmediata durante tus sesiones de Wing foil o Surf foil.","jetpack_sharing_enabled":true,"_links":{"self":[{"href":"https:\/\/old.srokacompany.com\/es\/wp-json\/wp\/v2\/product\/343971","targetHints":{"allow":["GET"]}}],"collection":[{"href":"https:\/\/old.srokacompany.com\/es\/wp-json\/wp\/v2\/product"}],"about":[{"href":"https:\/\/old.srokacompany.com\/es\/wp-json\/wp\/v2\/types\/product"}],"wp:featuredmedia":[{"embeddable":true,"href":"https:\/\/old.srokacompany.com\/es\/wp-json\/wp\/v2\/media\/343981"}],"wp:attachment":[{"href":"https:\/\/old.srokacompany.com\/es\/wp-json\/wp\/v2\/media?parent=343971"}],"wp:term":[{"taxonomy":"product_brand","embeddable":true,"href":"https:\/\/old.srokacompany.com\/es\/wp-json\/wp\/v2\/product_brand?post=343971"},{"taxonomy":"product_cat","embeddable":true,"href":"https:\/\/old.srokacompany.com\/es\/wp-json\/wp\/v2\/product_cat?post=343971"},{"taxonomy":"product_tag","embeddable":true,"href":"https:\/\/old.srokacompany.com\/es\/wp-json\/wp\/v2\/product_tag?post=343971"}],"curies":[{"name":"wp","href":"https:\/\/api.w.org\/{rel}","templated":true}]}}