{"id":345390,"date":"2021-03-12T13:28:35","date_gmt":"2021-03-12T13:28:35","guid":{"rendered":"https:\/\/srokacompany.com\/produit\/aletas-delanteras-s-foil-classic\/"},"modified":"2026-01-12T16:36:02","modified_gmt":"2026-01-12T14:36:02","slug":"aletas-delanteras-s-foil-classic","status":"publish","type":"product","link":"https:\/\/old.srokacompany.com\/es\/produit\/aletas-delanteras-s-foil-classic\/","title":{"rendered":"Aletas delanteras S-Foil Classic"},"content":{"rendered":"<hr>\n<h2>Aleta Delantera Classic Foil: la elecci\u00f3n ideal para principiantes<\/h2>\n<p>La gama <b>Foil Classiques<\/b> es su mejor aliada para aprender a volar con total tranquilidad. Se hace hincapi\u00e9 en la <b>estabilidad, el perd\u00f3n<\/b> y el despegue a baja velocidad, para que puedas progresar r\u00e1pidamente con comodidad. <\/p>\n<h3>Estabilidad y tolerancia al aprendizaje<\/h3>\n<p>Estas alas de perfil moderado (Mid Aspect Ratio) est\u00e1n dise\u00f1adas para un vuelo f\u00e1cil y predecible:<\/p>\n<ul>\n<li><b>Elevaci\u00f3n \u00f3ptima:<\/b> ofrecen una gran potencia para <b>despegar sin esfuerzo<\/b> y una velocidad m\u00ednima baja, lo que resulta esencial para los principiantes y las sesiones con poco viento.<\/li>\n<li><b>M\u00e1xima Tolerancia:<\/b> La estabilidad inherente de estas alas te permite concentrarte en tu vuelo, haciendo que el aprendizaje del <b>Wingfoil<\/b> y la pr\u00e1ctica del <b>Dockstart<\/b> sean mucho m\u00e1s accesibles.<\/li>\n<li>\n<h3>Calidad y escalabilidad<\/h3>\n<\/li>\n<li>\n<h3><span style=\"font-size: 16px;\">Fabricado <\/span>con carbono preimpregnado<span style=\"font-size: 16px;\">  para una rigidez impecable, estas aletas son una inversi\u00f3n duradera. Toda la gama Foil es   <\/span>actualizable<span style=\"font-size: 16px;\">: una vez que domines el vuelo, puedes simplemente cambiar la aleta delantera por un modelo m\u00e1s r\u00e1pido (como la gama High Aspect) sin tener que comprar un Foil completamente nuevo.<\/span><\/h3>\n<\/li>\n<\/ul>\n","protected":false},"excerpt":{"rendered":"<hr>\n<p><b>Alas delanteras Foil Classic:<\/b> El ala perfecta para <b>principiantes<\/b> para empezar con mucha <b>estabilidad<\/b>. Perfectamente indulgente y potente, est\u00e1 dise\u00f1ada para aprender f\u00e1cilmente el <b>Wingfoil<\/b>, ofreciendo una gran sustentaci\u00f3n para pilotos <b>m\u00e1s grandes<\/b> y despegar con el menor viento posible. <\/p>\n","protected":false},"featured_media":345408,"template":"","meta":{"_acf_changed":false,"_uag_custom_page_level_css":""},"product_brand":[],"product_cat":[3425,3480,3469,3781,3444],"product_tag":[],"class_list":{"0":"post-345390","1":"product","2":"type-product","3":"status-publish","4":"has-post-thumbnail","6":"product_cat-aletas-foil","7":"product_cat-foil-es","8":"product_cat-surf-foil-es","9":"product_cat-todas-nuestras-aletas-clasicas","10":"product_cat-wing-foil-es","11":"product_shipping_class-foil-unidad-completa-o-piezas-alas","13":"first","14":"instock","15":"sale","16":"taxable","17":"shipping-taxable","18":"purchasable","19":"product-type-variable","20":"has-default-attributes"},"acf":[],"yoast_head":"<!-- This site is optimized with the Yoast SEO plugin v27.4 - https:\/\/yoast.com\/product\/yoast-seo-wordpress\/ -->\n<title>Aletas delanteras S-Foil Classic - SROKA Company<\/title>\n<meta name=\"description\" content=\"Aletas delanteras Foil para principiantes: La gama Classic est\u00e1 dise\u00f1ada para principiantes y freeriders con la mejor relaci\u00f3n calidad-precio.\" \/>\n<meta name=\"robots\" content=\"index, follow, max-snippet:-1, max-image-preview:large, max-video-preview:-1\" \/>\n<link rel=\"canonical\" href=\"https:\/\/old.srokacompany.com\/es\/produit\/aletas-delanteras-s-foil-classic\/\" \/>\n<meta property=\"og:locale\" content=\"es_ES\" \/>\n<meta property=\"og:type\" content=\"article\" \/>\n<meta property=\"og:title\" content=\"Aletas delanteras S-Foil Classic - SROKA Company\" \/>\n<meta property=\"og:description\" content=\"Aletas delanteras Foil para principiantes: La gama Classic est\u00e1 dise\u00f1ada para principiantes y freeriders con la mejor relaci\u00f3n calidad-precio.\" \/>\n<meta property=\"og:url\" content=\"https:\/\/old.srokacompany.com\/es\/produit\/aletas-delanteras-s-foil-classic\/\" \/>\n<meta property=\"og:site_name\" content=\"SROKA Company\" \/>\n<meta property=\"article:publisher\" content=\"https:\/\/www.facebook.com\/srokawatersports\/\" \/>\n<meta property=\"article:modified_time\" content=\"2026-01-12T14:36:02+00:00\" \/>\n<meta property=\"og:image\" content=\"https:\/\/srokacompany.com\/wp-content\/uploads\/2023\/08\/Ailes-avant-classique.png\" \/>\n\t<meta property=\"og:image:width\" content=\"740\" \/>\n\t<meta property=\"og:image:height\" content=\"1080\" \/>\n\t<meta property=\"og:image:type\" content=\"image\/png\" \/>\n<meta name=\"twitter:label1\" content=\"Tiempo de lectura\" \/>\n\t<meta name=\"twitter:data1\" content=\"1 minuto\" \/>\n<script type=\"application\/ld+json\" class=\"yoast-schema-graph\">{\"@context\":\"https:\\\/\\\/schema.org\",\"@graph\":[{\"@type\":\"WebPage\",\"@id\":\"https:\\\/\\\/old.srokacompany.com\\\/es\\\/produit\\\/aletas-delanteras-s-foil-classic\\\/\",\"url\":\"https:\\\/\\\/old.srokacompany.com\\\/es\\\/produit\\\/aletas-delanteras-s-foil-classic\\\/\",\"name\":\"Aletas delanteras S-Foil Classic - SROKA Company\",\"isPartOf\":{\"@id\":\"https:\\\/\\\/srokacompany.com\\\/#website\"},\"primaryImageOfPage\":{\"@id\":\"https:\\\/\\\/old.srokacompany.com\\\/es\\\/produit\\\/aletas-delanteras-s-foil-classic\\\/#primaryimage\"},\"image\":{\"@id\":\"https:\\\/\\\/old.srokacompany.com\\\/es\\\/produit\\\/aletas-delanteras-s-foil-classic\\\/#primaryimage\"},\"thumbnailUrl\":\"https:\\\/\\\/old.srokacompany.com\\\/wp-content\\\/uploads\\\/2023\\\/08\\\/Ailes-avant-classique.png\",\"datePublished\":\"2021-03-12T13:28:35+00:00\",\"dateModified\":\"2026-01-12T14:36:02+00:00\",\"description\":\"Aletas delanteras Foil para principiantes: La gama Classic est\u00e1 dise\u00f1ada para principiantes y freeriders con la mejor relaci\u00f3n calidad-precio.\",\"breadcrumb\":{\"@id\":\"https:\\\/\\\/old.srokacompany.com\\\/es\\\/produit\\\/aletas-delanteras-s-foil-classic\\\/#breadcrumb\"},\"inLanguage\":\"es\",\"potentialAction\":[{\"@type\":\"ReadAction\",\"target\":[\"https:\\\/\\\/old.srokacompany.com\\\/es\\\/produit\\\/aletas-delanteras-s-foil-classic\\\/\"]}]},{\"@type\":\"ImageObject\",\"inLanguage\":\"es\",\"@id\":\"https:\\\/\\\/old.srokacompany.com\\\/es\\\/produit\\\/aletas-delanteras-s-foil-classic\\\/#primaryimage\",\"url\":\"https:\\\/\\\/old.srokacompany.com\\\/wp-content\\\/uploads\\\/2023\\\/08\\\/Ailes-avant-classique.png\",\"contentUrl\":\"https:\\\/\\\/old.srokacompany.com\\\/wp-content\\\/uploads\\\/2023\\\/08\\\/Ailes-avant-classique.png\",\"width\":740,\"height\":1080},{\"@type\":\"BreadcrumbList\",\"@id\":\"https:\\\/\\\/old.srokacompany.com\\\/es\\\/produit\\\/aletas-delanteras-s-foil-classic\\\/#breadcrumb\",\"itemListElement\":[{\"@type\":\"ListItem\",\"position\":1,\"name\":\"Accueil\",\"item\":\"https:\\\/\\\/srokacompany.com\\\/es\\\/\"},{\"@type\":\"ListItem\",\"position\":2,\"name\":\"Tienda\",\"item\":\"https:\\\/\\\/srokacompany.com\\\/tienda\\\/\"},{\"@type\":\"ListItem\",\"position\":3,\"name\":\"Aletas delanteras S-Foil Classic\"}]},{\"@type\":\"WebSite\",\"@id\":\"https:\\\/\\\/srokacompany.com\\\/#website\",\"url\":\"https:\\\/\\\/srokacompany.com\\\/\",\"name\":\"SROKA Company\",\"description\":\"SUP, Kite, Foil, Wing\",\"publisher\":{\"@id\":\"https:\\\/\\\/srokacompany.com\\\/#organization\"},\"potentialAction\":[{\"@type\":\"SearchAction\",\"target\":{\"@type\":\"EntryPoint\",\"urlTemplate\":\"https:\\\/\\\/srokacompany.com\\\/?s={search_term_string}\"},\"query-input\":{\"@type\":\"PropertyValueSpecification\",\"valueRequired\":true,\"valueName\":\"search_term_string\"}}],\"inLanguage\":\"es\"},{\"@type\":\"Organization\",\"@id\":\"https:\\\/\\\/srokacompany.com\\\/#organization\",\"name\":\"SROKACOMPANY\",\"alternateName\":\"SROKA\",\"url\":\"https:\\\/\\\/srokacompany.com\\\/\",\"logo\":{\"@type\":\"ImageObject\",\"inLanguage\":\"es\",\"@id\":\"https:\\\/\\\/srokacompany.com\\\/#\\\/schema\\\/logo\\\/image\\\/\",\"url\":\"https:\\\/\\\/srokacompany.com\\\/wp-content\\\/uploads\\\/2021\\\/01\\\/logo-sroka-black-transpa.png\",\"contentUrl\":\"https:\\\/\\\/srokacompany.com\\\/wp-content\\\/uploads\\\/2021\\\/01\\\/logo-sroka-black-transpa.png\",\"width\":1201,\"height\":342,\"caption\":\"SROKACOMPANY\"},\"image\":{\"@id\":\"https:\\\/\\\/srokacompany.com\\\/#\\\/schema\\\/logo\\\/image\\\/\"},\"sameAs\":[\"https:\\\/\\\/www.facebook.com\\\/srokawatersports\\\/\",\"https:\\\/\\\/www.instagram.com\\\/srokawatersports\\\/\",\"https:\\\/\\\/www.youtube.com\\\/channel\\\/UCVLHHeaPIm-J5bdEUgxqtZA\"]}]}<\/script>\n<!-- \/ Yoast SEO plugin. -->","yoast_head_json":{"title":"Aletas delanteras S-Foil Classic - SROKA Company","description":"Aletas delanteras Foil para principiantes: La gama Classic est\u00e1 dise\u00f1ada para principiantes y freeriders con la mejor relaci\u00f3n calidad-precio.","robots":{"index":"index","follow":"follow","max-snippet":"max-snippet:-1","max-image-preview":"max-image-preview:large","max-video-preview":"max-video-preview:-1"},"canonical":"https:\/\/old.srokacompany.com\/es\/produit\/aletas-delanteras-s-foil-classic\/","og_locale":"es_ES","og_type":"article","og_title":"Aletas delanteras S-Foil Classic - SROKA Company","og_description":"Aletas delanteras Foil para principiantes: La gama Classic est\u00e1 dise\u00f1ada para principiantes y freeriders con la mejor relaci\u00f3n calidad-precio.","og_url":"https:\/\/old.srokacompany.com\/es\/produit\/aletas-delanteras-s-foil-classic\/","og_site_name":"SROKA Company","article_publisher":"https:\/\/www.facebook.com\/srokawatersports\/","article_modified_time":"2026-01-12T14:36:02+00:00","og_image":[{"width":740,"height":1080,"url":"https:\/\/srokacompany.com\/wp-content\/uploads\/2023\/08\/Ailes-avant-classique.png","type":"image\/png"}],"twitter_misc":{"Tiempo de lectura":"1 minuto"},"schema":{"@context":"https:\/\/schema.org","@graph":[{"@type":"WebPage","@id":"https:\/\/old.srokacompany.com\/es\/produit\/aletas-delanteras-s-foil-classic\/","url":"https:\/\/old.srokacompany.com\/es\/produit\/aletas-delanteras-s-foil-classic\/","name":"Aletas delanteras S-Foil Classic - SROKA Company","isPartOf":{"@id":"https:\/\/srokacompany.com\/#website"},"primaryImageOfPage":{"@id":"https:\/\/old.srokacompany.com\/es\/produit\/aletas-delanteras-s-foil-classic\/#primaryimage"},"image":{"@id":"https:\/\/old.srokacompany.com\/es\/produit\/aletas-delanteras-s-foil-classic\/#primaryimage"},"thumbnailUrl":"https:\/\/old.srokacompany.com\/wp-content\/uploads\/2023\/08\/Ailes-avant-classique.png","datePublished":"2021-03-12T13:28:35+00:00","dateModified":"2026-01-12T14:36:02+00:00","description":"Aletas delanteras Foil para principiantes: La gama Classic est\u00e1 dise\u00f1ada para principiantes y freeriders con la mejor relaci\u00f3n calidad-precio.","breadcrumb":{"@id":"https:\/\/old.srokacompany.com\/es\/produit\/aletas-delanteras-s-foil-classic\/#breadcrumb"},"inLanguage":"es","potentialAction":[{"@type":"ReadAction","target":["https:\/\/old.srokacompany.com\/es\/produit\/aletas-delanteras-s-foil-classic\/"]}]},{"@type":"ImageObject","inLanguage":"es","@id":"https:\/\/old.srokacompany.com\/es\/produit\/aletas-delanteras-s-foil-classic\/#primaryimage","url":"https:\/\/old.srokacompany.com\/wp-content\/uploads\/2023\/08\/Ailes-avant-classique.png","contentUrl":"https:\/\/old.srokacompany.com\/wp-content\/uploads\/2023\/08\/Ailes-avant-classique.png","width":740,"height":1080},{"@type":"BreadcrumbList","@id":"https:\/\/old.srokacompany.com\/es\/produit\/aletas-delanteras-s-foil-classic\/#breadcrumb","itemListElement":[{"@type":"ListItem","position":1,"name":"Accueil","item":"https:\/\/srokacompany.com\/es\/"},{"@type":"ListItem","position":2,"name":"Tienda","item":"https:\/\/srokacompany.com\/tienda\/"},{"@type":"ListItem","position":3,"name":"Aletas delanteras S-Foil Classic"}]},{"@type":"WebSite","@id":"https:\/\/srokacompany.com\/#website","url":"https:\/\/srokacompany.com\/","name":"SROKA Company","description":"SUP, Kite, Foil, Wing","publisher":{"@id":"https:\/\/srokacompany.com\/#organization"},"potentialAction":[{"@type":"SearchAction","target":{"@type":"EntryPoint","urlTemplate":"https:\/\/srokacompany.com\/?s={search_term_string}"},"query-input":{"@type":"PropertyValueSpecification","valueRequired":true,"valueName":"search_term_string"}}],"inLanguage":"es"},{"@type":"Organization","@id":"https:\/\/srokacompany.com\/#organization","name":"SROKACOMPANY","alternateName":"SROKA","url":"https:\/\/srokacompany.com\/","logo":{"@type":"ImageObject","inLanguage":"es","@id":"https:\/\/srokacompany.com\/#\/schema\/logo\/image\/","url":"https:\/\/srokacompany.com\/wp-content\/uploads\/2021\/01\/logo-sroka-black-transpa.png","contentUrl":"https:\/\/srokacompany.com\/wp-content\/uploads\/2021\/01\/logo-sroka-black-transpa.png","width":1201,"height":342,"caption":"SROKACOMPANY"},"image":{"@id":"https:\/\/srokacompany.com\/#\/schema\/logo\/image\/"},"sameAs":["https:\/\/www.facebook.com\/srokawatersports\/","https:\/\/www.instagram.com\/srokawatersports\/","https:\/\/www.youtube.com\/channel\/UCVLHHeaPIm-J5bdEUgxqtZA"]}]}},"uagb_featured_image_src":{"full":["https:\/\/old.srokacompany.com\/wp-content\/uploads\/2023\/08\/Ailes-avant-classique.png",740,1080,false],"thumbnail":["https:\/\/old.srokacompany.com\/wp-content\/uploads\/2023\/08\/Ailes-avant-classique-150x150.png",150,150,true],"medium":["https:\/\/old.srokacompany.com\/wp-content\/uploads\/2023\/08\/Ailes-avant-classique-206x300.png",206,300,true],"medium_large":["https:\/\/old.srokacompany.com\/wp-content\/uploads\/2023\/08\/Ailes-avant-classique.png",740,1080,false],"large":["https:\/\/old.srokacompany.com\/wp-content\/uploads\/2023\/08\/Ailes-avant-classique-702x1024.png",702,1024,true],"1536x1536":["https:\/\/old.srokacompany.com\/wp-content\/uploads\/2023\/08\/Ailes-avant-classique.png",740,1080,false],"2048x2048":["https:\/\/old.srokacompany.com\/wp-content\/uploads\/2023\/08\/Ailes-avant-classique.png",740,1080,false],"woocommerce_thumbnail":["https:\/\/old.srokacompany.com\/wp-content\/uploads\/2023\/08\/Ailes-avant-classique-600x876.png",600,876,true],"woocommerce_single":["https:\/\/old.srokacompany.com\/wp-content\/uploads\/2023\/08\/Ailes-avant-classique-600x876.png",600,876,true],"woocommerce_gallery_thumbnail":["https:\/\/old.srokacompany.com\/wp-content\/uploads\/2023\/08\/Ailes-avant-classique-100x100.png",100,100,true],"dgwt-wcas-product-suggestion":["https:\/\/old.srokacompany.com\/wp-content\/uploads\/2023\/08\/Ailes-avant-classique.png",64,93,false]},"uagb_author_info":{"display_name":"Tristan Dumard","author_link":"https:\/\/old.srokacompany.com\/es\/blog\/author\/"},"uagb_comment_info":0,"uagb_excerpt":"Alas delanteras Foil Classic: El ala perfecta para principiantes para empezar con mucha estabilidad. Perfectamente indulgente y potente, est\u00e1 dise\u00f1ada para aprender f\u00e1cilmente el Wingfoil, ofreciendo una gran sustentaci\u00f3n para pilotos m\u00e1s grandes y despegar con el menor viento posible.","jetpack_sharing_enabled":true,"_links":{"self":[{"href":"https:\/\/old.srokacompany.com\/es\/wp-json\/wp\/v2\/product\/345390","targetHints":{"allow":["GET"]}}],"collection":[{"href":"https:\/\/old.srokacompany.com\/es\/wp-json\/wp\/v2\/product"}],"about":[{"href":"https:\/\/old.srokacompany.com\/es\/wp-json\/wp\/v2\/types\/product"}],"wp:featuredmedia":[{"embeddable":true,"href":"https:\/\/old.srokacompany.com\/es\/wp-json\/wp\/v2\/media\/345408"}],"wp:attachment":[{"href":"https:\/\/old.srokacompany.com\/es\/wp-json\/wp\/v2\/media?parent=345390"}],"wp:term":[{"taxonomy":"product_brand","embeddable":true,"href":"https:\/\/old.srokacompany.com\/es\/wp-json\/wp\/v2\/product_brand?post=345390"},{"taxonomy":"product_cat","embeddable":true,"href":"https:\/\/old.srokacompany.com\/es\/wp-json\/wp\/v2\/product_cat?post=345390"},{"taxonomy":"product_tag","embeddable":true,"href":"https:\/\/old.srokacompany.com\/es\/wp-json\/wp\/v2\/product_tag?post=345390"}],"curies":[{"name":"wp","href":"https:\/\/api.w.org\/{rel}","templated":true}]}}