{"id":345816,"date":"2025-03-15T13:30:43","date_gmt":"2025-03-15T11:30:43","guid":{"rendered":"https:\/\/srokacompany.com\/produit\/s-foil-alto-aspecto-2000\/"},"modified":"2025-10-31T19:12:29","modified_gmt":"2025-10-31T17:12:29","slug":"s-foil-alto-aspecto-2000","status":"publish","type":"product","link":"https:\/\/old.srokacompany.com\/es\/produit\/s-foil-alto-aspecto-2000\/","title":{"rendered":"S-Foil Alto aspecto 2000"},"content":{"rendered":"<hr>\n<h2>La nueva HA2000 es el ala de bombeo definitiva.<\/h2>\n<p>Podr\u00e1 bombear sin parar con el m\u00ednimo esfuerzo. Con la HA2000, podr\u00e1 batir r\u00e9cords de tiempo o aprender la disciplina con facilidad. <\/p>\n<p>Tras docenas de prototipos, encontramos el ala con el alargamiento perfecto y el compromiso planeo\/elevaci\u00f3n m\u00e1s \u00f3ptimo para el bombeo. Utilizamos un perfil Lift que transporta y te mantiene en el aire a bajas velocidades. <\/p>\n<p>El HA2000 es intercambiable con todos los dem\u00e1s alerones delanteros y fuselajes de la gama S-Foil SROKA.<\/p>\n<p><strong>Esta aleta 2000 funciona con todos los estabilizadores y todos los fuselajes. Calzos de ajuste se suministran con el paquete. <\/strong><\/p>\n<p><a href=\"https:\/\/srokacompany.com\/es\/produit\/guardabarros-delantero-s-foil-high-aspect-2000-l\/\">Aletas s\u00f3lo disponibles aqu\u00ed.  <\/a><\/p>\n","protected":false},"excerpt":{"rendered":"<p>La 2000 L HA es el ala de bombeo definitiva.<\/p>\n","protected":false},"featured_media":345841,"template":"","meta":{"_acf_changed":false,"_uag_custom_page_level_css":""},"product_brand":[],"product_cat":[3643,3480,3487,3485,3539],"product_tag":[3429,3450,3427],"class_list":{"0":"post-345816","1":"product","2":"type-product","3":"status-publish","4":"has-post-thumbnail","6":"product_cat-arranque-en-muelle-y-bombeo","7":"product_cat-foil-es","8":"product_cat-laminas-de-aluminio-carbono-dockstart","9":"product_cat-todas-las-laminas-de-aluminio","10":"product_cat-todas-nuestras-laminas-de-alto-aspecto","11":"product_tag-avanzado","12":"product_tag-experto","13":"product_tag-ingenioso","14":"product_shipping_class-foil-unidad-completa-o-piezas-alas","16":"first","17":"instock","18":"sale","19":"taxable","20":"shipping-taxable","21":"purchasable","22":"product-type-variable","23":"has-default-attributes"},"acf":[],"yoast_head":"<!-- This site is optimized with the Yoast SEO plugin v27.4 - https:\/\/yoast.com\/product\/yoast-seo-wordpress\/ -->\n<title>S-Foil Alto aspecto 2000 - SROKA Company<\/title>\n<meta name=\"description\" content=\"Descubre el foil de bombeo 2000 HA. Un ala f\u00e1cil de transportar para iniciarse f\u00e1cilmente en el bombeo de Foil.\" \/>\n<meta name=\"robots\" content=\"index, follow, max-snippet:-1, max-image-preview:large, max-video-preview:-1\" \/>\n<link rel=\"canonical\" href=\"https:\/\/old.srokacompany.com\/es\/produit\/s-foil-alto-aspecto-2000\/\" \/>\n<meta property=\"og:locale\" content=\"es_ES\" \/>\n<meta property=\"og:type\" content=\"article\" \/>\n<meta property=\"og:title\" content=\"S-Foil Alto aspecto 2000 - SROKA Company\" \/>\n<meta property=\"og:description\" content=\"Descubre el foil de bombeo 2000 HA. Un ala f\u00e1cil de transportar para iniciarse f\u00e1cilmente en el bombeo de Foil.\" \/>\n<meta property=\"og:url\" content=\"https:\/\/old.srokacompany.com\/es\/produit\/s-foil-alto-aspecto-2000\/\" \/>\n<meta property=\"og:site_name\" content=\"SROKA Company\" \/>\n<meta property=\"article:publisher\" content=\"https:\/\/www.facebook.com\/srokawatersports\/\" \/>\n<meta property=\"article:modified_time\" content=\"2025-10-31T17:12:29+00:00\" \/>\n<meta property=\"og:image\" content=\"https:\/\/srokacompany.com\/wp-content\/uploads\/2023\/03\/2000HA.png\" \/>\n\t<meta property=\"og:image:width\" content=\"740\" \/>\n\t<meta property=\"og:image:height\" content=\"1080\" \/>\n\t<meta property=\"og:image:type\" content=\"image\/png\" \/>\n<meta name=\"twitter:label1\" content=\"Tiempo de lectura\" \/>\n\t<meta name=\"twitter:data1\" content=\"1 minuto\" \/>\n<script type=\"application\/ld+json\" class=\"yoast-schema-graph\">{\"@context\":\"https:\\\/\\\/schema.org\",\"@graph\":[{\"@type\":\"WebPage\",\"@id\":\"https:\\\/\\\/old.srokacompany.com\\\/es\\\/produit\\\/s-foil-alto-aspecto-2000\\\/\",\"url\":\"https:\\\/\\\/old.srokacompany.com\\\/es\\\/produit\\\/s-foil-alto-aspecto-2000\\\/\",\"name\":\"S-Foil Alto aspecto 2000 - SROKA Company\",\"isPartOf\":{\"@id\":\"https:\\\/\\\/srokacompany.com\\\/#website\"},\"primaryImageOfPage\":{\"@id\":\"https:\\\/\\\/old.srokacompany.com\\\/es\\\/produit\\\/s-foil-alto-aspecto-2000\\\/#primaryimage\"},\"image\":{\"@id\":\"https:\\\/\\\/old.srokacompany.com\\\/es\\\/produit\\\/s-foil-alto-aspecto-2000\\\/#primaryimage\"},\"thumbnailUrl\":\"https:\\\/\\\/old.srokacompany.com\\\/wp-content\\\/uploads\\\/2023\\\/03\\\/2000HA.png\",\"datePublished\":\"2025-03-15T11:30:43+00:00\",\"dateModified\":\"2025-10-31T17:12:29+00:00\",\"description\":\"Descubre el foil de bombeo 2000 HA. Un ala f\u00e1cil de transportar para iniciarse f\u00e1cilmente en el bombeo de Foil.\",\"breadcrumb\":{\"@id\":\"https:\\\/\\\/old.srokacompany.com\\\/es\\\/produit\\\/s-foil-alto-aspecto-2000\\\/#breadcrumb\"},\"inLanguage\":\"es\",\"potentialAction\":[{\"@type\":\"ReadAction\",\"target\":[\"https:\\\/\\\/old.srokacompany.com\\\/es\\\/produit\\\/s-foil-alto-aspecto-2000\\\/\"]}]},{\"@type\":\"ImageObject\",\"inLanguage\":\"es\",\"@id\":\"https:\\\/\\\/old.srokacompany.com\\\/es\\\/produit\\\/s-foil-alto-aspecto-2000\\\/#primaryimage\",\"url\":\"https:\\\/\\\/old.srokacompany.com\\\/wp-content\\\/uploads\\\/2023\\\/03\\\/2000HA.png\",\"contentUrl\":\"https:\\\/\\\/old.srokacompany.com\\\/wp-content\\\/uploads\\\/2023\\\/03\\\/2000HA.png\",\"width\":740,\"height\":1080,\"caption\":\"foil pumping d\u00e9butant SROKA 2000 HA dockstart\"},{\"@type\":\"BreadcrumbList\",\"@id\":\"https:\\\/\\\/old.srokacompany.com\\\/es\\\/produit\\\/s-foil-alto-aspecto-2000\\\/#breadcrumb\",\"itemListElement\":[{\"@type\":\"ListItem\",\"position\":1,\"name\":\"Accueil\",\"item\":\"https:\\\/\\\/srokacompany.com\\\/es\\\/\"},{\"@type\":\"ListItem\",\"position\":2,\"name\":\"Tienda\",\"item\":\"https:\\\/\\\/srokacompany.com\\\/tienda\\\/\"},{\"@type\":\"ListItem\",\"position\":3,\"name\":\"S-Foil Alto aspecto 2000\"}]},{\"@type\":\"WebSite\",\"@id\":\"https:\\\/\\\/srokacompany.com\\\/#website\",\"url\":\"https:\\\/\\\/srokacompany.com\\\/\",\"name\":\"SROKA Company\",\"description\":\"SUP, Kite, Foil, Wing\",\"publisher\":{\"@id\":\"https:\\\/\\\/srokacompany.com\\\/#organization\"},\"potentialAction\":[{\"@type\":\"SearchAction\",\"target\":{\"@type\":\"EntryPoint\",\"urlTemplate\":\"https:\\\/\\\/srokacompany.com\\\/?s={search_term_string}\"},\"query-input\":{\"@type\":\"PropertyValueSpecification\",\"valueRequired\":true,\"valueName\":\"search_term_string\"}}],\"inLanguage\":\"es\"},{\"@type\":\"Organization\",\"@id\":\"https:\\\/\\\/srokacompany.com\\\/#organization\",\"name\":\"SROKACOMPANY\",\"alternateName\":\"SROKA\",\"url\":\"https:\\\/\\\/srokacompany.com\\\/\",\"logo\":{\"@type\":\"ImageObject\",\"inLanguage\":\"es\",\"@id\":\"https:\\\/\\\/srokacompany.com\\\/#\\\/schema\\\/logo\\\/image\\\/\",\"url\":\"https:\\\/\\\/srokacompany.com\\\/wp-content\\\/uploads\\\/2021\\\/01\\\/logo-sroka-black-transpa.png\",\"contentUrl\":\"https:\\\/\\\/srokacompany.com\\\/wp-content\\\/uploads\\\/2021\\\/01\\\/logo-sroka-black-transpa.png\",\"width\":1201,\"height\":342,\"caption\":\"SROKACOMPANY\"},\"image\":{\"@id\":\"https:\\\/\\\/srokacompany.com\\\/#\\\/schema\\\/logo\\\/image\\\/\"},\"sameAs\":[\"https:\\\/\\\/www.facebook.com\\\/srokawatersports\\\/\",\"https:\\\/\\\/www.instagram.com\\\/srokawatersports\\\/\",\"https:\\\/\\\/www.youtube.com\\\/channel\\\/UCVLHHeaPIm-J5bdEUgxqtZA\"]}]}<\/script>\n<!-- \/ Yoast SEO plugin. -->","yoast_head_json":{"title":"S-Foil Alto aspecto 2000 - SROKA Company","description":"Descubre el foil de bombeo 2000 HA. Un ala f\u00e1cil de transportar para iniciarse f\u00e1cilmente en el bombeo de Foil.","robots":{"index":"index","follow":"follow","max-snippet":"max-snippet:-1","max-image-preview":"max-image-preview:large","max-video-preview":"max-video-preview:-1"},"canonical":"https:\/\/old.srokacompany.com\/es\/produit\/s-foil-alto-aspecto-2000\/","og_locale":"es_ES","og_type":"article","og_title":"S-Foil Alto aspecto 2000 - SROKA Company","og_description":"Descubre el foil de bombeo 2000 HA. Un ala f\u00e1cil de transportar para iniciarse f\u00e1cilmente en el bombeo de Foil.","og_url":"https:\/\/old.srokacompany.com\/es\/produit\/s-foil-alto-aspecto-2000\/","og_site_name":"SROKA Company","article_publisher":"https:\/\/www.facebook.com\/srokawatersports\/","article_modified_time":"2025-10-31T17:12:29+00:00","og_image":[{"width":740,"height":1080,"url":"https:\/\/srokacompany.com\/wp-content\/uploads\/2023\/03\/2000HA.png","type":"image\/png"}],"twitter_misc":{"Tiempo de lectura":"1 minuto"},"schema":{"@context":"https:\/\/schema.org","@graph":[{"@type":"WebPage","@id":"https:\/\/old.srokacompany.com\/es\/produit\/s-foil-alto-aspecto-2000\/","url":"https:\/\/old.srokacompany.com\/es\/produit\/s-foil-alto-aspecto-2000\/","name":"S-Foil Alto aspecto 2000 - SROKA Company","isPartOf":{"@id":"https:\/\/srokacompany.com\/#website"},"primaryImageOfPage":{"@id":"https:\/\/old.srokacompany.com\/es\/produit\/s-foil-alto-aspecto-2000\/#primaryimage"},"image":{"@id":"https:\/\/old.srokacompany.com\/es\/produit\/s-foil-alto-aspecto-2000\/#primaryimage"},"thumbnailUrl":"https:\/\/old.srokacompany.com\/wp-content\/uploads\/2023\/03\/2000HA.png","datePublished":"2025-03-15T11:30:43+00:00","dateModified":"2025-10-31T17:12:29+00:00","description":"Descubre el foil de bombeo 2000 HA. Un ala f\u00e1cil de transportar para iniciarse f\u00e1cilmente en el bombeo de Foil.","breadcrumb":{"@id":"https:\/\/old.srokacompany.com\/es\/produit\/s-foil-alto-aspecto-2000\/#breadcrumb"},"inLanguage":"es","potentialAction":[{"@type":"ReadAction","target":["https:\/\/old.srokacompany.com\/es\/produit\/s-foil-alto-aspecto-2000\/"]}]},{"@type":"ImageObject","inLanguage":"es","@id":"https:\/\/old.srokacompany.com\/es\/produit\/s-foil-alto-aspecto-2000\/#primaryimage","url":"https:\/\/old.srokacompany.com\/wp-content\/uploads\/2023\/03\/2000HA.png","contentUrl":"https:\/\/old.srokacompany.com\/wp-content\/uploads\/2023\/03\/2000HA.png","width":740,"height":1080,"caption":"foil pumping d\u00e9butant SROKA 2000 HA dockstart"},{"@type":"BreadcrumbList","@id":"https:\/\/old.srokacompany.com\/es\/produit\/s-foil-alto-aspecto-2000\/#breadcrumb","itemListElement":[{"@type":"ListItem","position":1,"name":"Accueil","item":"https:\/\/srokacompany.com\/es\/"},{"@type":"ListItem","position":2,"name":"Tienda","item":"https:\/\/srokacompany.com\/tienda\/"},{"@type":"ListItem","position":3,"name":"S-Foil Alto aspecto 2000"}]},{"@type":"WebSite","@id":"https:\/\/srokacompany.com\/#website","url":"https:\/\/srokacompany.com\/","name":"SROKA Company","description":"SUP, Kite, Foil, Wing","publisher":{"@id":"https:\/\/srokacompany.com\/#organization"},"potentialAction":[{"@type":"SearchAction","target":{"@type":"EntryPoint","urlTemplate":"https:\/\/srokacompany.com\/?s={search_term_string}"},"query-input":{"@type":"PropertyValueSpecification","valueRequired":true,"valueName":"search_term_string"}}],"inLanguage":"es"},{"@type":"Organization","@id":"https:\/\/srokacompany.com\/#organization","name":"SROKACOMPANY","alternateName":"SROKA","url":"https:\/\/srokacompany.com\/","logo":{"@type":"ImageObject","inLanguage":"es","@id":"https:\/\/srokacompany.com\/#\/schema\/logo\/image\/","url":"https:\/\/srokacompany.com\/wp-content\/uploads\/2021\/01\/logo-sroka-black-transpa.png","contentUrl":"https:\/\/srokacompany.com\/wp-content\/uploads\/2021\/01\/logo-sroka-black-transpa.png","width":1201,"height":342,"caption":"SROKACOMPANY"},"image":{"@id":"https:\/\/srokacompany.com\/#\/schema\/logo\/image\/"},"sameAs":["https:\/\/www.facebook.com\/srokawatersports\/","https:\/\/www.instagram.com\/srokawatersports\/","https:\/\/www.youtube.com\/channel\/UCVLHHeaPIm-J5bdEUgxqtZA"]}]}},"uagb_featured_image_src":{"full":["https:\/\/old.srokacompany.com\/wp-content\/uploads\/2023\/03\/2000HA.png",740,1080,false],"thumbnail":["https:\/\/old.srokacompany.com\/wp-content\/uploads\/2023\/03\/2000HA-150x150.png",150,150,true],"medium":["https:\/\/old.srokacompany.com\/wp-content\/uploads\/2023\/03\/2000HA-206x300.png",206,300,true],"medium_large":["https:\/\/old.srokacompany.com\/wp-content\/uploads\/2023\/03\/2000HA.png",740,1080,false],"large":["https:\/\/old.srokacompany.com\/wp-content\/uploads\/2023\/03\/2000HA-702x1024.png",702,1024,true],"1536x1536":["https:\/\/old.srokacompany.com\/wp-content\/uploads\/2023\/03\/2000HA.png",740,1080,false],"2048x2048":["https:\/\/old.srokacompany.com\/wp-content\/uploads\/2023\/03\/2000HA.png",740,1080,false],"woocommerce_thumbnail":["https:\/\/old.srokacompany.com\/wp-content\/uploads\/2023\/03\/2000HA-600x876.png",600,876,true],"woocommerce_single":["https:\/\/old.srokacompany.com\/wp-content\/uploads\/2023\/03\/2000HA-600x876.png",600,876,true],"woocommerce_gallery_thumbnail":["https:\/\/old.srokacompany.com\/wp-content\/uploads\/2023\/03\/2000HA-100x100.png",100,100,true],"dgwt-wcas-product-suggestion":["https:\/\/old.srokacompany.com\/wp-content\/uploads\/2023\/03\/2000HA.png",64,93,false]},"uagb_author_info":{"display_name":"Emmanuel DIJOUX","author_link":"https:\/\/old.srokacompany.com\/es\/blog\/author\/"},"uagb_comment_info":0,"uagb_excerpt":"La 2000 L HA es el ala de bombeo definitiva.","jetpack_sharing_enabled":true,"_links":{"self":[{"href":"https:\/\/old.srokacompany.com\/es\/wp-json\/wp\/v2\/product\/345816","targetHints":{"allow":["GET"]}}],"collection":[{"href":"https:\/\/old.srokacompany.com\/es\/wp-json\/wp\/v2\/product"}],"about":[{"href":"https:\/\/old.srokacompany.com\/es\/wp-json\/wp\/v2\/types\/product"}],"wp:featuredmedia":[{"embeddable":true,"href":"https:\/\/old.srokacompany.com\/es\/wp-json\/wp\/v2\/media\/345841"}],"wp:attachment":[{"href":"https:\/\/old.srokacompany.com\/es\/wp-json\/wp\/v2\/media?parent=345816"}],"wp:term":[{"taxonomy":"product_brand","embeddable":true,"href":"https:\/\/old.srokacompany.com\/es\/wp-json\/wp\/v2\/product_brand?post=345816"},{"taxonomy":"product_cat","embeddable":true,"href":"https:\/\/old.srokacompany.com\/es\/wp-json\/wp\/v2\/product_cat?post=345816"},{"taxonomy":"product_tag","embeddable":true,"href":"https:\/\/old.srokacompany.com\/es\/wp-json\/wp\/v2\/product_tag?post=345816"}],"curies":[{"name":"wp","href":"https:\/\/api.w.org\/{rel}","templated":true}]}}