{"id":346146,"date":"2017-09-19T17:31:18","date_gmt":"2017-09-19T17:31:18","guid":{"rendered":"https:\/\/srokacompany.com\/produit\/tef-gel\/"},"modified":"2025-11-03T12:06:47","modified_gmt":"2025-11-03T10:06:47","slug":"tef-gel","status":"publish","type":"product","link":"https:\/\/old.srokacompany.com\/es\/produit\/tef-gel\/","title":{"rendered":"Tef Gel"},"content":{"rendered":"<p><strong>Tikal Tef-Gel<\/strong> es una pasta impermeable a base de PTFE que puede aplicarse de diversas maneras. Previene eficazmente la formaci\u00f3n de ampollas en superficies met\u00e1licas y ofrece una protecci\u00f3n fiable contra la corrosi\u00f3n galv\u00e1nica entre distintos tipos de metal. <\/p>\n<p>Recomendamos utilizar <strong>Tikal Tef-Gel<\/strong> para el mantenimiento regular de su foil SROKA. Le recomendamos que se quite completamente su foil despu\u00e9s de cada sesi\u00f3n y que lo enjuague. Este tef gel es un producto permanente, por lo que no es necesario aplicarlo en cada sesi\u00f3n. Le recomendamos que lo aplique en los encajes y en los tornillos de montaje.   <\/p>\n<hr>\n","protected":false},"excerpt":{"rendered":"<p><strong>Tikal Tef-Gel<\/strong> es una pasta impermeable a base de PTFE que puede utilizarse para una amplia gama de aplicaciones.<\/p>\n","protected":false},"featured_media":346147,"template":"","meta":{"_acf_changed":false,"_uag_custom_page_level_css":""},"product_brand":[],"product_cat":[3584,4219,3583,3461,3480],"product_tag":[],"class_list":{"0":"post-346146","1":"product","2":"type-product","3":"status-publish","4":"has-post-thumbnail","6":"product_cat-accesorios-de-surf-foil","7":"product_cat-accesorios-dockstart","8":"product_cat-accesorios-foil","9":"product_cat-accesorios-wing-foil","10":"product_cat-foil-es","11":"product_shipping_class-unidad-de-tornillo","13":"first","14":"instock","15":"taxable","16":"shipping-taxable","17":"purchasable","18":"product-type-simple"},"acf":[],"yoast_head":"<!-- This site is optimized with the Yoast SEO plugin v27.4 - https:\/\/yoast.com\/product\/yoast-seo-wordpress\/ -->\n<title>Tef Gel | Grasa anticorrosi\u00f3n- SROKA Company<\/title>\n<meta name=\"description\" content=\"La grasa anticorrosi\u00f3n Tikal Tef-Gel\u00ae detiene la corrosi\u00f3n galv\u00e1nica entre metales como el acero inoxidable y el aluminio. Resistente al agua de mar.\" \/>\n<meta name=\"robots\" content=\"index, follow, max-snippet:-1, max-image-preview:large, max-video-preview:-1\" \/>\n<link rel=\"canonical\" href=\"https:\/\/old.srokacompany.com\/es\/produit\/tef-gel\/\" \/>\n<meta property=\"og:locale\" content=\"es_ES\" \/>\n<meta property=\"og:type\" content=\"article\" \/>\n<meta property=\"og:title\" content=\"Tef Gel | Grasa anticorrosi\u00f3n- SROKA Company\" \/>\n<meta property=\"og:description\" content=\"La grasa anticorrosi\u00f3n Tikal Tef-Gel\u00ae detiene la corrosi\u00f3n galv\u00e1nica entre metales como el acero inoxidable y el aluminio. Resistente al agua de mar.\" \/>\n<meta property=\"og:url\" content=\"https:\/\/old.srokacompany.com\/es\/produit\/tef-gel\/\" \/>\n<meta property=\"og:site_name\" content=\"SROKA Company\" \/>\n<meta property=\"article:publisher\" content=\"https:\/\/www.facebook.com\/srokawatersports\/\" \/>\n<meta property=\"article:modified_time\" content=\"2025-11-03T10:06:47+00:00\" \/>\n<meta property=\"og:image\" content=\"https:\/\/srokacompany.com\/wp-content\/uploads\/2017\/09\/TefGel.jpg\" \/>\n\t<meta property=\"og:image:width\" content=\"780\" \/>\n\t<meta property=\"og:image:height\" content=\"1040\" \/>\n\t<meta property=\"og:image:type\" content=\"image\/jpeg\" \/>\n<meta name=\"twitter:label1\" content=\"Tiempo de lectura\" \/>\n\t<meta name=\"twitter:data1\" content=\"1 minuto\" \/>\n<script type=\"application\/ld+json\" class=\"yoast-schema-graph\">{\"@context\":\"https:\\\/\\\/schema.org\",\"@graph\":[{\"@type\":\"WebPage\",\"@id\":\"https:\\\/\\\/old.srokacompany.com\\\/es\\\/produit\\\/tef-gel\\\/\",\"url\":\"https:\\\/\\\/old.srokacompany.com\\\/es\\\/produit\\\/tef-gel\\\/\",\"name\":\"Tef Gel | Grasa anticorrosi\u00f3n- SROKA Company\",\"isPartOf\":{\"@id\":\"https:\\\/\\\/srokacompany.com\\\/#website\"},\"primaryImageOfPage\":{\"@id\":\"https:\\\/\\\/old.srokacompany.com\\\/es\\\/produit\\\/tef-gel\\\/#primaryimage\"},\"image\":{\"@id\":\"https:\\\/\\\/old.srokacompany.com\\\/es\\\/produit\\\/tef-gel\\\/#primaryimage\"},\"thumbnailUrl\":\"https:\\\/\\\/old.srokacompany.com\\\/wp-content\\\/uploads\\\/2017\\\/09\\\/TefGel.jpg\",\"datePublished\":\"2017-09-19T17:31:18+00:00\",\"dateModified\":\"2025-11-03T10:06:47+00:00\",\"description\":\"La grasa anticorrosi\u00f3n Tikal Tef-Gel\u00ae detiene la corrosi\u00f3n galv\u00e1nica entre metales como el acero inoxidable y el aluminio. Resistente al agua de mar.\",\"breadcrumb\":{\"@id\":\"https:\\\/\\\/old.srokacompany.com\\\/es\\\/produit\\\/tef-gel\\\/#breadcrumb\"},\"inLanguage\":\"es\",\"potentialAction\":[{\"@type\":\"ReadAction\",\"target\":[\"https:\\\/\\\/old.srokacompany.com\\\/es\\\/produit\\\/tef-gel\\\/\"]}]},{\"@type\":\"ImageObject\",\"inLanguage\":\"es\",\"@id\":\"https:\\\/\\\/old.srokacompany.com\\\/es\\\/produit\\\/tef-gel\\\/#primaryimage\",\"url\":\"https:\\\/\\\/old.srokacompany.com\\\/wp-content\\\/uploads\\\/2017\\\/09\\\/TefGel.jpg\",\"contentUrl\":\"https:\\\/\\\/old.srokacompany.com\\\/wp-content\\\/uploads\\\/2017\\\/09\\\/TefGel.jpg\",\"width\":780,\"height\":1040,\"caption\":\"Tef-Gel TIKAL\"},{\"@type\":\"BreadcrumbList\",\"@id\":\"https:\\\/\\\/old.srokacompany.com\\\/es\\\/produit\\\/tef-gel\\\/#breadcrumb\",\"itemListElement\":[{\"@type\":\"ListItem\",\"position\":1,\"name\":\"Accueil\",\"item\":\"https:\\\/\\\/srokacompany.com\\\/es\\\/\"},{\"@type\":\"ListItem\",\"position\":2,\"name\":\"Tienda\",\"item\":\"https:\\\/\\\/srokacompany.com\\\/tienda\\\/\"},{\"@type\":\"ListItem\",\"position\":3,\"name\":\"Tef Gel\"}]},{\"@type\":\"WebSite\",\"@id\":\"https:\\\/\\\/srokacompany.com\\\/#website\",\"url\":\"https:\\\/\\\/srokacompany.com\\\/\",\"name\":\"SROKA Company\",\"description\":\"SUP, Kite, Foil, Wing\",\"publisher\":{\"@id\":\"https:\\\/\\\/srokacompany.com\\\/#organization\"},\"potentialAction\":[{\"@type\":\"SearchAction\",\"target\":{\"@type\":\"EntryPoint\",\"urlTemplate\":\"https:\\\/\\\/srokacompany.com\\\/?s={search_term_string}\"},\"query-input\":{\"@type\":\"PropertyValueSpecification\",\"valueRequired\":true,\"valueName\":\"search_term_string\"}}],\"inLanguage\":\"es\"},{\"@type\":\"Organization\",\"@id\":\"https:\\\/\\\/srokacompany.com\\\/#organization\",\"name\":\"SROKACOMPANY\",\"alternateName\":\"SROKA\",\"url\":\"https:\\\/\\\/srokacompany.com\\\/\",\"logo\":{\"@type\":\"ImageObject\",\"inLanguage\":\"es\",\"@id\":\"https:\\\/\\\/srokacompany.com\\\/#\\\/schema\\\/logo\\\/image\\\/\",\"url\":\"https:\\\/\\\/srokacompany.com\\\/wp-content\\\/uploads\\\/2021\\\/01\\\/logo-sroka-black-transpa.png\",\"contentUrl\":\"https:\\\/\\\/srokacompany.com\\\/wp-content\\\/uploads\\\/2021\\\/01\\\/logo-sroka-black-transpa.png\",\"width\":1201,\"height\":342,\"caption\":\"SROKACOMPANY\"},\"image\":{\"@id\":\"https:\\\/\\\/srokacompany.com\\\/#\\\/schema\\\/logo\\\/image\\\/\"},\"sameAs\":[\"https:\\\/\\\/www.facebook.com\\\/srokawatersports\\\/\",\"https:\\\/\\\/www.instagram.com\\\/srokawatersports\\\/\",\"https:\\\/\\\/www.youtube.com\\\/channel\\\/UCVLHHeaPIm-J5bdEUgxqtZA\"]}]}<\/script>\n<!-- \/ Yoast SEO plugin. -->","yoast_head_json":{"title":"Tef Gel | Grasa anticorrosi\u00f3n- SROKA Company","description":"La grasa anticorrosi\u00f3n Tikal Tef-Gel\u00ae detiene la corrosi\u00f3n galv\u00e1nica entre metales como el acero inoxidable y el aluminio. Resistente al agua de mar.","robots":{"index":"index","follow":"follow","max-snippet":"max-snippet:-1","max-image-preview":"max-image-preview:large","max-video-preview":"max-video-preview:-1"},"canonical":"https:\/\/old.srokacompany.com\/es\/produit\/tef-gel\/","og_locale":"es_ES","og_type":"article","og_title":"Tef Gel | Grasa anticorrosi\u00f3n- SROKA Company","og_description":"La grasa anticorrosi\u00f3n Tikal Tef-Gel\u00ae detiene la corrosi\u00f3n galv\u00e1nica entre metales como el acero inoxidable y el aluminio. Resistente al agua de mar.","og_url":"https:\/\/old.srokacompany.com\/es\/produit\/tef-gel\/","og_site_name":"SROKA Company","article_publisher":"https:\/\/www.facebook.com\/srokawatersports\/","article_modified_time":"2025-11-03T10:06:47+00:00","og_image":[{"width":780,"height":1040,"url":"https:\/\/srokacompany.com\/wp-content\/uploads\/2017\/09\/TefGel.jpg","type":"image\/jpeg"}],"twitter_misc":{"Tiempo de lectura":"1 minuto"},"schema":{"@context":"https:\/\/schema.org","@graph":[{"@type":"WebPage","@id":"https:\/\/old.srokacompany.com\/es\/produit\/tef-gel\/","url":"https:\/\/old.srokacompany.com\/es\/produit\/tef-gel\/","name":"Tef Gel | Grasa anticorrosi\u00f3n- SROKA Company","isPartOf":{"@id":"https:\/\/srokacompany.com\/#website"},"primaryImageOfPage":{"@id":"https:\/\/old.srokacompany.com\/es\/produit\/tef-gel\/#primaryimage"},"image":{"@id":"https:\/\/old.srokacompany.com\/es\/produit\/tef-gel\/#primaryimage"},"thumbnailUrl":"https:\/\/old.srokacompany.com\/wp-content\/uploads\/2017\/09\/TefGel.jpg","datePublished":"2017-09-19T17:31:18+00:00","dateModified":"2025-11-03T10:06:47+00:00","description":"La grasa anticorrosi\u00f3n Tikal Tef-Gel\u00ae detiene la corrosi\u00f3n galv\u00e1nica entre metales como el acero inoxidable y el aluminio. Resistente al agua de mar.","breadcrumb":{"@id":"https:\/\/old.srokacompany.com\/es\/produit\/tef-gel\/#breadcrumb"},"inLanguage":"es","potentialAction":[{"@type":"ReadAction","target":["https:\/\/old.srokacompany.com\/es\/produit\/tef-gel\/"]}]},{"@type":"ImageObject","inLanguage":"es","@id":"https:\/\/old.srokacompany.com\/es\/produit\/tef-gel\/#primaryimage","url":"https:\/\/old.srokacompany.com\/wp-content\/uploads\/2017\/09\/TefGel.jpg","contentUrl":"https:\/\/old.srokacompany.com\/wp-content\/uploads\/2017\/09\/TefGel.jpg","width":780,"height":1040,"caption":"Tef-Gel TIKAL"},{"@type":"BreadcrumbList","@id":"https:\/\/old.srokacompany.com\/es\/produit\/tef-gel\/#breadcrumb","itemListElement":[{"@type":"ListItem","position":1,"name":"Accueil","item":"https:\/\/srokacompany.com\/es\/"},{"@type":"ListItem","position":2,"name":"Tienda","item":"https:\/\/srokacompany.com\/tienda\/"},{"@type":"ListItem","position":3,"name":"Tef Gel"}]},{"@type":"WebSite","@id":"https:\/\/srokacompany.com\/#website","url":"https:\/\/srokacompany.com\/","name":"SROKA Company","description":"SUP, Kite, Foil, Wing","publisher":{"@id":"https:\/\/srokacompany.com\/#organization"},"potentialAction":[{"@type":"SearchAction","target":{"@type":"EntryPoint","urlTemplate":"https:\/\/srokacompany.com\/?s={search_term_string}"},"query-input":{"@type":"PropertyValueSpecification","valueRequired":true,"valueName":"search_term_string"}}],"inLanguage":"es"},{"@type":"Organization","@id":"https:\/\/srokacompany.com\/#organization","name":"SROKACOMPANY","alternateName":"SROKA","url":"https:\/\/srokacompany.com\/","logo":{"@type":"ImageObject","inLanguage":"es","@id":"https:\/\/srokacompany.com\/#\/schema\/logo\/image\/","url":"https:\/\/srokacompany.com\/wp-content\/uploads\/2021\/01\/logo-sroka-black-transpa.png","contentUrl":"https:\/\/srokacompany.com\/wp-content\/uploads\/2021\/01\/logo-sroka-black-transpa.png","width":1201,"height":342,"caption":"SROKACOMPANY"},"image":{"@id":"https:\/\/srokacompany.com\/#\/schema\/logo\/image\/"},"sameAs":["https:\/\/www.facebook.com\/srokawatersports\/","https:\/\/www.instagram.com\/srokawatersports\/","https:\/\/www.youtube.com\/channel\/UCVLHHeaPIm-J5bdEUgxqtZA"]}]}},"uagb_featured_image_src":{"full":["https:\/\/old.srokacompany.com\/wp-content\/uploads\/2017\/09\/TefGel.jpg",780,1040,false],"thumbnail":["https:\/\/old.srokacompany.com\/wp-content\/uploads\/2017\/09\/TefGel-150x150.jpg",150,150,true],"medium":["https:\/\/old.srokacompany.com\/wp-content\/uploads\/2017\/09\/TefGel-225x300.jpg",225,300,true],"medium_large":["https:\/\/old.srokacompany.com\/wp-content\/uploads\/2017\/09\/TefGel-768x1024.jpg",768,1024,true],"large":["https:\/\/old.srokacompany.com\/wp-content\/uploads\/2017\/09\/TefGel-768x1024.jpg",768,1024,true],"1536x1536":["https:\/\/old.srokacompany.com\/wp-content\/uploads\/2017\/09\/TefGel.jpg",780,1040,false],"2048x2048":["https:\/\/old.srokacompany.com\/wp-content\/uploads\/2017\/09\/TefGel.jpg",780,1040,false],"woocommerce_thumbnail":["https:\/\/old.srokacompany.com\/wp-content\/uploads\/2017\/09\/TefGel-600x800.jpg",600,800,true],"woocommerce_single":["https:\/\/old.srokacompany.com\/wp-content\/uploads\/2017\/09\/TefGel-600x800.jpg",600,800,true],"woocommerce_gallery_thumbnail":["https:\/\/old.srokacompany.com\/wp-content\/uploads\/2017\/09\/TefGel-100x100.jpg",100,100,true],"dgwt-wcas-product-suggestion":["https:\/\/old.srokacompany.com\/wp-content\/uploads\/2017\/09\/TefGel.jpg",64,85,false]},"uagb_author_info":{"display_name":"matthieumilliot_xd7qukoc","author_link":"https:\/\/old.srokacompany.com\/es\/blog\/author\/"},"uagb_comment_info":0,"uagb_excerpt":"Tikal Tef-Gel es una pasta impermeable a base de PTFE que puede utilizarse para una amplia gama de aplicaciones.","jetpack_sharing_enabled":true,"_links":{"self":[{"href":"https:\/\/old.srokacompany.com\/es\/wp-json\/wp\/v2\/product\/346146","targetHints":{"allow":["GET"]}}],"collection":[{"href":"https:\/\/old.srokacompany.com\/es\/wp-json\/wp\/v2\/product"}],"about":[{"href":"https:\/\/old.srokacompany.com\/es\/wp-json\/wp\/v2\/types\/product"}],"wp:featuredmedia":[{"embeddable":true,"href":"https:\/\/old.srokacompany.com\/es\/wp-json\/wp\/v2\/media\/346147"}],"wp:attachment":[{"href":"https:\/\/old.srokacompany.com\/es\/wp-json\/wp\/v2\/media?parent=346146"}],"wp:term":[{"taxonomy":"product_brand","embeddable":true,"href":"https:\/\/old.srokacompany.com\/es\/wp-json\/wp\/v2\/product_brand?post=346146"},{"taxonomy":"product_cat","embeddable":true,"href":"https:\/\/old.srokacompany.com\/es\/wp-json\/wp\/v2\/product_cat?post=346146"},{"taxonomy":"product_tag","embeddable":true,"href":"https:\/\/old.srokacompany.com\/es\/wp-json\/wp\/v2\/product_tag?post=346146"}],"curies":[{"name":"wp","href":"https:\/\/api.w.org\/{rel}","templated":true}]}}