{"id":346417,"date":"2018-01-09T17:56:14","date_gmt":"2018-01-09T17:56:14","guid":{"rendered":"https:\/\/srokacompany.com\/produit\/vario-paddle-50-carbono-desmontable-3-partes\/"},"modified":"2025-11-21T18:09:39","modified_gmt":"2025-11-21T16:09:39","slug":"vario-paddle-50-carbono-desmontable-3-partes","status":"publish","type":"product","link":"https:\/\/old.srokacompany.com\/es\/produit\/vario-paddle-50-carbono-desmontable-3-partes\/","title":{"rendered":"Vario Paddle 50% carbono, desmontable &#8211; 3 partes"},"content":{"rendered":"<hr>\n<h1>Pala SUP Vario 50% carbono, 3 partes<\/h1>\n<p>Desarrollado con los materiales m\u00e1s ligeros y resistentes, el remo ajustable y desmontable de 3 piezas con un 50% de carbono es un <a href=\"https:\/\/srokacompany.com\/es\/eshop\/tabla-de-paddle-surf\/\">remo sup<\/a> pr\u00e1ctico y ligero. Fabricada en carbono 100% 12K en la pala y 50% carbono 3K en la ca\u00f1a, esta pala es ideal para remar con buenas sensaciones. Su dise\u00f1o ligero y su construcci\u00f3n de 3 piezas hacen que sea f\u00e1cil llevarlo contigo a donde quiera que vayas. Su peque\u00f1a hoja te permite no cansarte y centrarte en la t\u00e9cnica y la resistencia m\u00e1s que en la fuerza. A juego con los colores de tu remo, esta pala no pasar\u00e1 desapercibida. Puedes ajustarlo en altura gracias al sistema de ajuste. Esta pala 50% carbono es ajustable de 175 a 216 cm de largo y su pala mide 18 cm.<\/p>\n","protected":false},"excerpt":{"rendered":"<p>Desarrollado con los materiales m\u00e1s ligeros y resistentes, el remo ajustable y desmontable de 3 piezas con un 50% de carbono es un <a href=\"https:\/\/srokacompany.com\/es\/eshop\/tabla-de-paddle-surf\/\">remo sup<\/a> pr\u00e1ctico y ligero.<\/p>\n","protected":false},"featured_media":346346,"template":"","meta":{"_acf_changed":false,"_uag_custom_page_level_css":""},"product_brand":[],"product_cat":[3865,3704,3597,3674,4260],"product_tag":[3429,3450,3427],"class_list":{"0":"post-346417","1":"product","2":"type-product","3":"status-publish","4":"has-post-thumbnail","6":"product_cat-accesorios-adicionales-foil","7":"product_cat-accesorios-contra-el-viento","8":"product_cat-accesorios-de-padel","9":"product_cat-tabla-de-paddle-surf","10":"product_cat-viernes-negro","11":"product_tag-avanzado","12":"product_tag-experto","13":"product_tag-ingenioso","14":"product_shipping_class-foil-unidad-completa-o-piezas-alas","16":"first","17":"instock","18":"sale","19":"taxable","20":"shipping-taxable","21":"purchasable","22":"product-type-variable"},"acf":[],"yoast_head":"<!-- This site is optimized with the Yoast SEO plugin v27.4 - https:\/\/yoast.com\/product\/yoast-seo-wordpress\/ -->\n<title>Vario Paddle 50% carbono, desmontable - 3 partes - SROKA Company<\/title>\n<meta name=\"description\" content=\"La pala Vario 50% carbono de 3 piezas es una pala muy reactiva y ligera. Fabricada en carbono 100% 12K en la pala con un eje 100%.\" \/>\n<meta name=\"robots\" content=\"index, follow, max-snippet:-1, max-image-preview:large, max-video-preview:-1\" \/>\n<link rel=\"canonical\" href=\"https:\/\/old.srokacompany.com\/es\/produit\/vario-paddle-50-carbono-desmontable-3-partes\/\" \/>\n<meta property=\"og:locale\" content=\"es_ES\" \/>\n<meta property=\"og:type\" content=\"article\" \/>\n<meta property=\"og:title\" content=\"Vario Paddle 50% carbono, desmontable - 3 partes - SROKA Company\" \/>\n<meta property=\"og:description\" content=\"La pala Vario 50% carbono de 3 piezas es una pala muy reactiva y ligera. Fabricada en carbono 100% 12K en la pala con un eje 100%.\" \/>\n<meta property=\"og:url\" content=\"https:\/\/old.srokacompany.com\/es\/produit\/vario-paddle-50-carbono-desmontable-3-partes\/\" \/>\n<meta property=\"og:site_name\" content=\"SROKA Company\" \/>\n<meta property=\"article:publisher\" content=\"https:\/\/www.facebook.com\/srokawatersports\/\" \/>\n<meta property=\"article:modified_time\" content=\"2025-11-21T16:09:39+00:00\" \/>\n<meta property=\"og:image\" content=\"https:\/\/srokacompany.com\/wp-content\/uploads\/2018\/01\/pagaie-3-p-50carbon-.jpg\" \/>\n\t<meta property=\"og:image:width\" content=\"780\" \/>\n\t<meta property=\"og:image:height\" content=\"1040\" \/>\n\t<meta property=\"og:image:type\" content=\"image\/jpeg\" \/>\n<meta name=\"twitter:label1\" content=\"Tiempo de lectura\" \/>\n\t<meta name=\"twitter:data1\" content=\"1 minuto\" \/>\n<script type=\"application\/ld+json\" class=\"yoast-schema-graph\">{\"@context\":\"https:\\\/\\\/schema.org\",\"@graph\":[{\"@type\":\"WebPage\",\"@id\":\"https:\\\/\\\/old.srokacompany.com\\\/es\\\/produit\\\/vario-paddle-50-carbono-desmontable-3-partes\\\/\",\"url\":\"https:\\\/\\\/old.srokacompany.com\\\/es\\\/produit\\\/vario-paddle-50-carbono-desmontable-3-partes\\\/\",\"name\":\"Vario Paddle 50% carbono, desmontable - 3 partes - SROKA Company\",\"isPartOf\":{\"@id\":\"https:\\\/\\\/srokacompany.com\\\/#website\"},\"primaryImageOfPage\":{\"@id\":\"https:\\\/\\\/old.srokacompany.com\\\/es\\\/produit\\\/vario-paddle-50-carbono-desmontable-3-partes\\\/#primaryimage\"},\"image\":{\"@id\":\"https:\\\/\\\/old.srokacompany.com\\\/es\\\/produit\\\/vario-paddle-50-carbono-desmontable-3-partes\\\/#primaryimage\"},\"thumbnailUrl\":\"https:\\\/\\\/old.srokacompany.com\\\/wp-content\\\/uploads\\\/2018\\\/01\\\/pagaie-3-p-50carbon-.jpg\",\"datePublished\":\"2018-01-09T17:56:14+00:00\",\"dateModified\":\"2025-11-21T16:09:39+00:00\",\"description\":\"La pala Vario 50% carbono de 3 piezas es una pala muy reactiva y ligera. Fabricada en carbono 100% 12K en la pala con un eje 100%.\",\"breadcrumb\":{\"@id\":\"https:\\\/\\\/old.srokacompany.com\\\/es\\\/produit\\\/vario-paddle-50-carbono-desmontable-3-partes\\\/#breadcrumb\"},\"inLanguage\":\"es\",\"potentialAction\":[{\"@type\":\"ReadAction\",\"target\":[\"https:\\\/\\\/old.srokacompany.com\\\/es\\\/produit\\\/vario-paddle-50-carbono-desmontable-3-partes\\\/\"]}]},{\"@type\":\"ImageObject\",\"inLanguage\":\"es\",\"@id\":\"https:\\\/\\\/old.srokacompany.com\\\/es\\\/produit\\\/vario-paddle-50-carbono-desmontable-3-partes\\\/#primaryimage\",\"url\":\"https:\\\/\\\/old.srokacompany.com\\\/wp-content\\\/uploads\\\/2018\\\/01\\\/pagaie-3-p-50carbon-.jpg\",\"contentUrl\":\"https:\\\/\\\/old.srokacompany.com\\\/wp-content\\\/uploads\\\/2018\\\/01\\\/pagaie-3-p-50carbon-.jpg\",\"width\":780,\"height\":1040,\"caption\":\"Paleta de 3 partes 50% carbono\"},{\"@type\":\"BreadcrumbList\",\"@id\":\"https:\\\/\\\/old.srokacompany.com\\\/es\\\/produit\\\/vario-paddle-50-carbono-desmontable-3-partes\\\/#breadcrumb\",\"itemListElement\":[{\"@type\":\"ListItem\",\"position\":1,\"name\":\"Accueil\",\"item\":\"https:\\\/\\\/srokacompany.com\\\/es\\\/\"},{\"@type\":\"ListItem\",\"position\":2,\"name\":\"Tienda\",\"item\":\"https:\\\/\\\/srokacompany.com\\\/tienda\\\/\"},{\"@type\":\"ListItem\",\"position\":3,\"name\":\"Vario Paddle 50% carbono, desmontable &#8211; 3 partes\"}]},{\"@type\":\"WebSite\",\"@id\":\"https:\\\/\\\/srokacompany.com\\\/#website\",\"url\":\"https:\\\/\\\/srokacompany.com\\\/\",\"name\":\"SROKA Company\",\"description\":\"SUP, Kite, Foil, Wing\",\"publisher\":{\"@id\":\"https:\\\/\\\/srokacompany.com\\\/#organization\"},\"potentialAction\":[{\"@type\":\"SearchAction\",\"target\":{\"@type\":\"EntryPoint\",\"urlTemplate\":\"https:\\\/\\\/srokacompany.com\\\/?s={search_term_string}\"},\"query-input\":{\"@type\":\"PropertyValueSpecification\",\"valueRequired\":true,\"valueName\":\"search_term_string\"}}],\"inLanguage\":\"es\"},{\"@type\":\"Organization\",\"@id\":\"https:\\\/\\\/srokacompany.com\\\/#organization\",\"name\":\"SROKACOMPANY\",\"alternateName\":\"SROKA\",\"url\":\"https:\\\/\\\/srokacompany.com\\\/\",\"logo\":{\"@type\":\"ImageObject\",\"inLanguage\":\"es\",\"@id\":\"https:\\\/\\\/srokacompany.com\\\/#\\\/schema\\\/logo\\\/image\\\/\",\"url\":\"https:\\\/\\\/srokacompany.com\\\/wp-content\\\/uploads\\\/2021\\\/01\\\/logo-sroka-black-transpa.png\",\"contentUrl\":\"https:\\\/\\\/srokacompany.com\\\/wp-content\\\/uploads\\\/2021\\\/01\\\/logo-sroka-black-transpa.png\",\"width\":1201,\"height\":342,\"caption\":\"SROKACOMPANY\"},\"image\":{\"@id\":\"https:\\\/\\\/srokacompany.com\\\/#\\\/schema\\\/logo\\\/image\\\/\"},\"sameAs\":[\"https:\\\/\\\/www.facebook.com\\\/srokawatersports\\\/\",\"https:\\\/\\\/www.instagram.com\\\/srokawatersports\\\/\",\"https:\\\/\\\/www.youtube.com\\\/channel\\\/UCVLHHeaPIm-J5bdEUgxqtZA\"]}]}<\/script>\n<!-- \/ Yoast SEO plugin. -->","yoast_head_json":{"title":"Vario Paddle 50% carbono, desmontable - 3 partes - SROKA Company","description":"La pala Vario 50% carbono de 3 piezas es una pala muy reactiva y ligera. Fabricada en carbono 100% 12K en la pala con un eje 100%.","robots":{"index":"index","follow":"follow","max-snippet":"max-snippet:-1","max-image-preview":"max-image-preview:large","max-video-preview":"max-video-preview:-1"},"canonical":"https:\/\/old.srokacompany.com\/es\/produit\/vario-paddle-50-carbono-desmontable-3-partes\/","og_locale":"es_ES","og_type":"article","og_title":"Vario Paddle 50% carbono, desmontable - 3 partes - SROKA Company","og_description":"La pala Vario 50% carbono de 3 piezas es una pala muy reactiva y ligera. Fabricada en carbono 100% 12K en la pala con un eje 100%.","og_url":"https:\/\/old.srokacompany.com\/es\/produit\/vario-paddle-50-carbono-desmontable-3-partes\/","og_site_name":"SROKA Company","article_publisher":"https:\/\/www.facebook.com\/srokawatersports\/","article_modified_time":"2025-11-21T16:09:39+00:00","og_image":[{"width":780,"height":1040,"url":"https:\/\/srokacompany.com\/wp-content\/uploads\/2018\/01\/pagaie-3-p-50carbon-.jpg","type":"image\/jpeg"}],"twitter_misc":{"Tiempo de lectura":"1 minuto"},"schema":{"@context":"https:\/\/schema.org","@graph":[{"@type":"WebPage","@id":"https:\/\/old.srokacompany.com\/es\/produit\/vario-paddle-50-carbono-desmontable-3-partes\/","url":"https:\/\/old.srokacompany.com\/es\/produit\/vario-paddle-50-carbono-desmontable-3-partes\/","name":"Vario Paddle 50% carbono, desmontable - 3 partes - SROKA Company","isPartOf":{"@id":"https:\/\/srokacompany.com\/#website"},"primaryImageOfPage":{"@id":"https:\/\/old.srokacompany.com\/es\/produit\/vario-paddle-50-carbono-desmontable-3-partes\/#primaryimage"},"image":{"@id":"https:\/\/old.srokacompany.com\/es\/produit\/vario-paddle-50-carbono-desmontable-3-partes\/#primaryimage"},"thumbnailUrl":"https:\/\/old.srokacompany.com\/wp-content\/uploads\/2018\/01\/pagaie-3-p-50carbon-.jpg","datePublished":"2018-01-09T17:56:14+00:00","dateModified":"2025-11-21T16:09:39+00:00","description":"La pala Vario 50% carbono de 3 piezas es una pala muy reactiva y ligera. Fabricada en carbono 100% 12K en la pala con un eje 100%.","breadcrumb":{"@id":"https:\/\/old.srokacompany.com\/es\/produit\/vario-paddle-50-carbono-desmontable-3-partes\/#breadcrumb"},"inLanguage":"es","potentialAction":[{"@type":"ReadAction","target":["https:\/\/old.srokacompany.com\/es\/produit\/vario-paddle-50-carbono-desmontable-3-partes\/"]}]},{"@type":"ImageObject","inLanguage":"es","@id":"https:\/\/old.srokacompany.com\/es\/produit\/vario-paddle-50-carbono-desmontable-3-partes\/#primaryimage","url":"https:\/\/old.srokacompany.com\/wp-content\/uploads\/2018\/01\/pagaie-3-p-50carbon-.jpg","contentUrl":"https:\/\/old.srokacompany.com\/wp-content\/uploads\/2018\/01\/pagaie-3-p-50carbon-.jpg","width":780,"height":1040,"caption":"Paleta de 3 partes 50% carbono"},{"@type":"BreadcrumbList","@id":"https:\/\/old.srokacompany.com\/es\/produit\/vario-paddle-50-carbono-desmontable-3-partes\/#breadcrumb","itemListElement":[{"@type":"ListItem","position":1,"name":"Accueil","item":"https:\/\/srokacompany.com\/es\/"},{"@type":"ListItem","position":2,"name":"Tienda","item":"https:\/\/srokacompany.com\/tienda\/"},{"@type":"ListItem","position":3,"name":"Vario Paddle 50% carbono, desmontable &#8211; 3 partes"}]},{"@type":"WebSite","@id":"https:\/\/srokacompany.com\/#website","url":"https:\/\/srokacompany.com\/","name":"SROKA Company","description":"SUP, Kite, Foil, Wing","publisher":{"@id":"https:\/\/srokacompany.com\/#organization"},"potentialAction":[{"@type":"SearchAction","target":{"@type":"EntryPoint","urlTemplate":"https:\/\/srokacompany.com\/?s={search_term_string}"},"query-input":{"@type":"PropertyValueSpecification","valueRequired":true,"valueName":"search_term_string"}}],"inLanguage":"es"},{"@type":"Organization","@id":"https:\/\/srokacompany.com\/#organization","name":"SROKACOMPANY","alternateName":"SROKA","url":"https:\/\/srokacompany.com\/","logo":{"@type":"ImageObject","inLanguage":"es","@id":"https:\/\/srokacompany.com\/#\/schema\/logo\/image\/","url":"https:\/\/srokacompany.com\/wp-content\/uploads\/2021\/01\/logo-sroka-black-transpa.png","contentUrl":"https:\/\/srokacompany.com\/wp-content\/uploads\/2021\/01\/logo-sroka-black-transpa.png","width":1201,"height":342,"caption":"SROKACOMPANY"},"image":{"@id":"https:\/\/srokacompany.com\/#\/schema\/logo\/image\/"},"sameAs":["https:\/\/www.facebook.com\/srokawatersports\/","https:\/\/www.instagram.com\/srokawatersports\/","https:\/\/www.youtube.com\/channel\/UCVLHHeaPIm-J5bdEUgxqtZA"]}]}},"uagb_featured_image_src":{"full":["https:\/\/old.srokacompany.com\/wp-content\/uploads\/2018\/01\/pagaie-3-p-50carbon-.jpg",780,1040,false],"thumbnail":["https:\/\/old.srokacompany.com\/wp-content\/uploads\/2018\/01\/pagaie-3-p-50carbon--150x150.jpg",150,150,true],"medium":["https:\/\/old.srokacompany.com\/wp-content\/uploads\/2018\/01\/pagaie-3-p-50carbon--225x300.jpg",225,300,true],"medium_large":["https:\/\/old.srokacompany.com\/wp-content\/uploads\/2018\/01\/pagaie-3-p-50carbon--768x1024.jpg",768,1024,true],"large":["https:\/\/old.srokacompany.com\/wp-content\/uploads\/2018\/01\/pagaie-3-p-50carbon--768x1024.jpg",768,1024,true],"1536x1536":["https:\/\/old.srokacompany.com\/wp-content\/uploads\/2018\/01\/pagaie-3-p-50carbon-.jpg",780,1040,false],"2048x2048":["https:\/\/old.srokacompany.com\/wp-content\/uploads\/2018\/01\/pagaie-3-p-50carbon-.jpg",780,1040,false],"woocommerce_thumbnail":["https:\/\/old.srokacompany.com\/wp-content\/uploads\/2018\/01\/pagaie-3-p-50carbon--600x800.jpg",600,800,true],"woocommerce_single":["https:\/\/old.srokacompany.com\/wp-content\/uploads\/2018\/01\/pagaie-3-p-50carbon--600x800.jpg",600,800,true],"woocommerce_gallery_thumbnail":["https:\/\/old.srokacompany.com\/wp-content\/uploads\/2018\/01\/pagaie-3-p-50carbon--100x100.jpg",100,100,true],"dgwt-wcas-product-suggestion":["https:\/\/old.srokacompany.com\/wp-content\/uploads\/2018\/01\/pagaie-3-p-50carbon-.jpg",64,85,false]},"uagb_author_info":{"display_name":"Bruno Sroka","author_link":"https:\/\/old.srokacompany.com\/es\/blog\/author\/"},"uagb_comment_info":0,"uagb_excerpt":"Desarrollado con los materiales m\u00e1s ligeros y resistentes, el remo ajustable y desmontable de 3 piezas con un 50% de carbono es un remo sup pr\u00e1ctico y ligero.","jetpack_sharing_enabled":true,"_links":{"self":[{"href":"https:\/\/old.srokacompany.com\/es\/wp-json\/wp\/v2\/product\/346417","targetHints":{"allow":["GET"]}}],"collection":[{"href":"https:\/\/old.srokacompany.com\/es\/wp-json\/wp\/v2\/product"}],"about":[{"href":"https:\/\/old.srokacompany.com\/es\/wp-json\/wp\/v2\/types\/product"}],"wp:featuredmedia":[{"embeddable":true,"href":"https:\/\/old.srokacompany.com\/es\/wp-json\/wp\/v2\/media\/346346"}],"wp:attachment":[{"href":"https:\/\/old.srokacompany.com\/es\/wp-json\/wp\/v2\/media?parent=346417"}],"wp:term":[{"taxonomy":"product_brand","embeddable":true,"href":"https:\/\/old.srokacompany.com\/es\/wp-json\/wp\/v2\/product_brand?post=346417"},{"taxonomy":"product_cat","embeddable":true,"href":"https:\/\/old.srokacompany.com\/es\/wp-json\/wp\/v2\/product_cat?post=346417"},{"taxonomy":"product_tag","embeddable":true,"href":"https:\/\/old.srokacompany.com\/es\/wp-json\/wp\/v2\/product_tag?post=346417"}],"curies":[{"name":"wp","href":"https:\/\/api.w.org\/{rel}","templated":true}]}}