{"id":346418,"date":"2018-01-10T06:20:50","date_gmt":"2018-01-10T06:20:50","guid":{"rendered":"https:\/\/srokacompany.com\/produit\/pala-de-aluminio-ajustable-en-2-o-3-partes\/"},"modified":"2025-11-21T18:09:30","modified_gmt":"2025-11-21T16:09:30","slug":"pala-de-aluminio-ajustable-en-2-o-3-partes","status":"publish","type":"product","link":"https:\/\/old.srokacompany.com\/es\/produit\/pala-de-aluminio-ajustable-en-2-o-3-partes\/","title":{"rendered":"Pala de aluminio ajustable en 2 \u00f3 3 partes"},"content":{"rendered":"<hr>\n<p class=\"p1\"><span class=\"s1\">El eje de esta <a href=\"https:\/\/srokacompany.com\/es\/eshop\/tabla-de-paddle-surf\/\">pala<\/a> est\u00e1 hecho de aluminio anodizado para maximizar la resistencia. La peque\u00f1a pala rellena de fibra te aporta ligereza y solidez para ayudarte a descubrir f\u00e1cilmente los placeres del paddle surf. Disponible en 2 partes (ajustable) o 3 partes (ajustable y extra\u00edble) para mayor comodidad. Esta pala de aluminio es ajustable de 173 a 214 cm de longitud y su pala mide 18 cm.<\/span><\/p>\n","protected":false},"excerpt":{"rendered":"<hr>\n<p class=\"p1\"><span class=\"s1\">El eje de esta <a href=\"https:\/\/srokacompany.com\/es\/eshop\/tabla-de-paddle-surf\/\">pala<\/a> est\u00e1 hecho de aluminio anodizado para maximizar la resistencia. La peque\u00f1a pala rellena de fibra te aporta ligereza y solidez para ayudarte a descubrir f\u00e1cilmente los placeres del paddle surf. Disponible en 2 partes (ajustable) o 3 partes (ajustable y extra\u00edble) para mayor comodidad. Esta pala de aluminio es ajustable de 173 a 214 cm de longitud y su pala mide 18 cm.<\/span><\/p>\n","protected":false},"featured_media":346419,"template":"","meta":{"_acf_changed":false,"_uag_custom_page_level_css":""},"product_brand":[],"product_cat":[3597,3612,3674,4260],"product_tag":[],"class_list":{"0":"post-346418","1":"product","2":"type-product","3":"status-publish","4":"has-post-thumbnail","6":"product_cat-accesorios-de-padel","7":"product_cat-palas-hinchables","8":"product_cat-tabla-de-paddle-surf","9":"product_cat-viernes-negro","10":"product_shipping_class-palas-de-1-y-2-piezas","12":"first","13":"instock","14":"sale","15":"taxable","16":"shipping-taxable","17":"purchasable","18":"product-type-variable"},"acf":[],"yoast_head":"<!-- This site is optimized with the Yoast SEO plugin v27.4 - https:\/\/yoast.com\/product\/yoast-seo-wordpress\/ -->\n<title>Pala de aluminio ajustable en 2 \u00f3 3 partes - SROKA Company<\/title>\n<meta name=\"description\" content=\"Pala ajustable Aluminio anodizado para una m\u00e1xima resistencia. La peque\u00f1a hoja reforzada con fibra hace que la pala sea m\u00e1s ligera y resistente.\" \/>\n<meta name=\"robots\" content=\"index, follow, max-snippet:-1, max-image-preview:large, max-video-preview:-1\" \/>\n<link rel=\"canonical\" href=\"https:\/\/old.srokacompany.com\/es\/produit\/pala-de-aluminio-ajustable-en-2-o-3-partes\/\" \/>\n<meta property=\"og:locale\" content=\"es_ES\" \/>\n<meta property=\"og:type\" content=\"article\" \/>\n<meta property=\"og:title\" content=\"Pala de aluminio ajustable en 2 \u00f3 3 partes - SROKA Company\" \/>\n<meta property=\"og:description\" content=\"Pala ajustable Aluminio anodizado para una m\u00e1xima resistencia. La peque\u00f1a hoja reforzada con fibra hace que la pala sea m\u00e1s ligera y resistente.\" \/>\n<meta property=\"og:url\" content=\"https:\/\/old.srokacompany.com\/es\/produit\/pala-de-aluminio-ajustable-en-2-o-3-partes\/\" \/>\n<meta property=\"og:site_name\" content=\"SROKA Company\" \/>\n<meta property=\"article:publisher\" content=\"https:\/\/www.facebook.com\/srokawatersports\/\" \/>\n<meta property=\"article:modified_time\" content=\"2025-11-21T16:09:30+00:00\" \/>\n<meta property=\"og:image\" content=\"https:\/\/srokacompany.com\/wp-content\/uploads\/2018\/01\/pagaie-SUP-aluminium.jpg\" \/>\n\t<meta property=\"og:image:width\" content=\"780\" \/>\n\t<meta property=\"og:image:height\" content=\"1040\" \/>\n\t<meta property=\"og:image:type\" content=\"image\/jpeg\" \/>\n<script type=\"application\/ld+json\" class=\"yoast-schema-graph\">{\"@context\":\"https:\\\/\\\/schema.org\",\"@graph\":[{\"@type\":\"WebPage\",\"@id\":\"https:\\\/\\\/old.srokacompany.com\\\/es\\\/produit\\\/pala-de-aluminio-ajustable-en-2-o-3-partes\\\/\",\"url\":\"https:\\\/\\\/old.srokacompany.com\\\/es\\\/produit\\\/pala-de-aluminio-ajustable-en-2-o-3-partes\\\/\",\"name\":\"Pala de aluminio ajustable en 2 \u00f3 3 partes - SROKA Company\",\"isPartOf\":{\"@id\":\"https:\\\/\\\/srokacompany.com\\\/#website\"},\"primaryImageOfPage\":{\"@id\":\"https:\\\/\\\/old.srokacompany.com\\\/es\\\/produit\\\/pala-de-aluminio-ajustable-en-2-o-3-partes\\\/#primaryimage\"},\"image\":{\"@id\":\"https:\\\/\\\/old.srokacompany.com\\\/es\\\/produit\\\/pala-de-aluminio-ajustable-en-2-o-3-partes\\\/#primaryimage\"},\"thumbnailUrl\":\"https:\\\/\\\/old.srokacompany.com\\\/wp-content\\\/uploads\\\/2018\\\/01\\\/pagaie-SUP-aluminium.jpg\",\"datePublished\":\"2018-01-10T06:20:50+00:00\",\"dateModified\":\"2025-11-21T16:09:30+00:00\",\"description\":\"Pala ajustable Aluminio anodizado para una m\u00e1xima resistencia. La peque\u00f1a hoja reforzada con fibra hace que la pala sea m\u00e1s ligera y resistente.\",\"breadcrumb\":{\"@id\":\"https:\\\/\\\/old.srokacompany.com\\\/es\\\/produit\\\/pala-de-aluminio-ajustable-en-2-o-3-partes\\\/#breadcrumb\"},\"inLanguage\":\"es\",\"potentialAction\":[{\"@type\":\"ReadAction\",\"target\":[\"https:\\\/\\\/old.srokacompany.com\\\/es\\\/produit\\\/pala-de-aluminio-ajustable-en-2-o-3-partes\\\/\"]}]},{\"@type\":\"ImageObject\",\"inLanguage\":\"es\",\"@id\":\"https:\\\/\\\/old.srokacompany.com\\\/es\\\/produit\\\/pala-de-aluminio-ajustable-en-2-o-3-partes\\\/#primaryimage\",\"url\":\"https:\\\/\\\/old.srokacompany.com\\\/wp-content\\\/uploads\\\/2018\\\/01\\\/pagaie-SUP-aluminium.jpg\",\"contentUrl\":\"https:\\\/\\\/old.srokacompany.com\\\/wp-content\\\/uploads\\\/2018\\\/01\\\/pagaie-SUP-aluminium.jpg\",\"width\":780,\"height\":1040,\"caption\":\"Pala de aluminio en dos o tres partes para stand up paddle\"},{\"@type\":\"BreadcrumbList\",\"@id\":\"https:\\\/\\\/old.srokacompany.com\\\/es\\\/produit\\\/pala-de-aluminio-ajustable-en-2-o-3-partes\\\/#breadcrumb\",\"itemListElement\":[{\"@type\":\"ListItem\",\"position\":1,\"name\":\"Accueil\",\"item\":\"https:\\\/\\\/srokacompany.com\\\/es\\\/\"},{\"@type\":\"ListItem\",\"position\":2,\"name\":\"Tienda\",\"item\":\"https:\\\/\\\/srokacompany.com\\\/tienda\\\/\"},{\"@type\":\"ListItem\",\"position\":3,\"name\":\"Pala de aluminio ajustable en 2 \u00f3 3 partes\"}]},{\"@type\":\"WebSite\",\"@id\":\"https:\\\/\\\/srokacompany.com\\\/#website\",\"url\":\"https:\\\/\\\/srokacompany.com\\\/\",\"name\":\"SROKA Company\",\"description\":\"SUP, Kite, Foil, Wing\",\"publisher\":{\"@id\":\"https:\\\/\\\/srokacompany.com\\\/#organization\"},\"potentialAction\":[{\"@type\":\"SearchAction\",\"target\":{\"@type\":\"EntryPoint\",\"urlTemplate\":\"https:\\\/\\\/srokacompany.com\\\/?s={search_term_string}\"},\"query-input\":{\"@type\":\"PropertyValueSpecification\",\"valueRequired\":true,\"valueName\":\"search_term_string\"}}],\"inLanguage\":\"es\"},{\"@type\":\"Organization\",\"@id\":\"https:\\\/\\\/srokacompany.com\\\/#organization\",\"name\":\"SROKACOMPANY\",\"alternateName\":\"SROKA\",\"url\":\"https:\\\/\\\/srokacompany.com\\\/\",\"logo\":{\"@type\":\"ImageObject\",\"inLanguage\":\"es\",\"@id\":\"https:\\\/\\\/srokacompany.com\\\/#\\\/schema\\\/logo\\\/image\\\/\",\"url\":\"https:\\\/\\\/srokacompany.com\\\/wp-content\\\/uploads\\\/2021\\\/01\\\/logo-sroka-black-transpa.png\",\"contentUrl\":\"https:\\\/\\\/srokacompany.com\\\/wp-content\\\/uploads\\\/2021\\\/01\\\/logo-sroka-black-transpa.png\",\"width\":1201,\"height\":342,\"caption\":\"SROKACOMPANY\"},\"image\":{\"@id\":\"https:\\\/\\\/srokacompany.com\\\/#\\\/schema\\\/logo\\\/image\\\/\"},\"sameAs\":[\"https:\\\/\\\/www.facebook.com\\\/srokawatersports\\\/\",\"https:\\\/\\\/www.instagram.com\\\/srokawatersports\\\/\",\"https:\\\/\\\/www.youtube.com\\\/channel\\\/UCVLHHeaPIm-J5bdEUgxqtZA\"]}]}<\/script>\n<!-- \/ Yoast SEO plugin. -->","yoast_head_json":{"title":"Pala de aluminio ajustable en 2 \u00f3 3 partes - SROKA Company","description":"Pala ajustable Aluminio anodizado para una m\u00e1xima resistencia. La peque\u00f1a hoja reforzada con fibra hace que la pala sea m\u00e1s ligera y resistente.","robots":{"index":"index","follow":"follow","max-snippet":"max-snippet:-1","max-image-preview":"max-image-preview:large","max-video-preview":"max-video-preview:-1"},"canonical":"https:\/\/old.srokacompany.com\/es\/produit\/pala-de-aluminio-ajustable-en-2-o-3-partes\/","og_locale":"es_ES","og_type":"article","og_title":"Pala de aluminio ajustable en 2 \u00f3 3 partes - SROKA Company","og_description":"Pala ajustable Aluminio anodizado para una m\u00e1xima resistencia. La peque\u00f1a hoja reforzada con fibra hace que la pala sea m\u00e1s ligera y resistente.","og_url":"https:\/\/old.srokacompany.com\/es\/produit\/pala-de-aluminio-ajustable-en-2-o-3-partes\/","og_site_name":"SROKA Company","article_publisher":"https:\/\/www.facebook.com\/srokawatersports\/","article_modified_time":"2025-11-21T16:09:30+00:00","og_image":[{"width":780,"height":1040,"url":"https:\/\/srokacompany.com\/wp-content\/uploads\/2018\/01\/pagaie-SUP-aluminium.jpg","type":"image\/jpeg"}],"schema":{"@context":"https:\/\/schema.org","@graph":[{"@type":"WebPage","@id":"https:\/\/old.srokacompany.com\/es\/produit\/pala-de-aluminio-ajustable-en-2-o-3-partes\/","url":"https:\/\/old.srokacompany.com\/es\/produit\/pala-de-aluminio-ajustable-en-2-o-3-partes\/","name":"Pala de aluminio ajustable en 2 \u00f3 3 partes - SROKA Company","isPartOf":{"@id":"https:\/\/srokacompany.com\/#website"},"primaryImageOfPage":{"@id":"https:\/\/old.srokacompany.com\/es\/produit\/pala-de-aluminio-ajustable-en-2-o-3-partes\/#primaryimage"},"image":{"@id":"https:\/\/old.srokacompany.com\/es\/produit\/pala-de-aluminio-ajustable-en-2-o-3-partes\/#primaryimage"},"thumbnailUrl":"https:\/\/old.srokacompany.com\/wp-content\/uploads\/2018\/01\/pagaie-SUP-aluminium.jpg","datePublished":"2018-01-10T06:20:50+00:00","dateModified":"2025-11-21T16:09:30+00:00","description":"Pala ajustable Aluminio anodizado para una m\u00e1xima resistencia. La peque\u00f1a hoja reforzada con fibra hace que la pala sea m\u00e1s ligera y resistente.","breadcrumb":{"@id":"https:\/\/old.srokacompany.com\/es\/produit\/pala-de-aluminio-ajustable-en-2-o-3-partes\/#breadcrumb"},"inLanguage":"es","potentialAction":[{"@type":"ReadAction","target":["https:\/\/old.srokacompany.com\/es\/produit\/pala-de-aluminio-ajustable-en-2-o-3-partes\/"]}]},{"@type":"ImageObject","inLanguage":"es","@id":"https:\/\/old.srokacompany.com\/es\/produit\/pala-de-aluminio-ajustable-en-2-o-3-partes\/#primaryimage","url":"https:\/\/old.srokacompany.com\/wp-content\/uploads\/2018\/01\/pagaie-SUP-aluminium.jpg","contentUrl":"https:\/\/old.srokacompany.com\/wp-content\/uploads\/2018\/01\/pagaie-SUP-aluminium.jpg","width":780,"height":1040,"caption":"Pala de aluminio en dos o tres partes para stand up paddle"},{"@type":"BreadcrumbList","@id":"https:\/\/old.srokacompany.com\/es\/produit\/pala-de-aluminio-ajustable-en-2-o-3-partes\/#breadcrumb","itemListElement":[{"@type":"ListItem","position":1,"name":"Accueil","item":"https:\/\/srokacompany.com\/es\/"},{"@type":"ListItem","position":2,"name":"Tienda","item":"https:\/\/srokacompany.com\/tienda\/"},{"@type":"ListItem","position":3,"name":"Pala de aluminio ajustable en 2 \u00f3 3 partes"}]},{"@type":"WebSite","@id":"https:\/\/srokacompany.com\/#website","url":"https:\/\/srokacompany.com\/","name":"SROKA Company","description":"SUP, Kite, Foil, Wing","publisher":{"@id":"https:\/\/srokacompany.com\/#organization"},"potentialAction":[{"@type":"SearchAction","target":{"@type":"EntryPoint","urlTemplate":"https:\/\/srokacompany.com\/?s={search_term_string}"},"query-input":{"@type":"PropertyValueSpecification","valueRequired":true,"valueName":"search_term_string"}}],"inLanguage":"es"},{"@type":"Organization","@id":"https:\/\/srokacompany.com\/#organization","name":"SROKACOMPANY","alternateName":"SROKA","url":"https:\/\/srokacompany.com\/","logo":{"@type":"ImageObject","inLanguage":"es","@id":"https:\/\/srokacompany.com\/#\/schema\/logo\/image\/","url":"https:\/\/srokacompany.com\/wp-content\/uploads\/2021\/01\/logo-sroka-black-transpa.png","contentUrl":"https:\/\/srokacompany.com\/wp-content\/uploads\/2021\/01\/logo-sroka-black-transpa.png","width":1201,"height":342,"caption":"SROKACOMPANY"},"image":{"@id":"https:\/\/srokacompany.com\/#\/schema\/logo\/image\/"},"sameAs":["https:\/\/www.facebook.com\/srokawatersports\/","https:\/\/www.instagram.com\/srokawatersports\/","https:\/\/www.youtube.com\/channel\/UCVLHHeaPIm-J5bdEUgxqtZA"]}]}},"uagb_featured_image_src":{"full":["https:\/\/old.srokacompany.com\/wp-content\/uploads\/2018\/01\/pagaie-SUP-aluminium.jpg",780,1040,false],"thumbnail":["https:\/\/old.srokacompany.com\/wp-content\/uploads\/2018\/01\/pagaie-SUP-aluminium-150x150.jpg",150,150,true],"medium":["https:\/\/old.srokacompany.com\/wp-content\/uploads\/2018\/01\/pagaie-SUP-aluminium-225x300.jpg",225,300,true],"medium_large":["https:\/\/old.srokacompany.com\/wp-content\/uploads\/2018\/01\/pagaie-SUP-aluminium-768x1024.jpg",768,1024,true],"large":["https:\/\/old.srokacompany.com\/wp-content\/uploads\/2018\/01\/pagaie-SUP-aluminium-768x1024.jpg",768,1024,true],"1536x1536":["https:\/\/old.srokacompany.com\/wp-content\/uploads\/2018\/01\/pagaie-SUP-aluminium.jpg",780,1040,false],"2048x2048":["https:\/\/old.srokacompany.com\/wp-content\/uploads\/2018\/01\/pagaie-SUP-aluminium.jpg",780,1040,false],"woocommerce_thumbnail":["https:\/\/old.srokacompany.com\/wp-content\/uploads\/2018\/01\/pagaie-SUP-aluminium-600x800.jpg",600,800,true],"woocommerce_single":["https:\/\/old.srokacompany.com\/wp-content\/uploads\/2018\/01\/pagaie-SUP-aluminium-600x800.jpg",600,800,true],"woocommerce_gallery_thumbnail":["https:\/\/old.srokacompany.com\/wp-content\/uploads\/2018\/01\/pagaie-SUP-aluminium-100x100.jpg",100,100,true],"dgwt-wcas-product-suggestion":["https:\/\/old.srokacompany.com\/wp-content\/uploads\/2018\/01\/pagaie-SUP-aluminium.jpg",64,85,false]},"uagb_author_info":{"display_name":"Bruno Sroka","author_link":"https:\/\/old.srokacompany.com\/es\/blog\/author\/"},"uagb_comment_info":0,"uagb_excerpt":"El eje de esta pala est\u00e1 hecho de aluminio anodizado para maximizar la resistencia. La peque\u00f1a pala rellena de fibra te aporta ligereza y solidez para ayudarte a descubrir f\u00e1cilmente los placeres del paddle surf. Disponible en 2 partes (ajustable) o 3 partes (ajustable y extra\u00edble) para mayor comodidad. Esta pala de aluminio es ajustable&hellip;","jetpack_sharing_enabled":true,"_links":{"self":[{"href":"https:\/\/old.srokacompany.com\/es\/wp-json\/wp\/v2\/product\/346418","targetHints":{"allow":["GET"]}}],"collection":[{"href":"https:\/\/old.srokacompany.com\/es\/wp-json\/wp\/v2\/product"}],"about":[{"href":"https:\/\/old.srokacompany.com\/es\/wp-json\/wp\/v2\/types\/product"}],"wp:featuredmedia":[{"embeddable":true,"href":"https:\/\/old.srokacompany.com\/es\/wp-json\/wp\/v2\/media\/346419"}],"wp:attachment":[{"href":"https:\/\/old.srokacompany.com\/es\/wp-json\/wp\/v2\/media?parent=346418"}],"wp:term":[{"taxonomy":"product_brand","embeddable":true,"href":"https:\/\/old.srokacompany.com\/es\/wp-json\/wp\/v2\/product_brand?post=346418"},{"taxonomy":"product_cat","embeddable":true,"href":"https:\/\/old.srokacompany.com\/es\/wp-json\/wp\/v2\/product_cat?post=346418"},{"taxonomy":"product_tag","embeddable":true,"href":"https:\/\/old.srokacompany.com\/es\/wp-json\/wp\/v2\/product_tag?post=346418"}],"curies":[{"name":"wp","href":"https:\/\/api.w.org\/{rel}","templated":true}]}}