{"id":346710,"date":"2018-05-16T08:45:41","date_gmt":"2018-05-16T06:45:41","guid":{"rendered":"https:\/\/srokacompany.com\/produit\/kitefoil-de-aluminio-y-pocket-board-pack\/"},"modified":"2025-06-27T00:05:10","modified_gmt":"2025-06-26T22:05:10","slug":"kitefoil-de-aluminio-y-pocket-board-pack","status":"publish","type":"product","link":"https:\/\/old.srokacompany.com\/es\/produit\/kitefoil-de-aluminio-y-pocket-board-pack\/","title":{"rendered":"Kitefoil de aluminio y Pocket Board Pack"},"content":{"rendered":"<hr>\n<h1>Paquete de aluminio Kitefoil &amp; board pocket<\/h1>\n<p>La mejor relaci\u00f3n calidad-precio en el mercado, este <strong>paquete de aluminio Kitefoil y tabla<\/strong> de <strong>bolsillo<\/strong> es perfecto para <strong>aprender a foil, mejorar sus habilidades <\/strong>y<strong> de crucero <\/strong>. Este paquete de aluminio Kitefoil &amp; board pocket te conquistar\u00e1 por su simplicidad y \u00abactualizaci\u00f3n\u00bb. Como el fuselaje tiene las mismas caracter\u00edsticas que el fuselaje Kfoil de carbono, puedes actualizar tus aletas a aletas de carbono en cualquier momento y desarrollar tu foil con el tiempo para seguir progresando mientras te diviertes. <\/p>\n<ul>\n<li><strong>Pocket Board, fabricada en Francia, con doble uso: direccional o Pocket Board para kitefoil y wakefoil<\/strong><\/li>\n<li><strong>Correas y ojales opcionales para uso direccional<\/strong><\/li>\n<li><strong>M\u00e1stil y fuselaje del kitefoil en aluminio de alta calidad, monobloque T6061, anodizado muy denso (60micras)<\/strong><\/li>\n<li><strong>Conexi\u00f3n m\u00e1stil-fuselaje con tornillos M8 para m\u00e1xima rigidez<\/strong><\/li>\n<li><strong>Conjunto aleta-fuselaje id\u00e9ntico al carbono Kfoil, que garantiza una buena rigidez  <\/strong><\/li>\n<li><strong>Aletas G10<\/strong><\/li>\n<li><strong>La superficie de las aletas de 650 cm2 te proporciona una gran sustentaci\u00f3n para ayudarte a ponerte en marcha con facilidad<\/strong><\/li>\n<li><strong>Placa de 160&#215;90 de centro a centro para montar foil en cualquier placa del mercado<\/strong><\/li>\n<li><strong>Posibilidad de montar un m\u00e1stil de carbono y\/o aletas de carbono <a href=\"https:\/\/srokacompany.com\/es\/produit\/k-foil-cometa-foil-carbono\/\">Kfoil<\/a> m\u00e1s adelante<\/strong><\/li>\n<\/ul>\n<p><a href=\"https:\/\/srokacompany.com\/es\/por-que-elegir-las-laminas-sroka\/?v=3a52f3c22ed6\">\u00bfPor qu\u00e9 comprar un SROKA Kitefoil?<\/a><\/p>\n","protected":false},"excerpt":{"rendered":"<p>La mejor relaci\u00f3n calidad-precio en el mercado, este <strong>paquete de aluminio Kitefoil y tabla<\/strong> de <strong>bolsillo<\/strong> es perfecto para <strong>aprender a foil, mejorar sus habilidades <\/strong>y<strong> de crucero <\/strong>. Este paquete de aluminio Kitefoil &amp; board pocket te conquistar\u00e1 por su simplicidad y \u00abactualizaci\u00f3n\u00bb. Como el fuselaje tiene las mismas caracter\u00edsticas que el fuselaje Kfoil de carbono, puedes actualizar tus aletas a aletas de carbono en cualquier momento y desarrollar tu foil con el tiempo para seguir progresando mientras te diviertes. <\/p>\n","protected":false},"featured_media":346722,"template":"","meta":{"_acf_changed":false,"_uag_custom_page_level_css":""},"product_brand":[],"product_cat":[3603],"product_tag":[],"class_list":{"0":"post-346710","1":"product","2":"type-product","3":"status-publish","4":"has-post-thumbnail","6":"product_cat-promos-es","8":"first","9":"outofstock","10":"sale","11":"taxable","12":"shipping-taxable","13":"purchasable","14":"product-type-variable"},"acf":[],"yoast_head":"<!-- This site is optimized with the Yoast SEO plugin v27.4 - https:\/\/yoast.com\/product\/yoast-seo-wordpress\/ -->\n<title>Kitefoil de aluminio y paquete de bolsillo de cart\u00f3n - Foil - SROKA Company<\/title>\n<meta name=\"description\" content=\"NUEVO paquete de aluminio Kitefoil &amp; board pocket perfecto para empezar foil a menor coste: 1200 euros board y foil.\" \/>\n<meta name=\"robots\" content=\"index, follow, max-snippet:-1, max-image-preview:large, max-video-preview:-1\" \/>\n<link rel=\"canonical\" href=\"https:\/\/old.srokacompany.com\/es\/produit\/kitefoil-de-aluminio-y-pocket-board-pack\/\" \/>\n<meta property=\"og:locale\" content=\"es_ES\" \/>\n<meta property=\"og:type\" content=\"article\" \/>\n<meta property=\"og:title\" content=\"Kitefoil de aluminio y paquete de bolsillo de cart\u00f3n - Foil - SROKA Company\" \/>\n<meta property=\"og:description\" content=\"NUEVO paquete de aluminio Kitefoil &amp; board pocket perfecto para empezar foil a menor coste: 1200 euros board y foil.\" \/>\n<meta property=\"og:url\" content=\"https:\/\/old.srokacompany.com\/es\/produit\/kitefoil-de-aluminio-y-pocket-board-pack\/\" \/>\n<meta property=\"og:site_name\" content=\"SROKA Company\" \/>\n<meta property=\"article:publisher\" content=\"https:\/\/www.facebook.com\/srokawatersports\/\" \/>\n<meta property=\"article:modified_time\" content=\"2025-06-26T22:05:10+00:00\" \/>\n<meta property=\"og:image\" content=\"https:\/\/srokacompany.com\/wp-content\/uploads\/2018\/05\/Pack-kite-foil-aluminium-et-pocket-board.jpg\" \/>\n\t<meta property=\"og:image:width\" content=\"780\" \/>\n\t<meta property=\"og:image:height\" content=\"1040\" \/>\n\t<meta property=\"og:image:type\" content=\"image\/jpeg\" \/>\n<meta name=\"twitter:label1\" content=\"Tiempo de lectura\" \/>\n\t<meta name=\"twitter:data1\" content=\"1 minuto\" \/>\n<script type=\"application\/ld+json\" class=\"yoast-schema-graph\">{\"@context\":\"https:\\\/\\\/schema.org\",\"@graph\":[{\"@type\":\"WebPage\",\"@id\":\"https:\\\/\\\/old.srokacompany.com\\\/es\\\/produit\\\/kitefoil-de-aluminio-y-pocket-board-pack\\\/\",\"url\":\"https:\\\/\\\/old.srokacompany.com\\\/es\\\/produit\\\/kitefoil-de-aluminio-y-pocket-board-pack\\\/\",\"name\":\"Kitefoil de aluminio y paquete de bolsillo de cart\u00f3n - Foil - SROKA Company\",\"isPartOf\":{\"@id\":\"https:\\\/\\\/srokacompany.com\\\/#website\"},\"primaryImageOfPage\":{\"@id\":\"https:\\\/\\\/old.srokacompany.com\\\/es\\\/produit\\\/kitefoil-de-aluminio-y-pocket-board-pack\\\/#primaryimage\"},\"image\":{\"@id\":\"https:\\\/\\\/old.srokacompany.com\\\/es\\\/produit\\\/kitefoil-de-aluminio-y-pocket-board-pack\\\/#primaryimage\"},\"thumbnailUrl\":\"https:\\\/\\\/old.srokacompany.com\\\/wp-content\\\/uploads\\\/2018\\\/05\\\/Pack-kite-foil-aluminium-et-pocket-board.jpg\",\"datePublished\":\"2018-05-16T06:45:41+00:00\",\"dateModified\":\"2025-06-26T22:05:10+00:00\",\"description\":\"NUEVO paquete de aluminio Kitefoil & board pocket perfecto para empezar foil a menor coste: 1200 euros board y foil.\",\"breadcrumb\":{\"@id\":\"https:\\\/\\\/old.srokacompany.com\\\/es\\\/produit\\\/kitefoil-de-aluminio-y-pocket-board-pack\\\/#breadcrumb\"},\"inLanguage\":\"es\",\"potentialAction\":[{\"@type\":\"ReadAction\",\"target\":[\"https:\\\/\\\/old.srokacompany.com\\\/es\\\/produit\\\/kitefoil-de-aluminio-y-pocket-board-pack\\\/\"]}]},{\"@type\":\"ImageObject\",\"inLanguage\":\"es\",\"@id\":\"https:\\\/\\\/old.srokacompany.com\\\/es\\\/produit\\\/kitefoil-de-aluminio-y-pocket-board-pack\\\/#primaryimage\",\"url\":\"https:\\\/\\\/old.srokacompany.com\\\/wp-content\\\/uploads\\\/2018\\\/05\\\/Pack-kite-foil-aluminium-et-pocket-board.jpg\",\"contentUrl\":\"https:\\\/\\\/old.srokacompany.com\\\/wp-content\\\/uploads\\\/2018\\\/05\\\/Pack-kite-foil-aluminium-et-pocket-board.jpg\",\"width\":780,\"height\":1040,\"caption\":\"Cometa Pack Foil Sroka\"},{\"@type\":\"BreadcrumbList\",\"@id\":\"https:\\\/\\\/old.srokacompany.com\\\/es\\\/produit\\\/kitefoil-de-aluminio-y-pocket-board-pack\\\/#breadcrumb\",\"itemListElement\":[{\"@type\":\"ListItem\",\"position\":1,\"name\":\"Accueil\",\"item\":\"https:\\\/\\\/srokacompany.com\\\/es\\\/\"},{\"@type\":\"ListItem\",\"position\":2,\"name\":\"Tienda\",\"item\":\"https:\\\/\\\/srokacompany.com\\\/tienda\\\/\"},{\"@type\":\"ListItem\",\"position\":3,\"name\":\"Kitefoil de aluminio y Pocket Board Pack\"}]},{\"@type\":\"WebSite\",\"@id\":\"https:\\\/\\\/srokacompany.com\\\/#website\",\"url\":\"https:\\\/\\\/srokacompany.com\\\/\",\"name\":\"SROKA Company\",\"description\":\"SUP, Kite, Foil, Wing\",\"publisher\":{\"@id\":\"https:\\\/\\\/srokacompany.com\\\/#organization\"},\"potentialAction\":[{\"@type\":\"SearchAction\",\"target\":{\"@type\":\"EntryPoint\",\"urlTemplate\":\"https:\\\/\\\/srokacompany.com\\\/?s={search_term_string}\"},\"query-input\":{\"@type\":\"PropertyValueSpecification\",\"valueRequired\":true,\"valueName\":\"search_term_string\"}}],\"inLanguage\":\"es\"},{\"@type\":\"Organization\",\"@id\":\"https:\\\/\\\/srokacompany.com\\\/#organization\",\"name\":\"SROKACOMPANY\",\"alternateName\":\"SROKA\",\"url\":\"https:\\\/\\\/srokacompany.com\\\/\",\"logo\":{\"@type\":\"ImageObject\",\"inLanguage\":\"es\",\"@id\":\"https:\\\/\\\/srokacompany.com\\\/#\\\/schema\\\/logo\\\/image\\\/\",\"url\":\"https:\\\/\\\/srokacompany.com\\\/wp-content\\\/uploads\\\/2021\\\/01\\\/logo-sroka-black-transpa.png\",\"contentUrl\":\"https:\\\/\\\/srokacompany.com\\\/wp-content\\\/uploads\\\/2021\\\/01\\\/logo-sroka-black-transpa.png\",\"width\":1201,\"height\":342,\"caption\":\"SROKACOMPANY\"},\"image\":{\"@id\":\"https:\\\/\\\/srokacompany.com\\\/#\\\/schema\\\/logo\\\/image\\\/\"},\"sameAs\":[\"https:\\\/\\\/www.facebook.com\\\/srokawatersports\\\/\",\"https:\\\/\\\/www.instagram.com\\\/srokawatersports\\\/\",\"https:\\\/\\\/www.youtube.com\\\/channel\\\/UCVLHHeaPIm-J5bdEUgxqtZA\"]}]}<\/script>\n<!-- \/ Yoast SEO plugin. -->","yoast_head_json":{"title":"Kitefoil de aluminio y paquete de bolsillo de cart\u00f3n - Foil - SROKA Company","description":"NUEVO paquete de aluminio Kitefoil & board pocket perfecto para empezar foil a menor coste: 1200 euros board y foil.","robots":{"index":"index","follow":"follow","max-snippet":"max-snippet:-1","max-image-preview":"max-image-preview:large","max-video-preview":"max-video-preview:-1"},"canonical":"https:\/\/old.srokacompany.com\/es\/produit\/kitefoil-de-aluminio-y-pocket-board-pack\/","og_locale":"es_ES","og_type":"article","og_title":"Kitefoil de aluminio y paquete de bolsillo de cart\u00f3n - Foil - SROKA Company","og_description":"NUEVO paquete de aluminio Kitefoil & board pocket perfecto para empezar foil a menor coste: 1200 euros board y foil.","og_url":"https:\/\/old.srokacompany.com\/es\/produit\/kitefoil-de-aluminio-y-pocket-board-pack\/","og_site_name":"SROKA Company","article_publisher":"https:\/\/www.facebook.com\/srokawatersports\/","article_modified_time":"2025-06-26T22:05:10+00:00","og_image":[{"width":780,"height":1040,"url":"https:\/\/srokacompany.com\/wp-content\/uploads\/2018\/05\/Pack-kite-foil-aluminium-et-pocket-board.jpg","type":"image\/jpeg"}],"twitter_misc":{"Tiempo de lectura":"1 minuto"},"schema":{"@context":"https:\/\/schema.org","@graph":[{"@type":"WebPage","@id":"https:\/\/old.srokacompany.com\/es\/produit\/kitefoil-de-aluminio-y-pocket-board-pack\/","url":"https:\/\/old.srokacompany.com\/es\/produit\/kitefoil-de-aluminio-y-pocket-board-pack\/","name":"Kitefoil de aluminio y paquete de bolsillo de cart\u00f3n - Foil - SROKA Company","isPartOf":{"@id":"https:\/\/srokacompany.com\/#website"},"primaryImageOfPage":{"@id":"https:\/\/old.srokacompany.com\/es\/produit\/kitefoil-de-aluminio-y-pocket-board-pack\/#primaryimage"},"image":{"@id":"https:\/\/old.srokacompany.com\/es\/produit\/kitefoil-de-aluminio-y-pocket-board-pack\/#primaryimage"},"thumbnailUrl":"https:\/\/old.srokacompany.com\/wp-content\/uploads\/2018\/05\/Pack-kite-foil-aluminium-et-pocket-board.jpg","datePublished":"2018-05-16T06:45:41+00:00","dateModified":"2025-06-26T22:05:10+00:00","description":"NUEVO paquete de aluminio Kitefoil & board pocket perfecto para empezar foil a menor coste: 1200 euros board y foil.","breadcrumb":{"@id":"https:\/\/old.srokacompany.com\/es\/produit\/kitefoil-de-aluminio-y-pocket-board-pack\/#breadcrumb"},"inLanguage":"es","potentialAction":[{"@type":"ReadAction","target":["https:\/\/old.srokacompany.com\/es\/produit\/kitefoil-de-aluminio-y-pocket-board-pack\/"]}]},{"@type":"ImageObject","inLanguage":"es","@id":"https:\/\/old.srokacompany.com\/es\/produit\/kitefoil-de-aluminio-y-pocket-board-pack\/#primaryimage","url":"https:\/\/old.srokacompany.com\/wp-content\/uploads\/2018\/05\/Pack-kite-foil-aluminium-et-pocket-board.jpg","contentUrl":"https:\/\/old.srokacompany.com\/wp-content\/uploads\/2018\/05\/Pack-kite-foil-aluminium-et-pocket-board.jpg","width":780,"height":1040,"caption":"Cometa Pack Foil Sroka"},{"@type":"BreadcrumbList","@id":"https:\/\/old.srokacompany.com\/es\/produit\/kitefoil-de-aluminio-y-pocket-board-pack\/#breadcrumb","itemListElement":[{"@type":"ListItem","position":1,"name":"Accueil","item":"https:\/\/srokacompany.com\/es\/"},{"@type":"ListItem","position":2,"name":"Tienda","item":"https:\/\/srokacompany.com\/tienda\/"},{"@type":"ListItem","position":3,"name":"Kitefoil de aluminio y Pocket Board Pack"}]},{"@type":"WebSite","@id":"https:\/\/srokacompany.com\/#website","url":"https:\/\/srokacompany.com\/","name":"SROKA Company","description":"SUP, Kite, Foil, Wing","publisher":{"@id":"https:\/\/srokacompany.com\/#organization"},"potentialAction":[{"@type":"SearchAction","target":{"@type":"EntryPoint","urlTemplate":"https:\/\/srokacompany.com\/?s={search_term_string}"},"query-input":{"@type":"PropertyValueSpecification","valueRequired":true,"valueName":"search_term_string"}}],"inLanguage":"es"},{"@type":"Organization","@id":"https:\/\/srokacompany.com\/#organization","name":"SROKACOMPANY","alternateName":"SROKA","url":"https:\/\/srokacompany.com\/","logo":{"@type":"ImageObject","inLanguage":"es","@id":"https:\/\/srokacompany.com\/#\/schema\/logo\/image\/","url":"https:\/\/srokacompany.com\/wp-content\/uploads\/2021\/01\/logo-sroka-black-transpa.png","contentUrl":"https:\/\/srokacompany.com\/wp-content\/uploads\/2021\/01\/logo-sroka-black-transpa.png","width":1201,"height":342,"caption":"SROKACOMPANY"},"image":{"@id":"https:\/\/srokacompany.com\/#\/schema\/logo\/image\/"},"sameAs":["https:\/\/www.facebook.com\/srokawatersports\/","https:\/\/www.instagram.com\/srokawatersports\/","https:\/\/www.youtube.com\/channel\/UCVLHHeaPIm-J5bdEUgxqtZA"]}]}},"uagb_featured_image_src":{"full":["https:\/\/old.srokacompany.com\/wp-content\/uploads\/2018\/05\/Pack-kite-foil-aluminium-et-pocket-board.jpg",780,1040,false],"thumbnail":["https:\/\/old.srokacompany.com\/wp-content\/uploads\/2018\/05\/Pack-kite-foil-aluminium-et-pocket-board-150x150.jpg",150,150,true],"medium":["https:\/\/old.srokacompany.com\/wp-content\/uploads\/2018\/05\/Pack-kite-foil-aluminium-et-pocket-board-225x300.jpg",225,300,true],"medium_large":["https:\/\/old.srokacompany.com\/wp-content\/uploads\/2018\/05\/Pack-kite-foil-aluminium-et-pocket-board-768x1024.jpg",768,1024,true],"large":["https:\/\/old.srokacompany.com\/wp-content\/uploads\/2018\/05\/Pack-kite-foil-aluminium-et-pocket-board-768x1024.jpg",768,1024,true],"1536x1536":["https:\/\/old.srokacompany.com\/wp-content\/uploads\/2018\/05\/Pack-kite-foil-aluminium-et-pocket-board.jpg",780,1040,false],"2048x2048":["https:\/\/old.srokacompany.com\/wp-content\/uploads\/2018\/05\/Pack-kite-foil-aluminium-et-pocket-board.jpg",780,1040,false],"woocommerce_thumbnail":["https:\/\/old.srokacompany.com\/wp-content\/uploads\/2018\/05\/Pack-kite-foil-aluminium-et-pocket-board-600x800.jpg",600,800,true],"woocommerce_single":["https:\/\/old.srokacompany.com\/wp-content\/uploads\/2018\/05\/Pack-kite-foil-aluminium-et-pocket-board-600x800.jpg",600,800,true],"woocommerce_gallery_thumbnail":["https:\/\/old.srokacompany.com\/wp-content\/uploads\/2018\/05\/Pack-kite-foil-aluminium-et-pocket-board-100x100.jpg",100,100,true],"dgwt-wcas-product-suggestion":["https:\/\/old.srokacompany.com\/wp-content\/uploads\/2018\/05\/Pack-kite-foil-aluminium-et-pocket-board.jpg",64,85,false]},"uagb_author_info":{"display_name":"Bruno Sroka","author_link":"https:\/\/old.srokacompany.com\/es\/blog\/author\/"},"uagb_comment_info":0,"uagb_excerpt":"La mejor relaci\u00f3n calidad-precio en el mercado, este paquete de aluminio Kitefoil y tabla de bolsillo es perfecto para aprender a foil, mejorar sus habilidades y de crucero . Este paquete de aluminio Kitefoil &amp; board pocket te conquistar\u00e1 por su simplicidad y \"actualizaci\u00f3n\". Como el fuselaje tiene las mismas caracter\u00edsticas que el fuselaje Kfoil&hellip;","jetpack_sharing_enabled":true,"_links":{"self":[{"href":"https:\/\/old.srokacompany.com\/es\/wp-json\/wp\/v2\/product\/346710","targetHints":{"allow":["GET"]}}],"collection":[{"href":"https:\/\/old.srokacompany.com\/es\/wp-json\/wp\/v2\/product"}],"about":[{"href":"https:\/\/old.srokacompany.com\/es\/wp-json\/wp\/v2\/types\/product"}],"wp:featuredmedia":[{"embeddable":true,"href":"https:\/\/old.srokacompany.com\/es\/wp-json\/wp\/v2\/media\/346722"}],"wp:attachment":[{"href":"https:\/\/old.srokacompany.com\/es\/wp-json\/wp\/v2\/media?parent=346710"}],"wp:term":[{"taxonomy":"product_brand","embeddable":true,"href":"https:\/\/old.srokacompany.com\/es\/wp-json\/wp\/v2\/product_brand?post=346710"},{"taxonomy":"product_cat","embeddable":true,"href":"https:\/\/old.srokacompany.com\/es\/wp-json\/wp\/v2\/product_cat?post=346710"},{"taxonomy":"product_tag","embeddable":true,"href":"https:\/\/old.srokacompany.com\/es\/wp-json\/wp\/v2\/product_tag?post=346710"}],"curies":[{"name":"wp","href":"https:\/\/api.w.org\/{rel}","templated":true}]}}