{"id":347207,"date":"2017-04-24T07:24:51","date_gmt":"2017-04-24T07:24:51","guid":{"rendered":"https:\/\/srokacompany.com\/produit\/stand-up-paddle-duo\/"},"modified":"2026-02-06T19:47:23","modified_gmt":"2026-02-06T17:47:23","slug":"stand-up-paddle-duo","status":"publish","type":"product","link":"https:\/\/old.srokacompany.com\/es\/produit\/stand-up-paddle-duo\/","title":{"rendered":"Stand up Paddle DUO"},"content":{"rendered":"<p data-path-to-node=\"0\">\n<p data-path-to-node=\"0\">\n<h2 data-path-to-node=\"3\">\u00bfPor qu\u00e9 elegir el Stand up paddle Tandem Duo para tus salidas?<\/h2>\n<p data-path-to-node=\"4\">El <b data-path-to-node=\"4\" data-index-in-node=\"3\">Stand up paddle Tandem Duo<\/b> es la tabla ideal para compartir tus aventuras en el agua con la familia o los amigos. <b data-path-to-node=\"4\" data-index-in-node=\"116\">Su<\/b> dise\u00f1o especial ofrece una estabilidad excepcional, permitiendo a dos remeros navegar en perfecta sincron\u00eda. <b data-path-to-node=\"4\" data-index-in-node=\"254\">Adem\u00e1s<\/b>, gracias a nuestra tecnolog\u00eda Fusion de doble capa, esta tabla de stand-up garantiza la m\u00e1xima rigidez sin dejar de ser ligera y f\u00e1cil de transportar una vez desinflada.<\/p>\n<h3 data-path-to-node=\"5\">Estabilidad optimizada en el Stand up paddle Tandem Duo<\/h3>\n<p data-path-to-node=\"6\">Como <b data-path-to-node=\"6\" data-index-in-node=\"0\">resultado,<\/b> este modelo es igualmente adecuado para principiantes y navegantes habituales que deseen navegar juntos en la misma plataforma. <b data-path-to-node=\"6\" data-index-in-node=\"157\">Por eso<\/b> hemos optimizado su anchura de 31&#8243;, que proporciona una base segura incluso en aguas agitadas. <b data-path-to-node=\"6\" data-index-in-node=\"266\">Adem\u00e1s<\/b>, esta generosa anchura permite acomodar c\u00f3modamente a dos adultos o a un padre con ni\u00f1os para una salida <b data-path-to-node=\"6\" data-index-in-node=\"415\">familiar<\/b> en <b data-path-to-node=\"6\" data-index-in-node=\"415\">esta tabla<\/b>.<\/p>\n<h3 data-path-to-node=\"7\">La construcci\u00f3n de alta gama de nuestro SUP Tandem<\/h3>\n<p data-path-to-node=\"8\">La calidad Sroka se aprecia en cada detalle de su equipamiento. El uso <b data-path-to-node=\"8\" data-index-in-node=\"69\">de<\/b> PVC de alta calidad y de empu\u00f1aduras reforzadas garantiza la durabilidad de su <b data-path-to-node=\"8\" data-index-in-node=\"177\">cuadro<\/b> incluso con un uso intensivo. <b data-path-to-node=\"8\" data-index-in-node=\"229\">Por \u00faltimo,<\/b> la comodidad de las dos zonas de navegaci\u00f3n est\u00e1 garantizada por una almohadilla de EVA antideslizante, que le permitir\u00e1 remar durante varias horas sin fatiga excesiva.<\/p>\n<h4 data-path-to-node=\"9\">Equipamiento completo para su Stand up paddle Tandem Duo<\/h4>\n<p data-path-to-node=\"10\">Las almohadillas Eva en relieve son extremadamente c\u00f3modas para los pies y proporcionan un excelente agarre para todas las maniobras. <b data-path-to-node=\"10\" data-index-in-node=\"114\">Adem\u00e1s<\/b>, no le decepcionar\u00e1 su aspecto inusual y su acabado de calidad. Su red de cubierta permite fijar una peque\u00f1a bolsa de transporte. Una <b data-path-to-node=\"10\" data-index-in-node=\"278\">vez terminada la sesi\u00f3n<\/b>, el SUP desinflado se guarda f\u00e1cilmente en la bolsa de transporte SROKA. <b data-path-to-node=\"10\" data-index-in-node=\"374\">Adem\u00e1s<\/b>, la calidad y la comodidad de la bolsa te har\u00e1n olvidar que llevas una tabla tan grande. <\/p>\n<h3><a href=\"https:\/\/srokacompany.com\/es\/por-que-elegir-las-placas-sroka\/\" target=\"_blank\" rel=\"noopener noreferrer\">Por qu\u00e9 elegir los productos SROKA<\/a><\/h3>\n<p class=\"p2\"><span class=\"s1\">  Para garantizar su seguridad en el mar, le aconsejamos que consulte las <a class=\"ng-star-inserted\" href=\"https:\/\/www.google.com\/search?q=https:\/\/www.snsm.org\/conseils\/conseils-paddle\" target=\"_blank\" rel=\"noopener\">reglas de navegaci\u00f3n de la SNSM<\/a> antes de cada salida en su <b data-path-to-node=\"14\" data-index-in-node=\"195\">Stand up paddle Tandem Duo<\/b>.<\/span><\/p>\n","protected":false},"excerpt":{"rendered":"<p>P\u00e1del d\u00fao, de 2 a 4 personas<\/p>\n","protected":false},"featured_media":347209,"template":"","meta":{"_acf_changed":false,"_uag_custom_page_level_css":""},"product_brand":[],"product_cat":[3888,3612],"product_tag":[3429,3450,3427],"class_list":{"0":"post-347207","1":"product","2":"type-product","3":"status-publish","4":"has-post-thumbnail","6":"product_cat-junta-de-sup","7":"product_cat-palas-hinchables","8":"product_tag-avanzado","9":"product_tag-experto","10":"product_tag-ingenioso","11":"product_shipping_class-sup-unidad","13":"first","14":"outofstock","15":"purchasable","16":"product-type-simple"},"acf":[],"yoast_head":"<!-- This site is optimized with the Yoast SEO plugin v27.4 - https:\/\/yoast.com\/product\/yoast-seo-wordpress\/ -->\n<title>Stand up paddle Duo Tandem | Sroka Company<\/title>\n<meta name=\"description\" content=\"Descubre el Stand up paddle t\u00e1ndem Sroka Duo. Un SUP hinchable ultraestable para 2 a 4 personas, ideal para salidas en familia.\" \/>\n<meta name=\"robots\" content=\"index, follow, max-snippet:-1, max-image-preview:large, max-video-preview:-1\" \/>\n<link rel=\"canonical\" href=\"https:\/\/old.srokacompany.com\/es\/produit\/stand-up-paddle-duo\/\" \/>\n<meta property=\"og:locale\" content=\"es_ES\" \/>\n<meta property=\"og:type\" content=\"article\" \/>\n<meta property=\"og:title\" content=\"Stand up paddle Duo Tandem | Sroka Company\" \/>\n<meta property=\"og:description\" content=\"Descubre el Stand up paddle t\u00e1ndem Sroka Duo. Un SUP hinchable ultraestable para 2 a 4 personas, ideal para salidas en familia.\" \/>\n<meta property=\"og:url\" content=\"https:\/\/old.srokacompany.com\/es\/produit\/stand-up-paddle-duo\/\" \/>\n<meta property=\"og:site_name\" content=\"SROKA Company\" \/>\n<meta property=\"article:publisher\" content=\"https:\/\/www.facebook.com\/srokawatersports\/\" \/>\n<meta property=\"article:modified_time\" content=\"2026-02-06T17:47:23+00:00\" \/>\n<meta property=\"og:image\" content=\"https:\/\/srokacompany.com\/wp-content\/uploads\/2017\/04\/duo-2-scaled.jpg\" \/>\n\t<meta property=\"og:image:width\" content=\"1920\" \/>\n\t<meta property=\"og:image:height\" content=\"2560\" \/>\n\t<meta property=\"og:image:type\" content=\"image\/jpeg\" \/>\n<meta name=\"twitter:label1\" content=\"Tiempo de lectura\" \/>\n\t<meta name=\"twitter:data1\" content=\"2 minutos\" \/>\n<script type=\"application\/ld+json\" class=\"yoast-schema-graph\">{\"@context\":\"https:\\\/\\\/schema.org\",\"@graph\":[{\"@type\":\"WebPage\",\"@id\":\"https:\\\/\\\/old.srokacompany.com\\\/es\\\/produit\\\/stand-up-paddle-duo\\\/\",\"url\":\"https:\\\/\\\/old.srokacompany.com\\\/es\\\/produit\\\/stand-up-paddle-duo\\\/\",\"name\":\"Stand up paddle Duo Tandem | Sroka Company\",\"isPartOf\":{\"@id\":\"https:\\\/\\\/srokacompany.com\\\/#website\"},\"primaryImageOfPage\":{\"@id\":\"https:\\\/\\\/old.srokacompany.com\\\/es\\\/produit\\\/stand-up-paddle-duo\\\/#primaryimage\"},\"image\":{\"@id\":\"https:\\\/\\\/old.srokacompany.com\\\/es\\\/produit\\\/stand-up-paddle-duo\\\/#primaryimage\"},\"thumbnailUrl\":\"https:\\\/\\\/old.srokacompany.com\\\/wp-content\\\/uploads\\\/2017\\\/04\\\/duo-2-scaled.jpg\",\"datePublished\":\"2017-04-24T07:24:51+00:00\",\"dateModified\":\"2026-02-06T17:47:23+00:00\",\"description\":\"Descubre el Stand up paddle t\u00e1ndem Sroka Duo. Un SUP hinchable ultraestable para 2 a 4 personas, ideal para salidas en familia.\",\"breadcrumb\":{\"@id\":\"https:\\\/\\\/old.srokacompany.com\\\/es\\\/produit\\\/stand-up-paddle-duo\\\/#breadcrumb\"},\"inLanguage\":\"es\",\"potentialAction\":[{\"@type\":\"ReadAction\",\"target\":[\"https:\\\/\\\/old.srokacompany.com\\\/es\\\/produit\\\/stand-up-paddle-duo\\\/\"]}]},{\"@type\":\"ImageObject\",\"inLanguage\":\"es\",\"@id\":\"https:\\\/\\\/old.srokacompany.com\\\/es\\\/produit\\\/stand-up-paddle-duo\\\/#primaryimage\",\"url\":\"https:\\\/\\\/old.srokacompany.com\\\/wp-content\\\/uploads\\\/2017\\\/04\\\/duo-2-scaled.jpg\",\"contentUrl\":\"https:\\\/\\\/old.srokacompany.com\\\/wp-content\\\/uploads\\\/2017\\\/04\\\/duo-2-scaled.jpg\",\"width\":1920,\"height\":2560,\"caption\":\"Stand up paddle t\u00e1ndem Duo Sroka hinchable para 2 \u00f3 4 personas\"},{\"@type\":\"BreadcrumbList\",\"@id\":\"https:\\\/\\\/old.srokacompany.com\\\/es\\\/produit\\\/stand-up-paddle-duo\\\/#breadcrumb\",\"itemListElement\":[{\"@type\":\"ListItem\",\"position\":1,\"name\":\"Accueil\",\"item\":\"https:\\\/\\\/srokacompany.com\\\/es\\\/\"},{\"@type\":\"ListItem\",\"position\":2,\"name\":\"Tienda\",\"item\":\"https:\\\/\\\/srokacompany.com\\\/tienda\\\/\"},{\"@type\":\"ListItem\",\"position\":3,\"name\":\"Stand up Paddle DUO\"}]},{\"@type\":\"WebSite\",\"@id\":\"https:\\\/\\\/srokacompany.com\\\/#website\",\"url\":\"https:\\\/\\\/srokacompany.com\\\/\",\"name\":\"SROKA Company\",\"description\":\"SUP, Kite, Foil, Wing\",\"publisher\":{\"@id\":\"https:\\\/\\\/srokacompany.com\\\/#organization\"},\"potentialAction\":[{\"@type\":\"SearchAction\",\"target\":{\"@type\":\"EntryPoint\",\"urlTemplate\":\"https:\\\/\\\/srokacompany.com\\\/?s={search_term_string}\"},\"query-input\":{\"@type\":\"PropertyValueSpecification\",\"valueRequired\":true,\"valueName\":\"search_term_string\"}}],\"inLanguage\":\"es\"},{\"@type\":\"Organization\",\"@id\":\"https:\\\/\\\/srokacompany.com\\\/#organization\",\"name\":\"SROKACOMPANY\",\"alternateName\":\"SROKA\",\"url\":\"https:\\\/\\\/srokacompany.com\\\/\",\"logo\":{\"@type\":\"ImageObject\",\"inLanguage\":\"es\",\"@id\":\"https:\\\/\\\/srokacompany.com\\\/#\\\/schema\\\/logo\\\/image\\\/\",\"url\":\"https:\\\/\\\/srokacompany.com\\\/wp-content\\\/uploads\\\/2021\\\/01\\\/logo-sroka-black-transpa.png\",\"contentUrl\":\"https:\\\/\\\/srokacompany.com\\\/wp-content\\\/uploads\\\/2021\\\/01\\\/logo-sroka-black-transpa.png\",\"width\":1201,\"height\":342,\"caption\":\"SROKACOMPANY\"},\"image\":{\"@id\":\"https:\\\/\\\/srokacompany.com\\\/#\\\/schema\\\/logo\\\/image\\\/\"},\"sameAs\":[\"https:\\\/\\\/www.facebook.com\\\/srokawatersports\\\/\",\"https:\\\/\\\/www.instagram.com\\\/srokawatersports\\\/\",\"https:\\\/\\\/www.youtube.com\\\/channel\\\/UCVLHHeaPIm-J5bdEUgxqtZA\"]}]}<\/script>\n<!-- \/ Yoast SEO plugin. -->","yoast_head_json":{"title":"Stand up paddle Duo Tandem | Sroka Company","description":"Descubre el Stand up paddle t\u00e1ndem Sroka Duo. Un SUP hinchable ultraestable para 2 a 4 personas, ideal para salidas en familia.","robots":{"index":"index","follow":"follow","max-snippet":"max-snippet:-1","max-image-preview":"max-image-preview:large","max-video-preview":"max-video-preview:-1"},"canonical":"https:\/\/old.srokacompany.com\/es\/produit\/stand-up-paddle-duo\/","og_locale":"es_ES","og_type":"article","og_title":"Stand up paddle Duo Tandem | Sroka Company","og_description":"Descubre el Stand up paddle t\u00e1ndem Sroka Duo. Un SUP hinchable ultraestable para 2 a 4 personas, ideal para salidas en familia.","og_url":"https:\/\/old.srokacompany.com\/es\/produit\/stand-up-paddle-duo\/","og_site_name":"SROKA Company","article_publisher":"https:\/\/www.facebook.com\/srokawatersports\/","article_modified_time":"2026-02-06T17:47:23+00:00","og_image":[{"width":1920,"height":2560,"url":"https:\/\/srokacompany.com\/wp-content\/uploads\/2017\/04\/duo-2-scaled.jpg","type":"image\/jpeg"}],"twitter_misc":{"Tiempo de lectura":"2 minutos"},"schema":{"@context":"https:\/\/schema.org","@graph":[{"@type":"WebPage","@id":"https:\/\/old.srokacompany.com\/es\/produit\/stand-up-paddle-duo\/","url":"https:\/\/old.srokacompany.com\/es\/produit\/stand-up-paddle-duo\/","name":"Stand up paddle Duo Tandem | Sroka Company","isPartOf":{"@id":"https:\/\/srokacompany.com\/#website"},"primaryImageOfPage":{"@id":"https:\/\/old.srokacompany.com\/es\/produit\/stand-up-paddle-duo\/#primaryimage"},"image":{"@id":"https:\/\/old.srokacompany.com\/es\/produit\/stand-up-paddle-duo\/#primaryimage"},"thumbnailUrl":"https:\/\/old.srokacompany.com\/wp-content\/uploads\/2017\/04\/duo-2-scaled.jpg","datePublished":"2017-04-24T07:24:51+00:00","dateModified":"2026-02-06T17:47:23+00:00","description":"Descubre el Stand up paddle t\u00e1ndem Sroka Duo. Un SUP hinchable ultraestable para 2 a 4 personas, ideal para salidas en familia.","breadcrumb":{"@id":"https:\/\/old.srokacompany.com\/es\/produit\/stand-up-paddle-duo\/#breadcrumb"},"inLanguage":"es","potentialAction":[{"@type":"ReadAction","target":["https:\/\/old.srokacompany.com\/es\/produit\/stand-up-paddle-duo\/"]}]},{"@type":"ImageObject","inLanguage":"es","@id":"https:\/\/old.srokacompany.com\/es\/produit\/stand-up-paddle-duo\/#primaryimage","url":"https:\/\/old.srokacompany.com\/wp-content\/uploads\/2017\/04\/duo-2-scaled.jpg","contentUrl":"https:\/\/old.srokacompany.com\/wp-content\/uploads\/2017\/04\/duo-2-scaled.jpg","width":1920,"height":2560,"caption":"Stand up paddle t\u00e1ndem Duo Sroka hinchable para 2 \u00f3 4 personas"},{"@type":"BreadcrumbList","@id":"https:\/\/old.srokacompany.com\/es\/produit\/stand-up-paddle-duo\/#breadcrumb","itemListElement":[{"@type":"ListItem","position":1,"name":"Accueil","item":"https:\/\/srokacompany.com\/es\/"},{"@type":"ListItem","position":2,"name":"Tienda","item":"https:\/\/srokacompany.com\/tienda\/"},{"@type":"ListItem","position":3,"name":"Stand up Paddle DUO"}]},{"@type":"WebSite","@id":"https:\/\/srokacompany.com\/#website","url":"https:\/\/srokacompany.com\/","name":"SROKA Company","description":"SUP, Kite, Foil, Wing","publisher":{"@id":"https:\/\/srokacompany.com\/#organization"},"potentialAction":[{"@type":"SearchAction","target":{"@type":"EntryPoint","urlTemplate":"https:\/\/srokacompany.com\/?s={search_term_string}"},"query-input":{"@type":"PropertyValueSpecification","valueRequired":true,"valueName":"search_term_string"}}],"inLanguage":"es"},{"@type":"Organization","@id":"https:\/\/srokacompany.com\/#organization","name":"SROKACOMPANY","alternateName":"SROKA","url":"https:\/\/srokacompany.com\/","logo":{"@type":"ImageObject","inLanguage":"es","@id":"https:\/\/srokacompany.com\/#\/schema\/logo\/image\/","url":"https:\/\/srokacompany.com\/wp-content\/uploads\/2021\/01\/logo-sroka-black-transpa.png","contentUrl":"https:\/\/srokacompany.com\/wp-content\/uploads\/2021\/01\/logo-sroka-black-transpa.png","width":1201,"height":342,"caption":"SROKACOMPANY"},"image":{"@id":"https:\/\/srokacompany.com\/#\/schema\/logo\/image\/"},"sameAs":["https:\/\/www.facebook.com\/srokawatersports\/","https:\/\/www.instagram.com\/srokawatersports\/","https:\/\/www.youtube.com\/channel\/UCVLHHeaPIm-J5bdEUgxqtZA"]}]}},"uagb_featured_image_src":{"full":["https:\/\/old.srokacompany.com\/wp-content\/uploads\/2017\/04\/duo-2-scaled.jpg",1920,2560,false],"thumbnail":["https:\/\/old.srokacompany.com\/wp-content\/uploads\/2017\/04\/duo-2-150x150.jpg",150,150,true],"medium":["https:\/\/old.srokacompany.com\/wp-content\/uploads\/2017\/04\/duo-2-225x300.jpg",225,300,true],"medium_large":["https:\/\/old.srokacompany.com\/wp-content\/uploads\/2017\/04\/duo-2-768x1024.jpg",768,1024,true],"large":["https:\/\/old.srokacompany.com\/wp-content\/uploads\/2017\/04\/duo-2-768x1024.jpg",768,1024,true],"1536x1536":["https:\/\/old.srokacompany.com\/wp-content\/uploads\/2017\/04\/duo-2-1152x1536.jpg",1152,1536,true],"2048x2048":["https:\/\/old.srokacompany.com\/wp-content\/uploads\/2017\/04\/duo-2-1536x2048.jpg",1536,2048,true],"woocommerce_thumbnail":["https:\/\/old.srokacompany.com\/wp-content\/uploads\/2017\/04\/duo-2-600x800.jpg",600,800,true],"woocommerce_single":["https:\/\/old.srokacompany.com\/wp-content\/uploads\/2017\/04\/duo-2-600x800.jpg",600,800,true],"woocommerce_gallery_thumbnail":["https:\/\/old.srokacompany.com\/wp-content\/uploads\/2017\/04\/duo-2-100x100.jpg",100,100,true],"dgwt-wcas-product-suggestion":["https:\/\/old.srokacompany.com\/wp-content\/uploads\/2017\/04\/duo-2-scaled.jpg",64,85,false]},"uagb_author_info":{"display_name":"matthieumilliot_xd7qukoc","author_link":"https:\/\/old.srokacompany.com\/es\/blog\/author\/"},"uagb_comment_info":0,"uagb_excerpt":"P\u00e1del d\u00fao, de 2 a 4 personas","jetpack_sharing_enabled":true,"_links":{"self":[{"href":"https:\/\/old.srokacompany.com\/es\/wp-json\/wp\/v2\/product\/347207","targetHints":{"allow":["GET"]}}],"collection":[{"href":"https:\/\/old.srokacompany.com\/es\/wp-json\/wp\/v2\/product"}],"about":[{"href":"https:\/\/old.srokacompany.com\/es\/wp-json\/wp\/v2\/types\/product"}],"wp:featuredmedia":[{"embeddable":true,"href":"https:\/\/old.srokacompany.com\/es\/wp-json\/wp\/v2\/media\/347209"}],"wp:attachment":[{"href":"https:\/\/old.srokacompany.com\/es\/wp-json\/wp\/v2\/media?parent=347207"}],"wp:term":[{"taxonomy":"product_brand","embeddable":true,"href":"https:\/\/old.srokacompany.com\/es\/wp-json\/wp\/v2\/product_brand?post=347207"},{"taxonomy":"product_cat","embeddable":true,"href":"https:\/\/old.srokacompany.com\/es\/wp-json\/wp\/v2\/product_cat?post=347207"},{"taxonomy":"product_tag","embeddable":true,"href":"https:\/\/old.srokacompany.com\/es\/wp-json\/wp\/v2\/product_tag?post=347207"}],"curies":[{"name":"wp","href":"https:\/\/api.w.org\/{rel}","templated":true}]}}