{"id":347858,"date":"2017-05-10T17:40:45","date_gmt":"2017-05-10T15:40:45","guid":{"rendered":"https:\/\/srokacompany.com\/produit\/k-foil-cometa-foil-carbono\/"},"modified":"2025-06-27T00:07:25","modified_gmt":"2025-06-26T22:07:25","slug":"k-foil-cometa-foil-carbono","status":"publish","type":"product","link":"https:\/\/old.srokacompany.com\/es\/produit\/k-foil-cometa-foil-carbono\/","title":{"rendered":"K-Foil &#8211; Cometa Foil carbono"},"content":{"rendered":"<p>Lo \u00fanico que la SROKA v3 KiteFoil tiene en com\u00fan con sus dos predecesoras es la facilidad de acceso.<br \/>\nEl 100% de las piezas han sido pensadas, dise\u00f1adas y optimizadas espec\u00edficamente para esta nueva foil.<br \/>\nLa rigidez y el rendimiento han sido dos de los principales focos de desarrollo.<\/p>\n<p>Estamos orgullosos de presentar la KiteFoil v3<\/p>\n<hr>\n<h2>Kitefoil<\/h2>\n<p class=\"p1\"><span class=\"s1\">El Kitefoil se est\u00e1 desarrollando enormemente, haciendo posible volar sin esfuerzo sobre el agua con vientos ligeros. El mejor alcance 4 veces la velocidad del viento. <\/span><\/p>\n<p class=\"p1\"><span class=\"s1\">La K-foil ha sido desarrollada por Bruno SROKA, 3 veces campe\u00f3n del mundo de kitesurf. Siempre est\u00e1 comprometido con el desarrollo de un producto de muy alta calidad a un precio asequible. Este foil se ha convertido en una referencia en el mundo del kitefoil freeride gracias a su calidad de construcci\u00f3n, rigidez y facilidad de uso.<\/span><\/p>\n<p>El K-foil es un<strong> kitefoil<\/strong> de muy alto rendimiento, f\u00e1cil y accesible&#8230; pero sobre todo evolucionando. Podemos hacer que el foil evolucione seg\u00fan lo que quieras.  Todo lo que tienes que hacer es cambiar las aletas o la longitud del m\u00e1stil. Tambi\u00e9n puedes cambiar el tablero porque tenemos adaptadores para transformar el sistema de fijaci\u00f3n. En definitiva, tenemos la mejor relaci\u00f3n calidad-precio del mercado. Sin duda te enamorar\u00e1s de este Kitefoil.<\/p>\n","protected":false},"excerpt":{"rendered":"<p>Lo \u00fanico que la SROKA v3 KiteFoil tiene en com\u00fan con sus dos predecesoras es la facilidad de acceso. El 100% de las piezas han sido pensadas, dise\u00f1adas y optimizadas espec\u00edficamente para esta nueva foil. La rigidez y el rendimiento han sido dos de los principales focos de desarrollo. Estamos orgullosos de presentar la KiteFoil [&hellip;]<\/p>\n","protected":false},"featured_media":347864,"template":"","meta":{"_acf_changed":false,"_uag_custom_page_level_css":""},"product_brand":[],"product_cat":[3480,3603],"product_tag":[],"class_list":{"0":"post-347858","1":"product","2":"type-product","3":"status-publish","4":"has-post-thumbnail","6":"product_cat-foil-es","7":"product_cat-promos-es","8":"pa_surface-de-lailette-avant-kite-rs-l-530-cm2-es","9":"pa_surface-de-lailette-avant-kite-rs-xl-720-cm2-es","11":"first","12":"instock","13":"sale","14":"taxable","15":"shipping-taxable","16":"purchasable","17":"product-type-variable"},"acf":[],"yoast_head":"<!-- This site is optimized with the Yoast SEO plugin v27.4 - https:\/\/yoast.com\/product\/yoast-seo-wordpress\/ -->\n<title>K-Foil - Cometa Foil carbono Freeride - SROKA Company<\/title>\n<meta name=\"description\" content=\"Cometa Foil carbono Freeride SROKA K-Foil es la mejor relaci\u00f3n calidad-precio del mercado. Una foil de carbono de alta calidad por el precio de una kitefoil de aluminio.\" \/>\n<meta name=\"robots\" content=\"index, follow, max-snippet:-1, max-image-preview:large, max-video-preview:-1\" \/>\n<link rel=\"canonical\" href=\"https:\/\/old.srokacompany.com\/es\/produit\/k-foil-cometa-foil-carbono\/\" \/>\n<meta property=\"og:locale\" content=\"es_ES\" \/>\n<meta property=\"og:type\" content=\"article\" \/>\n<meta property=\"og:title\" content=\"K-Foil - Cometa Foil carbono Freeride - SROKA Company\" \/>\n<meta property=\"og:description\" content=\"Cometa Foil carbono Freeride SROKA K-Foil es la mejor relaci\u00f3n calidad-precio del mercado. Una foil de carbono de alta calidad por el precio de una kitefoil de aluminio.\" \/>\n<meta property=\"og:url\" content=\"https:\/\/old.srokacompany.com\/es\/produit\/k-foil-cometa-foil-carbono\/\" \/>\n<meta property=\"og:site_name\" content=\"SROKA Company\" \/>\n<meta property=\"article:publisher\" content=\"https:\/\/www.facebook.com\/srokawatersports\/\" \/>\n<meta property=\"article:modified_time\" content=\"2025-06-26T22:07:25+00:00\" \/>\n<meta property=\"og:image\" content=\"https:\/\/srokacompany.com\/wp-content\/uploads\/2020\/12\/K-Foil-carbone-2019-2020-2.jpg\" \/>\n\t<meta property=\"og:image:width\" content=\"780\" \/>\n\t<meta property=\"og:image:height\" content=\"1040\" \/>\n\t<meta property=\"og:image:type\" content=\"image\/jpeg\" \/>\n<meta name=\"twitter:label1\" content=\"Tiempo de lectura\" \/>\n\t<meta name=\"twitter:data1\" content=\"1 minuto\" \/>\n<script type=\"application\/ld+json\" class=\"yoast-schema-graph\">{\"@context\":\"https:\\\/\\\/schema.org\",\"@graph\":[{\"@type\":\"WebPage\",\"@id\":\"https:\\\/\\\/old.srokacompany.com\\\/es\\\/produit\\\/k-foil-cometa-foil-carbono\\\/\",\"url\":\"https:\\\/\\\/old.srokacompany.com\\\/es\\\/produit\\\/k-foil-cometa-foil-carbono\\\/\",\"name\":\"K-Foil - Cometa Foil carbono Freeride - SROKA Company\",\"isPartOf\":{\"@id\":\"https:\\\/\\\/srokacompany.com\\\/#website\"},\"primaryImageOfPage\":{\"@id\":\"https:\\\/\\\/old.srokacompany.com\\\/es\\\/produit\\\/k-foil-cometa-foil-carbono\\\/#primaryimage\"},\"image\":{\"@id\":\"https:\\\/\\\/old.srokacompany.com\\\/es\\\/produit\\\/k-foil-cometa-foil-carbono\\\/#primaryimage\"},\"thumbnailUrl\":\"https:\\\/\\\/old.srokacompany.com\\\/wp-content\\\/uploads\\\/2020\\\/12\\\/K-Foil-carbone-2019-2020-2.jpg\",\"datePublished\":\"2017-05-10T15:40:45+00:00\",\"dateModified\":\"2025-06-26T22:07:25+00:00\",\"description\":\"Cometa Foil carbono Freeride SROKA K-Foil es la mejor relaci\u00f3n calidad-precio del mercado. Una foil de carbono de alta calidad por el precio de una kitefoil de aluminio.\",\"breadcrumb\":{\"@id\":\"https:\\\/\\\/old.srokacompany.com\\\/es\\\/produit\\\/k-foil-cometa-foil-carbono\\\/#breadcrumb\"},\"inLanguage\":\"es\",\"potentialAction\":[{\"@type\":\"ReadAction\",\"target\":[\"https:\\\/\\\/old.srokacompany.com\\\/es\\\/produit\\\/k-foil-cometa-foil-carbono\\\/\"]}]},{\"@type\":\"ImageObject\",\"inLanguage\":\"es\",\"@id\":\"https:\\\/\\\/old.srokacompany.com\\\/es\\\/produit\\\/k-foil-cometa-foil-carbono\\\/#primaryimage\",\"url\":\"https:\\\/\\\/old.srokacompany.com\\\/wp-content\\\/uploads\\\/2020\\\/12\\\/K-Foil-carbone-2019-2020-2.jpg\",\"contentUrl\":\"https:\\\/\\\/old.srokacompany.com\\\/wp-content\\\/uploads\\\/2020\\\/12\\\/K-Foil-carbone-2019-2020-2.jpg\",\"width\":780,\"height\":1040},{\"@type\":\"BreadcrumbList\",\"@id\":\"https:\\\/\\\/old.srokacompany.com\\\/es\\\/produit\\\/k-foil-cometa-foil-carbono\\\/#breadcrumb\",\"itemListElement\":[{\"@type\":\"ListItem\",\"position\":1,\"name\":\"Accueil\",\"item\":\"https:\\\/\\\/srokacompany.com\\\/es\\\/\"},{\"@type\":\"ListItem\",\"position\":2,\"name\":\"Tienda\",\"item\":\"https:\\\/\\\/srokacompany.com\\\/tienda\\\/\"},{\"@type\":\"ListItem\",\"position\":3,\"name\":\"K-Foil &#8211; Cometa Foil carbono\"}]},{\"@type\":\"WebSite\",\"@id\":\"https:\\\/\\\/srokacompany.com\\\/#website\",\"url\":\"https:\\\/\\\/srokacompany.com\\\/\",\"name\":\"SROKA Company\",\"description\":\"SUP, Kite, Foil, Wing\",\"publisher\":{\"@id\":\"https:\\\/\\\/srokacompany.com\\\/#organization\"},\"potentialAction\":[{\"@type\":\"SearchAction\",\"target\":{\"@type\":\"EntryPoint\",\"urlTemplate\":\"https:\\\/\\\/srokacompany.com\\\/?s={search_term_string}\"},\"query-input\":{\"@type\":\"PropertyValueSpecification\",\"valueRequired\":true,\"valueName\":\"search_term_string\"}}],\"inLanguage\":\"es\"},{\"@type\":\"Organization\",\"@id\":\"https:\\\/\\\/srokacompany.com\\\/#organization\",\"name\":\"SROKACOMPANY\",\"alternateName\":\"SROKA\",\"url\":\"https:\\\/\\\/srokacompany.com\\\/\",\"logo\":{\"@type\":\"ImageObject\",\"inLanguage\":\"es\",\"@id\":\"https:\\\/\\\/srokacompany.com\\\/#\\\/schema\\\/logo\\\/image\\\/\",\"url\":\"https:\\\/\\\/srokacompany.com\\\/wp-content\\\/uploads\\\/2021\\\/01\\\/logo-sroka-black-transpa.png\",\"contentUrl\":\"https:\\\/\\\/srokacompany.com\\\/wp-content\\\/uploads\\\/2021\\\/01\\\/logo-sroka-black-transpa.png\",\"width\":1201,\"height\":342,\"caption\":\"SROKACOMPANY\"},\"image\":{\"@id\":\"https:\\\/\\\/srokacompany.com\\\/#\\\/schema\\\/logo\\\/image\\\/\"},\"sameAs\":[\"https:\\\/\\\/www.facebook.com\\\/srokawatersports\\\/\",\"https:\\\/\\\/www.instagram.com\\\/srokawatersports\\\/\",\"https:\\\/\\\/www.youtube.com\\\/channel\\\/UCVLHHeaPIm-J5bdEUgxqtZA\"]}]}<\/script>\n<!-- \/ Yoast SEO plugin. -->","yoast_head_json":{"title":"K-Foil - Cometa Foil carbono Freeride - SROKA Company","description":"Cometa Foil carbono Freeride SROKA K-Foil es la mejor relaci\u00f3n calidad-precio del mercado. Una foil de carbono de alta calidad por el precio de una kitefoil de aluminio.","robots":{"index":"index","follow":"follow","max-snippet":"max-snippet:-1","max-image-preview":"max-image-preview:large","max-video-preview":"max-video-preview:-1"},"canonical":"https:\/\/old.srokacompany.com\/es\/produit\/k-foil-cometa-foil-carbono\/","og_locale":"es_ES","og_type":"article","og_title":"K-Foil - Cometa Foil carbono Freeride - SROKA Company","og_description":"Cometa Foil carbono Freeride SROKA K-Foil es la mejor relaci\u00f3n calidad-precio del mercado. Una foil de carbono de alta calidad por el precio de una kitefoil de aluminio.","og_url":"https:\/\/old.srokacompany.com\/es\/produit\/k-foil-cometa-foil-carbono\/","og_site_name":"SROKA Company","article_publisher":"https:\/\/www.facebook.com\/srokawatersports\/","article_modified_time":"2025-06-26T22:07:25+00:00","og_image":[{"width":780,"height":1040,"url":"https:\/\/srokacompany.com\/wp-content\/uploads\/2020\/12\/K-Foil-carbone-2019-2020-2.jpg","type":"image\/jpeg"}],"twitter_misc":{"Tiempo de lectura":"1 minuto"},"schema":{"@context":"https:\/\/schema.org","@graph":[{"@type":"WebPage","@id":"https:\/\/old.srokacompany.com\/es\/produit\/k-foil-cometa-foil-carbono\/","url":"https:\/\/old.srokacompany.com\/es\/produit\/k-foil-cometa-foil-carbono\/","name":"K-Foil - Cometa Foil carbono Freeride - SROKA Company","isPartOf":{"@id":"https:\/\/srokacompany.com\/#website"},"primaryImageOfPage":{"@id":"https:\/\/old.srokacompany.com\/es\/produit\/k-foil-cometa-foil-carbono\/#primaryimage"},"image":{"@id":"https:\/\/old.srokacompany.com\/es\/produit\/k-foil-cometa-foil-carbono\/#primaryimage"},"thumbnailUrl":"https:\/\/old.srokacompany.com\/wp-content\/uploads\/2020\/12\/K-Foil-carbone-2019-2020-2.jpg","datePublished":"2017-05-10T15:40:45+00:00","dateModified":"2025-06-26T22:07:25+00:00","description":"Cometa Foil carbono Freeride SROKA K-Foil es la mejor relaci\u00f3n calidad-precio del mercado. Una foil de carbono de alta calidad por el precio de una kitefoil de aluminio.","breadcrumb":{"@id":"https:\/\/old.srokacompany.com\/es\/produit\/k-foil-cometa-foil-carbono\/#breadcrumb"},"inLanguage":"es","potentialAction":[{"@type":"ReadAction","target":["https:\/\/old.srokacompany.com\/es\/produit\/k-foil-cometa-foil-carbono\/"]}]},{"@type":"ImageObject","inLanguage":"es","@id":"https:\/\/old.srokacompany.com\/es\/produit\/k-foil-cometa-foil-carbono\/#primaryimage","url":"https:\/\/old.srokacompany.com\/wp-content\/uploads\/2020\/12\/K-Foil-carbone-2019-2020-2.jpg","contentUrl":"https:\/\/old.srokacompany.com\/wp-content\/uploads\/2020\/12\/K-Foil-carbone-2019-2020-2.jpg","width":780,"height":1040},{"@type":"BreadcrumbList","@id":"https:\/\/old.srokacompany.com\/es\/produit\/k-foil-cometa-foil-carbono\/#breadcrumb","itemListElement":[{"@type":"ListItem","position":1,"name":"Accueil","item":"https:\/\/srokacompany.com\/es\/"},{"@type":"ListItem","position":2,"name":"Tienda","item":"https:\/\/srokacompany.com\/tienda\/"},{"@type":"ListItem","position":3,"name":"K-Foil &#8211; Cometa Foil carbono"}]},{"@type":"WebSite","@id":"https:\/\/srokacompany.com\/#website","url":"https:\/\/srokacompany.com\/","name":"SROKA Company","description":"SUP, Kite, Foil, Wing","publisher":{"@id":"https:\/\/srokacompany.com\/#organization"},"potentialAction":[{"@type":"SearchAction","target":{"@type":"EntryPoint","urlTemplate":"https:\/\/srokacompany.com\/?s={search_term_string}"},"query-input":{"@type":"PropertyValueSpecification","valueRequired":true,"valueName":"search_term_string"}}],"inLanguage":"es"},{"@type":"Organization","@id":"https:\/\/srokacompany.com\/#organization","name":"SROKACOMPANY","alternateName":"SROKA","url":"https:\/\/srokacompany.com\/","logo":{"@type":"ImageObject","inLanguage":"es","@id":"https:\/\/srokacompany.com\/#\/schema\/logo\/image\/","url":"https:\/\/srokacompany.com\/wp-content\/uploads\/2021\/01\/logo-sroka-black-transpa.png","contentUrl":"https:\/\/srokacompany.com\/wp-content\/uploads\/2021\/01\/logo-sroka-black-transpa.png","width":1201,"height":342,"caption":"SROKACOMPANY"},"image":{"@id":"https:\/\/srokacompany.com\/#\/schema\/logo\/image\/"},"sameAs":["https:\/\/www.facebook.com\/srokawatersports\/","https:\/\/www.instagram.com\/srokawatersports\/","https:\/\/www.youtube.com\/channel\/UCVLHHeaPIm-J5bdEUgxqtZA"]}]}},"uagb_featured_image_src":{"full":["https:\/\/old.srokacompany.com\/wp-content\/uploads\/2020\/12\/K-Foil-carbone-2019-2020-2.jpg",780,1040,false],"thumbnail":["https:\/\/old.srokacompany.com\/wp-content\/uploads\/2020\/12\/K-Foil-carbone-2019-2020-2-150x150.jpg",150,150,true],"medium":["https:\/\/old.srokacompany.com\/wp-content\/uploads\/2020\/12\/K-Foil-carbone-2019-2020-2-225x300.jpg",225,300,true],"medium_large":["https:\/\/old.srokacompany.com\/wp-content\/uploads\/2020\/12\/K-Foil-carbone-2019-2020-2-768x1024.jpg",768,1024,true],"large":["https:\/\/old.srokacompany.com\/wp-content\/uploads\/2020\/12\/K-Foil-carbone-2019-2020-2-768x1024.jpg",768,1024,true],"1536x1536":["https:\/\/old.srokacompany.com\/wp-content\/uploads\/2020\/12\/K-Foil-carbone-2019-2020-2.jpg",780,1040,false],"2048x2048":["https:\/\/old.srokacompany.com\/wp-content\/uploads\/2020\/12\/K-Foil-carbone-2019-2020-2.jpg",780,1040,false],"woocommerce_thumbnail":["https:\/\/old.srokacompany.com\/wp-content\/uploads\/2020\/12\/K-Foil-carbone-2019-2020-2-600x800.jpg",600,800,true],"woocommerce_single":["https:\/\/old.srokacompany.com\/wp-content\/uploads\/2020\/12\/K-Foil-carbone-2019-2020-2-600x800.jpg",600,800,true],"woocommerce_gallery_thumbnail":["https:\/\/old.srokacompany.com\/wp-content\/uploads\/2020\/12\/K-Foil-carbone-2019-2020-2-100x100.jpg",100,100,true],"dgwt-wcas-product-suggestion":["https:\/\/old.srokacompany.com\/wp-content\/uploads\/2020\/12\/K-Foil-carbone-2019-2020-2.jpg",64,85,false]},"uagb_author_info":{"display_name":"matthieumilliot_xd7qukoc","author_link":"https:\/\/old.srokacompany.com\/es\/blog\/author\/"},"uagb_comment_info":0,"uagb_excerpt":"Lo \u00fanico que la SROKA v3 KiteFoil tiene en com\u00fan con sus dos predecesoras es la facilidad de acceso. El 100% de las piezas han sido pensadas, dise\u00f1adas y optimizadas espec\u00edficamente para esta nueva foil. La rigidez y el rendimiento han sido dos de los principales focos de desarrollo. Estamos orgullosos de presentar la KiteFoil&hellip;","jetpack_sharing_enabled":true,"_links":{"self":[{"href":"https:\/\/old.srokacompany.com\/es\/wp-json\/wp\/v2\/product\/347858","targetHints":{"allow":["GET"]}}],"collection":[{"href":"https:\/\/old.srokacompany.com\/es\/wp-json\/wp\/v2\/product"}],"about":[{"href":"https:\/\/old.srokacompany.com\/es\/wp-json\/wp\/v2\/types\/product"}],"wp:featuredmedia":[{"embeddable":true,"href":"https:\/\/old.srokacompany.com\/es\/wp-json\/wp\/v2\/media\/347864"}],"wp:attachment":[{"href":"https:\/\/old.srokacompany.com\/es\/wp-json\/wp\/v2\/media?parent=347858"}],"wp:term":[{"taxonomy":"product_brand","embeddable":true,"href":"https:\/\/old.srokacompany.com\/es\/wp-json\/wp\/v2\/product_brand?post=347858"},{"taxonomy":"product_cat","embeddable":true,"href":"https:\/\/old.srokacompany.com\/es\/wp-json\/wp\/v2\/product_cat?post=347858"},{"taxonomy":"product_tag","embeddable":true,"href":"https:\/\/old.srokacompany.com\/es\/wp-json\/wp\/v2\/product_tag?post=347858"}],"curies":[{"name":"wp","href":"https:\/\/api.w.org\/{rel}","templated":true}]}}