{"id":348135,"date":"2018-01-31T11:15:20","date_gmt":"2018-01-31T09:15:20","guid":{"rendered":"https:\/\/srokacompany.com\/produit\/remo-hinchable-para-surf-ola-95\/"},"modified":"2025-11-27T18:59:59","modified_gmt":"2025-11-27T16:59:59","slug":"remo-hinchable-para-surf-ola-95","status":"publish","type":"product","link":"https:\/\/old.srokacompany.com\/es\/produit\/remo-hinchable-para-surf-ola-95\/","title":{"rendered":"Remo hinchable para surf &#8211; Ola 9&#8217;5"},"content":{"rendered":"<hr>\n<h1>Remo hinchable para fusi\u00f3n Surf Wave 9&#8217;5<\/h1>\n<div class=\"text-block double-text\">\n<div class=\"text-block-wrap\">\n<div class=\"text-content\">\n<div class=\"max-width\">\n<div class=\"page\" title=\"P\u00e1gina 2\">\n<div class=\"section\">\n<div class=\"layoutArea\">\n<div class=\"column\">\n<p>Volvemos a la esencia misma de los deportes de tabla con la <a href=\"https:\/\/srokacompany.com\/es\/eshop\/palas-hinchables\/\">tabla de paddle surf hinchable<\/a> Wave 9&#8217;5 para surf. Hemos desarrollado esta tabla a partir de SUP para aquellos que quieren una tabla s\u00faper f\u00e1cil de transportar que pueda usarse tanto para surfear como para navegar.<\/p>\n<p>Con su contorno redondeado, baja la ola con facilidad. La tecnolog\u00eda Fusion y la calidad de los materiales utilizados aportan la rigidez indispensable para el surf. Muy ligera, su aspecto \u00fanico y la calidad de sus acabados se apreciar\u00e1n en la playa, la ola o durante tus paseos. Sus almohadillas de agarre har\u00e1n que todas tus maniobras sean fluidas.   <\/p>\n<p>La SUP Wave 9&#8217;5 y <a href=\"https:\/\/srokacompany.com\/es\/produit\/bomba-de-doble-accion-sup-inflable\/\">su bomba de doble acci\u00f3n<\/a> (suministrada) se guardan en la bolsa a juego incluida en el paquete. Las olas te est\u00e1n esperando. Y si a\u00fan tiene dudas sobre <a href=\"https:\/\/srokacompany.com\/es\/blog\/5-razones-para-practicar-stand-up-paddle-hinchable\/\">los beneficios de los deportes acu\u00e1ticos y el surf de remo<\/a>, nuestro art\u00edculo le convencer\u00e1. \u00a1 <a href=\"https:\/\/srokacompany.com\/es\/blog\/como-iniciarse-y-progresar-en-el-stand-up-paddle\/\">Nuestras gu\u00edas tambi\u00e9n te explican c\u00f3mo empezar con buen pie en SUP<\/a>!<\/p>\n<p>Ofrecemos dos opciones:<\/p>\n<p>El <strong>pack est\u00e1ndar<\/strong> incluye un remo, una bolsa de transporte con ruedas y la bomba de doble acci\u00f3n Sroka.<br \/>\nEl <strong>pack completo<\/strong> incluye un remo, una bolsa de transporte con ruedas, una bomba de doble acci\u00f3n Sroka + un <a href=\"https:\/\/srokacompany.com\/es\/produit\/pala-de-aluminio-ajustable-en-2-o-3-partes\/\"><strong>pala de aluminio de 3 piezas<\/strong><\/a> y un <strong>leash<\/strong> en espiral. Le permite ir al agua de inmediato, sin limitaciones ni esfuerzo.<\/p>\n<\/div>\n<\/div>\n<\/div>\n<\/div>\n<\/div>\n<\/div>\n<\/div>\n<\/div>\n<p><a href=\"https:\/\/srokacompany.com\/es\/por-que-elegir-las-placas-sroka\/\" target=\"_blank\" rel=\"noopener noreferrer\">\u00bfPor qu\u00e9 elegir los productos SROKA?<\/a><\/p>\n","protected":false},"excerpt":{"rendered":"<p>Pack SUP hinchable est\u00e1ndar Wave Fusion 9&#8217;5. 70% surf, 30% crucero. <\/p>\n","protected":false},"featured_media":348136,"template":"","meta":{"_acf_changed":false,"_uag_custom_page_level_css":""},"product_brand":[],"product_cat":[3888,3613,3612,3603],"product_tag":[3429,3427],"class_list":{"0":"post-348135","1":"product","2":"type-product","3":"status-publish","4":"has-post-thumbnail","6":"product_cat-junta-de-sup","7":"product_cat-pack-de-remo-hinchable","8":"product_cat-palas-hinchables","9":"product_cat-promos-es","10":"product_tag-avanzado","11":"product_tag-ingenioso","13":"first","14":"outofstock","15":"sale","16":"taxable","17":"shipping-taxable","18":"purchasable","19":"product-type-variable","20":"has-default-attributes"},"acf":[],"yoast_head":"<!-- This site is optimized with the Yoast SEO plugin v27.4 - https:\/\/yoast.com\/product\/yoast-seo-wordpress\/ -->\n<title>Remo hinchable para surf - SROKA Company<\/title>\n<meta name=\"description\" content=\"La Stand up paddle Surf hinchable SROKA 9&#039;5 SUP Waves es perfecta para un surf eficaz con la mejor relaci\u00f3n calidad-precio del mercado.\" \/>\n<meta name=\"robots\" content=\"index, follow, max-snippet:-1, max-image-preview:large, max-video-preview:-1\" \/>\n<link rel=\"canonical\" href=\"https:\/\/old.srokacompany.com\/es\/produit\/remo-hinchable-para-surf-ola-95\/\" \/>\n<meta property=\"og:locale\" content=\"es_ES\" \/>\n<meta property=\"og:type\" content=\"article\" \/>\n<meta property=\"og:title\" content=\"Remo hinchable para surf - SROKA Company\" \/>\n<meta property=\"og:description\" content=\"La Stand up paddle Surf hinchable SROKA 9&#039;5 SUP Waves es perfecta para un surf eficaz con la mejor relaci\u00f3n calidad-precio del mercado.\" \/>\n<meta property=\"og:url\" content=\"https:\/\/old.srokacompany.com\/es\/produit\/remo-hinchable-para-surf-ola-95\/\" \/>\n<meta property=\"og:site_name\" content=\"SROKA Company\" \/>\n<meta property=\"article:publisher\" content=\"https:\/\/www.facebook.com\/srokawatersports\/\" \/>\n<meta property=\"article:modified_time\" content=\"2025-11-27T16:59:59+00:00\" \/>\n<meta property=\"og:image\" content=\"https:\/\/srokacompany.com\/wp-content\/uploads\/2018\/01\/imageproduit-waves95.png\" \/>\n\t<meta property=\"og:image:width\" content=\"780\" \/>\n\t<meta property=\"og:image:height\" content=\"1040\" \/>\n\t<meta property=\"og:image:type\" content=\"image\/png\" \/>\n<meta name=\"twitter:label1\" content=\"Tiempo de lectura\" \/>\n\t<meta name=\"twitter:data1\" content=\"1 minuto\" \/>\n<script type=\"application\/ld+json\" class=\"yoast-schema-graph\">{\"@context\":\"https:\\\/\\\/schema.org\",\"@graph\":[{\"@type\":\"WebPage\",\"@id\":\"https:\\\/\\\/old.srokacompany.com\\\/es\\\/produit\\\/remo-hinchable-para-surf-ola-95\\\/\",\"url\":\"https:\\\/\\\/old.srokacompany.com\\\/es\\\/produit\\\/remo-hinchable-para-surf-ola-95\\\/\",\"name\":\"Remo hinchable para surf - SROKA Company\",\"isPartOf\":{\"@id\":\"https:\\\/\\\/srokacompany.com\\\/#website\"},\"primaryImageOfPage\":{\"@id\":\"https:\\\/\\\/old.srokacompany.com\\\/es\\\/produit\\\/remo-hinchable-para-surf-ola-95\\\/#primaryimage\"},\"image\":{\"@id\":\"https:\\\/\\\/old.srokacompany.com\\\/es\\\/produit\\\/remo-hinchable-para-surf-ola-95\\\/#primaryimage\"},\"thumbnailUrl\":\"https:\\\/\\\/old.srokacompany.com\\\/wp-content\\\/uploads\\\/2018\\\/01\\\/imageproduit-waves95.png\",\"datePublished\":\"2018-01-31T09:15:20+00:00\",\"dateModified\":\"2025-11-27T16:59:59+00:00\",\"description\":\"La Stand up paddle Surf hinchable SROKA 9'5 SUP Waves es perfecta para un surf eficaz con la mejor relaci\u00f3n calidad-precio del mercado.\",\"breadcrumb\":{\"@id\":\"https:\\\/\\\/old.srokacompany.com\\\/es\\\/produit\\\/remo-hinchable-para-surf-ola-95\\\/#breadcrumb\"},\"inLanguage\":\"es\",\"potentialAction\":[{\"@type\":\"ReadAction\",\"target\":[\"https:\\\/\\\/old.srokacompany.com\\\/es\\\/produit\\\/remo-hinchable-para-surf-ola-95\\\/\"]}]},{\"@type\":\"ImageObject\",\"inLanguage\":\"es\",\"@id\":\"https:\\\/\\\/old.srokacompany.com\\\/es\\\/produit\\\/remo-hinchable-para-surf-ola-95\\\/#primaryimage\",\"url\":\"https:\\\/\\\/old.srokacompany.com\\\/wp-content\\\/uploads\\\/2018\\\/01\\\/imageproduit-waves95.png\",\"contentUrl\":\"https:\\\/\\\/old.srokacompany.com\\\/wp-content\\\/uploads\\\/2018\\\/01\\\/imageproduit-waves95.png\",\"width\":780,\"height\":1040,\"caption\":\"sup paddle surf inflable sroka\"},{\"@type\":\"BreadcrumbList\",\"@id\":\"https:\\\/\\\/old.srokacompany.com\\\/es\\\/produit\\\/remo-hinchable-para-surf-ola-95\\\/#breadcrumb\",\"itemListElement\":[{\"@type\":\"ListItem\",\"position\":1,\"name\":\"Accueil\",\"item\":\"https:\\\/\\\/srokacompany.com\\\/es\\\/\"},{\"@type\":\"ListItem\",\"position\":2,\"name\":\"Tienda\",\"item\":\"https:\\\/\\\/srokacompany.com\\\/tienda\\\/\"},{\"@type\":\"ListItem\",\"position\":3,\"name\":\"Remo hinchable para surf &#8211; Ola 9&rsquo;5\"}]},{\"@type\":\"WebSite\",\"@id\":\"https:\\\/\\\/srokacompany.com\\\/#website\",\"url\":\"https:\\\/\\\/srokacompany.com\\\/\",\"name\":\"SROKA Company\",\"description\":\"SUP, Kite, Foil, Wing\",\"publisher\":{\"@id\":\"https:\\\/\\\/srokacompany.com\\\/#organization\"},\"potentialAction\":[{\"@type\":\"SearchAction\",\"target\":{\"@type\":\"EntryPoint\",\"urlTemplate\":\"https:\\\/\\\/srokacompany.com\\\/?s={search_term_string}\"},\"query-input\":{\"@type\":\"PropertyValueSpecification\",\"valueRequired\":true,\"valueName\":\"search_term_string\"}}],\"inLanguage\":\"es\"},{\"@type\":\"Organization\",\"@id\":\"https:\\\/\\\/srokacompany.com\\\/#organization\",\"name\":\"SROKACOMPANY\",\"alternateName\":\"SROKA\",\"url\":\"https:\\\/\\\/srokacompany.com\\\/\",\"logo\":{\"@type\":\"ImageObject\",\"inLanguage\":\"es\",\"@id\":\"https:\\\/\\\/srokacompany.com\\\/#\\\/schema\\\/logo\\\/image\\\/\",\"url\":\"https:\\\/\\\/srokacompany.com\\\/wp-content\\\/uploads\\\/2021\\\/01\\\/logo-sroka-black-transpa.png\",\"contentUrl\":\"https:\\\/\\\/srokacompany.com\\\/wp-content\\\/uploads\\\/2021\\\/01\\\/logo-sroka-black-transpa.png\",\"width\":1201,\"height\":342,\"caption\":\"SROKACOMPANY\"},\"image\":{\"@id\":\"https:\\\/\\\/srokacompany.com\\\/#\\\/schema\\\/logo\\\/image\\\/\"},\"sameAs\":[\"https:\\\/\\\/www.facebook.com\\\/srokawatersports\\\/\",\"https:\\\/\\\/www.instagram.com\\\/srokawatersports\\\/\",\"https:\\\/\\\/www.youtube.com\\\/channel\\\/UCVLHHeaPIm-J5bdEUgxqtZA\"]}]}<\/script>\n<!-- \/ Yoast SEO plugin. -->","yoast_head_json":{"title":"Remo hinchable para surf - SROKA Company","description":"La Stand up paddle Surf hinchable SROKA 9'5 SUP Waves es perfecta para un surf eficaz con la mejor relaci\u00f3n calidad-precio del mercado.","robots":{"index":"index","follow":"follow","max-snippet":"max-snippet:-1","max-image-preview":"max-image-preview:large","max-video-preview":"max-video-preview:-1"},"canonical":"https:\/\/old.srokacompany.com\/es\/produit\/remo-hinchable-para-surf-ola-95\/","og_locale":"es_ES","og_type":"article","og_title":"Remo hinchable para surf - SROKA Company","og_description":"La Stand up paddle Surf hinchable SROKA 9'5 SUP Waves es perfecta para un surf eficaz con la mejor relaci\u00f3n calidad-precio del mercado.","og_url":"https:\/\/old.srokacompany.com\/es\/produit\/remo-hinchable-para-surf-ola-95\/","og_site_name":"SROKA Company","article_publisher":"https:\/\/www.facebook.com\/srokawatersports\/","article_modified_time":"2025-11-27T16:59:59+00:00","og_image":[{"width":780,"height":1040,"url":"https:\/\/srokacompany.com\/wp-content\/uploads\/2018\/01\/imageproduit-waves95.png","type":"image\/png"}],"twitter_misc":{"Tiempo de lectura":"1 minuto"},"schema":{"@context":"https:\/\/schema.org","@graph":[{"@type":"WebPage","@id":"https:\/\/old.srokacompany.com\/es\/produit\/remo-hinchable-para-surf-ola-95\/","url":"https:\/\/old.srokacompany.com\/es\/produit\/remo-hinchable-para-surf-ola-95\/","name":"Remo hinchable para surf - SROKA Company","isPartOf":{"@id":"https:\/\/srokacompany.com\/#website"},"primaryImageOfPage":{"@id":"https:\/\/old.srokacompany.com\/es\/produit\/remo-hinchable-para-surf-ola-95\/#primaryimage"},"image":{"@id":"https:\/\/old.srokacompany.com\/es\/produit\/remo-hinchable-para-surf-ola-95\/#primaryimage"},"thumbnailUrl":"https:\/\/old.srokacompany.com\/wp-content\/uploads\/2018\/01\/imageproduit-waves95.png","datePublished":"2018-01-31T09:15:20+00:00","dateModified":"2025-11-27T16:59:59+00:00","description":"La Stand up paddle Surf hinchable SROKA 9'5 SUP Waves es perfecta para un surf eficaz con la mejor relaci\u00f3n calidad-precio del mercado.","breadcrumb":{"@id":"https:\/\/old.srokacompany.com\/es\/produit\/remo-hinchable-para-surf-ola-95\/#breadcrumb"},"inLanguage":"es","potentialAction":[{"@type":"ReadAction","target":["https:\/\/old.srokacompany.com\/es\/produit\/remo-hinchable-para-surf-ola-95\/"]}]},{"@type":"ImageObject","inLanguage":"es","@id":"https:\/\/old.srokacompany.com\/es\/produit\/remo-hinchable-para-surf-ola-95\/#primaryimage","url":"https:\/\/old.srokacompany.com\/wp-content\/uploads\/2018\/01\/imageproduit-waves95.png","contentUrl":"https:\/\/old.srokacompany.com\/wp-content\/uploads\/2018\/01\/imageproduit-waves95.png","width":780,"height":1040,"caption":"sup paddle surf inflable sroka"},{"@type":"BreadcrumbList","@id":"https:\/\/old.srokacompany.com\/es\/produit\/remo-hinchable-para-surf-ola-95\/#breadcrumb","itemListElement":[{"@type":"ListItem","position":1,"name":"Accueil","item":"https:\/\/srokacompany.com\/es\/"},{"@type":"ListItem","position":2,"name":"Tienda","item":"https:\/\/srokacompany.com\/tienda\/"},{"@type":"ListItem","position":3,"name":"Remo hinchable para surf &#8211; Ola 9&rsquo;5"}]},{"@type":"WebSite","@id":"https:\/\/srokacompany.com\/#website","url":"https:\/\/srokacompany.com\/","name":"SROKA Company","description":"SUP, Kite, Foil, Wing","publisher":{"@id":"https:\/\/srokacompany.com\/#organization"},"potentialAction":[{"@type":"SearchAction","target":{"@type":"EntryPoint","urlTemplate":"https:\/\/srokacompany.com\/?s={search_term_string}"},"query-input":{"@type":"PropertyValueSpecification","valueRequired":true,"valueName":"search_term_string"}}],"inLanguage":"es"},{"@type":"Organization","@id":"https:\/\/srokacompany.com\/#organization","name":"SROKACOMPANY","alternateName":"SROKA","url":"https:\/\/srokacompany.com\/","logo":{"@type":"ImageObject","inLanguage":"es","@id":"https:\/\/srokacompany.com\/#\/schema\/logo\/image\/","url":"https:\/\/srokacompany.com\/wp-content\/uploads\/2021\/01\/logo-sroka-black-transpa.png","contentUrl":"https:\/\/srokacompany.com\/wp-content\/uploads\/2021\/01\/logo-sroka-black-transpa.png","width":1201,"height":342,"caption":"SROKACOMPANY"},"image":{"@id":"https:\/\/srokacompany.com\/#\/schema\/logo\/image\/"},"sameAs":["https:\/\/www.facebook.com\/srokawatersports\/","https:\/\/www.instagram.com\/srokawatersports\/","https:\/\/www.youtube.com\/channel\/UCVLHHeaPIm-J5bdEUgxqtZA"]}]}},"uagb_featured_image_src":{"full":["https:\/\/old.srokacompany.com\/wp-content\/uploads\/2018\/01\/imageproduit-waves95.png",780,1040,false],"thumbnail":["https:\/\/old.srokacompany.com\/wp-content\/uploads\/2018\/01\/imageproduit-waves95-150x150.png",150,150,true],"medium":["https:\/\/old.srokacompany.com\/wp-content\/uploads\/2018\/01\/imageproduit-waves95-225x300.png",225,300,true],"medium_large":["https:\/\/old.srokacompany.com\/wp-content\/uploads\/2018\/01\/imageproduit-waves95-768x1024.png",768,1024,true],"large":["https:\/\/old.srokacompany.com\/wp-content\/uploads\/2018\/01\/imageproduit-waves95-768x1024.png",768,1024,true],"1536x1536":["https:\/\/old.srokacompany.com\/wp-content\/uploads\/2018\/01\/imageproduit-waves95.png",780,1040,false],"2048x2048":["https:\/\/old.srokacompany.com\/wp-content\/uploads\/2018\/01\/imageproduit-waves95.png",780,1040,false],"woocommerce_thumbnail":["https:\/\/old.srokacompany.com\/wp-content\/uploads\/2018\/01\/imageproduit-waves95-600x800.png",600,800,true],"woocommerce_single":["https:\/\/old.srokacompany.com\/wp-content\/uploads\/2018\/01\/imageproduit-waves95-600x800.png",600,800,true],"woocommerce_gallery_thumbnail":["https:\/\/old.srokacompany.com\/wp-content\/uploads\/2018\/01\/imageproduit-waves95-100x100.png",100,100,true],"dgwt-wcas-product-suggestion":["https:\/\/old.srokacompany.com\/wp-content\/uploads\/2018\/01\/imageproduit-waves95.png",64,85,false]},"uagb_author_info":{"display_name":"Bruno Sroka","author_link":"https:\/\/old.srokacompany.com\/es\/blog\/author\/"},"uagb_comment_info":0,"uagb_excerpt":"Pack SUP hinchable est\u00e1ndar Wave Fusion 9'5. 70% surf, 30% crucero.","jetpack_sharing_enabled":true,"_links":{"self":[{"href":"https:\/\/old.srokacompany.com\/es\/wp-json\/wp\/v2\/product\/348135","targetHints":{"allow":["GET"]}}],"collection":[{"href":"https:\/\/old.srokacompany.com\/es\/wp-json\/wp\/v2\/product"}],"about":[{"href":"https:\/\/old.srokacompany.com\/es\/wp-json\/wp\/v2\/types\/product"}],"wp:featuredmedia":[{"embeddable":true,"href":"https:\/\/old.srokacompany.com\/es\/wp-json\/wp\/v2\/media\/348136"}],"wp:attachment":[{"href":"https:\/\/old.srokacompany.com\/es\/wp-json\/wp\/v2\/media?parent=348135"}],"wp:term":[{"taxonomy":"product_brand","embeddable":true,"href":"https:\/\/old.srokacompany.com\/es\/wp-json\/wp\/v2\/product_brand?post=348135"},{"taxonomy":"product_cat","embeddable":true,"href":"https:\/\/old.srokacompany.com\/es\/wp-json\/wp\/v2\/product_cat?post=348135"},{"taxonomy":"product_tag","embeddable":true,"href":"https:\/\/old.srokacompany.com\/es\/wp-json\/wp\/v2\/product_tag?post=348135"}],"curies":[{"name":"wp","href":"https:\/\/api.w.org\/{rel}","templated":true}]}}