{"id":348161,"date":"2018-05-23T10:49:01","date_gmt":"2018-05-23T10:49:01","guid":{"rendered":"https:\/\/srokacompany.com\/produit\/barra-de-cometa-universal\/"},"modified":"2025-11-21T18:10:23","modified_gmt":"2025-11-21T16:10:23","slug":"barra-de-cometa-universal","status":"publish","type":"product","link":"https:\/\/old.srokacompany.com\/es\/produit\/barra-de-cometa-universal\/","title":{"rendered":"Barra de cometa universal"},"content":{"rendered":"<hr>\n<h1><strong>Barra de cometa universal SROKA<\/strong><\/h1>\n<p class=\"p1\"><span class=\"s1\">La <strong>barra de cometa SROKA Universal<\/strong> est\u00e1 preparada para montar con muchas cometas del mercado. <\/span><span class=\"s1\">Las 4 l\u00edneas son de igual tama\u00f1o, lo que significa que se puede adaptar a casi cualquier cometa del mercado. <\/span><span class=\"s1\">La<strong>barra de cometa Universal<\/strong> es perfecta para el free riding. <\/span> <span class=\"s1\">Tenemos dos tama\u00f1os de barra de cometa: 50 cm y 55 cm, para que puedas elegir el mejor compromiso dependiendo del tama\u00f1o de tu cometa. La de 55 cm se adaptar\u00e1 perfectamente a cometas de m\u00e1s de 11 m2 y la barra de 50 cm te permitir\u00e1 navegar con todas las cometas de menos de 11 m 2. <\/span><\/p>\n<p class=\"p1\"><span class=\"s1\">Los cabos traseros est\u00e1n protegidos por espumas de neopreno reforzadas alrededor de la ca\u00f1a, lo que garantiza una gran comodidad al navegar, un buen agarre bajo el agua y evita que los cabos se enreden bajo el agua. Incluso en kiteloops, las espumas de la parte trasera proteger\u00e1n tus dedos por ti. <span class=\"Apple-converted-space\">  <\/span>para evitar pellizcarlos si utilizas la barra como \u00abca\u00f1a de pescar\u00bb. Facilidad de uso, comodidad, ergonom\u00eda y eficacia describen a la perfecci\u00f3n esta Barra Universal para Cometas SROKA. <\/span><\/p>\n<ul>\n<li>Longitud de la barra 2 tama\u00f1os 50 cm y 55 cm<\/li>\n<li>Centro de barra de acero inoxidable<\/li>\n<li>Tubos de aluminio T6061<\/li>\n<li><strong>Correa de ala<\/strong><\/li>\n<\/ul>\n<p>Esta barra de cometa universal encaja perfectamente con las alas de la cometa Ouesk SROKA.<\/p>\n<p>&nbsp;<\/p>\n","protected":false},"excerpt":{"rendered":"<p><span class=\"s1\">La <strong>barra de cometa SROKA Universal<\/strong> est\u00e1 preparada para montar con muchas cometas del mercado. <\/span><span class=\"s1\">Las 4 l\u00edneas son de igual tama\u00f1o, lo que significa que se puede adaptar a casi cualquier cometa del mercado. <\/span><span class=\"s1\">La<strong>barra de cometa Universal<\/strong> es perfecta para el free riding. <\/span> <span class=\"s1\">Tenemos dos tama\u00f1os de barra de cometa: 50 cm y 55 cm, para que puedas elegir el mejor compromiso dependiendo del tama\u00f1o de tu cometa. La de 55 cm se adaptar\u00e1 perfectamente a cometas de m\u00e1s de 11 m2 y la barra de 50 cm te permitir\u00e1 navegar con todas las cometas de menos de 11 m 2. <\/span><\/p>\n","protected":false},"featured_media":348163,"template":"","meta":{"_acf_changed":false,"_uag_custom_page_level_css":""},"product_brand":[],"product_cat":[3647,3646,3603,4260],"product_tag":[],"class_list":{"0":"post-348161","1":"product","2":"type-product","3":"status-publish","4":"has-post-thumbnail","6":"product_cat-buenos-planes","7":"product_cat-equilibrio-de-la-cometa-foil","8":"product_cat-promos-es","9":"product_cat-viernes-negro","11":"first","12":"instock","13":"sale","14":"taxable","15":"shipping-taxable","16":"purchasable","17":"product-type-variable"},"acf":[],"yoast_head":"<!-- This site is optimized with the Yoast SEO plugin v27.4 - https:\/\/yoast.com\/product\/yoast-seo-wordpress\/ -->\n<title>Barra Universal Kite - SROKA Watersports - Empresa<\/title>\n<meta name=\"description\" content=\"La barra de cometa universal SROKa le permite conectarse a pr\u00e1cticamente cualquier cometa. Viene en 2 tama\u00f1os, 50 cm y 55 cm.\" \/>\n<meta name=\"robots\" content=\"index, follow, max-snippet:-1, max-image-preview:large, max-video-preview:-1\" \/>\n<link rel=\"canonical\" href=\"https:\/\/old.srokacompany.com\/es\/produit\/barra-de-cometa-universal\/\" \/>\n<meta property=\"og:locale\" content=\"es_ES\" \/>\n<meta property=\"og:type\" content=\"article\" \/>\n<meta property=\"og:title\" content=\"Barra Universal Kite - SROKA Watersports - Empresa\" \/>\n<meta property=\"og:description\" content=\"La barra de cometa universal SROKa le permite conectarse a pr\u00e1cticamente cualquier cometa. Viene en 2 tama\u00f1os, 50 cm y 55 cm.\" \/>\n<meta property=\"og:url\" content=\"https:\/\/old.srokacompany.com\/es\/produit\/barra-de-cometa-universal\/\" \/>\n<meta property=\"og:site_name\" content=\"SROKA Company\" \/>\n<meta property=\"article:publisher\" content=\"https:\/\/www.facebook.com\/srokawatersports\/\" \/>\n<meta property=\"article:modified_time\" content=\"2025-11-21T16:10:23+00:00\" \/>\n<meta property=\"og:image\" content=\"https:\/\/srokacompany.com\/wp-content\/uploads\/2018\/05\/Kite-bar05.jpg\" \/>\n\t<meta property=\"og:image:width\" content=\"780\" \/>\n\t<meta property=\"og:image:height\" content=\"1040\" \/>\n\t<meta property=\"og:image:type\" content=\"image\/jpeg\" \/>\n<meta name=\"twitter:label1\" content=\"Tiempo de lectura\" \/>\n\t<meta name=\"twitter:data1\" content=\"1 minuto\" \/>\n<script type=\"application\/ld+json\" class=\"yoast-schema-graph\">{\"@context\":\"https:\\\/\\\/schema.org\",\"@graph\":[{\"@type\":\"WebPage\",\"@id\":\"https:\\\/\\\/old.srokacompany.com\\\/es\\\/produit\\\/barra-de-cometa-universal\\\/\",\"url\":\"https:\\\/\\\/old.srokacompany.com\\\/es\\\/produit\\\/barra-de-cometa-universal\\\/\",\"name\":\"Barra Universal Kite - SROKA Watersports - Empresa\",\"isPartOf\":{\"@id\":\"https:\\\/\\\/srokacompany.com\\\/#website\"},\"primaryImageOfPage\":{\"@id\":\"https:\\\/\\\/old.srokacompany.com\\\/es\\\/produit\\\/barra-de-cometa-universal\\\/#primaryimage\"},\"image\":{\"@id\":\"https:\\\/\\\/old.srokacompany.com\\\/es\\\/produit\\\/barra-de-cometa-universal\\\/#primaryimage\"},\"thumbnailUrl\":\"https:\\\/\\\/old.srokacompany.com\\\/wp-content\\\/uploads\\\/2018\\\/05\\\/Kite-bar05.jpg\",\"datePublished\":\"2018-05-23T10:49:01+00:00\",\"dateModified\":\"2025-11-21T16:10:23+00:00\",\"description\":\"La barra de cometa universal SROKa le permite conectarse a pr\u00e1cticamente cualquier cometa. Viene en 2 tama\u00f1os, 50 cm y 55 cm.\",\"breadcrumb\":{\"@id\":\"https:\\\/\\\/old.srokacompany.com\\\/es\\\/produit\\\/barra-de-cometa-universal\\\/#breadcrumb\"},\"inLanguage\":\"es\",\"potentialAction\":[{\"@type\":\"ReadAction\",\"target\":[\"https:\\\/\\\/old.srokacompany.com\\\/es\\\/produit\\\/barra-de-cometa-universal\\\/\"]}]},{\"@type\":\"ImageObject\",\"inLanguage\":\"es\",\"@id\":\"https:\\\/\\\/old.srokacompany.com\\\/es\\\/produit\\\/barra-de-cometa-universal\\\/#primaryimage\",\"url\":\"https:\\\/\\\/old.srokacompany.com\\\/wp-content\\\/uploads\\\/2018\\\/05\\\/Kite-bar05.jpg\",\"contentUrl\":\"https:\\\/\\\/old.srokacompany.com\\\/wp-content\\\/uploads\\\/2018\\\/05\\\/Kite-bar05.jpg\",\"width\":780,\"height\":1040,\"caption\":\"Una barra de kite universal sencilla, s\u00f3lida y ergon\u00f3mica\"},{\"@type\":\"BreadcrumbList\",\"@id\":\"https:\\\/\\\/old.srokacompany.com\\\/es\\\/produit\\\/barra-de-cometa-universal\\\/#breadcrumb\",\"itemListElement\":[{\"@type\":\"ListItem\",\"position\":1,\"name\":\"Accueil\",\"item\":\"https:\\\/\\\/srokacompany.com\\\/es\\\/\"},{\"@type\":\"ListItem\",\"position\":2,\"name\":\"Tienda\",\"item\":\"https:\\\/\\\/srokacompany.com\\\/tienda\\\/\"},{\"@type\":\"ListItem\",\"position\":3,\"name\":\"Barra de cometa universal\"}]},{\"@type\":\"WebSite\",\"@id\":\"https:\\\/\\\/srokacompany.com\\\/#website\",\"url\":\"https:\\\/\\\/srokacompany.com\\\/\",\"name\":\"SROKA Company\",\"description\":\"SUP, Kite, Foil, Wing\",\"publisher\":{\"@id\":\"https:\\\/\\\/srokacompany.com\\\/#organization\"},\"potentialAction\":[{\"@type\":\"SearchAction\",\"target\":{\"@type\":\"EntryPoint\",\"urlTemplate\":\"https:\\\/\\\/srokacompany.com\\\/?s={search_term_string}\"},\"query-input\":{\"@type\":\"PropertyValueSpecification\",\"valueRequired\":true,\"valueName\":\"search_term_string\"}}],\"inLanguage\":\"es\"},{\"@type\":\"Organization\",\"@id\":\"https:\\\/\\\/srokacompany.com\\\/#organization\",\"name\":\"SROKACOMPANY\",\"alternateName\":\"SROKA\",\"url\":\"https:\\\/\\\/srokacompany.com\\\/\",\"logo\":{\"@type\":\"ImageObject\",\"inLanguage\":\"es\",\"@id\":\"https:\\\/\\\/srokacompany.com\\\/#\\\/schema\\\/logo\\\/image\\\/\",\"url\":\"https:\\\/\\\/srokacompany.com\\\/wp-content\\\/uploads\\\/2021\\\/01\\\/logo-sroka-black-transpa.png\",\"contentUrl\":\"https:\\\/\\\/srokacompany.com\\\/wp-content\\\/uploads\\\/2021\\\/01\\\/logo-sroka-black-transpa.png\",\"width\":1201,\"height\":342,\"caption\":\"SROKACOMPANY\"},\"image\":{\"@id\":\"https:\\\/\\\/srokacompany.com\\\/#\\\/schema\\\/logo\\\/image\\\/\"},\"sameAs\":[\"https:\\\/\\\/www.facebook.com\\\/srokawatersports\\\/\",\"https:\\\/\\\/www.instagram.com\\\/srokawatersports\\\/\",\"https:\\\/\\\/www.youtube.com\\\/channel\\\/UCVLHHeaPIm-J5bdEUgxqtZA\"]}]}<\/script>\n<!-- \/ Yoast SEO plugin. -->","yoast_head_json":{"title":"Barra Universal Kite - SROKA Watersports - Empresa","description":"La barra de cometa universal SROKa le permite conectarse a pr\u00e1cticamente cualquier cometa. Viene en 2 tama\u00f1os, 50 cm y 55 cm.","robots":{"index":"index","follow":"follow","max-snippet":"max-snippet:-1","max-image-preview":"max-image-preview:large","max-video-preview":"max-video-preview:-1"},"canonical":"https:\/\/old.srokacompany.com\/es\/produit\/barra-de-cometa-universal\/","og_locale":"es_ES","og_type":"article","og_title":"Barra Universal Kite - SROKA Watersports - Empresa","og_description":"La barra de cometa universal SROKa le permite conectarse a pr\u00e1cticamente cualquier cometa. Viene en 2 tama\u00f1os, 50 cm y 55 cm.","og_url":"https:\/\/old.srokacompany.com\/es\/produit\/barra-de-cometa-universal\/","og_site_name":"SROKA Company","article_publisher":"https:\/\/www.facebook.com\/srokawatersports\/","article_modified_time":"2025-11-21T16:10:23+00:00","og_image":[{"width":780,"height":1040,"url":"https:\/\/srokacompany.com\/wp-content\/uploads\/2018\/05\/Kite-bar05.jpg","type":"image\/jpeg"}],"twitter_misc":{"Tiempo de lectura":"1 minuto"},"schema":{"@context":"https:\/\/schema.org","@graph":[{"@type":"WebPage","@id":"https:\/\/old.srokacompany.com\/es\/produit\/barra-de-cometa-universal\/","url":"https:\/\/old.srokacompany.com\/es\/produit\/barra-de-cometa-universal\/","name":"Barra Universal Kite - SROKA Watersports - Empresa","isPartOf":{"@id":"https:\/\/srokacompany.com\/#website"},"primaryImageOfPage":{"@id":"https:\/\/old.srokacompany.com\/es\/produit\/barra-de-cometa-universal\/#primaryimage"},"image":{"@id":"https:\/\/old.srokacompany.com\/es\/produit\/barra-de-cometa-universal\/#primaryimage"},"thumbnailUrl":"https:\/\/old.srokacompany.com\/wp-content\/uploads\/2018\/05\/Kite-bar05.jpg","datePublished":"2018-05-23T10:49:01+00:00","dateModified":"2025-11-21T16:10:23+00:00","description":"La barra de cometa universal SROKa le permite conectarse a pr\u00e1cticamente cualquier cometa. Viene en 2 tama\u00f1os, 50 cm y 55 cm.","breadcrumb":{"@id":"https:\/\/old.srokacompany.com\/es\/produit\/barra-de-cometa-universal\/#breadcrumb"},"inLanguage":"es","potentialAction":[{"@type":"ReadAction","target":["https:\/\/old.srokacompany.com\/es\/produit\/barra-de-cometa-universal\/"]}]},{"@type":"ImageObject","inLanguage":"es","@id":"https:\/\/old.srokacompany.com\/es\/produit\/barra-de-cometa-universal\/#primaryimage","url":"https:\/\/old.srokacompany.com\/wp-content\/uploads\/2018\/05\/Kite-bar05.jpg","contentUrl":"https:\/\/old.srokacompany.com\/wp-content\/uploads\/2018\/05\/Kite-bar05.jpg","width":780,"height":1040,"caption":"Una barra de kite universal sencilla, s\u00f3lida y ergon\u00f3mica"},{"@type":"BreadcrumbList","@id":"https:\/\/old.srokacompany.com\/es\/produit\/barra-de-cometa-universal\/#breadcrumb","itemListElement":[{"@type":"ListItem","position":1,"name":"Accueil","item":"https:\/\/srokacompany.com\/es\/"},{"@type":"ListItem","position":2,"name":"Tienda","item":"https:\/\/srokacompany.com\/tienda\/"},{"@type":"ListItem","position":3,"name":"Barra de cometa universal"}]},{"@type":"WebSite","@id":"https:\/\/srokacompany.com\/#website","url":"https:\/\/srokacompany.com\/","name":"SROKA Company","description":"SUP, Kite, Foil, Wing","publisher":{"@id":"https:\/\/srokacompany.com\/#organization"},"potentialAction":[{"@type":"SearchAction","target":{"@type":"EntryPoint","urlTemplate":"https:\/\/srokacompany.com\/?s={search_term_string}"},"query-input":{"@type":"PropertyValueSpecification","valueRequired":true,"valueName":"search_term_string"}}],"inLanguage":"es"},{"@type":"Organization","@id":"https:\/\/srokacompany.com\/#organization","name":"SROKACOMPANY","alternateName":"SROKA","url":"https:\/\/srokacompany.com\/","logo":{"@type":"ImageObject","inLanguage":"es","@id":"https:\/\/srokacompany.com\/#\/schema\/logo\/image\/","url":"https:\/\/srokacompany.com\/wp-content\/uploads\/2021\/01\/logo-sroka-black-transpa.png","contentUrl":"https:\/\/srokacompany.com\/wp-content\/uploads\/2021\/01\/logo-sroka-black-transpa.png","width":1201,"height":342,"caption":"SROKACOMPANY"},"image":{"@id":"https:\/\/srokacompany.com\/#\/schema\/logo\/image\/"},"sameAs":["https:\/\/www.facebook.com\/srokawatersports\/","https:\/\/www.instagram.com\/srokawatersports\/","https:\/\/www.youtube.com\/channel\/UCVLHHeaPIm-J5bdEUgxqtZA"]}]}},"uagb_featured_image_src":{"full":["https:\/\/old.srokacompany.com\/wp-content\/uploads\/2018\/05\/Kite-bar05.jpg",780,1040,false],"thumbnail":["https:\/\/old.srokacompany.com\/wp-content\/uploads\/2018\/05\/Kite-bar05-150x150.jpg",150,150,true],"medium":["https:\/\/old.srokacompany.com\/wp-content\/uploads\/2018\/05\/Kite-bar05-225x300.jpg",225,300,true],"medium_large":["https:\/\/old.srokacompany.com\/wp-content\/uploads\/2018\/05\/Kite-bar05-768x1024.jpg",768,1024,true],"large":["https:\/\/old.srokacompany.com\/wp-content\/uploads\/2018\/05\/Kite-bar05-768x1024.jpg",768,1024,true],"1536x1536":["https:\/\/old.srokacompany.com\/wp-content\/uploads\/2018\/05\/Kite-bar05.jpg",780,1040,false],"2048x2048":["https:\/\/old.srokacompany.com\/wp-content\/uploads\/2018\/05\/Kite-bar05.jpg",780,1040,false],"woocommerce_thumbnail":["https:\/\/old.srokacompany.com\/wp-content\/uploads\/2018\/05\/Kite-bar05-600x800.jpg",600,800,true],"woocommerce_single":["https:\/\/old.srokacompany.com\/wp-content\/uploads\/2018\/05\/Kite-bar05-600x800.jpg",600,800,true],"woocommerce_gallery_thumbnail":["https:\/\/old.srokacompany.com\/wp-content\/uploads\/2018\/05\/Kite-bar05-100x100.jpg",100,100,true],"dgwt-wcas-product-suggestion":["https:\/\/old.srokacompany.com\/wp-content\/uploads\/2018\/05\/Kite-bar05.jpg",64,85,false]},"uagb_author_info":{"display_name":"Audrey Triquenaux","author_link":"https:\/\/old.srokacompany.com\/es\/blog\/author\/"},"uagb_comment_info":0,"uagb_excerpt":"La barra de cometa SROKA Universal est\u00e1 preparada para montar con muchas cometas del mercado. Las 4 l\u00edneas son de igual tama\u00f1o, lo que significa que se puede adaptar a casi cualquier cometa del mercado. Labarra de cometa Universal es perfecta para el free riding. Tenemos dos tama\u00f1os de barra de cometa: 50 cm y&hellip;","jetpack_sharing_enabled":true,"_links":{"self":[{"href":"https:\/\/old.srokacompany.com\/es\/wp-json\/wp\/v2\/product\/348161","targetHints":{"allow":["GET"]}}],"collection":[{"href":"https:\/\/old.srokacompany.com\/es\/wp-json\/wp\/v2\/product"}],"about":[{"href":"https:\/\/old.srokacompany.com\/es\/wp-json\/wp\/v2\/types\/product"}],"wp:featuredmedia":[{"embeddable":true,"href":"https:\/\/old.srokacompany.com\/es\/wp-json\/wp\/v2\/media\/348163"}],"wp:attachment":[{"href":"https:\/\/old.srokacompany.com\/es\/wp-json\/wp\/v2\/media?parent=348161"}],"wp:term":[{"taxonomy":"product_brand","embeddable":true,"href":"https:\/\/old.srokacompany.com\/es\/wp-json\/wp\/v2\/product_brand?post=348161"},{"taxonomy":"product_cat","embeddable":true,"href":"https:\/\/old.srokacompany.com\/es\/wp-json\/wp\/v2\/product_cat?post=348161"},{"taxonomy":"product_tag","embeddable":true,"href":"https:\/\/old.srokacompany.com\/es\/wp-json\/wp\/v2\/product_tag?post=348161"}],"curies":[{"name":"wp","href":"https:\/\/api.w.org\/{rel}","templated":true}]}}