{"id":348217,"date":"2018-05-23T09:38:18","date_gmt":"2018-05-23T07:38:18","guid":{"rendered":"https:\/\/srokacompany.com\/produit\/pala-de-aluminio-ajustable-junior\/"},"modified":"2025-06-27T00:05:04","modified_gmt":"2025-06-26T22:05:04","slug":"pala-de-aluminio-ajustable-junior","status":"publish","type":"product","link":"https:\/\/old.srokacompany.com\/es\/produit\/pala-de-aluminio-ajustable-junior\/","title":{"rendered":"Pala de aluminio ajustable Junior"},"content":{"rendered":"<hr>\n<h2>Pala Vario Junior de aluminio<\/h2>\n<p class=\"font_6\">Flexible y ligero, el <strong>remo de aluminio vario junior<\/strong> es el <a href=\"https:\/\/srokacompany.com\/es\/eshop\/tabla-de-paddle-surf\/\">remo hinchable<\/a> ideal para ni\u00f1os de entre 1,20 m y 1,60 m.<\/p>\n<p>Dise\u00f1ado para la pr\u00e1ctica del surf de remo, el eje de la pala est\u00e1 fabricado en aluminio y la hoja en pl\u00e1stico PVC para garantizar la m\u00e1xima facilidad de uso, resistencia y durabilidad. Perfectamente ergon\u00f3mica, su pala peque\u00f1a y el di\u00e1metro reducido del eje se han dise\u00f1ado para adaptarse a los ni\u00f1os peque\u00f1os. Ajustable en altura, esta pala se adapta al tama\u00f1o de los ni\u00f1os y crecer\u00e1 con ellos. Les proporcionar\u00e1 un comienzo suave en el surf de remo y les ayudar\u00e1 a progresar con el paso de los a\u00f1os.     <span class=\"s1\">Este remo de aluminio es ajustable de 140 cm a 180 cm de longitud y tiene una pala de 18 cm.<\/span><\/p>\n<ul>\n<li>Pala Vario<\/li>\n<li>Espuma flotante<\/li>\n<li>Longitud m\u00ednima: 1,40 m &#8211; 1,75 m<\/li>\n<li>Tecnolog\u00eda del mango : Aluminio<\/li>\n<li>Tecnolog\u00eda de la hoja: PVC<\/li>\n<li>Di\u00e1metro del tubo: 2 cm<\/li>\n<li>Peso: 500gr<\/li>\n<\/ul>\n","protected":false},"excerpt":{"rendered":"<p>Flexible y ligero, el <strong>remo de aluminio vario junior<\/strong> es el <a href=\"https:\/\/srokacompany.com\/es\/eshop\/tabla-de-paddle-surf\/\">remo hinchable<\/a> ideal para ni\u00f1os de entre 1,20 m y 1,60 m.<\/p>\n","protected":false},"featured_media":348218,"template":"","meta":{"_acf_changed":false,"_uag_custom_page_level_css":""},"product_brand":[],"product_cat":[3597,3612,3674],"product_tag":[],"class_list":{"0":"post-348217","1":"product","2":"type-product","3":"status-publish","4":"has-post-thumbnail","6":"product_cat-accesorios-de-padel","7":"product_cat-palas-hinchables","8":"product_cat-tabla-de-paddle-surf","9":"product_shipping_class-palas-de-1-y-2-piezas","11":"first","12":"instock","13":"sale","14":"taxable","15":"shipping-taxable","16":"purchasable","17":"product-type-simple"},"acf":[],"yoast_head":"<!-- This site is optimized with the Yoast SEO plugin v27.4 - https:\/\/yoast.com\/product\/yoast-seo-wordpress\/ -->\n<title>Junior Aluminium Vario Paddle - SROKA Watersports - Empresa<\/title>\n<meta name=\"description\" content=\"Pala Junior Vario de aluminio, ideal para que los ni\u00f1os peque\u00f1os se inicien y progresen con un modelo adaptado. Un modelo vario y de aluminio que combina rendimiento y facilidad de uso, todo ello con una gran relaci\u00f3n calidad-precio.\" \/>\n<meta name=\"robots\" content=\"index, follow, max-snippet:-1, max-image-preview:large, max-video-preview:-1\" \/>\n<link rel=\"canonical\" href=\"https:\/\/old.srokacompany.com\/es\/produit\/pala-de-aluminio-ajustable-junior\/\" \/>\n<meta property=\"og:locale\" content=\"es_ES\" \/>\n<meta property=\"og:type\" content=\"article\" \/>\n<meta property=\"og:title\" content=\"Junior Aluminium Vario Paddle - SROKA Watersports - Empresa\" \/>\n<meta property=\"og:description\" content=\"Pala Junior Vario de aluminio, ideal para que los ni\u00f1os peque\u00f1os se inicien y progresen con un modelo adaptado. Un modelo vario y de aluminio que combina rendimiento y facilidad de uso, todo ello con una gran relaci\u00f3n calidad-precio.\" \/>\n<meta property=\"og:url\" content=\"https:\/\/old.srokacompany.com\/es\/produit\/pala-de-aluminio-ajustable-junior\/\" \/>\n<meta property=\"og:site_name\" content=\"SROKA Company\" \/>\n<meta property=\"article:publisher\" content=\"https:\/\/www.facebook.com\/srokawatersports\/\" \/>\n<meta property=\"article:modified_time\" content=\"2025-06-26T22:05:04+00:00\" \/>\n<meta property=\"og:image\" content=\"https:\/\/srokacompany.com\/wp-content\/uploads\/2018\/05\/paddle-kids.jpg\" \/>\n\t<meta property=\"og:image:width\" content=\"780\" \/>\n\t<meta property=\"og:image:height\" content=\"1040\" \/>\n\t<meta property=\"og:image:type\" content=\"image\/jpeg\" \/>\n<meta name=\"twitter:label1\" content=\"Tiempo de lectura\" \/>\n\t<meta name=\"twitter:data1\" content=\"1 minuto\" \/>\n<script type=\"application\/ld+json\" class=\"yoast-schema-graph\">{\"@context\":\"https:\\\/\\\/schema.org\",\"@graph\":[{\"@type\":\"WebPage\",\"@id\":\"https:\\\/\\\/old.srokacompany.com\\\/es\\\/produit\\\/pala-de-aluminio-ajustable-junior\\\/\",\"url\":\"https:\\\/\\\/old.srokacompany.com\\\/es\\\/produit\\\/pala-de-aluminio-ajustable-junior\\\/\",\"name\":\"Junior Aluminium Vario Paddle - SROKA Watersports - Empresa\",\"isPartOf\":{\"@id\":\"https:\\\/\\\/srokacompany.com\\\/#website\"},\"primaryImageOfPage\":{\"@id\":\"https:\\\/\\\/old.srokacompany.com\\\/es\\\/produit\\\/pala-de-aluminio-ajustable-junior\\\/#primaryimage\"},\"image\":{\"@id\":\"https:\\\/\\\/old.srokacompany.com\\\/es\\\/produit\\\/pala-de-aluminio-ajustable-junior\\\/#primaryimage\"},\"thumbnailUrl\":\"https:\\\/\\\/old.srokacompany.com\\\/wp-content\\\/uploads\\\/2018\\\/05\\\/paddle-kids.jpg\",\"datePublished\":\"2018-05-23T07:38:18+00:00\",\"dateModified\":\"2025-06-26T22:05:04+00:00\",\"description\":\"Pala Junior Vario de aluminio, ideal para que los ni\u00f1os peque\u00f1os se inicien y progresen con un modelo adaptado. Un modelo vario y de aluminio que combina rendimiento y facilidad de uso, todo ello con una gran relaci\u00f3n calidad-precio.\",\"breadcrumb\":{\"@id\":\"https:\\\/\\\/old.srokacompany.com\\\/es\\\/produit\\\/pala-de-aluminio-ajustable-junior\\\/#breadcrumb\"},\"inLanguage\":\"es\",\"potentialAction\":[{\"@type\":\"ReadAction\",\"target\":[\"https:\\\/\\\/old.srokacompany.com\\\/es\\\/produit\\\/pala-de-aluminio-ajustable-junior\\\/\"]}]},{\"@type\":\"ImageObject\",\"inLanguage\":\"es\",\"@id\":\"https:\\\/\\\/old.srokacompany.com\\\/es\\\/produit\\\/pala-de-aluminio-ajustable-junior\\\/#primaryimage\",\"url\":\"https:\\\/\\\/old.srokacompany.com\\\/wp-content\\\/uploads\\\/2018\\\/05\\\/paddle-kids.jpg\",\"contentUrl\":\"https:\\\/\\\/old.srokacompany.com\\\/wp-content\\\/uploads\\\/2018\\\/05\\\/paddle-kids.jpg\",\"width\":780,\"height\":1040,\"caption\":\"Pala infantil de aluminio Vario\"},{\"@type\":\"BreadcrumbList\",\"@id\":\"https:\\\/\\\/old.srokacompany.com\\\/es\\\/produit\\\/pala-de-aluminio-ajustable-junior\\\/#breadcrumb\",\"itemListElement\":[{\"@type\":\"ListItem\",\"position\":1,\"name\":\"Accueil\",\"item\":\"https:\\\/\\\/srokacompany.com\\\/es\\\/\"},{\"@type\":\"ListItem\",\"position\":2,\"name\":\"Tienda\",\"item\":\"https:\\\/\\\/srokacompany.com\\\/tienda\\\/\"},{\"@type\":\"ListItem\",\"position\":3,\"name\":\"Pala de aluminio ajustable Junior\"}]},{\"@type\":\"WebSite\",\"@id\":\"https:\\\/\\\/srokacompany.com\\\/#website\",\"url\":\"https:\\\/\\\/srokacompany.com\\\/\",\"name\":\"SROKA Company\",\"description\":\"SUP, Kite, Foil, Wing\",\"publisher\":{\"@id\":\"https:\\\/\\\/srokacompany.com\\\/#organization\"},\"potentialAction\":[{\"@type\":\"SearchAction\",\"target\":{\"@type\":\"EntryPoint\",\"urlTemplate\":\"https:\\\/\\\/srokacompany.com\\\/?s={search_term_string}\"},\"query-input\":{\"@type\":\"PropertyValueSpecification\",\"valueRequired\":true,\"valueName\":\"search_term_string\"}}],\"inLanguage\":\"es\"},{\"@type\":\"Organization\",\"@id\":\"https:\\\/\\\/srokacompany.com\\\/#organization\",\"name\":\"SROKACOMPANY\",\"alternateName\":\"SROKA\",\"url\":\"https:\\\/\\\/srokacompany.com\\\/\",\"logo\":{\"@type\":\"ImageObject\",\"inLanguage\":\"es\",\"@id\":\"https:\\\/\\\/srokacompany.com\\\/#\\\/schema\\\/logo\\\/image\\\/\",\"url\":\"https:\\\/\\\/srokacompany.com\\\/wp-content\\\/uploads\\\/2021\\\/01\\\/logo-sroka-black-transpa.png\",\"contentUrl\":\"https:\\\/\\\/srokacompany.com\\\/wp-content\\\/uploads\\\/2021\\\/01\\\/logo-sroka-black-transpa.png\",\"width\":1201,\"height\":342,\"caption\":\"SROKACOMPANY\"},\"image\":{\"@id\":\"https:\\\/\\\/srokacompany.com\\\/#\\\/schema\\\/logo\\\/image\\\/\"},\"sameAs\":[\"https:\\\/\\\/www.facebook.com\\\/srokawatersports\\\/\",\"https:\\\/\\\/www.instagram.com\\\/srokawatersports\\\/\",\"https:\\\/\\\/www.youtube.com\\\/channel\\\/UCVLHHeaPIm-J5bdEUgxqtZA\"]}]}<\/script>\n<!-- \/ Yoast SEO plugin. -->","yoast_head_json":{"title":"Junior Aluminium Vario Paddle - SROKA Watersports - Empresa","description":"Pala Junior Vario de aluminio, ideal para que los ni\u00f1os peque\u00f1os se inicien y progresen con un modelo adaptado. Un modelo vario y de aluminio que combina rendimiento y facilidad de uso, todo ello con una gran relaci\u00f3n calidad-precio.","robots":{"index":"index","follow":"follow","max-snippet":"max-snippet:-1","max-image-preview":"max-image-preview:large","max-video-preview":"max-video-preview:-1"},"canonical":"https:\/\/old.srokacompany.com\/es\/produit\/pala-de-aluminio-ajustable-junior\/","og_locale":"es_ES","og_type":"article","og_title":"Junior Aluminium Vario Paddle - SROKA Watersports - Empresa","og_description":"Pala Junior Vario de aluminio, ideal para que los ni\u00f1os peque\u00f1os se inicien y progresen con un modelo adaptado. Un modelo vario y de aluminio que combina rendimiento y facilidad de uso, todo ello con una gran relaci\u00f3n calidad-precio.","og_url":"https:\/\/old.srokacompany.com\/es\/produit\/pala-de-aluminio-ajustable-junior\/","og_site_name":"SROKA Company","article_publisher":"https:\/\/www.facebook.com\/srokawatersports\/","article_modified_time":"2025-06-26T22:05:04+00:00","og_image":[{"width":780,"height":1040,"url":"https:\/\/srokacompany.com\/wp-content\/uploads\/2018\/05\/paddle-kids.jpg","type":"image\/jpeg"}],"twitter_misc":{"Tiempo de lectura":"1 minuto"},"schema":{"@context":"https:\/\/schema.org","@graph":[{"@type":"WebPage","@id":"https:\/\/old.srokacompany.com\/es\/produit\/pala-de-aluminio-ajustable-junior\/","url":"https:\/\/old.srokacompany.com\/es\/produit\/pala-de-aluminio-ajustable-junior\/","name":"Junior Aluminium Vario Paddle - SROKA Watersports - Empresa","isPartOf":{"@id":"https:\/\/srokacompany.com\/#website"},"primaryImageOfPage":{"@id":"https:\/\/old.srokacompany.com\/es\/produit\/pala-de-aluminio-ajustable-junior\/#primaryimage"},"image":{"@id":"https:\/\/old.srokacompany.com\/es\/produit\/pala-de-aluminio-ajustable-junior\/#primaryimage"},"thumbnailUrl":"https:\/\/old.srokacompany.com\/wp-content\/uploads\/2018\/05\/paddle-kids.jpg","datePublished":"2018-05-23T07:38:18+00:00","dateModified":"2025-06-26T22:05:04+00:00","description":"Pala Junior Vario de aluminio, ideal para que los ni\u00f1os peque\u00f1os se inicien y progresen con un modelo adaptado. Un modelo vario y de aluminio que combina rendimiento y facilidad de uso, todo ello con una gran relaci\u00f3n calidad-precio.","breadcrumb":{"@id":"https:\/\/old.srokacompany.com\/es\/produit\/pala-de-aluminio-ajustable-junior\/#breadcrumb"},"inLanguage":"es","potentialAction":[{"@type":"ReadAction","target":["https:\/\/old.srokacompany.com\/es\/produit\/pala-de-aluminio-ajustable-junior\/"]}]},{"@type":"ImageObject","inLanguage":"es","@id":"https:\/\/old.srokacompany.com\/es\/produit\/pala-de-aluminio-ajustable-junior\/#primaryimage","url":"https:\/\/old.srokacompany.com\/wp-content\/uploads\/2018\/05\/paddle-kids.jpg","contentUrl":"https:\/\/old.srokacompany.com\/wp-content\/uploads\/2018\/05\/paddle-kids.jpg","width":780,"height":1040,"caption":"Pala infantil de aluminio Vario"},{"@type":"BreadcrumbList","@id":"https:\/\/old.srokacompany.com\/es\/produit\/pala-de-aluminio-ajustable-junior\/#breadcrumb","itemListElement":[{"@type":"ListItem","position":1,"name":"Accueil","item":"https:\/\/srokacompany.com\/es\/"},{"@type":"ListItem","position":2,"name":"Tienda","item":"https:\/\/srokacompany.com\/tienda\/"},{"@type":"ListItem","position":3,"name":"Pala de aluminio ajustable Junior"}]},{"@type":"WebSite","@id":"https:\/\/srokacompany.com\/#website","url":"https:\/\/srokacompany.com\/","name":"SROKA Company","description":"SUP, Kite, Foil, Wing","publisher":{"@id":"https:\/\/srokacompany.com\/#organization"},"potentialAction":[{"@type":"SearchAction","target":{"@type":"EntryPoint","urlTemplate":"https:\/\/srokacompany.com\/?s={search_term_string}"},"query-input":{"@type":"PropertyValueSpecification","valueRequired":true,"valueName":"search_term_string"}}],"inLanguage":"es"},{"@type":"Organization","@id":"https:\/\/srokacompany.com\/#organization","name":"SROKACOMPANY","alternateName":"SROKA","url":"https:\/\/srokacompany.com\/","logo":{"@type":"ImageObject","inLanguage":"es","@id":"https:\/\/srokacompany.com\/#\/schema\/logo\/image\/","url":"https:\/\/srokacompany.com\/wp-content\/uploads\/2021\/01\/logo-sroka-black-transpa.png","contentUrl":"https:\/\/srokacompany.com\/wp-content\/uploads\/2021\/01\/logo-sroka-black-transpa.png","width":1201,"height":342,"caption":"SROKACOMPANY"},"image":{"@id":"https:\/\/srokacompany.com\/#\/schema\/logo\/image\/"},"sameAs":["https:\/\/www.facebook.com\/srokawatersports\/","https:\/\/www.instagram.com\/srokawatersports\/","https:\/\/www.youtube.com\/channel\/UCVLHHeaPIm-J5bdEUgxqtZA"]}]}},"uagb_featured_image_src":{"full":["https:\/\/old.srokacompany.com\/wp-content\/uploads\/2018\/05\/paddle-kids.jpg",780,1040,false],"thumbnail":["https:\/\/old.srokacompany.com\/wp-content\/uploads\/2018\/05\/paddle-kids-150x150.jpg",150,150,true],"medium":["https:\/\/old.srokacompany.com\/wp-content\/uploads\/2018\/05\/paddle-kids-225x300.jpg",225,300,true],"medium_large":["https:\/\/old.srokacompany.com\/wp-content\/uploads\/2018\/05\/paddle-kids-768x1024.jpg",768,1024,true],"large":["https:\/\/old.srokacompany.com\/wp-content\/uploads\/2018\/05\/paddle-kids-768x1024.jpg",768,1024,true],"1536x1536":["https:\/\/old.srokacompany.com\/wp-content\/uploads\/2018\/05\/paddle-kids.jpg",780,1040,false],"2048x2048":["https:\/\/old.srokacompany.com\/wp-content\/uploads\/2018\/05\/paddle-kids.jpg",780,1040,false],"woocommerce_thumbnail":["https:\/\/old.srokacompany.com\/wp-content\/uploads\/2018\/05\/paddle-kids-600x800.jpg",600,800,true],"woocommerce_single":["https:\/\/old.srokacompany.com\/wp-content\/uploads\/2018\/05\/paddle-kids-600x800.jpg",600,800,true],"woocommerce_gallery_thumbnail":["https:\/\/old.srokacompany.com\/wp-content\/uploads\/2018\/05\/paddle-kids-100x100.jpg",100,100,true],"dgwt-wcas-product-suggestion":["https:\/\/old.srokacompany.com\/wp-content\/uploads\/2018\/05\/paddle-kids.jpg",64,85,false]},"uagb_author_info":{"display_name":"Audrey Triquenaux","author_link":"https:\/\/old.srokacompany.com\/es\/blog\/author\/"},"uagb_comment_info":0,"uagb_excerpt":"Flexible y ligero, el remo de aluminio vario junior es el remo hinchable ideal para ni\u00f1os de entre 1,20 m y 1,60 m.","jetpack_sharing_enabled":true,"_links":{"self":[{"href":"https:\/\/old.srokacompany.com\/es\/wp-json\/wp\/v2\/product\/348217","targetHints":{"allow":["GET"]}}],"collection":[{"href":"https:\/\/old.srokacompany.com\/es\/wp-json\/wp\/v2\/product"}],"about":[{"href":"https:\/\/old.srokacompany.com\/es\/wp-json\/wp\/v2\/types\/product"}],"wp:featuredmedia":[{"embeddable":true,"href":"https:\/\/old.srokacompany.com\/es\/wp-json\/wp\/v2\/media\/348218"}],"wp:attachment":[{"href":"https:\/\/old.srokacompany.com\/es\/wp-json\/wp\/v2\/media?parent=348217"}],"wp:term":[{"taxonomy":"product_brand","embeddable":true,"href":"https:\/\/old.srokacompany.com\/es\/wp-json\/wp\/v2\/product_brand?post=348217"},{"taxonomy":"product_cat","embeddable":true,"href":"https:\/\/old.srokacompany.com\/es\/wp-json\/wp\/v2\/product_cat?post=348217"},{"taxonomy":"product_tag","embeddable":true,"href":"https:\/\/old.srokacompany.com\/es\/wp-json\/wp\/v2\/product_tag?post=348217"}],"curies":[{"name":"wp","href":"https:\/\/api.w.org\/{rel}","templated":true}]}}