{"id":348353,"date":"2018-09-06T14:21:33","date_gmt":"2018-09-06T12:21:33","guid":{"rendered":"https:\/\/srokacompany.com\/produit\/funda-protectora-para-laminas\/"},"modified":"2025-06-27T00:06:55","modified_gmt":"2025-06-26T22:06:55","slug":"funda-protectora-para-laminas","status":"publish","type":"product","link":"https:\/\/old.srokacompany.com\/es\/produit\/funda-protectora-para-laminas\/","title":{"rendered":"Funda protectora para l\u00e1minas"},"content":{"rendered":"<hr>\n<p>Esta funda protectora para S Foil, Wind foil y Kite foil es la bolsa de transporte perfecta para transportar y proteger tus foils. Ofrece varios compartimentos y \u00e1reas de almacenamiento reforzadas para el m\u00e1stil, el ala, el fuselaje y para la pu\u00f1alada trasera, una vez que se ha desmontado el foil.  Gracias a su refuerzo de espuma, tus foils estar\u00e1n protegidos de los peque\u00f1os golpes del transporte diario. Pu\u00f1o de transporte de neopreno para mayor comodidad, gran cremallera de pl\u00e1stico para proteger contra la oxidaci\u00f3n. Longitud: 107 cm Espuma exterior: 7 mm Espuma interior: 5 mm Peso: 500 gramos<\/p>\n","protected":false},"excerpt":{"rendered":"<hr>\n<p>Esta funda protectora para S Foil, Wind foil y Kite foil es la bolsa de transporte perfecta para transportar y proteger tus foils. Ofrece varios compartimentos y \u00e1reas de almacenamiento reforzadas para el m\u00e1stil, el ala, el fuselaje y para la pu\u00f1alada trasera, una vez que se ha desmontado el foil.  Gracias a su refuerzo de espuma, tus foils estar\u00e1n protegidos de los peque\u00f1os golpes del transporte diario. Pu\u00f1o de transporte de neopreno para mayor comodidad, gran cremallera de pl\u00e1stico para proteger contra la oxidaci\u00f3n. Longitud: 107 cm Espuma exterior: 7 mm Espuma interior: 5 mm Peso: 500 gramos<\/p>\n","protected":false},"featured_media":348354,"template":"","meta":{"_acf_changed":false,"_uag_custom_page_level_css":""},"product_brand":[],"product_cat":[3584,3583,3660,3480,3444],"product_tag":[],"class_list":{"0":"post-348353","1":"product","2":"type-product","3":"status-publish","4":"has-post-thumbnail","6":"product_cat-accesorios-de-surf-foil","7":"product_cat-accesorios-foil","8":"product_cat-cubierta-de-ala-foil","9":"product_cat-foil-es","10":"product_cat-wing-foil-es","11":"product_shipping_class-bombas-equipaje","13":"first","14":"outofstock","15":"taxable","16":"shipping-taxable","17":"purchasable","18":"product-type-simple"},"acf":[],"yoast_head":"<!-- This site is optimized with the Yoast SEO plugin v27.4 - https:\/\/yoast.com\/product\/yoast-seo-wordpress\/ -->\n<title>Funda protectora para foils - SROKA Company - Watersports<\/title>\n<meta name=\"description\" content=\"Funda protectora para l\u00e1minas - Bolsa perfecta para transportar y proteger sus l\u00e1minas. Dispone de varios compartimentos y zonas de almacenamiento\" \/>\n<meta name=\"robots\" content=\"index, follow, max-snippet:-1, max-image-preview:large, max-video-preview:-1\" \/>\n<link rel=\"canonical\" href=\"https:\/\/old.srokacompany.com\/es\/produit\/funda-protectora-para-laminas\/\" \/>\n<meta property=\"og:locale\" content=\"es_ES\" \/>\n<meta property=\"og:type\" content=\"article\" \/>\n<meta property=\"og:title\" content=\"Funda protectora para foils - SROKA Company - Watersports\" \/>\n<meta property=\"og:description\" content=\"Funda protectora para l\u00e1minas - Bolsa perfecta para transportar y proteger sus l\u00e1minas. Dispone de varios compartimentos y zonas de almacenamiento\" \/>\n<meta property=\"og:url\" content=\"https:\/\/old.srokacompany.com\/es\/produit\/funda-protectora-para-laminas\/\" \/>\n<meta property=\"og:site_name\" content=\"SROKA Company\" \/>\n<meta property=\"article:publisher\" content=\"https:\/\/www.facebook.com\/srokawatersports\/\" \/>\n<meta property=\"article:modified_time\" content=\"2025-06-26T22:06:55+00:00\" \/>\n<meta property=\"og:image\" content=\"https:\/\/srokacompany.com\/wp-content\/uploads\/2018\/09\/Valise-de-transport-foil.jpg\" \/>\n\t<meta property=\"og:image:width\" content=\"780\" \/>\n\t<meta property=\"og:image:height\" content=\"1040\" \/>\n\t<meta property=\"og:image:type\" content=\"image\/jpeg\" \/>\n<meta name=\"twitter:label1\" content=\"Tiempo de lectura\" \/>\n\t<meta name=\"twitter:data1\" content=\"1 minuto\" \/>\n<script type=\"application\/ld+json\" class=\"yoast-schema-graph\">{\"@context\":\"https:\\\/\\\/schema.org\",\"@graph\":[{\"@type\":\"WebPage\",\"@id\":\"https:\\\/\\\/old.srokacompany.com\\\/es\\\/produit\\\/funda-protectora-para-laminas\\\/\",\"url\":\"https:\\\/\\\/old.srokacompany.com\\\/es\\\/produit\\\/funda-protectora-para-laminas\\\/\",\"name\":\"Funda protectora para foils - SROKA Company - Watersports\",\"isPartOf\":{\"@id\":\"https:\\\/\\\/srokacompany.com\\\/#website\"},\"primaryImageOfPage\":{\"@id\":\"https:\\\/\\\/old.srokacompany.com\\\/es\\\/produit\\\/funda-protectora-para-laminas\\\/#primaryimage\"},\"image\":{\"@id\":\"https:\\\/\\\/old.srokacompany.com\\\/es\\\/produit\\\/funda-protectora-para-laminas\\\/#primaryimage\"},\"thumbnailUrl\":\"https:\\\/\\\/old.srokacompany.com\\\/wp-content\\\/uploads\\\/2018\\\/09\\\/Valise-de-transport-foil.jpg\",\"datePublished\":\"2018-09-06T12:21:33+00:00\",\"dateModified\":\"2025-06-26T22:06:55+00:00\",\"description\":\"Funda protectora para l\u00e1minas - Bolsa perfecta para transportar y proteger sus l\u00e1minas. Dispone de varios compartimentos y zonas de almacenamiento\",\"breadcrumb\":{\"@id\":\"https:\\\/\\\/old.srokacompany.com\\\/es\\\/produit\\\/funda-protectora-para-laminas\\\/#breadcrumb\"},\"inLanguage\":\"es\",\"potentialAction\":[{\"@type\":\"ReadAction\",\"target\":[\"https:\\\/\\\/old.srokacompany.com\\\/es\\\/produit\\\/funda-protectora-para-laminas\\\/\"]}]},{\"@type\":\"ImageObject\",\"inLanguage\":\"es\",\"@id\":\"https:\\\/\\\/old.srokacompany.com\\\/es\\\/produit\\\/funda-protectora-para-laminas\\\/#primaryimage\",\"url\":\"https:\\\/\\\/old.srokacompany.com\\\/wp-content\\\/uploads\\\/2018\\\/09\\\/Valise-de-transport-foil.jpg\",\"contentUrl\":\"https:\\\/\\\/old.srokacompany.com\\\/wp-content\\\/uploads\\\/2018\\\/09\\\/Valise-de-transport-foil.jpg\",\"width\":780,\"height\":1040,\"caption\":\"Malet\u00edn de transporte para foil aluminio y carbono Sroka Company\"},{\"@type\":\"BreadcrumbList\",\"@id\":\"https:\\\/\\\/old.srokacompany.com\\\/es\\\/produit\\\/funda-protectora-para-laminas\\\/#breadcrumb\",\"itemListElement\":[{\"@type\":\"ListItem\",\"position\":1,\"name\":\"Accueil\",\"item\":\"https:\\\/\\\/srokacompany.com\\\/es\\\/\"},{\"@type\":\"ListItem\",\"position\":2,\"name\":\"Tienda\",\"item\":\"https:\\\/\\\/srokacompany.com\\\/tienda\\\/\"},{\"@type\":\"ListItem\",\"position\":3,\"name\":\"Funda protectora para l\u00e1minas\"}]},{\"@type\":\"WebSite\",\"@id\":\"https:\\\/\\\/srokacompany.com\\\/#website\",\"url\":\"https:\\\/\\\/srokacompany.com\\\/\",\"name\":\"SROKA Company\",\"description\":\"SUP, Kite, Foil, Wing\",\"publisher\":{\"@id\":\"https:\\\/\\\/srokacompany.com\\\/#organization\"},\"potentialAction\":[{\"@type\":\"SearchAction\",\"target\":{\"@type\":\"EntryPoint\",\"urlTemplate\":\"https:\\\/\\\/srokacompany.com\\\/?s={search_term_string}\"},\"query-input\":{\"@type\":\"PropertyValueSpecification\",\"valueRequired\":true,\"valueName\":\"search_term_string\"}}],\"inLanguage\":\"es\"},{\"@type\":\"Organization\",\"@id\":\"https:\\\/\\\/srokacompany.com\\\/#organization\",\"name\":\"SROKACOMPANY\",\"alternateName\":\"SROKA\",\"url\":\"https:\\\/\\\/srokacompany.com\\\/\",\"logo\":{\"@type\":\"ImageObject\",\"inLanguage\":\"es\",\"@id\":\"https:\\\/\\\/srokacompany.com\\\/#\\\/schema\\\/logo\\\/image\\\/\",\"url\":\"https:\\\/\\\/srokacompany.com\\\/wp-content\\\/uploads\\\/2021\\\/01\\\/logo-sroka-black-transpa.png\",\"contentUrl\":\"https:\\\/\\\/srokacompany.com\\\/wp-content\\\/uploads\\\/2021\\\/01\\\/logo-sroka-black-transpa.png\",\"width\":1201,\"height\":342,\"caption\":\"SROKACOMPANY\"},\"image\":{\"@id\":\"https:\\\/\\\/srokacompany.com\\\/#\\\/schema\\\/logo\\\/image\\\/\"},\"sameAs\":[\"https:\\\/\\\/www.facebook.com\\\/srokawatersports\\\/\",\"https:\\\/\\\/www.instagram.com\\\/srokawatersports\\\/\",\"https:\\\/\\\/www.youtube.com\\\/channel\\\/UCVLHHeaPIm-J5bdEUgxqtZA\"]}]}<\/script>\n<!-- \/ Yoast SEO plugin. -->","yoast_head_json":{"title":"Funda protectora para foils - SROKA Company - Watersports","description":"Funda protectora para l\u00e1minas - Bolsa perfecta para transportar y proteger sus l\u00e1minas. Dispone de varios compartimentos y zonas de almacenamiento","robots":{"index":"index","follow":"follow","max-snippet":"max-snippet:-1","max-image-preview":"max-image-preview:large","max-video-preview":"max-video-preview:-1"},"canonical":"https:\/\/old.srokacompany.com\/es\/produit\/funda-protectora-para-laminas\/","og_locale":"es_ES","og_type":"article","og_title":"Funda protectora para foils - SROKA Company - Watersports","og_description":"Funda protectora para l\u00e1minas - Bolsa perfecta para transportar y proteger sus l\u00e1minas. Dispone de varios compartimentos y zonas de almacenamiento","og_url":"https:\/\/old.srokacompany.com\/es\/produit\/funda-protectora-para-laminas\/","og_site_name":"SROKA Company","article_publisher":"https:\/\/www.facebook.com\/srokawatersports\/","article_modified_time":"2025-06-26T22:06:55+00:00","og_image":[{"width":780,"height":1040,"url":"https:\/\/srokacompany.com\/wp-content\/uploads\/2018\/09\/Valise-de-transport-foil.jpg","type":"image\/jpeg"}],"twitter_misc":{"Tiempo de lectura":"1 minuto"},"schema":{"@context":"https:\/\/schema.org","@graph":[{"@type":"WebPage","@id":"https:\/\/old.srokacompany.com\/es\/produit\/funda-protectora-para-laminas\/","url":"https:\/\/old.srokacompany.com\/es\/produit\/funda-protectora-para-laminas\/","name":"Funda protectora para foils - SROKA Company - Watersports","isPartOf":{"@id":"https:\/\/srokacompany.com\/#website"},"primaryImageOfPage":{"@id":"https:\/\/old.srokacompany.com\/es\/produit\/funda-protectora-para-laminas\/#primaryimage"},"image":{"@id":"https:\/\/old.srokacompany.com\/es\/produit\/funda-protectora-para-laminas\/#primaryimage"},"thumbnailUrl":"https:\/\/old.srokacompany.com\/wp-content\/uploads\/2018\/09\/Valise-de-transport-foil.jpg","datePublished":"2018-09-06T12:21:33+00:00","dateModified":"2025-06-26T22:06:55+00:00","description":"Funda protectora para l\u00e1minas - Bolsa perfecta para transportar y proteger sus l\u00e1minas. Dispone de varios compartimentos y zonas de almacenamiento","breadcrumb":{"@id":"https:\/\/old.srokacompany.com\/es\/produit\/funda-protectora-para-laminas\/#breadcrumb"},"inLanguage":"es","potentialAction":[{"@type":"ReadAction","target":["https:\/\/old.srokacompany.com\/es\/produit\/funda-protectora-para-laminas\/"]}]},{"@type":"ImageObject","inLanguage":"es","@id":"https:\/\/old.srokacompany.com\/es\/produit\/funda-protectora-para-laminas\/#primaryimage","url":"https:\/\/old.srokacompany.com\/wp-content\/uploads\/2018\/09\/Valise-de-transport-foil.jpg","contentUrl":"https:\/\/old.srokacompany.com\/wp-content\/uploads\/2018\/09\/Valise-de-transport-foil.jpg","width":780,"height":1040,"caption":"Malet\u00edn de transporte para foil aluminio y carbono Sroka Company"},{"@type":"BreadcrumbList","@id":"https:\/\/old.srokacompany.com\/es\/produit\/funda-protectora-para-laminas\/#breadcrumb","itemListElement":[{"@type":"ListItem","position":1,"name":"Accueil","item":"https:\/\/srokacompany.com\/es\/"},{"@type":"ListItem","position":2,"name":"Tienda","item":"https:\/\/srokacompany.com\/tienda\/"},{"@type":"ListItem","position":3,"name":"Funda protectora para l\u00e1minas"}]},{"@type":"WebSite","@id":"https:\/\/srokacompany.com\/#website","url":"https:\/\/srokacompany.com\/","name":"SROKA Company","description":"SUP, Kite, Foil, Wing","publisher":{"@id":"https:\/\/srokacompany.com\/#organization"},"potentialAction":[{"@type":"SearchAction","target":{"@type":"EntryPoint","urlTemplate":"https:\/\/srokacompany.com\/?s={search_term_string}"},"query-input":{"@type":"PropertyValueSpecification","valueRequired":true,"valueName":"search_term_string"}}],"inLanguage":"es"},{"@type":"Organization","@id":"https:\/\/srokacompany.com\/#organization","name":"SROKACOMPANY","alternateName":"SROKA","url":"https:\/\/srokacompany.com\/","logo":{"@type":"ImageObject","inLanguage":"es","@id":"https:\/\/srokacompany.com\/#\/schema\/logo\/image\/","url":"https:\/\/srokacompany.com\/wp-content\/uploads\/2021\/01\/logo-sroka-black-transpa.png","contentUrl":"https:\/\/srokacompany.com\/wp-content\/uploads\/2021\/01\/logo-sroka-black-transpa.png","width":1201,"height":342,"caption":"SROKACOMPANY"},"image":{"@id":"https:\/\/srokacompany.com\/#\/schema\/logo\/image\/"},"sameAs":["https:\/\/www.facebook.com\/srokawatersports\/","https:\/\/www.instagram.com\/srokawatersports\/","https:\/\/www.youtube.com\/channel\/UCVLHHeaPIm-J5bdEUgxqtZA"]}]}},"uagb_featured_image_src":{"full":["https:\/\/old.srokacompany.com\/wp-content\/uploads\/2018\/09\/Valise-de-transport-foil.jpg",780,1040,false],"thumbnail":["https:\/\/old.srokacompany.com\/wp-content\/uploads\/2018\/09\/Valise-de-transport-foil-150x150.jpg",150,150,true],"medium":["https:\/\/old.srokacompany.com\/wp-content\/uploads\/2018\/09\/Valise-de-transport-foil-225x300.jpg",225,300,true],"medium_large":["https:\/\/old.srokacompany.com\/wp-content\/uploads\/2018\/09\/Valise-de-transport-foil-768x1024.jpg",768,1024,true],"large":["https:\/\/old.srokacompany.com\/wp-content\/uploads\/2018\/09\/Valise-de-transport-foil-768x1024.jpg",768,1024,true],"1536x1536":["https:\/\/old.srokacompany.com\/wp-content\/uploads\/2018\/09\/Valise-de-transport-foil.jpg",780,1040,false],"2048x2048":["https:\/\/old.srokacompany.com\/wp-content\/uploads\/2018\/09\/Valise-de-transport-foil.jpg",780,1040,false],"woocommerce_thumbnail":["https:\/\/old.srokacompany.com\/wp-content\/uploads\/2018\/09\/Valise-de-transport-foil-600x800.jpg",600,800,true],"woocommerce_single":["https:\/\/old.srokacompany.com\/wp-content\/uploads\/2018\/09\/Valise-de-transport-foil-600x800.jpg",600,800,true],"woocommerce_gallery_thumbnail":["https:\/\/old.srokacompany.com\/wp-content\/uploads\/2018\/09\/Valise-de-transport-foil-100x100.jpg",100,100,true],"dgwt-wcas-product-suggestion":["https:\/\/old.srokacompany.com\/wp-content\/uploads\/2018\/09\/Valise-de-transport-foil.jpg",64,85,false]},"uagb_author_info":{"display_name":"Bruno Sroka","author_link":"https:\/\/old.srokacompany.com\/es\/blog\/author\/"},"uagb_comment_info":0,"uagb_excerpt":"Esta funda protectora para S Foil, Wind foil y Kite foil es la bolsa de transporte perfecta para transportar y proteger tus foils. Ofrece varios compartimentos y \u00e1reas de almacenamiento reforzadas para el m\u00e1stil, el ala, el fuselaje y para la pu\u00f1alada trasera, una vez que se ha desmontado el foil. Gracias a su refuerzo&hellip;","jetpack_sharing_enabled":true,"_links":{"self":[{"href":"https:\/\/old.srokacompany.com\/es\/wp-json\/wp\/v2\/product\/348353","targetHints":{"allow":["GET"]}}],"collection":[{"href":"https:\/\/old.srokacompany.com\/es\/wp-json\/wp\/v2\/product"}],"about":[{"href":"https:\/\/old.srokacompany.com\/es\/wp-json\/wp\/v2\/types\/product"}],"wp:featuredmedia":[{"embeddable":true,"href":"https:\/\/old.srokacompany.com\/es\/wp-json\/wp\/v2\/media\/348354"}],"wp:attachment":[{"href":"https:\/\/old.srokacompany.com\/es\/wp-json\/wp\/v2\/media?parent=348353"}],"wp:term":[{"taxonomy":"product_brand","embeddable":true,"href":"https:\/\/old.srokacompany.com\/es\/wp-json\/wp\/v2\/product_brand?post=348353"},{"taxonomy":"product_cat","embeddable":true,"href":"https:\/\/old.srokacompany.com\/es\/wp-json\/wp\/v2\/product_cat?post=348353"},{"taxonomy":"product_tag","embeddable":true,"href":"https:\/\/old.srokacompany.com\/es\/wp-json\/wp\/v2\/product_tag?post=348353"}],"curies":[{"name":"wp","href":"https:\/\/api.w.org\/{rel}","templated":true}]}}